{"id":3453,"date":"2017-05-30T08:30:32","date_gmt":"2017-05-30T12:30:32","guid":{"rendered":"https:\/\/carleton.ca\/3ci\/?page_id=3453"},"modified":"2018-01-25T15:40:40","modified_gmt":"2018-01-25T20:40:40","slug":"ontario-social-enterprise-impact","status":"publish","type":"page","link":"https:\/\/carleton.ca\/3ci\/projects-and-initiatives\/ontario-social-enterprise-impact\/","title":{"rendered":"Ontario Social Enterprise Impact Measurement"},"content":{"rendered":"<p><\/p>\n<h3><span style=\"font-family: 'Calibri',sans-serif; color: black;\">What Ontario Social Enterprises have to say:<\/span><\/h3>\n<p><span style=\"font-family: 'Calibri',sans-serif; color: black;\">\u00a0<\/span><\/p>\n<p><span style=\"font-family: 'Calibri',sans-serif; color: black;\">3ci and community partners talked to Ontario Social Enterprises about the Impact Measurement Task Force.\u00a0 Read what they had to say:<\/span><\/p>\n<p><span style=\"font-family: 'Calibri',sans-serif; color: black;\"><a href=\"https:\/\/carleton.ca\/3ci\/wp-content\/uploads\/Ontario-Social-Enterprises-Insights-on-a-path-forward.pdf\"><img decoding=\"async\" loading=\"lazy\" class=\"aligncenter size-large wp-image-3576\" src=\"https:\/\/carleton.ca\/3ci\/wp-content\/uploads\/Report-English-400x99.png\" alt=\"\" width=\"400\" height=\"99\" srcset=\"https:\/\/carleton.ca\/3ci\/wp-content\/uploads\/Report-English-400x99.png 400w, https:\/\/carleton.ca\/3ci\/wp-content\/uploads\/Report-English-160x40.png 160w, https:\/\/carleton.ca\/3ci\/wp-content\/uploads\/Report-English-240x60.png 240w, https:\/\/carleton.ca\/3ci\/wp-content\/uploads\/Report-English-768x191.png 768w, https:\/\/carleton.ca\/3ci\/wp-content\/uploads\/Report-English-360x89.png 360w, https:\/\/carleton.ca\/3ci\/wp-content\/uploads\/Report-English.png 1432w\" sizes=\"(max-width: 400px) 100vw, 400px\" \/><\/a><\/span><\/p>\n<p><\/p>\n<p><span style=\"font-family: 'Calibri',sans-serif; color: black;\"><a href=\"https:\/\/carleton.ca\/3ci\/wp-content\/uploads\/Entreprises-sociales-de-lOntario-fin-1Aper\u00e7u-d\u2019une-voie-\u00e0-suivre.pdf\"><img decoding=\"async\" loading=\"lazy\" class=\"aligncenter wp-image-3577 size-large\" src=\"https:\/\/carleton.ca\/3ci\/wp-content\/uploads\/Report-French-400x98.png\" alt=\"\" width=\"400\" height=\"98\" srcset=\"https:\/\/carleton.ca\/3ci\/wp-content\/uploads\/Report-French-400x98.png 400w, https:\/\/carleton.ca\/3ci\/wp-content\/uploads\/Report-French-160x39.png 160w, https:\/\/carleton.ca\/3ci\/wp-content\/uploads\/Report-French-240x59.png 240w, https:\/\/carleton.ca\/3ci\/wp-content\/uploads\/Report-French-768x187.png 768w, https:\/\/carleton.ca\/3ci\/wp-content\/uploads\/Report-French-360x88.png 360w, https:\/\/carleton.ca\/3ci\/wp-content\/uploads\/Report-French.png 1332w\" sizes=\"(max-width: 400px) 100vw, 400px\" \/><\/a><\/span><\/p>\n<p><\/p>\n<p><\/p>\n<p><\/p>\n<h3>Background on the Task Force<\/h3>\n<table class=\" alignleft\" style=\"height: 309px; width: 720.917px;\">\n<tbody>\n<tr>\n<td style=\"width: 20px;\" colspan=\"2\"><a href=\"https:\/\/carleton.ca\/3ci\/wp-content\/uploads\/IM-TF-Action-Plan-Report-ENGLISH.pdf\"><img decoding=\"async\" loading=\"lazy\" class=\"alignleft wp-image-3506 size-medium\" src=\"https:\/\/carleton.ca\/3ci\/wp-content\/uploads\/English3-240x312.jpg\" alt=\"\" width=\"240\" height=\"312\" srcset=\"https:\/\/carleton.ca\/3ci\/wp-content\/uploads\/English3-240x312.jpg 240w, https:\/\/carleton.ca\/3ci\/wp-content\/uploads\/English3-160x208.jpg 160w, https:\/\/carleton.ca\/3ci\/wp-content\/uploads\/English3-400x520.jpg 400w, https:\/\/carleton.ca\/3ci\/wp-content\/uploads\/English3-360x468.jpg 360w, https:\/\/carleton.ca\/3ci\/wp-content\/uploads\/English3.jpg 655w\" sizes=\"(max-width: 240px) 100vw, 240px\" \/><\/a><a href=\"https:\/\/carleton.ca\/3ci\/wp-content\/uploads\/IM-TF-Action-Plan-Report-FRENCH.pdf\"><img decoding=\"async\" loading=\"lazy\" class=\"alignright wp-image-3481 size-medium\" src=\"https:\/\/carleton.ca\/3ci\/wp-content\/uploads\/French-240x310.jpg\" alt=\"\" width=\"240\" height=\"310\" srcset=\"https:\/\/carleton.ca\/3ci\/wp-content\/uploads\/French-240x310.jpg 240w, https:\/\/carleton.ca\/3ci\/wp-content\/uploads\/French-160x207.jpg 160w, https:\/\/carleton.ca\/3ci\/wp-content\/uploads\/French-400x517.jpg 400w, https:\/\/carleton.ca\/3ci\/wp-content\/uploads\/French-360x465.jpg 360w, https:\/\/carleton.ca\/3ci\/wp-content\/uploads\/French.jpg 660w\" sizes=\"(max-width: 240px) 100vw, 240px\" \/><\/a><\/td>\n<\/tr>\n<\/tbody>\n<\/table>\n<table style=\"height: 7px; width: 725.967px;\">\n<tbody>\n<tr>\n<td style=\"width: 345px;\">3ci is working with the Ontario government and community organizations to develop an impact measurement standard for Ontario Social Enterprises.<\/p>\n<p>Social enterprises are organizations that use business strategies to achieve a social or environmental impact. While generating revenues from the sale of goods and services, social enterprises also expressly intent to create positive outcomes, and measure their results. As the business grows, the social impact grows.<\/p>\n<p>An impact measurement and reporting standard is a common way for Ontario Social Enterprises to understand and communicate the effects they have on society, community and the environment.<\/td>\n<td style=\"width: 360.967px;\">3ci travaille avec le gouvernement de l&#8217;Ontario et les organismes communautaires pour \u00e9laborer une norme de mesure d&#8217;impact pour les entreprises sociales de l&#8217;Ontario.<\/p>\n<p>Les entreprises sociales sont des organisations qui utilisent des strat\u00e9gies commerciales pour r\u00e9aliser un impact social ou environnemental. Tout en g\u00e9n\u00e9rant des revenus provenant de la vente de biens et services, les entreprises sociales ont \u00e9galement l&#8217;intention explicite de cr\u00e9er des effets positifs et d\u2019\u00e9valuer leurs r\u00e9sultats. \u00c0 mesure que l&#8217;entreprise grandit, l&#8217;impact social se d\u00e9veloppe.<\/p>\n<p>Un moyen commun pour les entreprises sociales de l&#8217;Ontario de comprendre et de communiquer les effets qu&#8217;elles ont sur la soci\u00e9t\u00e9, la communaut\u00e9, et l&#8217;environnement saisit d\u2019une norme de mesure et de d\u00e9claration d&#8217;impact.<\/td>\n<\/tr>\n<\/tbody>\n<\/table>\n<table style=\"height: 9px; width: 726px;\">\n<tbody>\n<tr>\n<td style=\"width: 345.55px;\">\n<h3>Ontario Social Enterprise Impact Measurement Task Force Action Plan released<\/h3>\n<\/td>\n<td style=\"width: 361.45px;\">\n<h3>La publication du Plan d\u2019action du group de travail pour la mesure de l&#8217;impact sur les entreprises sociales de l&#8217;Ontario<\/h3>\n<\/td>\n<\/tr>\n<\/tbody>\n<\/table>\n<table style=\"height: 29px; width: 727px;\">\n<tbody>\n<tr>\n<td style=\"width: 345.033px;\">As part of Ontario\u2019s Social Enterprise Strategy, the Ministry of Economic Development and Growth (MEDG), working with the federal government, Ontario Trillium Foundation, impact measurement experts, social enterprise leaders and other funders and foundations, convened an Impact Measurement Task Force to develop an action plan for a standard approach to impact measurement and reporting by Ontario social enterprises. The Ministry secured KPMG to facilitate the development of the Task Force and Action Plan.<\/td>\n<td style=\"width: 363.967px;\">Dans le cadre de la Strat\u00e9gie des entreprises sociales de l&#8217;Ontario, le Minist\u00e8re du d\u00e9veloppement \u00e9conomique et de la croissance (MEDCE), en collaboration avec le gouvernement f\u00e9d\u00e9ral, la Fondation Trillium de l&#8217;Ontario, des experts en mesure de l&#8217;impact social, des chefs d&#8217;entreprise sociale et autres fondateurs et fondations, a convoqu\u00e9 un Groupe de travail sur les mesures d&#8217;impact afin de d\u00e9velopper un plan d&#8217;action vers une approche standard visant \u00e0 \u00e9valuer les mesures et les rapports des entreprises sociales de l&#8217;Ontario. Le Minist\u00e8re a retenu KPMG pour faciliter le d\u00e9veloppement du Groupe de travail et du Plan d&#8217;action.<\/td>\n<\/tr>\n<\/tbody>\n<\/table>\n<table style=\"height: 19px; width: 724.917px;\">\n<tbody>\n<tr>\n<td style=\"width: 714.917px;\">\n<p style=\"text-align: left;\"><strong>Task Force Co-Chairs \/ Copr\u00e9sidents du Groupe de Travail:<\/strong><\/p>\n<p style=\"text-align: left; padding-left: 150px;\">Tessa Hebb, 3ci Distinguished Research Fellow<br \/>\nKarim Harji, Purpose Capital, 3ci Research Associate<\/p>\n<p style=\"text-align: left;\"><strong>Task Force Members \/ Membres du Groupe de Travail :<\/strong><\/p>\n<p style=\"text-align: left; padding-left: 150px;\">Andre Vashist, Pillar Nonprofit Network<br \/>\nAnshula Chowdhury, SAMETRICA<br \/>\nBarnabe Geis, Centre for Social Innovation<br \/>\nBenjamin Miller, Citizenship Impact Measurement, Evaluation &amp; Reporting, Royal Bank of Canada<br \/>\nBlair Dimock, Ontario Trillium Foundation<br \/>\nJoe Greenwood, MaRS Discovery District<br \/>\nJoel Gauthier, Employment and Social Development Canada (Task Force Observer)<br \/>\nJonathan Hera, Marigold Capital<br \/>\nJoyce Sou, B Lab Canada<br \/>\nJulien Geremie, Conseil de la coop\u00e9ration de l&#8217;Ontario<br \/>\nKate Ruff, 3ci Research Associate, Carleton University<br \/>\nKatie Gibson, Ministry of Economic Development and Growth\/Ministry of Research, Innovation and Science<br \/>\nMark Fox, Centre for Social Services Engineering, University of Toronto<br \/>\nRosalind Lockyer, PARO Centre for Women\u2019s Enterprise<br \/>\nTim Draimin, Social Innovation Generation (SiG)<\/p>\n<\/td>\n<\/tr>\n<\/tbody>\n<\/table>\n<table style=\"height: 14px; width: 728px;\">\n<tbody>\n<tr style=\"height: 384.267px;\">\n<td style=\"width: 350.1px; height: 384.267px;\">Read the report<a href=\"https:\/\/carleton.ca\/3ci\/wp-content\/uploads\/IM-TF-Action-Plan-Report-ENGLISH.pdf\"><img decoding=\"async\" loading=\"lazy\" class=\"aligncenter wp-image-3506 size-medium\" src=\"https:\/\/carleton.ca\/3ci\/wp-content\/uploads\/English3-240x312.jpg\" alt=\"\" width=\"240\" height=\"312\" srcset=\"https:\/\/carleton.ca\/3ci\/wp-content\/uploads\/English3-240x312.jpg 240w, https:\/\/carleton.ca\/3ci\/wp-content\/uploads\/English3-160x208.jpg 160w, https:\/\/carleton.ca\/3ci\/wp-content\/uploads\/English3-400x520.jpg 400w, https:\/\/carleton.ca\/3ci\/wp-content\/uploads\/English3-360x468.jpg 360w, https:\/\/carleton.ca\/3ci\/wp-content\/uploads\/English3.jpg 655w\" sizes=\"(max-width: 240px) 100vw, 240px\" \/><\/a><br \/>\n<a href=\"https:\/\/carleton.ca\/3ci\/wp-content\/uploads\/IMTF_Final-Action-Plan_-April-13-2017_Accessible.pdf\">English Report<\/a><\/td>\n<td style=\"width: 358.9px; height: 384.267px;\">Lisez le rapport <a href=\"https:\/\/carleton.ca\/3ci\/wp-content\/uploads\/IM-TF-Action-Plan-Report-FRENCH.pdf\"><img decoding=\"async\" loading=\"lazy\" class=\"aligncenter wp-image-3481 size-medium\" src=\"https:\/\/carleton.ca\/3ci\/wp-content\/uploads\/French-240x310.jpg\" alt=\"\" width=\"240\" height=\"310\" srcset=\"https:\/\/carleton.ca\/3ci\/wp-content\/uploads\/French-240x310.jpg 240w, https:\/\/carleton.ca\/3ci\/wp-content\/uploads\/French-160x207.jpg 160w, https:\/\/carleton.ca\/3ci\/wp-content\/uploads\/French-400x517.jpg 400w, https:\/\/carleton.ca\/3ci\/wp-content\/uploads\/French-360x465.jpg 360w, https:\/\/carleton.ca\/3ci\/wp-content\/uploads\/French.jpg 660w\" sizes=\"(max-width: 240px) 100vw, 240px\" \/><\/a><br \/>\n<a href=\"https:\/\/carleton.ca\/3ci\/wp-content\/uploads\/IM-TF-Action-Plan-Report-FRENCH.pdf\">le rapport francaise<\/a><\/td>\n<\/tr>\n<\/tbody>\n<\/table>\n<table style=\"width: 728.65px;\">\n<tbody>\n<tr>\n<td style=\"width: 359px;\">\n<h3>Laying the groundwork for a standard approach to impact measurement and reporting by Ontario social enterprises<\/h3>\n<\/td>\n<td style=\"width: 368.65px;\">\n<h3>\u00c9tablir une base vers une approche standard pour la mesure et les rapports des impacts par les entreprises sociales de l&#8217;Ontario<\/h3>\n<\/td>\n<\/tr>\n<\/tbody>\n<\/table>\n<table style=\"height: 5px; width: 729px;\">\n<tbody>\n<tr>\n<td style=\"width: 349.1px;\">The Ministry of Economic Development and Growth (MEDG) has provided funding for 3ci take the next steps toward the common approach to impact measurement for Ontario Social Enterprise. 3ci is working with the following community partners:<\/td>\n<td style=\"width: 361.9px;\">Le minist\u00e8re du D\u00e9veloppement \u00e9conomique et de la Croissance (MEDCE) a financ\u00e9 3ci dans le but de suivre les prochaines \u00e9tapes quant \u00e0 l&#8217;approche commune de la mesure de l&#8217;impact pour Entreprise Sociale Ontario. 3ci travaille avec les partenaires communautaires suivants:<\/td>\n<\/tr>\n<\/tbody>\n<\/table>\n<table style=\"height: 24px; width: 727.917px;\">\n<tbody>\n<tr>\n<td style=\"width: 717.917px; text-align: center;\">\n<p style=\"text-align: left; padding-left: 150px;\">\u2022 Center for Social Innovation (CSI)<\/p>\n<p style=\"text-align: left; padding-left: 150px;\">\u2022 Conseil de la coop\u00e9ration de l\u2019Ontario (CCO)<\/p>\n<p style=\"text-align: left; padding-left: 150px;\">\u2022 MaRS<\/p>\n<p style=\"text-align: left; padding-left: 150px;\">\u2022 PARO Centre for Women\u2019s Enterprise (PARO)<\/p>\n<p style=\"text-align: left; padding-left: 150px;\">\u2022 Pillar Nonprofit Network<\/p>\n<\/td>\n<\/tr>\n<\/tbody>\n<\/table>\n<table style=\"height: 25px; width: 728px;\">\n<tbody>\n<tr>\n<td style=\"width: 346.1px;\">Together we are convening Ontario Social Enterprises in conversation to answer 3 key questions:<br \/>\n\u2022 To what degree to Ontario SEs feel that the proposed Action Plan is appropriate?<br \/>\n\u2022 How much of the proposed solution could SEs implement today?<br \/>\n\u2022 What is needed to be more ready?<\/td>\n<td style=\"width: 363.9px;\">Ensemble, nous invitons Entreprise Sociale Ontario en dialogue pour r\u00e9pondre \u00e0 trois questions cl\u00e9s:<br \/>\n\u2022 Dans quelle mesure les ES de l&#8217;Ontario estiment-ils que le plan d&#8217;action propos\u00e9 est convenable?<br \/>\n\u2022 Quelles parties de la solution propos\u00e9e pourrait-on mettre en \u0153uvre aujourd&#8217;hui?<br \/>\n\u2022 Que faut-il pour \u00eatre plus pr\u00eat?<\/td>\n<\/tr>\n<\/tbody>\n<\/table>\n<table style=\"height: 5px; width: 727.583px;\">\n<tbody>\n<tr>\n<td style=\"width: 347px;\">\n<h3>Join the conversation:<\/h3>\n<\/td>\n<td style=\"width: 361.583px;\">\n<h3>Joignez la conversation:<\/h3>\n<\/td>\n<\/tr>\n<\/tbody>\n<\/table>\n<table style=\"height: 27px; width: 729px;\">\n<tbody>\n<tr style=\"height: 111.133px;\">\n<td style=\"width: 345.1px; height: 111.133px;\">We\u2019d like your views on the report and to learn from you what our next steps should be as we move forward.<\/td>\n<td style=\"width: 365.9px; height: 111.133px;\">Nous aimerions connaitre votre point de vue sur le rapport et apprendre de vous quelles devraient \u00eatre nos prochaines \u00e9tapes, au fur et \u00e0 mesure que nous progressons.<\/td>\n<\/tr>\n<\/tbody>\n<\/table>\n<table style=\"height: 5px; width: 726.567px;\">\n<tbody>\n<tr>\n<td style=\"width: 343px;\"><\/td>\n<td style=\"width: 364.567px;\"><\/td>\n<\/tr>\n<\/tbody>\n<\/table>\n<table style=\"height: 7px; width: 728px;\">\n<tbody>\n<tr>\n<td style=\"width: 341.117px;\">\n<h3>Co-create!<\/h3>\n<\/td>\n<td style=\"width: 368.883px;\">\n<h3>Co-cr\u00e9ez!<\/h3>\n<\/td>\n<\/tr>\n<\/tbody>\n<\/table>\n<table style=\"height: 5px; width: 728.117px;\">\n<tbody>\n<tr>\n<td style=\"width: 340px;\">Join one of our four convenings. Convenings will include a brief presentation on the recommendations and two interactive exercises to help the Social Enterprise community understand the recommendations and to help us assess next steps related to the sustainable development goals.<\/td>\n<td style=\"width: 370.117px;\">Rejoignez l&#8217;un de nos quatre congr\u00e8s. Les congr\u00e8s comprendront une pr\u00e9sentation succincte \u00e0 propos des recommandations et deux exercices interactifs pour assister la communaut\u00e9 des entreprises sociales \u00e0 comprendre les recommandations, tous dans le but de nous aider \u00e0 \u00e9valuer les prochaines \u00e9tapes li\u00e9es aux objectifs de d\u00e9veloppement durable.<\/td>\n<\/tr>\n<\/tbody>\n<\/table>\n<table style=\"height: 38px; width: 730.917px;\">\n<tbody>\n<tr>\n<td style=\"width: 720.917px;\"><strong>Registrations<br \/>\n<\/strong>June 20 Ottawa &#8211; <a href=\"https:\/\/cuhealth.eu.qualtrics.com\/jfe\/form\/SV_bdpBqH4dL9WsmP3\">Register here<\/a><br \/>\nJune 29 Thunder Bay &#8211; <a href=\"https:\/\/cuhealth.eu.qualtrics.com\/jfe\/form\/SV_9RBnduuJjvP9F6R\">Register here<\/a><br \/>\nJune 28 London &#8211; <a href=\"https:\/\/cuhealth.eu.qualtrics.com\/jfe\/form\/SV_eDuB6UHjCUBvYhL\">Register here<\/a><br \/>\nJune 21 Toronto &#8211; <a href=\"https:\/\/cuhealth.eu.qualtrics.com\/jfe\/form\/SV_03ACGj7SGbyvRqJ\">Register here<\/a><\/td>\n<\/tr>\n<\/tbody>\n<\/table>\n<table style=\"height: 29px; width: 728px;\">\n<tbody>\n<tr style=\"height: 38.8px;\">\n<td style=\"width: 345.117px; height: 38.8px;\">\n<h3>Survey<\/h3>\n<\/td>\n<td style=\"width: 364.883px; height: 38.8px;\">\n<h3>Sondage:<\/h3>\n<\/td>\n<\/tr>\n<\/tbody>\n<\/table>\n<table style=\"height: 5px; width: 726.567px;\">\n<tbody>\n<tr>\n<td style=\"width: 343px;\">Complete this short 20-minute survey [<a href=\"https:\/\/cuhealth.eu.qualtrics.com\/jfe\/form\/SV_e5HJvm1vO3OtCWp\">Click here<\/a>]. The survey questions will tell you the key recommendations from the report (You don\u2019t need to read the report first!) and ask questions about your organization so we can assess next steps related to the data platform, governance indicators and common process.<\/td>\n<td style=\"width: 364.567px;\">\u00a0Compl\u00e9tez ce court sondage de 20 minutes [lien hypertexte]. Les questions du sondage vous exprimeront les recommandations principales du rapport (Vous n&#8217;avez pas besoin de lire le rapport en premier!), et solliciterons des d\u00e9tails \u00e0 propos de votre organisation, afin que nous puissions \u00e9valuer les prochaines \u00e9tapes li\u00e9es \u00e0 la plateforme de donn\u00e9es, aux indicateurs de gouvernance et aux processus communs.<\/td>\n<\/tr>\n<\/tbody>\n<\/table>\n","protected":false},"excerpt":{"rendered":"<p>What Ontario Social Enterprises have to say: \u00a0 3ci and community partners talked to Ontario Social Enterprises about the Impact Measurement Task Force.\u00a0 Read what they had to say: Background on the Task Force 3ci is working with the Ontario government and community organizations to develop an impact measurement standard for Ontario Social Enterprises. Social [&hellip;]<\/p>\n","protected":false},"author":10,"featured_media":0,"parent":80,"menu_order":0,"comment_status":"closed","ping_status":"closed","template":"","meta":{"_relevanssi_hide_post":"","_relevanssi_hide_content":"","_relevanssi_pin_for_all":"","_relevanssi_pin_keywords":"","_relevanssi_unpin_keywords":"","_relevanssi_related_keywords":"","_relevanssi_related_include_ids":"","_relevanssi_related_exclude_ids":"","_relevanssi_related_no_append":"","_relevanssi_related_not_related":"","_relevanssi_related_posts":"","_relevanssi_noindex_reason":"","_mi_skip_tracking":false,"_exactmetrics_sitenote_active":false,"_exactmetrics_sitenote_note":"","_exactmetrics_sitenote_category":0,"footnotes":"","_links_to":"","_links_to_target":""},"yoast_head":"<!-- This site is optimized with the Yoast SEO plugin v21.2 - https:\/\/yoast.com\/wordpress\/plugins\/seo\/ -->\n<title>Ontario Social Enterprise Impact Measurement - Carleton Centre for Community Innovation<\/title>\n<meta name=\"description\" content=\"&nbsp; What Ontario Social Enterprises have to say: \u00a0 3ci and community partners talked to Ontario Social Enterprises about the Impact Measurement Task\" \/>\n<meta name=\"robots\" content=\"index, follow, max-snippet:-1, max-image-preview:large, max-video-preview:-1\" \/>\n<link rel=\"canonical\" href=\"https:\/\/carleton.ca\/3ci\/projects-and-initiatives\/ontario-social-enterprise-impact\/\" \/>\n<meta name=\"twitter:label1\" content=\"Est. reading time\" \/>\n\t<meta name=\"twitter:data1\" content=\"6 minutes\" \/>\n<script type=\"application\/ld+json\" class=\"yoast-schema-graph\">{\"@context\":\"https:\/\/schema.org\",\"@graph\":[{\"@type\":\"WebPage\",\"@id\":\"https:\/\/carleton.ca\/3ci\/projects-and-initiatives\/ontario-social-enterprise-impact\/\",\"url\":\"https:\/\/carleton.ca\/3ci\/projects-and-initiatives\/ontario-social-enterprise-impact\/\",\"name\":\"Ontario Social Enterprise Impact Measurement - Carleton Centre for Community Innovation\",\"isPartOf\":{\"@id\":\"https:\/\/carleton.ca\/3ci\/#website\"},\"datePublished\":\"2017-05-30T12:30:32+00:00\",\"dateModified\":\"2018-01-25T20:40:40+00:00\",\"description\":\"&nbsp; What Ontario Social Enterprises have to say: \u00a0 3ci and community partners talked to Ontario Social Enterprises about the Impact Measurement Task\",\"breadcrumb\":{\"@id\":\"https:\/\/carleton.ca\/3ci\/projects-and-initiatives\/ontario-social-enterprise-impact\/#breadcrumb\"},\"inLanguage\":\"en-US\",\"potentialAction\":[{\"@type\":\"ReadAction\",\"target\":[\"https:\/\/carleton.ca\/3ci\/projects-and-initiatives\/ontario-social-enterprise-impact\/\"]}]},{\"@type\":\"BreadcrumbList\",\"@id\":\"https:\/\/carleton.ca\/3ci\/projects-and-initiatives\/ontario-social-enterprise-impact\/#breadcrumb\",\"itemListElement\":[{\"@type\":\"ListItem\",\"position\":1,\"name\":\"Home\",\"item\":\"https:\/\/carleton.ca\/3ci\/\"},{\"@type\":\"ListItem\",\"position\":2,\"name\":\"Projects and Initiatives\",\"item\":\"https:\/\/carleton.ca\/3ci\/projects-and-initiatives\/\"},{\"@type\":\"ListItem\",\"position\":3,\"name\":\"Ontario Social Enterprise Impact Measurement\"}]},{\"@type\":\"WebSite\",\"@id\":\"https:\/\/carleton.ca\/3ci\/#website\",\"url\":\"https:\/\/carleton.ca\/3ci\/\",\"name\":\"Carleton Centre for Community Innovation\",\"description\":\"Carleton University\",\"potentialAction\":[{\"@type\":\"SearchAction\",\"target\":{\"@type\":\"EntryPoint\",\"urlTemplate\":\"https:\/\/carleton.ca\/3ci\/?s={search_term_string}\"},\"query-input\":\"required name=search_term_string\"}],\"inLanguage\":\"en-US\"}]}<\/script>\n<!-- \/ Yoast SEO plugin. -->","yoast_head_json":{"title":"Ontario Social Enterprise Impact Measurement - Carleton Centre for Community Innovation","description":"&nbsp; What Ontario Social Enterprises have to say: \u00a0 3ci and community partners talked to Ontario Social Enterprises about the Impact Measurement Task","robots":{"index":"index","follow":"follow","max-snippet":"max-snippet:-1","max-image-preview":"max-image-preview:large","max-video-preview":"max-video-preview:-1"},"canonical":"https:\/\/carleton.ca\/3ci\/projects-and-initiatives\/ontario-social-enterprise-impact\/","twitter_misc":{"Est. reading time":"6 minutes"},"schema":{"@context":"https:\/\/schema.org","@graph":[{"@type":"WebPage","@id":"https:\/\/carleton.ca\/3ci\/projects-and-initiatives\/ontario-social-enterprise-impact\/","url":"https:\/\/carleton.ca\/3ci\/projects-and-initiatives\/ontario-social-enterprise-impact\/","name":"Ontario Social Enterprise Impact Measurement - Carleton Centre for Community Innovation","isPartOf":{"@id":"https:\/\/carleton.ca\/3ci\/#website"},"datePublished":"2017-05-30T12:30:32+00:00","dateModified":"2018-01-25T20:40:40+00:00","description":"&nbsp; What Ontario Social Enterprises have to say: \u00a0 3ci and community partners talked to Ontario Social Enterprises about the Impact Measurement Task","breadcrumb":{"@id":"https:\/\/carleton.ca\/3ci\/projects-and-initiatives\/ontario-social-enterprise-impact\/#breadcrumb"},"inLanguage":"en-US","potentialAction":[{"@type":"ReadAction","target":["https:\/\/carleton.ca\/3ci\/projects-and-initiatives\/ontario-social-enterprise-impact\/"]}]},{"@type":"BreadcrumbList","@id":"https:\/\/carleton.ca\/3ci\/projects-and-initiatives\/ontario-social-enterprise-impact\/#breadcrumb","itemListElement":[{"@type":"ListItem","position":1,"name":"Home","item":"https:\/\/carleton.ca\/3ci\/"},{"@type":"ListItem","position":2,"name":"Projects and Initiatives","item":"https:\/\/carleton.ca\/3ci\/projects-and-initiatives\/"},{"@type":"ListItem","position":3,"name":"Ontario Social Enterprise Impact Measurement"}]},{"@type":"WebSite","@id":"https:\/\/carleton.ca\/3ci\/#website","url":"https:\/\/carleton.ca\/3ci\/","name":"Carleton Centre for Community Innovation","description":"Carleton University","potentialAction":[{"@type":"SearchAction","target":{"@type":"EntryPoint","urlTemplate":"https:\/\/carleton.ca\/3ci\/?s={search_term_string}"},"query-input":"required name=search_term_string"}],"inLanguage":"en-US"}]}},"acf":{"banner_image_type":"none"},"_links":{"self":[{"href":"https:\/\/carleton.ca\/3ci\/wp-json\/wp\/v2\/pages\/3453"}],"collection":[{"href":"https:\/\/carleton.ca\/3ci\/wp-json\/wp\/v2\/pages"}],"about":[{"href":"https:\/\/carleton.ca\/3ci\/wp-json\/wp\/v2\/types\/page"}],"author":[{"embeddable":true,"href":"https:\/\/carleton.ca\/3ci\/wp-json\/wp\/v2\/users\/10"}],"replies":[{"embeddable":true,"href":"https:\/\/carleton.ca\/3ci\/wp-json\/wp\/v2\/comments?post=3453"}],"version-history":[{"count":3,"href":"https:\/\/carleton.ca\/3ci\/wp-json\/wp\/v2\/pages\/3453\/revisions"}],"predecessor-version":[{"id":3579,"href":"https:\/\/carleton.ca\/3ci\/wp-json\/wp\/v2\/pages\/3453\/revisions\/3579"}],"up":[{"embeddable":true,"href":"https:\/\/carleton.ca\/3ci\/wp-json\/wp\/v2\/pages\/80"}],"wp:attachment":[{"href":"https:\/\/carleton.ca\/3ci\/wp-json\/wp\/v2\/media?parent=3453"}],"curies":[{"name":"wp","href":"https:\/\/api.w.org\/{rel}","templated":true}]}}