{"id":4292,"date":"2023-08-29T16:00:27","date_gmt":"2023-08-29T20:00:27","guid":{"rendered":"https:\/\/carleton.ca\/3ci\/?page_id=4292"},"modified":"2023-10-27T14:57:45","modified_gmt":"2023-10-27T18:57:45","slug":"transition-challenge-wananga","status":"publish","type":"page","link":"https:\/\/carleton.ca\/3ci\/transition-challenge-wananga\/","title":{"rendered":"Sustainability Transition Challenge W\u0101nanga"},"content":{"rendered":"<p style=\"font-weight: 400;\">The Sustainability Transition Challenge W\u0101nanga took place on June 21 and 22 at the University of Canterbury in \u014ctautahi \/ Christchurch. This W\u0101nanga was jointly organized by K\u0101 Waimaero\/ Ng\u0101i Tahu Research Centre at the University of Canterbury and the Carleton Centre for Community Innovation (3ci) at Carleton University in Ottawa, Canada.<\/p>\n<p style=\"font-weight: 400;\">The M\u0101ori word &#8220;w\u0101nanga&#8221; refers to a gathering of people to exchange traditional knowledge through a process of &#8220;profound inquiry\u201d. The aim of w\u0101nanga within M\u0101ori culture is to \u00a0preserve and pass on ancestral knowledge, customs, and values, ensuring their continuity through generations.\u00a0 Guided by the indigenous people of \u014ctautahi, Ng\u0101i T\u016b\u0101huriri, we drew upon the principles of w\u0101nanga to facilitate a discussion among leading indigenous, practitioner, science, and industry experts to discuss and address the sustainability transition challenge facing agriculture in Aotearoa New Zealand.\u00a0 These principles included::<\/p>\n<ul>\n<li>Bringing together a community of experts and practitioners across generations to share their knowledge with each other.<\/li>\n<li>Following a spirit of inquiry.<\/li>\n<li>Generating collective awareness, understanding and whanaungatanga (social cohesion).<\/li>\n<li>Being led by a kaupapa (philosophy\/intension) of regenerating the health of whenua (land) and wai (waters) for m\u014d t\u0101tou, \u0101, m\u014d k\u0101 uri \u0101 muri ake nei (for us and those that come after us)<\/li>\n<\/ul>\n<p style=\"font-weight: 400;\"><strong>The Context Given to W\u0101nanga Participants: <\/strong><\/p>\n<p style=\"font-weight: 400;\">Prior to the w\u0101nanga participants were provided with a brief of the sustainability transition facing New Zealand.\u00a0 It was outlined how Aotearoa New Zealand is at a crossroad, with pressure to agriculture to transition to carbon neutrality, address water quality concerns, and enhance biodiversity.\u00a0 However, at the same time, it was pointed out that agriculture is the backbone of the Aotearoa economy, and transitioning to a new way of operating entails risks that could threaten the country\u2019s economic wellbeing.\u00a0 These conflicting pressures are felt by M\u0101ori who are aiming to improve te mauri te taiao | the health of the environment while also holding significant assets in the agricultural sector. It was described how there been various efforts to address the transition challenge facing Aotearoa New Zealand through collaborative governance initiatives, however, there is also growing polarization between groups based on assumptions about who will win or lose through these collaborative decision-making forums.<\/p>\n<p style=\"font-weight: 400;\"><strong>Structure of the w\u0101nanga<\/strong><\/p>\n<p style=\"font-weight: 400;\">With this context in mind, participants in the w\u0101nanga were invited to provide their insights and solutions into how Aotearoa could undergo the sustainability transition.\u00a0 \u00a0Day 1 of the w\u0101nanga (Wednesday 21 June) brought together diverse and innovative thinkers, leaders, and practitioners from various fields, including Indigenous development, governance, science, environment, and farming, to discuss the sustainability transition.\u00a0 They spoke to the transition challenge facing agriculture from their position and area of experience, knowledge, and expertise.\u00a0 They were encouraged to speak from a personal perspective rather than an institutional position, followed by questions from participants. Through this process of collective learning, an exchange of experience and knowledge between Indigenous and other perspectives was encouraged. \u00a0The views shared by speakers, questions, and answers can be found <a href=\"#Sessions\">here.<\/a><\/p>\n<p style=\"font-weight: 400;\">Day 1 also included a keynote presentation by Professor Frances Abele from Carleton University, Ottawa and Amsey Maracle (Mohawk and Plains Cree) located at the Centre for First Nations Governance. Frances and Amsey spoke about the role of collaborative research between academic institutions and Indigenous peoples to strengthen Indigenous self-determination and governance in Canada. \u00a0The talk provided by Frances and Amsey, questions and answers can be found <a href=\"#Keynote\">here.<\/a><\/p>\n<p style=\"font-weight: 400;\">On the second day of the W\u0101nanga, participants discussed collaborative research needs and opportunities (both within Aotearoa and internationally) for moving forward.\u00a0 These component of the w\u0101nanga were not recorded, however, a summary of themes is being generated and will be available once completed.<\/p>\n<p style=\"font-weight: 400;\"><strong>W\u0101nanga outcomes: <\/strong><\/p>\n<p style=\"font-weight: 400;\">Though only two days long, this w\u0101nanga started important conversations on the transition to agricultural sustainability in Aotearoa \u2013 informed by voices from Canada.<\/p>\n<p style=\"font-weight: 400;\">On the second day, we gained valuable insights on specific topics that would benefit from further collaborative engagement, including better environmental monitoring, strengthening <em>Mahinga Kai<\/em> (traditional\/customary food gathering) practices, incentivizing more sustainable farm practices aligned with appropriate markets, and strengthening co-governance.<\/p>\n<p style=\"font-weight: 400;\">That day yielded four central insights to form the basis of future work:<\/p>\n<p style=\"font-weight: 400;\">1)\u00a0\u00a0 \u2018Bring the whole community along\u2019 (whether farmers, citizens, Indigenous community members) in the transition to sustainability, including when it comes to accepting the growing role of Indigenous voices in governance. A key to this is ensuring that transition efforts are informed by deep engagement with the \u2018whole community\u2019 throughout the process.<\/p>\n<p style=\"font-weight: 400;\">2)\u00a0\u00a0 Share stories of transition happening at multiple levels of governance, illustrating transition pathways that are emerging and being acted upon, to grow their impact and inspire hope.<\/p>\n<p style=\"font-weight: 400;\">3)\u00a0\u00a0 Show how these transition pathways are informed by reconciliation and decolonization efforts made by both Indigenous and non-Indigenous peoples, communities, and organizations.<\/p>\n<p style=\"font-weight: 400;\">4)\u00a0\u00a0 Foster international dialogue through these stories. Participants recognized the value in sharing experiences on these issues across and between Aotearoa and Canada. While these countries are far apart, globally, they also share a common history of British colonization, and Indigenous people from both places have long connected to share political strategy. Further, Aotearoa appears well advanced in moving co-governance forward. Its history Indigenous reconciliation processes have generated a range of collaborative governance initiatives, as well as other institutional shifts, to support greater iwi autonomy and resulting economic and cultural revitalization opportunities. First Nations and the settler governments they engage with in Canada are developing rich experience in furthering self-determination. Indigenous communities retain deep knowledge of the environmental patterns and ecological management of landscapes on which traditional food production and foraging rely. These insights can be drawn upon in meeting the sustainability transition by settler governments.\u00a0 At the same time, in both countries there are tensions in this work, governance challenges, and lessons to learn from the efforts being undertaken.<a id=\"Sessions\"><\/a><\/p>\n<p><\/p>\n<p><strong>Welcome:<\/strong><\/p>\n<p>Professor Te Maire Tau Upoko, K\u0101 Waimaero, John Reid, and Peter Andree<\/p>\n<p><strong>Session 1: Whakahaere &#8211; Transforming policy and governance<\/strong><\/p>\n<ul>\n<li>John Reid (Chair)<\/li>\n<li>Dr Jenny Webster-Brown, Director of Our Land and Water National Science Challenge<\/li>\n<li>Elizabeth Macpherson, Associate Professor Law, University of Canterbury<\/li>\n<li>Jan Hania, Principal &#8211; Strategy Development at Biome Trust; Taranaki Mounga Independent Board member<\/li>\n<li style=\"text-align: left;\">Dr Eric Crampton, Chief Economist at New Zealand Initiative<\/li>\n<\/ul>\n<div style=\"max-width: 426px;\">\n<div style=\"position: relative; padding-bottom: 56.338028%; text-align: center;\"><iframe loading=\"lazy\" id=\"kmsembed-1_9y9qed4u\" class=\"kmsembed\" style=\"position: absolute; top: 0; left: 0; width: 100%; height: 100%;\" title=\"Transition Challenge Wananga Part 1\" src=\"https:\/\/mediaspace.carleton.ca\/embed\/secure\/iframe\/entryId\/1_9y9qed4u\/uiConfId\/36153741\/st\/0\" width=\"426\" height=\"240\" frameborder=\"0\" sandbox=\"allow-downloads allow-forms allow-same-origin allow-scripts allow-top-navigation allow-pointer-lock allow-popups allow-modals allow-orientation-lock allow-popups-to-escape-sandbox allow-presentation allow-top-navigation-by-user-activation\" allowfullscreen=\"allowfullscreen\"><\/iframe><\/div>\n<\/div>\n<div class=\"js-description\">\n<p><\/p>\n<p><\/p>\n<p><b>Session 2: Whakatere: The journey of acquiring and applying knowledge <\/b><\/p>\n<ul>\n<li>Peter Andr\u00e9e, (Chair)\u00a0\u00a0<b><\/b><\/li>\n<li>Dr Mike Joy,\u00a0Senior Researcher at Victoria University of Wellington<\/li>\n<li>Gwen Grelet,\u00a0Senior Researcher, Land use and Ecosystems, Manaaki Whenua &#8211; Landcare Research<\/li>\n<li>Dr Shaun Awatere,\u00a0Senior Kairangahau M\u0101ori at Manaaki Whenua \u2013 Landcare Research<\/li>\n<li>Professor Frank Giffin, Professor Emeritus, University of Otago<\/li>\n<\/ul>\n<div style=\"max-width: 426px;\">\n<div style=\"position: relative; padding-bottom: 56.338028169014%;\"><iframe loading=\"lazy\" id=\"kmsembed-1_auhugu49\" class=\"kmsembed\" style=\"position: absolute; top: 0; left: 0; width: 100%; height: 100%;\" title=\"Session 2 Whakatere: The journey of acquiring and applying knowledge\" src=\"https:\/\/mediaspace.carleton.ca\/embed\/secure\/iframe\/entryId\/1_auhugu49\/uiConfId\/36153741\/st\/0\" width=\"426\" height=\"240\" frameborder=\"0\" sandbox=\"allow-downloads allow-forms allow-same-origin allow-scripts allow-top-navigation allow-pointer-lock allow-popups allow-modals allow-orientation-lock allow-popups-to-escape-sandbox allow-presentation allow-top-navigation-by-user-activation\" allowfullscreen=\"allowfullscreen\"><\/iframe><\/div>\n<\/div>\n<p><\/p>\n<p><\/p>\n<p><b>Session 3: Te Whenua Hou Te Whenua Whitiora &#8211; Approaching a new farming horizon<\/b><\/p>\n<ul>\n<li>Sean Connelly,\u00a0\u00a0Geography, University of Otago\u00a0(Chair)<\/li>\n<li>Brett Walter, Business Development Manager at Ng\u0101i Tahu Farming and Forestry<\/li>\n<li>Greg Barclay,\u00a0Regenerative Farming Coach at Soil Connection NZ<\/li>\n<li>Barry Bragg,\u00a0Previous Chairman of Ng\u0101i Tahu Farming and Director of Te Whenua Hou Te Whenua Whitiora (The New Land, The New Horizon) Regenerative Farming Programme Ng\u0101i\u00a0Tahu Farms<\/li>\n<li>Dr Jay Whitehead,\u00a0Managing Director at Matatih<\/li>\n<\/ul>\n<\/div>\n<div style=\"max-width: 426px;\">\n<div style=\"position: relative; padding-bottom: 56.338028169014%;\"><iframe loading=\"lazy\" id=\"kmsembed-1_v8wk9l4y\" class=\"kmsembed\" style=\"position: absolute; top: 0; left: 0; width: 100%; height: 100%;\" title=\"Session 3: Te Whenua Hou Te Whenua Whitiora - Approaching a new farming horizon\" src=\"https:\/\/mediaspace.carleton.ca\/embed\/secure\/iframe\/entryId\/1_v8wk9l4y\/uiConfId\/36153741\/st\/0\" width=\"426\" height=\"240\" frameborder=\"0\" sandbox=\"allow-downloads allow-forms allow-same-origin allow-scripts allow-top-navigation allow-pointer-lock allow-popups allow-modals allow-orientation-lock allow-popups-to-escape-sandbox allow-presentation allow-top-navigation-by-user-activation\" allowfullscreen=\"allowfullscreen\"><\/iframe><\/div>\n<div><\/div>\n<\/div>\n<p><\/p>\n<p style=\"font-weight: 400;\"><strong>Session 4: Whakakoha ki te ao M\u0101ori -Transforming our relationship to whenua (land) through embracing te ao M\u0101ori<\/strong><\/p>\n<ul>\n<li style=\"font-weight: 400;\">Eden Skipper, Special Advisor &#8211; M\u0101ori Capability at Ministry of Primary Industries (Chair)<\/li>\n<li style=\"font-weight: 400;\">Naomi Aporo, Kaih\u0101pai M\u0101ori &#8211; Senior Leader M\u0101ori at Our Land and Water National Science Challenge<\/li>\n<li style=\"font-weight: 400;\">Professor Hugh Campbell, Professor of Sociology, Gender Studies and Criminology, School of Social Sciences, University of Otago<\/li>\n<li style=\"font-weight: 400;\">Fiona Wiremu, Executive director at Te Whare W\u0101nanga o Awanui\u0101rangi<\/li>\n<li style=\"font-weight: 400;\">Te Aue Addison-Valaau, Principal Advisor to the Group General Manager M\u0101ori at the NZ Institute of Plant and Food Research<\/li>\n<\/ul>\n<div style=\"max-width: 426px;\">\n<div style=\"position: relative; padding-bottom: 56.338028169014%;\"><iframe loading=\"lazy\" id=\"kmsembed-1_fq5grj2y\" class=\"kmsembed\" style=\"position: absolute; top: 0; left: 0; width: 100%; height: 100%;\" title=\"Session 4 Whakakoha ki te ao Maori\" src=\"https:\/\/mediaspace.carleton.ca\/embed\/secure\/iframe\/entryId\/1_fq5grj2y\/uiConfId\/36153741\/st\/0\" width=\"426\" height=\"240\" frameborder=\"0\" sandbox=\"allow-downloads allow-forms allow-same-origin allow-scripts allow-top-navigation allow-pointer-lock allow-popups allow-modals allow-orientation-lock allow-popups-to-escape-sandbox allow-presentation allow-top-navigation-by-user-activation\" allowfullscreen=\"allowfullscreen\"><\/iframe><\/div>\n<\/div>\n<p><\/p>\n<p><\/p>\n<p style=\"font-weight: 400;\"><strong>Session 5: Tauutuutu &#8211; Transforming the agri-economy<\/strong><\/p>\n<ul>\n<li style=\"font-weight: 400;\">Dr John Reid, Senior Research Fellow at K\u0101 Waimaero | Ng\u0101i Tahu Centre, University of Canterbury (Chair)<\/li>\n<li style=\"font-weight: 400;\">Vanessa Winning, CEO at IrrigationNZ<\/li>\n<li style=\"font-weight: 400;\">Dr John Saunders, Research Officer, Agribusiness and Economics Research Unit, Lincoln University<\/li>\n<li style=\"font-weight: 400;\">Dr Katherine Dixon, Co-Director at Nature Positive<\/li>\n<li style=\"font-weight: 400;\">Dr. Paul Dalziel, Lincoln University<\/li>\n<\/ul>\n<div style=\"max-width: 426px;\">\n<div style=\"position: relative; padding-bottom: 56.338028169014%;\"><iframe loading=\"lazy\" id=\"kmsembed-1_g3bx3zue\" class=\"kmsembed\" style=\"position: absolute; top: 0; left: 0; width: 100%; height: 100%;\" title=\"Session 5 Tauutuutu - Transforming the agri-economy.mp4\" src=\"https:\/\/mediaspace.carleton.ca\/embed\/secure\/iframe\/entryId\/1_g3bx3zue\/uiConfId\/36153741\/st\/0\" width=\"426\" height=\"240\" frameborder=\"0\" sandbox=\"allow-downloads allow-forms allow-same-origin allow-scripts allow-top-navigation allow-pointer-lock allow-popups allow-modals allow-orientation-lock allow-popups-to-escape-sandbox allow-presentation allow-top-navigation-by-user-activation\" allowfullscreen=\"allowfullscreen\"><\/iframe><\/div>\n<\/div>\n<p><\/p>\n<p style=\"font-weight: 400;\"><strong><a id=\"Keynote\"><\/a>Keynote Address and discussion: Rebuilding First Nations Governance in Canada\u00a0\u00a0\u00a0\u00a0\u00a0\u00a0\u00a0\u00a0\u00a0 <\/strong><\/p>\n<ul>\n<li style=\"font-weight: 400;\">Amsey Maracle, Centre for First Nations Governance (Ottawa)<\/li>\n<li style=\"font-weight: 400;\">Dr. Frances Abele, Distinguished Research Professor and Chancellor\u2019s Professor Emerita at Carleton University<\/li>\n<\/ul>\n<div style=\"max-width: 426px;\">\n<div style=\"position: relative; padding-bottom: 56.338028169014%;\"><iframe loading=\"lazy\" id=\"kmsembed-1_u2g92oyk\" class=\"kmsembed\" style=\"position: absolute; top: 0; left: 0; width: 100%; height: 100%;\" title=\"Keynote Address and discussion - Rebuilding First Nations Governance in Canada\" src=\"https:\/\/mediaspace.carleton.ca\/embed\/secure\/iframe\/entryId\/1_u2g92oyk\/uiConfId\/36153741\/st\/0\" width=\"426\" height=\"240\" frameborder=\"0\" sandbox=\"allow-downloads allow-forms allow-same-origin allow-scripts allow-top-navigation allow-pointer-lock allow-popups allow-modals allow-orientation-lock allow-popups-to-escape-sandbox allow-presentation allow-top-navigation-by-user-activation\" allowfullscreen=\"allowfullscreen\" data-mce-fragment=\"1\"><\/iframe><\/div>\n<\/div>\n<p><\/p>\n<p><\/p>\n","protected":false},"excerpt":{"rendered":"<p>The Sustainability Transition Challenge W\u0101nanga took place on June 21 and 22 at the University of Canterbury in \u014ctautahi \/ Christchurch. This W\u0101nanga was jointly organized by K\u0101 Waimaero\/ Ng\u0101i Tahu Research Centre at the University of Canterbury and the Carleton Centre for Community Innovation (3ci) at Carleton University in Ottawa, Canada. The M\u0101ori word [&hellip;]<\/p>\n","protected":false},"author":10,"featured_media":0,"parent":0,"menu_order":0,"comment_status":"closed","ping_status":"closed","template":"","meta":{"_relevanssi_hide_post":"","_relevanssi_hide_content":"","_relevanssi_pin_for_all":"","_relevanssi_pin_keywords":"","_relevanssi_unpin_keywords":"","_relevanssi_related_keywords":"","_relevanssi_related_include_ids":"","_relevanssi_related_exclude_ids":"","_relevanssi_related_no_append":"","_relevanssi_related_not_related":"","_relevanssi_related_posts":"","_relevanssi_noindex_reason":"","_mi_skip_tracking":false,"_exactmetrics_sitenote_active":false,"_exactmetrics_sitenote_note":"","_exactmetrics_sitenote_category":0,"footnotes":"","_links_to":"","_links_to_target":""},"yoast_head":"<!-- This site is optimized with the Yoast SEO plugin v21.2 - https:\/\/yoast.com\/wordpress\/plugins\/seo\/ -->\n<title>Sustainability Transition Challenge W\u0101nanga - Carleton Centre for Community Innovation<\/title>\n<meta name=\"description\" content=\"The Sustainability Transition Challenge W\u0101nanga took place on June 21 and 22 at the University of Canterbury in \u014ctautahi \/ Christchurch. This W\u0101nanga was\" \/>\n<meta name=\"robots\" content=\"index, follow, max-snippet:-1, max-image-preview:large, max-video-preview:-1\" \/>\n<link rel=\"canonical\" href=\"https:\/\/carleton.ca\/3ci\/transition-challenge-wananga\/\" \/>\n<meta name=\"twitter:label1\" content=\"Est. reading time\" \/>\n\t<meta name=\"twitter:data1\" content=\"7 minutes\" \/>\n<script type=\"application\/ld+json\" class=\"yoast-schema-graph\">{\"@context\":\"https:\/\/schema.org\",\"@graph\":[{\"@type\":\"WebPage\",\"@id\":\"https:\/\/carleton.ca\/3ci\/transition-challenge-wananga\/\",\"url\":\"https:\/\/carleton.ca\/3ci\/transition-challenge-wananga\/\",\"name\":\"Sustainability Transition Challenge W\u0101nanga - Carleton Centre for Community Innovation\",\"isPartOf\":{\"@id\":\"https:\/\/carleton.ca\/3ci\/#website\"},\"datePublished\":\"2023-08-29T20:00:27+00:00\",\"dateModified\":\"2023-10-27T18:57:45+00:00\",\"description\":\"The Sustainability Transition Challenge W\u0101nanga took place on June 21 and 22 at the University of Canterbury in \u014ctautahi \/ Christchurch. This W\u0101nanga was\",\"breadcrumb\":{\"@id\":\"https:\/\/carleton.ca\/3ci\/transition-challenge-wananga\/#breadcrumb\"},\"inLanguage\":\"en-US\",\"potentialAction\":[{\"@type\":\"ReadAction\",\"target\":[\"https:\/\/carleton.ca\/3ci\/transition-challenge-wananga\/\"]}]},{\"@type\":\"BreadcrumbList\",\"@id\":\"https:\/\/carleton.ca\/3ci\/transition-challenge-wananga\/#breadcrumb\",\"itemListElement\":[{\"@type\":\"ListItem\",\"position\":1,\"name\":\"Home\",\"item\":\"https:\/\/carleton.ca\/3ci\/\"},{\"@type\":\"ListItem\",\"position\":2,\"name\":\"Sustainability Transition Challenge W\u0101nanga\"}]},{\"@type\":\"WebSite\",\"@id\":\"https:\/\/carleton.ca\/3ci\/#website\",\"url\":\"https:\/\/carleton.ca\/3ci\/\",\"name\":\"Carleton Centre for Community Innovation\",\"description\":\"Carleton University\",\"potentialAction\":[{\"@type\":\"SearchAction\",\"target\":{\"@type\":\"EntryPoint\",\"urlTemplate\":\"https:\/\/carleton.ca\/3ci\/?s={search_term_string}\"},\"query-input\":\"required name=search_term_string\"}],\"inLanguage\":\"en-US\"}]}<\/script>\n<!-- \/ Yoast SEO plugin. -->","yoast_head_json":{"title":"Sustainability Transition Challenge W\u0101nanga - Carleton Centre for Community Innovation","description":"The Sustainability Transition Challenge W\u0101nanga took place on June 21 and 22 at the University of Canterbury in \u014ctautahi \/ Christchurch. This W\u0101nanga was","robots":{"index":"index","follow":"follow","max-snippet":"max-snippet:-1","max-image-preview":"max-image-preview:large","max-video-preview":"max-video-preview:-1"},"canonical":"https:\/\/carleton.ca\/3ci\/transition-challenge-wananga\/","twitter_misc":{"Est. reading time":"7 minutes"},"schema":{"@context":"https:\/\/schema.org","@graph":[{"@type":"WebPage","@id":"https:\/\/carleton.ca\/3ci\/transition-challenge-wananga\/","url":"https:\/\/carleton.ca\/3ci\/transition-challenge-wananga\/","name":"Sustainability Transition Challenge W\u0101nanga - Carleton Centre for Community Innovation","isPartOf":{"@id":"https:\/\/carleton.ca\/3ci\/#website"},"datePublished":"2023-08-29T20:00:27+00:00","dateModified":"2023-10-27T18:57:45+00:00","description":"The Sustainability Transition Challenge W\u0101nanga took place on June 21 and 22 at the University of Canterbury in \u014ctautahi \/ Christchurch. This W\u0101nanga was","breadcrumb":{"@id":"https:\/\/carleton.ca\/3ci\/transition-challenge-wananga\/#breadcrumb"},"inLanguage":"en-US","potentialAction":[{"@type":"ReadAction","target":["https:\/\/carleton.ca\/3ci\/transition-challenge-wananga\/"]}]},{"@type":"BreadcrumbList","@id":"https:\/\/carleton.ca\/3ci\/transition-challenge-wananga\/#breadcrumb","itemListElement":[{"@type":"ListItem","position":1,"name":"Home","item":"https:\/\/carleton.ca\/3ci\/"},{"@type":"ListItem","position":2,"name":"Sustainability Transition Challenge W\u0101nanga"}]},{"@type":"WebSite","@id":"https:\/\/carleton.ca\/3ci\/#website","url":"https:\/\/carleton.ca\/3ci\/","name":"Carleton Centre for Community Innovation","description":"Carleton University","potentialAction":[{"@type":"SearchAction","target":{"@type":"EntryPoint","urlTemplate":"https:\/\/carleton.ca\/3ci\/?s={search_term_string}"},"query-input":"required name=search_term_string"}],"inLanguage":"en-US"}]}},"acf":{"banner_image_type":"none","banner_button":"no"},"_links":{"self":[{"href":"https:\/\/carleton.ca\/3ci\/wp-json\/wp\/v2\/pages\/4292"}],"collection":[{"href":"https:\/\/carleton.ca\/3ci\/wp-json\/wp\/v2\/pages"}],"about":[{"href":"https:\/\/carleton.ca\/3ci\/wp-json\/wp\/v2\/types\/page"}],"author":[{"embeddable":true,"href":"https:\/\/carleton.ca\/3ci\/wp-json\/wp\/v2\/users\/10"}],"replies":[{"embeddable":true,"href":"https:\/\/carleton.ca\/3ci\/wp-json\/wp\/v2\/comments?post=4292"}],"version-history":[{"count":4,"href":"https:\/\/carleton.ca\/3ci\/wp-json\/wp\/v2\/pages\/4292\/revisions"}],"predecessor-version":[{"id":4914,"href":"https:\/\/carleton.ca\/3ci\/wp-json\/wp\/v2\/pages\/4292\/revisions\/4914"}],"wp:attachment":[{"href":"https:\/\/carleton.ca\/3ci\/wp-json\/wp\/v2\/media?parent=4292"}],"curies":[{"name":"wp","href":"https:\/\/api.w.org\/{rel}","templated":true}]}}