{"id":2234,"date":"2011-05-16T12:06:44","date_gmt":"2011-05-16T16:06:44","guid":{"rendered":"http:\/\/carleton.ca\/africanstudies\/"},"modified":"2016-02-03T14:28:54","modified_gmt":"2016-02-03T19:28:54","slug":"more-information-on-the-workshop-and-panelists","status":"publish","type":"page","link":"https:\/\/carleton.ca\/africanstudies\/sexual-violence-workshop\/more-information-on-the-workshop-and-panelists\/","title":{"rendered":"More Information on the Workshop and Panelists"},"content":{"rendered":"<p>Background information about C\u00e9line Narmadji\u2019s organization, <a href=\"http:\/\/carleton.ca\/africanstudies\/wp-content\/uploads\/AFDCPT.pdf\">AFDCPT<\/a>, Chad, and her Power Point presentation (<a href=\"http:\/\/carleton.ca\/africanstudies\/wp-content\/uploads\/Narmadji-2010.pdf\">click here<\/a>)<\/p>\n<p>Interviews with some participants of conference concerning sexual violence and conflict in Africa <a href=\"http:\/\/www.youtube.com\/watch?v=RLkOdbFUKcQ\">http:\/\/www.youtube.com\/watch?v=RLkOdbFUKcQ<\/a><\/p>\n<p>Presentation by Kristine St-Pierre and Joanne Lebert to the Canadian Parliamentary Subcommittee on International Human Rights of the Standing Committee on Foreign Affairs and International Development, on the topic of Sexual Assault on Women and Children during Peacekeeping Operations in Fragile States and\/or in Situations of Conflict, November 23, 2010. The presentation included key themes, findings, and discussions of the May 5-6 2010 workshop at Carleton, co-sponsored by the Institute of African Studies.<\/p>\n<p>La pr\u00e9sentation de Kristine St-Pierre et Joanne Lebert \u00e0 r\u00e9union du sous-comit\u00e9 des droits internationaux de la personne du Comit\u00e9 permanent des affaires \u00e9trang\u00e8res et du d\u00e9veloppement international du parlement du Canada, intitul\u00e9 Violences sexuelles commis\u00e9s envers les femmes et les enfants dans les op\u00e9rations de paix, les \u00e9tats fragiles et\/ou les situations de conflit, le 23 novembre 2010.<\/p>\n","protected":false},"excerpt":{"rendered":"<p>Background information about C\u00e9line Narmadji\u2019s organization, AFDCPT, Chad, and her Power Point presentation (click here) Interviews with some participants of conference concerning sexual violence and conflict in Africa http:\/\/www.youtube.com\/watch?v=RLkOdbFUKcQ Presentation by Kristine St-Pierre and Joanne Lebert to the Canadian Parliamentary Subcommittee on International Human Rights of the Standing Committee on Foreign Affairs and International Development, [&hellip;]<\/p>\n","protected":false},"author":3,"featured_media":0,"parent":2163,"menu_order":0,"comment_status":"open","ping_status":"open","template":"","meta":{"_relevanssi_hide_post":"","_relevanssi_hide_content":"","_relevanssi_pin_for_all":"","_relevanssi_pin_keywords":"","_relevanssi_unpin_keywords":"","_relevanssi_related_keywords":"","_relevanssi_related_include_ids":"","_relevanssi_related_exclude_ids":"","_relevanssi_related_no_append":"","_relevanssi_related_not_related":"","_relevanssi_related_posts":"","_relevanssi_noindex_reason":"","_mi_skip_tracking":false,"_exactmetrics_sitenote_active":false,"_exactmetrics_sitenote_note":"","_exactmetrics_sitenote_category":0,"footnotes":"","_links_to":"","_links_to_target":""},"yoast_head":"<!-- This site is optimized with the Yoast SEO plugin v21.2 - https:\/\/yoast.com\/wordpress\/plugins\/seo\/ -->\n<title>More Information on the Workshop and Panelists - Institute of African Studies<\/title>\n<meta name=\"description\" content=\"Background information about C\u00e9line Narmadji\u2019s organization, AFDCPT, Chad, and her Power Point presentation (click here) Interviews with some participants\" \/>\n<meta name=\"robots\" content=\"index, follow, max-snippet:-1, max-image-preview:large, max-video-preview:-1\" \/>\n<link rel=\"canonical\" href=\"https:\/\/carleton.ca\/africanstudies\/sexual-violence-workshop\/more-information-on-the-workshop-and-panelists\/\" \/>\n<meta name=\"twitter:label1\" content=\"Est. reading time\" \/>\n\t<meta name=\"twitter:data1\" content=\"1 minute\" \/>\n<script type=\"application\/ld+json\" class=\"yoast-schema-graph\">{\"@context\":\"https:\/\/schema.org\",\"@graph\":[{\"@type\":\"WebPage\",\"@id\":\"https:\/\/carleton.ca\/africanstudies\/sexual-violence-workshop\/more-information-on-the-workshop-and-panelists\/\",\"url\":\"https:\/\/carleton.ca\/africanstudies\/sexual-violence-workshop\/more-information-on-the-workshop-and-panelists\/\",\"name\":\"More Information on the Workshop and Panelists - Institute of African Studies\",\"isPartOf\":{\"@id\":\"https:\/\/carleton.ca\/africanstudies\/#website\"},\"datePublished\":\"2011-05-16T16:06:44+00:00\",\"dateModified\":\"2016-02-03T19:28:54+00:00\",\"description\":\"Background information about C\u00e9line Narmadji\u2019s organization, AFDCPT, Chad, and her Power Point presentation (click here) Interviews with some participants\",\"breadcrumb\":{\"@id\":\"https:\/\/carleton.ca\/africanstudies\/sexual-violence-workshop\/more-information-on-the-workshop-and-panelists\/#breadcrumb\"},\"inLanguage\":\"en-US\",\"potentialAction\":[{\"@type\":\"ReadAction\",\"target\":[\"https:\/\/carleton.ca\/africanstudies\/sexual-violence-workshop\/more-information-on-the-workshop-and-panelists\/\"]}]},{\"@type\":\"BreadcrumbList\",\"@id\":\"https:\/\/carleton.ca\/africanstudies\/sexual-violence-workshop\/more-information-on-the-workshop-and-panelists\/#breadcrumb\",\"itemListElement\":[{\"@type\":\"ListItem\",\"position\":1,\"name\":\"Home\",\"item\":\"https:\/\/carleton.ca\/africanstudies\/\"},{\"@type\":\"ListItem\",\"position\":2,\"name\":\"Sexual Violence and Conflict in Africa\",\"item\":\"https:\/\/carleton.ca\/africanstudies\/sexual-violence-workshop\/\"},{\"@type\":\"ListItem\",\"position\":3,\"name\":\"More Information on the Workshop and Panelists\"}]},{\"@type\":\"WebSite\",\"@id\":\"https:\/\/carleton.ca\/africanstudies\/#website\",\"url\":\"https:\/\/carleton.ca\/africanstudies\/\",\"name\":\"Institute of African Studies\",\"description\":\"Carleton University\",\"potentialAction\":[{\"@type\":\"SearchAction\",\"target\":{\"@type\":\"EntryPoint\",\"urlTemplate\":\"https:\/\/carleton.ca\/africanstudies\/?s={search_term_string}\"},\"query-input\":\"required name=search_term_string\"}],\"inLanguage\":\"en-US\"}]}<\/script>\n<!-- \/ Yoast SEO plugin. -->","yoast_head_json":{"title":"More Information on the Workshop and Panelists - Institute of African Studies","description":"Background information about C\u00e9line Narmadji\u2019s organization, AFDCPT, Chad, and her Power Point presentation (click here) Interviews with some participants","robots":{"index":"index","follow":"follow","max-snippet":"max-snippet:-1","max-image-preview":"max-image-preview:large","max-video-preview":"max-video-preview:-1"},"canonical":"https:\/\/carleton.ca\/africanstudies\/sexual-violence-workshop\/more-information-on-the-workshop-and-panelists\/","twitter_misc":{"Est. reading time":"1 minute"},"schema":{"@context":"https:\/\/schema.org","@graph":[{"@type":"WebPage","@id":"https:\/\/carleton.ca\/africanstudies\/sexual-violence-workshop\/more-information-on-the-workshop-and-panelists\/","url":"https:\/\/carleton.ca\/africanstudies\/sexual-violence-workshop\/more-information-on-the-workshop-and-panelists\/","name":"More Information on the Workshop and Panelists - Institute of African Studies","isPartOf":{"@id":"https:\/\/carleton.ca\/africanstudies\/#website"},"datePublished":"2011-05-16T16:06:44+00:00","dateModified":"2016-02-03T19:28:54+00:00","description":"Background information about C\u00e9line Narmadji\u2019s organization, AFDCPT, Chad, and her Power Point presentation (click here) Interviews with some participants","breadcrumb":{"@id":"https:\/\/carleton.ca\/africanstudies\/sexual-violence-workshop\/more-information-on-the-workshop-and-panelists\/#breadcrumb"},"inLanguage":"en-US","potentialAction":[{"@type":"ReadAction","target":["https:\/\/carleton.ca\/africanstudies\/sexual-violence-workshop\/more-information-on-the-workshop-and-panelists\/"]}]},{"@type":"BreadcrumbList","@id":"https:\/\/carleton.ca\/africanstudies\/sexual-violence-workshop\/more-information-on-the-workshop-and-panelists\/#breadcrumb","itemListElement":[{"@type":"ListItem","position":1,"name":"Home","item":"https:\/\/carleton.ca\/africanstudies\/"},{"@type":"ListItem","position":2,"name":"Sexual Violence and Conflict in Africa","item":"https:\/\/carleton.ca\/africanstudies\/sexual-violence-workshop\/"},{"@type":"ListItem","position":3,"name":"More Information on the Workshop and Panelists"}]},{"@type":"WebSite","@id":"https:\/\/carleton.ca\/africanstudies\/#website","url":"https:\/\/carleton.ca\/africanstudies\/","name":"Institute of African Studies","description":"Carleton University","potentialAction":[{"@type":"SearchAction","target":{"@type":"EntryPoint","urlTemplate":"https:\/\/carleton.ca\/africanstudies\/?s={search_term_string}"},"query-input":"required name=search_term_string"}],"inLanguage":"en-US"}]}},"acf":{"banner_image_type":null,"banner_uploaded_image":null,"banner_hosted_image":null,"banner_opacity":null,"banner_button":null,"banner_buttons":null},"_links":{"self":[{"href":"https:\/\/carleton.ca\/africanstudies\/wp-json\/wp\/v2\/pages\/2234"}],"collection":[{"href":"https:\/\/carleton.ca\/africanstudies\/wp-json\/wp\/v2\/pages"}],"about":[{"href":"https:\/\/carleton.ca\/africanstudies\/wp-json\/wp\/v2\/types\/page"}],"author":[{"embeddable":true,"href":"https:\/\/carleton.ca\/africanstudies\/wp-json\/wp\/v2\/users\/3"}],"replies":[{"embeddable":true,"href":"https:\/\/carleton.ca\/africanstudies\/wp-json\/wp\/v2\/comments?post=2234"}],"version-history":[{"count":1,"href":"https:\/\/carleton.ca\/africanstudies\/wp-json\/wp\/v2\/pages\/2234\/revisions"}],"predecessor-version":[{"id":8629,"href":"https:\/\/carleton.ca\/africanstudies\/wp-json\/wp\/v2\/pages\/2234\/revisions\/8629"}],"up":[{"embeddable":true,"href":"https:\/\/carleton.ca\/africanstudies\/wp-json\/wp\/v2\/pages\/2163"}],"wp:attachment":[{"href":"https:\/\/carleton.ca\/africanstudies\/wp-json\/wp\/v2\/media?parent=2234"}],"curies":[{"name":"wp","href":"https:\/\/api.w.org\/{rel}","templated":true}]}}