{"id":25,"date":"2009-08-12T18:47:02","date_gmt":"2009-08-12T22:47:02","guid":{"rendered":"http:\/\/carleton.ca\/africanstudies\/?page_id=25"},"modified":"2017-08-24T14:38:41","modified_gmt":"2017-08-24T18:38:41","slug":"resources","status":"publish","type":"page","link":"https:\/\/carleton.ca\/africanstudies\/information-for-students\/resources\/","title":{"rendered":"Resources"},"content":{"rendered":"<h3>Africanist Initiatives at Carleton<\/h3>\n<p><strong>In A Mellow Tone: \u00a0jazz and blues program on CKCU<\/strong><br \/>\nRon Sweetman&#8217;s blog about his radio show on CKCU-FM and all things jazz and blues. To visit the blog, please click<a href=\"http:\/\/inamellowtone.blogspot.ca\/\" target=\"_blank\" rel=\"noopener\"> here.<\/a><\/p>\n<p><strong>Francoth\u00e9\u00e2tres<\/strong><br \/>\nLe site \u00ab Francoth\u00e9\u00e2tres \u00bb, veut \u00eatre un lieu d&#8217;archives, soit un ensemble de dossiers, d&#8217;articles, de photos, de communiqu\u00e9s de presse, d&#8217;entretiens, de commentaires et d&#8217;\u00e9tudes r\u00e9alis\u00e9s \u00e0 partir des lectures de pi\u00e8ces, des rencontres avec les artistes et de l&#8217;observation des \u00e9v\u00e9nements sc\u00e9niques sur les lieux m\u00eame de leur cr\u00e9ation. La d\u00e9signation \u00ab Francoth\u00e9\u00e2tres \u00bb nous para\u00eet \u00e0 la fois probl\u00e9matique mais aussi suffisamment ouverte pour faire comprendre que ces t\u00e9moignages portent exclusivement sur la production des artistes de la sc\u00e8ne dont une des langues v\u00e9hiculaires est le fran\u00e7ais mais dont les origines g\u00e9ographiques et culturelles s&#8217;ouvrent vers des lieux les plus divers.<\/p>\n<p>Pour plus d&#8217;information, veuillez visiter:<a href=\"http:\/\/www3.carleton.ca\/francotheatres\/\" target=\"_blank\" rel=\"noopener\"> http:\/\/www3.carleton.ca\/francotheatres\/<\/a>.<\/p>\n<p><strong>Semester in Development in Uganda<br \/>\n<\/strong>The Institute of African Studies is pleased to announce that it has signed a memorandum of agreement with Youth In Development, a Canadian organization devoted to getting youth more involved and engaged with international development. This provides another way for Carleton students in African Studies and other programs to have an incredible experiential learning opportunity on the continent.<\/p>\n<p>The Semester in Development has been specifically designed to help participants bridge the gap between theory and practice. Students spend a semester in Uganda where they are take two accredited courses on conflict and development at Makerere University, one of Africa&#8217;s most prestigious institutions. Students also intern with one of their partner NGOs or social enterprises.<\/p>\n<p><strong>Douglas Anglin Archives @ Carleton<br \/>\n<\/strong>Professor Emeritus Doug Anglin has donated his rich collection of records, articles, and other documents to the Institute of African Studies at Carleton University in Ottawa, Canada. Carleton undergraduate History students have been archiving the documents in the Archives and Research Collections at the Carleton Library.\u00a0For more information, please click <a href=\"http:\/\/www.carleton.ca\/africanstudies\/current-students\/resources\/douglas-anglin-archives-carleton\/\" target=\"_blank\" rel=\"noopener\">here<\/a><\/p>\n<p><strong>Libraries<\/strong><\/p>\n<ul style=\"list-style-type: disc;\">\n<li class=\"body\"><a title=\"African Studies subject guide\" href=\"https:\/\/library.carleton.ca\/research\/subject-guides\/african-studies-quick-guide\" target=\"_blank\" rel=\"noopener\">African Studies subject guide from Carleton Library<\/a><\/li>\n<li class=\"body\"><a href=\"http:\/\/www.library.carleton.ca\/\" target=\"_blank\" rel=\"noopener\">Carleton University MacOdrum Library<\/a><\/li>\n<li class=\"body\"><a href=\"http:\/\/www.biblio.uottawa.ca\/\" target=\"_blank\" rel=\"noopener\">Ottawa University Morisset Library<\/a><\/li>\n<li class=\"body\"><a href=\"http:\/\/www.nlc-bnc.ca\/\" target=\"_blank\" rel=\"noopener\">National Library of Canada<\/a><\/li>\n<\/ul>\n<p class=\"h3\"><strong>Other Reference Resources<\/strong><\/p>\n<ul style=\"list-style-type: disc;\">\n<li><a href=\"http:\/\/afripod.aodl.org\/\" target=\"_blank\" rel=\"noopener\">Africa Past and Present: The Podcast about African History, Culture and Politics<\/a><\/li>\n<li><a href=\"http:\/\/www.nationalarchives.gov.uk\/africa\/\" target=\"_blank\" rel=\"noopener\">Africa Through A Lens<\/a><a href=\"http:\/\/afripod.aodl.org\/\"> (online collection from the U.K. National Archives)<\/a><\/li>\n<li><a href=\"http:\/\/www.yorku.ca\/aconline\/index.html\" target=\"_blank\" rel=\"noopener\">African Canadian Online<\/a><\/li>\n<li><a href=\"http:\/\/web.stanford.edu\/dept\/SUL\/library\/prod\/depts\/ssrg\/africa\/guide.html\" target=\"_blank\" rel=\"noopener\">Africa, South of the Sahara: Selected Internet Resources<\/a><\/li>\n<li><a href=\"http:\/\/afrographique.tumblr.com\/\" target=\"_blank\" rel=\"noopener\">Afrographique &#8211; graphs of various data concerning Africa<\/a><\/li>\n<li><a href=\"http:\/\/afrographique.tumblr.com\/\" target=\"_blank\" rel=\"noopener\">Council for the Development of Social Science Research in Africa (CODESRIA)<\/a><\/li>\n<li><a href=\"http:\/\/www.international.gc.ca\/international\/index.aspx\" target=\"_blank\" rel=\"noopener\">Department of Foreign Affairs, Trade and Development<\/a><\/li>\n<li><a href=\"http:\/\/www.library.northwestern.edu\/africana\/\" target=\"_blank\" rel=\"noopener\">Herskovits Library of African Studies (Northwestern University) <\/a><\/li>\n<li>Index on Africa (Norwegian Council)<\/li>\n<li><a href=\"http:\/\/www.pambazuka.org\/en\/\" target=\"_blank\" rel=\"noopener\">Pambazuka News (Weekly Forum for Social Justice in Africa)<\/a><\/li>\n<li>Southern African Migration Project (SAMP, Queen&#8217;s University in Kingston)<\/li>\n<li><a href=\"http:\/\/www.lib.berkeley.edu\/doemoff\/govinfo\/foreign\/gov_africa.html\" target=\"_blank\" rel=\"noopener\">Sub-Saharan Africa Government Information &#8211; University of California Berkeley<\/a><\/li>\n<\/ul>\n<p class=\"h3\"><strong>African government information<\/strong><\/p>\n<ul style=\"list-style-type: disc;\">\n<li class=\"body\"><a href=\"http:\/\/www.au.int\/en\/\" target=\"_blank\" rel=\"noopener\">African Union (AU) <\/a><\/li>\n<li class=\"body\"><a href=\"http:\/\/www.arableagueonline.org\/las\/index_en.jsp\" target=\"_blank\" rel=\"noopener\">Arab League <\/a><\/li>\n<li class=\"body\"><a href=\"http:\/\/www.eac.int\" target=\"_blank\" rel=\"noopener\">East African Community<\/a><\/li>\n<li class=\"body\"><a href=\"http:\/\/www.ecowas.int\/\" target=\"_blank\" rel=\"noopener\">Economic Community of West African States (ECOWAS)<\/a><\/li>\n<li class=\"body\"><a href=\"http:\/\/www.sadc.int\/\" target=\"_blank\" rel=\"noopener\">Southern African Development Community (SADC) <\/a><\/li>\n<\/ul>\n<p class=\"h3\"><strong>African Studies organizations<\/strong><\/p>\n<ul style=\"list-style-type: disc;\">\n<li><span class=\"style5\"><a class=\"body\" href=\"http:\/\/www.aegis-eu.org\/\" target=\"_blank\" rel=\"noopener\">Africa-Europe Group for Interdisciplinary Studies (AEGIS)<\/a><\/span><\/li>\n<li><span class=\"style5\"><a class=\"body\" href=\"http:\/\/www.africanstudies.org\/\" target=\"_blank\" rel=\"noopener\">African Studies Association (ASA, based in the U.S.A.)<\/a><\/span><\/li>\n<li><span class=\"style5\"><a href=\"http:\/\/caas-acea.org\" target=\"_blank\" rel=\"noopener\"><span class=\"body\">Canadian Association of African Studies (CAAS) <\/span><\/a><\/span><\/li>\n<\/ul>\n<p class=\"h3\"><strong>African and Africanist resources in Ottawa<\/strong><\/p>\n<ul style=\"list-style-type: disc;\">\n<li><a href=\"http:\/\/www.3dreads.com\/\" target=\"_blank\" rel=\"noopener\">3 Dreads and a Baldhead<\/a><\/li>\n<li><a href=\"http:\/\/maps.google.com\/maps\/ms?ie=UTF8&amp;msa=0&amp;msid=112284879074738515348.000481c869748e50dc64c&amp;ll=45.47867,-75.736828&amp;spn=0.070173,0.181103&amp;z=13\" target=\"_blank\" rel=\"noopener\">African restaurants and shops in Ottawa (work-in-progress)<\/a><\/li>\n<li><a href=\"http:\/\/www.ccic.ca\/working_groups\/acf_introduction_e.php\" target=\"_blank\" rel=\"noopener\">Africa-Canada Forum (of the Canadian Council for International Cooperation)<\/a><\/li>\n<li>African and Canadian Women&#8217;s Human Rights Project<\/li>\n<li><a href=\"http:\/\/www.theafricanmag.com\/the-african-diaspora-association-in-canada\/\" target=\"_blank\" rel=\"noopener\">African Diaspora Association of Canada<\/a><\/li>\n<li><a href=\"http:\/\/blackottawa411.weebly.com\/\" target=\"_blank\" rel=\"noopener\">Black Ottawa 411<\/a><\/li>\n<li><a href=\"http:\/\/ccafrica.ca\" target=\"_blank\" rel=\"noopener\">Canadian Council on Africa<\/a><\/li>\n<li><a href=\"http:\/\/vimeo.com\/20116213\" target=\"_blank\" rel=\"noopener\">Canugan Disability Support Project in Uganda (video)<\/a><\/li>\n<li><a href=\"http:\/\/www.cerclecad.org\/\" target=\"_blank\" rel=\"noopener\"><em>Centre des Recherches Pluridisciplinaires sur les Communaut\u00e9s d&#8217;Afrique noire et des Diasporas<\/em> en sigle <em>CERCLECAD\u00a0<\/em><\/a><\/li>\n<li><a href=\"http:\/\/www.embassy-worldwide.com\/\" target=\"_blank\" rel=\"noopener\">Embassies in Canada, including African ones<\/a><\/li>\n<li><a href=\"http:\/\/www.idrc.ca\/\" target=\"_blank\" rel=\"noopener\">International Development Research Centre<\/a><\/li>\n<li><a href=\"http:\/\/komiolaf.com\/about\/\" target=\"_blank\" rel=\"noopener\">Komi Olafimihan &#8211; artist, architect, spoken word<\/a><\/li>\n<li><a href=\"http:\/\/www.peacebuild.ca\/en\/\" target=\"_blank\" rel=\"noopener\">Peacebuild <\/a><\/li>\n<li><a href=\"http:\/\/www.stephenlewisfoundation.org\/get-involved\/dare-campaign\" target=\"_blank\" rel=\"noopener\">Stephen Lewis Foundation&#8217;s A Dare to Remember Campaign<\/a><\/li>\n<\/ul>\n<p class=\"h3\"><strong>African Studies centres<\/strong><\/p>\n<ul style=\"list-style-type: disc;\">\n<li><a href=\"http:\/\/aaas.duke.edu\/\" target=\"_blank\" rel=\"noopener\">African and African American Studies (Duke University)<\/a><\/li>\n<li><a href=\"http:\/\/www.international.ucla.edu\/africa\" target=\"_blank\" rel=\"noopener\">African Studies Center (UCLA)<\/a><\/li>\n<li><a href=\"http:\/\/aaas.fas.harvard.edu\/\" target=\"_blank\" rel=\"noopener\">African and African American Studies (Harvard)<\/a><\/li>\n<li><a href=\"http:\/\/africana.bard.edu\/\" target=\"_blank\" rel=\"noopener\">Africana Studies (Bard College)<\/a><\/li>\n<li><a href=\"http:\/\/www.ias.emory.edu\/home\" target=\"_blank\" rel=\"noopener\">Institute of African Studies\u00a0(Emory University)<\/a><\/li>\n<li><a href=\"http:\/\/africa.isp.msu.edu\/\" target=\"_blank\" rel=\"noopener\">African Studies Center (Michigan State University)<\/a><\/li>\n<li><a href=\"http:\/\/casc.phil-fak.uni-koeln.de\/\" target=\"_blank\" rel=\"noopener\">African Studies (Cologne)<\/a><\/li>\n<li><a href=\"http:\/\/africa.wisc.edu\/\" target=\"_blank\" rel=\"noopener\">African Studies Program (University of Wisconsin)<\/a><\/li>\n<li><a href=\"http:\/\/www.ascleiden.nl\/\" target=\"_blank\" rel=\"noopener\">African Studies Centre (Leiden, Netherlands)<\/a><\/li>\n<li><a href=\"http:\/\/www.africa.upenn.edu\/\" target=\"_blank\" rel=\"noopener\">African Studies Centre (U. of Pennsylvania)\u00a0<\/a><\/li>\n<li><a href=\"http:\/\/www.indiana.edu\/~afrist\" target=\"_blank\" rel=\"noopener\">African Studies Department (Indiana University Bloomington)<\/a><\/li>\n<li><a title=\"African Studies\" href=\"http:\/\/www.mcgill.ca\/isid\/teaching-programs\/undergraduate\/afri\" target=\"_blank\" rel=\"noopener\">African Studies Program (McGill)<\/a><\/li>\n<li><a href=\"http:\/\/www.newcollege.utoronto.ca\/academics\/new-college-academic-programs\/african-studies\" target=\"_blank\" rel=\"noopener\">African Studies program (University of Toronto)<\/a><\/li>\n<li><a href=\"http:\/\/afrs.sosc.laps.yorku.ca\" target=\"_blank\" rel=\"noopener\">African Studies program (York University)<\/a><\/li>\n<li><a href=\"http:\/\/asrc.cornell.edu\/\" target=\"_blank\" rel=\"noopener\">Africana Studies and Research Center (Cornell University)<\/a><\/li>\n<li><a title=\"African Studies \" href=\"http:\/\/www.dal.ca\/faculty\/arts\/departments\/research-clusters\/african-studies.html\" target=\"_blank\" rel=\"noopener\">Centre for African Studies (Dalhousie)<\/a><\/li>\n<li><a href=\"http:\/\/www.african.cam.ac.uk\/\" target=\"_blank\" rel=\"noopener\">Centre of African Studies (Cambridge)<\/a><\/li>\n<li><a href=\"http:\/\/etudes-africaines.in2p3.fr\/afrique-centre-Centre,d,etude,d,Afrique,noire-3.html\" target=\"_blank\" rel=\"noopener\">Le Centre d&#8217;\u00e9tude d&#8217;Afrique noire (CEAN, Bordeaux, France)<\/a><\/li>\n<li><a href=\"http:\/\/unisouthafr.academia.edu\/Departments\/Institute_for_African_Renaissance_Studies\/Documents\" target=\"_blank\" rel=\"noopener\">Institute for African Renaissance Studies\u00a0(University of South Africa)<\/a><\/li>\n<li><a href=\"http:\/\/web.africa.ufl.edu\/\" target=\"_blank\" rel=\"noopener\">Center for African Studies (University of Florida)<\/a><\/li>\n<li><a href=\"http:\/\/www.africanos.eu\/ceaup\" target=\"_blank\" rel=\"noopener\">Centro de Estudos Africanos (Universidade do Porto)<\/a><\/li>\n<li><a href=\"http:\/\/cea.iscte.pt\/\" target=\"_blank\" rel=\"noopener\">Centro de Estudos Africanos\u00a0(Instituto Universit\u00e1rio de Lisboa)<\/a><\/li>\n<li><a href=\"http:\/\/www.csae.ox.ac.uk\/\" target=\"_blank\" rel=\"noopener\">Centre for the Study of African Economies\u00a0(University of Oxford)<\/a><\/li>\n<li><a href=\"http:\/\/www.yale.edu\/macmillan\/african\" target=\"_blank\" rel=\"noopener\">Council on African Studies (Yale University)<\/a><\/li>\n<li><a href=\"http:\/\/aaas.osu.edu\/\" target=\"_blank\" rel=\"noopener\">Dept. of African-American and African Studies (Ohio State University)<\/a><\/li>\n<li><a href=\"http:\/\/www.foa.ualberta.ca\/Undergraduate_Programs\/Majors_and_Minors\/Interdisciplinary%20Studies\/Middle%20Eastern%20and%20African%20Studies.aspx\" target=\"_blank\" rel=\"noopener\">Middle Eastern and African Studies (University of Alberta)<\/a><\/li>\n<li><a href=\"http:\/\/www.giersa.ulaval.ca\/\" target=\"_blank\" rel=\"noopener\">Le Groupe d&#8217;\u00e9tude et de recherche sur les soci\u00e9t\u00e9s africaines (Laval)<\/a><\/li>\n<li><a href=\"http:\/\/www.grama.uqam.ca\/\" target=\"_blank\" rel=\"noopener\">Groupe de recherche sur les activit\u00e9s mini\u00e8res en Afrique<\/a><\/li>\n<li><a href=\"http:\/\/iad.einaudi.cornell.edu\/\" target=\"_blank\" rel=\"noopener\">The Institute for African Development (Cornell University)<\/a><\/li>\n<li><a title=\"Bayreuth African Studies\" href=\"http:\/\/www.bigsas.uni-bayreuth.de\/en\/index.html\" target=\"_blank\" rel=\"noopener\">Institute of African Studies (University of Bayreuth)<\/a><\/li>\n<li><a href=\"http:\/\/ias.ug.edu.gh\/\" target=\"_blank\" rel=\"noopener\">Institute of African Studies (University of Ghana)<\/a><\/li>\n<li>Institute of African Studies (Hankuk University of Foreign Studies)<\/li>\n<li><a href=\"http:\/\/www.msu.ru\/en\/info\/struct\/depts\/isaa.html\" target=\"_blank\" rel=\"noopener\">Institute for African Studies (Moscow, Russia)<\/a><\/li>\n<li><a href=\"http:\/\/african-studies.uonbi.ac.ke\/\" target=\"_blank\" rel=\"noopener\">Institute of Anthropology, Gender and African Studies (University of Nairobi)<\/a><\/li>\n<li><a href=\"http:\/\/www.aa.tufs.ac.jp\/en\" target=\"_blank\" rel=\"noopener\">Research Institute for Languages and Cultures of Asia and Africa (Tokyo University)<\/a><\/li>\n<li><a href=\"http:\/\/www.nai.uu.se\/\" target=\"_blank\" rel=\"noopener\">Nordic Africa Institute (NAI, Uppsala, Sweden)<\/a><\/li>\n<li><a href=\"http:\/\/ruafrica.rutgers.edu\/\" target=\"_blank\" rel=\"noopener\">Rutgers Center for African Studies<\/a><\/li>\n<li><a href=\"http:\/\/www.soas.ac.uk\/\" target=\"_blank\" rel=\"noopener\">School of Oriental and African Studies (UK, London)<\/a><\/li>\n<li><a href=\"http:\/\/www.lib.utexas.edu\/maps\/africa.html\" target=\"_blank\" rel=\"noopener\">University of Texas at Austin Library &#8211; African Map Collection<\/a><\/li>\n<\/ul>\n","protected":false},"excerpt":{"rendered":"<p>Africanist Initiatives at Carleton In A Mellow Tone: \u00a0jazz and blues program on CKCU Ron Sweetman&#8217;s blog about his radio show on CKCU-FM and all things jazz and blues. To visit the blog, please click here. Francoth\u00e9\u00e2tres Le site \u00ab Francoth\u00e9\u00e2tres \u00bb, veut \u00eatre un lieu d&#8217;archives, soit un ensemble de dossiers, d&#8217;articles, de photos, [&hellip;]<\/p>\n","protected":false},"author":3,"featured_media":0,"parent":9,"menu_order":1,"comment_status":"open","ping_status":"open","template":"","meta":{"_relevanssi_hide_post":"","_relevanssi_hide_content":"","_relevanssi_pin_for_all":"","_relevanssi_pin_keywords":"","_relevanssi_unpin_keywords":"","_relevanssi_related_keywords":"","_relevanssi_related_include_ids":"","_relevanssi_related_exclude_ids":"","_relevanssi_related_no_append":"","_relevanssi_related_not_related":"","_relevanssi_related_posts":"","_relevanssi_noindex_reason":"","_mi_skip_tracking":false,"_exactmetrics_sitenote_active":false,"_exactmetrics_sitenote_note":"","_exactmetrics_sitenote_category":0,"footnotes":"","_links_to":"","_links_to_target":""},"yoast_head":"<!-- This site is optimized with the Yoast SEO plugin v21.2 - https:\/\/yoast.com\/wordpress\/plugins\/seo\/ -->\n<title>Resources - Institute of African Studies<\/title>\n<meta name=\"description\" content=\"Africanist Initiatives at Carleton In A Mellow Tone: \u00a0jazz and blues program on CKCU Ron Sweetman&#039;s blog about his radio show on CKCU-FM and all things\" \/>\n<meta name=\"robots\" content=\"index, follow, max-snippet:-1, max-image-preview:large, max-video-preview:-1\" \/>\n<link rel=\"canonical\" href=\"https:\/\/carleton.ca\/africanstudies\/information-for-students\/resources\/\" \/>\n<meta name=\"twitter:label1\" content=\"Est. reading time\" \/>\n\t<meta name=\"twitter:data1\" content=\"4 minutes\" \/>\n<script type=\"application\/ld+json\" class=\"yoast-schema-graph\">{\"@context\":\"https:\/\/schema.org\",\"@graph\":[{\"@type\":\"WebPage\",\"@id\":\"https:\/\/carleton.ca\/africanstudies\/information-for-students\/resources\/\",\"url\":\"https:\/\/carleton.ca\/africanstudies\/information-for-students\/resources\/\",\"name\":\"Resources - Institute of African Studies\",\"isPartOf\":{\"@id\":\"https:\/\/carleton.ca\/africanstudies\/#website\"},\"datePublished\":\"2009-08-12T22:47:02+00:00\",\"dateModified\":\"2017-08-24T18:38:41+00:00\",\"description\":\"Africanist Initiatives at Carleton In A Mellow Tone: \u00a0jazz and blues program on CKCU Ron Sweetman's blog about his radio show on CKCU-FM and all things\",\"breadcrumb\":{\"@id\":\"https:\/\/carleton.ca\/africanstudies\/information-for-students\/resources\/#breadcrumb\"},\"inLanguage\":\"en-US\",\"potentialAction\":[{\"@type\":\"ReadAction\",\"target\":[\"https:\/\/carleton.ca\/africanstudies\/information-for-students\/resources\/\"]}]},{\"@type\":\"BreadcrumbList\",\"@id\":\"https:\/\/carleton.ca\/africanstudies\/information-for-students\/resources\/#breadcrumb\",\"itemListElement\":[{\"@type\":\"ListItem\",\"position\":1,\"name\":\"Home\",\"item\":\"https:\/\/carleton.ca\/africanstudies\/\"},{\"@type\":\"ListItem\",\"position\":2,\"name\":\"Information for Students\",\"item\":\"https:\/\/carleton.ca\/registrar\/registration\/dates-and-deadlines\/\"},{\"@type\":\"ListItem\",\"position\":3,\"name\":\"Resources\"}]},{\"@type\":\"WebSite\",\"@id\":\"https:\/\/carleton.ca\/africanstudies\/#website\",\"url\":\"https:\/\/carleton.ca\/africanstudies\/\",\"name\":\"Institute of African Studies\",\"description\":\"Carleton University\",\"potentialAction\":[{\"@type\":\"SearchAction\",\"target\":{\"@type\":\"EntryPoint\",\"urlTemplate\":\"https:\/\/carleton.ca\/africanstudies\/?s={search_term_string}\"},\"query-input\":\"required name=search_term_string\"}],\"inLanguage\":\"en-US\"}]}<\/script>\n<!-- \/ Yoast SEO plugin. -->","yoast_head_json":{"title":"Resources - Institute of African Studies","description":"Africanist Initiatives at Carleton In A Mellow Tone: \u00a0jazz and blues program on CKCU Ron Sweetman's blog about his radio show on CKCU-FM and all things","robots":{"index":"index","follow":"follow","max-snippet":"max-snippet:-1","max-image-preview":"max-image-preview:large","max-video-preview":"max-video-preview:-1"},"canonical":"https:\/\/carleton.ca\/africanstudies\/information-for-students\/resources\/","twitter_misc":{"Est. reading time":"4 minutes"},"schema":{"@context":"https:\/\/schema.org","@graph":[{"@type":"WebPage","@id":"https:\/\/carleton.ca\/africanstudies\/information-for-students\/resources\/","url":"https:\/\/carleton.ca\/africanstudies\/information-for-students\/resources\/","name":"Resources - Institute of African Studies","isPartOf":{"@id":"https:\/\/carleton.ca\/africanstudies\/#website"},"datePublished":"2009-08-12T22:47:02+00:00","dateModified":"2017-08-24T18:38:41+00:00","description":"Africanist Initiatives at Carleton In A Mellow Tone: \u00a0jazz and blues program on CKCU Ron Sweetman's blog about his radio show on CKCU-FM and all things","breadcrumb":{"@id":"https:\/\/carleton.ca\/africanstudies\/information-for-students\/resources\/#breadcrumb"},"inLanguage":"en-US","potentialAction":[{"@type":"ReadAction","target":["https:\/\/carleton.ca\/africanstudies\/information-for-students\/resources\/"]}]},{"@type":"BreadcrumbList","@id":"https:\/\/carleton.ca\/africanstudies\/information-for-students\/resources\/#breadcrumb","itemListElement":[{"@type":"ListItem","position":1,"name":"Home","item":"https:\/\/carleton.ca\/africanstudies\/"},{"@type":"ListItem","position":2,"name":"Information for Students","item":"https:\/\/carleton.ca\/registrar\/registration\/dates-and-deadlines\/"},{"@type":"ListItem","position":3,"name":"Resources"}]},{"@type":"WebSite","@id":"https:\/\/carleton.ca\/africanstudies\/#website","url":"https:\/\/carleton.ca\/africanstudies\/","name":"Institute of African Studies","description":"Carleton University","potentialAction":[{"@type":"SearchAction","target":{"@type":"EntryPoint","urlTemplate":"https:\/\/carleton.ca\/africanstudies\/?s={search_term_string}"},"query-input":"required name=search_term_string"}],"inLanguage":"en-US"}]}},"acf":{"banner_image_type":"upload","banner_uploaded_image":{"ID":9197,"id":9197,"title":"book-glasses-banner","filename":"book-glasses-banner.jpg","filesize":126023,"url":"https:\/\/carleton.ca\/africanstudies\/wp-content\/uploads\/book-glasses-banner.jpg","link":"https:\/\/carleton.ca\/africanstudies\/information-for-students\/resources\/book-glasses-banner\/","alt":"Book, Glasses","author":"32","description":"","caption":"","name":"book-glasses-banner","status":"inherit","uploaded_to":25,"date":"2016-05-11 16:31:26","modified":"2016-05-11 16:31:33","menu_order":0,"mime_type":"image\/jpeg","type":"image","subtype":"jpeg","icon":"https:\/\/carleton.ca\/africanstudies\/wp\/wp-includes\/images\/media\/default.png","width":1600,"height":700,"sizes":{"thumbnail":"https:\/\/carleton.ca\/africanstudies\/wp-content\/uploads\/book-glasses-banner-160x70.jpg","thumbnail-width":160,"thumbnail-height":70,"medium":"https:\/\/carleton.ca\/africanstudies\/wp-content\/uploads\/book-glasses-banner-240x105.jpg","medium-width":240,"medium-height":105,"medium_large":"https:\/\/carleton.ca\/africanstudies\/wp-content\/uploads\/book-glasses-banner-768x336.jpg","medium_large-width":768,"medium_large-height":336,"large":"https:\/\/carleton.ca\/africanstudies\/wp-content\/uploads\/book-glasses-banner-400x175.jpg","large-width":400,"large-height":175,"gallery-thumb":"https:\/\/carleton.ca\/africanstudies\/wp-content\/uploads\/book-glasses-banner.jpg","gallery-thumb-width":300,"gallery-thumb-height":131,"1536x1536":"https:\/\/carleton.ca\/africanstudies\/wp-content\/uploads\/book-glasses-banner.jpg","1536x1536-width":1536,"1536x1536-height":672,"2048x2048":"https:\/\/carleton.ca\/africanstudies\/wp-content\/uploads\/book-glasses-banner.jpg","2048x2048-width":1600,"2048x2048-height":700,"banner":"https:\/\/carleton.ca\/africanstudies\/wp-content\/uploads\/book-glasses-banner.jpg","banner-width":1600,"banner-height":700,"people":"https:\/\/carleton.ca\/africanstudies\/wp-content\/uploads\/book-glasses-banner-200x200.jpg","people-width":200,"people-height":200,"post-thumb":"https:\/\/carleton.ca\/africanstudies\/wp-content\/uploads\/book-glasses-banner-300x230.jpg","post-thumb-width":300,"post-thumb-height":230,"rotator-image":"https:\/\/carleton.ca\/africanstudies\/wp-content\/uploads\/book-glasses-banner.jpg","rotator-image-width":800,"rotator-image-height":350,"video-thumb":"https:\/\/carleton.ca\/africanstudies\/wp-content\/uploads\/book-glasses-banner-360x158.jpg","video-thumb-width":360,"video-thumb-height":158,"cms-newsletter-image":"https:\/\/carleton.ca\/africanstudies\/wp-content\/uploads\/book-glasses-banner-200x88.jpg","cms-newsletter-image-width":200,"cms-newsletter-image-height":88}},"banner_opacity":"dark"},"_links":{"self":[{"href":"https:\/\/carleton.ca\/africanstudies\/wp-json\/wp\/v2\/pages\/25"}],"collection":[{"href":"https:\/\/carleton.ca\/africanstudies\/wp-json\/wp\/v2\/pages"}],"about":[{"href":"https:\/\/carleton.ca\/africanstudies\/wp-json\/wp\/v2\/types\/page"}],"author":[{"embeddable":true,"href":"https:\/\/carleton.ca\/africanstudies\/wp-json\/wp\/v2\/users\/3"}],"replies":[{"embeddable":true,"href":"https:\/\/carleton.ca\/africanstudies\/wp-json\/wp\/v2\/comments?post=25"}],"version-history":[{"count":9,"href":"https:\/\/carleton.ca\/africanstudies\/wp-json\/wp\/v2\/pages\/25\/revisions"}],"predecessor-version":[{"id":10548,"href":"https:\/\/carleton.ca\/africanstudies\/wp-json\/wp\/v2\/pages\/25\/revisions\/10548"}],"up":[{"embeddable":true,"href":"https:\/\/carleton.ca\/africanstudies\/wp-json\/wp\/v2\/pages\/9"}],"wp:attachment":[{"href":"https:\/\/carleton.ca\/africanstudies\/wp-json\/wp\/v2\/media?parent=25"}],"curies":[{"name":"wp","href":"https:\/\/api.w.org\/{rel}","templated":true}]}}