{"id":4440,"date":"2012-12-10T13:41:03","date_gmt":"2012-12-10T18:41:03","guid":{"rendered":"http:\/\/carleton.ca\/africanstudies\/?page_id=4440"},"modified":"2015-03-27T15:12:18","modified_gmt":"2015-03-27T19:12:18","slug":"caas-2013","status":"publish","type":"page","link":"https:\/\/carleton.ca\/africanstudies\/events\/caas-2013\/","title":{"rendered":"CAAS 2013"},"content":{"rendered":"<p><img decoding=\"async\" loading=\"lazy\" class=\"alignright wp-image-4441 size-full\" title=\"CAAS-ACEA mask\" src=\"http:\/\/carleton.ca\/africanstudies\/wp-content\/uploads\/CAAS-ACEA-mask1.jpg\" alt=\"Image of a mask\" width=\"177\" height=\"268\" srcset=\"https:\/\/carleton.ca\/africanstudies\/wp-content\/uploads\/CAAS-ACEA-mask1.jpg 177w, https:\/\/carleton.ca\/africanstudies\/wp-content\/uploads\/CAAS-ACEA-mask1-160x242.jpg 160w\" sizes=\"(max-width: 177px) 100vw, 177px\" \/>(<a href=\"http:\/\/carleton.ca\/africanstudies\/events\/acea-2013\/\" target=\"_blank\">Le fran\u00e7ais<\/a>)<\/p>\n<p><strong>CANADIAN ASSOCIATION OF AFRICAN STUDIES (CAAS) ANNUAL CONFERENCE:<\/strong><\/p>\n<p><strong>AFRICA COMMUNICATING: DIGITAL TECHNOLOGIES, REPRESENTATION, POWER<\/strong><\/p>\n<p>INSTITUTE OF AFRICAN STUDIES<br \/>\nCARLETON UNIVERSITY<br \/>\nOTTAWA, ONTARIO<br \/>\nMAY 1-3 2013<\/p>\n<p><a href=\"#CFP\">Call for Papers<br \/>\n<\/a><\/p>\n<p><a href=\"#Keynote\">Keynote Speakers<\/a><\/p>\n<p><a href=\"http:\/\/carleton.ca\/africanstudies\/events\/caas-2013\/accommodation-options-for-caas-2013\/\" target=\"_blank\">Accommodation<\/a><\/p>\n<p><a href=\"http:\/\/carleton.ca\/africanstudies\/events\/caas-2013\/eventscaas-2013draft-registration-page\/\" target=\"_blank\">Registration<\/a><\/p>\n<p><a href=\"http:\/\/carleton.ca\/africanstudies\/events\/caas-2013\/caas-conference-2013-procedures-pour-demande-de-remboursementprocedures-to-apply-for-reimbursement\/\">Procedures to apply for Reimbursement<\/a><\/p>\n<p><a href=\"http:\/\/carleton.ca\/africanstudies\/events\/caas-2013\/program\" target=\"_blank\">Program<\/a><\/p>\n<p><a href=\"http:\/\/carleton.ca\/africanstudies\/wp-content\/uploads\/CAAS-Abstracts-AC\u00c9A-r\u00e9sum\u00e9s.pdf\" target=\"_blank\">Program with panel and paper abstracts<\/a><\/p>\n<p><a href=\"http:\/\/carleton.ca\/africanstudies\/events\/caas-2013\/caas-acea-conference-audiovisuel\/\" target=\"_blank\">Audiovisual\u00a0recordings of the conference<\/a><\/p>\n<p><a href=\"http:\/\/www.carleton.ca\/africanstudies\/events\/caas-2013\/caas-conference-special-events\/\"><span class=\"breadcrumb_last\">CAAS Conference: Special Events<\/span><\/a><\/p>\n<p><a name=\"CFP\"><\/a>CALL FOR PAPERS FOR THE CANADIAN ASSOCIATION OF AFRICAN STUDIES (CAAS) ANNUAL CONFERENCE:<br \/>\n<strong>AFRICA COMMUNICATING: DIGITAL TECHNOLOGIES, REPRESENTATION, POWER<\/strong><br \/>\nINSTITUTE OF AFRICAN STUDIES<br \/>\nCARLETON UNIVERSITY<br \/>\nOTTAWA, ONTARIO<br \/>\nMAY 1-3 2013<\/p>\n<p>The \u201cdigital revolution\u201d in Africa is increasingly a phrase found these past few years in the media, academic scholarship, and the \u201cgrey literature\u201d produced by non-governmental organizations, donors, and private sector firms. There have been a plethora of accounts pointing to the extensive uptake of various forms of digital technologies amongst varied populations and organizations throughout Africa and the varied roles they are playing in fields as diverse as banking, agriculture, music, and social movements. These more explicitly optimistic stories of African business opportunities, development transformations and innovation, and youth-led advocacy for change have been competing with the more conventional accounts of famine, conflict, disease and poverty associated with the continent.<\/p>\n<p>This growing focus on \u201cAfrica communicating\u201d is an important corrective to dominant portrayals of Africans as victims of greed, authoritarianism and exploitation. Nonetheless, this new-found interest needs to be critically analyzed in terms of questions of representation, power and the diverse social and cultural dynamics informing the uses of SMS, internet, videos, and other digital technologies. Moreover, attention needs to also be placed on other conventional and unconventional forms of communicating by Africans, and about Africa, that may be intertwined with or overshadowed by the focus on &#8220;the new&#8221; technologies. These include films, videos, various genres of literature, television, newspapers, music, and styles of oral accounts, including those found in urban settings like \u201cstreet stories.\u201d<\/p>\n<p>For the 43rd annual conference of the Canadian Association of African Studies (CAAS), we are calling for papers that explore the theme of Africa communicating, examining the particular usages and representations concerning digital technologies in Africa but also the broader ways in which differently situated Africans communicate through diverse media issues of concern, desire, opportunity, history, knowledge, freedom, and control. Hosted by the Institute of African Studies at Carleton University, some of the questions that emerge from this theme include the following: who are the different actors who are using, distributing, and profiting from these digital technologies? How extensive is the \u201cdigital divide\u201d and how is it defined in terms of class, gender, regional and other dimensions? Who are making these claims about the \u201cdigital revolution\u201d and what bearing do these assertions actually have in the varied uses of digital technologies by different Africans?<\/p>\n<p>Is \u201crevolution\u201d a proper way to categorize the resulting technological and economic changes to parts of the continent? What are the social histories of these technologies? Are these technologies intersecting with forms of public memories through institutional forms (e.g., museums, archives) or informal means and, if so, with what consequences? What African companies are using or innovating with these technologies? What are the socioeconomic impacts in different sectors of these and other technologies and what are the wider political economies involved in them? Who are the institutional \u201cvoices\u201d promoting this talk of the \u201cdigital revolution\u201d and what impacts, if any, are these representations having in investments, politics, foreign affairs, and economic activities? How are these technologies intersecting, if at all, with current and historical forms of public culture, religious institutions and practices, cosmologies, philosophies and art?<\/p>\n<p>What is the future of African print media in terms of web content and how is this shaping the types of readership, particularly in light of the digital divide? How do African novels, plays or films shape and represent the changing face of media? Are there other ways of understanding \u201cAfrica Communicating\u201d in the second decade of the twenty-first century?<\/p>\n<p>The Canadian Association of African Studies and its journal, the <a href=\"http:\/\/www.tandfonline.com\/toc\/rcas20\/current\" target=\"_blank\">Canadian Journal of African Studies<\/a> have long served as important platforms for scholarship on Africa. As such, and <strong>in addition to the more focused theme elaborated above, the conference welcomes papers, panels and roundtables on a broad range of topics and themes related to the continent, both disciplinary and interdisciplinary, as we seek to enable a broad and informed discussion of \u201cAfrica Communicating.\u201d<\/strong> Hence the meeting will be an occasion to share, in both French and English, research on topics such as the state in Africa, civil society, migrations, the slave trades, Africa in the international arena, conflicts within the continent, linguistic practice, religious dynamics, and so on. In keeping with the bilingual nature of CAAS, paper and panel proposals in French are particularly welcomed.<\/p>\n<p>In 2013, the CAAS annual conference will overlap with the annual meeting of the Canadian Association for Latin American and Caribbean Studies (CALACS), which will also be held at Carleton from May 3-5. On Friday May 3rd special events will be organized together by CAAS and CALACS to discuss the current situation in Haiti and Canada\u2019s presence in this country as well as the Haitian presence in Canada. We encourage submissions that promote scholarly collaboration between Africa and Latin America and the Caribbean.<\/p>\n<p><strong>The deadline for submitting paper proposals and panel proposals is February 25, 2013.<\/strong><\/p>\n<p>For information on submitting paper and panel abstracts, conference registration payment (on-line or by cheque), requests for funding for graduate students in Canada, as well as information regarding accommodations please send an e-mail to &#x63;a&#x61;&#115;&#x61;&#99;e&#x61;&#64;&#x63;&#97;r&#x6c;&#101;&#x74;&#111;n&#x2e;c&#x61; and go to the CAAS <a href=\"http:\/\/ocs.sfu.ca\/caas\/index.php\/caas\/Carleton2013\" target=\"_blank\">site<\/a> which will be updated regularly.<\/p>\n<p>We invite different types of proposals:<\/p>\n<p>-Individual 15-minute papers: Individual paper proposals accepted by the CAAS 2013 program committee will be organized into panels of 4-5 speakers, with one of the speakers likely being asked to be the chair of the panel. Proposals will include a <strong>200-word abstract<\/strong>, the name and affiliation of the presenter, and an email address.<\/p>\n<p>-90-minute panels: Panels will be composed of 4 to 5 presentations, followed by a discussion. Please do not include more than 4 presentations should a formal discussant be invited. Proposals will include a <strong>200-word abstract describing the theme of the panel<\/strong>, a list of participants (including the chair and, if available, the discussant) and <strong>200-word abstracts for each presentation<\/strong>. For each participant (chair, presenters, discussant), please also provide the affiliation and an email address.<\/p>\n<p>-Symposia: Symposia will be composed of at least 2 panels of 90 minutes each. Symposia panels will be presented one after the other and in the same location, as much as possible. Proposals will include a <strong>200-word abstract describing the theme of the symposium<\/strong>, a list of participants (including the chair(s) and, if available, the discussants) and<strong> 200-word abstracts for each presentation<\/strong>. For each participant (chair, presenters, discussant), please also provide the affiliation and an email address.<\/p>\n<p>-Round-tables: Round-tables will be 90 minutes and less formal than panels. Participants will not propose formal communication but will rather address a specific theme or issue to be submitted by the organizers of the round-table. Proposals will include a<strong> 200-word abstract describing the theme of the symposium and a list of participants<\/strong> (including the president, the chair and the discussants). For each participant (chair, presenters, discussant), please also provide the affiliation and an email address.<\/p>\n<p>Please submit your proposal to: &#99;a&#x61;s&#x61;c&#x65;a&#x40;&#99;&#x61;&#114;&#x6c;&#101;&#x74;&#111;n&#46;c&#x61;.<\/p>\n<p><em><span style=\"text-decoration: underline;\">Information on registration costs will be coming in January 2013.<\/span><\/em><\/p>\n<p>The organizing committee, the Executive Committee of the association, and all of its members look forward to welcoming you to Carleton University in Ottawa in May 2013.<\/p>\n<p><strong><a name=\"Keynote\"><\/a>Keynote Speakers <\/strong><\/p>\n<p>The organizing committee is pleased to let you know that we have some outstanding African scholars who will be participating on plenary panels for this year&#8217;s CAAS conference.\u00a0 Although they come from diverse disciplinary backgrounds, \u00a0all of their research speaks directly to the conference theme of &#8220;Africa Communicating: Digital Technologies, Representation, Power.&#8221;<\/p>\n<p>The speakers and the titles of their presentations are:<\/p>\n<p>1.\u00a0Gado Alzouma (American University of Nigeria) , \u201cThe Rhetoric of ICT4D in Africa\u201d<\/p>\n<p>2.\u00a0Monica Chibita (Uganda Christian University), \u201cNew media, new representations? Assessing media literacy in Eastern and Northern Uganda\u201d<\/p>\n<p>3.\u00a0Michel TJADE EONE (l&#8217;Universit\u00e9 de Yaound\u00e9),\u00a0 \u00ab l\u2019Afrique dans le temps global de la communication : du local au plan\u00e9taire \u00bb<\/p>\n<p>4.\u00a0Harry Garuba (University of Cape Town), &#8220;Playing with Modernity: The 419 Advance Fee Fraud and the Colonial-Modern Imaginary&#8221;<\/p>\n<p>5.\u00a0Naffet Keita (Universit\u00e9 de Bamako), \u00abM\u00e9s(usages) et tendances r\u00e9centes en mati\u00e8re de communication au Mali:\u00a0 le \u00ab pouvoir \u00bb du t\u00e9l\u00e9phone portable en \u00ab temps de crise \u00bb<\/p>\n<p>6.\u00a0Wisdom Tettey (University of British Columbia),\u00a0 &#8220;Mobile Phones, Democratic \u00a0Citizenship, and the Changing Ecology of Political Communication in Ghana&#8221;<\/p>\n<p>In addition, on the overlap day with the annual CALACS (Canadian Association for Latin American and Caribbean Studies) conference, Friday May 3rd, we are co-organizing a plenary panel on Haiti.<\/p>\n","protected":false},"excerpt":{"rendered":"<p>(Le fran\u00e7ais) CANADIAN ASSOCIATION OF AFRICAN STUDIES (CAAS) ANNUAL CONFERENCE: AFRICA COMMUNICATING: DIGITAL TECHNOLOGIES, REPRESENTATION, POWER INSTITUTE OF AFRICAN STUDIES CARLETON UNIVERSITY OTTAWA, ONTARIO MAY 1-3 2013 Call for Papers Keynote Speakers Accommodation Registration Procedures to apply for Reimbursement Program Program with panel and paper abstracts Audiovisual\u00a0recordings of the conference CAAS Conference: Special Events CALL [&hellip;]<\/p>\n","protected":false},"author":7,"featured_media":0,"parent":1502,"menu_order":3,"comment_status":"open","ping_status":"open","template":"pg-full.php","meta":{"_relevanssi_hide_post":"","_relevanssi_hide_content":"","_relevanssi_pin_for_all":"","_relevanssi_pin_keywords":"","_relevanssi_unpin_keywords":"","_relevanssi_related_keywords":"","_relevanssi_related_include_ids":"","_relevanssi_related_exclude_ids":"","_relevanssi_related_no_append":"","_relevanssi_related_not_related":"","_relevanssi_related_posts":"","_relevanssi_noindex_reason":"","_mi_skip_tracking":false,"_exactmetrics_sitenote_active":false,"_exactmetrics_sitenote_note":"","_exactmetrics_sitenote_category":0,"footnotes":"","_links_to":"","_links_to_target":""},"yoast_head":"<!-- This site is optimized with the Yoast SEO plugin v21.2 - https:\/\/yoast.com\/wordpress\/plugins\/seo\/ -->\n<title>CAAS 2013 - Institute of African Studies<\/title>\n<meta name=\"description\" content=\"CAAS African Studies conference 2013 ACEA Carleton Canadian\" \/>\n<meta name=\"robots\" content=\"index, follow, max-snippet:-1, max-image-preview:large, max-video-preview:-1\" \/>\n<link rel=\"canonical\" href=\"https:\/\/carleton.ca\/africanstudies\/events\/caas-2013\/\" \/>\n<meta name=\"twitter:label1\" content=\"Est. reading time\" \/>\n\t<meta name=\"twitter:data1\" content=\"7 minutes\" \/>\n<script type=\"application\/ld+json\" class=\"yoast-schema-graph\">{\"@context\":\"https:\/\/schema.org\",\"@graph\":[{\"@type\":\"WebPage\",\"@id\":\"https:\/\/carleton.ca\/africanstudies\/events\/caas-2013\/\",\"url\":\"https:\/\/carleton.ca\/africanstudies\/events\/caas-2013\/\",\"name\":\"CAAS 2013 - Institute of African Studies\",\"isPartOf\":{\"@id\":\"https:\/\/carleton.ca\/africanstudies\/#website\"},\"datePublished\":\"2012-12-10T18:41:03+00:00\",\"dateModified\":\"2015-03-27T19:12:18+00:00\",\"description\":\"CAAS African Studies conference 2013 ACEA Carleton Canadian\",\"breadcrumb\":{\"@id\":\"https:\/\/carleton.ca\/africanstudies\/events\/caas-2013\/#breadcrumb\"},\"inLanguage\":\"en-US\",\"potentialAction\":[{\"@type\":\"ReadAction\",\"target\":[\"https:\/\/carleton.ca\/africanstudies\/events\/caas-2013\/\"]}]},{\"@type\":\"BreadcrumbList\",\"@id\":\"https:\/\/carleton.ca\/africanstudies\/events\/caas-2013\/#breadcrumb\",\"itemListElement\":[{\"@type\":\"ListItem\",\"position\":1,\"name\":\"Home\",\"item\":\"https:\/\/carleton.ca\/africanstudies\/\"},{\"@type\":\"ListItem\",\"position\":2,\"name\":\"Events &#038; Multimedia\",\"item\":\"https:\/\/carleton.ca\/africanstudies\/events\/\"},{\"@type\":\"ListItem\",\"position\":3,\"name\":\"CAAS 2013\"}]},{\"@type\":\"WebSite\",\"@id\":\"https:\/\/carleton.ca\/africanstudies\/#website\",\"url\":\"https:\/\/carleton.ca\/africanstudies\/\",\"name\":\"Institute of African Studies\",\"description\":\"Carleton University\",\"potentialAction\":[{\"@type\":\"SearchAction\",\"target\":{\"@type\":\"EntryPoint\",\"urlTemplate\":\"https:\/\/carleton.ca\/africanstudies\/?s={search_term_string}\"},\"query-input\":\"required name=search_term_string\"}],\"inLanguage\":\"en-US\"}]}<\/script>\n<!-- \/ Yoast SEO plugin. -->","yoast_head_json":{"title":"CAAS 2013 - Institute of African Studies","description":"CAAS African Studies conference 2013 ACEA Carleton Canadian","robots":{"index":"index","follow":"follow","max-snippet":"max-snippet:-1","max-image-preview":"max-image-preview:large","max-video-preview":"max-video-preview:-1"},"canonical":"https:\/\/carleton.ca\/africanstudies\/events\/caas-2013\/","twitter_misc":{"Est. reading time":"7 minutes"},"schema":{"@context":"https:\/\/schema.org","@graph":[{"@type":"WebPage","@id":"https:\/\/carleton.ca\/africanstudies\/events\/caas-2013\/","url":"https:\/\/carleton.ca\/africanstudies\/events\/caas-2013\/","name":"CAAS 2013 - Institute of African Studies","isPartOf":{"@id":"https:\/\/carleton.ca\/africanstudies\/#website"},"datePublished":"2012-12-10T18:41:03+00:00","dateModified":"2015-03-27T19:12:18+00:00","description":"CAAS African Studies conference 2013 ACEA Carleton Canadian","breadcrumb":{"@id":"https:\/\/carleton.ca\/africanstudies\/events\/caas-2013\/#breadcrumb"},"inLanguage":"en-US","potentialAction":[{"@type":"ReadAction","target":["https:\/\/carleton.ca\/africanstudies\/events\/caas-2013\/"]}]},{"@type":"BreadcrumbList","@id":"https:\/\/carleton.ca\/africanstudies\/events\/caas-2013\/#breadcrumb","itemListElement":[{"@type":"ListItem","position":1,"name":"Home","item":"https:\/\/carleton.ca\/africanstudies\/"},{"@type":"ListItem","position":2,"name":"Events &#038; Multimedia","item":"https:\/\/carleton.ca\/africanstudies\/events\/"},{"@type":"ListItem","position":3,"name":"CAAS 2013"}]},{"@type":"WebSite","@id":"https:\/\/carleton.ca\/africanstudies\/#website","url":"https:\/\/carleton.ca\/africanstudies\/","name":"Institute of African Studies","description":"Carleton University","potentialAction":[{"@type":"SearchAction","target":{"@type":"EntryPoint","urlTemplate":"https:\/\/carleton.ca\/africanstudies\/?s={search_term_string}"},"query-input":"required name=search_term_string"}],"inLanguage":"en-US"}]}},"acf":{"banner_image_type":null,"banner_uploaded_image":null,"banner_hosted_image":null,"banner_opacity":null,"banner_button":null,"banner_buttons":null},"_links":{"self":[{"href":"https:\/\/carleton.ca\/africanstudies\/wp-json\/wp\/v2\/pages\/4440"}],"collection":[{"href":"https:\/\/carleton.ca\/africanstudies\/wp-json\/wp\/v2\/pages"}],"about":[{"href":"https:\/\/carleton.ca\/africanstudies\/wp-json\/wp\/v2\/types\/page"}],"author":[{"embeddable":true,"href":"https:\/\/carleton.ca\/africanstudies\/wp-json\/wp\/v2\/users\/7"}],"replies":[{"embeddable":true,"href":"https:\/\/carleton.ca\/africanstudies\/wp-json\/wp\/v2\/comments?post=4440"}],"version-history":[{"count":4,"href":"https:\/\/carleton.ca\/africanstudies\/wp-json\/wp\/v2\/pages\/4440\/revisions"}],"predecessor-version":[{"id":7187,"href":"https:\/\/carleton.ca\/africanstudies\/wp-json\/wp\/v2\/pages\/4440\/revisions\/7187"}],"up":[{"embeddable":true,"href":"https:\/\/carleton.ca\/africanstudies\/wp-json\/wp\/v2\/pages\/1502"}],"wp:attachment":[{"href":"https:\/\/carleton.ca\/africanstudies\/wp-json\/wp\/v2\/media?parent=4440"}],"curies":[{"name":"wp","href":"https:\/\/api.w.org\/{rel}","templated":true}]}}