{"id":4524,"date":"2013-01-20T21:42:25","date_gmt":"2013-01-21T02:42:25","guid":{"rendered":"http:\/\/carleton.ca\/africanstudies\/?page_id=4524"},"modified":"2014-05-09T11:54:48","modified_gmt":"2014-05-09T15:54:48","slug":"eventscaas-2013draft-registration-page","status":"publish","type":"page","link":"https:\/\/carleton.ca\/africanstudies\/events\/caas-2013\/eventscaas-2013draft-registration-page\/","title":{"rendered":"CAAS 2013 Registration page"},"content":{"rendered":"<p><strong>Registration for the 2013 CAAS Conference<\/strong><\/p>\n<p>It is possible to register here via Paypal for the 2013 CAAS conference (see dropdown box and button at the bottom of this page). Please note that there are several different rates, depending on the date of registration and the status of the participant:<\/p>\n<p>On s&#8217;inscrire ici via Paypal pour la Conf\u00e9rence de 2013 CAAS (voir liste d\u00e9roulante et le bouton au bas de cette page). Il y a plusieurs taux diff\u00e9rents, en fonction de la date d&#8217;enregistrement et le statut du participant:<\/p>\n<p>*Online registration by Professors, researchers, and other employees (e.g., civil servants, NGO staff, etc) before March 22nd 2013<br \/>\nInscription des professeurs et chercheurs, et autres salari\u00e9s (fonctionaires, personnel des ONG) \u201ctarif pr\u00e9f\u00e9rentiel\u201d, fait avant le 22 Mars 2013<br \/>\nPrice: 220.00 CAD<\/p>\n<p>*Online registration by a student (including post-doctoral students), underemployed (including contract instructors), and African-based scholars and officials before March 22nd 2013<br \/>\nInscription des \u00e9tudiants et post-doctoraux, sous-employ\u00e9s (y compris charg\u00e9s de cours), et les professeurs et fonctionaires bas\u00e9es en Afrique, \u201c tarif pr\u00e9f\u00e9rentiel\u201d, fait avant le 22 Mars 2013<br \/>\nCost: 100 CAD<\/p>\n<p>*Entry to only one day of the conference, registered before March 22nd 2013<br \/>\nInscription pour un jour de conf\u00e9rence, fair avant le 22 Mars 2013<br \/>\nCost: 75.00 CAD<\/p>\n<p>*Online registration by Professors, researchers, and other employees (e.g., civil servants, NGO staff, etc) after March 22nd 2013<br \/>\nInscription des professeurs et chercheurs, et autres salari\u00e9s (fonctionaires, personnel des ONG) fait apres le 22 Mars 2013<br \/>\nCost: 260.00 CAD<\/p>\n<p>*Online registration by a student (including post-docs), underemployed (including contract instructors), and African-based scholars and officials after March 22nd 2013<br \/>\nInscription des \u00e9tudiants, charg\u00e9s de cours et post-doctoraux, sous-employ\u00e9s (y compris charg\u00e9s de cours), et les professeurs et fonctionaires bas\u00e9es en Afrique, fait apres le 22 Mars 2013<br \/>\nCost: 140.00 CAD<\/p>\n<p>*Access to the conference for one day, registration after March 22nd 2013<br \/>\nInscription pour un jour, fait apres le 22 Mars 2013<br \/>\nCost: 100.00 CAD<\/p>\n<form action=\"https:\/\/www.paypal.com\/cgi-bin\/webscr\" method=\"post\" target=\"_top\"><input type=\"hidden\" name=\"cmd\" value=\"_s-xclick\" \/><br \/>\n<input type=\"hidden\" name=\"hosted_button_id\" value=\"9RTRWYHM9VXJC\" \/><\/p>\n<table>\n<tbody>\n<tr>\n<td><input type=\"hidden\" name=\"on0\" value=\"Registration\" \/>Registration<\/td>\n<\/tr>\n<tr>\n<td><select name=\"os0\"><option value=\"Regular\">Regular $260.00 CAD<\/option><option value=\"Student\">Student $140.00 CAD<\/option><option value=\"Day Registration\">Day Registration $100.00 CAD<\/option><\/select><\/td>\n<\/tr>\n<\/tbody>\n<\/table>\n<p><input type=\"hidden\" name=\"currency_code\" value=\"CAD\" \/><br \/>\n<input type=\"image\" alt=\"PayPal - The safer, easier way to pay online!\" name=\"submit\" src=\"https:\/\/www.paypalobjects.com\/en_US\/i\/btn\/btn_cart_LG.gif\" \/><br \/>\n<img decoding=\"async\" loading=\"lazy\" alt=\"\" src=\"https:\/\/www.paypalobjects.com\/en_US\/i\/scr\/pixel.gif\" width=\"1\" height=\"1\" border=\"0\" \/><\/p>\n<\/form>\n","protected":false},"excerpt":{"rendered":"<p>Registration for the 2013 CAAS Conference It is possible to register here via Paypal for the 2013 CAAS conference (see dropdown box and button at the bottom of this page). Please note that there are several different rates, depending on the date of registration and the status of the participant: On s&#8217;inscrire ici via Paypal [&hellip;]<\/p>\n","protected":false},"author":20,"featured_media":0,"parent":4440,"menu_order":0,"comment_status":"open","ping_status":"open","template":"pg-full.php","meta":{"_relevanssi_hide_post":"","_relevanssi_hide_content":"","_relevanssi_pin_for_all":"","_relevanssi_pin_keywords":"","_relevanssi_unpin_keywords":"","_relevanssi_related_keywords":"","_relevanssi_related_include_ids":"","_relevanssi_related_exclude_ids":"","_relevanssi_related_no_append":"","_relevanssi_related_not_related":"","_relevanssi_related_posts":"","_relevanssi_noindex_reason":"","_mi_skip_tracking":false,"_exactmetrics_sitenote_active":false,"_exactmetrics_sitenote_note":"","_exactmetrics_sitenote_category":0,"footnotes":"","_links_to":"","_links_to_target":""},"yoast_head":"<!-- This site is optimized with the Yoast SEO plugin v21.2 - https:\/\/yoast.com\/wordpress\/plugins\/seo\/ -->\n<title>CAAS 2013 Registration page - Institute of African Studies<\/title>\n<meta name=\"description\" content=\"Registration for the 2013 CAAS Conference It is possible to register here via Paypal for the 2013 CAAS conference (see dropdown box and button at the\" \/>\n<meta name=\"robots\" content=\"index, follow, max-snippet:-1, max-image-preview:large, max-video-preview:-1\" \/>\n<link rel=\"canonical\" href=\"https:\/\/carleton.ca\/africanstudies\/events\/caas-2013\/eventscaas-2013draft-registration-page\/\" \/>\n<meta name=\"twitter:label1\" content=\"Est. reading time\" \/>\n\t<meta name=\"twitter:data1\" content=\"2 minutes\" \/>\n<script type=\"application\/ld+json\" class=\"yoast-schema-graph\">{\"@context\":\"https:\/\/schema.org\",\"@graph\":[{\"@type\":\"WebPage\",\"@id\":\"https:\/\/carleton.ca\/africanstudies\/events\/caas-2013\/eventscaas-2013draft-registration-page\/\",\"url\":\"https:\/\/carleton.ca\/africanstudies\/events\/caas-2013\/eventscaas-2013draft-registration-page\/\",\"name\":\"CAAS 2013 Registration page - Institute of African Studies\",\"isPartOf\":{\"@id\":\"https:\/\/carleton.ca\/africanstudies\/#website\"},\"datePublished\":\"2013-01-21T02:42:25+00:00\",\"dateModified\":\"2014-05-09T15:54:48+00:00\",\"description\":\"Registration for the 2013 CAAS Conference It is possible to register here via Paypal for the 2013 CAAS conference (see dropdown box and button at the\",\"breadcrumb\":{\"@id\":\"https:\/\/carleton.ca\/africanstudies\/events\/caas-2013\/eventscaas-2013draft-registration-page\/#breadcrumb\"},\"inLanguage\":\"en-US\",\"potentialAction\":[{\"@type\":\"ReadAction\",\"target\":[\"https:\/\/carleton.ca\/africanstudies\/events\/caas-2013\/eventscaas-2013draft-registration-page\/\"]}]},{\"@type\":\"BreadcrumbList\",\"@id\":\"https:\/\/carleton.ca\/africanstudies\/events\/caas-2013\/eventscaas-2013draft-registration-page\/#breadcrumb\",\"itemListElement\":[{\"@type\":\"ListItem\",\"position\":1,\"name\":\"Home\",\"item\":\"https:\/\/carleton.ca\/africanstudies\/\"},{\"@type\":\"ListItem\",\"position\":2,\"name\":\"Events &#038; Multimedia\",\"item\":\"https:\/\/carleton.ca\/africanstudies\/events\/\"},{\"@type\":\"ListItem\",\"position\":3,\"name\":\"CAAS 2013\",\"item\":\"https:\/\/carleton.ca\/africanstudies\/events\/caas-2013\/\"},{\"@type\":\"ListItem\",\"position\":4,\"name\":\"CAAS 2013 Registration page\"}]},{\"@type\":\"WebSite\",\"@id\":\"https:\/\/carleton.ca\/africanstudies\/#website\",\"url\":\"https:\/\/carleton.ca\/africanstudies\/\",\"name\":\"Institute of African Studies\",\"description\":\"Carleton University\",\"potentialAction\":[{\"@type\":\"SearchAction\",\"target\":{\"@type\":\"EntryPoint\",\"urlTemplate\":\"https:\/\/carleton.ca\/africanstudies\/?s={search_term_string}\"},\"query-input\":\"required name=search_term_string\"}],\"inLanguage\":\"en-US\"}]}<\/script>\n<!-- \/ Yoast SEO plugin. -->","yoast_head_json":{"title":"CAAS 2013 Registration page - Institute of African Studies","description":"Registration for the 2013 CAAS Conference It is possible to register here via Paypal for the 2013 CAAS conference (see dropdown box and button at the","robots":{"index":"index","follow":"follow","max-snippet":"max-snippet:-1","max-image-preview":"max-image-preview:large","max-video-preview":"max-video-preview:-1"},"canonical":"https:\/\/carleton.ca\/africanstudies\/events\/caas-2013\/eventscaas-2013draft-registration-page\/","twitter_misc":{"Est. reading time":"2 minutes"},"schema":{"@context":"https:\/\/schema.org","@graph":[{"@type":"WebPage","@id":"https:\/\/carleton.ca\/africanstudies\/events\/caas-2013\/eventscaas-2013draft-registration-page\/","url":"https:\/\/carleton.ca\/africanstudies\/events\/caas-2013\/eventscaas-2013draft-registration-page\/","name":"CAAS 2013 Registration page - Institute of African Studies","isPartOf":{"@id":"https:\/\/carleton.ca\/africanstudies\/#website"},"datePublished":"2013-01-21T02:42:25+00:00","dateModified":"2014-05-09T15:54:48+00:00","description":"Registration for the 2013 CAAS Conference It is possible to register here via Paypal for the 2013 CAAS conference (see dropdown box and button at the","breadcrumb":{"@id":"https:\/\/carleton.ca\/africanstudies\/events\/caas-2013\/eventscaas-2013draft-registration-page\/#breadcrumb"},"inLanguage":"en-US","potentialAction":[{"@type":"ReadAction","target":["https:\/\/carleton.ca\/africanstudies\/events\/caas-2013\/eventscaas-2013draft-registration-page\/"]}]},{"@type":"BreadcrumbList","@id":"https:\/\/carleton.ca\/africanstudies\/events\/caas-2013\/eventscaas-2013draft-registration-page\/#breadcrumb","itemListElement":[{"@type":"ListItem","position":1,"name":"Home","item":"https:\/\/carleton.ca\/africanstudies\/"},{"@type":"ListItem","position":2,"name":"Events &#038; Multimedia","item":"https:\/\/carleton.ca\/africanstudies\/events\/"},{"@type":"ListItem","position":3,"name":"CAAS 2013","item":"https:\/\/carleton.ca\/africanstudies\/events\/caas-2013\/"},{"@type":"ListItem","position":4,"name":"CAAS 2013 Registration page"}]},{"@type":"WebSite","@id":"https:\/\/carleton.ca\/africanstudies\/#website","url":"https:\/\/carleton.ca\/africanstudies\/","name":"Institute of African Studies","description":"Carleton University","potentialAction":[{"@type":"SearchAction","target":{"@type":"EntryPoint","urlTemplate":"https:\/\/carleton.ca\/africanstudies\/?s={search_term_string}"},"query-input":"required name=search_term_string"}],"inLanguage":"en-US"}]}},"acf":{"banner_image_type":null,"banner_uploaded_image":null,"banner_hosted_image":null,"banner_opacity":null,"banner_button":null,"banner_buttons":null},"_links":{"self":[{"href":"https:\/\/carleton.ca\/africanstudies\/wp-json\/wp\/v2\/pages\/4524"}],"collection":[{"href":"https:\/\/carleton.ca\/africanstudies\/wp-json\/wp\/v2\/pages"}],"about":[{"href":"https:\/\/carleton.ca\/africanstudies\/wp-json\/wp\/v2\/types\/page"}],"author":[{"embeddable":true,"href":"https:\/\/carleton.ca\/africanstudies\/wp-json\/wp\/v2\/users\/20"}],"replies":[{"embeddable":true,"href":"https:\/\/carleton.ca\/africanstudies\/wp-json\/wp\/v2\/comments?post=4524"}],"version-history":[{"count":3,"href":"https:\/\/carleton.ca\/africanstudies\/wp-json\/wp\/v2\/pages\/4524\/revisions"}],"predecessor-version":[{"id":5941,"href":"https:\/\/carleton.ca\/africanstudies\/wp-json\/wp\/v2\/pages\/4524\/revisions\/5941"}],"up":[{"embeddable":true,"href":"https:\/\/carleton.ca\/africanstudies\/wp-json\/wp\/v2\/pages\/4440"}],"wp:attachment":[{"href":"https:\/\/carleton.ca\/africanstudies\/wp-json\/wp\/v2\/media?parent=4524"}],"curies":[{"name":"wp","href":"https:\/\/api.w.org\/{rel}","templated":true}]}}