{"id":4580,"date":"2013-02-05T22:29:07","date_gmt":"2013-02-06T03:29:07","guid":{"rendered":"http:\/\/carleton.ca\/africanstudies\/?page_id=4580"},"modified":"2013-03-11T23:17:29","modified_gmt":"2013-03-12T03:17:29","slug":"hebergement-pour-le-conference-de-lacea-2013","status":"publish","type":"page","link":"https:\/\/carleton.ca\/africanstudies\/events\/acea-2013\/hebergement-pour-le-conference-de-lacea-2013\/","title":{"rendered":"H\u00e9bergement pour le conf\u00e9rence de l&#8217;ACEA, 2013"},"content":{"rendered":"<p><strong>H\u00c9BERGEMENT<\/strong><\/p>\n<p><\/p>\n<p>Il existe diff\u00e9rentes possibilit\u00e9s d&#8217;h\u00e9bergement.<\/p>\n<p>* Nous avons aussi un nombre limit\u00e9 de chambres r\u00e9serv\u00e9es \u00e0 un tarif sp\u00e9cial pour la Conf\u00e9rence a l\u2019hotel Quality Inn, et l\u2019hotel Business Inn.<\/p>\n<p><\/p>\n<p><strong>Quality Inn<\/strong><\/p>\n<p>Situ\u00e9 \u00e0 290 Rideau Street, \u00e0 distance de marche (trois blocs) pour le march\u00e9 Byward. Date limite de r\u00e9servation: 9th Avril, 2013. Apr\u00e8s cette date, le taux ne peut pas \u00eatre garantie.<\/p>\n<p>Le tarif est $109.00 par nuit, (plus la HST de 13%) pour les chambres avec un grand lit et un canap\u00e9-lit. Il y a acc\u00e8s\u00a0a l&#8217;Internet sans fil haute vitesse (le plus rapide dans la ville), des chambres spacieuses avec un lit Queen size et un canap\u00e9 lit ou deux lits doubles, un grand bureau dans chaque chambre \u00e9quip\u00e9e d&#8217;une grande fauteuil\u00a0, de nouveaux 32 &#8220;\u00e9cran plat LCD t\u00e9l\u00e9viseurs haute d\u00e9finition dans toutes les pi\u00e8ces, et les appels locaux gratuits et des journaux quotidiens. Parking est des heures 16.00\/24 $; illimit\u00e9 privil\u00e8ges d&#8217;entr\u00e9e.<\/p>\n<p>Les personnes qui souhaitent faire une r\u00e9servation peuvent communiquer avec le service des r\u00e9servations au<a href=\"tel:613-789-7511\" target=\"_blank\">\u00a0613-789-7511\u00a0<\/a>or\u00a0<a href=\"&#109;&#x61;&#x69;l&#116;&#x6f;&#x3a;R&#101;&#x73;e&#114;&#x76;&#x61;t&#105;&#x6f;n&#115;&#x51;&#x75;a&#108;&#x69;&#x74;&#121;&#x4f;&#x74;t&#97;&#x77;&#x61;&#64;&#119;&#x68;g&#46;&#x63;&#x6f;m\" target=\"_blank\">&#x52;&#x65;&#x73;&#x65;&#x72;&#118;&#97;&#116;&#105;ons&#x51;&#x75;&#x61;&#x6c;&#x69;&#x74;&#121;&#79;&#116;taw&#x61;&#x40;&#x77;&#x68;&#x67;&#x2e;&#99;&#111;&#109;<\/a>. S&#8217;il vous pla\u00eet citer\u00a0\u201cCarleton University \u2013 African Studies\u201d. Pour plus de d\u00e9tails, voir:\u00a0<a href=\"http:\/\/www.qualityhotelottawa.com\/\" target=\"_blank\">www.qualityhotelottawa.com<\/a><\/p>\n<p><\/p>\n<p><strong>l\u2019hotel Business Inn<\/strong><\/p>\n<p>Situ\u00e9 \u00e0 180 MacLaren Street, dans le quartier Centre-ville d&#8217;Ottawa. Il ya une date limite pour la r\u00e9servation 19 Avril: apr\u00e8s cette date, les taux CAAS ne sera plus disponible.<\/p>\n<p>Les taux CAAS sont de 119 $ par nuit, plus taxes (occupation simple ou double) pour les suites ex\u00e9cutives. Suites ex\u00e9cutives offrent un grand espace de vie \u00e0 aire ouverte avec de beaux meubles, un lit oreiller en peluche haut de la Reine ainsi que d&#8217;un canap\u00e9-lit queen size dans le salon. Cette suite comprend une cuisine enti\u00e8rement \u00e9quip\u00e9e, ordinateur et imprimante avec acc\u00e8s Wi-Fi gratuit \u00e0 Internet haut d\u00e9bit sans fil.<\/p>\n<p>Les personnes qui souhaitent faire une r\u00e9servation peuvent t\u00e9l\u00e9phoner sans frais au 1-800-363-1777 gratuite de l&#8217;h\u00f4tel ou par courriel \u00e0 l&#8217;h\u00f4tel directement au e&#109;&#x61;&#x69;l&#64;&#116;&#x68;&#x65;b&#117;&#115;&#x69;&#x6e;e&#115;&#x73;&#x69;&#x6e;n&#46;&#x63;&#x6f;m. Tous les individus doivent mentionner \u00abl&#8217;Universit\u00e9 Carleton\u00bb. Vieullez voir aussi www.thebusinessinn.com<\/p>\n<p><\/p>\n<p>* Il existe aussi de nombreux <strong>Bed and Breakfasts<\/strong>, qu&#8217;on peut trouver \u00e0 l&#8217;adresse suivante:<\/p>\n<p><a href=\"http:\/\/www.bbcanada.com\/ontario\/ottawa\/ottawa\">http:\/\/www.bbcanada.com\/ontario\/ottawa\/ottawa<\/a><\/p>\n<p>En voici une liste pr\u00e8s de l&#8217;Universit\u00e9 et du centre-ville:<\/p>\n<p><strong>By the Way B &amp; B<\/strong><br \/>\n310 First Ave<br \/>\nOttawa, Ontario<br \/>\nK1S 2G8<br \/>\n(613) 232-6840<br \/>\nhttp:\/\/www.bedbreakfasthome.com\/byetheway<\/p>\n<p><strong>Radclyffe House<\/strong><br \/>\n160 Waverley Street<br \/>\nOttawa, Ontario<br \/>\nK2P 0V6<br \/>\n(613) 231-5355<br \/>\nTarif approximatif: $100\/nuit (formule \u00e9conomique un lit)<br \/>\n<a href=\"http:\/\/www.radclyffehouse.ca\/\">http:\/\/www.radclyffehouse.ca\/<\/a><\/p>\n<p><\/p>\n<p><strong>A Rose on Colonel By B &amp; B<\/strong><\/p>\n<p>9 Rosedale Avenue (sur le Canal Rideau)<\/p>\n<p>Ottawa, Ontario<br \/>\nK1S 4T2<br \/>\n(613) 291-7831<br \/>\n<a href=\"http:\/\/www.ottawaplus.ca\/ottawa\/venues\/a-rose-on-colonel-by-b-b\">http:\/\/www.ottawaplus.ca\/ottawa\/venues\/a-rose-on-colonel-by-b-b<\/a><\/p>\n<p><strong>\u00a0<\/strong><\/p>\n<p><strong>Swiss Hotel<\/strong><br \/>\n89 Daly Ave.<br \/>\n613-237-0335<\/p>\n<p>Tarif approximatif: $149\/nuit (formule \u00e9conomique un lit)<\/p>\n<p>http:\/\/swisshotel.ca\/<\/p>\n<p><\/p>\n<p><\/p>\n<p>*\u00a0 Hostels<\/p>\n<p><strong>HI-Ottawa Jail<\/strong><\/p>\n<p>75 Nicholas Street, Ontario, Canada<\/p>\n<p>613.235.2595<\/p>\n<p>Tarif approximatif: $59\/nuit (formule \u00e9conomique un lit)<\/p>\n<p>http:\/\/www.hihostels.ca\/Ontario\/1166\/hi-ottawa-jail.hostel<\/p>\n","protected":false},"excerpt":{"rendered":"<p>H\u00c9BERGEMENT Il existe diff\u00e9rentes possibilit\u00e9s d&#8217;h\u00e9bergement. * Nous avons aussi un nombre limit\u00e9 de chambres r\u00e9serv\u00e9es \u00e0 un tarif sp\u00e9cial pour la Conf\u00e9rence a l\u2019hotel Quality Inn, et l\u2019hotel Business Inn. Quality Inn Situ\u00e9 \u00e0 290 Rideau Street, \u00e0 distance de marche (trois blocs) pour le march\u00e9 Byward. Date limite de r\u00e9servation: 9th Avril, 2013. [&hellip;]<\/p>\n","protected":false},"author":20,"featured_media":0,"parent":4446,"menu_order":0,"comment_status":"open","ping_status":"open","template":"","meta":{"_relevanssi_hide_post":"","_relevanssi_hide_content":"","_relevanssi_pin_for_all":"","_relevanssi_pin_keywords":"","_relevanssi_unpin_keywords":"","_relevanssi_related_keywords":"","_relevanssi_related_include_ids":"","_relevanssi_related_exclude_ids":"","_relevanssi_related_no_append":"","_relevanssi_related_not_related":"","_relevanssi_related_posts":"","_relevanssi_noindex_reason":"","_mi_skip_tracking":false,"_exactmetrics_sitenote_active":false,"_exactmetrics_sitenote_note":"","_exactmetrics_sitenote_category":0,"footnotes":"","_links_to":"","_links_to_target":""},"yoast_head":"<!-- This site is optimized with the Yoast SEO plugin v21.2 - https:\/\/yoast.com\/wordpress\/plugins\/seo\/ -->\n<title>H\u00e9bergement pour le conf\u00e9rence de l&#039;ACEA, Universit\u00e9 Carleton, Ottawa<\/title>\n<meta name=\"description\" content=\"H\u00c9BERGEMENT &nbsp; Il existe diff\u00e9rentes possibilit\u00e9s d&#039;h\u00e9bergement. * Nous avons aussi un nombre limit\u00e9 de chambres r\u00e9serv\u00e9es \u00e0 un tarif sp\u00e9cial pour la\" \/>\n<meta name=\"robots\" content=\"index, follow, max-snippet:-1, max-image-preview:large, max-video-preview:-1\" \/>\n<link rel=\"canonical\" href=\"https:\/\/carleton.ca\/africanstudies\/events\/acea-2013\/hebergement-pour-le-conference-de-lacea-2013\/\" \/>\n<meta name=\"twitter:label1\" content=\"Est. reading time\" \/>\n\t<meta name=\"twitter:data1\" content=\"3 minutes\" \/>\n<script type=\"application\/ld+json\" class=\"yoast-schema-graph\">{\"@context\":\"https:\/\/schema.org\",\"@graph\":[{\"@type\":\"WebPage\",\"@id\":\"https:\/\/carleton.ca\/africanstudies\/events\/acea-2013\/hebergement-pour-le-conference-de-lacea-2013\/\",\"url\":\"https:\/\/carleton.ca\/africanstudies\/events\/acea-2013\/hebergement-pour-le-conference-de-lacea-2013\/\",\"name\":\"H\u00e9bergement pour le conf\u00e9rence de l'ACEA, Universit\u00e9 Carleton, Ottawa\",\"isPartOf\":{\"@id\":\"https:\/\/carleton.ca\/africanstudies\/#website\"},\"datePublished\":\"2013-02-06T03:29:07+00:00\",\"dateModified\":\"2013-03-12T03:17:29+00:00\",\"description\":\"H\u00c9BERGEMENT &nbsp; Il existe diff\u00e9rentes possibilit\u00e9s d'h\u00e9bergement. * Nous avons aussi un nombre limit\u00e9 de chambres r\u00e9serv\u00e9es \u00e0 un tarif sp\u00e9cial pour la\",\"breadcrumb\":{\"@id\":\"https:\/\/carleton.ca\/africanstudies\/events\/acea-2013\/hebergement-pour-le-conference-de-lacea-2013\/#breadcrumb\"},\"inLanguage\":\"en-US\",\"potentialAction\":[{\"@type\":\"ReadAction\",\"target\":[\"https:\/\/carleton.ca\/africanstudies\/events\/acea-2013\/hebergement-pour-le-conference-de-lacea-2013\/\"]}]},{\"@type\":\"BreadcrumbList\",\"@id\":\"https:\/\/carleton.ca\/africanstudies\/events\/acea-2013\/hebergement-pour-le-conference-de-lacea-2013\/#breadcrumb\",\"itemListElement\":[{\"@type\":\"ListItem\",\"position\":1,\"name\":\"Home\",\"item\":\"https:\/\/carleton.ca\/africanstudies\/\"},{\"@type\":\"ListItem\",\"position\":2,\"name\":\"Events &#038; Multimedia\",\"item\":\"https:\/\/carleton.ca\/africanstudies\/events\/\"},{\"@type\":\"ListItem\",\"position\":3,\"name\":\"AC\u00c9A 2013\",\"item\":\"https:\/\/carleton.ca\/africanstudies\/events\/acea-2013\/\"},{\"@type\":\"ListItem\",\"position\":4,\"name\":\"H\u00e9bergement pour le conf\u00e9rence de l&#8217;ACEA, 2013\"}]},{\"@type\":\"WebSite\",\"@id\":\"https:\/\/carleton.ca\/africanstudies\/#website\",\"url\":\"https:\/\/carleton.ca\/africanstudies\/\",\"name\":\"Institute of African Studies\",\"description\":\"Carleton University\",\"potentialAction\":[{\"@type\":\"SearchAction\",\"target\":{\"@type\":\"EntryPoint\",\"urlTemplate\":\"https:\/\/carleton.ca\/africanstudies\/?s={search_term_string}\"},\"query-input\":\"required name=search_term_string\"}],\"inLanguage\":\"en-US\"}]}<\/script>\n<!-- \/ Yoast SEO plugin. -->","yoast_head_json":{"title":"H\u00e9bergement pour le conf\u00e9rence de l'ACEA, Universit\u00e9 Carleton, Ottawa","description":"H\u00c9BERGEMENT &nbsp; Il existe diff\u00e9rentes possibilit\u00e9s d'h\u00e9bergement. * Nous avons aussi un nombre limit\u00e9 de chambres r\u00e9serv\u00e9es \u00e0 un tarif sp\u00e9cial pour la","robots":{"index":"index","follow":"follow","max-snippet":"max-snippet:-1","max-image-preview":"max-image-preview:large","max-video-preview":"max-video-preview:-1"},"canonical":"https:\/\/carleton.ca\/africanstudies\/events\/acea-2013\/hebergement-pour-le-conference-de-lacea-2013\/","twitter_misc":{"Est. reading time":"3 minutes"},"schema":{"@context":"https:\/\/schema.org","@graph":[{"@type":"WebPage","@id":"https:\/\/carleton.ca\/africanstudies\/events\/acea-2013\/hebergement-pour-le-conference-de-lacea-2013\/","url":"https:\/\/carleton.ca\/africanstudies\/events\/acea-2013\/hebergement-pour-le-conference-de-lacea-2013\/","name":"H\u00e9bergement pour le conf\u00e9rence de l'ACEA, Universit\u00e9 Carleton, Ottawa","isPartOf":{"@id":"https:\/\/carleton.ca\/africanstudies\/#website"},"datePublished":"2013-02-06T03:29:07+00:00","dateModified":"2013-03-12T03:17:29+00:00","description":"H\u00c9BERGEMENT &nbsp; Il existe diff\u00e9rentes possibilit\u00e9s d'h\u00e9bergement. * Nous avons aussi un nombre limit\u00e9 de chambres r\u00e9serv\u00e9es \u00e0 un tarif sp\u00e9cial pour la","breadcrumb":{"@id":"https:\/\/carleton.ca\/africanstudies\/events\/acea-2013\/hebergement-pour-le-conference-de-lacea-2013\/#breadcrumb"},"inLanguage":"en-US","potentialAction":[{"@type":"ReadAction","target":["https:\/\/carleton.ca\/africanstudies\/events\/acea-2013\/hebergement-pour-le-conference-de-lacea-2013\/"]}]},{"@type":"BreadcrumbList","@id":"https:\/\/carleton.ca\/africanstudies\/events\/acea-2013\/hebergement-pour-le-conference-de-lacea-2013\/#breadcrumb","itemListElement":[{"@type":"ListItem","position":1,"name":"Home","item":"https:\/\/carleton.ca\/africanstudies\/"},{"@type":"ListItem","position":2,"name":"Events &#038; Multimedia","item":"https:\/\/carleton.ca\/africanstudies\/events\/"},{"@type":"ListItem","position":3,"name":"AC\u00c9A 2013","item":"https:\/\/carleton.ca\/africanstudies\/events\/acea-2013\/"},{"@type":"ListItem","position":4,"name":"H\u00e9bergement pour le conf\u00e9rence de l&#8217;ACEA, 2013"}]},{"@type":"WebSite","@id":"https:\/\/carleton.ca\/africanstudies\/#website","url":"https:\/\/carleton.ca\/africanstudies\/","name":"Institute of African Studies","description":"Carleton University","potentialAction":[{"@type":"SearchAction","target":{"@type":"EntryPoint","urlTemplate":"https:\/\/carleton.ca\/africanstudies\/?s={search_term_string}"},"query-input":"required name=search_term_string"}],"inLanguage":"en-US"}]}},"acf":{"banner_image_type":null,"banner_uploaded_image":null,"banner_hosted_image":null,"banner_opacity":null,"banner_button":null,"banner_buttons":null},"_links":{"self":[{"href":"https:\/\/carleton.ca\/africanstudies\/wp-json\/wp\/v2\/pages\/4580"}],"collection":[{"href":"https:\/\/carleton.ca\/africanstudies\/wp-json\/wp\/v2\/pages"}],"about":[{"href":"https:\/\/carleton.ca\/africanstudies\/wp-json\/wp\/v2\/types\/page"}],"author":[{"embeddable":true,"href":"https:\/\/carleton.ca\/africanstudies\/wp-json\/wp\/v2\/users\/20"}],"replies":[{"embeddable":true,"href":"https:\/\/carleton.ca\/africanstudies\/wp-json\/wp\/v2\/comments?post=4580"}],"version-history":[{"count":3,"href":"https:\/\/carleton.ca\/africanstudies\/wp-json\/wp\/v2\/pages\/4580\/revisions"}],"predecessor-version":[{"id":4684,"href":"https:\/\/carleton.ca\/africanstudies\/wp-json\/wp\/v2\/pages\/4580\/revisions\/4684"}],"up":[{"embeddable":true,"href":"https:\/\/carleton.ca\/africanstudies\/wp-json\/wp\/v2\/pages\/4446"}],"wp:attachment":[{"href":"https:\/\/carleton.ca\/africanstudies\/wp-json\/wp\/v2\/media?parent=4580"}],"curies":[{"name":"wp","href":"https:\/\/api.w.org\/{rel}","templated":true}]}}