{"id":4600,"date":"2013-01-29T23:46:34","date_gmt":"2013-01-30T04:46:34","guid":{"rendered":"http:\/\/carleton.ca\/africanstudies\/?page_id=4600"},"modified":"2013-04-24T11:30:07","modified_gmt":"2013-04-24T15:30:07","slug":"inscription-pour-la-conference-de-2013-de-lacea","status":"publish","type":"page","link":"https:\/\/carleton.ca\/africanstudies\/events\/acea-2013\/inscription-pour-la-conference-de-2013-de-lacea\/","title":{"rendered":"Inscription pour la Conf\u00e9rence de 2013 de l&#8217;ACEA"},"content":{"rendered":"<p>On s&#8217;inscrire ici via Paypal pour la Conf\u00e9rence de 2013 ACEA (voir liste d\u00e9roulante et le bouton au bas de cette page). Il y a plusieurs taux diff\u00e9rents, en fonction de la date d&#8217;enregistrement et le statut du participant:<\/p>\n<p>*Inscription des professeurs et chercheurs, et autres salari\u00e9s (fonctionaires, personnel des ONG) \u201ctarif pr\u00e9f\u00e9rentiel\u201d, fait avant le 22 Mars 2013<\/p>\n<p>Price: 220.00 CAD<\/p>\n<p>*Inscription des \u00e9tudiants et post-doctoraux, sous-employ\u00e9s (y compris charg\u00e9s de cours), et les professeurs et fonctionaires bas\u00e9es en Afrique, \u201c tarif pr\u00e9f\u00e9rentiel\u201d, fait avant le 22 Mars 2013<\/p>\n<p>Cost: 100 CAD<\/p>\n<p>* Inscription pour un jour de conf\u00e9rence, fair avant le 22 Mars 2013<\/p>\n<p>Cost: 75.00 CAD<\/p>\n<p>*Inscription des professeurs et chercheurs, et autres salari\u00e9s (fonctionaires, personnel des ONG) fait apres le 22 Mars 2013 Cost: 260.00 CAD<\/p>\n<p>* Inscription des \u00e9tudiants, charg\u00e9s de cours et post-doctoraux, sous-employ\u00e9s (y compris charg\u00e9s de cours), et les professeurs et fonctionaires bas\u00e9es en Afrique, fait apres le 22 Mars 2013<\/p>\n<p>Cost: 140.00 CAD<\/p>\n<p>*Inscription pour un jour, fait apres le 22 Mars 2013<\/p>\n<p>Cost: 100.00 CAD<\/p>\n<form target=\"paypal\" action=\"https:\/\/www.paypal.com\/cgi-bin\/webscr\" method=\"post\" target=\"_top\">\n<input type=\"hidden\" name=\"cmd\" value=\"_s-xclick\"><br \/>\n<input type=\"hidden\" name=\"hosted_button_id\" value=\"9RTRWYHM9VXJC\"><\/p>\n<table>\n<tr>\n<td><input type=\"hidden\" name=\"on0\" value=\"Registration\">Registration<\/td>\n<\/tr>\n<tr>\n<td><select name=\"os0\"><option value=\"Regular\">Regular $260.00 CAD<\/option><option value=\"Student\">Student $140.00 CAD<\/option><option value=\"Day Registration\">Day Registration $100.00 CAD<\/option><\/select> <\/td>\n<\/tr>\n<\/table>\n<p><input type=\"hidden\" name=\"currency_code\" value=\"CAD\"><br \/>\n<input type=\"image\" src=\"https:\/\/www.paypalobjects.com\/en_US\/i\/btn\/btn_cart_LG.gif\" border=\"0\" name=\"submit\" alt=\"PayPal - The safer, easier way to pay online!\"><br \/>\n<img decoding=\"async\" loading=\"lazy\" alt=\"\" border=\"0\" src=\"https:\/\/www.paypalobjects.com\/en_US\/i\/scr\/pixel.gif\" width=\"1\" height=\"1\"><br \/>\n<\/form>\n","protected":false},"excerpt":{"rendered":"<p>On s&#8217;inscrire ici via Paypal pour la Conf\u00e9rence de 2013 ACEA (voir liste d\u00e9roulante et le bouton au bas de cette page). Il y a plusieurs taux diff\u00e9rents, en fonction de la date d&#8217;enregistrement et le statut du participant: *Inscription des professeurs et chercheurs, et autres salari\u00e9s (fonctionaires, personnel des ONG) \u201ctarif pr\u00e9f\u00e9rentiel\u201d, fait avant [&hellip;]<\/p>\n","protected":false},"author":20,"featured_media":0,"parent":4446,"menu_order":0,"comment_status":"open","ping_status":"open","template":"","meta":{"_relevanssi_hide_post":"","_relevanssi_hide_content":"","_relevanssi_pin_for_all":"","_relevanssi_pin_keywords":"","_relevanssi_unpin_keywords":"","_relevanssi_related_keywords":"","_relevanssi_related_include_ids":"","_relevanssi_related_exclude_ids":"","_relevanssi_related_no_append":"","_relevanssi_related_not_related":"","_relevanssi_related_posts":"","_relevanssi_noindex_reason":"","_mi_skip_tracking":false,"_exactmetrics_sitenote_active":false,"_exactmetrics_sitenote_note":"","_exactmetrics_sitenote_category":0,"footnotes":"","_links_to":"","_links_to_target":""},"yoast_head":"<!-- This site is optimized with the Yoast SEO plugin v21.2 - https:\/\/yoast.com\/wordpress\/plugins\/seo\/ -->\n<title>Inscription pour la Conf\u00e9rence de 2013 de l&#039;ACEA - Institute of African Studies<\/title>\n<meta name=\"description\" content=\"On s&#039;inscrire ici via Paypal pour la Conf\u00e9rence de 2013 ACEA (voir liste d\u00e9roulante et le bouton au bas de cette page). Il y a plusieurs taux diff\u00e9rents,\" \/>\n<meta name=\"robots\" content=\"index, follow, max-snippet:-1, max-image-preview:large, max-video-preview:-1\" \/>\n<link rel=\"canonical\" href=\"https:\/\/carleton.ca\/africanstudies\/events\/acea-2013\/inscription-pour-la-conference-de-2013-de-lacea\/\" \/>\n<meta name=\"twitter:label1\" content=\"Est. reading time\" \/>\n\t<meta name=\"twitter:data1\" content=\"1 minute\" \/>\n<script type=\"application\/ld+json\" class=\"yoast-schema-graph\">{\"@context\":\"https:\/\/schema.org\",\"@graph\":[{\"@type\":\"WebPage\",\"@id\":\"https:\/\/carleton.ca\/africanstudies\/events\/acea-2013\/inscription-pour-la-conference-de-2013-de-lacea\/\",\"url\":\"https:\/\/carleton.ca\/africanstudies\/events\/acea-2013\/inscription-pour-la-conference-de-2013-de-lacea\/\",\"name\":\"Inscription pour la Conf\u00e9rence de 2013 de l'ACEA - Institute of African Studies\",\"isPartOf\":{\"@id\":\"https:\/\/carleton.ca\/africanstudies\/#website\"},\"datePublished\":\"2013-01-30T04:46:34+00:00\",\"dateModified\":\"2013-04-24T15:30:07+00:00\",\"description\":\"On s'inscrire ici via Paypal pour la Conf\u00e9rence de 2013 ACEA (voir liste d\u00e9roulante et le bouton au bas de cette page). Il y a plusieurs taux diff\u00e9rents,\",\"breadcrumb\":{\"@id\":\"https:\/\/carleton.ca\/africanstudies\/events\/acea-2013\/inscription-pour-la-conference-de-2013-de-lacea\/#breadcrumb\"},\"inLanguage\":\"en-US\",\"potentialAction\":[{\"@type\":\"ReadAction\",\"target\":[\"https:\/\/carleton.ca\/africanstudies\/events\/acea-2013\/inscription-pour-la-conference-de-2013-de-lacea\/\"]}]},{\"@type\":\"BreadcrumbList\",\"@id\":\"https:\/\/carleton.ca\/africanstudies\/events\/acea-2013\/inscription-pour-la-conference-de-2013-de-lacea\/#breadcrumb\",\"itemListElement\":[{\"@type\":\"ListItem\",\"position\":1,\"name\":\"Home\",\"item\":\"https:\/\/carleton.ca\/africanstudies\/\"},{\"@type\":\"ListItem\",\"position\":2,\"name\":\"Events &#038; Multimedia\",\"item\":\"https:\/\/carleton.ca\/africanstudies\/events\/\"},{\"@type\":\"ListItem\",\"position\":3,\"name\":\"AC\u00c9A 2013\",\"item\":\"https:\/\/carleton.ca\/africanstudies\/events\/acea-2013\/\"},{\"@type\":\"ListItem\",\"position\":4,\"name\":\"Inscription pour la Conf\u00e9rence de 2013 de l&#8217;ACEA\"}]},{\"@type\":\"WebSite\",\"@id\":\"https:\/\/carleton.ca\/africanstudies\/#website\",\"url\":\"https:\/\/carleton.ca\/africanstudies\/\",\"name\":\"Institute of African Studies\",\"description\":\"Carleton University\",\"potentialAction\":[{\"@type\":\"SearchAction\",\"target\":{\"@type\":\"EntryPoint\",\"urlTemplate\":\"https:\/\/carleton.ca\/africanstudies\/?s={search_term_string}\"},\"query-input\":\"required name=search_term_string\"}],\"inLanguage\":\"en-US\"}]}<\/script>\n<!-- \/ Yoast SEO plugin. -->","yoast_head_json":{"title":"Inscription pour la Conf\u00e9rence de 2013 de l'ACEA - Institute of African Studies","description":"On s'inscrire ici via Paypal pour la Conf\u00e9rence de 2013 ACEA (voir liste d\u00e9roulante et le bouton au bas de cette page). Il y a plusieurs taux diff\u00e9rents,","robots":{"index":"index","follow":"follow","max-snippet":"max-snippet:-1","max-image-preview":"max-image-preview:large","max-video-preview":"max-video-preview:-1"},"canonical":"https:\/\/carleton.ca\/africanstudies\/events\/acea-2013\/inscription-pour-la-conference-de-2013-de-lacea\/","twitter_misc":{"Est. reading time":"1 minute"},"schema":{"@context":"https:\/\/schema.org","@graph":[{"@type":"WebPage","@id":"https:\/\/carleton.ca\/africanstudies\/events\/acea-2013\/inscription-pour-la-conference-de-2013-de-lacea\/","url":"https:\/\/carleton.ca\/africanstudies\/events\/acea-2013\/inscription-pour-la-conference-de-2013-de-lacea\/","name":"Inscription pour la Conf\u00e9rence de 2013 de l'ACEA - Institute of African Studies","isPartOf":{"@id":"https:\/\/carleton.ca\/africanstudies\/#website"},"datePublished":"2013-01-30T04:46:34+00:00","dateModified":"2013-04-24T15:30:07+00:00","description":"On s'inscrire ici via Paypal pour la Conf\u00e9rence de 2013 ACEA (voir liste d\u00e9roulante et le bouton au bas de cette page). Il y a plusieurs taux diff\u00e9rents,","breadcrumb":{"@id":"https:\/\/carleton.ca\/africanstudies\/events\/acea-2013\/inscription-pour-la-conference-de-2013-de-lacea\/#breadcrumb"},"inLanguage":"en-US","potentialAction":[{"@type":"ReadAction","target":["https:\/\/carleton.ca\/africanstudies\/events\/acea-2013\/inscription-pour-la-conference-de-2013-de-lacea\/"]}]},{"@type":"BreadcrumbList","@id":"https:\/\/carleton.ca\/africanstudies\/events\/acea-2013\/inscription-pour-la-conference-de-2013-de-lacea\/#breadcrumb","itemListElement":[{"@type":"ListItem","position":1,"name":"Home","item":"https:\/\/carleton.ca\/africanstudies\/"},{"@type":"ListItem","position":2,"name":"Events &#038; Multimedia","item":"https:\/\/carleton.ca\/africanstudies\/events\/"},{"@type":"ListItem","position":3,"name":"AC\u00c9A 2013","item":"https:\/\/carleton.ca\/africanstudies\/events\/acea-2013\/"},{"@type":"ListItem","position":4,"name":"Inscription pour la Conf\u00e9rence de 2013 de l&#8217;ACEA"}]},{"@type":"WebSite","@id":"https:\/\/carleton.ca\/africanstudies\/#website","url":"https:\/\/carleton.ca\/africanstudies\/","name":"Institute of African Studies","description":"Carleton University","potentialAction":[{"@type":"SearchAction","target":{"@type":"EntryPoint","urlTemplate":"https:\/\/carleton.ca\/africanstudies\/?s={search_term_string}"},"query-input":"required name=search_term_string"}],"inLanguage":"en-US"}]}},"acf":{"banner_image_type":null,"banner_uploaded_image":null,"banner_hosted_image":null,"banner_opacity":null,"banner_button":null,"banner_buttons":null},"_links":{"self":[{"href":"https:\/\/carleton.ca\/africanstudies\/wp-json\/wp\/v2\/pages\/4600"}],"collection":[{"href":"https:\/\/carleton.ca\/africanstudies\/wp-json\/wp\/v2\/pages"}],"about":[{"href":"https:\/\/carleton.ca\/africanstudies\/wp-json\/wp\/v2\/types\/page"}],"author":[{"embeddable":true,"href":"https:\/\/carleton.ca\/africanstudies\/wp-json\/wp\/v2\/users\/20"}],"replies":[{"embeddable":true,"href":"https:\/\/carleton.ca\/africanstudies\/wp-json\/wp\/v2\/comments?post=4600"}],"version-history":[{"count":3,"href":"https:\/\/carleton.ca\/africanstudies\/wp-json\/wp\/v2\/pages\/4600\/revisions"}],"predecessor-version":[{"id":4603,"href":"https:\/\/carleton.ca\/africanstudies\/wp-json\/wp\/v2\/pages\/4600\/revisions\/4603"}],"up":[{"embeddable":true,"href":"https:\/\/carleton.ca\/africanstudies\/wp-json\/wp\/v2\/pages\/4446"}],"wp:attachment":[{"href":"https:\/\/carleton.ca\/africanstudies\/wp-json\/wp\/v2\/media?parent=4600"}],"curies":[{"name":"wp","href":"https:\/\/api.w.org\/{rel}","templated":true}]}}