{"id":4856,"date":"2013-05-09T19:11:19","date_gmt":"2013-05-09T23:11:19","guid":{"rendered":"http:\/\/carleton.ca\/africanstudies\/?page_id=4856"},"modified":"2015-05-07T11:19:08","modified_gmt":"2015-05-07T15:19:08","slug":"may-3-mai","status":"publish","type":"page","link":"https:\/\/carleton.ca\/africanstudies\/events\/caas-2013\/caas-acea-conference-audiovisuel\/may-3-mai\/","title":{"rendered":"May 3 mai"},"content":{"rendered":"<div>\n<p>9:00 am -10:30 am \u00a0\u00a0\u00a0\u00a0\u00a0\u00a0\u00a0\u00a0\u00a0\u00a0\u00a0\u00a0\u00a0\u00a0\u00a0\u00a0 <b>Concurrent Sessions \/ Sessions parall\u00e8les<\/b><\/p>\n<\/div>\n<p><\/p>\n<p>III. A.1.\u00a0 <b>Changements Ruraux<\/b><b> en Afrique<\/b><\/p>\n<p><a href=\"http:\/\/www.youtube.com\/watch?v=nFA9pnuF3_E&amp;feature=youtu.be\" target=\"_blank\"><strong>Click to hear this session.<\/strong><\/a><\/p>\n<p><\/p>\n<p><b>Chair \/ Pr\u00e9sidence: <\/b>Mebometa Ndongo \u2013 Carleton University<br \/>\nLe monde rural en Afrique: au coeur du changement social et \u00e0 num\u00e9rique<br \/>\nWilfried Armel Mabondzo \u2013 Universit\u00e9 de Montr\u00e9al<br \/>\nIII. A.2. \u00a0\u00a0<b><span style=\"text-decoration: underline;\">Symposium &#8211; <\/span><\/b><b><span style=\"text-decoration: underline;\">Towards the Angolan Past (1)<\/span>: Daily Life in a Slaving Port Town:<br \/>\nMarrying, Living and Dying in Benguela<\/b><\/p>\n<p><a href=\"http:\/\/www.youtube.com\/watch?v=uv5iPjSX0vg\" target=\"_blank\"><strong>Click to hear this session.\u00a0<\/strong><\/a><br \/>\n<b>Organizer \/ Organisatrice: <\/b>Vanessa S. Oliveira \u2013 York University<\/p>\n<p><b>Chair \/ Pr\u00e9sidence: <\/b>Frank Luce \u2013 York University<br \/>\nMarriage in Benguela, 1798-1828<br \/>\nJos\u00e9 C. Curto \u2013 York University<\/p>\n<p>Voices of the Dead: Ecclesiastical Burial Records as Social History in 18th Century Benguela<br \/>\nMaryann Buri \u2013 York University<\/p>\n<p>From Slave to Slave Trader: The trajectory of Feliciano Jos\u00e9 de Barros between Rio de Janeiro and Benguela (c.1775-1818)<br \/>\nEstevam Thompson \u2013 Universidade de Brasilia<\/p>\n<p><\/p>\n<p>III. A.3.\u00a0 <b>Round-table:<\/b> <b>Land Governance, Food Insecurity, and Climate Change (<span style=\"text-decoration: underline;\">cross-listed with the CALACS annual conference<\/span>)<\/b><\/p>\n<p><a href=\"http:\/\/www.youtube.com\/watch?v=B9Ef-C3FKD0\" target=\"_blank\"><strong>Click to hear this session.<\/strong><\/a><\/p>\n<p><strong>Organizer \/ Organisatrice: Chris Huggins \u2013 Carleton University<br \/>\nChair \/ Pr\u00e9sidence: Chris Huggins \u2013 Carleton University<\/strong><\/p>\n<p><b>Discussant \/ Rapporteur:<\/b> Jean Daudelin \u2013 Carleton University<b> <\/b><\/p>\n<p>Albert Berry \u2013 University of Toronto<br \/>\nKevin Perkins \u2013 Farm Radio International<br \/>\nGetachew Mequanent \u2013 Independent Researcher<br \/>\nSantiago Alba Corral \u2013 CARE\/C4D<br \/>\nJohn Galaty \u2013 McGill University<br \/>\nIII. A. 4. <b>Frontiers of History in Africa<\/b><\/p>\n<p><strong><a href=\"http:\/\/www.youtube.com\/watch?v=7meMHxP5Pd0\" target=\"_blank\">Click to hear this session.\u00a0<\/a><\/strong><\/p>\n<p><b>Chair \/ Pr\u00e9sidence: <\/b>Stephen Rockel \u2013 University of Toronto, Scarborough<\/p>\n<p>Rivers and Roads: Policing the Sierra Leone Frontier, 1880-1896<br \/>\nTrina Leah Hogg \u2013 New York University<\/p>\n<p>The Remarkable Story of Adrian Atiman: Freed Slave to Medical Missionary<br \/>\nStephen Rockel \u2013 University of Toronto, Scarborough<\/p>\n<p>\u2018Orphaned\u2019 Children and \u2018Unruly\u2019 Girls: technologies of trusteeship in Tamale, Northern Ghana, 1965-1972<br \/>\nJessica Cammaert \u2013 Queen\u2019s University<\/p>\n<p>The land and the news \u2013 White press, African press and the debates about territorial separation \u2013 South Africa, 1903-1913<br \/>\nRaquel Gryszczenko Alves Gomes \u2013 Universidade Estadual de Campinas (Unicamp)<br \/>\nIII. A. 5. \u00a0<b>Building capacity for radio convergence and second generation technology<br \/>\nintegration<\/b><\/p>\n<p><a href=\"http:\/\/www.youtube.com\/watch?v=A-wrTwQWvdI\" target=\"_blank\"><strong>Click to hear this session.\u00a0<\/strong><\/a><\/p>\n<p><b>Organizer \/ Organisatrice:<\/b> Sheila Rao \u2013 Farm Radio International<b><br \/>\nChair \/ Pr\u00e9sidence: <\/b>Doug Ward<b> <\/b>\u00a0\u2013 Farm Radio International<b><\/b><\/p>\n<p><b><\/b>The Changing Role of Radio for Development in sub-Saharan Africa<b><br \/>\n<\/b>Heather Gilberds<b> <\/b>\u00a0\u2013 Carleton University \/ Farm Radio International<\/p>\n<p>Communication Technology Integration for Agricultural Development in Sub-Saharan Africa<br \/>\nSheila Rao \u2013 Farm Radio International<\/p>\n<p>ICTs in the agricultural sector in Ethiopia<br \/>\nFrey Nadeu &#8211; Farm Radio International Ethiopia (via skype)<\/p>\n<p><\/p>\n<p>III. A. 7. <b>African Tremors in the Age of Contemporary Empire: Communicating and<br \/>\nDebating Power and Agency<\/b><\/p>\n<p><b>Chair \/ Pr\u00e9sidence: <\/b>Zubairu Wai \u2013 Lakehead University\u00a0\u00a0\u00a0\u00a0\u00a0\u00a0\u00a0\u00a0\u00a0\u00a0\u00a0\u00a0\u00a0\u00a0\u00a0\u00a0\u00a0\u00a0\u00a0\u00a0\u00a0\u00a0\u00a0\u00a0\u00a0\u00a0\u00a0 <b><\/b><\/p>\n<p><a href=\"http:\/\/www.youtube.com\/watch?v=M0fsmSlnxDw&amp;list=UUTuiOo9K4adr5FeyLycW77w&amp;index=5\" target=\"_blank\"><strong>\u00a0Click to listen to this session.\u00a0<\/strong><\/a><\/p>\n<p>SMS Revolution and its Implications for Discursive Power Relations in Africa<br \/>\nRotimi Taiwo \u2013 Obafemi Awolowo University<\/p>\n<p>Africa Communicating: From \u201cla malediction du silence\u201d to Speaking Back<br \/>\nEmmanuel Yewah \u2013 Albion College<\/p>\n<p>New Media, Africa and the Production of Contemporary Empire<br \/>\nZubairu Wai \u2013 Lakehead University<\/p>\n<p>III. A. 8. <b>History of the Writing of African History in Canada since 1970; <span style=\"text-decoration: underline;\">cross-listed with the<br \/>\n<\/span>\u00a0\u00a0\u00a0\u00a0\u00a0\u00a0\u00a0\u00a0\u00a0\u00a0\u00a0 \u00a0\u00a0 <span style=\"text-decoration: underline;\">CALACS annual conference \/ jumel\u00e9e avec la conf\u00e9rence annuelle de<\/span><\/b><b><br \/>\nl\u2019AC\u00c9LAC<\/b><b> (sponsored by the Canadian Historical Association)<\/b><br \/>\n<b>Organizer \/ Organisatrice: <\/b>Dominique Marshall \u2013 Carleton University<\/p>\n<p><b>Chair \/ Pr\u00e9sidence: <\/b>E. Ann McDougall \u2013 University of Alberta<\/p>\n<p><b>Discussant \/\u00a0Rapporteur: <\/b>\u00a0Chris You\u00e9 \u2013 Memorial University of Newfoundland<b><br \/>\nRoom\/Pi\u00e8ce: <\/b>Tory Building 204<\/p>\n<p><b><br \/>\n<\/b>Africanists and historians: a small \u201chistoire crois\u00e9e\u201d of the Canadian Association of African Studies and of the Canadian Historical Association<br \/>\nDominique Marshall \u2013 Carleton University<\/p>\n<p><\/p>\n<div>\n<p>11:00-12:30 pm \u00a0\u00a0\u00a0\u00a0\u00a0\u00a0\u00a0\u00a0\u00a0\u00a0\u00a0\u00a0\u00a0\u00a0\u00a0\u00a0\u00a0\u00a0\u00a0\u00a0\u00a0\u00a0\u00a0\u00a0\u00a0\u00a0\u00a0\u00a0\u00a0\u00a0\u00a0\u00a0\u00a0 <b>Concurrent Sessions \/ Sessions parall<\/b><b>\u00e8<\/b><b>les<\/b><\/p>\n<\/div>\n<p><\/p>\n<p>III. B. 1.\u00a0 <b>Questions \u00e9cologiques et discours postcolonial<\/b><\/p>\n<p><b>Organizer \/ Organisateur: <\/b>\u00c9tienne-Marie Lassi \u2013 University of Manitoba<b><br \/>\nChair \/ Pr\u00e9sidence: <\/b>Mebometa Ndongo \u2013 Carleton University<\/p>\n<p><b>Room\/Pi\u00e8ce: <\/b>Tory Building 213<\/p>\n<p><\/p>\n<p>Discours colonial\/istes et strat\u00e9gies environementales de l\u2019h\u00e9g\u00e9monie dans les \u00e9critures africaines<\/p>\n<p>Jean-Blaise Samou \u2013 University of Alberta (Camrose)<\/p>\n<p><\/p>\n<p>Migrations, Environnement et mimesis africaine chez Zakes Mda<\/p>\n<p>Herv\u00e9 Tchumkam \u2013 Southern Methodist University<\/p>\n<p><\/p>\n<p>L\u2019environnementalisme local dans Petroleum de Bessora<\/p>\n<p>\u00c9tienne-Marie Lassi \u2013 University of Manitoba<\/p>\n<p><\/p>\n<p>III. B. 2.\u00a0 <b><span style=\"text-decoration: underline;\">Symposium &#8211; <\/span><\/b><b><span style=\"text-decoration: underline;\">Towards the Angolan Past (2)<\/span>: Women, Criminals and Soldiers in<br \/>\nAngola<\/b><\/p>\n<p><a href=\"http:\/\/www.youtube.com\/watch?v=w_2hXKTuKQk\" target=\"_blank\"><strong>Click to hear this session.\u00a0<\/strong><\/a><\/p>\n<p><b>Organizer \/ Organisatrice: <\/b>Vanessa S. Oliveira \u2013 York University<\/p>\n<p><b>Chair \/ Pr\u00e9sidence: <\/b>Didier Peclard \u2013 University of Michigan<\/p>\n<p><b>Room\/Pi\u00e8ce: <\/b>Tory Building 208<br \/>\nFree and Enslaved Women in the Public Market of Luanda (19th century)<br \/>\nVanessa S. Oliveira \u2013 York University<\/p>\n<p>\u201cWhere Portugal Purges Her Scum:\u201d Crime, Punishment, and the Rise of a Police State in 19<sup>th<\/sup> Century Angola<\/p>\n<p>Tracy Lopes \u2013 York University<br \/>\n\u201cThere is no Brazil Without Angola\u201d: Brazilian Soldiers in Angola, c. 1580-1700<\/p>\n<p>Kara D. Schultz \u2013 Vanderbilt University<\/p>\n<p><\/p>\n<p>III. B. 3. <b>Transatlantic childhoods: Africa and Latin America \/ Enfances<br \/>\ntransatlantiques: Afrique et Am\u00e9rique latine (<span style=\"text-decoration: underline;\">cross-listed with the<br \/>\n<\/span>\u00a0\u00a0\u00a0\u00a0\u00a0\u00a0\u00a0\u00a0\u00a0\u00a0\u00a0 \u00a0\u00a0 <span style=\"text-decoration: underline;\">CALACS annual conference \/ jumel\u00e9e avec la conf\u00e9rence annuelle de<\/span><\/b><a href=\"https:\/\/www.can-latam.org\/fr\" target=\"_blank\"><b><br \/>\n<\/b><b>l\u2019AC\u00c9LAC<\/b><\/a><b>; (sponsored by the Canadian Historical Association \/ sponsoris\u00e9 par<br \/>\nSoci\u00e9t\u00e9 historique du Canada)<\/b><\/p>\n<p><strong><a href=\"http:\/\/www.youtube.com\/watch?v=wi7F0W1SmwI&amp;feature=youtu.be\" target=\"_blank\">Click to listen to the session.<\/a><\/strong><\/p>\n<p><b>Organizer \/ Organisatrice: <\/b>Canadian Historical Association \/ la Soci\u00e9t\u00e9 historique du Canada<br \/>\n<b>Chair \/ Pr\u00e9sidence: <\/b>Dominique Marshall \u2013 Carleton University &amp; Canadian Historical<br \/>\nAssociation<\/p>\n<p>Nation Building with Care: Bringing Child Health to Africa<\/p>\n<p>Marie-Luise Ermisch \u2013 McGill University<\/p>\n<p>Le travail infantile en \u00c9quateur au milieu du 19<sup>e<\/sup> si\u00e8cle<br \/>\nH\u00e9l\u00e8ne Rompr\u00e9.\u2013 Carleton University<\/p>\n<p>Defining Juvenile Offenders in Colonial Kenya: An Investigation into the Incarceration of Kikuyu girls during the Mau Mau Uprising, c. 1952-1960<br \/>\nErin Bell \u2013 McGill University<\/p>\n<p>Enfants d\u00e9racin\u00e9s et identification ethnique\u00a0: Le cas des immigrants am\u00e9rindiens de deuxi\u00e8me g\u00e9n\u00e9ration \u00e0 San Luis Potos\u00ed au d\u00e9but du dix-septi\u00e8me si\u00e8cle<br \/>\nLaurent Corbeil \u2013 Chercheur ind\u00e9pendant<\/p>\n<p>Honor and the Social World of Children and Youths in Yucatan, Mexico 1885-1920<br \/>\nCarlos Zuniga-Nieto \u2013 CUNY<\/p>\n<p>III. B. 4. <b>Of Stories, Homelands, and Diasporas: Africa in a Transnational Frame: A roundtable with\u00a0 Banting Postdoctoral Fellows<\/b><\/p>\n<p><strong><a href=\"http:\/\/www.youtube.com\/watch?v=74pnZGVmlxU\" target=\"_blank\">Click to hear this session.<\/a><\/strong><\/p>\n<p><b>Organizer \/ Organisateur: <\/b>Nduka Otiono \u2013 Carleton University<b><br \/>\n<\/b><\/p>\n<p><b>Room\/Pi\u00e8ce: <\/b>Tory Building 240<\/p>\n<p><\/p>\n<p>Slavery and African Diaspora in Brazil through Biographies: Mahomman Gardo Baquaqua`s case<br \/>\nNielson Rosa Bezerra \u2013 York University<\/p>\n<p>Of Flows, Fences and Fruits \u2013 African Migration, EU Migration Control in Morocco and Almer\u00eda\u2019s Agricultural Industry<br \/>\nMartin Geiger \u2013 Carleton University<\/p>\n<p>Street Stories: Representations in Nollywood and Popular Music in an Age of Globalization<br \/>\nNduka Otiono \u2013 Carleton University<\/p>\n<p><\/p>\n<p>III. B. 5. <b>Roundtable \u2013 <\/b><b>Canadian Foreign Policy and Radicalization in the Sahel: Interests,<br \/>\nResponsibilities, Responses?<\/b><\/p>\n<p><strong><a href=\"http:\/\/www.youtube.com\/watch?v=DVQlyOoqik0&amp;list=UUTuiOo9K4adr5FeyLycW77w&amp;index=4\" target=\"_blank\">Click to listen to this session.<\/a><\/strong><\/p>\n<p><b>Organizer \/ Organisateur: <\/b>Chris W. J. Roberts \u2013 University of Alberta <b><br \/>\nChair \/ Pr\u00e9sidence: <\/b>Martin Klein \u2013 University of Toronto<br \/>\nAmbassador Robert Fowler \u2013 University of Ottawa<br \/>\nEdward Akuffo \u2013 University of Fraser Valley<br \/>\nChris B. Dyck \u2013 University of Alberta<br \/>\nChris W. J. Roberts \u2013 University of Alberta<\/p>\n<p>III. B. 6.\u00a0\u00a0 <b>Social Cohesion in Kenya: Changes in the State, Markets and Communication<\/b><\/p>\n<p><b>Organizer \/ Organisateur: <\/b>Motoki Takahashi \u2013 Kobe University <b><br \/>\nChair \/ Pr\u00e9sidence: <\/b>Motoki Takahashi \u2013 Kobe University<\/p>\n<p><b>Discussant \/\u00a0Rapporteur: <\/b>John Galaty \u2013 McGill University<br \/>\nOverview: Why Social Cohesion in Kenya?<br \/>\nMotoki Takahashi \u2013 Kobe University &amp; Othieno Nyanjom \u2013 Kenyan Institute for Public Policy Research and Analysis<\/p>\n<p>Improving Public Service Delivery in Kenya: Enabling Performance Contracting through ICT<br \/>\nOthieno Nyanjom \u2013 Kenyan Institute for Public Policy Research and Analysis<\/p>\n<p>\u201cMobile Phone in Turkana, Kenya: Deepening Individualization or Reformulating Complexity of Human Relations?\u201d<br \/>\nIchiyo Habuchi \u2013 Hirosaki University<\/p>\n<p>Digital Media, Market and Trust: the Socioeconomic Relationships between Somali Refugees and Host Communities in Kenya<br \/>\nNaoki Naito \u2013 University of Tokushima<\/p>\n<p><\/p>\n<div>\n<p>12:30-2:00 pm\u00a0\u00a0\u00a0\u00a0 \u00a0\u00a0\u00a0\u00a0\u00a0\u00a0\u00a0\u00a0\u00a0\u00a0\u00a0\u00a0\u00a0\u00a0\u00a0\u00a0\u00a0\u00a0\u00a0 III. C. 1. <b>Joint CAAS-CALACS<\/b> <b>Plenary Panel \/<br \/>\nPr\u00e9sentation en s\u00e9ance pl\u00e9ni\u00e8re conjoint de AC<\/b><b>\u00c9A-AC\u00c9LAC<\/b><\/p>\n<p style=\"text-align: left;\" align=\"center\"><b>\u201cSecurity, the State and Gender Relations in Haitian Reconstruction\u201d<br \/>\nChair \/ Pr\u00e9sidence: Luc Mougeot \u2013 IDRC<br \/>\n<\/b><\/p>\n<\/div>\n<p style=\"text-align: left;\"><b><br \/>\n<\/b>Stephen Baranyi \u2013 University of Ottawa<br \/>\nDenyse C\u00f4t\u00e9 \u2013 Universit\u00e9 du Qu\u00e9bec en Outaouais &amp; OR\u00c9GAND<br \/>\nDaniel Holly \u2013 Universit\u00e9 du\u00a0 Qu\u00e9bec \u00e0 Montr\u00e9al<\/p>\n<p><\/p>\n<div>\n<p>2:00-3:30 pm \u00a0\u00a0\u00a0\u00a0\u00a0\u00a0\u00a0\u00a0\u00a0\u00a0\u00a0\u00a0\u00a0\u00a0\u00a0\u00a0\u00a0\u00a0\u00a0\u00a0\u00a0\u00a0\u00a0\u00a0\u00a0 <b>Concurrent Sessions \/ Sessions parall<\/b><b>\u00e8<\/b><b>les <\/b><i><\/i><\/p>\n<\/div>\n<p><\/p>\n<p>III. D. 2. <b><span style=\"text-decoration: underline;\">Symposium &#8211; Towards the Angolan Past (3)<\/span>: Towards the Angolan Nation-State<\/b><\/p>\n<p><a href=\"http:\/\/www.youtube.com\/watch?v=cY4MPtCt4KA&amp;feature=youtu.be\" target=\"_blank\">Click to hear this session.<\/a><\/p>\n<p><b>Organizer \/ Organisatrice: <\/b>Vanessa S. Oliveira \u2013 York University<\/p>\n<p><b>Chair \/ Pr\u00e9sidence: <\/b>Jos\u00e9 C. Curto \u2013 York University<br \/>\n<b>Discussant \/\u00a0Rapporteur: <\/b>\u00a0\u00c9ric Allina \u2013 University of Ottawa<b><\/b><br \/>\nCanadian missionaries in Angola: extending the Kingdom through labour<br \/>\nFrank Luce \u2013 York University<\/p>\n<p>Competing \u201cNation Views\u201d, War and the Quest for (State) Hegemony in 20th-Century Angola<br \/>\nDidier Peclard \u2013 University of Michigan<\/p>\n<p>Angola as a Developmental State<br \/>\nJesse Ovadia\u2013 York University<\/p>\n<p><b>\u00a0<\/b><\/p>\n<p>III. D. 4.\u00a0 \u00a0<b>Health Interventions and Ambivalent Solidarities in Africa<\/b><\/p>\n<p><b>Chair \/ Pr\u00e9sidence: <\/b>Susanne Klausen \u2013 Carleton University<\/p>\n<p><b>Room\/Pi\u00e8ce: <\/b>Tory Building 202<br \/>\nReligious responses to HIV&amp;AIDS in South Africa<br \/>\nDeborah Simpson \u2013 University of Regina<\/p>\n<p>Militias, Maladies and Medicine: towards a history of health in Umkhonto weSizwe cadre camps<br \/>\nMelissa Armstrong \u2013 University of Oxford<\/p>\n<p>Communicating Vaccine Safety: the Meningitis Vaccine Project<br \/>\nJanice E. Graham \u2013 Dalhousie University<\/p>\n","protected":false},"excerpt":{"rendered":"<p>9:00 am -10:30 am \u00a0\u00a0\u00a0\u00a0\u00a0\u00a0\u00a0\u00a0\u00a0\u00a0\u00a0\u00a0\u00a0\u00a0\u00a0\u00a0 Concurrent Sessions \/ Sessions parall\u00e8les III. A.1.\u00a0 Changements Ruraux en Afrique Click to hear this session. Chair \/ Pr\u00e9sidence: Mebometa Ndongo \u2013 Carleton University Le monde rural en Afrique: au coeur du changement social et \u00e0 num\u00e9rique Wilfried Armel Mabondzo \u2013 Universit\u00e9 de Montr\u00e9al III. A.2. \u00a0\u00a0Symposium &#8211; Towards the [&hellip;]<\/p>\n","protected":false},"author":7,"featured_media":0,"parent":4920,"menu_order":0,"comment_status":"open","ping_status":"open","template":"","meta":{"_relevanssi_hide_post":"","_relevanssi_hide_content":"","_relevanssi_pin_for_all":"","_relevanssi_pin_keywords":"","_relevanssi_unpin_keywords":"","_relevanssi_related_keywords":"","_relevanssi_related_include_ids":"","_relevanssi_related_exclude_ids":"","_relevanssi_related_no_append":"","_relevanssi_related_not_related":"","_relevanssi_related_posts":"","_relevanssi_noindex_reason":"","_mi_skip_tracking":false,"_exactmetrics_sitenote_active":false,"_exactmetrics_sitenote_note":"","_exactmetrics_sitenote_category":0,"footnotes":"","_links_to":"","_links_to_target":""},"yoast_head":"<!-- This site is optimized with the Yoast SEO plugin v21.2 - https:\/\/yoast.com\/wordpress\/plugins\/seo\/ -->\n<title>May 3 mai - Institute of African Studies<\/title>\n<meta name=\"description\" content=\"9:00 am -10:30 am \u00a0\u00a0\u00a0\u00a0\u00a0\u00a0\u00a0\u00a0\u00a0\u00a0\u00a0\u00a0\u00a0\u00a0\u00a0\u00a0 Concurrent Sessions \/ Sessions parall\u00e8les &nbsp; III. A.1.\u00a0 Changements Ruraux en Afrique Click to hear this\" \/>\n<meta name=\"robots\" content=\"index, follow, max-snippet:-1, max-image-preview:large, max-video-preview:-1\" \/>\n<link rel=\"canonical\" href=\"https:\/\/carleton.ca\/africanstudies\/events\/caas-2013\/caas-acea-conference-audiovisuel\/may-3-mai\/\" \/>\n<meta name=\"twitter:label1\" content=\"Est. reading time\" \/>\n\t<meta name=\"twitter:data1\" content=\"7 minutes\" \/>\n<script type=\"application\/ld+json\" class=\"yoast-schema-graph\">{\"@context\":\"https:\/\/schema.org\",\"@graph\":[{\"@type\":\"WebPage\",\"@id\":\"https:\/\/carleton.ca\/africanstudies\/events\/caas-2013\/caas-acea-conference-audiovisuel\/may-3-mai\/\",\"url\":\"https:\/\/carleton.ca\/africanstudies\/events\/caas-2013\/caas-acea-conference-audiovisuel\/may-3-mai\/\",\"name\":\"May 3 mai - Institute of African Studies\",\"isPartOf\":{\"@id\":\"https:\/\/carleton.ca\/africanstudies\/#website\"},\"datePublished\":\"2013-05-09T23:11:19+00:00\",\"dateModified\":\"2015-05-07T15:19:08+00:00\",\"description\":\"9:00 am -10:30 am \u00a0\u00a0\u00a0\u00a0\u00a0\u00a0\u00a0\u00a0\u00a0\u00a0\u00a0\u00a0\u00a0\u00a0\u00a0\u00a0 Concurrent Sessions \/ Sessions parall\u00e8les &nbsp; III. A.1.\u00a0 Changements Ruraux en Afrique Click to hear this\",\"breadcrumb\":{\"@id\":\"https:\/\/carleton.ca\/africanstudies\/events\/caas-2013\/caas-acea-conference-audiovisuel\/may-3-mai\/#breadcrumb\"},\"inLanguage\":\"en-US\",\"potentialAction\":[{\"@type\":\"ReadAction\",\"target\":[\"https:\/\/carleton.ca\/africanstudies\/events\/caas-2013\/caas-acea-conference-audiovisuel\/may-3-mai\/\"]}]},{\"@type\":\"BreadcrumbList\",\"@id\":\"https:\/\/carleton.ca\/africanstudies\/events\/caas-2013\/caas-acea-conference-audiovisuel\/may-3-mai\/#breadcrumb\",\"itemListElement\":[{\"@type\":\"ListItem\",\"position\":1,\"name\":\"Home\",\"item\":\"https:\/\/carleton.ca\/africanstudies\/\"},{\"@type\":\"ListItem\",\"position\":2,\"name\":\"Events &#038; Multimedia\",\"item\":\"https:\/\/carleton.ca\/africanstudies\/events\/\"},{\"@type\":\"ListItem\",\"position\":3,\"name\":\"CAAS 2013\",\"item\":\"https:\/\/carleton.ca\/africanstudies\/events\/caas-2013\/\"},{\"@type\":\"ListItem\",\"position\":4,\"name\":\"CAAS-ACEA conference: Audiovisuel\",\"item\":\"https:\/\/carleton.ca\/africanstudies\/events\/caas-2013\/caas-acea-conference-audiovisuel\/\"},{\"@type\":\"ListItem\",\"position\":5,\"name\":\"May 3 mai\"}]},{\"@type\":\"WebSite\",\"@id\":\"https:\/\/carleton.ca\/africanstudies\/#website\",\"url\":\"https:\/\/carleton.ca\/africanstudies\/\",\"name\":\"Institute of African Studies\",\"description\":\"Carleton University\",\"potentialAction\":[{\"@type\":\"SearchAction\",\"target\":{\"@type\":\"EntryPoint\",\"urlTemplate\":\"https:\/\/carleton.ca\/africanstudies\/?s={search_term_string}\"},\"query-input\":\"required name=search_term_string\"}],\"inLanguage\":\"en-US\"}]}<\/script>\n<!-- \/ Yoast SEO plugin. -->","yoast_head_json":{"title":"May 3 mai - Institute of African Studies","description":"9:00 am -10:30 am \u00a0\u00a0\u00a0\u00a0\u00a0\u00a0\u00a0\u00a0\u00a0\u00a0\u00a0\u00a0\u00a0\u00a0\u00a0\u00a0 Concurrent Sessions \/ Sessions parall\u00e8les &nbsp; III. A.1.\u00a0 Changements Ruraux en Afrique Click to hear this","robots":{"index":"index","follow":"follow","max-snippet":"max-snippet:-1","max-image-preview":"max-image-preview:large","max-video-preview":"max-video-preview:-1"},"canonical":"https:\/\/carleton.ca\/africanstudies\/events\/caas-2013\/caas-acea-conference-audiovisuel\/may-3-mai\/","twitter_misc":{"Est. reading time":"7 minutes"},"schema":{"@context":"https:\/\/schema.org","@graph":[{"@type":"WebPage","@id":"https:\/\/carleton.ca\/africanstudies\/events\/caas-2013\/caas-acea-conference-audiovisuel\/may-3-mai\/","url":"https:\/\/carleton.ca\/africanstudies\/events\/caas-2013\/caas-acea-conference-audiovisuel\/may-3-mai\/","name":"May 3 mai - Institute of African Studies","isPartOf":{"@id":"https:\/\/carleton.ca\/africanstudies\/#website"},"datePublished":"2013-05-09T23:11:19+00:00","dateModified":"2015-05-07T15:19:08+00:00","description":"9:00 am -10:30 am \u00a0\u00a0\u00a0\u00a0\u00a0\u00a0\u00a0\u00a0\u00a0\u00a0\u00a0\u00a0\u00a0\u00a0\u00a0\u00a0 Concurrent Sessions \/ Sessions parall\u00e8les &nbsp; III. A.1.\u00a0 Changements Ruraux en Afrique Click to hear this","breadcrumb":{"@id":"https:\/\/carleton.ca\/africanstudies\/events\/caas-2013\/caas-acea-conference-audiovisuel\/may-3-mai\/#breadcrumb"},"inLanguage":"en-US","potentialAction":[{"@type":"ReadAction","target":["https:\/\/carleton.ca\/africanstudies\/events\/caas-2013\/caas-acea-conference-audiovisuel\/may-3-mai\/"]}]},{"@type":"BreadcrumbList","@id":"https:\/\/carleton.ca\/africanstudies\/events\/caas-2013\/caas-acea-conference-audiovisuel\/may-3-mai\/#breadcrumb","itemListElement":[{"@type":"ListItem","position":1,"name":"Home","item":"https:\/\/carleton.ca\/africanstudies\/"},{"@type":"ListItem","position":2,"name":"Events &#038; Multimedia","item":"https:\/\/carleton.ca\/africanstudies\/events\/"},{"@type":"ListItem","position":3,"name":"CAAS 2013","item":"https:\/\/carleton.ca\/africanstudies\/events\/caas-2013\/"},{"@type":"ListItem","position":4,"name":"CAAS-ACEA conference: Audiovisuel","item":"https:\/\/carleton.ca\/africanstudies\/events\/caas-2013\/caas-acea-conference-audiovisuel\/"},{"@type":"ListItem","position":5,"name":"May 3 mai"}]},{"@type":"WebSite","@id":"https:\/\/carleton.ca\/africanstudies\/#website","url":"https:\/\/carleton.ca\/africanstudies\/","name":"Institute of African Studies","description":"Carleton University","potentialAction":[{"@type":"SearchAction","target":{"@type":"EntryPoint","urlTemplate":"https:\/\/carleton.ca\/africanstudies\/?s={search_term_string}"},"query-input":"required name=search_term_string"}],"inLanguage":"en-US"}]}},"acf":{"banner_image_type":null,"banner_uploaded_image":null,"banner_hosted_image":null,"banner_opacity":null,"banner_button":null,"banner_buttons":null},"_links":{"self":[{"href":"https:\/\/carleton.ca\/africanstudies\/wp-json\/wp\/v2\/pages\/4856"}],"collection":[{"href":"https:\/\/carleton.ca\/africanstudies\/wp-json\/wp\/v2\/pages"}],"about":[{"href":"https:\/\/carleton.ca\/africanstudies\/wp-json\/wp\/v2\/types\/page"}],"author":[{"embeddable":true,"href":"https:\/\/carleton.ca\/africanstudies\/wp-json\/wp\/v2\/users\/7"}],"replies":[{"embeddable":true,"href":"https:\/\/carleton.ca\/africanstudies\/wp-json\/wp\/v2\/comments?post=4856"}],"version-history":[{"count":3,"href":"https:\/\/carleton.ca\/africanstudies\/wp-json\/wp\/v2\/pages\/4856\/revisions"}],"predecessor-version":[{"id":7327,"href":"https:\/\/carleton.ca\/africanstudies\/wp-json\/wp\/v2\/pages\/4856\/revisions\/7327"}],"up":[{"embeddable":true,"href":"https:\/\/carleton.ca\/africanstudies\/wp-json\/wp\/v2\/pages\/4920"}],"wp:attachment":[{"href":"https:\/\/carleton.ca\/africanstudies\/wp-json\/wp\/v2\/media?parent=4856"}],"curies":[{"name":"wp","href":"https:\/\/api.w.org\/{rel}","templated":true}]}}