{"id":7114,"date":"2015-03-19T09:41:46","date_gmt":"2015-03-19T13:41:46","guid":{"rendered":"http:\/\/www.carleton.ca\/africanstudies\/?page_id=7114"},"modified":"2025-03-11T13:48:06","modified_gmt":"2025-03-11T17:48:06","slug":"artisanalminingandgender","status":"publish","type":"page","link":"https:\/\/carleton.ca\/africanstudies\/research\/artisanalminingandgender\/","title":{"rendered":"Artisanal Mining and Gender in Sub-Saharan Africa"},"content":{"rendered":"<div id=\"attachment_13288\" class=\"wp-caption alignnone\" style=\"width: 6016px\"><img decoding=\"async\" loading=\"lazy\" class=\"size-full wp-image-13288\" src=\"https:\/\/carleton.ca\/africanstudies\/wp-content\/uploads\/shot-of-mounds-stonepickers-settlement-1.jpg\" alt=\"\" width=\"6016\" height=\"4016\" srcset=\"https:\/\/carleton.ca\/africanstudies\/wp-content\/uploads\/shot-of-mounds-stonepickers-settlement-1.jpg 6016w, https:\/\/carleton.ca\/africanstudies\/wp-content\/uploads\/shot-of-mounds-stonepickers-settlement-1-160x107.jpg 160w, https:\/\/carleton.ca\/africanstudies\/wp-content\/uploads\/shot-of-mounds-stonepickers-settlement-1-240x160.jpg 240w, https:\/\/carleton.ca\/africanstudies\/wp-content\/uploads\/shot-of-mounds-stonepickers-settlement-1-768x513.jpg 768w, https:\/\/carleton.ca\/africanstudies\/wp-content\/uploads\/shot-of-mounds-stonepickers-settlement-1-400x267.jpg 400w, https:\/\/carleton.ca\/africanstudies\/wp-content\/uploads\/shot-of-mounds-stonepickers-settlement-1-360x240.jpg 360w, https:\/\/carleton.ca\/africanstudies\/wp-content\/uploads\/shot-of-mounds-stonepickers-settlement-1-200x134.jpg 200w\" sizes=\"(max-width: 6016px) 100vw, 6016px\" \/><p class=\"wp-caption-text\">Gorette Arinaitwe (l) and Anna Ampaire at work in an open cast gold mine at a site in central Uganda.<\/p><\/div>\n<p><a href=\"#Le_Francais\">Le Fran\u00e7ais suit<\/a><\/p>\n<h3>About<\/h3>\n<p class=\"x_MsoNormal\"><span class=\"\" lang=\"EN-US\">Professors and students at the Institute of African Studies are undertaking research on the gendered dimensions of women\u2019s livelihoods in artisanal and small-scale mining (ASM) in different countries in sub-Saharan Africa. ASM is a form of mining generally using minimal or semi-mechanization, and relying on large amounts of labour, \u00a0supporting an estimated 100 million people worldwide. ASM has recently been described by the World Bank as \u201cone of the most indispensable \u2013 if not <i class=\"\">the<\/i> most important &#8211; rural non-farm activity in the developing world\u201d. The research projects examine the gendered context of mining law and policy together with a study of the livelihoods of women in ASM against the back-drop of growing international attention and policy interventions on ASM, particularly in sub-Saharan Africa.\u00a0<\/span><\/p>\n<p>This research is in collaboration with colleagues in Africa and Canada.<\/p>\n<p><\/p>\n<div class=\"slideme\"><dl class=\"slideme__list\"><dt class=\"slideme__term\"><a href=\"#slideme-womens-empowerment-artisanal-and-small-scale-mining-and-conflict-commodities-2014-2017\" aria-expanded=\"false\" aria-controls=\"slideme-womens-empowerment-artisanal-and-small-scale-mining-and-conflict-commodities-2014-2017\" class=\"slideme__heading slideme__trigger\">Women\u2019s Empowerment, Artisanal and Small-Scale Mining and \u201cConflict Commodities\u201d: 2014- 2017 <\/a><\/dt><dd class=\"slideme__description\" id=\"slideme-womens-empowerment-artisanal-and-small-scale-mining-and-conflict-commodities-2014-2017\" aria-hidden=\"true\"><p><\/p>\n<h4>Scope<\/h4>\n<p>This project examines women\u2019s livelihoods in the artisanal mining of tin, tantalum, tungsten and gold (3TGs), in three countries in Africa\u2019s Great Lakes Region: Democratic Republic of the Congo, Rwanda and Uganda.\u00a0The artisanal mining of 3TGs is receiving unprecedented international attention and heightened regulation. These four minerals are in high demand globally and their extraction is seen as offering African states both potential economic growth and the risk of increased criminality.\u00a0At the same time, international consumer demand for ethically sourced, \u201cconflict-free\u201d electronics and other goods, has generated a series of measures to \u2018regulate\u2019 the sector. While women\u2019s economic roles are essential to ASM, there is little reliable data on women\u2019s economic activities and the conditions that structure them.<\/p>\n<h4>Project Partners<\/h4>\n<p>This project was done in collaboration with <strong>IMPACT <\/strong>(formerly Partnership Africa Canada) (see <a href=\"https:\/\/impacttransform.org\">https:\/\/impacttransform.org<\/a>), the <strong>Development Research and Social Policy Analysis Centre <\/strong>of Uganda, <strong>WIAMO<\/strong> in Rwanda, and independent researchers in each country. This project generated much needed data on women\u2019s economic roles in ASM to be used to inform policy deliberations at the national, regional and international level.<\/p>\n<h4>Funding<\/h4>\n<p>This three year project (Sept 2014-August 2017) was carried out with financial support under the <strong>Growth and Economic Opportunities for Women (GrOW) <\/strong>initiative. GrOW is a multi-funder partnership with the UK Government\u2019s Department for International Development, the William and Flora Hewlett Foundation, and the International Development Research Centre, Canada.<\/p>\n<h4>Additional Information<\/h4>\n<p>For more information, please go to the project&#8217;s page\u00a0<a href=\"https:\/\/carleton.ca\/africanstudies\/information-for-students\/resources\/womens-empowerment-artisanal-and-small-scale-mining-and-conflict-commodities\/\" target=\"_blank\" rel=\"noopener noreferrer\">Women&#8217;s Empowerment, Artisanal and Small-Scale Mining in &#8220;Conflict Commodities&#8221;<\/a><\/p>\n<p><\/p><\/dd><dl><\/div>\n<div class=\"slideme\"><dl class=\"slideme__list\"><dt class=\"slideme__term\"><a href=\"#slideme-gender-and-artisanal-and-small-scale-gold-mining-kenya-mozambique-and-sierra-leone-2014-2021-2017-2024-2023-2027\" aria-expanded=\"false\" aria-controls=\"slideme-gender-and-artisanal-and-small-scale-gold-mining-kenya-mozambique-and-sierra-leone-2014-2021-2017-2024-2023-2027\" class=\"slideme__heading slideme__trigger\">Gender and Artisanal and Small-Scale Gold Mining: Kenya, Mozambique and Sierra Leone: 2014-2021; 2017-2024; 2023- 2027.<\/a><\/dt><dd class=\"slideme__description\" id=\"slideme-gender-and-artisanal-and-small-scale-gold-mining-kenya-mozambique-and-sierra-leone-2014-2021-2017-2024-2023-2027\" aria-hidden=\"true\"><p><\/p>\n<h4>Scope<\/h4>\n<p>Over three projects, researchers at Carleton University and at partner universities and organizations in Africa and Canada have been studying women\u2019s livelihoods in one gold mining site in each of Migori, Kenya; Manica, Mozambique; and Tonkolili, Sierra Leone. Researchers visited the mine sites each year over four years, usually for a month at a time, exploring how gender operated to organize livelihoods in these gold sites, and how women navigated their mining-related livelihoods. In a second project, the project partners are collaborating on events to connect the research results to the civil society and governmental organizations actively working on ASM and resource governance issues in each country, as well as those working transnationally. The activities are built around policy dialogues and knowledge exchange with researchers, mining community members, local, national and transnational civil society organizations and policy makers.<\/p>\n<p>In a new, third SSHRC- funded project, starting in 2023, the team of researchers are now exploring new dynamics in these ASGM areas emerging in the period during and after the COVID-19 \u2018lockdowns&#8217;. These include gendered dynamics of environmental impacts and policy interventions ostensibly aimed at environmental harms; child care and youth work in or enmeshed within ASGM livelihoods; women\u2019s economic empowerment changes within shifting ASGM economies; and gendered implications of ASM formalization\/recognition initiatives on livelihoods and across transnational policy initiatives on gold supply chains.<\/p>\n<h4>Project Partners<\/h4>\n<p>Working in collaboration with the following partners, this project will generate research to better understand women\u2019s economic roles in mining and thus address a significant gap in knowledge about both artisanal mining and women as economic actors, and second, to consider the gendered impacts of policies aimed at legalizing and regularizing artisanal mining.<\/p>\n<p>Researchers\/ Partners<\/p>\n<ul style=\"list-style-type: circle;\">\n<li>Carleton university: Doris Buss and Blair Rutherford<\/li>\n<li>University of Nairobi (Kenya): Dr. Sarah Kinyanjui<\/li>\n<li>Coady Institute, St. Francis Xavier University: Ms. Eileen Alma<\/li>\n<li>University of Eduardo Mondlane (Mozambique): Mr. Joao Cola\u00e7o<\/li>\n<li>University of Sierra Leone (Fourah Bay College): Dr. Aisha Ibrahim<\/li>\n<li>Forum Mulher, Mozambique: Ms. Nizaira Razao de Deus<\/li>\n<li>United Nations Economic Commission for Africa<\/li>\n<li>Network Movement for Justice and Development, Sierra Leone<\/li>\n<li>Deutsche Gesellshaft f\u00fcr Internationale Zusammenarbeit (GIZ) Sierra Leone<\/li>\n<\/ul>\n<h4>Funding<\/h4>\n<p>The project is funded\u00a0by the <strong>Social Sciences and Humanities Research Council Insight<\/strong> grant.<\/p>\n<p><\/p>\n<h4><strong>Additional Information<\/strong><\/h4>\n<p>Please see the project page-\u00a0 <a href=\"https:\/\/carleton.ca\/africanstudies\/information-for-students\/resources\/asm2014-2027\/\" target=\"_blank\" rel=\"noopener noreferrer\">Gender and Artisanal Small-Scale Gold Mining: Kenya, Mozambique and Sierra Leone (2014-2027)<\/a> for more information and resources<\/p>\n<p><\/p><\/dd><dl><\/div>\n<h4>Additional Resources<\/h4>\n<p><a href=\"https:\/\/carleton.ca\/africanstudies\/information-for-students\/resources\/womens-empowerment-artisanal-and-small-scale-mining-and-conflict-commodities\/\" target=\"_blank\" rel=\"noopener noreferrer\">Women&#8217;s Empowerment, Artisanal and Small-Scale Mining in &#8220;Conflict Commodities&#8221; (2014- 2017)<\/a><\/p>\n<p><a href=\"https:\/\/carleton.ca\/africanstudies\/information-for-students\/resources\/asm2014-2027\/\" target=\"_blank\" rel=\"noopener noreferrer\">Gender and Artisanal Small-Scale Gold Mining: Kenya, Mozambique and Sierra Leone (2014-2027)<\/a><\/p>\n<p><\/p>\n<p>&#8212;&#8212;&#8212;&#8212;&#8212;&#8212;&#8212;&#8212;&#8212;-<\/p>\n<p><strong><a id=\"Le_Francais\"><\/a>Le Fran\u00e7ais\u00a0<\/strong><\/p>\n<h2 style=\"text-align: center;\">L\u2019exploitation mini\u00e8re artisanale et le genre<\/h2>\n<p>Les professeurs et \u00e9tudiants \u00e0 l\u2019Institut des Etudes Africaines sont pr\u00e9sentement engag\u00e9s dans la recherche sur les conditions de subsistance des femmes et la dimension genre du secteur minier artisanal et \u00e0 petite \u00e9chelle (SMAPE, en sigle) sur le continent africain. Cette recherche est en cours de r\u00e9alisation avec la collaboration des coll\u00e8gues en Afrique et au Canada.\u00a0<span lang=\"fr\">Les d\u00e9tails pour deux projets de recherche actuels sont \u00e9num\u00e9r\u00e9s ci-dessous.<\/span><\/p>\n<div class=\"slideme\"><dl class=\"slideme__list\"><dt class=\"slideme__term\"><a href=\"#slideme-projet-lautonomisation-des-femmes-lexploitation-miniere-artisanale-et-a-petite-echelle-et-les-conflits-des-produits\" aria-expanded=\"false\" aria-controls=\"slideme-projet-lautonomisation-des-femmes-lexploitation-miniere-artisanale-et-a-petite-echelle-et-les-conflits-des-produits\" class=\"slideme__heading slideme__trigger\"> Projet - L\u2019autonomisation des femmes, l\u2019exploitation mini\u00e8re artisanale et \u00e0 petite \u00e9chelle et les conflits des produits<\/a><\/dt><dd class=\"slideme__description\" id=\"slideme-projet-lautonomisation-des-femmes-lexploitation-miniere-artisanale-et-a-petite-echelle-et-les-conflits-des-produits\" aria-hidden=\"true\"><p><\/p>\n<h4><span lang=\"fr\">La port\u00e9e du projet<\/span><\/h4>\n<p>Ce projet examine les conditions de subsistance des femmes dans le secteur minier artisanal de l\u2019\u00e9tain, du tantale, du tungst\u00e8ne, et de l\u2019or (3TGs), dans les trois pays de la r\u00e9gion de l\u2019Afrique de Grands Lacs, dont la R\u00e9publique D\u00e9mocratique du Congo, le Rwanda, et l\u2019Uganda. L\u2019exploitation mini\u00e8re artisanale des 3TGs a attir\u00e9 depuis ces derni\u00e8res ann\u00e9es une attention internationale sans pr\u00e9c\u00e9dent ainsi qu\u2019une r\u00e9gulation renforc\u00e9e. La demande mondiale de ces quatre min\u00e9raux est en augmentation et leur extraction est per\u00e7ue \u00e0 la fois comme une opportunit\u00e9 pour la croissance \u00e9conomique et un risque croissant de criminalit\u00e9 dans les pays o\u00f9 ils sont exploit\u00e9s. Au m\u00eame moment, sur le plan \u00e9thique, la demande internationale pour la consommation des produits \u00e9lectroniques et autres commodit\u00e9s provenant des zones en conflit a engendr\u00e9 des s\u00e9ries des mesures pour r\u00e9glementer le secteur de l\u2019exploitation mini\u00e8re. Quoi que les femmes jouent des r\u00f4les essentiels dans ce secteur, il existe peu de donn\u00e9es fiables sur leurs activit\u00e9s \u00e9conomiques dans ce secteur ainsi que les conditions structurant ces activit\u00e9s.<\/p>\n<h4>Les partenaires<\/h4>\n<p>Travaillant en \u00e9troite collaboration avec <strong>le Partenariat Afrique-Canada<\/strong> (<a href=\"http:\/\/www.pacweb.org\/fr\">http:\/\/www.pacweb.org\/fr<\/a>), <strong>le Centre de Recherche sur le D\u00e9veloppement et l\u2019Analyse des Politiques Sociales<\/strong>, <strong>le centre WIAMO <\/strong>du Rwanda, et des chercheurs ind\u00e9pendants dans chacun des trois pays sus indiqu\u00e9s, ce projet vise\u00a0\u00e0 g\u00e9n\u00e9rer des donn\u00e9es fiables n\u00e9cessaires sur les r\u00f4les \u00e9conomiques des femmes dans le secteur minier artisanal et\u00a0\u00e0 petite \u00e9chelle (SMAPE). Ces donn\u00e9es seront ensuite utilis\u00e9es pour informer les discussions et d\u00e9bats en cours sur la formulation des politiques relatives au secteur minier, tant au niveau national, r\u00e9gional, qu\u2019international.<\/p>\n<h4>Le financement<\/h4>\n<p>Ce projet de trois ans (septembre 2014 \u00e0 ao\u00fbt 2017) est financ\u00e9 par le programme &#8220;<strong>Croissance de l\u2019\u00e9conomie et d\u00e9bouch\u00e9s \u00e9conomiques des femmes<\/strong>\u201d du <a href=\"http:\/\/www.idrc.ca\/FR\/Pages\/default.aspx\">Centre de Recherches pour le D\u00e9veloppement International<\/a> (CRDI), le D\u00e9partement pour le D\u00e9veloppement International du gouvernement britannique (DFID), ainsi que par la <a href=\"http:\/\/www.hewlett.org\">Fondation William et Flora Hewlett<\/a> (\u00c9tats-Unis d\u2019Am\u00e9rique).<\/p>\n<h4>Les informations suppl\u00e9mentaires<\/h4>\n<p>Pour des informations suppl\u00e9mentaires, veuillez consulter les pages du projet \u00e0 l\u2019adresse suivante: <a href=\"http:\/\/www.carleton.ca\/africanstudies\/research\/women-and-asm-in-sub-saharan-africa\/women-asm-central-east-africa\/\">Women and ASM in Central and East Africa (DRC, Rwanda, Uganda)<\/a>\u00a0et l<a href=\"https:\/\/carleton.ca\/africanstudies\/research\/artisanal-mining-and-gender-in-sub-saharan-africa-exploitation-miniere-artisanale-et-le-genre\/resources-asm-gender-women-africa\" target=\"_blank\" rel=\"noopener noreferrer\">es ressources pertinentes<\/a> .<\/p>\n<p><\/p><\/dd><dl><\/div>\n<div class=\"slideme\"><dl class=\"slideme__list\"><dt class=\"slideme__term\"><a href=\"#slideme-projet-la-consolidation-de-letat-et-les-conditions-de-subsistance-des-femmes-dans-le-secteur-minier-artisanal-et-a-petite-echelle\" aria-expanded=\"false\" aria-controls=\"slideme-projet-la-consolidation-de-letat-et-les-conditions-de-subsistance-des-femmes-dans-le-secteur-minier-artisanal-et-a-petite-echelle\" class=\"slideme__heading slideme__trigger\">Projet - La consolidation de l\u2019Etat et les conditions de subsistance des femmes dans le secteur minier artisanal et \u00e0 petite \u00e9chelle<\/a><\/dt><dd class=\"slideme__description\" id=\"slideme-projet-la-consolidation-de-letat-et-les-conditions-de-subsistance-des-femmes-dans-le-secteur-minier-artisanal-et-a-petite-echelle\" aria-hidden=\"true\"><p><\/p>\n<h4><span lang=\"fr\">La port\u00e9e du projet<\/span><\/h4>\n<p>A travers le continent Africain, de nouveaux codes miniers, r\u00e9glementations fiscales et des investissements, ainsi que des minist\u00e8res sont en train d\u2019\u00eatre mis en place afin d\u2019am\u00e9liorer les b\u00e9n\u00e9fices g\u00e9n\u00e9r\u00e9s par les vastes ressources naturelles dont regorge le contient. Ce projet vise\u00a0\u00e0 examiner les conditions de subsistance des femmes dans le secteur minier artisanal et\u00a0\u00e0 petite \u00e9chelle de l\u2019or dans trois pays aux diff\u00e9rents niveaux de reformes de leurs secteurs miniers,\u00a0\u00e0 savoir\u00a0: le Kenya, le Mozambique, et la Sierra Leone.<\/p>\n<h4>Les partenaires<\/h4>\n<p>Travaillant en partenariat avec <strong>l\u2019Institut Coady de l\u2019Universit\u00e9 St. Francis Xavier<\/strong> (voir <a href=\"http:\/\/www.coady.stfx.ca\">http:\/\/www.coady.stfx.ca<\/a>) et <strong>l\u2019Universit\u00e9 de Sierra Leone<\/strong> (voir <a href=\"http:\/\/usl.edu.sl\">http:\/\/usl.edu.sl<\/a>), ce projet accomplira un double objectif\u00a0: premi\u00e8rement, il fournira une recherche avanc\u00e9e afin de bien comprendre les r\u00f4les \u00e9conomiques des femmes et combler ainsi le foss\u00e9 en mati\u00e8re des connaissances sur le sujet de l\u2019exploitation mini\u00e8re artisanale et les femmes en tant qu\u2019acteurs \u00e9conomiques dans ce secteur. Bien plus, ce projet permettra d\u2019approfondir des connaissances sur les impacts ou effets des politiques visant la dimension genre, la l\u00e9galisation et la r\u00e9gularisation de l\u2019exploitation mini\u00e8re.<\/p>\n<h4>Le financement<\/h4>\n<p>Ce projet est financ\u00e9 par une subvention du <a href=\"http:\/\/www.sshrc-crsh.gc.ca\/funding-financement\/umbrella_programs-programme_cadre\/insight-savoir-fra.aspx\">Programme Savoir du Conseil des Recherches en Sciences Humaines<\/a> du gouvernement du Canada.<\/p>\n<h4>Les informations suppl\u00e9mentaires<\/h4>\n<p>Veuillez consulter les liens sur les pages du projet.<\/p>\n<p><\/p><\/dd><dl><\/div>\n","protected":false},"excerpt":{"rendered":"<p>Le Fran\u00e7ais suit About Professors and students at the Institute of African Studies are undertaking research on the gendered dimensions of women\u2019s livelihoods in artisanal and small-scale mining (ASM) in different countries in sub-Saharan Africa. ASM is a form of mining generally using minimal or semi-mechanization, and relying on large amounts of labour, \u00a0supporting an [&hellip;]<\/p>\n","protected":false},"author":7,"featured_media":0,"parent":11,"menu_order":0,"comment_status":"closed","ping_status":"closed","template":"","meta":{"_relevanssi_hide_post":"","_relevanssi_hide_content":"","_relevanssi_pin_for_all":"","_relevanssi_pin_keywords":"","_relevanssi_unpin_keywords":"","_relevanssi_related_keywords":"","_relevanssi_related_include_ids":"","_relevanssi_related_exclude_ids":"","_relevanssi_related_no_append":"","_relevanssi_related_not_related":"","_relevanssi_related_posts":"","_relevanssi_noindex_reason":"","_mi_skip_tracking":false,"_exactmetrics_sitenote_active":false,"_exactmetrics_sitenote_note":"","_exactmetrics_sitenote_category":0,"footnotes":"","_links_to":"","_links_to_target":""},"yoast_head":"<!-- This site is optimized with the Yoast SEO plugin v21.2 - https:\/\/yoast.com\/wordpress\/plugins\/seo\/ -->\n<title>Mining and Women in Africa ASM Les Femmes Afrique miniere artisanal DRC Rwanda Uganda Kenya Sierra Leone Mozambique<\/title>\n<meta name=\"description\" content=\"Mining and Women in Africa ASM Les Femmes Afrique miniere artisanal DRC Rwanda Uganda Kenya Sierra Leone Mozambique\" \/>\n<meta name=\"robots\" content=\"index, follow, max-snippet:-1, max-image-preview:large, max-video-preview:-1\" \/>\n<link rel=\"canonical\" href=\"https:\/\/carleton.ca\/africanstudies\/research\/artisanalminingandgender\/\" \/>\n<meta name=\"twitter:label1\" content=\"Est. reading time\" \/>\n\t<meta name=\"twitter:data1\" content=\"8 minutes\" \/>\n<script type=\"application\/ld+json\" class=\"yoast-schema-graph\">{\"@context\":\"https:\/\/schema.org\",\"@graph\":[{\"@type\":\"WebPage\",\"@id\":\"https:\/\/carleton.ca\/africanstudies\/research\/artisanalminingandgender\/\",\"url\":\"https:\/\/carleton.ca\/africanstudies\/research\/artisanalminingandgender\/\",\"name\":\"Mining and Women in Africa ASM Les Femmes Afrique miniere artisanal DRC Rwanda Uganda Kenya Sierra Leone Mozambique\",\"isPartOf\":{\"@id\":\"https:\/\/carleton.ca\/africanstudies\/#website\"},\"datePublished\":\"2015-03-19T13:41:46+00:00\",\"dateModified\":\"2025-03-11T17:48:06+00:00\",\"description\":\"Mining and Women in Africa ASM Les Femmes Afrique miniere artisanal DRC Rwanda Uganda Kenya Sierra Leone Mozambique\",\"breadcrumb\":{\"@id\":\"https:\/\/carleton.ca\/africanstudies\/research\/artisanalminingandgender\/#breadcrumb\"},\"inLanguage\":\"en-US\",\"potentialAction\":[{\"@type\":\"ReadAction\",\"target\":[\"https:\/\/carleton.ca\/africanstudies\/research\/artisanalminingandgender\/\"]}]},{\"@type\":\"BreadcrumbList\",\"@id\":\"https:\/\/carleton.ca\/africanstudies\/research\/artisanalminingandgender\/#breadcrumb\",\"itemListElement\":[{\"@type\":\"ListItem\",\"position\":1,\"name\":\"Home\",\"item\":\"https:\/\/carleton.ca\/africanstudies\/\"},{\"@type\":\"ListItem\",\"position\":2,\"name\":\"Research\",\"item\":\"https:\/\/carleton.ca\/africanstudies\/research\/\"},{\"@type\":\"ListItem\",\"position\":3,\"name\":\"Women and Mining (ASM) in Africa\"}]},{\"@type\":\"WebSite\",\"@id\":\"https:\/\/carleton.ca\/africanstudies\/#website\",\"url\":\"https:\/\/carleton.ca\/africanstudies\/\",\"name\":\"Institute of African Studies\",\"description\":\"Carleton University\",\"potentialAction\":[{\"@type\":\"SearchAction\",\"target\":{\"@type\":\"EntryPoint\",\"urlTemplate\":\"https:\/\/carleton.ca\/africanstudies\/?s={search_term_string}\"},\"query-input\":\"required name=search_term_string\"}],\"inLanguage\":\"en-US\"}]}<\/script>\n<!-- \/ Yoast SEO plugin. -->","yoast_head_json":{"title":"Mining and Women in Africa ASM Les Femmes Afrique miniere artisanal DRC Rwanda Uganda Kenya Sierra Leone Mozambique","description":"Mining and Women in Africa ASM Les Femmes Afrique miniere artisanal DRC Rwanda Uganda Kenya Sierra Leone Mozambique","robots":{"index":"index","follow":"follow","max-snippet":"max-snippet:-1","max-image-preview":"max-image-preview:large","max-video-preview":"max-video-preview:-1"},"canonical":"https:\/\/carleton.ca\/africanstudies\/research\/artisanalminingandgender\/","twitter_misc":{"Est. reading time":"8 minutes"},"schema":{"@context":"https:\/\/schema.org","@graph":[{"@type":"WebPage","@id":"https:\/\/carleton.ca\/africanstudies\/research\/artisanalminingandgender\/","url":"https:\/\/carleton.ca\/africanstudies\/research\/artisanalminingandgender\/","name":"Mining and Women in Africa ASM Les Femmes Afrique miniere artisanal DRC Rwanda Uganda Kenya Sierra Leone Mozambique","isPartOf":{"@id":"https:\/\/carleton.ca\/africanstudies\/#website"},"datePublished":"2015-03-19T13:41:46+00:00","dateModified":"2025-03-11T17:48:06+00:00","description":"Mining and Women in Africa ASM Les Femmes Afrique miniere artisanal DRC Rwanda Uganda Kenya Sierra Leone Mozambique","breadcrumb":{"@id":"https:\/\/carleton.ca\/africanstudies\/research\/artisanalminingandgender\/#breadcrumb"},"inLanguage":"en-US","potentialAction":[{"@type":"ReadAction","target":["https:\/\/carleton.ca\/africanstudies\/research\/artisanalminingandgender\/"]}]},{"@type":"BreadcrumbList","@id":"https:\/\/carleton.ca\/africanstudies\/research\/artisanalminingandgender\/#breadcrumb","itemListElement":[{"@type":"ListItem","position":1,"name":"Home","item":"https:\/\/carleton.ca\/africanstudies\/"},{"@type":"ListItem","position":2,"name":"Research","item":"https:\/\/carleton.ca\/africanstudies\/research\/"},{"@type":"ListItem","position":3,"name":"Women and Mining (ASM) in Africa"}]},{"@type":"WebSite","@id":"https:\/\/carleton.ca\/africanstudies\/#website","url":"https:\/\/carleton.ca\/africanstudies\/","name":"Institute of African Studies","description":"Carleton University","potentialAction":[{"@type":"SearchAction","target":{"@type":"EntryPoint","urlTemplate":"https:\/\/carleton.ca\/africanstudies\/?s={search_term_string}"},"query-input":"required name=search_term_string"}],"inLanguage":"en-US"}]}},"acf":{"banner_image_type":"none","banner_button":"no"},"_links":{"self":[{"href":"https:\/\/carleton.ca\/africanstudies\/wp-json\/wp\/v2\/pages\/7114"}],"collection":[{"href":"https:\/\/carleton.ca\/africanstudies\/wp-json\/wp\/v2\/pages"}],"about":[{"href":"https:\/\/carleton.ca\/africanstudies\/wp-json\/wp\/v2\/types\/page"}],"author":[{"embeddable":true,"href":"https:\/\/carleton.ca\/africanstudies\/wp-json\/wp\/v2\/users\/7"}],"replies":[{"embeddable":true,"href":"https:\/\/carleton.ca\/africanstudies\/wp-json\/wp\/v2\/comments?post=7114"}],"version-history":[{"count":9,"href":"https:\/\/carleton.ca\/africanstudies\/wp-json\/wp\/v2\/pages\/7114\/revisions"}],"predecessor-version":[{"id":20234,"href":"https:\/\/carleton.ca\/africanstudies\/wp-json\/wp\/v2\/pages\/7114\/revisions\/20234"}],"up":[{"embeddable":true,"href":"https:\/\/carleton.ca\/africanstudies\/wp-json\/wp\/v2\/pages\/11"}],"wp:attachment":[{"href":"https:\/\/carleton.ca\/africanstudies\/wp-json\/wp\/v2\/media?parent=7114"}],"curies":[{"name":"wp","href":"https:\/\/api.w.org\/{rel}","templated":true}]}}