{"id":9634,"date":"2016-10-06T11:25:49","date_gmt":"2016-10-06T15:25:49","guid":{"rendered":"http:\/\/carleton.ca\/africanstudies\/?page_id=9634"},"modified":"2017-03-16T12:57:52","modified_gmt":"2017-03-16T16:57:52","slug":"volume-5","status":"publish","type":"page","link":"https:\/\/carleton.ca\/africanstudies\/nokoko\/volume-5\/","title":{"rendered":"Volume 5"},"content":{"rendered":"<p><img decoding=\"async\" loading=\"lazy\" class=\"aligncenter wp-image-9635\" src=\"http:\/\/carleton.ca\/africanstudies\/wp-content\/uploads\/Nokoko-5-Cover-Page-1-400x600.jpg\" alt=\"nokoko-5-cover-page-1\" width=\"182\" height=\"273\" srcset=\"https:\/\/carleton.ca\/africanstudies\/wp-content\/uploads\/Nokoko-5-Cover-Page-1-400x600.jpg 400w, https:\/\/carleton.ca\/africanstudies\/wp-content\/uploads\/Nokoko-5-Cover-Page-1-160x240.jpg 160w, https:\/\/carleton.ca\/africanstudies\/wp-content\/uploads\/Nokoko-5-Cover-Page-1-240x360.jpg 240w, https:\/\/carleton.ca\/africanstudies\/wp-content\/uploads\/Nokoko-5-Cover-Page-1-768x1152.jpg 768w, https:\/\/carleton.ca\/africanstudies\/wp-content\/uploads\/Nokoko-5-Cover-Page-1-360x540.jpg 360w, https:\/\/carleton.ca\/africanstudies\/wp-content\/uploads\/Nokoko-5-Cover-Page-1-200x300.jpg 200w, https:\/\/carleton.ca\/africanstudies\/wp-content\/uploads\/Nokoko-5-Cover-Page-1.jpg 1843w\" sizes=\"(max-width: 182px) 100vw, 182px\" \/><\/p>\n<h2><strong>Table of Contents &#8211; Volume 5<br \/>\n<\/strong><\/h2>\n<p><a href=\"https:\/\/carleton.ca\/africanstudies\/wp-content\/uploads\/01-Nokoko-5-Front-Matter-1.pdf\" target=\"_blank\">Front Matter and Table of Contents<\/a><\/p>\n<p><a href=\"http:\/\/carleton.ca\/africanstudies\/wp-content\/uploads\/01-Nokoko-5-Kimari-Tubb-2.pdf\" target=\"_blank\">Editorial Note: Notes on the diaspora, and other things<\/a><br \/>\nby Wangui Kimari and Daniel Tubb<\/p>\n<p><a href=\"http:\/\/carleton.ca\/africanstudies\/wp-content\/uploads\/1-Nokoko-5-Lensu-1.pdf\" target=\"_blank\">Filming Home, Plurality of Identity, Belonging and\u00a0Homing in Transnational African Cinema: A Case Study\u00a0of the Films <em>Restless Wandering<\/em>, <em>The Place in Between<\/em>,\u00a0and <em>That\u2019s My Face<\/em><\/a><br \/>\nSuvi Lensu<\/p>\n<p><a href=\"http:\/\/carleton.ca\/africanstudies\/wp-content\/uploads\/2-Nokoko-5-Hopkin.pdf\" target=\"_blank\">&#8220;Black against black, blood against blood\u201d: How\u00a0International Complicity Incubated Genocidal\u00a0Violence in Rwanda<\/a><br \/>\nBrittany M.\u00a0Hopkin<\/p>\n<p><a href=\"http:\/\/carleton.ca\/africanstudies\/wp-content\/uploads\/3-Nokoko-5-Mede-1.pdf\" target=\"_blank\">A Discourse Analysis of Three Selected Urhobo Oral Poems<\/a><br \/>\nEmmanuel A. Mede<\/p>\n<p><a href=\"http:\/\/carleton.ca\/africanstudies\/wp-content\/uploads\/4-Nokoko-5-Jesow.pdf\" target=\"_blank\">African Canadian: Analysis of Social Networks, Exclusion and\u00a0Economic Participation of Somali Immigrant Women\u00a0in the GTA<\/a><br \/>\nSophia Jesow<\/p>\n<p><a href=\"http:\/\/carleton.ca\/africanstudies\/wp-content\/uploads\/5-Nokoko-5-Omoko.pdf\" target=\"_blank\">The Dramatic and Poetic Contents of the Idju Festival of the\u00a0Agbarha-Ame People of Warri<\/a><br \/>\nPeter Emuejevoke Omoko<\/p>\n<p><a href=\"https:\/\/carleton.ca\/africanstudies\/wp-content\/uploads\/6-Nokoko-5-Donkers-1.pdf\" target=\"_blank\">Is Surveillance the Solution? Evaluating CCTV as a Strategy for Addressing\u00a0Crime in Post-Apartheid Johannesburg, South Africa<\/a><br \/>\nHeather Donkers<\/p>\n<p><a href=\"http:\/\/carleton.ca\/africanstudies\/wp-content\/uploads\/7-Nokoko-5-Howald.pdf\" target=\"_blank\">Paysans, afrocolombiens, d\u00e9plac\u00e9s: Leaders entre communaut\u00e9s\u00a0rurales et urbaines au Choc\u00f3, Colombie<\/a><br \/>\nClaudia Howald<\/p>\n<p><a href=\"http:\/\/carleton.ca\/africanstudies\/wp-content\/uploads\/01-Nokoko-5-Contributors-1.pdf\" target=\"_blank\">Contributors<\/a><\/p>\n<p><a href=\"https:\/\/carleton.ca\/africanstudies\/wp-content\/uploads\/Nokoko-5-Full-2.pdf\" target=\"_blank\">Entire Issue of Volume 5 (2016)<\/a><\/p>\n","protected":false},"excerpt":{"rendered":"<p>Table of Contents &#8211; Volume 5 Front Matter and Table of Contents Editorial Note: Notes on the diaspora, and other things by Wangui Kimari and Daniel Tubb Filming Home, Plurality of Identity, Belonging and\u00a0Homing in Transnational African Cinema: A Case Study\u00a0of the Films Restless Wandering, The Place in Between,\u00a0and That\u2019s My Face Suvi Lensu &#8220;Black [&hellip;]<\/p>\n","protected":false},"author":7,"featured_media":0,"parent":571,"menu_order":0,"comment_status":"closed","ping_status":"closed","template":"","meta":{"_relevanssi_hide_post":"","_relevanssi_hide_content":"","_relevanssi_pin_for_all":"","_relevanssi_pin_keywords":"","_relevanssi_unpin_keywords":"","_relevanssi_related_keywords":"","_relevanssi_related_include_ids":"","_relevanssi_related_exclude_ids":"","_relevanssi_related_no_append":"","_relevanssi_related_not_related":"","_relevanssi_related_posts":"","_relevanssi_noindex_reason":"","_mi_skip_tracking":false,"_exactmetrics_sitenote_active":false,"_exactmetrics_sitenote_note":"","_exactmetrics_sitenote_category":0,"footnotes":"","_links_to":"","_links_to_target":""},"yoast_head":"<!-- This site is optimized with the Yoast SEO plugin v21.2 - https:\/\/yoast.com\/wordpress\/plugins\/seo\/ -->\n<title>Volume 5 - Institute of African Studies<\/title>\n<meta name=\"description\" content=\"Table of Contents - Volume 5 Front Matter and Table of Contents Editorial Note: Notes on the diaspora, and other things by Wangui Kimari and Daniel Tubb\" \/>\n<meta name=\"robots\" content=\"index, follow, max-snippet:-1, max-image-preview:large, max-video-preview:-1\" \/>\n<link rel=\"canonical\" href=\"https:\/\/carleton.ca\/africanstudies\/nokoko\/volume-5\/\" \/>\n<meta name=\"twitter:label1\" content=\"Est. reading time\" \/>\n\t<meta name=\"twitter:data1\" content=\"1 minute\" \/>\n<script type=\"application\/ld+json\" class=\"yoast-schema-graph\">{\"@context\":\"https:\/\/schema.org\",\"@graph\":[{\"@type\":\"WebPage\",\"@id\":\"https:\/\/carleton.ca\/africanstudies\/nokoko\/volume-5\/\",\"url\":\"https:\/\/carleton.ca\/africanstudies\/nokoko\/volume-5\/\",\"name\":\"Volume 5 - Institute of African Studies\",\"isPartOf\":{\"@id\":\"https:\/\/carleton.ca\/africanstudies\/#website\"},\"datePublished\":\"2016-10-06T15:25:49+00:00\",\"dateModified\":\"2017-03-16T16:57:52+00:00\",\"description\":\"Table of Contents - Volume 5 Front Matter and Table of Contents Editorial Note: Notes on the diaspora, and other things by Wangui Kimari and Daniel Tubb\",\"breadcrumb\":{\"@id\":\"https:\/\/carleton.ca\/africanstudies\/nokoko\/volume-5\/#breadcrumb\"},\"inLanguage\":\"en-US\",\"potentialAction\":[{\"@type\":\"ReadAction\",\"target\":[\"https:\/\/carleton.ca\/africanstudies\/nokoko\/volume-5\/\"]}]},{\"@type\":\"BreadcrumbList\",\"@id\":\"https:\/\/carleton.ca\/africanstudies\/nokoko\/volume-5\/#breadcrumb\",\"itemListElement\":[{\"@type\":\"ListItem\",\"position\":1,\"name\":\"Home\",\"item\":\"https:\/\/carleton.ca\/africanstudies\/\"},{\"@type\":\"ListItem\",\"position\":2,\"name\":\"IAS Journal: Nokoko\",\"item\":\"https:\/\/carleton.ca\/africanstudies\/nokoko\/\"},{\"@type\":\"ListItem\",\"position\":3,\"name\":\"Volume 5\"}]},{\"@type\":\"WebSite\",\"@id\":\"https:\/\/carleton.ca\/africanstudies\/#website\",\"url\":\"https:\/\/carleton.ca\/africanstudies\/\",\"name\":\"Institute of African Studies\",\"description\":\"Carleton University\",\"potentialAction\":[{\"@type\":\"SearchAction\",\"target\":{\"@type\":\"EntryPoint\",\"urlTemplate\":\"https:\/\/carleton.ca\/africanstudies\/?s={search_term_string}\"},\"query-input\":\"required name=search_term_string\"}],\"inLanguage\":\"en-US\"}]}<\/script>\n<!-- \/ Yoast SEO plugin. -->","yoast_head_json":{"title":"Volume 5 - Institute of African Studies","description":"Table of Contents - Volume 5 Front Matter and Table of Contents Editorial Note: Notes on the diaspora, and other things by Wangui Kimari and Daniel Tubb","robots":{"index":"index","follow":"follow","max-snippet":"max-snippet:-1","max-image-preview":"max-image-preview:large","max-video-preview":"max-video-preview:-1"},"canonical":"https:\/\/carleton.ca\/africanstudies\/nokoko\/volume-5\/","twitter_misc":{"Est. reading time":"1 minute"},"schema":{"@context":"https:\/\/schema.org","@graph":[{"@type":"WebPage","@id":"https:\/\/carleton.ca\/africanstudies\/nokoko\/volume-5\/","url":"https:\/\/carleton.ca\/africanstudies\/nokoko\/volume-5\/","name":"Volume 5 - Institute of African Studies","isPartOf":{"@id":"https:\/\/carleton.ca\/africanstudies\/#website"},"datePublished":"2016-10-06T15:25:49+00:00","dateModified":"2017-03-16T16:57:52+00:00","description":"Table of Contents - Volume 5 Front Matter and Table of Contents Editorial Note: Notes on the diaspora, and other things by Wangui Kimari and Daniel Tubb","breadcrumb":{"@id":"https:\/\/carleton.ca\/africanstudies\/nokoko\/volume-5\/#breadcrumb"},"inLanguage":"en-US","potentialAction":[{"@type":"ReadAction","target":["https:\/\/carleton.ca\/africanstudies\/nokoko\/volume-5\/"]}]},{"@type":"BreadcrumbList","@id":"https:\/\/carleton.ca\/africanstudies\/nokoko\/volume-5\/#breadcrumb","itemListElement":[{"@type":"ListItem","position":1,"name":"Home","item":"https:\/\/carleton.ca\/africanstudies\/"},{"@type":"ListItem","position":2,"name":"IAS Journal: Nokoko","item":"https:\/\/carleton.ca\/africanstudies\/nokoko\/"},{"@type":"ListItem","position":3,"name":"Volume 5"}]},{"@type":"WebSite","@id":"https:\/\/carleton.ca\/africanstudies\/#website","url":"https:\/\/carleton.ca\/africanstudies\/","name":"Institute of African Studies","description":"Carleton University","potentialAction":[{"@type":"SearchAction","target":{"@type":"EntryPoint","urlTemplate":"https:\/\/carleton.ca\/africanstudies\/?s={search_term_string}"},"query-input":"required name=search_term_string"}],"inLanguage":"en-US"}]}},"acf":{"banner_image_type":"none"},"_links":{"self":[{"href":"https:\/\/carleton.ca\/africanstudies\/wp-json\/wp\/v2\/pages\/9634"}],"collection":[{"href":"https:\/\/carleton.ca\/africanstudies\/wp-json\/wp\/v2\/pages"}],"about":[{"href":"https:\/\/carleton.ca\/africanstudies\/wp-json\/wp\/v2\/types\/page"}],"author":[{"embeddable":true,"href":"https:\/\/carleton.ca\/africanstudies\/wp-json\/wp\/v2\/users\/7"}],"replies":[{"embeddable":true,"href":"https:\/\/carleton.ca\/africanstudies\/wp-json\/wp\/v2\/comments?post=9634"}],"version-history":[{"count":3,"href":"https:\/\/carleton.ca\/africanstudies\/wp-json\/wp\/v2\/pages\/9634\/revisions"}],"predecessor-version":[{"id":9968,"href":"https:\/\/carleton.ca\/africanstudies\/wp-json\/wp\/v2\/pages\/9634\/revisions\/9968"}],"up":[{"embeddable":true,"href":"https:\/\/carleton.ca\/africanstudies\/wp-json\/wp\/v2\/pages\/571"}],"wp:attachment":[{"href":"https:\/\/carleton.ca\/africanstudies\/wp-json\/wp\/v2\/media?parent=9634"}],"curies":[{"name":"wp","href":"https:\/\/api.w.org\/{rel}","templated":true}]}}