{"id":101,"date":"2012-07-26T21:42:03","date_gmt":"2012-07-27T01:42:03","guid":{"rendered":"http:\/\/www6.carleton.ca\/american-studies\/?page_id=101"},"modified":"2017-09-07T10:39:22","modified_gmt":"2017-09-07T14:39:22","slug":"links-in-american-studies","status":"publish","type":"page","link":"https:\/\/carleton.ca\/american-studies\/links-in-american-studies\/","title":{"rendered":"Links in American Studies"},"content":{"rendered":"<p><strong>Associations<\/strong><\/p>\n<p><a title=\"CAAS\" href=\"http:\/\/american-studies.ca\/\">Canadian Association of American Studies<\/a>\u00a0(CAAS)<\/p>\n<p><a title=\"ASA\" href=\"http:\/\/www.theasa.net\/\">American Studies Association<\/a> (ASA)<\/p>\n<p><a href=\"http:\/\/www.iasaweb.org\/\">International American Studies Association<\/a> (IASA)<\/p>\n<p><a title=\"BAAS\" href=\"http:\/\/www.baas.ac.uk\/\">British Association for American Studies<\/a> (BAAS)<\/p>\n<p><a title=\"European Association for American Studies\" href=\"http:\/\/www.eaas.eu\/\">European Association for American Studies<\/a> (EAAS)<\/p>\n<p><a title=\"Nordic Association for American Studies\" href=\"http:\/\/sites.google.com\/site\/naasstudies\/\">Nordic Association for American Studies<\/a> (NAAS)<\/p>\n<p><\/p>\n<p><strong>Journals<\/strong><\/p>\n<p><a href=\"http:\/\/aar.slu.edu\/\">African American Review<\/a><\/p>\n<p><a href=\"http:\/\/alh.oxfordjournals.org\/\">American Literary History<\/a><\/p>\n<p><a href=\"https:\/\/muse.jhu.edu\/journal\/13\" target=\"_blank\" rel=\"noopener\">American Quarterly<\/a><\/p>\n<p><a href=\"http:\/\/journals.ku.edu\/index.php\/amerstud\">American Studies<\/a><\/p>\n<p><a href=\"http:\/\/www.amerikastudien.de\/quarterly\/\">Amerikastudien \/ American Studies<\/a><\/p>\n<p><a href=\"http:\/\/www.utpjournals.com\/Canadian-Review-of-American-Studies.html\/\">Canadian Review of American Studies<\/a><\/p>\n<p><a href=\"http:\/\/www.maney.co.uk\/index.php\/journals\/cas\/\">Comparative American Studies<\/a><\/p>\n<p><a href=\"http:\/\/ejas.revues.org\/\">European Journal of American Studies<\/a><\/p>\n<p><a href=\"http:\/\/journals.cambridge.org\/action\/displayJournal?jid=AMS\">Journal of American Studies<\/a><\/p>\n<p><a href=\"http:\/\/www.tandfonline.com\/toc\/rjts20\/current\">Journal of Transatlantic Studies<\/a><\/p>\n<p><a href=\"http:\/\/escholarship.org\/uc\/acgcc_jtas\">Journal of Transnational American Studies<\/a><\/p>\n<p><a href=\"http:\/\/journals.theasa.net\/journals\/name\/neoamericanist\/\" target=\"_blank\" rel=\"noopener\">NeoAmericanist<\/a><\/p>\n<p><a href=\"https:\/\/www.cairn.info\/revue-politique-americaine.htm\">Politique am\u00e9ricaine<\/a><\/p>\n<p><a href=\"http:\/\/www.cairn.info\/revue.php?ID_REVUE=RFEA\">Revue fran\u00e7aises d&#8217;\u00e9tudes am\u00e9ricaines<\/a><\/p>\n<p><\/p>\n<p><strong>Reference sources<\/strong><\/p>\n<p><a href=\"http:\/\/eas-ref.press.jhu.edu\/\">Encyclopedia of American Studies<\/a><\/p>\n","protected":false},"excerpt":{"rendered":"<p>Associations Canadian Association of American Studies\u00a0(CAAS) American Studies Association (ASA) International American Studies Association (IASA) British Association for American Studies (BAAS) European Association for American Studies (EAAS) Nordic Association for American Studies (NAAS) Journals African American Review American Literary History American Quarterly American Studies Amerikastudien \/ American Studies Canadian Review of American Studies Comparative American [&hellip;]<\/p>\n","protected":false},"author":5,"featured_media":0,"parent":0,"menu_order":9,"comment_status":"open","ping_status":"open","template":"","meta":{"_relevanssi_hide_post":"","_relevanssi_hide_content":"","_relevanssi_pin_for_all":"","_relevanssi_pin_keywords":"","_relevanssi_unpin_keywords":"","_relevanssi_related_keywords":"","_relevanssi_related_include_ids":"","_relevanssi_related_exclude_ids":"","_relevanssi_related_no_append":"","_relevanssi_related_not_related":"","_relevanssi_related_posts":"","_relevanssi_noindex_reason":"","_mi_skip_tracking":false,"_exactmetrics_sitenote_active":false,"_exactmetrics_sitenote_note":"","_exactmetrics_sitenote_category":0,"footnotes":"","_links_to":"","_links_to_target":""},"yoast_head":"<!-- This site is optimized with the Yoast SEO plugin v21.2 - https:\/\/yoast.com\/wordpress\/plugins\/seo\/ -->\n<title>Links in American Studies - FASS Research Centre in American Studies<\/title>\n<meta name=\"description\" content=\"Associations Canadian Association of American Studies\u00a0(CAAS) American Studies Association (ASA) International American Studies Association (IASA) British\" \/>\n<meta name=\"robots\" content=\"index, follow, max-snippet:-1, max-image-preview:large, max-video-preview:-1\" \/>\n<link rel=\"canonical\" href=\"https:\/\/carleton.ca\/american-studies\/links-in-american-studies\/\" \/>\n<script type=\"application\/ld+json\" class=\"yoast-schema-graph\">{\"@context\":\"https:\/\/schema.org\",\"@graph\":[{\"@type\":\"WebPage\",\"@id\":\"https:\/\/carleton.ca\/american-studies\/links-in-american-studies\/\",\"url\":\"https:\/\/carleton.ca\/american-studies\/links-in-american-studies\/\",\"name\":\"Links in American Studies - FASS Research Centre in American Studies\",\"isPartOf\":{\"@id\":\"https:\/\/carleton.ca\/american-studies\/#website\"},\"datePublished\":\"2012-07-27T01:42:03+00:00\",\"dateModified\":\"2017-09-07T14:39:22+00:00\",\"description\":\"Associations Canadian Association of American Studies\u00a0(CAAS) American Studies Association (ASA) International American Studies Association (IASA) British\",\"breadcrumb\":{\"@id\":\"https:\/\/carleton.ca\/american-studies\/links-in-american-studies\/#breadcrumb\"},\"inLanguage\":\"en-US\",\"potentialAction\":[{\"@type\":\"ReadAction\",\"target\":[\"https:\/\/carleton.ca\/american-studies\/links-in-american-studies\/\"]}]},{\"@type\":\"BreadcrumbList\",\"@id\":\"https:\/\/carleton.ca\/american-studies\/links-in-american-studies\/#breadcrumb\",\"itemListElement\":[{\"@type\":\"ListItem\",\"position\":1,\"name\":\"Home\",\"item\":\"https:\/\/carleton.ca\/american-studies\/\"},{\"@type\":\"ListItem\",\"position\":2,\"name\":\"Links in American Studies\"}]},{\"@type\":\"WebSite\",\"@id\":\"https:\/\/carleton.ca\/american-studies\/#website\",\"url\":\"https:\/\/carleton.ca\/american-studies\/\",\"name\":\"FASS Research Centre in American Studies\",\"description\":\"Carleton University\",\"potentialAction\":[{\"@type\":\"SearchAction\",\"target\":{\"@type\":\"EntryPoint\",\"urlTemplate\":\"https:\/\/carleton.ca\/american-studies\/?s={search_term_string}\"},\"query-input\":\"required name=search_term_string\"}],\"inLanguage\":\"en-US\"}]}<\/script>\n<!-- \/ Yoast SEO plugin. -->","yoast_head_json":{"title":"Links in American Studies - FASS Research Centre in American Studies","description":"Associations Canadian Association of American Studies\u00a0(CAAS) American Studies Association (ASA) International American Studies Association (IASA) British","robots":{"index":"index","follow":"follow","max-snippet":"max-snippet:-1","max-image-preview":"max-image-preview:large","max-video-preview":"max-video-preview:-1"},"canonical":"https:\/\/carleton.ca\/american-studies\/links-in-american-studies\/","schema":{"@context":"https:\/\/schema.org","@graph":[{"@type":"WebPage","@id":"https:\/\/carleton.ca\/american-studies\/links-in-american-studies\/","url":"https:\/\/carleton.ca\/american-studies\/links-in-american-studies\/","name":"Links in American Studies - FASS Research Centre in American Studies","isPartOf":{"@id":"https:\/\/carleton.ca\/american-studies\/#website"},"datePublished":"2012-07-27T01:42:03+00:00","dateModified":"2017-09-07T14:39:22+00:00","description":"Associations Canadian Association of American Studies\u00a0(CAAS) American Studies Association (ASA) International American Studies Association (IASA) British","breadcrumb":{"@id":"https:\/\/carleton.ca\/american-studies\/links-in-american-studies\/#breadcrumb"},"inLanguage":"en-US","potentialAction":[{"@type":"ReadAction","target":["https:\/\/carleton.ca\/american-studies\/links-in-american-studies\/"]}]},{"@type":"BreadcrumbList","@id":"https:\/\/carleton.ca\/american-studies\/links-in-american-studies\/#breadcrumb","itemListElement":[{"@type":"ListItem","position":1,"name":"Home","item":"https:\/\/carleton.ca\/american-studies\/"},{"@type":"ListItem","position":2,"name":"Links in American Studies"}]},{"@type":"WebSite","@id":"https:\/\/carleton.ca\/american-studies\/#website","url":"https:\/\/carleton.ca\/american-studies\/","name":"FASS Research Centre in American Studies","description":"Carleton University","potentialAction":[{"@type":"SearchAction","target":{"@type":"EntryPoint","urlTemplate":"https:\/\/carleton.ca\/american-studies\/?s={search_term_string}"},"query-input":"required name=search_term_string"}],"inLanguage":"en-US"}]}},"acf":{"banner_image_type":"upload","banner_uploaded_image":{"ID":634,"id":634,"title":"Banner San Francisco after the earthquake right size","filename":"Banner-San-Francisco-after-the-earthquake-right-size.png","filesize":741918,"url":"https:\/\/carleton.ca\/american-studies\/wp-content\/uploads\/Banner-San-Francisco-after-the-earthquake-right-size.png","link":"https:\/\/carleton.ca\/american-studies\/links-in-american-studies\/banner-san-francisco-after-the-earthquake-right-size\/","alt":"","author":"5","description":"","caption":"San Francisco after the 1906 earthquake","name":"banner-san-francisco-after-the-earthquake-right-size","status":"inherit","uploaded_to":101,"date":"2017-09-07 14:37:54","modified":"2017-09-07 14:39:20","menu_order":0,"mime_type":"image\/png","type":"image","subtype":"png","icon":"https:\/\/carleton.ca\/american-studies\/wp\/wp-includes\/images\/media\/default.png","width":1600,"height":700,"sizes":{"thumbnail":"https:\/\/carleton.ca\/american-studies\/wp-content\/uploads\/Banner-San-Francisco-after-the-earthquake-right-size-160x70.png","thumbnail-width":160,"thumbnail-height":70,"medium":"https:\/\/carleton.ca\/american-studies\/wp-content\/uploads\/Banner-San-Francisco-after-the-earthquake-right-size-240x105.png","medium-width":240,"medium-height":105,"medium_large":"https:\/\/carleton.ca\/american-studies\/wp-content\/uploads\/Banner-San-Francisco-after-the-earthquake-right-size-768x336.png","medium_large-width":768,"medium_large-height":336,"large":"https:\/\/carleton.ca\/american-studies\/wp-content\/uploads\/Banner-San-Francisco-after-the-earthquake-right-size-400x175.png","large-width":400,"large-height":175,"gallery-thumb":"https:\/\/carleton.ca\/american-studies\/wp-content\/uploads\/Banner-San-Francisco-after-the-earthquake-right-size-300x230.png","gallery-thumb-width":300,"gallery-thumb-height":230,"1536x1536":"https:\/\/carleton.ca\/american-studies\/wp-content\/uploads\/Banner-San-Francisco-after-the-earthquake-right-size.png","1536x1536-width":1536,"1536x1536-height":672,"2048x2048":"https:\/\/carleton.ca\/american-studies\/wp-content\/uploads\/Banner-San-Francisco-after-the-earthquake-right-size.png","2048x2048-width":1600,"2048x2048-height":700,"banner":"https:\/\/carleton.ca\/american-studies\/wp-content\/uploads\/Banner-San-Francisco-after-the-earthquake-right-size.png","banner-width":1600,"banner-height":700,"people":"https:\/\/carleton.ca\/american-studies\/wp-content\/uploads\/Banner-San-Francisco-after-the-earthquake-right-size-200x200.png","people-width":200,"people-height":200,"post-thumb":"https:\/\/carleton.ca\/american-studies\/wp-content\/uploads\/Banner-San-Francisco-after-the-earthquake-right-size-300x230.png","post-thumb-width":300,"post-thumb-height":230,"rotator-image":"https:\/\/carleton.ca\/american-studies\/wp-content\/uploads\/Banner-San-Francisco-after-the-earthquake-right-size.png","rotator-image-width":800,"rotator-image-height":350,"video-thumb":"https:\/\/carleton.ca\/american-studies\/wp-content\/uploads\/Banner-San-Francisco-after-the-earthquake-right-size-360x158.png","video-thumb-width":360,"video-thumb-height":158}},"banner_opacity":"dark"},"_links":{"self":[{"href":"https:\/\/carleton.ca\/american-studies\/wp-json\/wp\/v2\/pages\/101"}],"collection":[{"href":"https:\/\/carleton.ca\/american-studies\/wp-json\/wp\/v2\/pages"}],"about":[{"href":"https:\/\/carleton.ca\/american-studies\/wp-json\/wp\/v2\/types\/page"}],"author":[{"embeddable":true,"href":"https:\/\/carleton.ca\/american-studies\/wp-json\/wp\/v2\/users\/5"}],"replies":[{"embeddable":true,"href":"https:\/\/carleton.ca\/american-studies\/wp-json\/wp\/v2\/comments?post=101"}],"version-history":[{"count":4,"href":"https:\/\/carleton.ca\/american-studies\/wp-json\/wp\/v2\/pages\/101\/revisions"}],"predecessor-version":[{"id":635,"href":"https:\/\/carleton.ca\/american-studies\/wp-json\/wp\/v2\/pages\/101\/revisions\/635"}],"wp:attachment":[{"href":"https:\/\/carleton.ca\/american-studies\/wp-json\/wp\/v2\/media?parent=101"}],"curies":[{"name":"wp","href":"https:\/\/api.w.org\/{rel}","templated":true}]}}