{"id":1437,"date":"2021-07-16T17:07:39","date_gmt":"2021-07-16T21:07:39","guid":{"rendered":"https:\/\/carleton.ca\/anako\/?page_id=1437"},"modified":"2024-06-26T10:19:23","modified_gmt":"2024-06-26T14:19:23","slug":"name","status":"publish","type":"page","link":"https:\/\/carleton.ca\/anako\/about\/name\/","title":{"rendered":"\u0100nako Name &#038; Logo"},"content":{"rendered":"<h2>\u0100nako: Naming the Indigenous Research Institute<\/h2>\n<p><\/p>\n<blockquote><p>\u0100nako is a \u201cconnection, an extension, a generational continued connection.<\/p>\n<p>\u0100nako means that we are connecting across generations, including with people from the spirit world who have passed, with people of today and with the future generations who are not born yet. We are all connected and we will continue being connected. \u0100nako is a very short and sweet word that explains this whole process of our connectedness.\u201d<\/p>\n<p>\u2013 Elder Joan Commanda Tenasco<\/p><\/blockquote>\n<p><\/p>\n<p>This description of the meaning of the Algonquin word \u0100nako, in the words of Elder Joan Commanda Tenasco from Kitig\u00e0n Z\u00ecb\u00ec Anishinabeg First Nation, captures the spirit and purpose of Carleton\u2019s Indigenous Research Institute.<\/p>\n<p>The \u0100nako Indigenous Research Institute is a hub or a connecting point at Carleton: a place where people come together and where learning and sharing between all people is supported. \u0100nako is respectful and inclusive of all First Nations, M\u00e9tis and Inuit because we research in different places as we move through time. As Anita Tenasco, Director of Education at Kitig\u00e0n Z\u00ecb\u00ec explained \u201cWe believe all of these points can find meaning in \u0100nako.\u201d<\/p>\n<p>This research institute was named by Elder Joan Commanda Tenasco and Anita Tenasco from Kitig\u00e0n Z\u00ecb\u00ec and by Elder Irvin Sarazin and Della Meness from the Algonquins of Pikwakanagan First Nation. In November 2020, the Carleton team working to launch the Institute was honoured to consult with Knowledge Keepers from Pikwakanagan and Kitig\u00e0n Z\u00ecb\u00ec to determine an appropriate new name for the Institute.<\/p>\n<p>Chi miigwech to Knowledge Keepers Irvin, Della, Joan and Anita for their guidance. The \u0100nako team is appreciative of the knowledge you so generously imparted us with through our various consultations.<\/p>\n<p><\/p>\n<p><\/p>\n<h2>\u0100nako Artwork<\/h2>\n<div id=\"attachment_1444\" class=\"wp-caption alignleft\" style=\"width: 160px\"><img decoding=\"async\" loading=\"lazy\" class=\"wp-image-1444 size-thumbnail\" src=\"https:\/\/carleton.ca\/anako\/wp-content\/uploads\/DanielleCrop2-160x212.png\" alt=\"Photo of Danielle H. Morrison\" width=\"160\" height=\"212\" srcset=\"https:\/\/carleton.ca\/anako\/wp-content\/uploads\/DanielleCrop2-160x212.png 160w, https:\/\/carleton.ca\/anako\/wp-content\/uploads\/DanielleCrop2-240x319.png 240w, https:\/\/carleton.ca\/anako\/wp-content\/uploads\/DanielleCrop2-400x531.png 400w, https:\/\/carleton.ca\/anako\/wp-content\/uploads\/DanielleCrop2-768x1020.png 768w, https:\/\/carleton.ca\/anako\/wp-content\/uploads\/DanielleCrop2-1157x1536.png 1157w, https:\/\/carleton.ca\/anako\/wp-content\/uploads\/DanielleCrop2-1543x2048.png 1543w, https:\/\/carleton.ca\/anako\/wp-content\/uploads\/DanielleCrop2-360x478.png 360w\" sizes=\"(max-width: 160px) 100vw, 160px\" \/><p class=\"wp-caption-text\">Niiyobinaasiik (Danielle H. Morrison)<\/p><\/div>\n<p>The stunning artwork featured on the \u0100nako website was created during the winter of 2021 by <a href=\"https:\/\/www.niiyobinaasiik.com\/bio\" target=\"_blank\" rel=\"noopener noreferrer\">Danielle H. Morrison<\/a>. It was a privilege for our team to work with Danielle and see her bring this vision of \u0100nako &#8211; a place for connection, learning and sharing of knowledge &#8211; into being!<\/p>\n<p>A proud member of the Anishinaabeg of Naongashiing, Danielle is a multi-talented artist, designer, lawyer, community advocate, mother and founder of <a href=\"https:\/\/www.clan-mother.com\/\" target=\"_blank\" rel=\"noopener noreferrer\">Clan Mother Goods &amp; Apparel<\/a>. See more of Danielle&#8217;s <a href=\"https:\/\/www.niiyobinaasiik.com\/\">beautiful photography and design work.<\/a><\/p>\n<p><\/p>\n<p><img decoding=\"async\" loading=\"lazy\" class=\"alignleft wp-image-1447 size-full\" src=\"https:\/\/carleton.ca\/anako\/wp-content\/uploads\/Anako-Logo-for-Web.png\" alt=\"Rooted in connectedness\" width=\"1492\" height=\"1616\" srcset=\"https:\/\/carleton.ca\/anako\/wp-content\/uploads\/Anako-Logo-for-Web.png 1492w, https:\/\/carleton.ca\/anako\/wp-content\/uploads\/Anako-Logo-for-Web-240x260.png 240w, https:\/\/carleton.ca\/anako\/wp-content\/uploads\/Anako-Logo-for-Web-400x433.png 400w, https:\/\/carleton.ca\/anako\/wp-content\/uploads\/Anako-Logo-for-Web-160x173.png 160w, https:\/\/carleton.ca\/anako\/wp-content\/uploads\/Anako-Logo-for-Web-768x832.png 768w, https:\/\/carleton.ca\/anako\/wp-content\/uploads\/Anako-Logo-for-Web-1418x1536.png 1418w, https:\/\/carleton.ca\/anako\/wp-content\/uploads\/Anako-Logo-for-Web-360x390.png 360w\" sizes=\"(max-width: 1492px) 100vw, 1492px\" \/><\/p>\n<h3>Artist\u2019s Statement<\/h3>\n<p>&#8220;The artwork for \u0100nako Indigenous Research Institute is rooted in the concept of connectedness and knowledge being passed across generations.&#8221;<\/p>\n<p>The vision that appeared was that of our people gathering in ceremony to learn and teach one another in the lodge. We each hold our own gifts, our own experiences, our own knowledge, our own flame. In being close to one another in this way, we allow those flames to grow and nourish each other.<\/p>\n<p>This exchange grounds us with the natural world around us, like expanding roots. It reminds us of where we come from and where we are going. Of that inner child we must feed with good spirit and intent, of those babies yet to come, of those in womb whom soak up our love and welcoming through the vessels of a placenta.<\/p>\n<p>We come from the earth, in the same way that we go back to the earth. When we learn, we return to that place where there is nothing between us and the land. Our feet planted firmly on the ground, we sit and feel our Mother and her gifts. We talk to each other in the way that she speaks to us. Our voices intertwine and are felt in the grass and living beings that grow around us.<\/p>\n<p>All of this, while those in the spirit world reach their loving arms, their watchful gaze, around us. From day to night, from the warmth of the sun to the gleam of the stars, we feel their weight. We honour their spirits by speaking to them, by allowing their knowledge to flow freely through space and time unto us.<\/p>\n<p><strong><em>We are all connected.<\/em><\/strong><\/p>\n<p>All my relations,<\/p>\n<p>Niiyobinaasiik<br \/>\n(Danielle H. Morrison)<\/p>\n","protected":false},"excerpt":{"rendered":"<p>\u0100nako: Naming the Indigenous Research Institute \u0100nako is a \u201cconnection, an extension, a generational continued connection. \u0100nako means that we are connecting across generations, including with people from the spirit world who have passed, with people of today and with the future generations who are not born yet. We are all connected and we will [&hellip;]<\/p>\n","protected":false},"author":20,"featured_media":0,"parent":6,"menu_order":1,"comment_status":"closed","ping_status":"closed","template":"","meta":{"_relevanssi_hide_post":"","_relevanssi_hide_content":"","_relevanssi_pin_for_all":"","_relevanssi_pin_keywords":"","_relevanssi_unpin_keywords":"","_relevanssi_related_keywords":"","_relevanssi_related_include_ids":"","_relevanssi_related_exclude_ids":"","_relevanssi_related_no_append":"","_relevanssi_related_not_related":"","_relevanssi_related_posts":"","_relevanssi_noindex_reason":"","_mi_skip_tracking":false,"_exactmetrics_sitenote_active":false,"_exactmetrics_sitenote_note":"","_exactmetrics_sitenote_category":0,"footnotes":"","_links_to":"","_links_to_target":""},"yoast_head":"<!-- This site is optimized with the Yoast SEO plugin v21.2 - https:\/\/yoast.com\/wordpress\/plugins\/seo\/ -->\n<title>\u0100nako Name &amp; Logo - \u0100nako Indigenous Research Institute<\/title>\n<meta name=\"description\" content=\"\u0100nako: Naming the Indigenous Research Institute &nbsp; \u0100nako is a \u201cconnection, an extension, a generational continued connection. \u0100nako means that we are\" \/>\n<meta name=\"robots\" content=\"index, follow, max-snippet:-1, max-image-preview:large, max-video-preview:-1\" \/>\n<link rel=\"canonical\" href=\"https:\/\/carleton.ca\/anako\/about\/name\/\" \/>\n<meta name=\"twitter:label1\" content=\"Est. reading time\" \/>\n\t<meta name=\"twitter:data1\" content=\"3 minutes\" \/>\n<script type=\"application\/ld+json\" class=\"yoast-schema-graph\">{\"@context\":\"https:\/\/schema.org\",\"@graph\":[{\"@type\":\"WebPage\",\"@id\":\"https:\/\/carleton.ca\/anako\/about\/name\/\",\"url\":\"https:\/\/carleton.ca\/anako\/about\/name\/\",\"name\":\"\u0100nako Name & Logo - \u0100nako Indigenous Research Institute\",\"isPartOf\":{\"@id\":\"https:\/\/carleton.ca\/anako\/#website\"},\"datePublished\":\"2021-07-16T21:07:39+00:00\",\"dateModified\":\"2024-06-26T14:19:23+00:00\",\"description\":\"\u0100nako: Naming the Indigenous Research Institute &nbsp; \u0100nako is a \u201cconnection, an extension, a generational continued connection. \u0100nako means that we are\",\"breadcrumb\":{\"@id\":\"https:\/\/carleton.ca\/anako\/about\/name\/#breadcrumb\"},\"inLanguage\":\"en-US\",\"potentialAction\":[{\"@type\":\"ReadAction\",\"target\":[\"https:\/\/carleton.ca\/anako\/about\/name\/\"]}]},{\"@type\":\"BreadcrumbList\",\"@id\":\"https:\/\/carleton.ca\/anako\/about\/name\/#breadcrumb\",\"itemListElement\":[{\"@type\":\"ListItem\",\"position\":1,\"name\":\"Home\",\"item\":\"https:\/\/carleton.ca\/anako\/\"},{\"@type\":\"ListItem\",\"position\":2,\"name\":\"About\",\"item\":\"https:\/\/carleton.ca\/anako\/about\/\"},{\"@type\":\"ListItem\",\"position\":3,\"name\":\"\u0100nako Name &#038; Logo\"}]},{\"@type\":\"WebSite\",\"@id\":\"https:\/\/carleton.ca\/anako\/#website\",\"url\":\"https:\/\/carleton.ca\/anako\/\",\"name\":\"\u0100nako Indigenous Research Institute\",\"description\":\"Carleton University\",\"potentialAction\":[{\"@type\":\"SearchAction\",\"target\":{\"@type\":\"EntryPoint\",\"urlTemplate\":\"https:\/\/carleton.ca\/anako\/?s={search_term_string}\"},\"query-input\":\"required name=search_term_string\"}],\"inLanguage\":\"en-US\"}]}<\/script>\n<!-- \/ Yoast SEO plugin. -->","yoast_head_json":{"title":"\u0100nako Name & Logo - \u0100nako Indigenous Research Institute","description":"\u0100nako: Naming the Indigenous Research Institute &nbsp; \u0100nako is a \u201cconnection, an extension, a generational continued connection. \u0100nako means that we are","robots":{"index":"index","follow":"follow","max-snippet":"max-snippet:-1","max-image-preview":"max-image-preview:large","max-video-preview":"max-video-preview:-1"},"canonical":"https:\/\/carleton.ca\/anako\/about\/name\/","twitter_misc":{"Est. reading time":"3 minutes"},"schema":{"@context":"https:\/\/schema.org","@graph":[{"@type":"WebPage","@id":"https:\/\/carleton.ca\/anako\/about\/name\/","url":"https:\/\/carleton.ca\/anako\/about\/name\/","name":"\u0100nako Name & Logo - \u0100nako Indigenous Research Institute","isPartOf":{"@id":"https:\/\/carleton.ca\/anako\/#website"},"datePublished":"2021-07-16T21:07:39+00:00","dateModified":"2024-06-26T14:19:23+00:00","description":"\u0100nako: Naming the Indigenous Research Institute &nbsp; \u0100nako is a \u201cconnection, an extension, a generational continued connection. \u0100nako means that we are","breadcrumb":{"@id":"https:\/\/carleton.ca\/anako\/about\/name\/#breadcrumb"},"inLanguage":"en-US","potentialAction":[{"@type":"ReadAction","target":["https:\/\/carleton.ca\/anako\/about\/name\/"]}]},{"@type":"BreadcrumbList","@id":"https:\/\/carleton.ca\/anako\/about\/name\/#breadcrumb","itemListElement":[{"@type":"ListItem","position":1,"name":"Home","item":"https:\/\/carleton.ca\/anako\/"},{"@type":"ListItem","position":2,"name":"About","item":"https:\/\/carleton.ca\/anako\/about\/"},{"@type":"ListItem","position":3,"name":"\u0100nako Name &#038; Logo"}]},{"@type":"WebSite","@id":"https:\/\/carleton.ca\/anako\/#website","url":"https:\/\/carleton.ca\/anako\/","name":"\u0100nako Indigenous Research Institute","description":"Carleton University","potentialAction":[{"@type":"SearchAction","target":{"@type":"EntryPoint","urlTemplate":"https:\/\/carleton.ca\/anako\/?s={search_term_string}"},"query-input":"required name=search_term_string"}],"inLanguage":"en-US"}]}},"acf":{"banner_button":"no","banner_image_type":"upload","banner_opacity":"default","banner_uploaded_image":{"ID":1406,"id":1406,"title":"Anako Blue Banner 1600 x 700 - A","filename":"Anako-Blue-Banner-1600-x-700-A.jpg","filesize":429246,"url":"https:\/\/carleton.ca\/anako\/wp-content\/uploads\/Anako-Blue-Banner-1600-x-700-A.jpg","link":"https:\/\/carleton.ca\/anako\/cu-home\/1\/anako-blue-banner-1600-x-700-a\/","alt":"Blue Anako Banner","author":"20","description":"","caption":"","name":"anako-blue-banner-1600-x-700-a","status":"inherit","uploaded_to":595,"date":"2021-07-07 16:23:04","modified":"2022-06-20 15:41:15","menu_order":0,"mime_type":"image\/jpeg","type":"image","subtype":"jpeg","icon":"https:\/\/carleton.ca\/anako\/wp\/wp-includes\/images\/media\/default.png","width":1600,"height":700,"sizes":{"thumbnail":"https:\/\/carleton.ca\/anako\/wp-content\/uploads\/Anako-Blue-Banner-1600-x-700-A-160x70.jpg","thumbnail-width":160,"thumbnail-height":70,"medium":"https:\/\/carleton.ca\/anako\/wp-content\/uploads\/Anako-Blue-Banner-1600-x-700-A-240x105.jpg","medium-width":240,"medium-height":105,"medium_large":"https:\/\/carleton.ca\/anako\/wp-content\/uploads\/Anako-Blue-Banner-1600-x-700-A-768x336.jpg","medium_large-width":768,"medium_large-height":336,"large":"https:\/\/carleton.ca\/anako\/wp-content\/uploads\/Anako-Blue-Banner-1600-x-700-A-400x175.jpg","large-width":400,"large-height":175,"gallery-thumb":"https:\/\/carleton.ca\/anako\/wp-content\/uploads\/Anako-Blue-Banner-1600-x-700-A-300x230.jpg","gallery-thumb-width":300,"gallery-thumb-height":230,"1536x1536":"https:\/\/carleton.ca\/anako\/wp-content\/uploads\/Anako-Blue-Banner-1600-x-700-A-1536x672.jpg","1536x1536-width":1536,"1536x1536-height":672,"2048x2048":"https:\/\/carleton.ca\/anako\/wp-content\/uploads\/Anako-Blue-Banner-1600-x-700-A.jpg","2048x2048-width":1600,"2048x2048-height":700,"banner":"https:\/\/carleton.ca\/anako\/wp-content\/uploads\/Anako-Blue-Banner-1600-x-700-A.jpg","banner-width":1600,"banner-height":700,"people":"https:\/\/carleton.ca\/anako\/wp-content\/uploads\/Anako-Blue-Banner-1600-x-700-A-200x200.jpg","people-width":200,"people-height":200,"post-thumb":"https:\/\/carleton.ca\/anako\/wp-content\/uploads\/Anako-Blue-Banner-1600-x-700-A-300x230.jpg","post-thumb-width":300,"post-thumb-height":230,"rotator-image":"https:\/\/carleton.ca\/anako\/wp-content\/uploads\/Anako-Blue-Banner-1600-x-700-A-800x600.jpg","rotator-image-width":800,"rotator-image-height":600,"video-thumb":"https:\/\/carleton.ca\/anako\/wp-content\/uploads\/Anako-Blue-Banner-1600-x-700-A-360x158.jpg","video-thumb-width":360,"video-thumb-height":158}}},"_links":{"self":[{"href":"https:\/\/carleton.ca\/anako\/wp-json\/wp\/v2\/pages\/1437"}],"collection":[{"href":"https:\/\/carleton.ca\/anako\/wp-json\/wp\/v2\/pages"}],"about":[{"href":"https:\/\/carleton.ca\/anako\/wp-json\/wp\/v2\/types\/page"}],"author":[{"embeddable":true,"href":"https:\/\/carleton.ca\/anako\/wp-json\/wp\/v2\/users\/20"}],"replies":[{"embeddable":true,"href":"https:\/\/carleton.ca\/anako\/wp-json\/wp\/v2\/comments?post=1437"}],"version-history":[{"count":6,"href":"https:\/\/carleton.ca\/anako\/wp-json\/wp\/v2\/pages\/1437\/revisions"}],"predecessor-version":[{"id":2674,"href":"https:\/\/carleton.ca\/anako\/wp-json\/wp\/v2\/pages\/1437\/revisions\/2674"}],"up":[{"embeddable":true,"href":"https:\/\/carleton.ca\/anako\/wp-json\/wp\/v2\/pages\/6"}],"wp:attachment":[{"href":"https:\/\/carleton.ca\/anako\/wp-json\/wp\/v2\/media?parent=1437"}],"curies":[{"name":"wp","href":"https:\/\/api.w.org\/{rel}","templated":true}]}}