{"id":3090,"date":"2026-03-03T12:07:42","date_gmt":"2026-03-03T17:07:42","guid":{"rendered":"https:\/\/carleton.ca\/anako\/?page_id=3090"},"modified":"2026-03-03T13:32:29","modified_gmt":"2026-03-03T18:32:29","slug":"indigenous-data-sovereignty","status":"publish","type":"page","link":"https:\/\/carleton.ca\/anako\/indigenous-data-sovereignty\/","title":{"rendered":"Indigenous Data Sovereignty"},"content":{"rendered":"<p>Indigenous data sovereignty is the inherent right of Indigenous peoples to determine the means of collection, ownership, interpretation, dissemination, protection, and application of their own data. Indigenous data sovereignty is inextricable from Indigenous self-determination.<\/p>\n<p>Carleton University seeks to provide accountable, ethical, respectful, high-standard, appropriate, and meaningful research relationships with Indigenous peoples and their communities. Carleton University has sought this through the establishment of the Indigenous Research Ethics Board, the \u0100nako Indigenous Research Institute, and the Indigenous Data Sovereignty Strategy to foster respectful research.<\/p>\n<h2>The United Nations Declaration of the Rights of Indigenous Peoples (UNDRIP)<\/h2>\n<p>Article 31 of the <a href=\"https:\/\/www.un.org\/development\/desa\/Indigenouspeoples\/wp-content\/uploads\/sites\/19\/2018\/11\/UNDRIP_E_web.pdf\">United Nations Declaration on the Rights of Indigenous Peoples<\/a> states that \u201cIndigenous Peoples have the right to maintain, control, protect and develop their cultural heritage, traditional knowledge and traditional cultural expressions, as well as the manifestations of their sciences, technologies and cultures, including human and genetic resources, seeds, medicines, knowledge of the properties of fauna and flora, oral traditions, literatures, designs, sports, traditional games and visual and performing arts. Indigenous Peoples also have the right to maintain, control, protect and develop their intellectual property over such cultural heritage, traditional knowledge and cultural expressions.\u201d Canada endorses UNDRIP.<\/p>\n<h2>Kin\u00e0m\u00e0gawin (Learning Together) Report<\/h2>\n<p>The <a href=\"https:\/\/carleton.ca\/indigenous\/kinamagawin\/\">Kin\u00e0m\u00e0gawin Report<\/a> was developed in response to the 2015 Truth and Reconciliation Commission\u2019s Final Report. The TRC\u2019s Calls to Action called upon post-secondary institutions to increase the integration of Indigenous knowledge into the classroom. In October 2018, the Carleton University Strategic Indigenous Initiatives Committee (CUSIIC) published the 2020 Kin\u00e0m\u00e0gawin (Learning Together) Report. The Kin\u00e0m\u00e0gawin established 41 CUSIIC was tasked to revitalize Carleton\u2019s Indigenous strategy and re-energize relationships with Indigenous communities in Algonquin territory and across the country. Within the 41 Calls to Action are prioritizing effective and meaning research partnerships with Indigenous communities through the \u0100nako Indigenous Research Institute.<\/p>\n<h2>Who is the Indigenous Data Sovereignty Strategy meant for?<\/h2>\n<p>Carleton University Indigenous Data Sovereignty Strategy is intended for Indigenous and non-Indigenous researchers, faculty, staff, students, trainees, and partners who are interested in conducting research and working with Indigenous communities here in Canada\/ Turtle Island and abroad.<\/p>\n","protected":false},"excerpt":{"rendered":"<p>Indigenous data sovereignty is the inherent right of Indigenous peoples to determine the means of collection, ownership, interpretation, dissemination, protection, and application of their own data. Indigenous data sovereignty is inextricable from Indigenous self-determination. Carleton University seeks to provide accountable, ethical, respectful, high-standard, appropriate, and meaningful research relationships with Indigenous peoples and their communities. Carleton [&hellip;]<\/p>\n","protected":false},"author":35,"featured_media":0,"parent":0,"menu_order":0,"comment_status":"closed","ping_status":"closed","template":"","meta":{"_relevanssi_hide_post":"","_relevanssi_hide_content":"","_relevanssi_pin_for_all":"","_relevanssi_pin_keywords":"","_relevanssi_unpin_keywords":"","_relevanssi_related_keywords":"","_relevanssi_related_include_ids":"","_relevanssi_related_exclude_ids":"","_relevanssi_related_no_append":"","_relevanssi_related_not_related":"","_relevanssi_related_posts":"","_relevanssi_noindex_reason":"","_mi_skip_tracking":false,"_exactmetrics_sitenote_active":false,"_exactmetrics_sitenote_note":"","_exactmetrics_sitenote_category":0,"footnotes":"","_links_to":"","_links_to_target":""},"yoast_head":"<!-- This site is optimized with the Yoast SEO plugin v21.2 - https:\/\/yoast.com\/wordpress\/plugins\/seo\/ -->\n<title>Indigenous Data Sovereignty - \u0100nako Indigenous Research Institute<\/title>\n<meta name=\"description\" content=\"Indigenous data sovereignty is the inherent right of Indigenous peoples to determine the means of collection, ownership, interpretation, dissemination,\" \/>\n<meta name=\"robots\" content=\"index, follow, max-snippet:-1, max-image-preview:large, max-video-preview:-1\" \/>\n<link rel=\"canonical\" href=\"https:\/\/carleton.ca\/anako\/indigenous-data-sovereignty\/\" \/>\n<meta name=\"twitter:label1\" content=\"Est. reading time\" \/>\n\t<meta name=\"twitter:data1\" content=\"2 minutes\" \/>\n<script type=\"application\/ld+json\" class=\"yoast-schema-graph\">{\"@context\":\"https:\/\/schema.org\",\"@graph\":[{\"@type\":\"WebPage\",\"@id\":\"https:\/\/carleton.ca\/anako\/indigenous-data-sovereignty\/\",\"url\":\"https:\/\/carleton.ca\/anako\/indigenous-data-sovereignty\/\",\"name\":\"Indigenous Data Sovereignty - \u0100nako Indigenous Research Institute\",\"isPartOf\":{\"@id\":\"https:\/\/carleton.ca\/anako\/#website\"},\"datePublished\":\"2026-03-03T17:07:42+00:00\",\"dateModified\":\"2026-03-03T18:32:29+00:00\",\"description\":\"Indigenous data sovereignty is the inherent right of Indigenous peoples to determine the means of collection, ownership, interpretation, dissemination,\",\"breadcrumb\":{\"@id\":\"https:\/\/carleton.ca\/anako\/indigenous-data-sovereignty\/#breadcrumb\"},\"inLanguage\":\"en-US\",\"potentialAction\":[{\"@type\":\"ReadAction\",\"target\":[\"https:\/\/carleton.ca\/anako\/indigenous-data-sovereignty\/\"]}]},{\"@type\":\"BreadcrumbList\",\"@id\":\"https:\/\/carleton.ca\/anako\/indigenous-data-sovereignty\/#breadcrumb\",\"itemListElement\":[{\"@type\":\"ListItem\",\"position\":1,\"name\":\"Home\",\"item\":\"https:\/\/carleton.ca\/anako\/\"},{\"@type\":\"ListItem\",\"position\":2,\"name\":\"Indigenous Data Sovereignty\"}]},{\"@type\":\"WebSite\",\"@id\":\"https:\/\/carleton.ca\/anako\/#website\",\"url\":\"https:\/\/carleton.ca\/anako\/\",\"name\":\"\u0100nako Indigenous Research Institute\",\"description\":\"Carleton University\",\"potentialAction\":[{\"@type\":\"SearchAction\",\"target\":{\"@type\":\"EntryPoint\",\"urlTemplate\":\"https:\/\/carleton.ca\/anako\/?s={search_term_string}\"},\"query-input\":\"required name=search_term_string\"}],\"inLanguage\":\"en-US\"}]}<\/script>\n<!-- \/ Yoast SEO plugin. -->","yoast_head_json":{"title":"Indigenous Data Sovereignty - \u0100nako Indigenous Research Institute","description":"Indigenous data sovereignty is the inherent right of Indigenous peoples to determine the means of collection, ownership, interpretation, dissemination,","robots":{"index":"index","follow":"follow","max-snippet":"max-snippet:-1","max-image-preview":"max-image-preview:large","max-video-preview":"max-video-preview:-1"},"canonical":"https:\/\/carleton.ca\/anako\/indigenous-data-sovereignty\/","twitter_misc":{"Est. reading time":"2 minutes"},"schema":{"@context":"https:\/\/schema.org","@graph":[{"@type":"WebPage","@id":"https:\/\/carleton.ca\/anako\/indigenous-data-sovereignty\/","url":"https:\/\/carleton.ca\/anako\/indigenous-data-sovereignty\/","name":"Indigenous Data Sovereignty - \u0100nako Indigenous Research Institute","isPartOf":{"@id":"https:\/\/carleton.ca\/anako\/#website"},"datePublished":"2026-03-03T17:07:42+00:00","dateModified":"2026-03-03T18:32:29+00:00","description":"Indigenous data sovereignty is the inherent right of Indigenous peoples to determine the means of collection, ownership, interpretation, dissemination,","breadcrumb":{"@id":"https:\/\/carleton.ca\/anako\/indigenous-data-sovereignty\/#breadcrumb"},"inLanguage":"en-US","potentialAction":[{"@type":"ReadAction","target":["https:\/\/carleton.ca\/anako\/indigenous-data-sovereignty\/"]}]},{"@type":"BreadcrumbList","@id":"https:\/\/carleton.ca\/anako\/indigenous-data-sovereignty\/#breadcrumb","itemListElement":[{"@type":"ListItem","position":1,"name":"Home","item":"https:\/\/carleton.ca\/anako\/"},{"@type":"ListItem","position":2,"name":"Indigenous Data Sovereignty"}]},{"@type":"WebSite","@id":"https:\/\/carleton.ca\/anako\/#website","url":"https:\/\/carleton.ca\/anako\/","name":"\u0100nako Indigenous Research Institute","description":"Carleton University","potentialAction":[{"@type":"SearchAction","target":{"@type":"EntryPoint","urlTemplate":"https:\/\/carleton.ca\/anako\/?s={search_term_string}"},"query-input":"required name=search_term_string"}],"inLanguage":"en-US"}]}},"acf":{"banner_image_type":"none","banner_button":"no"},"_links":{"self":[{"href":"https:\/\/carleton.ca\/anako\/wp-json\/wp\/v2\/pages\/3090"}],"collection":[{"href":"https:\/\/carleton.ca\/anako\/wp-json\/wp\/v2\/pages"}],"about":[{"href":"https:\/\/carleton.ca\/anako\/wp-json\/wp\/v2\/types\/page"}],"author":[{"embeddable":true,"href":"https:\/\/carleton.ca\/anako\/wp-json\/wp\/v2\/users\/35"}],"replies":[{"embeddable":true,"href":"https:\/\/carleton.ca\/anako\/wp-json\/wp\/v2\/comments?post=3090"}],"version-history":[{"count":3,"href":"https:\/\/carleton.ca\/anako\/wp-json\/wp\/v2\/pages\/3090\/revisions"}],"predecessor-version":[{"id":3126,"href":"https:\/\/carleton.ca\/anako\/wp-json\/wp\/v2\/pages\/3090\/revisions\/3126"}],"wp:attachment":[{"href":"https:\/\/carleton.ca\/anako\/wp-json\/wp\/v2\/media?parent=3090"}],"curies":[{"name":"wp","href":"https:\/\/api.w.org\/{rel}","templated":true}]}}