{"id":6,"date":"2013-09-24T10:46:48","date_gmt":"2013-09-24T14:46:48","guid":{"rendered":"http:\/\/labs.carleton.ca\/anako\/?page_id=6"},"modified":"2024-02-12T10:40:58","modified_gmt":"2024-02-12T15:40:58","slug":"about","status":"publish","type":"page","link":"https:\/\/carleton.ca\/anako\/about\/","title":{"rendered":"About"},"content":{"rendered":"<p>The \u0100nako Indigenous Research Institute brings together researchers, students and Indigenous communities in a place of dialogue and understanding to foster ethical, balanced, and respectful relationships between researchers and communities.<\/p>\n<p>Our long-term goals are for \u0100nako to be a collaborative research hub, a vital connection point for faculty and students from different departments, and a source of mentorship for Indigenous methodologies.<\/p>\n<p>\u0100nako will facilitate the implementation of many of the\u00a0<strong>Calls to Action<\/strong><span class=\"apple-converted-space\">\u00a0<\/span>drafted by Carleton\u2019s Strategic Indigenous Initiatives Committee for the<span class=\"apple-converted-space\">\u00a0<\/span><a href=\"https:\/\/carleton.ca\/indigenousinitiatives\/wp-content\/uploads\/Kinamagwin.pdf\">Kin\u00e0m\u00e0gawin Report<\/a><span class=\"apple-converted-space\">\u00a0<\/span>(2020). The revisioning of CIRCLE (the Centre for Indigenous Research, Language and Education) into an Indigenous Research Institute responds specifically to Call #31, which outlines the need to establish \u201can Institute for Indigenous Research with the intent of continuing, consolidating, and further promoting innovative and collaborative research pertaining to Indigenous peoples, communities and nations.\u201d<\/p>\n<p>We invite you to<span class=\"apple-converted-space\">\u00a0<\/span><a href=\"https:\/\/carleton.ca\/anako\/contact-us\/\">collaborate with \u0100nako<\/a><span class=\"apple-converted-space\">\u00a0<\/span>as we work to support and further the skills, priorities and needs of Carleton researchers working with Indigenous communities and Indigenous researchers at Carleton University.<\/p>\n\n<div class=\"\">\n\t<p>\n\t\t<a class=\"button__red button__red--outline\" href=\"https:\/\/carleton.ca\"  rel=\"noopener noreferrer\">About our name<\/a>\n\t<\/p>\n<\/div>\n\n<p><img decoding=\"async\" loading=\"lazy\" class=\"wp-image-1418 size-full aligncenter\" src=\"https:\/\/carleton.ca\/anako\/wp-content\/uploads\/Crane-Kahente-Vignette-2.png\" alt=\"\" width=\"1595\" height=\"752\" srcset=\"https:\/\/carleton.ca\/anako\/wp-content\/uploads\/Crane-Kahente-Vignette-2.png 1595w, https:\/\/carleton.ca\/anako\/wp-content\/uploads\/Crane-Kahente-Vignette-2-240x113.png 240w, https:\/\/carleton.ca\/anako\/wp-content\/uploads\/Crane-Kahente-Vignette-2-400x189.png 400w, https:\/\/carleton.ca\/anako\/wp-content\/uploads\/Crane-Kahente-Vignette-2-160x75.png 160w, https:\/\/carleton.ca\/anako\/wp-content\/uploads\/Crane-Kahente-Vignette-2-768x362.png 768w, https:\/\/carleton.ca\/anako\/wp-content\/uploads\/Crane-Kahente-Vignette-2-1536x724.png 1536w, https:\/\/carleton.ca\/anako\/wp-content\/uploads\/Crane-Kahente-Vignette-2-360x170.png 360w\" sizes=\"(max-width: 1595px) 100vw, 1595px\" \/><\/p>\n<h2>The Institute&#8217;s Journey<\/h2>\n<blockquote><p><em>The word itself, \u2018research\u2019, is probably one of the dirtiest words in the Indigenous world\u2019s vocabulary\u2026 it stirs up silence, it conjures up bad memories, it raises a smile that is knowing and distrustful\u2026 The ways in which scientific research is implicated in the worst excesses of colonialism remains a powerful remembered history for many of the world\u2019s colonized peoples.<\/em><span class=\"apple-converted-space\">\u00a0<\/span><\/p>\n<p style=\"text-align: right;\">\u2014 Linda Tuhiwai Smith (<em>Decolonizing Methodologies<\/em>)<\/p>\n<\/blockquote>\n<p>The launch of Carleton\u2019s\u00a0<span lang=\"EN-US\">\u0100nako Indigenous Research <\/span><span lang=\"EN-US\">Institute<\/span>\u00a0in 2021 represents an outcome of over twenty years of change in the practice and ethics of research with Indigenous peoples.<\/p>\n<p>In recent years, there has been increased awareness of Indigenous research ethics and practices which underscore the overarching purpose of this Institute: to bring researchers, students and Indigenous communities together in a place of dialogue and understanding. \u0100nako will foster ethical, balanced, and respectful relationships between researchers and communities. At its foundation is dialogue. Speakers, workshops, community engagement, and sustained relationship building will generate research that will benefit Indigenous communities.<\/p>\n\n<div class=\"\">\n\t<p>\n\t\t<a class=\"button__red button__red--outline\" href=\"https:\/\/carleton.ca\/anako\/community\/\"  rel=\"noopener noreferrer\">Our Community<\/a>\n\t<\/p>\n<\/div>\n\n<p>The Centre for Indigenous Research began at Carleton in 1993 as the Centre for Aboriginal Education, Research and Culture (CAERC), a centre created to serve First Peoples\u2019 communities, students, youth and researchers.<\/p>\n<p>In 2003, the academic research operations of CAERC amalgamated with Carleton\u2019s Canadian Musical Heritage Society and other Organized Research Units on campus, including the Centre for Canadian Cultures and Heritages and the Centre for First Peoples\u2019 Music and Research. \u00a0Together these groups formed CIRCLE: Carleton\u2019s Centre for Indigenous Research, Culture, Language and Education.<\/p>\n<p>CIRCLE pursued a number of projects, often building on the existing research accomplishments of its member organizations. During this time, CIRCLE worked in close collaboration with Indigenous communities and like-minded organizations such as BlackCherry Digital Media, Pinegrove Productions, Carleton\u2019s Centre for Aboriginal Culture and Education (CACE) and others. Like CIRCLE, CACE, which focused on Indigenous student recruitment, retention and support, also originated as part of CAERC; it is now the<span class=\"apple-converted-space\">\u00a0<\/span><a href=\"https:\/\/carleton.ca\/indigenous\/cisce\/\">Centre for Indigenous Support and Community Engagement.<\/a><\/p>\n<p>Following the release of the Truth and Reconc\u00adiliation Commission\u2019s Final Report in 2015,<span class=\"apple-converted-space\"> the <\/span><a href=\"https:\/\/carleton.ca\/indigenousinitiatives\/\">Carleton University Strategic Indigenous Initiatives Committee<\/a><span class=\"apple-converted-space\">\u00a0<\/span>held wide-ranging consultations and drafted a comprehensive set of<span class=\"apple-converted-space\">\u00a0<\/span><em>Calls to Action. T<\/em>he<span class=\"apple-converted-space\">\u00a0<\/span><a href=\"https:\/\/carleton.ca\/indigenousinitiatives\/wp-content\/uploads\/Kinamagwin.pdf\"><em>Kin\u00e0m\u00e0gawin (Learning Together) Final Report<\/em><\/a>\u00ad (May 2020) was created to ensure that our campus will truly support and empower current and future Indigenous students and faculty members. Now, as one of many outcomes of the <i>Kin\u00e0m\u00e0gawin Report<\/i>, \u0100nako has been established as a research institute focused on Indigenous cultures, languages, and ethical research practices.<\/p>\n<p><\/p>\n<div id=\"attachment_1104\" class=\"wp-caption alignnone\" style=\"width: 2560px\"><img decoding=\"async\" loading=\"lazy\" class=\"wp-image-1104 size-full\" src=\"https:\/\/carleton.ca\/anako\/wp-content\/uploads\/John-KHM-Miranda-AH-crop2-scaled.jpg\" alt=\"\" width=\"2560\" height=\"743\" srcset=\"https:\/\/carleton.ca\/anako\/wp-content\/uploads\/John-KHM-Miranda-AH-crop2-scaled.jpg 2560w, https:\/\/carleton.ca\/anako\/wp-content\/uploads\/John-KHM-Miranda-AH-crop2-240x70.jpg 240w, https:\/\/carleton.ca\/anako\/wp-content\/uploads\/John-KHM-Miranda-AH-crop2-400x116.jpg 400w, https:\/\/carleton.ca\/anako\/wp-content\/uploads\/John-KHM-Miranda-AH-crop2-160x46.jpg 160w, https:\/\/carleton.ca\/anako\/wp-content\/uploads\/John-KHM-Miranda-AH-crop2-768x223.jpg 768w, https:\/\/carleton.ca\/anako\/wp-content\/uploads\/John-KHM-Miranda-AH-crop2-1536x446.jpg 1536w, https:\/\/carleton.ca\/anako\/wp-content\/uploads\/John-KHM-Miranda-AH-crop2-2048x595.jpg 2048w, https:\/\/carleton.ca\/anako\/wp-content\/uploads\/John-KHM-Miranda-AH-crop2-360x105.jpg 360w\" sizes=\"(max-width: 2560px) 100vw, 2560px\" \/><p class=\"wp-caption-text\">Co-directors of the Centre for Indigenous Research in 2017, from Left-to-Right: Cle-alls Kelly, Dr. Kahente Horn-Miller, Miranda Brady &amp; Anna Hoefnagels.<\/p><\/div>\n<p><\/p>\n<h2>Further Information<\/h2>\n<p><a href=\"http:\/\/native-drums.ca\/en\/home\/\"><img decoding=\"async\" loading=\"lazy\" class=\"alignleft wp-image-1096 size-thumbnail\" src=\"https:\/\/carleton.ca\/anako\/wp-content\/uploads\/Screen-Shot-2020-06-19-at-9.21.11-PM-160x120.png\" alt=\"Link to: Past projects\" width=\"160\" height=\"120\" srcset=\"https:\/\/carleton.ca\/anako\/wp-content\/uploads\/Screen-Shot-2020-06-19-at-9.21.11-PM-160x120.png 160w, https:\/\/carleton.ca\/anako\/wp-content\/uploads\/Screen-Shot-2020-06-19-at-9.21.11-PM-240x179.png 240w, https:\/\/carleton.ca\/anako\/wp-content\/uploads\/Screen-Shot-2020-06-19-at-9.21.11-PM-400x299.png 400w, https:\/\/carleton.ca\/anako\/wp-content\/uploads\/Screen-Shot-2020-06-19-at-9.21.11-PM-768x574.png 768w, https:\/\/carleton.ca\/anako\/wp-content\/uploads\/Screen-Shot-2020-06-19-at-9.21.11-PM-1536x1148.png 1536w, https:\/\/carleton.ca\/anako\/wp-content\/uploads\/Screen-Shot-2020-06-19-at-9.21.11-PM-2048x1531.png 2048w, https:\/\/carleton.ca\/anako\/wp-content\/uploads\/Screen-Shot-2020-06-19-at-9.21.11-PM-800x600.png 800w, https:\/\/carleton.ca\/anako\/wp-content\/uploads\/Screen-Shot-2020-06-19-at-9.21.11-PM-360x269.png 360w\" sizes=\"(max-width: 160px) 100vw, 160px\" \/><\/a><\/p>\n<p><strong>Past Projects:<\/strong>\u00a0Learn more about <a href=\"https:\/\/carleton.ca\/anako\/projects\/\">selected past projects<\/a>, including 3 major online educational resources on Indigenous dance, drums, and Treaty 9 history.<\/p>\n<p><\/p>\n<p><\/p>\n<p><\/p>\n<p><strong><a href=\"https:\/\/carleton.ca\/anako\/cu-files\/timelime-from-kinamagawin\/\" target=\"_blank\" rel=\"noopener noreferrer\"><img decoding=\"async\" loading=\"lazy\" class=\"alignleft wp-image-1100 size-thumbnail\" src=\"https:\/\/carleton.ca\/anako\/wp-content\/uploads\/Weaving-160x105.png\" alt=\"New tab: Kinamagawin Timeline\" width=\"160\" height=\"105\" srcset=\"https:\/\/carleton.ca\/anako\/wp-content\/uploads\/Weaving-160x105.png 160w, https:\/\/carleton.ca\/anako\/wp-content\/uploads\/Weaving-240x158.png 240w, https:\/\/carleton.ca\/anako\/wp-content\/uploads\/Weaving-400x263.png 400w, https:\/\/carleton.ca\/anako\/wp-content\/uploads\/Weaving-768x505.png 768w, https:\/\/carleton.ca\/anako\/wp-content\/uploads\/Weaving-360x237.png 360w, https:\/\/carleton.ca\/anako\/wp-content\/uploads\/Weaving.png 1246w\" sizes=\"(max-width: 160px) 100vw, 160px\" \/><\/a>Timeline:<\/strong> <a href=\"https:\/\/carleton.ca\/anako\/wp-content\/uploads\/Kinamagwin-Timeline.pdf\">W\u00ecyagi iji anishin\u00e0beg w\u00ecd\u00f2k\u00e0zowin Carleton kichi kikin\u00e0m\u00e0din\u00e0n: Indigenous Initiatives at Carleton<\/a>. From the <a href=\"https:\/\/carleton.ca\/indigenousinitiatives\/wp-content\/uploads\/Kinamagwin.pdf\"><em>Kin\u00e0m\u00e0gawin (Learning Together) Report<\/em><\/a>, 2020. This timeline outlines some of the Indigenous initiatives undertaken by Carleton since the 1990s.<\/p>\n<p><\/p>\n<p><\/p>\n<p><strong><a href=\"https:\/\/carleton.ca\/anako\/cu-files\/history-of-aboriginal-programming\/\" target=\"_blank\" rel=\"noopener noreferrer\"><img decoding=\"async\" loading=\"lazy\" class=\"alignleft wp-image-1098 size-thumbnail\" src=\"https:\/\/carleton.ca\/anako\/wp-content\/uploads\/Report-Cover-160x111.png\" alt=\"New tab: History of Aboriginal programming\" width=\"160\" height=\"111\" srcset=\"https:\/\/carleton.ca\/anako\/wp-content\/uploads\/Report-Cover-160x111.png 160w, https:\/\/carleton.ca\/anako\/wp-content\/uploads\/Report-Cover-240x166.png 240w, https:\/\/carleton.ca\/anako\/wp-content\/uploads\/Report-Cover-400x277.png 400w, https:\/\/carleton.ca\/anako\/wp-content\/uploads\/Report-Cover-768x531.png 768w, https:\/\/carleton.ca\/anako\/wp-content\/uploads\/Report-Cover-360x249.png 360w, https:\/\/carleton.ca\/anako\/wp-content\/uploads\/Report-Cover.png 1504w\" sizes=\"(max-width: 160px) 100vw, 160px\" \/><\/a>Indigenous Content on Campus:<\/strong> <a href=\"https:\/\/carleton.ca\/anako\/wp-content\/uploads\/History-of-Aboriginal-Programming-CU.pdf\">A History of Aboriginal Programming at Carleton University<\/a>, by Jo-Anne Lawless, School of Canadian Studies, 2016. Begins with Carleton\u2019s first acknowledgements of Indigenous peoples in its media and courses in the 1940s, and then follows the trajectory of academic and administrative Aboriginal programming up to 2016.<\/p>\n<p><\/p>\n<p><\/p>\n<h3><\/h3>\n","protected":false},"excerpt":{"rendered":"<p>The \u0100nako Indigenous Research Institute brings together researchers, students and Indigenous communities in a place of dialogue and understanding to foster ethical, balanced, and respectful relationships between researchers and communities. Our long-term goals are for \u0100nako to be a collaborative research hub, a vital connection point for faculty and students from different departments, and a [&hellip;]<\/p>\n","protected":false},"author":3,"featured_media":0,"parent":0,"menu_order":1,"comment_status":"closed","ping_status":"closed","template":"","meta":{"_relevanssi_hide_post":"","_relevanssi_hide_content":"","_relevanssi_pin_for_all":"","_relevanssi_pin_keywords":"","_relevanssi_unpin_keywords":"","_relevanssi_related_keywords":"","_relevanssi_related_include_ids":"","_relevanssi_related_exclude_ids":"","_relevanssi_related_no_append":"","_relevanssi_related_not_related":"","_relevanssi_related_posts":"","_relevanssi_noindex_reason":"","_mi_skip_tracking":false,"_exactmetrics_sitenote_active":false,"_exactmetrics_sitenote_note":"","_exactmetrics_sitenote_category":0,"footnotes":"","_links_to":"","_links_to_target":""},"yoast_head":"<!-- This site is optimized with the Yoast SEO plugin v21.2 - https:\/\/yoast.com\/wordpress\/plugins\/seo\/ -->\n<title>About - \u0100nako Indigenous Research Institute<\/title>\n<meta name=\"description\" content=\"The \u0100nako Indigenous Research Institute brings together researchers, students and Indigenous communities in a place of dialogue and understanding to\" \/>\n<meta name=\"robots\" content=\"index, follow, max-snippet:-1, max-image-preview:large, max-video-preview:-1\" \/>\n<link rel=\"canonical\" href=\"https:\/\/carleton.ca\/anako\/about\/\" \/>\n<meta name=\"twitter:label1\" content=\"Est. reading time\" \/>\n\t<meta name=\"twitter:data1\" content=\"4 minutes\" \/>\n<script type=\"application\/ld+json\" class=\"yoast-schema-graph\">{\"@context\":\"https:\/\/schema.org\",\"@graph\":[{\"@type\":\"WebPage\",\"@id\":\"https:\/\/carleton.ca\/anako\/about\/\",\"url\":\"https:\/\/carleton.ca\/anako\/about\/\",\"name\":\"About - \u0100nako Indigenous Research Institute\",\"isPartOf\":{\"@id\":\"https:\/\/carleton.ca\/anako\/#website\"},\"datePublished\":\"2013-09-24T14:46:48+00:00\",\"dateModified\":\"2024-02-12T15:40:58+00:00\",\"description\":\"The \u0100nako Indigenous Research Institute brings together researchers, students and Indigenous communities in a place of dialogue and understanding to\",\"breadcrumb\":{\"@id\":\"https:\/\/carleton.ca\/anako\/about\/#breadcrumb\"},\"inLanguage\":\"en-US\",\"potentialAction\":[{\"@type\":\"ReadAction\",\"target\":[\"https:\/\/carleton.ca\/anako\/about\/\"]}]},{\"@type\":\"BreadcrumbList\",\"@id\":\"https:\/\/carleton.ca\/anako\/about\/#breadcrumb\",\"itemListElement\":[{\"@type\":\"ListItem\",\"position\":1,\"name\":\"Home\",\"item\":\"https:\/\/carleton.ca\/anako\/\"},{\"@type\":\"ListItem\",\"position\":2,\"name\":\"About\"}]},{\"@type\":\"WebSite\",\"@id\":\"https:\/\/carleton.ca\/anako\/#website\",\"url\":\"https:\/\/carleton.ca\/anako\/\",\"name\":\"\u0100nako Indigenous Research Institute\",\"description\":\"Carleton University\",\"potentialAction\":[{\"@type\":\"SearchAction\",\"target\":{\"@type\":\"EntryPoint\",\"urlTemplate\":\"https:\/\/carleton.ca\/anako\/?s={search_term_string}\"},\"query-input\":\"required name=search_term_string\"}],\"inLanguage\":\"en-US\"}]}<\/script>\n<!-- \/ Yoast SEO plugin. -->","yoast_head_json":{"title":"About - \u0100nako Indigenous Research Institute","description":"The \u0100nako Indigenous Research Institute brings together researchers, students and Indigenous communities in a place of dialogue and understanding to","robots":{"index":"index","follow":"follow","max-snippet":"max-snippet:-1","max-image-preview":"max-image-preview:large","max-video-preview":"max-video-preview:-1"},"canonical":"https:\/\/carleton.ca\/anako\/about\/","twitter_misc":{"Est. reading time":"4 minutes"},"schema":{"@context":"https:\/\/schema.org","@graph":[{"@type":"WebPage","@id":"https:\/\/carleton.ca\/anako\/about\/","url":"https:\/\/carleton.ca\/anako\/about\/","name":"About - \u0100nako Indigenous Research Institute","isPartOf":{"@id":"https:\/\/carleton.ca\/anako\/#website"},"datePublished":"2013-09-24T14:46:48+00:00","dateModified":"2024-02-12T15:40:58+00:00","description":"The \u0100nako Indigenous Research Institute brings together researchers, students and Indigenous communities in a place of dialogue and understanding to","breadcrumb":{"@id":"https:\/\/carleton.ca\/anako\/about\/#breadcrumb"},"inLanguage":"en-US","potentialAction":[{"@type":"ReadAction","target":["https:\/\/carleton.ca\/anako\/about\/"]}]},{"@type":"BreadcrumbList","@id":"https:\/\/carleton.ca\/anako\/about\/#breadcrumb","itemListElement":[{"@type":"ListItem","position":1,"name":"Home","item":"https:\/\/carleton.ca\/anako\/"},{"@type":"ListItem","position":2,"name":"About"}]},{"@type":"WebSite","@id":"https:\/\/carleton.ca\/anako\/#website","url":"https:\/\/carleton.ca\/anako\/","name":"\u0100nako Indigenous Research Institute","description":"Carleton University","potentialAction":[{"@type":"SearchAction","target":{"@type":"EntryPoint","urlTemplate":"https:\/\/carleton.ca\/anako\/?s={search_term_string}"},"query-input":"required name=search_term_string"}],"inLanguage":"en-US"}]}},"acf":{"banner_image_type":"upload","banner_button":"no","banner_uploaded_image":{"ID":1408,"id":1408,"title":"Anako Red Banner 1600 x 700 - A","filename":"Anako-Red-Banner-1600-x-700-A.jpg","filesize":411236,"url":"https:\/\/carleton.ca\/anako\/wp-content\/uploads\/Anako-Red-Banner-1600-x-700-A.jpg","link":"https:\/\/carleton.ca\/anako\/cu-home\/1\/anako-red-banner-1600-x-700-a\/","alt":"Red Anako Banner","author":"20","description":"","caption":"","name":"anako-red-banner-1600-x-700-a","status":"inherit","uploaded_to":595,"date":"2021-07-07 16:23:16","modified":"2022-06-20 15:41:04","menu_order":0,"mime_type":"image\/jpeg","type":"image","subtype":"jpeg","icon":"https:\/\/carleton.ca\/anako\/wp\/wp-includes\/images\/media\/default.png","width":1600,"height":700,"sizes":{"thumbnail":"https:\/\/carleton.ca\/anako\/wp-content\/uploads\/Anako-Red-Banner-1600-x-700-A-160x70.jpg","thumbnail-width":160,"thumbnail-height":70,"medium":"https:\/\/carleton.ca\/anako\/wp-content\/uploads\/Anako-Red-Banner-1600-x-700-A-240x105.jpg","medium-width":240,"medium-height":105,"medium_large":"https:\/\/carleton.ca\/anako\/wp-content\/uploads\/Anako-Red-Banner-1600-x-700-A-768x336.jpg","medium_large-width":768,"medium_large-height":336,"large":"https:\/\/carleton.ca\/anako\/wp-content\/uploads\/Anako-Red-Banner-1600-x-700-A-400x175.jpg","large-width":400,"large-height":175,"gallery-thumb":"https:\/\/carleton.ca\/anako\/wp-content\/uploads\/Anako-Red-Banner-1600-x-700-A-300x230.jpg","gallery-thumb-width":300,"gallery-thumb-height":230,"1536x1536":"https:\/\/carleton.ca\/anako\/wp-content\/uploads\/Anako-Red-Banner-1600-x-700-A-1536x672.jpg","1536x1536-width":1536,"1536x1536-height":672,"2048x2048":"https:\/\/carleton.ca\/anako\/wp-content\/uploads\/Anako-Red-Banner-1600-x-700-A.jpg","2048x2048-width":1600,"2048x2048-height":700,"banner":"https:\/\/carleton.ca\/anako\/wp-content\/uploads\/Anako-Red-Banner-1600-x-700-A.jpg","banner-width":1600,"banner-height":700,"people":"https:\/\/carleton.ca\/anako\/wp-content\/uploads\/Anako-Red-Banner-1600-x-700-A-200x200.jpg","people-width":200,"people-height":200,"post-thumb":"https:\/\/carleton.ca\/anako\/wp-content\/uploads\/Anako-Red-Banner-1600-x-700-A-300x230.jpg","post-thumb-width":300,"post-thumb-height":230,"rotator-image":"https:\/\/carleton.ca\/anako\/wp-content\/uploads\/Anako-Red-Banner-1600-x-700-A-800x600.jpg","rotator-image-width":800,"rotator-image-height":600,"video-thumb":"https:\/\/carleton.ca\/anako\/wp-content\/uploads\/Anako-Red-Banner-1600-x-700-A-360x158.jpg","video-thumb-width":360,"video-thumb-height":158}},"banner_opacity":"default"},"_links":{"self":[{"href":"https:\/\/carleton.ca\/anako\/wp-json\/wp\/v2\/pages\/6"}],"collection":[{"href":"https:\/\/carleton.ca\/anako\/wp-json\/wp\/v2\/pages"}],"about":[{"href":"https:\/\/carleton.ca\/anako\/wp-json\/wp\/v2\/types\/page"}],"author":[{"embeddable":true,"href":"https:\/\/carleton.ca\/anako\/wp-json\/wp\/v2\/users\/3"}],"replies":[{"embeddable":true,"href":"https:\/\/carleton.ca\/anako\/wp-json\/wp\/v2\/comments?post=6"}],"version-history":[{"count":5,"href":"https:\/\/carleton.ca\/anako\/wp-json\/wp\/v2\/pages\/6\/revisions"}],"predecessor-version":[{"id":2359,"href":"https:\/\/carleton.ca\/anako\/wp-json\/wp\/v2\/pages\/6\/revisions\/2359"}],"wp:attachment":[{"href":"https:\/\/carleton.ca\/anako\/wp-json\/wp\/v2\/media?parent=6"}],"curies":[{"name":"wp","href":"https:\/\/api.w.org\/{rel}","templated":true}]}}