{"id":143,"date":"2017-01-17T09:08:09","date_gmt":"2017-01-17T14:08:09","guid":{"rendered":"http:\/\/carleton.ca\/avislab\/?page_id=143"},"modified":"2025-04-29T13:32:22","modified_gmt":"2025-04-29T17:32:22","slug":"about","status":"publish","type":"page","link":"https:\/\/carleton.ca\/avislab\/about\/","title":{"rendered":"About"},"content":{"rendered":"\n<section class=\"w-screen px-6 cu-section cu-section--white ml-offset-center md:px-8 lg:px-14\">\n    <div class=\"space-y-6 cu-max-w-child-max  md:space-y-10 cu-prose-first-last\">\n\n        \n        \n        \n            \n    <div class=\"cu-wideimage relative flex items-center justify-center mx-auto px-8 overflow-hidden md:px-16 rounded-xl not-prose  my-6 md:my-12 first:mt-0 bg-cu-black-50 pt-10 pb-12\" style=\"\">\n\n        \n        <div class=\"relative z-[2] max-w-4xl w-full flex flex-col items-center gap-2 cu-wideimage-image cu-zero-first-last\">\n            <header class=\"mx-auto mb-6 text-center text-cu-black-800 cu-pageheader cu-component-updated cu-pageheader--center md:mb-12\">\n\n                                    <h1 class=\"cu-prose-first-last font-semibold mb-2 text-3xl md:text-4xl lg:text-5xl lg:leading-[3.5rem] cu-pageheader--center text-center mx-auto after:left-px\">\n                        About\n                    <\/h1>\n                \n                            <\/header>\n        <\/div>\n\n            <\/div>\n\n    \n\n    <\/div>\n<\/section>\n\n\n\n<p>&nbsp;<\/p>\n\n\n\n<figure class=\"wp-block-table\"><table class=\"has-fixed-layout\"><thead><tr><th>Tyler J. Avis<\/th><th><\/th><\/tr><\/thead><tbody><tr><td>Professor<br>Department of Chemistry and<br>Institute of Biochemistry<br>Food Science<\/td><td><\/td><\/tr><tr><td colspan=\"2\"><strong>Academic and Professional Background<\/strong><br>Professor, Carleton University, Ottawa, 2020<br>Associate Professor, Carleton University, Ottawa, 2012<br>Assistant Professor, Carleton University, Ottawa, 2008<br>Research Associate, Universit\u00e9 Laval, Qu\u00e9bec, 2006-2008<br>Director of Operations &amp; Head Scientist (Microbiology), AZYMax, Qu\u00e9bec, 2002-2005<br>Industrial Postdoctoral Fellow, PureCell Technologies, Trois-Rivi\u00e8res, 2001-2002<br>Ph.D. Universit\u00e9 Laval, Qu\u00e9bec, 2001<\/td><\/tr><\/tbody><\/table><\/figure>\n","protected":false},"excerpt":{"rendered":"<p>&nbsp; Tyler J. Avis ProfessorDepartment of Chemistry andInstitute of BiochemistryFood Science Academic and Professional BackgroundProfessor, Carleton University, Ottawa, 2020Associate Professor, Carleton University, Ottawa, 2012Assistant Professor, Carleton University, Ottawa, 2008Research Associate, Universit\u00e9 Laval, Qu\u00e9bec, 2006-2008Director of Operations &amp; Head Scientist (Microbiology), AZYMax, Qu\u00e9bec, 2002-2005Industrial Postdoctoral Fellow, PureCell Technologies, Trois-Rivi\u00e8res, 2001-2002Ph.D. Universit\u00e9 Laval, Qu\u00e9bec, 2001<\/p>\n","protected":false},"author":2,"featured_media":0,"parent":0,"menu_order":0,"comment_status":"closed","ping_status":"closed","template":"","meta":{"_acf_changed":false,"_cu_dining_location_slug":"","footnotes":"","_links_to":"","_links_to_target":""},"cu_page_type":[34],"class_list":["post-143","page","type-page","status-publish","hentry","cu_page_type-general"],"acf":{"cu_post_thumbnail":""},"_links":{"self":[{"href":"https:\/\/carleton.ca\/avislab\/wp-json\/wp\/v2\/pages\/143","targetHints":{"allow":["GET"]}}],"collection":[{"href":"https:\/\/carleton.ca\/avislab\/wp-json\/wp\/v2\/pages"}],"about":[{"href":"https:\/\/carleton.ca\/avislab\/wp-json\/wp\/v2\/types\/page"}],"author":[{"embeddable":true,"href":"https:\/\/carleton.ca\/avislab\/wp-json\/wp\/v2\/users\/2"}],"replies":[{"embeddable":true,"href":"https:\/\/carleton.ca\/avislab\/wp-json\/wp\/v2\/comments?post=143"}],"version-history":[{"count":5,"href":"https:\/\/carleton.ca\/avislab\/wp-json\/wp\/v2\/pages\/143\/revisions"}],"predecessor-version":[{"id":298,"href":"https:\/\/carleton.ca\/avislab\/wp-json\/wp\/v2\/pages\/143\/revisions\/298"}],"wp:attachment":[{"href":"https:\/\/carleton.ca\/avislab\/wp-json\/wp\/v2\/media?parent=143"}],"wp:term":[{"taxonomy":"cu_page_type","embeddable":true,"href":"https:\/\/carleton.ca\/avislab\/wp-json\/wp\/v2\/cu_page_type?post=143"}],"curies":[{"name":"wp","href":"https:\/\/api.w.org\/{rel}","templated":true}]}}