{"id":130,"date":"2017-04-05T09:51:40","date_gmt":"2017-04-05T13:51:40","guid":{"rendered":"https:\/\/carleton.ca\/canadaeurope\/?page_id=130"},"modified":"2018-03-01T12:49:53","modified_gmt":"2018-03-01T17:49:53","slug":"research-groups","status":"publish","type":"page","link":"https:\/\/carleton.ca\/canadaeurope\/research-groups\/","title":{"rendered":"Research Groups"},"content":{"rendered":"<h3><a href=\"https:\/\/carleton.ca\/canadaeurope\/?page_id=159&amp;preview=true\" target=\"_blank\" rel=\"noopener noreferrer\">THE EU AND CANADA AS GLOBAL ACTORS<\/a><\/h3>\n<p>Lead Researchers: <b><a href=\"http:\/\/www.eucanet.org\/political-science\/international-relations\/frederic-merand\"><strong>Fr\u00e9d\u00e9ric M\u00e9rand<\/strong><\/a><\/b> (Universit\u00e9 de Montr\u00e9al) and <b><a href=\"http:\/\/www.eucanet.org\/political-science\/international-relations\/zaiotti-ruben\"><strong>Ruben Zaiotti<\/strong><\/a><\/b> (Dalhousie University)<\/p>\n<ul>\n<li>The EU as a global actor<\/li>\n<li>Cooperation in international conflict resolution<\/li>\n<li>Cooperation between Europe and Canada in the international sphere<\/li>\n<li>Consequences for Canada of new European security and defence initiatives<\/li>\n<li>Burden-sharing in the transatlantic community<\/li>\n<\/ul>\n<h3><strong><a href=\"https:\/\/carleton.ca\/canadaeurope\/economic-cooperation-and-competition\/\" target=\"_blank\" rel=\"noopener noreferrer\">ECONOMIC COOPERATION AND COMPETITION<\/a><\/strong><\/h3>\n<p>Lead Researchers: <b><a href=\"http:\/\/eucanet.org\/expert-directory\/disciplines\/economics\/political-economy\/huebner-kurt\"><strong>Kurt H\u00fcbner<\/strong><\/a><\/b> (University of British Columbia, economic aspect) and <b><a href=\"http:\/\/eucanet.org\/law\/environmental-law\/de-mestral-armand\"><strong>Armand de Mestral<\/strong> <\/a><\/b>(McGill University, legal aspect)<\/p>\n<ul>\n<li>Legal issues involved in Canada-EU economics<\/li>\n<li>Economic, monetary, and financial integration<\/li>\n<li>The Eurozone crisis<\/li>\n<li>Negotiations toward a Canada-EU Comprehensive Economic and Trade Agreement (CETA)<\/li>\n<li>Canada-EU open skies and air transport policies<\/li>\n<\/ul>\n<h3><strong><a href=\"https:\/\/carleton.ca\/canadaeurope\/democratic-deficit-and-policy-coordination-in-multilevel-systems\/\" target=\"_blank\" rel=\"noopener noreferrer\">DEMOCRATIC DEFICIT AND POLICY COORDINATION IN MULTILEVEL SYSTEMS<\/a><\/strong><\/h3>\n<p>Lead Researchers: <b><a href=\"http:\/\/www.eucanet.org\/political-science\/comparative-politics\/debardeleben-joan\"><strong>Joan DeBardeleben<\/strong><\/a><\/b> (Carleton University) and <b><a href=\"http:\/\/www.eucanet.org\/political-science\/political-economy\/amy-verdun\"><strong>Amy Verdun<\/strong><\/a><\/b> (University of Victoria)<\/p>\n<ul>\n<li>Democratic participation<\/li>\n<li>Accountability and responsiveness in multilevel governance systems<\/li>\n<li>Voter turnout, electronic voting, and youth participation<\/li>\n<li>Constitutional change, parliaments, and multilevel policy-making<\/li>\n<\/ul>\n<h3><a href=\"https:\/\/carleton.ca\/canadaeurope\/environmental-and-sustainable-development\/\" target=\"_blank\" rel=\"noopener noreferrer\">ENVIRONMENT AND SUSTAINABLE DEVELOPMENT<\/a><\/h3>\n<p>Lead Researchers: <b><a href=\"http:\/\/www.eucanet.org\/political-science\/comparative-politics\/debardeleben-joan\"><strong>Joan DeBardeleben<\/strong><\/a><\/b> (Carleton University) and <b><a href=\"http:\/\/www.eucanet.org\/law\/comparative-federalism\/weibust-inger\"><strong>Inger Weibust<\/strong> <\/a><\/b>(Carleton University)<\/p>\n<ul>\n<li>Environmental policy coordination<\/li>\n<li>Climate change and energy policy<\/li>\n<li>Emissions trading and carbon markets<\/li>\n<li>Public attitudes and activism<\/li>\n<li>Food quality and security<\/li>\n<\/ul>\n<h3><a href=\"https:\/\/carleton.ca\/canadaeurope\/immigration-and-social-policy\/\" target=\"_blank\" rel=\"noopener noreferrer\">IMMIGRATION AND SOCIAL POLICY<\/a><\/h3>\n<p>Lead Researchers: <b><a href=\"http:\/\/eucanet.org\/political-science\/comparative-politics\/schmidtke-oliver\"><strong>Oliver Schmidtke<\/strong><\/a><\/b> (University of Victoria) and <b><a href=\"http:\/\/www.eucanet.org\/sociology\/social-policy-and-welfare-states\/jenson-jane\"><strong>Jane Jenson<\/strong><\/a><\/b> (Universit\u00e9 de Montr\u00e9al)<\/p>\n<ul>\n<li>Citizenship, immigration, and multicultural policy challenges<\/li>\n<li>New social risks<\/li>\n<li>Labour market integration<\/li>\n<li>Population ageing<\/li>\n<li>Work-family balance<\/li>\n<\/ul>\n<h3><a href=\"https:\/\/carleton.ca\/canadaeurope\/wp-content\/uploads\/list-of-experts-by-trg-1.pdf\" target=\"_blank\" rel=\"noopener noreferrer\">CETD EXPERTS BY RESEARCH GROUP<\/a><\/h3>\n<p><a href=\"https:\/\/carleton.ca\/canadaeurope\/wp-content\/uploads\/list-of-experts-by-trg-1.pdf\"><img decoding=\"async\" loading=\"lazy\" class=\"alignnone wp-image-3312 size-full\" src=\"https:\/\/carleton.ca\/canadaeurope\/wp-content\/uploads\/iconPdf.png\" alt=\"\" width=\"40\" height=\"40\" \/><\/a><\/p>\n","protected":false},"excerpt":{"rendered":"<p>THE EU AND CANADA AS GLOBAL ACTORS Lead Researchers: Fr\u00e9d\u00e9ric M\u00e9rand (Universit\u00e9 de Montr\u00e9al) and Ruben Zaiotti (Dalhousie University) The EU as a global actor Cooperation in international conflict resolution Cooperation between Europe and Canada in the international sphere Consequences for Canada of new European security and defence initiatives Burden-sharing in the transatlantic community ECONOMIC [&hellip;]<\/p>\n","protected":false},"author":3,"featured_media":0,"parent":0,"menu_order":0,"comment_status":"closed","ping_status":"closed","template":"","meta":{"_relevanssi_hide_post":"","_relevanssi_hide_content":"","_relevanssi_pin_for_all":"","_relevanssi_pin_keywords":"","_relevanssi_unpin_keywords":"","_relevanssi_related_keywords":"","_relevanssi_related_include_ids":"","_relevanssi_related_exclude_ids":"","_relevanssi_related_no_append":"","_relevanssi_related_not_related":"","_relevanssi_related_posts":"","_relevanssi_noindex_reason":"","_mi_skip_tracking":false,"_exactmetrics_sitenote_active":false,"_exactmetrics_sitenote_note":"","_exactmetrics_sitenote_category":0,"footnotes":"","_links_to":"","_links_to_target":""},"yoast_head":"<!-- This site is optimized with the Yoast SEO plugin v21.2 - https:\/\/yoast.com\/wordpress\/plugins\/seo\/ -->\n<title>Research Groups - Canada-Europe Transatlantic Dialogue<\/title>\n<meta name=\"description\" content=\"THE EU AND CANADA AS GLOBAL ACTORS Lead Researchers: Fr\u00e9d\u00e9ric M\u00e9rand (Universit\u00e9 de Montr\u00e9al) and Ruben Zaiotti (Dalhousie University) The EU as a global\" \/>\n<meta name=\"robots\" content=\"index, follow, max-snippet:-1, max-image-preview:large, max-video-preview:-1\" \/>\n<link rel=\"canonical\" href=\"https:\/\/carleton.ca\/canadaeurope\/research-groups\/\" \/>\n<meta name=\"twitter:label1\" content=\"Est. reading time\" \/>\n\t<meta name=\"twitter:data1\" content=\"1 minute\" \/>\n<script type=\"application\/ld+json\" class=\"yoast-schema-graph\">{\"@context\":\"https:\/\/schema.org\",\"@graph\":[{\"@type\":\"WebPage\",\"@id\":\"https:\/\/carleton.ca\/canadaeurope\/research-groups\/\",\"url\":\"https:\/\/carleton.ca\/canadaeurope\/research-groups\/\",\"name\":\"Research Groups - Canada-Europe Transatlantic Dialogue\",\"isPartOf\":{\"@id\":\"https:\/\/carleton.ca\/canadaeurope\/#website\"},\"datePublished\":\"2017-04-05T13:51:40+00:00\",\"dateModified\":\"2018-03-01T17:49:53+00:00\",\"description\":\"THE EU AND CANADA AS GLOBAL ACTORS Lead Researchers: Fr\u00e9d\u00e9ric M\u00e9rand (Universit\u00e9 de Montr\u00e9al) and Ruben Zaiotti (Dalhousie University) The EU as a global\",\"breadcrumb\":{\"@id\":\"https:\/\/carleton.ca\/canadaeurope\/research-groups\/#breadcrumb\"},\"inLanguage\":\"en-US\",\"potentialAction\":[{\"@type\":\"ReadAction\",\"target\":[\"https:\/\/carleton.ca\/canadaeurope\/research-groups\/\"]}]},{\"@type\":\"BreadcrumbList\",\"@id\":\"https:\/\/carleton.ca\/canadaeurope\/research-groups\/#breadcrumb\",\"itemListElement\":[{\"@type\":\"ListItem\",\"position\":1,\"name\":\"Home\",\"item\":\"https:\/\/carleton.ca\/canadaeurope\/\"},{\"@type\":\"ListItem\",\"position\":2,\"name\":\"Research Groups\"}]},{\"@type\":\"WebSite\",\"@id\":\"https:\/\/carleton.ca\/canadaeurope\/#website\",\"url\":\"https:\/\/carleton.ca\/canadaeurope\/\",\"name\":\"Canada-Europe Transatlantic Dialogue\",\"description\":\"Carleton University\",\"potentialAction\":[{\"@type\":\"SearchAction\",\"target\":{\"@type\":\"EntryPoint\",\"urlTemplate\":\"https:\/\/carleton.ca\/canadaeurope\/?s={search_term_string}\"},\"query-input\":\"required name=search_term_string\"}],\"inLanguage\":\"en-US\"}]}<\/script>\n<!-- \/ Yoast SEO plugin. -->","yoast_head_json":{"title":"Research Groups - Canada-Europe Transatlantic Dialogue","description":"THE EU AND CANADA AS GLOBAL ACTORS Lead Researchers: Fr\u00e9d\u00e9ric M\u00e9rand (Universit\u00e9 de Montr\u00e9al) and Ruben Zaiotti (Dalhousie University) The EU as a global","robots":{"index":"index","follow":"follow","max-snippet":"max-snippet:-1","max-image-preview":"max-image-preview:large","max-video-preview":"max-video-preview:-1"},"canonical":"https:\/\/carleton.ca\/canadaeurope\/research-groups\/","twitter_misc":{"Est. reading time":"1 minute"},"schema":{"@context":"https:\/\/schema.org","@graph":[{"@type":"WebPage","@id":"https:\/\/carleton.ca\/canadaeurope\/research-groups\/","url":"https:\/\/carleton.ca\/canadaeurope\/research-groups\/","name":"Research Groups - Canada-Europe Transatlantic Dialogue","isPartOf":{"@id":"https:\/\/carleton.ca\/canadaeurope\/#website"},"datePublished":"2017-04-05T13:51:40+00:00","dateModified":"2018-03-01T17:49:53+00:00","description":"THE EU AND CANADA AS GLOBAL ACTORS Lead Researchers: Fr\u00e9d\u00e9ric M\u00e9rand (Universit\u00e9 de Montr\u00e9al) and Ruben Zaiotti (Dalhousie University) The EU as a global","breadcrumb":{"@id":"https:\/\/carleton.ca\/canadaeurope\/research-groups\/#breadcrumb"},"inLanguage":"en-US","potentialAction":[{"@type":"ReadAction","target":["https:\/\/carleton.ca\/canadaeurope\/research-groups\/"]}]},{"@type":"BreadcrumbList","@id":"https:\/\/carleton.ca\/canadaeurope\/research-groups\/#breadcrumb","itemListElement":[{"@type":"ListItem","position":1,"name":"Home","item":"https:\/\/carleton.ca\/canadaeurope\/"},{"@type":"ListItem","position":2,"name":"Research Groups"}]},{"@type":"WebSite","@id":"https:\/\/carleton.ca\/canadaeurope\/#website","url":"https:\/\/carleton.ca\/canadaeurope\/","name":"Canada-Europe Transatlantic Dialogue","description":"Carleton University","potentialAction":[{"@type":"SearchAction","target":{"@type":"EntryPoint","urlTemplate":"https:\/\/carleton.ca\/canadaeurope\/?s={search_term_string}"},"query-input":"required name=search_term_string"}],"inLanguage":"en-US"}]}},"acf":{"banner_image_type":"none"},"_links":{"self":[{"href":"https:\/\/carleton.ca\/canadaeurope\/wp-json\/wp\/v2\/pages\/130"}],"collection":[{"href":"https:\/\/carleton.ca\/canadaeurope\/wp-json\/wp\/v2\/pages"}],"about":[{"href":"https:\/\/carleton.ca\/canadaeurope\/wp-json\/wp\/v2\/types\/page"}],"author":[{"embeddable":true,"href":"https:\/\/carleton.ca\/canadaeurope\/wp-json\/wp\/v2\/users\/3"}],"replies":[{"embeddable":true,"href":"https:\/\/carleton.ca\/canadaeurope\/wp-json\/wp\/v2\/comments?post=130"}],"version-history":[{"count":4,"href":"https:\/\/carleton.ca\/canadaeurope\/wp-json\/wp\/v2\/pages\/130\/revisions"}],"predecessor-version":[{"id":3378,"href":"https:\/\/carleton.ca\/canadaeurope\/wp-json\/wp\/v2\/pages\/130\/revisions\/3378"}],"wp:attachment":[{"href":"https:\/\/carleton.ca\/canadaeurope\/wp-json\/wp\/v2\/media?parent=130"}],"curies":[{"name":"wp","href":"https:\/\/api.w.org\/{rel}","templated":true}]}}