{"id":145,"date":"2017-04-05T10:12:37","date_gmt":"2017-04-05T14:12:37","guid":{"rendered":"https:\/\/carleton.ca\/canadaeurope\/?page_id=145"},"modified":"2018-03-01T09:09:52","modified_gmt":"2018-03-01T14:09:52","slug":"environment-and-sustainable-development","status":"publish","type":"page","link":"https:\/\/carleton.ca\/canadaeurope\/research-groups\/environment-and-sustainable-development\/","title":{"rendered":"Environment and Sustainable Development"},"content":{"rendered":"<table style=\"background-color: #f2f2f2; margin-top: 0px;\">\n<tbody>\n<tr>\n<td style=\"padding-left: 20px; width: 25%;\"><strong>Research Group Outputs:<\/strong><\/td>\n<td style=\"width: 25%; text-align: center;\"><a href=\"https:\/\/carleton.ca\/canadaeurope\/events-environment-and-sustainable-development\/\"><strong>Events<\/strong><\/a><\/td>\n<td style=\"width: 25%; text-align: center;\"><a href=\"https:\/\/carleton.ca\/canadaeurope\/publications-environment-and-sustainable-development\/\"><strong>Publications<\/strong><\/a><\/td>\n<td style=\"width: 25%; text-align: center;\"><a href=\"https:\/\/carleton.ca\/canadaeurope\/multimedia-environment-policy\/\"><strong>Multimedia<\/strong><\/a><\/td>\n<\/tr>\n<\/tbody>\n<\/table>\n<h3>Environment and Sustainable Development<\/h3>\n<p>Environmental protection and sustainable development issues have become important features of the public policy narrative, worldwide. In the case of Canada and the EU, there is significant potential for these actors to expand cooperation and to learn from one another in issues including: climate change and carbon emissions; agricultural sustainability and genetically modified foods; environmental policy coordination in multilevel systems; and energy security and the environment. This thematic research group incorporates multidisciplinary approaches for analyzing the interaction of economic, social, and environmental decision-making. This group pays special attention to the linkages between science and policy; public attitudes and activism; and the coordination of environmental policy in multilevel systems.<\/p>\n<h3>D\u00e9veloppement durable et environnement<\/h3>\n<p>Les questions de protection environnementale et de d\u00e9veloppement durable sont devenues des traits importants du discours de politique publique \u00e0 l\u2019\u00e9chelle de la plan\u00e8te. Dans le cas du Canada et de l\u2019Union Europ\u00e9enne, il y a un important potentiel pour ces acteurs d\u2019accro\u00eetre la coop\u00e9ration et d\u2019apprendre mutuellement sur des th\u00e8mes tels que les changements climatiques, les \u00e9missions de carbone, la durabilit\u00e9 agricole, les aliments modifi\u00e9s g\u00e9n\u00e9tiquement, les politiques de coordination environnementale dans des syst\u00e8mes multiniveaux, et la s\u00e9curit\u00e9 \u00e9nergique et l\u2019environnement. Ce groupe de recherche th\u00e9matique incorpore des approches multidisciplinaires pour analyser l\u2019interaction des prises de d\u00e9cision environnementales, \u00e9conomiques et sociales. Ce volet porte une attention sp\u00e9ciale aux relations entre science et politiques; attitudes publiques et activisme; et la coordination de politique environnementale dans des syst\u00e8mes \u00e0 plusieurs niveaux.<\/p>\n<h3>Lead Researchers<\/h3>\n<div class=\"columns\"><div class=\"columns__two\"><div id=\"attachment_147\" class=\"wp-caption alignnone\" style=\"width: 296px\"><img decoding=\"async\" loading=\"lazy\" class=\"wp-image-147\" src=\"https:\/\/carleton.ca\/canadaeurope\/wp-content\/uploads\/DeBardeleben-1.jpg\" alt=\"\" width=\"296\" height=\"414\" \/><p class=\"wp-caption-text\">Professor Joan DeBardeleben, Carleton University<\/p><\/div><\/div>\n<div class=\"columns__two\"><div id=\"attachment_146\" class=\"wp-caption alignnone\" style=\"width: 297px\"><img decoding=\"async\" loading=\"lazy\" class=\"wp-image-146\" src=\"https:\/\/carleton.ca\/canadaeurope\/wp-content\/uploads\/IngerWeibust824x1153-160x223.jpg\" alt=\"\" width=\"297\" height=\"414\" \/><p class=\"wp-caption-text\">Professor Inger Weibust, Carleton University<\/p><\/div><\/div><\/div>\n<p style=\"text-align: right;\"><em>Banner image Courtesy of the <a href=\"http:\/\/www.flickr.com\/photos\/48509939@N07\/8060153200\/\">Mark A Coleman<\/a><\/em><\/p>\n","protected":false},"excerpt":{"rendered":"<p>Research Group Outputs: Events Publications Multimedia Environment and Sustainable Development Environmental protection and sustainable development issues have become important features of the public policy narrative, worldwide. In the case of Canada and the EU, there is significant potential for these actors to expand cooperation and to learn from one another in issues including: climate change [&hellip;]<\/p>\n","protected":false},"author":3,"featured_media":0,"parent":130,"menu_order":0,"comment_status":"closed","ping_status":"closed","template":"","meta":{"_relevanssi_hide_post":"","_relevanssi_hide_content":"","_relevanssi_pin_for_all":"","_relevanssi_pin_keywords":"","_relevanssi_unpin_keywords":"","_relevanssi_related_keywords":"","_relevanssi_related_include_ids":"","_relevanssi_related_exclude_ids":"","_relevanssi_related_no_append":"","_relevanssi_related_not_related":"","_relevanssi_related_posts":"","_relevanssi_noindex_reason":"","_mi_skip_tracking":false,"_exactmetrics_sitenote_active":false,"_exactmetrics_sitenote_note":"","_exactmetrics_sitenote_category":0,"footnotes":"","_links_to":"","_links_to_target":""},"yoast_head":"<!-- This site is optimized with the Yoast SEO plugin v21.2 - https:\/\/yoast.com\/wordpress\/plugins\/seo\/ -->\n<title>Environment and Sustainable Development - Canada-Europe Transatlantic Dialogue<\/title>\n<meta name=\"description\" content=\"Research Group Outputs: Events Publications Multimedia Environment and Sustainable Development Environmental protection and sustainable development issues\" \/>\n<meta name=\"robots\" content=\"index, follow, max-snippet:-1, max-image-preview:large, max-video-preview:-1\" \/>\n<link rel=\"canonical\" href=\"https:\/\/carleton.ca\/canadaeurope\/research-groups\/environment-and-sustainable-development\/\" \/>\n<meta name=\"twitter:label1\" content=\"Est. reading time\" \/>\n\t<meta name=\"twitter:data1\" content=\"2 minutes\" \/>\n<script type=\"application\/ld+json\" class=\"yoast-schema-graph\">{\"@context\":\"https:\/\/schema.org\",\"@graph\":[{\"@type\":\"WebPage\",\"@id\":\"https:\/\/carleton.ca\/canadaeurope\/research-groups\/environment-and-sustainable-development\/\",\"url\":\"https:\/\/carleton.ca\/canadaeurope\/research-groups\/environment-and-sustainable-development\/\",\"name\":\"Environment and Sustainable Development - Canada-Europe Transatlantic Dialogue\",\"isPartOf\":{\"@id\":\"https:\/\/carleton.ca\/canadaeurope\/#website\"},\"datePublished\":\"2017-04-05T14:12:37+00:00\",\"dateModified\":\"2018-03-01T14:09:52+00:00\",\"description\":\"Research Group Outputs: Events Publications Multimedia Environment and Sustainable Development Environmental protection and sustainable development issues\",\"breadcrumb\":{\"@id\":\"https:\/\/carleton.ca\/canadaeurope\/research-groups\/environment-and-sustainable-development\/#breadcrumb\"},\"inLanguage\":\"en-US\",\"potentialAction\":[{\"@type\":\"ReadAction\",\"target\":[\"https:\/\/carleton.ca\/canadaeurope\/research-groups\/environment-and-sustainable-development\/\"]}]},{\"@type\":\"BreadcrumbList\",\"@id\":\"https:\/\/carleton.ca\/canadaeurope\/research-groups\/environment-and-sustainable-development\/#breadcrumb\",\"itemListElement\":[{\"@type\":\"ListItem\",\"position\":1,\"name\":\"Home\",\"item\":\"https:\/\/carleton.ca\/canadaeurope\/\"},{\"@type\":\"ListItem\",\"position\":2,\"name\":\"Research Groups\",\"item\":\"https:\/\/carleton.ca\/canadaeurope\/research-groups\/\"},{\"@type\":\"ListItem\",\"position\":3,\"name\":\"Environment and Sustainable Development\"}]},{\"@type\":\"WebSite\",\"@id\":\"https:\/\/carleton.ca\/canadaeurope\/#website\",\"url\":\"https:\/\/carleton.ca\/canadaeurope\/\",\"name\":\"Canada-Europe Transatlantic Dialogue\",\"description\":\"Carleton University\",\"potentialAction\":[{\"@type\":\"SearchAction\",\"target\":{\"@type\":\"EntryPoint\",\"urlTemplate\":\"https:\/\/carleton.ca\/canadaeurope\/?s={search_term_string}\"},\"query-input\":\"required name=search_term_string\"}],\"inLanguage\":\"en-US\"}]}<\/script>\n<!-- \/ Yoast SEO plugin. -->","yoast_head_json":{"title":"Environment and Sustainable Development - Canada-Europe Transatlantic Dialogue","description":"Research Group Outputs: Events Publications Multimedia Environment and Sustainable Development Environmental protection and sustainable development issues","robots":{"index":"index","follow":"follow","max-snippet":"max-snippet:-1","max-image-preview":"max-image-preview:large","max-video-preview":"max-video-preview:-1"},"canonical":"https:\/\/carleton.ca\/canadaeurope\/research-groups\/environment-and-sustainable-development\/","twitter_misc":{"Est. reading time":"2 minutes"},"schema":{"@context":"https:\/\/schema.org","@graph":[{"@type":"WebPage","@id":"https:\/\/carleton.ca\/canadaeurope\/research-groups\/environment-and-sustainable-development\/","url":"https:\/\/carleton.ca\/canadaeurope\/research-groups\/environment-and-sustainable-development\/","name":"Environment and Sustainable Development - Canada-Europe Transatlantic Dialogue","isPartOf":{"@id":"https:\/\/carleton.ca\/canadaeurope\/#website"},"datePublished":"2017-04-05T14:12:37+00:00","dateModified":"2018-03-01T14:09:52+00:00","description":"Research Group Outputs: Events Publications Multimedia Environment and Sustainable Development Environmental protection and sustainable development issues","breadcrumb":{"@id":"https:\/\/carleton.ca\/canadaeurope\/research-groups\/environment-and-sustainable-development\/#breadcrumb"},"inLanguage":"en-US","potentialAction":[{"@type":"ReadAction","target":["https:\/\/carleton.ca\/canadaeurope\/research-groups\/environment-and-sustainable-development\/"]}]},{"@type":"BreadcrumbList","@id":"https:\/\/carleton.ca\/canadaeurope\/research-groups\/environment-and-sustainable-development\/#breadcrumb","itemListElement":[{"@type":"ListItem","position":1,"name":"Home","item":"https:\/\/carleton.ca\/canadaeurope\/"},{"@type":"ListItem","position":2,"name":"Research Groups","item":"https:\/\/carleton.ca\/canadaeurope\/research-groups\/"},{"@type":"ListItem","position":3,"name":"Environment and Sustainable Development"}]},{"@type":"WebSite","@id":"https:\/\/carleton.ca\/canadaeurope\/#website","url":"https:\/\/carleton.ca\/canadaeurope\/","name":"Canada-Europe Transatlantic Dialogue","description":"Carleton University","potentialAction":[{"@type":"SearchAction","target":{"@type":"EntryPoint","urlTemplate":"https:\/\/carleton.ca\/canadaeurope\/?s={search_term_string}"},"query-input":"required name=search_term_string"}],"inLanguage":"en-US"}]}},"acf":{"banner_image_type":"upload","banner_uploaded_image":{"ID":3324,"id":3324,"title":"f92dded01b953e2de19c8fb2173b31a4","filename":"f92dded01b953e2de19c8fb2173b31a4.jpg","filesize":91222,"url":"https:\/\/carleton.ca\/canadaeurope\/wp-content\/uploads\/f92dded01b953e2de19c8fb2173b31a4.jpg","link":"https:\/\/carleton.ca\/canadaeurope\/research-groups\/environment-and-sustainable-development\/f92dded01b953e2de19c8fb2173b31a4\/","alt":"","author":"4","description":"","caption":"","name":"f92dded01b953e2de19c8fb2173b31a4","status":"inherit","uploaded_to":145,"date":"2017-06-12 15:11:04","modified":"2017-06-12 15:11:05","menu_order":0,"mime_type":"image\/jpeg","type":"image","subtype":"jpeg","icon":"https:\/\/carleton.ca\/canadaeurope\/wp\/wp-includes\/images\/media\/default.png","width":1600,"height":700,"sizes":{"thumbnail":"https:\/\/carleton.ca\/canadaeurope\/wp-content\/uploads\/f92dded01b953e2de19c8fb2173b31a4-160x70.jpg","thumbnail-width":160,"thumbnail-height":70,"medium":"https:\/\/carleton.ca\/canadaeurope\/wp-content\/uploads\/f92dded01b953e2de19c8fb2173b31a4-240x105.jpg","medium-width":240,"medium-height":105,"medium_large":"https:\/\/carleton.ca\/canadaeurope\/wp-content\/uploads\/f92dded01b953e2de19c8fb2173b31a4-768x336.jpg","medium_large-width":768,"medium_large-height":336,"large":"https:\/\/carleton.ca\/canadaeurope\/wp-content\/uploads\/f92dded01b953e2de19c8fb2173b31a4-400x175.jpg","large-width":400,"large-height":175,"gallery-thumb":"https:\/\/carleton.ca\/canadaeurope\/wp-content\/uploads\/f92dded01b953e2de19c8fb2173b31a4.jpg","gallery-thumb-width":300,"gallery-thumb-height":131,"1536x1536":"https:\/\/carleton.ca\/canadaeurope\/wp-content\/uploads\/f92dded01b953e2de19c8fb2173b31a4.jpg","1536x1536-width":1536,"1536x1536-height":672,"2048x2048":"https:\/\/carleton.ca\/canadaeurope\/wp-content\/uploads\/f92dded01b953e2de19c8fb2173b31a4.jpg","2048x2048-width":1600,"2048x2048-height":700,"banner":"https:\/\/carleton.ca\/canadaeurope\/wp-content\/uploads\/f92dded01b953e2de19c8fb2173b31a4.jpg","banner-width":1600,"banner-height":700,"people":"https:\/\/carleton.ca\/canadaeurope\/wp-content\/uploads\/f92dded01b953e2de19c8fb2173b31a4-200x200.jpg","people-width":200,"people-height":200,"post-thumb":"https:\/\/carleton.ca\/canadaeurope\/wp-content\/uploads\/f92dded01b953e2de19c8fb2173b31a4-300x230.jpg","post-thumb-width":300,"post-thumb-height":230,"rotator-image":"https:\/\/carleton.ca\/canadaeurope\/wp-content\/uploads\/f92dded01b953e2de19c8fb2173b31a4.jpg","rotator-image-width":800,"rotator-image-height":350,"video-thumb":"https:\/\/carleton.ca\/canadaeurope\/wp-content\/uploads\/f92dded01b953e2de19c8fb2173b31a4-360x158.jpg","video-thumb-width":360,"video-thumb-height":158}},"banner_opacity":"dark"},"_links":{"self":[{"href":"https:\/\/carleton.ca\/canadaeurope\/wp-json\/wp\/v2\/pages\/145"}],"collection":[{"href":"https:\/\/carleton.ca\/canadaeurope\/wp-json\/wp\/v2\/pages"}],"about":[{"href":"https:\/\/carleton.ca\/canadaeurope\/wp-json\/wp\/v2\/types\/page"}],"author":[{"embeddable":true,"href":"https:\/\/carleton.ca\/canadaeurope\/wp-json\/wp\/v2\/users\/3"}],"replies":[{"embeddable":true,"href":"https:\/\/carleton.ca\/canadaeurope\/wp-json\/wp\/v2\/comments?post=145"}],"version-history":[{"count":3,"href":"https:\/\/carleton.ca\/canadaeurope\/wp-json\/wp\/v2\/pages\/145\/revisions"}],"predecessor-version":[{"id":3545,"href":"https:\/\/carleton.ca\/canadaeurope\/wp-json\/wp\/v2\/pages\/145\/revisions\/3545"}],"up":[{"embeddable":true,"href":"https:\/\/carleton.ca\/canadaeurope\/wp-json\/wp\/v2\/pages\/130"}],"wp:attachment":[{"href":"https:\/\/carleton.ca\/canadaeurope\/wp-json\/wp\/v2\/media?parent=145"}],"curies":[{"name":"wp","href":"https:\/\/api.w.org\/{rel}","templated":true}]}}