{"id":151,"date":"2017-04-05T10:18:29","date_gmt":"2017-04-05T14:18:29","guid":{"rendered":"https:\/\/carleton.ca\/canadaeurope\/?page_id=151"},"modified":"2018-03-01T12:46:32","modified_gmt":"2018-03-01T17:46:32","slug":"immigration-and-social-policy","status":"publish","type":"page","link":"https:\/\/carleton.ca\/canadaeurope\/research-groups\/immigration-and-social-policy\/","title":{"rendered":"Immigration and Social Policy"},"content":{"rendered":"<table style=\"background-color: #f2f2f2; margin-top: 0px; width: 100%;\">\n<tbody>\n<tr>\n<td style=\"padding-left: 20px; width: 25%;\"><strong>Research Group Outputs:<\/strong><\/td>\n<td style=\"width: 25%; text-align: center;\"><a href=\"https:\/\/carleton.ca\/canadaeurope\/events-social-policy-and-immigration\/\"><strong>Events<\/strong><\/a><\/td>\n<td style=\"width: 25%; text-align: center;\"><a href=\"https:\/\/carleton.ca\/canadaeurope\/publications-immigration-and-social-policy\/\"><strong>Publications<\/strong><\/a><\/td>\n<td style=\"width: 25%; text-align: center;\"><a href=\"https:\/\/carleton.ca\/canadaeurope\/multimedia-immigration-social-policy\/\"><strong>Multimedia<\/strong><\/a><\/td>\n<\/tr>\n<\/tbody>\n<\/table>\n<h3><b><strong>Immigration and Social Policy<\/strong><\/b><\/h3>\n<p>Globalization, the post-2008 economic crisis, rising inequalities, low birth rates, and aging populations make immigration and social policies a primary concern of policymakers in Canada, European countries, and the European Union. There are striking similarities in the challenges these actors face as they seek to maintain social cohesion. While demands for the recognition of ethnic, religious, linguistic, and cultural differences are growing, public opinion in many jurisdictions is becoming less accepting of such recognition. The balance between immigration and security concerns is sometimes difficult to find. At the same time, high and increasing rates of poverty and unemployment lead to social exclusion and the challenge of identifying policies to foster more inclusive societies. These concerns require innovative policy solutions. This research group disseminates both European and Canadian research findings on innovative policies and best practices in the social and immigration policy domains.<\/p>\n<div id=\"attachment_152\" class=\"wp-caption alignright\" style=\"width: 240px\"><a href=\"https:\/\/carleton.ca\/canadaeurope\/wp-content\/uploads\/immigration-socialpolicy.pdf\"><img decoding=\"async\" loading=\"lazy\" class=\"wp-image-152 size-medium\" src=\"https:\/\/carleton.ca\/canadaeurope\/wp-content\/uploads\/immigration-socialpolicy-icon-240x363-240x363.jpg\" alt=\"\" width=\"240\" height=\"363\" srcset=\"https:\/\/carleton.ca\/canadaeurope\/wp-content\/uploads\/immigration-socialpolicy-icon-240x363.jpg 240w, https:\/\/carleton.ca\/canadaeurope\/wp-content\/uploads\/immigration-socialpolicy-icon-240x363-160x242.jpg 160w\" sizes=\"(max-width: 240px) 100vw, 240px\" \/><\/a><p class=\"wp-caption-text\">Click on the image to see the research group poster.<\/p><\/div>\n<h3><b><strong>Politique Sociale et Immigration<\/strong><\/b><\/h3>\n<p>La mondialisation, la crise \u00e9conomique apr\u00e8s-2008, l\u2019augmentation des in\u00e9galit\u00e9s, le faible taux de natalit\u00e9 et le vieillissement des populations font des politiques sociales et d\u2019immigration un enjeu de premi\u00e8re importance pour les d\u00e9cideurs politiques au Canada, dans les pays europ\u00e9ens et l\u2019Union europ\u00e9enne. Il existe des similitudes frappantes dans les d\u00e9fis auxquels ces acteurs sont confront\u00e9s en tentant de maintenir la coh\u00e9sion sociale. Alors que la demande de reconnaissance publique des diff\u00e9rences ethniques, religieuses, linguistiques et culturelles grandit de plus en plus, l\u2019opinion publique dans plusieurs juridictions devient quant \u00e0 elle de moins en moins indulgente face \u00e0 une telle reconnaissance. L\u2019\u00e9quilibre entre les questions d\u2019immigration et de s\u00e9curit\u00e9 est parfois difficile \u00e0 trouver. En m\u00eame temps, l\u2019augmentation des hauts taux de pauvret\u00e9 et de ch\u00f4mage m\u00e8ne \u00e0 l\u2019exclusion sociale, d\u2019o\u00f9 le d\u00e9fi d\u2019identifier les politiques qui promeuvent des soci\u00e9t\u00e9s plus inclusives. Ces pr\u00e9occupations n\u00e9cessitent des solutions politiques innovatrices. Ce groupe de recherche diffuse les r\u00e9sultats d\u2019\u00e9tudes canadiennes et europ\u00e9ennes sur les politiques novatrices et sur les meilleures pratiques dans les domaines d\u2019immigration et de politique sociale.<\/p>\n<h3>Lead Researchers<\/h3>\n<div class=\"columns\"><div class=\"columns__two\"><div id=\"attachment_154\" class=\"wp-caption alignnone\" style=\"width: 240px\"><img decoding=\"async\" loading=\"lazy\" class=\"size-medium wp-image-154\" src=\"https:\/\/carleton.ca\/canadaeurope\/wp-content\/uploads\/oliver-schmidtke-web-240x320-240x320.jpg\" alt=\"\" width=\"240\" height=\"320\" srcset=\"https:\/\/carleton.ca\/canadaeurope\/wp-content\/uploads\/oliver-schmidtke-web-240x320.jpg 240w, https:\/\/carleton.ca\/canadaeurope\/wp-content\/uploads\/oliver-schmidtke-web-240x320-160x213.jpg 160w\" sizes=\"(max-width: 240px) 100vw, 240px\" \/><p class=\"wp-caption-text\">Professor Oliver Schmidtke, University of Victoria<\/p><\/div><\/div>\n<div class=\"columns__two\"><div id=\"attachment_153\" class=\"wp-caption alignnone\" style=\"width: 240px\"><img decoding=\"async\" loading=\"lazy\" class=\"size-medium wp-image-153\" src=\"https:\/\/carleton.ca\/canadaeurope\/wp-content\/uploads\/jane-jenson-240x320-240x320.jpg\" alt=\"\" width=\"240\" height=\"320\" srcset=\"https:\/\/carleton.ca\/canadaeurope\/wp-content\/uploads\/jane-jenson-240x320.jpg 240w, https:\/\/carleton.ca\/canadaeurope\/wp-content\/uploads\/jane-jenson-240x320-160x213.jpg 160w\" sizes=\"(max-width: 240px) 100vw, 240px\" \/><p class=\"wp-caption-text\">Professor Jane Jenson, Universit\u00e9 de Montr\u00e9al<\/p><\/div><\/div><\/div>\n<p style=\"text-align: right;\"><em>Banner image Courtesy of the <a href=\"http:\/\/www.flickr.com\/photos\/infomatique\/5561788580\/\">William Murphy<\/a><\/em><\/p>\n","protected":false},"excerpt":{"rendered":"<p>Research Group Outputs: Events Publications Multimedia Immigration and Social Policy Globalization, the post-2008 economic crisis, rising inequalities, low birth rates, and aging populations make immigration and social policies a primary concern of policymakers in Canada, European countries, and the European Union. There are striking similarities in the challenges these actors face as they seek to [&hellip;]<\/p>\n","protected":false},"author":3,"featured_media":0,"parent":130,"menu_order":0,"comment_status":"closed","ping_status":"closed","template":"","meta":{"_relevanssi_hide_post":"","_relevanssi_hide_content":"","_relevanssi_pin_for_all":"","_relevanssi_pin_keywords":"","_relevanssi_unpin_keywords":"","_relevanssi_related_keywords":"","_relevanssi_related_include_ids":"","_relevanssi_related_exclude_ids":"","_relevanssi_related_no_append":"","_relevanssi_related_not_related":"","_relevanssi_related_posts":"","_relevanssi_noindex_reason":"","_mi_skip_tracking":false,"_exactmetrics_sitenote_active":false,"_exactmetrics_sitenote_note":"","_exactmetrics_sitenote_category":0,"footnotes":"","_links_to":"","_links_to_target":""},"yoast_head":"<!-- This site is optimized with the Yoast SEO plugin v21.2 - https:\/\/yoast.com\/wordpress\/plugins\/seo\/ -->\n<title>Immigration and Social Policy - Canada-Europe Transatlantic Dialogue<\/title>\n<meta name=\"description\" content=\"Research Group Outputs: Events Publications Multimedia Immigration and Social Policy Globalization, the post-2008 economic crisis, rising inequalities,\" \/>\n<meta name=\"robots\" content=\"index, follow, max-snippet:-1, max-image-preview:large, max-video-preview:-1\" \/>\n<link rel=\"canonical\" href=\"https:\/\/carleton.ca\/canadaeurope\/research-groups\/immigration-and-social-policy\/\" \/>\n<meta name=\"twitter:label1\" content=\"Est. reading time\" \/>\n\t<meta name=\"twitter:data1\" content=\"2 minutes\" \/>\n<script type=\"application\/ld+json\" class=\"yoast-schema-graph\">{\"@context\":\"https:\/\/schema.org\",\"@graph\":[{\"@type\":\"WebPage\",\"@id\":\"https:\/\/carleton.ca\/canadaeurope\/research-groups\/immigration-and-social-policy\/\",\"url\":\"https:\/\/carleton.ca\/canadaeurope\/research-groups\/immigration-and-social-policy\/\",\"name\":\"Immigration and Social Policy - Canada-Europe Transatlantic Dialogue\",\"isPartOf\":{\"@id\":\"https:\/\/carleton.ca\/canadaeurope\/#website\"},\"datePublished\":\"2017-04-05T14:18:29+00:00\",\"dateModified\":\"2018-03-01T17:46:32+00:00\",\"description\":\"Research Group Outputs: Events Publications Multimedia Immigration and Social Policy Globalization, the post-2008 economic crisis, rising inequalities,\",\"breadcrumb\":{\"@id\":\"https:\/\/carleton.ca\/canadaeurope\/research-groups\/immigration-and-social-policy\/#breadcrumb\"},\"inLanguage\":\"en-US\",\"potentialAction\":[{\"@type\":\"ReadAction\",\"target\":[\"https:\/\/carleton.ca\/canadaeurope\/research-groups\/immigration-and-social-policy\/\"]}]},{\"@type\":\"BreadcrumbList\",\"@id\":\"https:\/\/carleton.ca\/canadaeurope\/research-groups\/immigration-and-social-policy\/#breadcrumb\",\"itemListElement\":[{\"@type\":\"ListItem\",\"position\":1,\"name\":\"Home\",\"item\":\"https:\/\/carleton.ca\/canadaeurope\/\"},{\"@type\":\"ListItem\",\"position\":2,\"name\":\"Research Groups\",\"item\":\"https:\/\/carleton.ca\/canadaeurope\/research-groups\/\"},{\"@type\":\"ListItem\",\"position\":3,\"name\":\"Immigration and Social Policy\"}]},{\"@type\":\"WebSite\",\"@id\":\"https:\/\/carleton.ca\/canadaeurope\/#website\",\"url\":\"https:\/\/carleton.ca\/canadaeurope\/\",\"name\":\"Canada-Europe Transatlantic Dialogue\",\"description\":\"Carleton University\",\"potentialAction\":[{\"@type\":\"SearchAction\",\"target\":{\"@type\":\"EntryPoint\",\"urlTemplate\":\"https:\/\/carleton.ca\/canadaeurope\/?s={search_term_string}\"},\"query-input\":\"required name=search_term_string\"}],\"inLanguage\":\"en-US\"}]}<\/script>\n<!-- \/ Yoast SEO plugin. -->","yoast_head_json":{"title":"Immigration and Social Policy - Canada-Europe Transatlantic Dialogue","description":"Research Group Outputs: Events Publications Multimedia Immigration and Social Policy Globalization, the post-2008 economic crisis, rising inequalities,","robots":{"index":"index","follow":"follow","max-snippet":"max-snippet:-1","max-image-preview":"max-image-preview:large","max-video-preview":"max-video-preview:-1"},"canonical":"https:\/\/carleton.ca\/canadaeurope\/research-groups\/immigration-and-social-policy\/","twitter_misc":{"Est. reading time":"2 minutes"},"schema":{"@context":"https:\/\/schema.org","@graph":[{"@type":"WebPage","@id":"https:\/\/carleton.ca\/canadaeurope\/research-groups\/immigration-and-social-policy\/","url":"https:\/\/carleton.ca\/canadaeurope\/research-groups\/immigration-and-social-policy\/","name":"Immigration and Social Policy - Canada-Europe Transatlantic Dialogue","isPartOf":{"@id":"https:\/\/carleton.ca\/canadaeurope\/#website"},"datePublished":"2017-04-05T14:18:29+00:00","dateModified":"2018-03-01T17:46:32+00:00","description":"Research Group Outputs: Events Publications Multimedia Immigration and Social Policy Globalization, the post-2008 economic crisis, rising inequalities,","breadcrumb":{"@id":"https:\/\/carleton.ca\/canadaeurope\/research-groups\/immigration-and-social-policy\/#breadcrumb"},"inLanguage":"en-US","potentialAction":[{"@type":"ReadAction","target":["https:\/\/carleton.ca\/canadaeurope\/research-groups\/immigration-and-social-policy\/"]}]},{"@type":"BreadcrumbList","@id":"https:\/\/carleton.ca\/canadaeurope\/research-groups\/immigration-and-social-policy\/#breadcrumb","itemListElement":[{"@type":"ListItem","position":1,"name":"Home","item":"https:\/\/carleton.ca\/canadaeurope\/"},{"@type":"ListItem","position":2,"name":"Research Groups","item":"https:\/\/carleton.ca\/canadaeurope\/research-groups\/"},{"@type":"ListItem","position":3,"name":"Immigration and Social Policy"}]},{"@type":"WebSite","@id":"https:\/\/carleton.ca\/canadaeurope\/#website","url":"https:\/\/carleton.ca\/canadaeurope\/","name":"Canada-Europe Transatlantic Dialogue","description":"Carleton University","potentialAction":[{"@type":"SearchAction","target":{"@type":"EntryPoint","urlTemplate":"https:\/\/carleton.ca\/canadaeurope\/?s={search_term_string}"},"query-input":"required name=search_term_string"}],"inLanguage":"en-US"}]}},"acf":{"banner_image_type":"upload","banner_uploaded_image":{"ID":3329,"id":3329,"title":"e1288e96fba8110b2c798ab8e54891f9","filename":"e1288e96fba8110b2c798ab8e54891f9.jpg","filesize":317055,"url":"https:\/\/carleton.ca\/canadaeurope\/wp-content\/uploads\/e1288e96fba8110b2c798ab8e54891f9.jpg","link":"https:\/\/carleton.ca\/canadaeurope\/research-groups\/immigration-and-social-policy\/e1288e96fba8110b2c798ab8e54891f9\/","alt":"","author":"4","description":"","caption":"","name":"e1288e96fba8110b2c798ab8e54891f9","status":"inherit","uploaded_to":151,"date":"2017-06-12 15:14:01","modified":"2017-06-12 15:14:03","menu_order":0,"mime_type":"image\/jpeg","type":"image","subtype":"jpeg","icon":"https:\/\/carleton.ca\/canadaeurope\/wp\/wp-includes\/images\/media\/default.png","width":1600,"height":700,"sizes":{"thumbnail":"https:\/\/carleton.ca\/canadaeurope\/wp-content\/uploads\/e1288e96fba8110b2c798ab8e54891f9-160x70.jpg","thumbnail-width":160,"thumbnail-height":70,"medium":"https:\/\/carleton.ca\/canadaeurope\/wp-content\/uploads\/e1288e96fba8110b2c798ab8e54891f9-240x105.jpg","medium-width":240,"medium-height":105,"medium_large":"https:\/\/carleton.ca\/canadaeurope\/wp-content\/uploads\/e1288e96fba8110b2c798ab8e54891f9-768x336.jpg","medium_large-width":768,"medium_large-height":336,"large":"https:\/\/carleton.ca\/canadaeurope\/wp-content\/uploads\/e1288e96fba8110b2c798ab8e54891f9-400x175.jpg","large-width":400,"large-height":175,"gallery-thumb":"https:\/\/carleton.ca\/canadaeurope\/wp-content\/uploads\/e1288e96fba8110b2c798ab8e54891f9.jpg","gallery-thumb-width":300,"gallery-thumb-height":131,"1536x1536":"https:\/\/carleton.ca\/canadaeurope\/wp-content\/uploads\/e1288e96fba8110b2c798ab8e54891f9.jpg","1536x1536-width":1536,"1536x1536-height":672,"2048x2048":"https:\/\/carleton.ca\/canadaeurope\/wp-content\/uploads\/e1288e96fba8110b2c798ab8e54891f9.jpg","2048x2048-width":1600,"2048x2048-height":700,"banner":"https:\/\/carleton.ca\/canadaeurope\/wp-content\/uploads\/e1288e96fba8110b2c798ab8e54891f9.jpg","banner-width":1600,"banner-height":700,"people":"https:\/\/carleton.ca\/canadaeurope\/wp-content\/uploads\/e1288e96fba8110b2c798ab8e54891f9-200x200.jpg","people-width":200,"people-height":200,"post-thumb":"https:\/\/carleton.ca\/canadaeurope\/wp-content\/uploads\/e1288e96fba8110b2c798ab8e54891f9-300x230.jpg","post-thumb-width":300,"post-thumb-height":230,"rotator-image":"https:\/\/carleton.ca\/canadaeurope\/wp-content\/uploads\/e1288e96fba8110b2c798ab8e54891f9.jpg","rotator-image-width":800,"rotator-image-height":350,"video-thumb":"https:\/\/carleton.ca\/canadaeurope\/wp-content\/uploads\/e1288e96fba8110b2c798ab8e54891f9-360x158.jpg","video-thumb-width":360,"video-thumb-height":158}},"banner_opacity":"dark"},"_links":{"self":[{"href":"https:\/\/carleton.ca\/canadaeurope\/wp-json\/wp\/v2\/pages\/151"}],"collection":[{"href":"https:\/\/carleton.ca\/canadaeurope\/wp-json\/wp\/v2\/pages"}],"about":[{"href":"https:\/\/carleton.ca\/canadaeurope\/wp-json\/wp\/v2\/types\/page"}],"author":[{"embeddable":true,"href":"https:\/\/carleton.ca\/canadaeurope\/wp-json\/wp\/v2\/users\/3"}],"replies":[{"embeddable":true,"href":"https:\/\/carleton.ca\/canadaeurope\/wp-json\/wp\/v2\/comments?post=151"}],"version-history":[{"count":3,"href":"https:\/\/carleton.ca\/canadaeurope\/wp-json\/wp\/v2\/pages\/151\/revisions"}],"predecessor-version":[{"id":3613,"href":"https:\/\/carleton.ca\/canadaeurope\/wp-json\/wp\/v2\/pages\/151\/revisions\/3613"}],"up":[{"embeddable":true,"href":"https:\/\/carleton.ca\/canadaeurope\/wp-json\/wp\/v2\/pages\/130"}],"wp:attachment":[{"href":"https:\/\/carleton.ca\/canadaeurope\/wp-json\/wp\/v2\/media?parent=151"}],"curies":[{"name":"wp","href":"https:\/\/api.w.org\/{rel}","templated":true}]}}