{"id":164,"date":"2017-04-05T11:17:57","date_gmt":"2017-04-05T15:17:57","guid":{"rendered":"https:\/\/carleton.ca\/canadaeurope\/?page_id=164"},"modified":"2020-04-06T16:38:14","modified_gmt":"2020-04-06T20:38:14","slug":"our-experts","status":"publish","type":"page","link":"https:\/\/carleton.ca\/canadaeurope\/our-experts\/","title":{"rendered":"Our Experts"},"content":{"rendered":"<p>CETD supports a searchable database of experts on Europe, <a href=\"http:\/\/www.eucanet.org\/\" target=\"_blank\" rel=\"noopener noreferrer\"><strong>EUCAnet<\/strong><\/a>.<\/p>\n<h3>Lead Researchers \/ Chercheurs principaux<\/h3>\n<ul>\n<li><a href=\"http:\/\/www.eucanet.org\/index.php?option=com_mtree&amp;task=viewlink&amp;link_id=138&amp;Itemid=2\" target=\"_blank\" rel=\"noopener noreferrer\">DeBardeleben, Joan<\/a> (Director) (Carleton University)<\/li>\n<li><a href=\"http:\/\/www.eucanet.org\/index.php?option=com_mtree&amp;task=viewlink&amp;link_id=55&amp;Itemid=2\" target=\"_blank\" rel=\"noopener noreferrer\">de Mestral, Armand<\/a> (McGill University)<\/li>\n<li><a href=\"http:\/\/www.eucanet.org\/index.php?option=com_mtree&amp;task=viewlink&amp;link_id=137&amp;Itemid=2\" target=\"_blank\" rel=\"noopener noreferrer\">Huebner, Kurt<\/a> (University of British Columbia)<\/li>\n<li><a href=\"http:\/\/www.eucanet.org\/index.php?option=com_mtree&amp;task=viewlink&amp;link_id=33&amp;Itemid=2\" target=\"_blank\" rel=\"noopener noreferrer\">Jenson, Jane<\/a> (University of Montreal)<\/li>\n<li><a href=\"http:\/\/www.eucanet.org\/index.php?option=com_mtree&amp;task=viewlink&amp;link_id=129&amp;Itemid=2\" target=\"_blank\" rel=\"noopener noreferrer\">M\u00e9rand, Fr\u00e9d\u00e9ric<\/a> (University of Montreal)<\/li>\n<li><a href=\"http:\/\/www.eucanet.org\/index.php?option=com_mtree&amp;task=viewlink&amp;link_id=122&amp;Itemid=2\" target=\"_blank\" rel=\"noopener noreferrer\">Schmidtke, Oliver<\/a> (University of Victoria)<\/li>\n<li><a href=\"http:\/\/www.eucanet.org\/index.php?option=com_mtree&amp;task=viewlink&amp;link_id=128&amp;Itemid=2\" target=\"_blank\" rel=\"noopener noreferrer\">Verdun, Amy <\/a>(University of Victoria)<\/li>\n<li><a href=\"http:\/\/www.eucanet.org\/index.php?option=com_mtree&amp;task=viewlink&amp;link_id=41&amp;Itemid=2\" target=\"_blank\" rel=\"noopener noreferrer\">Weibust, Inger <\/a>(Carleton University)<\/li>\n<li><a href=\"http:\/\/www.eucanet.org\/index.php?option=com_mtree&amp;task=viewlink&amp;link_id=174\" target=\"_blank\" rel=\"noopener noreferrer\">Zaiotti, Ruben<\/a>\u00a0(Dalhousie University)<\/li>\n<\/ul>\n<h3>Canadian Collaborators \/ Collaborateurs canadiens<\/h3>\n<ul>\n<li><a href=\"https:\/\/carleton.ca\/polisci\/people\/andree-peter\/\">Andree, Peter<\/a> (Carleton University)<\/li>\n<li><a title=\"Ece Atikcan\" href=\"http:\/\/www.eucanet.org\/political-science\/comparative-politics\/ece-ozlem-atikcan\" target=\"_blank\" rel=\"noopener noreferrer\">Atikcan, Ece Ozlem<\/a> (Universit\u00e9 Laval)<\/li>\n<li><a href=\"http:\/\/www.eucanet.org\/index.php?option=com_mtree&amp;task=viewlink&amp;link_id=43&amp;Itemid=2\" target=\"_blank\" rel=\"noopener noreferrer\">Black, David <\/a>(Dalhousie University)<\/li>\n<li><a href=\"http:\/\/www.eucanet.org\/index.php?option=com_mtree&amp;task=viewlink&amp;link_id=118&amp;Itemid=2\" target=\"_blank\" rel=\"noopener noreferrer\">Blais, Andr\u00e9<\/a> (University of Montreal)<\/li>\n<li><a href=\"http:\/\/www.eucanet.org\/index.php?option=com_mtree&amp;task=viewlink&amp;link_id=121&amp;Itemid=2\" target=\"_blank\" rel=\"noopener noreferrer\">Biukovic, Ljiljana <\/a>(University of British Columbia)<\/li>\n<li><a href=\"http:\/\/www.eucanet.org\/index.php?option=com_mtree&amp;task=viewlink&amp;link_id=32&amp;Itemid=2\" target=\"_blank\" rel=\"noopener noreferrer\">Boismenu, G\u00e9rard<\/a> (University of Montreal)<\/li>\n<li><a href=\"http:\/\/www.eucanet.org\/index.php?option=com_mtree&amp;task=viewlink&amp;link_id=56&amp;Itemid=2\" target=\"_blank\" rel=\"noopener noreferrer\">Bowles, Paul<\/a> (University of Northern British Columbia)<\/li>\n<li><a href=\"http:\/\/www.eucanet.org\/index.php?option=com_mtree&amp;task=viewlink&amp;link_id=89&amp;Itemid=2\" target=\"_blank\" rel=\"noopener noreferrer\">Brawley, Mark<\/a> (McGill University)<\/li>\n<li><a href=\"https:\/\/www.wlu.ca\/academics\/faculties\/faculty-of-arts\/faculty-profiles\/jorg-broschek\/index.html\">Broschek, J\u00f6rg<\/a> (Wilfrid Laurier University)<\/li>\n<li><a href=\"http:\/\/www.eucanet.org\/index.php?option=com_mtree&amp;task=viewlink&amp;link_id=44&amp;Itemid=2\" target=\"_blank\" rel=\"noopener noreferrer\">Brunet-Jailly, Emmanuel<\/a> (University of Victoria)<\/li>\n<li><a href=\"http:\/\/www.eucanet.org\/index.php?option=com_mtree&amp;task=viewlink&amp;link_id=119&amp;Itemid=2\" target=\"_blank\" rel=\"noopener noreferrer\">Carens, Joseph<\/a> (University of Toronto)<\/li>\n<li><a href=\"https:\/\/www.mun.ca\/posc\/People\/croci.php\">Croci, Osvaldo<\/a> (Memorial University of Newfoundland)<\/li>\n<li><a href=\"http:\/\/www.eucanet.org\/index.php?option=com_mtree&amp;task=viewlink&amp;link_id=120&amp;Itemid=2\" target=\"_blank\" rel=\"noopener noreferrer\">Cross, William<\/a> (Carleton University)<\/li>\n<li><a href=\"http:\/\/www.eucanet.org\/index.php?option=com_mtree&amp;task=viewlink&amp;link_id=63&amp;Itemid=2\" target=\"_blank\" rel=\"noopener noreferrer\">Dedek, Helge<\/a> (McGill University)<\/li>\n<li><a href=\"http:\/\/www.eucanet.org\/index.php?option=com_mtree&amp;task=viewlink&amp;link_id=25&amp;Itemid=2\" target=\"_blank\" rel=\"noopener noreferrer\">Dutkiewicz, Piotr<\/a> (Carleton University)<\/li>\n<li><a href=\"https:\/\/schulich.yorku.ca\/faculty\/burkard-eberlein\/\">Eberlein, Burkard<\/a> (York University)<\/li>\n<li><a href=\"http:\/\/www.eucanet.org\/index.php?option=com_mtree&amp;task=viewlink&amp;link_id=64&amp;Itemid=2\" target=\"_blank\" rel=\"noopener noreferrer\">Gallagher, Stephen<\/a> (McGill University)<\/li>\n<li><a href=\"http:\/\/www.eucanet.org\/index.php?option=com_mtree&amp;task=viewlink&amp;link_id=65\" target=\"_blank\" rel=\"noopener noreferrer\">Gehring, Markus<\/a> (University of Ottawa)<\/li>\n<li><a href=\"http:\/\/www.eucanet.org\/index.php?option=com_mtree&amp;task=viewlink&amp;link_id=188&amp;Itemid=2\" target=\"_blank\" rel=\"noopener noreferrer\">Geiger, Martin<\/a> (Carleton University)<\/li>\n<li><a href=\"http:\/\/www.eucanet.org\/index.php?option=com_mtree&amp;task=viewlink&amp;link_id=27&amp;Itemid=2\" target=\"_blank\" rel=\"noopener noreferrer\">Gould, Robert<\/a> (Carleton University)<\/li>\n<li><a href=\"http:\/\/www.eucanet.org\/index.php?option=com_mtree&amp;task=viewlink&amp;link_id=46&amp;Itemid=2\" target=\"_blank\" rel=\"noopener noreferrer\">Haglund, David<\/a> (Queen\u2019s University)<\/li>\n<li><a href=\"http:\/\/www.eucanet.org\/index.php?option=com_mtree&amp;task=viewlink&amp;link_id=19&amp;Itemid=2\" target=\"_blank\" rel=\"noopener noreferrer\">Hallstrom, Lars<\/a> (University of Alberta)<\/li>\n<li><a href=\"http:\/\/www.eucanet.org\/index.php?option=com_mtree&amp;task=viewlink&amp;link_id=92&amp;Itemid=2\" target=\"_blank\" rel=\"noopener noreferrer\">Hansen, Randall<\/a> (University of Toronto)<\/li>\n<li><a href=\"https:\/\/uwaterloo.ca\/political-science\/people-profiles\/eric-helleiner\">Helleiner, Eric<\/a> (University of Waterloo)<\/li>\n<li><a href=\"http:\/\/www.eucanet.org\/index.php?option=com_mtree&amp;task=viewlink&amp;link_id=54&amp;Itemid=2\" target=\"_blank\" rel=\"noopener noreferrer\">Hurrelmann, Achim<\/a> (Carleton University)<\/li>\n<li><a href=\"http:\/\/www.eucanet.org\/index.php?option=com_mtree&amp;task=viewlink&amp;link_id=47&amp;Itemid=2\" target=\"_blank\" rel=\"noopener noreferrer\">Jegen, Maya<\/a> (Universit\u00e9 du Qu\u00e9bec \u00e0 Montr\u00e9al)<\/li>\n<li><a title=\"Artan Karini\" href=\"http:\/\/carleton.ca\/eurus\/people\/artan-karini\/\" target=\"_blank\" rel=\"noopener noreferrer\">Karini, Artan<\/a> (Carleton University)<\/li>\n<li><a href=\"https:\/\/uwaterloo.ca\/political-science\/people-profiles\/veronica-kitchen\" target=\"_blank\" rel=\"noopener noreferrer\">Kitchen, Veronica<\/a> (University of Waterloo)<\/li>\n<li><a href=\"http:\/\/www.eucanet.org\/index.php?option=com_mtree&amp;task=viewlink&amp;link_id=117&amp;Itemid=2\" target=\"_blank\" rel=\"noopener noreferrer\">Kopstein, Jeffrey<\/a>\u00a0(University of Toronto)<\/li>\n<li><a href=\"http:\/\/www.eucanet.org\/index.php?option=com_mtree&amp;task=viewlink&amp;link_id=48&amp;Itemid=2\" target=\"_blank\" rel=\"noopener noreferrer\">Kranakis, Eda<\/a> (University of Ottawa)<\/li>\n<li><a href=\"http:\/\/www.eucanet.org\/index.php?option=com_mtree&amp;task=viewlink&amp;link_id=49&amp;Itemid=2\" target=\"_blank\" rel=\"noopener noreferrer\">Kuus, Merje<\/a> (University of British Columbia)<\/li>\n<li><a href=\"http:\/\/www.eucanet.org\/index.php?option=com_mtree&amp;task=viewlink&amp;link_id=28&amp;Itemid=2\" target=\"_blank\" rel=\"noopener noreferrer\">Laursen, Finn<\/a> (Dalhousie University)<\/li>\n<li><a href=\"http:\/\/www.eucanet.org\/index.php?option=com_mtree&amp;task=viewlink&amp;link_id=59&amp;Itemid=2\" target=\"_blank\" rel=\"noopener noreferrer\">Leblond, Patrick<\/a> (University of Ottawa)<\/li>\n<li><a href=\"http:\/\/www.eucanet.org\/index.php?option=com_mtree&amp;task=viewlink&amp;link_id=35&amp;Itemid=2\" target=\"_blank\" rel=\"noopener noreferrer\">LeDuc, Lawrence<\/a> (University of Toronto)<\/li>\n<li><a href=\"http:\/\/www.eucanet.org\/index.php?option=com_mtree&amp;task=viewlink&amp;link_id=36&amp;Itemid=2\" target=\"_blank\" rel=\"noopener noreferrer\">Long, David<\/a> (Carleton University)<\/li>\n<li><a href=\"http:\/\/www.eucanet.org\/index.php?option=com_mtree&amp;task=viewlink&amp;link_id=124&amp;Itemid=2\" target=\"_blank\" rel=\"noopener noreferrer\">MacRae, Heather<\/a> (York University)<\/li>\n<li><a href=\"http:\/\/www.eucanet.org\/index.php?option=com_mtree&amp;task=viewlink&amp;link_id=66&amp;Itemid=2\" target=\"_blank\" rel=\"noopener noreferrer\">Maas, Willem<\/a> (York University)<\/li>\n<li><a href=\"http:\/\/www.eucanet.org\/index.php?option=com_mtree&amp;task=viewlink&amp;link_id=29&amp;Itemid=2\" target=\"_blank\" rel=\"noopener noreferrer\">Macleod, Alexander<\/a> (Universit\u00e9 du Qu\u00e9bec \u00e0 Montr\u00e9al)<\/li>\n<li><a href=\"http:\/\/www.eucanet.org\/index.php?option=com_mtree&amp;task=viewlink&amp;link_id=20&amp;Itemid=2\" target=\"_blank\" rel=\"noopener noreferrer\">Mahon, Rianne<\/a> (Wilfred Laurier University)<\/li>\n<li><a href=\"http:\/\/www.eucanet.org\/index.php?option=com_mtree&amp;task=viewlink&amp;link_id=58&amp;Itemid=2\" target=\"_blank\" rel=\"noopener noreferrer\">Marier, Patrik<\/a> (Concordia University)<\/li>\n<li><a href=\"http:\/\/www.eucanet.org\/index.php?option=com_mtree&amp;task=viewlink&amp;link_id=147&amp;Itemid=2\" target=\"_blank\" rel=\"noopener noreferrer\">McFalls, Laurence<\/a> (University of Montreal)<\/li>\n<li><a href=\"http:\/\/www.eucanet.org\/index.php?option=com_mtree&amp;task=viewlink&amp;link_id=50&amp;Itemid=2\" target=\"_blank\" rel=\"noopener noreferrer\">Meadowcroft, James<\/a> (Carleton University)<\/li>\n<li><a href=\"http:\/\/www.eucanet.org\/index.php?option=com_mtree&amp;task=viewlink&amp;link_id=140\" target=\"_blank\" rel=\"noopener noreferrer\">Moens, Alex<\/a> (Simon Fraser University)<\/li>\n<li><a href=\"http:\/\/www.eucanet.org\/index.php?option=com_mtree&amp;task=viewlink&amp;link_id=139&amp;Itemid=2\" target=\"_blank\" rel=\"noopener noreferrer\">Musu, Costanza<\/a> (University of Ottawa)<\/li>\n<li><a href=\"http:\/\/www.eucanet.org\/index.php?option=com_mtree&amp;task=viewlink&amp;link_id=57&amp;Itemid=2\" target=\"_blank\" rel=\"noopener noreferrer\">O\u2019Brien, Martha<\/a> (University of Victoria)<\/li>\n<li><a href=\"http:\/\/www.eucanet.org\/index.php?option=com_mtree&amp;task=viewlink&amp;link_id=67&amp;Itemid=2\" target=\"_blank\" rel=\"noopener noreferrer\">O\u2019Mahony, Angela<\/a> (University of British Columbia)<\/li>\n<li><a href=\"http:\/\/www.eucanet.org\/index.php?option=com_mtree&amp;task=viewlink&amp;link_id=30&amp;Itemid=2\" target=\"_blank\" rel=\"noopener noreferrer\">Pammett, Jon <\/a>(Carleton University)<\/li>\n<li><a href=\"http:\/\/www.eucanet.org\/index.php?option=com_mtree&amp;task=viewlink&amp;link_id=21&amp;Itemid=2\" target=\"_blank\" rel=\"noopener noreferrer\">Paterson, Matthew<\/a> (University of Ottawa)<\/li>\n<li><a href=\"http:\/\/www.eucanet.org\/index.php?option=com_mtree&amp;task=viewlink&amp;link_id=152&amp;Itemid=2\" target=\"_blank\" rel=\"noopener noreferrer\">Pentland, Charles<\/a> (Queen\u2019s University)<\/li>\n<li><a href=\"http:\/\/www.eucanet.org\/index.php?option=com_mtree&amp;task=viewlink&amp;link_id=37&amp;Itemid=2\" target=\"_blank\" rel=\"noopener noreferrer\">Petit, Isabelle<\/a> (University of Montreal)<\/li>\n<li><a href=\"http:\/\/www.eucanet.org\/index.php?option=com_mtree&amp;task=viewlink&amp;link_id=68&amp;Itemid=2\" target=\"_blank\" rel=\"noopener noreferrer\">Ross, George<\/a> (University of Montreal)<\/li>\n<li><a href=\"http:\/\/www.eucanet.org\/index.php?option=com_mtree&amp;task=viewlink&amp;link_id=91&amp;Itemid=2\" target=\"_blank\" rel=\"noopener noreferrer\">Rothmayr-Allison, Christine <\/a>(University of Montreal)<\/li>\n<li><a href=\"http:\/\/www.ieim.uqam.ca\/spip.php?auteur103&amp;lang=en\">Roussel, St\u00e9phane<\/a> (Universit\u00e9 du Qu\u00e9bec \u00e0 Montr\u00e9al)<\/li>\n<li><a href=\"http:\/\/www.eucanet.org\/index.php?option=com_mtree&amp;task=viewlink&amp;link_id=113&amp;Itemid=2\" target=\"_blank\" rel=\"noopener noreferrer\">Saint-Martin, Denis <\/a>(University of Montreal)<\/li>\n<li><a href=\"http:\/\/www.eucanet.org\/index.php?option=com_mtree&amp;task=viewlink&amp;link_id=17&amp;Itemid=2\" target=\"_blank\" rel=\"noopener noreferrer\">Schure, Paul<\/a> (University of Victoria)<\/li>\n<li><a href=\"http:\/\/www.eucanet.org\/index.php?option=com_mtree&amp;task=viewlink&amp;link_id=114&amp;Itemid=2\" target=\"_blank\" rel=\"noopener noreferrer\">Sens, Allen <\/a>(University of British Columbia)<\/li>\n<li><a href=\"http:\/\/www.eucanet.org\/index.php?option=com_mtree&amp;task=viewlink&amp;link_id=148&amp;Itemid=2\" target=\"_blank\" rel=\"noopener noreferrer\">Soennecken, Dagmar<\/a> (York University)<\/li>\n<li><a href=\"http:\/\/www.eucanet.org\/index.php?option=com_mtree&amp;task=viewlink&amp;link_id=69&amp;Itemid=2\" target=\"_blank\" rel=\"noopener noreferrer\">Terriff, Terry<\/a> (University of Calgary)<\/li>\n<li><a href=\"http:\/\/www.eucanet.org\/index.php?option=com_mtree&amp;task=viewlink&amp;link_id=93&amp;Itemid=2\" target=\"_blank\" rel=\"noopener noreferrer\">Th\u00e9riault, Barbara<\/a> (University of Montreal)<\/li>\n<li><a title=\"Lori Thorlakson\" href=\"https:\/\/www.ualberta.ca\/arts\/about\/people-collection\/lori-thorlakson\" target=\"_blank\" rel=\"noopener noreferrer\">Thorlakson, Lori<\/a> (University of Alberta)<\/li>\n<li><a href=\"https:\/\/politics.ubc.ca\/persons\/yves-tiberghien\/\">Tiberghien, Yves<\/a> (University of British Columbia)<\/li>\n<li><a href=\"http:\/\/www.eucanet.org\/index.php?option=com_mtree&amp;task=viewlink&amp;link_id=70&amp;Itemid=2\" target=\"_blank\" rel=\"noopener noreferrer\">Triadafilopoulos, Triadafilos<\/a> (University of Toronto)<\/li>\n<li><a href=\"http:\/\/www.eucanet.org\/index.php?option=com_mtree&amp;task=viewlink&amp;link_id=31&amp;Itemid=2\" target=\"_blank\" rel=\"noopener noreferrer\">Ugland, Trygve<\/a> (Bishop\u2019s University)<\/li>\n<li><a href=\"http:\/\/www.eucanet.org\/index.php?option=com_mtree&amp;task=viewlink&amp;link_id=39&amp;Itemid=2\" target=\"_blank\" rel=\"noopener noreferrer\">van den Berg, Axel<\/a> (McGill University)<\/li>\n<li><a href=\"http:\/\/www.eucanet.org\/index.php?option=com_mtree&amp;task=viewlink&amp;link_id=134&amp;Itemid=2\" target=\"_blank\" rel=\"noopener noreferrer\">van Rahden, Till <\/a>(University of Montreal)<\/li>\n<li><a href=\"http:\/\/www2.carleton.ca\/eurus\/faculty-and-staff\/department-faculty\/viju-crina\/\" target=\"_blank\" rel=\"noopener noreferrer\">Viju, Crina<\/a> (Carleton University)<\/li>\n<li><a href=\"http:\/\/www.eucanet.org\/index.php?option=com_mtree&amp;task=viewlink&amp;link_id=40&amp;Itemid=2\" target=\"_blank\" rel=\"noopener noreferrer\">Walters, William<\/a> (Carleton University)<\/li>\n<li><a href=\"http:\/\/www.eucanet.org\/index.php?option=com_mtree&amp;task=viewlink&amp;link_id=72&amp;Itemid=2\" target=\"_blank\" rel=\"noopener noreferrer\">Winter, Elke<\/a> (University of Ottawa)<\/li>\n<li><a href=\"http:\/\/www.eucanet.org\/index.php?option=com_mtree&amp;task=viewlink&amp;link_id=22&amp;Itemid=2\" target=\"_blank\" rel=\"noopener noreferrer\">Wolinetz, Steve<\/a> (Memorial University of Newfoundland)<\/li>\n<li><a title=\"Lyubov Zhyznomirska\" href=\"https:\/\/smu.ca\/academics\/departments\/political-science-lyubov-zhyznomirska.html\" target=\"_blank\" rel=\"noopener noreferrer\">Zhyznomirska, Lyubov<\/a> (Saint Mary\u2019s University)<\/li>\n<li><a href=\"https:\/\/uniweb.uottawa.ca\/members\/782\">Zyla, Benjamin<\/a> (University of Ottawa)<\/li>\n<\/ul>\n<h3>European Collaborators \/ Collaborateurs europ\u00e9ens<\/h3>\n<p><a href=\"https:\/\/carleton.ca\/canadaeurope\/wp-content\/uploads\/CETD-List-of-European-Collaborators.pdf\">View all<\/a><\/p>\n<h3>U.S. Collaborators \/ Collaborateurs am\u00e9ricains<\/h3>\n<p><a href=\"https:\/\/carleton.ca\/canadaeurope\/wp-content\/uploads\/usa-collaborators-bios-2013.pdf\" target=\"_blank\" rel=\"noopener noreferrer\">View all<\/a><\/p>\n<h3>CETD Experts by Research Group:<\/h3>\n<p><a href=\"https:\/\/carleton.ca\/canadaeurope\/wp-content\/uploads\/CETD-experts-by-TRG1.pdf\" target=\"_blank\" rel=\"noopener noreferrer\">View all<\/a><\/p>\n","protected":false},"excerpt":{"rendered":"<p>CETD supports a searchable database of experts on Europe, EUCAnet. Lead Researchers \/ Chercheurs principaux DeBardeleben, Joan (Director) (Carleton University) de Mestral, Armand (McGill University) Huebner, Kurt (University of British Columbia) Jenson, Jane (University of Montreal) M\u00e9rand, Fr\u00e9d\u00e9ric (University of Montreal) Schmidtke, Oliver (University of Victoria) Verdun, Amy (University of Victoria) Weibust, Inger (Carleton University) [&hellip;]<\/p>\n","protected":false},"author":3,"featured_media":0,"parent":0,"menu_order":0,"comment_status":"closed","ping_status":"closed","template":"","meta":{"_relevanssi_hide_post":"","_relevanssi_hide_content":"","_relevanssi_pin_for_all":"","_relevanssi_pin_keywords":"","_relevanssi_unpin_keywords":"","_relevanssi_related_keywords":"","_relevanssi_related_include_ids":"","_relevanssi_related_exclude_ids":"","_relevanssi_related_no_append":"","_relevanssi_related_not_related":"","_relevanssi_related_posts":"","_relevanssi_noindex_reason":"","_mi_skip_tracking":false,"_exactmetrics_sitenote_active":false,"_exactmetrics_sitenote_note":"","_exactmetrics_sitenote_category":0,"footnotes":"","_links_to":"","_links_to_target":""},"yoast_head":"<!-- This site is optimized with the Yoast SEO plugin v21.2 - https:\/\/yoast.com\/wordpress\/plugins\/seo\/ -->\n<title>Our Experts - Canada-Europe Transatlantic Dialogue<\/title>\n<meta name=\"description\" content=\"CETD supports a searchable database of experts on Europe, EUCAnet. Lead Researchers \/ Chercheurs principaux DeBardeleben, Joan (Director) (Carleton\" \/>\n<meta name=\"robots\" content=\"index, follow, max-snippet:-1, max-image-preview:large, max-video-preview:-1\" \/>\n<link rel=\"canonical\" href=\"https:\/\/carleton.ca\/canadaeurope\/our-experts\/\" \/>\n<meta name=\"twitter:label1\" content=\"Est. reading time\" \/>\n\t<meta name=\"twitter:data1\" content=\"2 minutes\" \/>\n<script type=\"application\/ld+json\" class=\"yoast-schema-graph\">{\"@context\":\"https:\/\/schema.org\",\"@graph\":[{\"@type\":\"WebPage\",\"@id\":\"https:\/\/carleton.ca\/canadaeurope\/our-experts\/\",\"url\":\"https:\/\/carleton.ca\/canadaeurope\/our-experts\/\",\"name\":\"Our Experts - Canada-Europe Transatlantic Dialogue\",\"isPartOf\":{\"@id\":\"https:\/\/carleton.ca\/canadaeurope\/#website\"},\"datePublished\":\"2017-04-05T15:17:57+00:00\",\"dateModified\":\"2020-04-06T20:38:14+00:00\",\"description\":\"CETD supports a searchable database of experts on Europe, EUCAnet. Lead Researchers \/ Chercheurs principaux DeBardeleben, Joan (Director) (Carleton\",\"breadcrumb\":{\"@id\":\"https:\/\/carleton.ca\/canadaeurope\/our-experts\/#breadcrumb\"},\"inLanguage\":\"en-US\",\"potentialAction\":[{\"@type\":\"ReadAction\",\"target\":[\"https:\/\/carleton.ca\/canadaeurope\/our-experts\/\"]}]},{\"@type\":\"BreadcrumbList\",\"@id\":\"https:\/\/carleton.ca\/canadaeurope\/our-experts\/#breadcrumb\",\"itemListElement\":[{\"@type\":\"ListItem\",\"position\":1,\"name\":\"Home\",\"item\":\"https:\/\/carleton.ca\/canadaeurope\/\"},{\"@type\":\"ListItem\",\"position\":2,\"name\":\"Our Experts\"}]},{\"@type\":\"WebSite\",\"@id\":\"https:\/\/carleton.ca\/canadaeurope\/#website\",\"url\":\"https:\/\/carleton.ca\/canadaeurope\/\",\"name\":\"Canada-Europe Transatlantic Dialogue\",\"description\":\"Carleton University\",\"potentialAction\":[{\"@type\":\"SearchAction\",\"target\":{\"@type\":\"EntryPoint\",\"urlTemplate\":\"https:\/\/carleton.ca\/canadaeurope\/?s={search_term_string}\"},\"query-input\":\"required name=search_term_string\"}],\"inLanguage\":\"en-US\"}]}<\/script>\n<!-- \/ Yoast SEO plugin. -->","yoast_head_json":{"title":"Our Experts - Canada-Europe Transatlantic Dialogue","description":"CETD supports a searchable database of experts on Europe, EUCAnet. Lead Researchers \/ Chercheurs principaux DeBardeleben, Joan (Director) (Carleton","robots":{"index":"index","follow":"follow","max-snippet":"max-snippet:-1","max-image-preview":"max-image-preview:large","max-video-preview":"max-video-preview:-1"},"canonical":"https:\/\/carleton.ca\/canadaeurope\/our-experts\/","twitter_misc":{"Est. reading time":"2 minutes"},"schema":{"@context":"https:\/\/schema.org","@graph":[{"@type":"WebPage","@id":"https:\/\/carleton.ca\/canadaeurope\/our-experts\/","url":"https:\/\/carleton.ca\/canadaeurope\/our-experts\/","name":"Our Experts - Canada-Europe Transatlantic Dialogue","isPartOf":{"@id":"https:\/\/carleton.ca\/canadaeurope\/#website"},"datePublished":"2017-04-05T15:17:57+00:00","dateModified":"2020-04-06T20:38:14+00:00","description":"CETD supports a searchable database of experts on Europe, EUCAnet. Lead Researchers \/ Chercheurs principaux DeBardeleben, Joan (Director) (Carleton","breadcrumb":{"@id":"https:\/\/carleton.ca\/canadaeurope\/our-experts\/#breadcrumb"},"inLanguage":"en-US","potentialAction":[{"@type":"ReadAction","target":["https:\/\/carleton.ca\/canadaeurope\/our-experts\/"]}]},{"@type":"BreadcrumbList","@id":"https:\/\/carleton.ca\/canadaeurope\/our-experts\/#breadcrumb","itemListElement":[{"@type":"ListItem","position":1,"name":"Home","item":"https:\/\/carleton.ca\/canadaeurope\/"},{"@type":"ListItem","position":2,"name":"Our Experts"}]},{"@type":"WebSite","@id":"https:\/\/carleton.ca\/canadaeurope\/#website","url":"https:\/\/carleton.ca\/canadaeurope\/","name":"Canada-Europe Transatlantic Dialogue","description":"Carleton University","potentialAction":[{"@type":"SearchAction","target":{"@type":"EntryPoint","urlTemplate":"https:\/\/carleton.ca\/canadaeurope\/?s={search_term_string}"},"query-input":"required name=search_term_string"}],"inLanguage":"en-US"}]}},"acf":{"banner_image_type":"none","banner_button":"no"},"_links":{"self":[{"href":"https:\/\/carleton.ca\/canadaeurope\/wp-json\/wp\/v2\/pages\/164"}],"collection":[{"href":"https:\/\/carleton.ca\/canadaeurope\/wp-json\/wp\/v2\/pages"}],"about":[{"href":"https:\/\/carleton.ca\/canadaeurope\/wp-json\/wp\/v2\/types\/page"}],"author":[{"embeddable":true,"href":"https:\/\/carleton.ca\/canadaeurope\/wp-json\/wp\/v2\/users\/3"}],"replies":[{"embeddable":true,"href":"https:\/\/carleton.ca\/canadaeurope\/wp-json\/wp\/v2\/comments?post=164"}],"version-history":[{"count":4,"href":"https:\/\/carleton.ca\/canadaeurope\/wp-json\/wp\/v2\/pages\/164\/revisions"}],"predecessor-version":[{"id":3871,"href":"https:\/\/carleton.ca\/canadaeurope\/wp-json\/wp\/v2\/pages\/164\/revisions\/3871"}],"wp:attachment":[{"href":"https:\/\/carleton.ca\/canadaeurope\/wp-json\/wp\/v2\/media?parent=164"}],"curies":[{"name":"wp","href":"https:\/\/api.w.org\/{rel}","templated":true}]}}