{"id":170,"date":"2017-04-24T14:51:05","date_gmt":"2017-04-24T18:51:05","guid":{"rendered":"https:\/\/carleton.ca\/canadaeurope\/?page_id=170"},"modified":"2018-03-01T11:28:52","modified_gmt":"2018-03-01T16:28:52","slug":"publications","status":"publish","type":"page","link":"https:\/\/carleton.ca\/canadaeurope\/publications\/","title":{"rendered":"Publications"},"content":{"rendered":"<p>Canada-Europe Transatlantic Dialogue maintains a Policy Publication Library.\u00a0 See publication guidelines <a title=\"CETD Publication Guidelines\" href=\"https:\/\/carleton.ca\/canadaeurope\/wp-content\/uploads\/2014-GuidelinesToContributors-CETD-PolicyBriefSeries.pdf\" target=\"_blank\" rel=\"noopener noreferrer\">here<\/a>. For the <strong>Review of European and Russian Affairs (RERA)<\/strong> please click <a href=\"https:\/\/carleton.ca\/eurus\/publications\/rera-journal\/\">here<\/a>.<\/p>\n<h2>Browse by Research Theme<\/h2>\n<p>View publications thematically. Each broad theme corresponds to the focus of one of the Canada-Europe Transatlantic Dialogue\u2019s five <a href=\"https:\/\/carleton.ca\/canadaeurope\/research-groups\/\">research groups<\/a>.<\/p>\n<p>Publications are listed chronologically within each category.<\/p>\n<table style=\"width: 100%;\">\n<tbody>\n<tr>\n<td style=\"width: 157px;\">\n<p style=\"text-align: center;\"><a href=\"https:\/\/carleton.ca\/canadaeurope\/publications-global-actors-theme\/\">EU &amp; Canada as Global Actors<\/a><\/p>\n<\/td>\n<td style=\"width: 101px; text-align: center;\"><a href=\"https:\/\/carleton.ca\/canadaeurope\/publications-economy-law\/\">Economy &amp; Law<\/a><\/td>\n<td style=\"width: 143px; text-align: center;\"><a href=\"https:\/\/carleton.ca\/canadaeurope\/publications-environment-and-sustainable-development\/\">Environment &amp; Sustainable Development<\/a><\/td>\n<td style=\"width: 86px; text-align: center;\"><a href=\"https:\/\/carleton.ca\/canadaeurope\/publications-immigration-and-social-policy\/\">Immigration &amp; Social Policy<\/a><\/td>\n<td style=\"width: 91px; text-align: center;\"><a href=\"https:\/\/carleton.ca\/canadaeurope\/publications-democracy-governance\/\">Democracy &amp; Governance<\/a><\/td>\n<\/tr>\n<\/tbody>\n<\/table>\n<h2>Browse by Publication Type<\/h2>\n<p>The CETD publishes the work of our scholars in a variety of formats. These include short <a href=\"https:\/\/carleton.ca\/canadaeurope\/publications\/#policy_briefs\">policy briefs<\/a>, <a href=\"https:\/\/carleton.ca\/canadaeurope\/publications\/#Commentaries\">commentaries<\/a>,\u00a0longer and more detailed <a href=\"https:\/\/carleton.ca\/canadaeurope\/publications\/#Policy_Papers\">policy papers<\/a>, and <a href=\"https:\/\/carleton.ca\/canadaeurope\/publications\/#conference_research_reports\">conference and research reports<\/a>. CETD also provides links to <a href=\"https:\/\/carleton.ca\/canadaeurope\/publications\/#external_publications\">external publications by CETD experts<\/a>.<\/p>\n<h3><a id=\"policy_briefs\"><\/a>Policy Briefs<\/h3>\n<section class=\"content-wrapper content-wrapper--shortcode\"><div class=\"u-post-reload\"><div class=\"news news--archive u-width-limited\"><a class=\"news__link  news__link--archive\" href=\"https:\/\/carleton.ca\/canadaeurope\/2018\/german-approach-to-market-regulation-and-multilevel-governance\/\"><p class=\"news__date news__date--archive\">Monday, December 10, 2018<\/p><h3 class=\"news__heading u-hide-in-toc news__heading--archive\" rel=\"bookmark\">Policy Brief on German Approach to Market Regulation and Multilevel Governance by Arthur Benz TU Darmstadt<\/h3><p class=\"news__excerpt news__excerpt--archive\">The Jean Monnet Network on EU-Canada Relations published three policy briefs from the Clean Energy and Climate Change Policy Workshop with the most recent written by Arthur Benz, Technische Universit\u00e4t Darmstadt, Market Regulation and Multilevel Governance: The German Approach to Promote Green Energy. Read two earlier energy policy briefs... <span class=\"news__more-link\">More<\/span><\/p><\/a><\/div><div class=\"news news--archive u-width-limited\"><a class=\"news__link  news__link--archive\" href=\"https:\/\/carleton.ca\/canadaeurope\/2018\/policy-brief-resilience-eu-trade-policy-jean-monnet-network-partner\/\"><p class=\"news__date news__date--archive\">Friday, May 18, 2018<\/p><h3 class=\"news__heading u-hide-in-toc news__heading--archive\" rel=\"bookmark\">Policy Brief: Resilience of EU Trade Policy by Jean Monnet Network Partner<\/h3><p class=\"news__excerpt news__excerpt--archive\">Read the new issue of College of Europe Policy Brief Series, written by Dirk De Bi\u00e8vre (University of Antwerp), Sieglinde Gst\u00f6hl (College of Europe) and Emile Van Ommeren (University of Antwerp), which provides an explanation for the resilience of EU trade policy in the face of NGO contestation and seeming national parliamentary blockade.... <span class=\"news__more-link\">More<\/span><\/p><\/a><\/div><div class=\"news news--archive u-width-limited\"><a class=\"news__link  news__link--archive\" href=\"https:\/\/carleton.ca\/canadaeurope\/2017\/policy-brief-the-great-powers-have-their-ways-by-sven-biscop\/\"><p class=\"news__date news__date--archive\">Friday, December 15, 2017<\/p><h3 class=\"news__heading u-hide-in-toc news__heading--archive\" rel=\"bookmark\">Policy Brief: &#8220;The Great Powers Have Their Ways,&#8221; by Sven Biscop<\/h3><p class=\"news__excerpt news__excerpt--archive\">Read the policy brief, &quot;The Great Powers Have Their Ways,&quot; by CETD Associate, Sven Biscop of the Royal Egmont Institute (Brussels, Belgium). &quot;How will the great powers behave? That is what determines the future world order \u2013 or the absence of order. Could it be that China and the EU have found an alternative... <span class=\"news__more-link\">More<\/span><\/p><\/a><\/div><\/div><div class=\"button button--news button--more\"><a class=\"load-more button__red button__red--outline\"\n\t\t\t\tdata-numposts=\"3\"\n\t\t\t\tdata-offset=\"3\"\n\t\t\t\tdata-selector=\"blog\" data-catid=\"20,38\"\n\t\t\t\tdata-nonce=\"caa00dbea2\"\n\t\t\t\tdata-thumbnail=\"false\">Load More &rarr;<\/a><\/div><\/section>\n<p><a href=\"#top\">Return to top<\/a><\/p>\n<h3><a id=\"Commentaries\"><\/a>Commentaries<\/h3>\n<section class=\"content-wrapper content-wrapper--shortcode\"><div class=\"u-post-reload\"><div class=\"news news--archive u-width-limited\"><a class=\"news__link  news__link--archive\" href=\"https:\/\/carleton.ca\/canadaeurope\/2014\/article-juncker-commission-faces-euroscepticism-frederic-merand\/\"><p class=\"news__date news__date--archive\">Friday, December 5, 2014<\/p><h3 class=\"news__heading u-hide-in-toc news__heading--archive\" rel=\"bookmark\">Article: &#8220;The Juncker Commission Faces Euroscepticism&#8221; by Fr\u00e9d\u00e9ric M\u00e9rand<\/h3><p class=\"news__excerpt news__excerpt--archive\">In this commentary, Dr. Fr\u00e9d\u00e9ric M\u00e9rand observes the rise of euroscepticism, exploring how anti-EU grievances may be gaining political traction with the election of the Juncker Commission. &quot;The Juncker Commission Faces Euroscepticism,&quot; December 2014 (ENGLISH VERSION) &quot;The Juncker Commission Faces Euroscepticism,&quot; December 2014 (FRENCH VERSION)... <span class=\"news__more-link\">More<\/span><\/p><\/a><\/div><div class=\"news news--archive u-width-limited\"><a class=\"news__link  news__link--archive\" href=\"https:\/\/carleton.ca\/canadaeurope\/2013\/commentary-governing-social-policy-in-multi-level-systems-emerging-literature-and-critiques-of-social-policy-in-the-eu-and-canada-by-ivan-f-dumka-2\/\"><p class=\"news__date news__date--archive\">Tuesday, September 3, 2013<\/p><h3 class=\"news__heading u-hide-in-toc news__heading--archive\" rel=\"bookmark\">Commentary: &#8220;Governing Social Policy in Multi-Level Systems: Emerging Literature (and Critiques) of Social Policy in the EU and Canada&#8221; by Ivan F Dumka<\/h3><p class=\"news__excerpt news__excerpt--archive\">Commentary (September 2013) by Ivan F Dumka, CETD intern and PhD candidate, Department of Political Science, University of Victoria This contribution is intended to synthesize the findings of research undertaken in Canadian Public Administration, June 2013, Volume 56 No 2, entitled \u201cComparing Modes of Governance in Canada and the EU: Social... <span class=\"news__more-link\">More<\/span><\/p><\/a><\/div><div class=\"news news--archive u-width-limited\"><a class=\"news__link  news__link--archive\" href=\"https:\/\/carleton.ca\/canadaeurope\/2013\/commentary-and-literature-review-the-europeanization-of-the-intersectional-approach-to-combating-discrimination-debates-policies-and-institutional-changes\/\"><p class=\"news__date news__date--archive\">Monday, August 19, 2013<\/p><h3 class=\"news__heading u-hide-in-toc news__heading--archive\" rel=\"bookmark\">Commentary and Literature Review: &#8220;The Europeanization of the Intersectional Approach to Combating Discrimination: Debates, Policies and Institutional Changes&#8221; by Kaisa Vuoristo<\/h3><p class=\"news__excerpt news__excerpt--archive\">Commentary and Literature Review (August 2013) By Kaisa Vuoristo,\u00a0PhD candidate (joint degree), Universit\u00e9 de Montr\u00e9al and \u00c9cole Normale Sup\u00e9rieure de Cachan, France. The concept of intersectionality has been described as one of the most important theoretical insights of the Women\u2019s Studies literature (McCall 2005, 1771). Although this... <span class=\"news__more-link\">More<\/span><\/p><\/a><\/div><\/div><div class=\"button button--news button--more\"><a class=\"load-more button__red button__red--outline\"\n\t\t\t\tdata-numposts=\"3\"\n\t\t\t\tdata-offset=\"3\"\n\t\t\t\tdata-selector=\"blog\" data-catid=\"22,21\"\n\t\t\t\tdata-nonce=\"caa00dbea2\"\n\t\t\t\tdata-thumbnail=\"false\">Load More &rarr;<\/a><\/div><\/section>\n<p><a href=\"#top\">Return to top<\/a><\/p>\n<h3><a id=\"Policy_Papers\"><\/a>Policy Papers<\/h3>\n<section class=\"content-wrapper content-wrapper--shortcode\"><div class=\"u-post-reload\"><div class=\"news news--archive u-width-limited\"><a class=\"news__link  news__link--archive\" href=\"https:\/\/carleton.ca\/canadaeurope\/2015\/working-policy-paper-the-canadian-politics-of-fair-share-during-natos-formative-years-by-dominika-kunertova\/\"><p class=\"news__date news__date--archive\">Thursday, April 23, 2015<\/p><h3 class=\"news__heading u-hide-in-toc news__heading--archive\" rel=\"bookmark\">Working policy paper: &#8220;The Canadian Politics of Fair-Share during NATO&#8217;s Formative Years&#8221; by Dominika Kunertova<\/h3><p class=\"news__excerpt news__excerpt--archive\">Working paper (April 2015) by Dominika Kunertova, PhD candidate at Universit\u00e9 de Montr\u00e9al The North Atlantic Treaty Organization (NATO) connects the two sides of the Atlantic Ocean by providing Canada, the United States, and Europe with a common defence framework. In the field of defence and security, the burden-sharing problem of distributing... <span class=\"news__more-link\">More<\/span><\/p><\/a><\/div><div class=\"news news--archive u-width-limited\"><a class=\"news__link  news__link--archive\" href=\"https:\/\/carleton.ca\/canadaeurope\/2015\/policy-paper-social-policy-coordination-in-canada-learning-from-the-eu-by-bart-vanhercke\/\"><p class=\"news__date news__date--archive\">Wednesday, April 8, 2015<\/p><h3 class=\"news__heading u-hide-in-toc news__heading--archive\" rel=\"bookmark\">Policy Paper: &#8220;Social policy coordination in Canada: learning from the EU&#8221; by Bart Vanhercke<\/h3><p class=\"news__excerpt news__excerpt--archive\">Policy Paper (April 2015) By Bart Vanhercke (European Social Observatory) and Madeleine Read (Brigham Young University) This policy paper (a) explores the reasons that people should consider the parallels between Canada and the European Union, (b) describes the instruments of the Open Method of Coordination and what lessons Canada might be able to... <span class=\"news__more-link\">More<\/span><\/p><\/a><\/div><div class=\"news news--archive u-width-limited\"><a class=\"news__link  news__link--archive\" href=\"https:\/\/carleton.ca\/canadaeurope\/2015\/la-reponse-de-lue-au-printemps-arabe-quelles-lecons-pour-le-canada-par-chantal-lavallee\/\"><p class=\"news__date news__date--archive\">Tuesday, February 10, 2015<\/p><h3 class=\"news__heading u-hide-in-toc news__heading--archive\" rel=\"bookmark\">Policy Paper: &#8220;La r\u00e9ponse de l\u2019UE au printemps arabe, quelles le\u00e7ons pour le Canada?&#8221; par Chantal Lavall\u00e9e<\/h3><p class=\"news__excerpt news__excerpt--archive\">Document contextuelle (F\u00e9vrier 2015) par Chantal Lavall\u00e9e, chercheuse invit\u00e9e au Centre d&#039;excellence sur l&#039;Union europ\u00e9enne de l\u2019Universit\u00e9 de Montr\u00e9al\/McGill University Contexte: Au d\u00e9but de l\u2019ann\u00e9e 2011, des manifestations sans pr\u00e9c\u00e9dent en Tunisie et en \u00c9gypte m\u00e8nent \u00e0 l\u2019exil du pr\u00e9sident tunisien Ben Ali et \u00e0 la d\u00e9mission... <span class=\"news__more-link\">More<\/span><\/p><\/a><\/div><\/div><div class=\"button button--news button--more\"><a class=\"load-more button__red button__red--outline\"\n\t\t\t\tdata-numposts=\"3\"\n\t\t\t\tdata-offset=\"3\"\n\t\t\t\tdata-selector=\"blog\" data-catid=\"30\"\n\t\t\t\tdata-nonce=\"caa00dbea2\"\n\t\t\t\tdata-thumbnail=\"false\">Load More &rarr;<\/a><\/div><\/section>\n<p><a href=\"#top\">Return to top<\/a><\/p>\n<h3><a id=\"conference_research_reports\"><\/a>Conference &amp; Research Reports<\/h3>\n<section class=\"content-wrapper content-wrapper--shortcode\"><div class=\"u-post-reload\"><div class=\"news news--archive u-width-limited\"><a class=\"news__link  news__link--archive\" href=\"https:\/\/carleton.ca\/canadaeurope\/2018\/research-report-a-comparative-assessment-of-electronic-voting-by-j-h-pammett-j-debardeleben\/\"><p class=\"news__date news__date--archive\">Thursday, March 15, 2018<\/p><h3 class=\"news__heading u-hide-in-toc news__heading--archive\" rel=\"bookmark\">Research Report &#8220;A Comparative Assessment of Electronic Voting&#8221; by J.H. Pammett, J. DeBardeleben<\/h3><p class=\"news__excerpt news__excerpt--archive\">Research Report: &quot;A Comparative Assessment of Electronic Voting,&quot; by J.H. Pammett, J. DeBardeleben, with research assistance from\u00a0J. Freeland\u00a0(February 2010) (PDF) February 2010, Pammet and... <span class=\"news__more-link\">More<\/span><\/p><\/a><\/div><div class=\"news news--archive u-width-limited\"><a class=\"news__link  news__link--archive\" href=\"https:\/\/carleton.ca\/canadaeurope\/2017\/report-canada-europe-face-21st-century-policy-challenges-convergence-divergence\/\"><p class=\"news__date news__date--archive\">Wednesday, March 29, 2017<\/p><h3 class=\"news__heading u-hide-in-toc news__heading--archive\" rel=\"bookmark\">Report: Canada and Europe Face 21st Century Policy Challenges: Convergence or Divergence?<\/h3><p class=\"news__excerpt news__excerpt--archive\">The\u00a0Canada-Europe Transatlantic Dialogue\u00a0(CETD) is pleased to present the project\u2019s capstone publication, Canada and Europe Face 21st Century Policy Challenges: Convergence or Divergence? This publication provides an overview of key conclusions from research work carried out by scholars associated with CETD since the project was initiated in... <span class=\"news__more-link\">More<\/span><\/p><\/a><\/div><div class=\"news news--archive u-width-limited\"><a class=\"news__link  news__link--archive\" href=\"https:\/\/carleton.ca\/canadaeurope\/2016\/canada-europe-conference-report\/\"><p class=\"news__date news__date--archive\">Wednesday, May 18, 2016<\/p><h3 class=\"news__heading u-hide-in-toc news__heading--archive\" rel=\"bookmark\">&#8220;Canada and Europe: Converging or Diverging Responses to International and Domestic Challenges?&#8221; Conference Report<\/h3><p class=\"news__excerpt news__excerpt--archive\">The Canada-Europe Transatlantic Dialogue organized a conference and produced a series of publications integrating major Europe-Canada events over the past seven years. On March 10-11, 2016, CETD held a major international conference featuring leading\u00a0scholars from across Canada and Europe who reflected on developments over the last decade and... <span class=\"news__more-link\">More<\/span><\/p><\/a><\/div><\/div><div class=\"button button--news button--more\"><a class=\"load-more button__red button__red--outline\"\n\t\t\t\tdata-numposts=\"3\"\n\t\t\t\tdata-offset=\"3\"\n\t\t\t\tdata-selector=\"blog\" data-catid=\"31\"\n\t\t\t\tdata-nonce=\"caa00dbea2\"\n\t\t\t\tdata-thumbnail=\"false\">Load More &rarr;<\/a><\/div><\/section>\n<p><a href=\"#top\">Return to top<\/a><\/p>\n<h3><a id=\"external_publications\"><\/a>External Publications by CETD Experts<\/h3>\n<section class=\"content-wrapper content-wrapper--shortcode\"><div class=\"u-post-reload\"><div class=\"news news--archive u-width-limited\"><a class=\"news__link  news__link--archive\" href=\"https:\/\/carleton.ca\/canadaeurope\/2020\/special-issue-new-opportunities-for-the-eu-canada-strategic-partnership\/\"><p class=\"news__date news__date--archive\">Thursday, March 26, 2020<\/p><h3 class=\"news__heading u-hide-in-toc news__heading--archive\" rel=\"bookmark\">Special Issue: &#8220;New Opportunities for the EU-Canada Strategic Partnership&#8221;<\/h3><p class=\"news__excerpt news__excerpt--archive\">The Canada Europe Transatlantic Dialogue is pleased to share a special issue of the Australia New Zealand Journal of European Studies, &quot;New Opportunities for the EU-Canada Strategic Partnership.&quot; This special issue, edited by Jean Monnet Network Scholars Mich\u00e8le Knodt (Technical University Darmstadt) and Natalia Chaban (University of Canterbury),... <span class=\"news__more-link\">More<\/span><\/p><\/a><\/div><div class=\"news news--archive u-width-limited\"><a class=\"news__link  news__link--archive\" href=\"https:\/\/carleton.ca\/canadaeurope\/2017\/policy-brief-the-great-powers-have-their-ways-by-sven-biscop\/\"><p class=\"news__date news__date--archive\">Friday, December 15, 2017<\/p><h3 class=\"news__heading u-hide-in-toc news__heading--archive\" rel=\"bookmark\">Policy Brief: &#8220;The Great Powers Have Their Ways,&#8221; by Sven Biscop<\/h3><p class=\"news__excerpt news__excerpt--archive\">Read the policy brief, &quot;The Great Powers Have Their Ways,&quot; by CETD Associate, Sven Biscop of the Royal Egmont Institute (Brussels, Belgium). &quot;How will the great powers behave? That is what determines the future world order \u2013 or the absence of order. Could it be that China and the EU have found an alternative... <span class=\"news__more-link\">More<\/span><\/p><\/a><\/div><div class=\"news news--archive u-width-limited\"><a class=\"news__link  news__link--archive\" href=\"https:\/\/carleton.ca\/canadaeurope\/2015\/lead-cetd-researcher-oliver-schmidtke-launches-new-book-on-migrants-and-the-labour-market\/\"><p class=\"news__date news__date--archive\">Thursday, January 15, 2015<\/p><h3 class=\"news__heading u-hide-in-toc news__heading--archive\" rel=\"bookmark\">Lead CETD researcher Oliver Schmidtke launches new book on migrants and the labour market!<\/h3><p class=\"news__excerpt news__excerpt--archive\">CETD lead researcher, Dr. Oliver Schmidtke (University of Victoria) has co-authored a new book: Work in Transition: Cultural Capital and Highly Skilled Migrants&#039; Passages into the Labour Market More information on the book, published by the University of Toronto Press, is available here. Congrats, Prof.... <span class=\"news__more-link\">More<\/span><\/p><\/a><\/div><\/div><div class=\"button button--news button--more\"><a class=\"load-more button__red button__red--outline\"\n\t\t\t\tdata-numposts=\"3\"\n\t\t\t\tdata-offset=\"3\"\n\t\t\t\tdata-selector=\"blog\" data-catid=\"32\"\n\t\t\t\tdata-nonce=\"caa00dbea2\"\n\t\t\t\tdata-thumbnail=\"false\">Load More &rarr;<\/a><\/div><\/section>\n<p><a href=\"#top\">Return to top<\/a><\/p>\n","protected":false},"excerpt":{"rendered":"<p>Canada-Europe Transatlantic Dialogue maintains a Policy Publication Library.\u00a0 See publication guidelines here. For the Review of European and Russian Affairs (RERA) please click here. Browse by Research Theme View publications thematically. Each broad theme corresponds to the focus of one of the Canada-Europe Transatlantic Dialogue\u2019s five research groups. Publications are listed chronologically within each category. [&hellip;]<\/p>\n","protected":false},"author":3,"featured_media":0,"parent":0,"menu_order":0,"comment_status":"closed","ping_status":"closed","template":"","meta":{"_relevanssi_hide_post":"","_relevanssi_hide_content":"","_relevanssi_pin_for_all":"","_relevanssi_pin_keywords":"","_relevanssi_unpin_keywords":"","_relevanssi_related_keywords":"","_relevanssi_related_include_ids":"","_relevanssi_related_exclude_ids":"","_relevanssi_related_no_append":"","_relevanssi_related_not_related":"","_relevanssi_related_posts":"","_relevanssi_noindex_reason":"","_mi_skip_tracking":false,"_exactmetrics_sitenote_active":false,"_exactmetrics_sitenote_note":"","_exactmetrics_sitenote_category":0,"footnotes":"","_links_to":"","_links_to_target":""},"yoast_head":"<!-- This site is optimized with the Yoast SEO plugin v21.2 - https:\/\/yoast.com\/wordpress\/plugins\/seo\/ -->\n<title>Publications - Canada-Europe Transatlantic Dialogue<\/title>\n<meta name=\"description\" content=\"Canada-Europe Transatlantic Dialogue maintains a Policy Publication Library.\u00a0 See publication guidelines here. For the Review of European and Russian\" \/>\n<meta name=\"robots\" content=\"index, follow, max-snippet:-1, max-image-preview:large, max-video-preview:-1\" \/>\n<link rel=\"canonical\" href=\"https:\/\/carleton.ca\/canadaeurope\/publications\/\" \/>\n<meta name=\"twitter:label1\" content=\"Est. reading time\" \/>\n\t<meta name=\"twitter:data1\" content=\"5 minutes\" \/>\n<script type=\"application\/ld+json\" class=\"yoast-schema-graph\">{\"@context\":\"https:\/\/schema.org\",\"@graph\":[{\"@type\":\"WebPage\",\"@id\":\"https:\/\/carleton.ca\/canadaeurope\/publications\/\",\"url\":\"https:\/\/carleton.ca\/canadaeurope\/publications\/\",\"name\":\"Publications - Canada-Europe Transatlantic Dialogue\",\"isPartOf\":{\"@id\":\"https:\/\/carleton.ca\/canadaeurope\/#website\"},\"datePublished\":\"2017-04-24T18:51:05+00:00\",\"dateModified\":\"2018-03-01T16:28:52+00:00\",\"description\":\"Canada-Europe Transatlantic Dialogue maintains a Policy Publication Library.\u00a0 See publication guidelines here. For the Review of European and Russian\",\"breadcrumb\":{\"@id\":\"https:\/\/carleton.ca\/canadaeurope\/publications\/#breadcrumb\"},\"inLanguage\":\"en-US\",\"potentialAction\":[{\"@type\":\"ReadAction\",\"target\":[\"https:\/\/carleton.ca\/canadaeurope\/publications\/\"]}]},{\"@type\":\"BreadcrumbList\",\"@id\":\"https:\/\/carleton.ca\/canadaeurope\/publications\/#breadcrumb\",\"itemListElement\":[{\"@type\":\"ListItem\",\"position\":1,\"name\":\"Home\",\"item\":\"https:\/\/carleton.ca\/canadaeurope\/\"},{\"@type\":\"ListItem\",\"position\":2,\"name\":\"Publications\"}]},{\"@type\":\"WebSite\",\"@id\":\"https:\/\/carleton.ca\/canadaeurope\/#website\",\"url\":\"https:\/\/carleton.ca\/canadaeurope\/\",\"name\":\"Canada-Europe Transatlantic Dialogue\",\"description\":\"Carleton University\",\"potentialAction\":[{\"@type\":\"SearchAction\",\"target\":{\"@type\":\"EntryPoint\",\"urlTemplate\":\"https:\/\/carleton.ca\/canadaeurope\/?s={search_term_string}\"},\"query-input\":\"required name=search_term_string\"}],\"inLanguage\":\"en-US\"}]}<\/script>\n<!-- \/ Yoast SEO plugin. -->","yoast_head_json":{"title":"Publications - Canada-Europe Transatlantic Dialogue","description":"Canada-Europe Transatlantic Dialogue maintains a Policy Publication Library.\u00a0 See publication guidelines here. For the Review of European and Russian","robots":{"index":"index","follow":"follow","max-snippet":"max-snippet:-1","max-image-preview":"max-image-preview:large","max-video-preview":"max-video-preview:-1"},"canonical":"https:\/\/carleton.ca\/canadaeurope\/publications\/","twitter_misc":{"Est. reading time":"5 minutes"},"schema":{"@context":"https:\/\/schema.org","@graph":[{"@type":"WebPage","@id":"https:\/\/carleton.ca\/canadaeurope\/publications\/","url":"https:\/\/carleton.ca\/canadaeurope\/publications\/","name":"Publications - Canada-Europe Transatlantic Dialogue","isPartOf":{"@id":"https:\/\/carleton.ca\/canadaeurope\/#website"},"datePublished":"2017-04-24T18:51:05+00:00","dateModified":"2018-03-01T16:28:52+00:00","description":"Canada-Europe Transatlantic Dialogue maintains a Policy Publication Library.\u00a0 See publication guidelines here. For the Review of European and Russian","breadcrumb":{"@id":"https:\/\/carleton.ca\/canadaeurope\/publications\/#breadcrumb"},"inLanguage":"en-US","potentialAction":[{"@type":"ReadAction","target":["https:\/\/carleton.ca\/canadaeurope\/publications\/"]}]},{"@type":"BreadcrumbList","@id":"https:\/\/carleton.ca\/canadaeurope\/publications\/#breadcrumb","itemListElement":[{"@type":"ListItem","position":1,"name":"Home","item":"https:\/\/carleton.ca\/canadaeurope\/"},{"@type":"ListItem","position":2,"name":"Publications"}]},{"@type":"WebSite","@id":"https:\/\/carleton.ca\/canadaeurope\/#website","url":"https:\/\/carleton.ca\/canadaeurope\/","name":"Canada-Europe Transatlantic Dialogue","description":"Carleton University","potentialAction":[{"@type":"SearchAction","target":{"@type":"EntryPoint","urlTemplate":"https:\/\/carleton.ca\/canadaeurope\/?s={search_term_string}"},"query-input":"required name=search_term_string"}],"inLanguage":"en-US"}]}},"acf":{"banner_image_type":"none"},"_links":{"self":[{"href":"https:\/\/carleton.ca\/canadaeurope\/wp-json\/wp\/v2\/pages\/170"}],"collection":[{"href":"https:\/\/carleton.ca\/canadaeurope\/wp-json\/wp\/v2\/pages"}],"about":[{"href":"https:\/\/carleton.ca\/canadaeurope\/wp-json\/wp\/v2\/types\/page"}],"author":[{"embeddable":true,"href":"https:\/\/carleton.ca\/canadaeurope\/wp-json\/wp\/v2\/users\/3"}],"replies":[{"embeddable":true,"href":"https:\/\/carleton.ca\/canadaeurope\/wp-json\/wp\/v2\/comments?post=170"}],"version-history":[{"count":4,"href":"https:\/\/carleton.ca\/canadaeurope\/wp-json\/wp\/v2\/pages\/170\/revisions"}],"predecessor-version":[{"id":3608,"href":"https:\/\/carleton.ca\/canadaeurope\/wp-json\/wp\/v2\/pages\/170\/revisions\/3608"}],"wp:attachment":[{"href":"https:\/\/carleton.ca\/canadaeurope\/wp-json\/wp\/v2\/media?parent=170"}],"curies":[{"name":"wp","href":"https:\/\/api.w.org\/{rel}","templated":true}]}}