{"id":305,"date":"2017-11-16T12:28:26","date_gmt":"2017-11-16T17:28:26","guid":{"rendered":"https:\/\/carleton.ca\/caneunet\/?page_id=305"},"modified":"2022-04-06T09:16:59","modified_gmt":"2022-04-06T13:16:59","slug":"network-team-by-module","status":"publish","type":"page","link":"https:\/\/carleton.ca\/caneunet\/all-researchers-staff\/network-team-by-module\/","title":{"rendered":"Network Team by Research Module"},"content":{"rendered":"<p><strong>MODULE 1: EU-Canada cooperation in relation to key foreign policy and security challenges<\/strong><\/p>\n<p>DeBardeleben, Joan (Carleton University), Network Coordinator &amp; Co-leader Module 1<br \/>\nKnodt, Mich\u00e8le (TU Darmstadt), Co-leader Module 1<br \/>\nRostoks, Toms (University of Latvia), Co-leader Module 1<br \/>\nBursens, Peter (University of Antwerp)<br \/>\nVerdun, Amy (University of Victoria)<br \/>\nMusu, Costanza (University of Ottawa)<br \/>\nSchmidtke, Oliver (University of Victoria)<br \/>\nZaotti, Ruben (Dalhousie University)<\/p>\n<p><strong>MODULE 2: CETA, trade agreements, and economic cooperation (EU-Canada)<\/strong><\/p>\n<p>De Bi\u00e8vre, Dirk (University of Antwerp), Co-leader Module 2<br \/>\nLeblond, Patrick (University of Ottawa), Co-leader Module 2<br \/>\nViju-Miljusevic, Crina (Carleton University), Co-leader Module 2<br \/>\nMuravska, Tatjana (University of Latvia)<br \/>\nConcei\u00e7\u0101o-Heldt, Eug\u00e9nia (TU Munich)<br \/>\nde Mestral, Armand (McGill University)<br \/>\nH\u00fcbner, Kurt (University of British Columbia)<br \/>\nStacenko, Sergejs (University of Latvia)<br \/>\nVerdun, Amy (University of Victoria)<br \/>\nZeibote, Zane (University of Latvia)<\/p>\n<p><strong>MODULE 3: Climate change and energy policy (EU-Canada)<\/strong><\/p>\n<p>Schreurs, Miranda (TU Munich), Co-leader Module 3<br \/>\nSchott, Stephan (Carleton University), Co-leader Module 3<br \/>\nBenz, Arthur (TU Darmstadt)<br \/>\nKnodt, Mich\u00e8le (TU Darmstadt)<br \/>\nH\u00fcbner, Kurt (University of British Columbia)<br \/>\nWeibust, Inger (Carleton University)<\/p>\n<p><\/p>\n","protected":false},"excerpt":{"rendered":"<p>MODULE 1: EU-Canada cooperation in relation to key foreign policy and security challenges DeBardeleben, Joan (Carleton University), Network Coordinator &amp; Co-leader Module 1 Knodt, Mich\u00e8le (TU Darmstadt), Co-leader Module 1 Rostoks, Toms (University of Latvia), Co-leader Module 1 Bursens, Peter (University of Antwerp) Verdun, Amy (University of Victoria) Musu, Costanza (University of Ottawa) Schmidtke, Oliver [&hellip;]<\/p>\n","protected":false},"author":7,"featured_media":0,"parent":251,"menu_order":1,"comment_status":"closed","ping_status":"closed","template":"","meta":{"_relevanssi_hide_post":"","_relevanssi_hide_content":"","_relevanssi_pin_for_all":"","_relevanssi_pin_keywords":"","_relevanssi_unpin_keywords":"","_relevanssi_related_keywords":"","_relevanssi_related_include_ids":"","_relevanssi_related_exclude_ids":"","_relevanssi_related_no_append":"","_relevanssi_related_not_related":"","_relevanssi_related_posts":"","_relevanssi_noindex_reason":"","_mi_skip_tracking":false,"_exactmetrics_sitenote_active":false,"_exactmetrics_sitenote_note":"","_exactmetrics_sitenote_category":0,"footnotes":"","_links_to":"","_links_to_target":""},"yoast_head":"<!-- This site is optimized with the Yoast SEO plugin v21.2 - https:\/\/yoast.com\/wordpress\/plugins\/seo\/ -->\n<title>Network Team by Research Module - caneunet<\/title>\n<meta name=\"description\" content=\"MODULE 1: EU-Canada cooperation in relation to key foreign policy and security challenges DeBardeleben, Joan (Carleton University), Network\" \/>\n<meta name=\"robots\" content=\"index, follow, max-snippet:-1, max-image-preview:large, max-video-preview:-1\" \/>\n<link rel=\"canonical\" href=\"https:\/\/carleton.ca\/caneunet\/all-researchers-staff\/network-team-by-module\/\" \/>\n<meta name=\"twitter:label1\" content=\"Est. reading time\" \/>\n\t<meta name=\"twitter:data1\" content=\"1 minute\" \/>\n<script type=\"application\/ld+json\" class=\"yoast-schema-graph\">{\"@context\":\"https:\/\/schema.org\",\"@graph\":[{\"@type\":\"WebPage\",\"@id\":\"https:\/\/carleton.ca\/caneunet\/all-researchers-staff\/network-team-by-module\/\",\"url\":\"https:\/\/carleton.ca\/caneunet\/all-researchers-staff\/network-team-by-module\/\",\"name\":\"Network Team by Research Module - caneunet\",\"isPartOf\":{\"@id\":\"https:\/\/carleton.ca\/caneunet\/#website\"},\"datePublished\":\"2017-11-16T17:28:26+00:00\",\"dateModified\":\"2022-04-06T13:16:59+00:00\",\"description\":\"MODULE 1: EU-Canada cooperation in relation to key foreign policy and security challenges DeBardeleben, Joan (Carleton University), Network\",\"breadcrumb\":{\"@id\":\"https:\/\/carleton.ca\/caneunet\/all-researchers-staff\/network-team-by-module\/#breadcrumb\"},\"inLanguage\":\"en-US\",\"potentialAction\":[{\"@type\":\"ReadAction\",\"target\":[\"https:\/\/carleton.ca\/caneunet\/all-researchers-staff\/network-team-by-module\/\"]}]},{\"@type\":\"BreadcrumbList\",\"@id\":\"https:\/\/carleton.ca\/caneunet\/all-researchers-staff\/network-team-by-module\/#breadcrumb\",\"itemListElement\":[{\"@type\":\"ListItem\",\"position\":1,\"name\":\"Home\",\"item\":\"https:\/\/carleton.ca\/caneunet\/\"},{\"@type\":\"ListItem\",\"position\":2,\"name\":\"Our Team\",\"item\":\"https:\/\/carleton.ca\/caneunet\/all-researchers-staff\/\"},{\"@type\":\"ListItem\",\"position\":3,\"name\":\"Network Team by Research Module\"}]},{\"@type\":\"WebSite\",\"@id\":\"https:\/\/carleton.ca\/caneunet\/#website\",\"url\":\"https:\/\/carleton.ca\/caneunet\/\",\"name\":\"caneunet\",\"description\":\"Carleton University\",\"potentialAction\":[{\"@type\":\"SearchAction\",\"target\":{\"@type\":\"EntryPoint\",\"urlTemplate\":\"https:\/\/carleton.ca\/caneunet\/?s={search_term_string}\"},\"query-input\":\"required name=search_term_string\"}],\"inLanguage\":\"en-US\"}]}<\/script>\n<!-- \/ Yoast SEO plugin. -->","yoast_head_json":{"title":"Network Team by Research Module - caneunet","description":"MODULE 1: EU-Canada cooperation in relation to key foreign policy and security challenges DeBardeleben, Joan (Carleton University), Network","robots":{"index":"index","follow":"follow","max-snippet":"max-snippet:-1","max-image-preview":"max-image-preview:large","max-video-preview":"max-video-preview:-1"},"canonical":"https:\/\/carleton.ca\/caneunet\/all-researchers-staff\/network-team-by-module\/","twitter_misc":{"Est. reading time":"1 minute"},"schema":{"@context":"https:\/\/schema.org","@graph":[{"@type":"WebPage","@id":"https:\/\/carleton.ca\/caneunet\/all-researchers-staff\/network-team-by-module\/","url":"https:\/\/carleton.ca\/caneunet\/all-researchers-staff\/network-team-by-module\/","name":"Network Team by Research Module - caneunet","isPartOf":{"@id":"https:\/\/carleton.ca\/caneunet\/#website"},"datePublished":"2017-11-16T17:28:26+00:00","dateModified":"2022-04-06T13:16:59+00:00","description":"MODULE 1: EU-Canada cooperation in relation to key foreign policy and security challenges DeBardeleben, Joan (Carleton University), Network","breadcrumb":{"@id":"https:\/\/carleton.ca\/caneunet\/all-researchers-staff\/network-team-by-module\/#breadcrumb"},"inLanguage":"en-US","potentialAction":[{"@type":"ReadAction","target":["https:\/\/carleton.ca\/caneunet\/all-researchers-staff\/network-team-by-module\/"]}]},{"@type":"BreadcrumbList","@id":"https:\/\/carleton.ca\/caneunet\/all-researchers-staff\/network-team-by-module\/#breadcrumb","itemListElement":[{"@type":"ListItem","position":1,"name":"Home","item":"https:\/\/carleton.ca\/caneunet\/"},{"@type":"ListItem","position":2,"name":"Our Team","item":"https:\/\/carleton.ca\/caneunet\/all-researchers-staff\/"},{"@type":"ListItem","position":3,"name":"Network Team by Research Module"}]},{"@type":"WebSite","@id":"https:\/\/carleton.ca\/caneunet\/#website","url":"https:\/\/carleton.ca\/caneunet\/","name":"caneunet","description":"Carleton University","potentialAction":[{"@type":"SearchAction","target":{"@type":"EntryPoint","urlTemplate":"https:\/\/carleton.ca\/caneunet\/?s={search_term_string}"},"query-input":"required name=search_term_string"}],"inLanguage":"en-US"}]}},"acf":{"banner_image_type":"hosted","banner_hosted_image":"eng-bit","banner_opacity":"default","banner_button":"no"},"_links":{"self":[{"href":"https:\/\/carleton.ca\/caneunet\/wp-json\/wp\/v2\/pages\/305"}],"collection":[{"href":"https:\/\/carleton.ca\/caneunet\/wp-json\/wp\/v2\/pages"}],"about":[{"href":"https:\/\/carleton.ca\/caneunet\/wp-json\/wp\/v2\/types\/page"}],"author":[{"embeddable":true,"href":"https:\/\/carleton.ca\/caneunet\/wp-json\/wp\/v2\/users\/7"}],"replies":[{"embeddable":true,"href":"https:\/\/carleton.ca\/caneunet\/wp-json\/wp\/v2\/comments?post=305"}],"version-history":[{"count":4,"href":"https:\/\/carleton.ca\/caneunet\/wp-json\/wp\/v2\/pages\/305\/revisions"}],"predecessor-version":[{"id":1836,"href":"https:\/\/carleton.ca\/caneunet\/wp-json\/wp\/v2\/pages\/305\/revisions\/1836"}],"up":[{"embeddable":true,"href":"https:\/\/carleton.ca\/caneunet\/wp-json\/wp\/v2\/pages\/251"}],"wp:attachment":[{"href":"https:\/\/carleton.ca\/caneunet\/wp-json\/wp\/v2\/media?parent=305"}],"curies":[{"name":"wp","href":"https:\/\/api.w.org\/{rel}","templated":true}]}}