{"id":76,"date":"2025-08-15T10:02:11","date_gmt":"2025-08-15T14:02:11","guid":{"rendered":"https:\/\/cutheem.local\/cartographies\/?page_id=76"},"modified":"2025-09-13T11:51:00","modified_gmt":"2025-09-13T15:51:00","slug":"program","status":"publish","type":"page","link":"https:\/\/carleton.ca\/cartographies\/homepage\/program\/","title":{"rendered":"Program"},"content":{"rendered":"\n<section class=\"w-screen px-6 cu-section cu-section--white ml-offset-center md:px-8 lg:px-14\">\n    <div class=\"space-y-6 cu-max-w-child-5xl  md:space-y-10 cu-prose-first-last\">\n\n            <div class=\"cu-textmedia flex flex-col lg:flex-row mx-auto gap-6 md:gap-10 my-6 md:my-12 first:mt-0 max-w-5xl\">\n        <div class=\"justify-start cu-textmedia-content cu-prose-first-last\" style=\"flex: 0 0 100%;\">\n            <header class=\"font-light prose-xl cu-pageheader md:prose-2xl cu-component-updated cu-prose-first-last\">\n                                    <h1 class=\"cu-prose-first-last font-semibold !mt-2 mb-4 md:mb-6 relative after:absolute after:h-px after:bottom-0 after:bg-cu-red after:left-px text-3xl md:text-4xl lg:text-5xl lg:leading-[3.5rem] pb-5 after:w-10 text-cu-black-700 not-prose\">\n                        Program\n                    <\/h1>\n                \n                                \n                                    \n\n<p>The conference will take place at Carleton University, <a href=\"https:\/\/carleton.ca\/campus\/buildings\/dunton-tower\/\">Dunton Tower<\/a>, room 2017 (20th floor), September 15\u201318, 2025. <\/p>\n\n\n\n<p>The conference is open to the public. No advance registration is required. <\/p>\n\n\n\n<p>Online participation is also possible.  Here is the <a href=\"https:\/\/carleton-ca.zoom.us\/j\/95635081312?pwd=glQkpaobqGdion5ibMyaYHqIFo2s7b.1\">webinar Zoom link<\/a>. Participants may ask questions in the chat and request to speak. The schedule follows Eastern Daylight Time (Ottawa).<\/p>\n\n\n                            <\/header>\n\n                    <\/div>\n\n            <\/div>\n\n    <\/div>\n<\/section>\n\n\n\n<p><strong class=\"myprefix-text-bold\">Presenters: Please log onto the &#8220;<a href=\"https:\/\/carleton.ca\/cartographies\/homepage\/practicalinformation\/\">Practical Information<\/a>&#8221; page to obtain the presenter link. <\/strong><\/p>\n\n\n\n<p><em class=\"myprefix-text-italic\">Please note that, apart from the evening film screening, Day 3 sessions are closed.<\/em><\/p>\n\n\n\n<p>_ _ _ _ _ _ _ _ _ _<\/p>\n\n\n\n<p><strong>Day 1: Monday, September 15, 2025<\/strong><\/p>\n\n\n\n<p><strong>10:00\u201310:30 <\/strong>Arrival and free registration (coffee\/drinks and snacks provided)<\/p>\n\n\n\n<p><strong>10:30\u201311:00 <\/strong>Welcoming of conference attendees<\/p>\n\n\n\n<p><strong>11:00\u201312:30<\/strong> <strong class=\"myprefix-text-bold\">Panel 1: Critically Reflecting on World War Two Cartographies and Archives<\/strong><\/p>\n\n\n\n<p><em class=\"myprefix-text-italic\">Moderators: Robin V. H\u00fcppe and Jerzy El\u017canowski<\/em><\/p>\n\n\n\n<ul class=\"wp-block-list\">\n<li><strong><a href=\"https:\/\/www.uni-bamberg.de\/denkmalpflege\/team\/dr-ing-carmen-m-enss\/\"><strong class=\"myprefix-text-bold\">Carmen Enss<\/strong><\/a> <\/strong>(University of Bamberg): <a href=\"https:\/\/docs.google.com\/document\/d\/1VqCAP_yjsJpTs30Bf4XO1BJd2rW3tkIP\/edit?usp=drive_link&amp;ouid=102899770719498211575&amp;rtpof=true&amp;sd=true\">Firestorms in Hamburg, 1943, and Dresden, 1945: Death Counts, Damage Maps and Neo-Nazi Propaganda<\/a><\/li>\n<\/ul>\n\n\n\n<ul class=\"wp-block-list\">\n<li><strong>Robin Woolven<\/strong> (Independent Scholar): <a href=\"https:\/\/docs.google.com\/document\/d\/1LB6Iyha6c9dmaXc8KHSP9NH4zA97YtFRSyY5yJvhYuM\/edit?usp=drive_link\">Mapping London\u2019s Civilian War Dead, 1940\u201345<\/a> (Virtual presentation)<\/li>\n<\/ul>\n\n\n\n<ul class=\"wp-block-list\">\n<li><strong><a href=\"https:\/\/www.herder-institut.de\/profile\/christian-lotz\/\"><strong class=\"myprefix-text-bold\">Christian Lotz<\/strong><\/a> &amp; Pia Hering <\/strong>(Herder Institute): <a href=\"https:\/\/docs.google.com\/document\/d\/1x34zxlQeEQRdu9YpTDhlrDKZx0rvTmtt\/edit?usp=drive_link&amp;ouid=102899770719498211575&amp;rtpof=true&amp;sd=true\">Potentials and Limits of Textual and Visual Sources about Destruction and Violence in Cities in Central Europe, 1939\u201349<\/a> (Virtual presentation)<\/li>\n<\/ul>\n\n\n\n<ul class=\"wp-block-list\">\n<li><strong><a href=\"https:\/\/denkmalpflege.tuwien.ac.at\/index.php\/cv-birgit-knauer\/\"><strong class=\"myprefix-text-bold\">Birgit Knauer<\/strong><\/a><\/strong> (TU Wien): <a href=\"https:\/\/drive.google.com\/file\/d\/16iWi26GyWuzCkopa75r2njOnjDFKrci8\/view?usp=sharing\">Vienna after 1945: A City under Reconstruction between the Perspectives of Perpetrators and Victims<\/a><\/li>\n<\/ul>\n\n\n\n<p><strong>12:30\u201313:30<\/strong> Catered Lunch<\/p>\n\n\n\n<p><strong>13:30\u201315:00<\/strong> <strong class=\"myprefix-text-bold\">Panel 2: Postwar Civilian Narratives<\/strong><\/p>\n\n\n\n<p><em class=\"myprefix-text-italic\">Moderato<\/em><em class=\"myprefix-text-italic\">r<\/em><em class=\"myprefix-text-italic\">: Zoya Masoud<\/em><\/p>\n\n\n\n<ul class=\"wp-block-list\">\n<li><strong><a href=\"https:\/\/chss.rowan.edu\/departments\/history\/facultystaff\/new_faculty\/dack_mikkel.html\"><strong class=\"myprefix-text-bold\">Mikkel Dack<\/strong><\/a><\/strong> (Rowan University): <a href=\"http:\/\/Dack_Abstract.pdf\">Narrating Death and Damage in Allied-Occupied Europe, 1945\u201355<\/a><\/li>\n<\/ul>\n\n\n\n<ul class=\"wp-block-list\">\n<li><strong class=\"myprefix-text-bold\"><strong><a href=\"https:\/\/www.graduateshow.eca.ed.ac.uk\/portfolio\/alexandre-langlois\">Alexandre Langlois<\/a><\/strong> <\/strong>(The University of Edinburgh): <a href=\"https:\/\/drive.google.com\/file\/d\/14Jah90dS0at0WN7zWyn_vXdQlCoiANSb\/view?usp=drive_link\">Text(ures) of Emptiness: Writing as Temporal Thickening in Post-Blitz Rotterdam<\/a><\/li>\n<\/ul>\n\n\n\n<ul class=\"wp-block-list\">\n<li><strong><a href=\"https:\/\/www.cityspeculations.com\/j.mcarthur.html\"><strong class=\"myprefix-text-bold\">Jane McArthur<\/strong><\/a><\/strong> (Independent Researcher): <a href=\"https:\/\/drive.google.com\/file\/d\/19sAGupsR6N8h32ftD6tvj-T0oy6z1rIi\/view?usp=drive_link\">A Strange Temporality. Duologues from the London Bomb Damage Photograph Archive 1940 \u2013 1945<\/a> (presented by Ella Chmielewska)<\/li>\n<\/ul>\n\n\n\n<ul class=\"wp-block-list\">\n<li><strong><a href=\"https:\/\/leibniz-irs.de\/en\/organisation\/staff\/person\/ma%C5%82gorzata-popio%C5%82ek-rosskamp-0922\"><strong class=\"myprefix-text-bold\">Ma\u0142gorzata Popio\u0142ek-Ro\u00dfkamp<\/strong><\/a> <\/strong>(Leibniz Institute for Research on Society and Space): <a href=\"https:\/\/docs.google.com\/document\/d\/1ocZD5Yl0bgz7wHN_2Szz-9uqnN5DdqdK\/edit?usp=drive_link&amp;ouid=102899770719498211575&amp;rtpof=true&amp;sd=true\">No War, No Victims? Women, Soldiers and Natural Environment in Cold War Berlin and Brandenburg<\/a><\/li>\n<\/ul>\n\n\n\n<p><strong>15:00\u201315:30<\/strong> Break (coffee\/drinks and snacks provided)<\/p>\n\n\n\n<p><strong>15:30\u201316:45 <\/strong><strong class=\"myprefix-text-bold\">Panel 3: Ruins and Rubble as Material Witnesses<\/strong><\/p>\n\n\n\n<p><em class=\"myprefix-text-italic\">Moderator: Stuart Murray<\/em><\/p>\n\n\n\n<ul class=\"wp-block-list\">\n<li><strong><a href=\"http:\/\/www.robinhueppe.com\"><strong class=\"myprefix-text-bold\">Robin V. H\u00fcppe<\/strong><\/a><\/strong> (ETH Z\u00fcrich): <a href=\"https:\/\/docs.google.com\/document\/d\/1z7qcokTGmdtCoRdVFbCohdenOZSXhp-G\/edit?usp=sharing&amp;ouid=102899770719498211575&amp;rtpof=true&amp;sd=true\">A Thousand Years of Scars: Tracing the Violent Histories of Mass Housing Landscapes in Berlin<\/a><\/li>\n<\/ul>\n\n\n\n<ul class=\"wp-block-list\">\n<li><strong><a href=\"https:\/\/www.linkedin.com\/in\/pjlesniak\/?originalSubdomain=uk\"><strong class=\"myprefix-text-bold\">Piotr Le\u015bniak<\/strong><\/a><\/strong> (University of Strathclyde, Glasgow): <a href=\"https:\/\/docs.google.com\/document\/d\/1Vtj5kOolsiuQQG2gHurWbBgQH124uy2d\/edit?usp=drive_link&amp;ouid=102899770719498211575&amp;rtpof=true&amp;sd=true\">Tectonic Eloquence: On Architecture of the Tchorek-Bentall Studio in Warsaw<\/a><\/li>\n<\/ul>\n\n\n\n<ul class=\"wp-block-list\">\n<li><strong><a href=\"https:\/\/susanschuppli.com\/\"><strong class=\"myprefix-text-bold\">Susan Schuppli<\/strong><\/a> <\/strong>(Goldsmiths, University of London): <a href=\"https:\/\/docs.google.com\/document\/d\/1u08lrH5AWfzkKBKQ4rpBbwyRS6TUNuSydKNQIpax3Ts\/edit?usp=drive_link\">Ruined: Material Rubble within the Evidence Vault of the ICTY<\/a><\/li>\n<\/ul>\n\n\n\n<p>_ _ _ _ _ _ _ _ _ _ <\/p>\n\n\n\n<p><strong>Day 2: Tuesday, September 16, 2025<\/strong><\/p>\n\n\n\n<p><strong>9:00\u20139:30<\/strong> Welcoming of conference attendees (coffee\/drinks and snacks provided)<\/p>\n\n\n\n<p><strong>9:30\u201311:00<\/strong> <strong class=\"myprefix-text-bold\">Panel 4: Trees Who Remember<\/strong><\/p>\n\n\n\n<p><em class=\"myprefix-text-italic\">Moderators: Susan Ross and Denise Bertschi<\/em><\/p>\n\n\n\n<ul class=\"wp-block-list\">\n<li><strong><a href=\"https:\/\/www.faculty.uci.edu\/profile\/?facultyId=6153\"><strong class=\"myprefix-text-bold\">David Fedman<\/strong><\/a> <\/strong>(University of California, Irvine): <a href=\"https:\/\/docs.google.com\/document\/d\/1WQey1zSByBYOKL080czeetG1u5-_81d3YOTRWEA9HPg\/edit?usp=drive_link\">On Memory and Morphology: A Field Guide to Tokyo\u2019s Arboreal Archive of Wartime Destruction<\/a> (Virtual presentation)<\/li>\n<\/ul>\n\n\n\n<ul class=\"wp-block-list\">\n<li><strong><a href=\"http:\/\/www.sonyaschoenberger.de\"><strong class=\"myprefix-text-bold\">Sonya Sch\u00f6nberger<\/strong><\/a><\/strong> (Independent Artist):<a href=\"https:\/\/docs.google.com\/document\/d\/1DkLkAzX9JVE2IjiHJGCylOcMZtprxYiI\/edit?usp=sharing&amp;ouid=102899770719498211575&amp;rtpof=true&amp;sd=true\"> Forest and War<\/a><\/li>\n<\/ul>\n\n\n\n<ul class=\"wp-block-list\">\n<li><strong><a href=\"https:\/\/carleton.ca\/english\/people\/nudelman-franny\/\"><strong class=\"myprefix-text-bold\">Franny Nudelman<\/strong><\/a> <\/strong>(Carleton University): <a href=\"https:\/\/docs.google.com\/document\/d\/1uSVmpe9twt1C1RQiALdmN0vmk7dUXIs3\/edit?usp=sharing&amp;ouid=102899770719498211575&amp;rtpof=true&amp;sd=true\">Remnants of the War on Trees: Mapping Ecocide<\/a><\/li>\n<\/ul>\n\n\n\n<ul class=\"wp-block-list\">\n<li><strong><a href=\"https:\/\/ramimsallam.com\/\"><strong class=\"myprefix-text-bold\">Rami Msallam<\/strong><\/a> <\/strong>(ETH Z\u00fcrich): <a href=\"https:\/\/drive.google.com\/file\/d\/1guFyUD2Q2HrJE8VMU6uaWPmBnLLYG-Yt\/view?usp=drive_link\">Mapping the Environmental Turn: Climate, Violence, and the Healing of Post-Conflict Geographies<\/a> (Virtual presentation)<\/li>\n<\/ul>\n\n\n\n<p><strong>11:00\u201311:30 <\/strong>Short lunch<\/p>\n\n\n\n<p><strong>11:30\u201311:45<\/strong> Taxi to Ingenium Centre (1865 St. Laurent Boulevard, Ottawa, ON) (Taxis will be provided)<\/p>\n\n\n\n<p><strong>12:00\u201315:30 <\/strong>Curatorial workshop at Ingenium Centre led by Rebecca Dolgoy (Curator, Natural Resources and Industrial Technologies) and Jacqueline Riddle (Assistant Curator, Transportation and Access)<\/p>\n\n\n\n<p><em class=\"myprefix-text-italic\"><strong class=\"myprefix-text-bold\">Please note that the Ingenium workshop is for network participants only<\/strong><\/em><\/p>\n\n\n\n<p><strong>15:30\u201317:30<\/strong> Free time<\/p>\n\n\n\n<p><strong>17:30\u201320:00 <\/strong>Art exhibition opening and artist talk at the Lightroom Gallery in the Architecture Building at Carleton University<\/p>\n\n\n\n<ul class=\"wp-block-list\">\n<li>Artist talk by <strong><a href=\"http:\/\/www.sonyaschoenberger.de\"><strong class=\"myprefix-text-bold\">Sonya Sch\u00f6nberger<\/strong><\/a><\/strong>: Archives from the Soil<\/li>\n<\/ul>\n\n\n\n<ul class=\"wp-block-list\">\n<li>Panel discussion with conference participants<\/li>\n<\/ul>\n\n\n\n<ul class=\"wp-block-list\">\n<li>Catered reception and exhibition tour<\/li>\n<\/ul>\n\n\n\n<p>_ _ _ _ _ _ _ _ _ _ <\/p>\n\n\n\n<p><strong>Day 3: Wednesday, September 17, 2025<\/strong><\/p>\n\n\n\n<p><em>Apart from the evening film screening, this day of the conference will be devoted to closed workshops with network participants.<\/em><\/p>\n\n\n\n<p><strong>9:00\u20139:30<\/strong> Welcoming of participants (coffee\/drinks and snacks provided)<\/p>\n\n\n\n<p><strong>9:30\u201311:00 <\/strong>Workshop 1: Preparing a Joint Funding Application <\/p>\n\n\n\n<p><em class=\"myprefix-text-italic\">Facilitators: Carmen Enss, Susan Ross, and Jerzy El\u017canowski as well as the Faculty of Arts and Social Sciences Research Facilitators<\/em><\/p>\n\n\n\n<p><strong>11:00\u201312:00<\/strong> Funding breakout session<\/p>\n\n\n\n<p><strong>12:00\u201313:00<\/strong> Lunch<\/p>\n\n\n\n<p><strong>13:00\u201314:30<\/strong> Workshop 2: Preparing a Joint Publication<\/p>\n\n\n\n<p><em class=\"myprefix-text-italic\">Facilitators: Franny Nudelman and Stuart Murray<\/em><\/p>\n\n\n\n<p><strong>14:30\u201315:30<\/strong> Publication breakout session<\/p>\n\n\n\n<p><strong>15:30\u201316:00<\/strong> Recap of the day\u2019s activities<\/p>\n\n\n\n<p><strong>16:00\u201318:00<\/strong> Free time<\/p>\n\n\n\n<p><strong>18:00<strong>\u2013<\/strong>20:30<\/strong> Screening of <em><a href=\"https:\/\/papercityfilm.com\/\">Paper City<\/a><\/em> (2021) at the <a href=\"https:\/\/mayfairtheatre.ca\/\">Mayfair Theatre<\/a> (1074 Bank Street, Ottawa, ON), with an introduction by Executive Producer <a href=\"https:\/\/www.davidfedman.org\/\">David Fedman<\/a>. <strong class=\"myprefix-text-bold\">The screening is free and open to the public<\/strong>, and will be followed by a discussion. <\/p>\n\n\n\n<p>_ _ _ _ _ _ _ _ _ _ <\/p>\n\n\n\n<p><strong>Day 4: Thursday, September 18, 2025<\/strong><\/p>\n\n\n\n<p><strong>9:00\u20139:30<\/strong> Welcoming of conference attendees (coffee\/drinks and snacks provided)<\/p>\n\n\n\n<p><strong>9:30\u201310:45 <\/strong><strong class=\"myprefix-text-bold\">Panel 5: Digitizing the Evidence and Afterlives of Conflict<\/strong><\/p>\n\n\n\n<p><em class=\"myprefix-text-italic\">Moderator: Carmen Enss<\/em><\/p>\n\n\n\n<ul class=\"wp-block-list\">\n<li><strong><a href=\"https:\/\/carleton.ca\/cee\/cu-people\/mario-santana-quintero\/\"><strong class=\"myprefix-text-bold\">Mario Santana Quintero<\/strong><\/a> <\/strong>(Carleton University): <a href=\"https:\/\/docs.google.com\/document\/d\/1XLnyNpibdrRzAlz_Vm2cu7HeMGnIX7oHx7e5Y3ksgrI\/edit?usp=sharing\">Digital Documentation of World Heritage Sites in Armed Conflict: Ethical Considerations, Opportunities, and Operational Challenges <\/a>(Virtual presentation)<\/li>\n<\/ul>\n\n\n\n<ul class=\"wp-block-list\">\n<li><strong>Stefania Rasile <\/strong>(ETH Z\u00fcrich): <a href=\"https:\/\/docs.google.com\/document\/d\/1-Tl8h7LOYEl6HCZaAb9rnAKLMxN-szRQ\/edit?usp=drive_link&amp;ouid=102899770719498211575&amp;rtpof=true&amp;sd=true\">Mapping Memory and Absence: The Cemetery, the City, and Digital Memory in Post-Dictatorship Santiago de Chile<\/a> <\/li>\n<\/ul>\n\n\n\n<ul class=\"wp-block-list\">\n<li><strong><a href=\"https:\/\/futureobservatory.org\/research\/network\/omar-ferwati\"><strong class=\"myprefix-text-bold\">Omar Ferwati<\/strong><\/a> <\/strong>(Goldsmiths, University of London): <a href=\"https:\/\/docs.google.com\/document\/d\/1MNwVuRrGgRyRBYNDeBn7qjxIk7dyJGxjFnslzvGdLVA\/edit?usp=sharing\">Situating Violence from the Ground Up \u2013 Interscalar Evidentiary Cartography<\/a><\/li>\n<\/ul>\n\n\n\n<ul class=\"wp-block-list\">\n<li><strong><a href=\"\/\/www.anthro.unibe.ch\/about_us\/people\/prof_dr_heller_charles\/index_eng.html\"><strong class=\"myprefix-text-bold\">Charles Heller<\/strong><\/a><\/strong> (University of Bern): <a href=\"https:\/\/docs.google.com\/document\/d\/1NIczD2-8oSjLO5lLZKM2juz1VDK0orWBkuqkrgedW-o\/edit?usp=drive_link\">Border Forensics \u2013 Registering the Digital Traces of Mobility Conflicts<\/a> (Virtual presentation)<\/li>\n<\/ul>\n\n\n\n<p><strong>10:45\u201311:15 <\/strong>Break\u202f(coffee\/drinks and snacks provided)<\/p>\n\n\n\n<p><strong>11:15\u20131<\/strong><strong class=\"myprefix-text-bold\">3:15<\/strong> <strong class=\"myprefix-text-bold\">Panel 6: Presence and Absence<\/strong><\/p>\n\n\n\n<p><em class=\"myprefix-text-italic\">Moderator: Mikkel Dack<\/em><\/p>\n\n\n\n<ul class=\"wp-block-list\">\n<li><strong><a href=\"https:\/\/www.cityspeculations.com\/e.chmielewska.html\"><strong class=\"myprefix-text-bold\">Ella Chmielewska<\/strong><\/a><\/strong> (The University of Edinburgh): <a href=\"https:\/\/docs.google.com\/document\/d\/18SZa2vD6norIQa7W7O8f9-hM3F7CuMYj\/edit?usp=drive_link&amp;ouid=102899770719498211575&amp;rtpof=true&amp;sd=true\">Warsaw \u2018Afterimages and after\u2026\u2019: Topographies of Wartime Destruction and Loss<\/a><\/li>\n<\/ul>\n\n\n\n<ul class=\"wp-block-list\">\n<li><strong><a href=\"https:\/\/www.b-tu.de\/fg-denkmalpflege\/team\/prof-em-dr-leo-schmidt#c86151\"><strong class=\"myprefix-text-bold\">Leo Schmidt<\/strong><\/a><\/strong> (BTU Cottbus-Senftenberg): <a href=\"https:\/\/docs.google.com\/document\/d\/1y_3CRlAe2Lx1owMi6NoZA19F8mImAlRg\/edit?usp=sharing&amp;ouid=102899770719498211575&amp;rtpof=true&amp;sd=true\">Framing a Void: Assessing and Interpreting the Remnants and Traces of the Berlin Wall<\/a><\/li>\n<\/ul>\n\n\n\n<ul class=\"wp-block-list\">\n<li><strong class=\"myprefix-text-bold\"><a href=\"https:\/\/collegium.ethz.ch\/fellows\/fellow-year-2024-2025\/denise-bertschi\">Denise Bertschi<\/a> <\/strong>(Collegium Helveticum, ETH Zurich): <a href=\"https:\/\/drive.google.com\/file\/d\/1q7-TUVdBfOixZtL_QUK4V_LOldlb3ZC4\/view?usp=sharing\">De\/Reterritorializing post-war landscapes of a divided Korean peninsula. &#8216;Neutral&#8217; military photography of the Infrastructure of &#8216;Peace&#8217;<\/a> <\/li>\n<\/ul>\n\n\n\n<p>Short break<\/p>\n\n\n\n<ul class=\"wp-block-list\">\n<li><strong><a href=\"https:\/\/carleton.ca\/english\/people\/stuart-murray\/\"><strong class=\"myprefix-text-bold\">Stuart Murray<\/strong><\/a> <\/strong>(Carleton University): <a href=\"https:\/\/docs.google.com\/document\/d\/1xvJggB_DUhIiEZZxYL9sIs-mjh5B-KoH\/edit?usp=drive_link&amp;ouid=102899770719498211575&amp;rtpof=true&amp;sd=true\">Unsound Cartographies (Maps of Sounds of the Dead)<\/a><\/li>\n<\/ul>\n\n\n\n<ul class=\"wp-block-list\">\n<li><strong><a href=\"https:\/\/www.eume-berlin.de\/fellows\/vita\/20242025\/zoya-masoud\"><strong class=\"myprefix-text-bold\">Zoya Masoud<\/strong><\/a><\/strong> (Forum Transregionale Studien): <a href=\"https:\/\/docs.google.com\/document\/d\/1J-DybEGaZXcCuwE3YrpW-ATAyiEi2ImF\/edit?usp=drive_link&amp;ouid=102899770719498211575&amp;rtpof=true&amp;sd=true\">Of Death and Hope around Heritage Construction<\/a><\/li>\n<\/ul>\n\n\n\n<p><strong>13:15\u201318:30 <\/strong>Free time<\/p>\n\n\n\n<p><strong>18:30<\/strong> Conference dinner for network participants. Location TBD. The dinner is on a &#8216;pay-your-own&#8217; basis. <em class=\"myprefix-text-italic\">Student network partici<\/em><em class=\"myprefix-text-italic\">pants are welcome to email the conference organizers if they need financial assistance to participate in the dinner. <\/em><\/p>\n\n\n\n<p><\/p>\n","protected":false},"excerpt":{"rendered":"<p>Presenters: Please log onto the &#8220;Practical Information&#8221; page to obtain the presenter link. Please note that, apart from the evening film screening, Day 3 sessions are closed. _ _ _ _ _ _ _ _ _ _ Day 1: Monday, September 15, 2025 10:00\u201310:30 Arrival and free registration (coffee\/drinks and snacks provided) 10:30\u201311:00 Welcoming of [&hellip;]<\/p>\n","protected":false},"author":366,"featured_media":0,"parent":3,"menu_order":0,"comment_status":"closed","ping_status":"closed","template":"","meta":{"_acf_changed":false,"_cu_dining_location_slug":"","footnotes":"","_links_to":"","_links_to_target":""},"cu_page_type":[],"class_list":["post-76","page","type-page","status-publish","hentry"],"acf":{"cu_post_thumbnail":""},"_links":{"self":[{"href":"https:\/\/carleton.ca\/cartographies\/wp-json\/wp\/v2\/pages\/76","targetHints":{"allow":["GET"]}}],"collection":[{"href":"https:\/\/carleton.ca\/cartographies\/wp-json\/wp\/v2\/pages"}],"about":[{"href":"https:\/\/carleton.ca\/cartographies\/wp-json\/wp\/v2\/types\/page"}],"author":[{"embeddable":true,"href":"https:\/\/carleton.ca\/cartographies\/wp-json\/wp\/v2\/users\/366"}],"replies":[{"embeddable":true,"href":"https:\/\/carleton.ca\/cartographies\/wp-json\/wp\/v2\/comments?post=76"}],"version-history":[{"count":5,"href":"https:\/\/carleton.ca\/cartographies\/wp-json\/wp\/v2\/pages\/76\/revisions"}],"predecessor-version":[{"id":341,"href":"https:\/\/carleton.ca\/cartographies\/wp-json\/wp\/v2\/pages\/76\/revisions\/341"}],"up":[{"embeddable":true,"href":"https:\/\/carleton.ca\/cartographies\/wp-json\/wp\/v2\/pages\/3"}],"wp:attachment":[{"href":"https:\/\/carleton.ca\/cartographies\/wp-json\/wp\/v2\/media?parent=76"}],"wp:term":[{"taxonomy":"cu_page_type","embeddable":true,"href":"https:\/\/carleton.ca\/cartographies\/wp-json\/wp\/v2\/cu_page_type?post=76"}],"curies":[{"name":"wp","href":"https:\/\/api.w.org\/{rel}","templated":true}]}}