{"id":144,"date":"2017-02-07T09:56:13","date_gmt":"2017-02-07T14:56:13","guid":{"rendered":"http:\/\/carleton.ca\/ccph\/?page_id=144"},"modified":"2025-03-06T14:58:26","modified_gmt":"2025-03-06T19:58:26","slug":"public-history-prize","status":"publish","type":"page","link":"https:\/\/carleton.ca\/ccph\/related-activities\/public-history-prize\/","title":{"rendered":"Public History Prize \/ Le prix en histoire appliqu\u00e9e"},"content":{"rendered":"<h2 class=\"title\">Public History Prize<\/h2>\n<h3>An award of the Canadian Historical Association<\/h3>\n<p><a href=\"https:\/\/cha-shc.ca\/prizes\/\">The award<\/a> recognizes work that achieves high standards of original research, scholarship, and presentation; brings an innovative public history contribution to its audience; and serves as a model for future work, advancing the field of public history in Canada. Works in public history are eligible for consideration and may include: books (monographs, edited collections of essays, or published works of comparable scope); exhibitions and\/or exhibition catalogues; documentary films; web sites; and other products representing scholarship in the field of public history. Works beyond the field of Canadian History are welcome. All residents of Canada, or Canadian citizens living outside Canada, are eligible. The prize may be awarded to individuals or to groups of researchers where the principal researcher is a Canadian resident or citizen.<\/p>\n<p><a href=\"https:\/\/cha-shc.ca\/prize-winners\/?table_filter=Public%20History%20Prize\">Past Winners of the CHA Public History Prize<\/a><\/p>\n<h2>Le prix en histoire appliqu\u00e9e<\/h2>\n<h3>Un prix de la Soci\u00e9t\u00e9 historique du Canada<\/h3>\n<p><a href=\"https:\/\/cha-shc.ca\/prizes\/\">Ce prix<\/a> vise \u00e0 honorer et r\u00e9compenser l\u2019auteur (ou les auteurs) d\u2019un ouvrage: atteignant un niveau exemplaire de recherche originale, d\u2019\u00e9rudition, et de style de pr\u00e9sentation; novateur en histoire publique; servant de mod\u00e8le pour future ouvrages et faisant progresser le champ de recherche d\u2019histoire publique au Canada. Les sujets accept\u00e9s ne se limitent pas \u00e0 l\u2019histoire canadienne. Tous r\u00e9sidents canadiens ou citoyens canadiens r\u00e9sidant \u00e0 l\u2019\u00e9tranger sont admissibles. Le prix peut \u00eatre conf\u00e9r\u00e9 \u00e0 un individuel ou \u00e0 un groupe de chercheurs dans lequel le chercheur principal est un r\u00e9sident ou citoyen canadien.<\/p>\n<p><a href=\"https:\/\/cha-shc.ca\/prize-winners\/?table_filter=Public%20History%20Prize\">Laur\u00e9ats du prix<\/a><\/p>\n","protected":false},"excerpt":{"rendered":"<p>Public History Prize An award of the Canadian Historical Association The award recognizes work that achieves high standards of original research, scholarship, and presentation; brings an innovative public history contribution to its audience; and serves as a model for future work, advancing the field of public history in Canada. Works in public history are eligible [&hellip;]<\/p>\n","protected":false},"author":6,"featured_media":0,"parent":128,"menu_order":0,"comment_status":"closed","ping_status":"closed","template":"","meta":{"_relevanssi_hide_post":"","_relevanssi_hide_content":"","_relevanssi_pin_for_all":"","_relevanssi_pin_keywords":"","_relevanssi_unpin_keywords":"","_relevanssi_related_keywords":"","_relevanssi_related_include_ids":"","_relevanssi_related_exclude_ids":"","_relevanssi_related_no_append":"","_relevanssi_related_not_related":"","_relevanssi_related_posts":"","_relevanssi_noindex_reason":"","_mi_skip_tracking":false,"_exactmetrics_sitenote_active":false,"_exactmetrics_sitenote_note":"","_exactmetrics_sitenote_category":0,"_monsterinsights_sitenote_active":false,"_monsterinsights_sitenote_note":"","_monsterinsights_sitenote_category":0,"footnotes":"","_links_to":"","_links_to_target":""},"yoast_head":"<!-- This site is optimized with the Yoast SEO plugin v21.2 - https:\/\/yoast.com\/wordpress\/plugins\/seo\/ -->\n<title>Public History Prize \/ Le prix en histoire appliqu\u00e9e - Carleton Centre for Public History<\/title>\n<meta name=\"description\" content=\"Public History Prize An award of the Canadian Historical Association The award recognizes work that achieves high standards of original research,\" \/>\n<meta name=\"robots\" content=\"index, follow, max-snippet:-1, max-image-preview:large, max-video-preview:-1\" \/>\n<link rel=\"canonical\" href=\"https:\/\/carleton.ca\/ccph\/related-activities\/public-history-prize\/\" \/>\n<meta name=\"twitter:label1\" content=\"Est. reading time\" \/>\n\t<meta name=\"twitter:data1\" content=\"2 minutes\" \/>\n<script type=\"application\/ld+json\" class=\"yoast-schema-graph\">{\"@context\":\"https:\/\/schema.org\",\"@graph\":[{\"@type\":\"WebPage\",\"@id\":\"https:\/\/carleton.ca\/ccph\/related-activities\/public-history-prize\/\",\"url\":\"https:\/\/carleton.ca\/ccph\/related-activities\/public-history-prize\/\",\"name\":\"Public History Prize \/ Le prix en histoire appliqu\u00e9e - Carleton Centre for Public History\",\"isPartOf\":{\"@id\":\"https:\/\/carleton.ca\/ccph\/#website\"},\"datePublished\":\"2017-02-07T14:56:13+00:00\",\"dateModified\":\"2025-03-06T19:58:26+00:00\",\"description\":\"Public History Prize An award of the Canadian Historical Association The award recognizes work that achieves high standards of original research,\",\"breadcrumb\":{\"@id\":\"https:\/\/carleton.ca\/ccph\/related-activities\/public-history-prize\/#breadcrumb\"},\"inLanguage\":\"en-US\",\"potentialAction\":[{\"@type\":\"ReadAction\",\"target\":[\"https:\/\/carleton.ca\/ccph\/related-activities\/public-history-prize\/\"]}]},{\"@type\":\"BreadcrumbList\",\"@id\":\"https:\/\/carleton.ca\/ccph\/related-activities\/public-history-prize\/#breadcrumb\",\"itemListElement\":[{\"@type\":\"ListItem\",\"position\":1,\"name\":\"Home\",\"item\":\"https:\/\/carleton.ca\/ccph\/\"},{\"@type\":\"ListItem\",\"position\":2,\"name\":\"Related Activities\",\"item\":\"https:\/\/carleton.ca\/ccph\/related-activities\/\"},{\"@type\":\"ListItem\",\"position\":3,\"name\":\"Public History Prize \/ Le prix en histoire appliqu\u00e9e\"}]},{\"@type\":\"WebSite\",\"@id\":\"https:\/\/carleton.ca\/ccph\/#website\",\"url\":\"https:\/\/carleton.ca\/ccph\/\",\"name\":\"Carleton Centre for Public History\",\"description\":\"Carleton University\",\"potentialAction\":[{\"@type\":\"SearchAction\",\"target\":{\"@type\":\"EntryPoint\",\"urlTemplate\":\"https:\/\/carleton.ca\/ccph\/?s={search_term_string}\"},\"query-input\":\"required name=search_term_string\"}],\"inLanguage\":\"en-US\"}]}<\/script>\n<!-- \/ Yoast SEO plugin. -->","yoast_head_json":{"title":"Public History Prize \/ Le prix en histoire appliqu\u00e9e - Carleton Centre for Public History","description":"Public History Prize An award of the Canadian Historical Association The award recognizes work that achieves high standards of original research,","robots":{"index":"index","follow":"follow","max-snippet":"max-snippet:-1","max-image-preview":"max-image-preview:large","max-video-preview":"max-video-preview:-1"},"canonical":"https:\/\/carleton.ca\/ccph\/related-activities\/public-history-prize\/","twitter_misc":{"Est. reading time":"2 minutes"},"schema":{"@context":"https:\/\/schema.org","@graph":[{"@type":"WebPage","@id":"https:\/\/carleton.ca\/ccph\/related-activities\/public-history-prize\/","url":"https:\/\/carleton.ca\/ccph\/related-activities\/public-history-prize\/","name":"Public History Prize \/ Le prix en histoire appliqu\u00e9e - Carleton Centre for Public History","isPartOf":{"@id":"https:\/\/carleton.ca\/ccph\/#website"},"datePublished":"2017-02-07T14:56:13+00:00","dateModified":"2025-03-06T19:58:26+00:00","description":"Public History Prize An award of the Canadian Historical Association The award recognizes work that achieves high standards of original research,","breadcrumb":{"@id":"https:\/\/carleton.ca\/ccph\/related-activities\/public-history-prize\/#breadcrumb"},"inLanguage":"en-US","potentialAction":[{"@type":"ReadAction","target":["https:\/\/carleton.ca\/ccph\/related-activities\/public-history-prize\/"]}]},{"@type":"BreadcrumbList","@id":"https:\/\/carleton.ca\/ccph\/related-activities\/public-history-prize\/#breadcrumb","itemListElement":[{"@type":"ListItem","position":1,"name":"Home","item":"https:\/\/carleton.ca\/ccph\/"},{"@type":"ListItem","position":2,"name":"Related Activities","item":"https:\/\/carleton.ca\/ccph\/related-activities\/"},{"@type":"ListItem","position":3,"name":"Public History Prize \/ Le prix en histoire appliqu\u00e9e"}]},{"@type":"WebSite","@id":"https:\/\/carleton.ca\/ccph\/#website","url":"https:\/\/carleton.ca\/ccph\/","name":"Carleton Centre for Public History","description":"Carleton University","potentialAction":[{"@type":"SearchAction","target":{"@type":"EntryPoint","urlTemplate":"https:\/\/carleton.ca\/ccph\/?s={search_term_string}"},"query-input":"required name=search_term_string"}],"inLanguage":"en-US"}]}},"acf":{"banner_image_type":"none","banner_button":"no"},"_links":{"self":[{"href":"https:\/\/carleton.ca\/ccph\/wp-json\/wp\/v2\/pages\/144"}],"collection":[{"href":"https:\/\/carleton.ca\/ccph\/wp-json\/wp\/v2\/pages"}],"about":[{"href":"https:\/\/carleton.ca\/ccph\/wp-json\/wp\/v2\/types\/page"}],"author":[{"embeddable":true,"href":"https:\/\/carleton.ca\/ccph\/wp-json\/wp\/v2\/users\/6"}],"replies":[{"embeddable":true,"href":"https:\/\/carleton.ca\/ccph\/wp-json\/wp\/v2\/comments?post=144"}],"version-history":[{"count":4,"href":"https:\/\/carleton.ca\/ccph\/wp-json\/wp\/v2\/pages\/144\/revisions"}],"predecessor-version":[{"id":1502,"href":"https:\/\/carleton.ca\/ccph\/wp-json\/wp\/v2\/pages\/144\/revisions\/1502"}],"up":[{"embeddable":true,"href":"https:\/\/carleton.ca\/ccph\/wp-json\/wp\/v2\/pages\/128"}],"wp:attachment":[{"href":"https:\/\/carleton.ca\/ccph\/wp-json\/wp\/v2\/media?parent=144"}],"curies":[{"name":"wp","href":"https:\/\/api.w.org\/{rel}","templated":true}]}}