{"id":405,"date":"2017-09-26T15:52:04","date_gmt":"2017-09-26T19:52:04","guid":{"rendered":"https:\/\/carleton.ca\/ccph\/?page_id=405"},"modified":"2017-09-26T16:12:23","modified_gmt":"2017-09-26T20:12:23","slug":"history-memory-performance-conference","status":"publish","type":"page","link":"https:\/\/carleton.ca\/ccph\/projects-and-activities\/history-memory-performance-conference\/","title":{"rendered":"History, Memory, Performance Conference"},"content":{"rendered":"<h2 style=\"text-align: center;\">History, Memory, Performance<\/h2>\n<p style=\"text-align: center;\"><img decoding=\"async\" loading=\"lazy\" class=\"alignnone size-medium wp-image-431\" src=\"https:\/\/carleton.ca\/ccph\/wp-content\/uploads\/HMP-book-240x376.jpeg\" alt=\"\" width=\"240\" height=\"376\" srcset=\"https:\/\/carleton.ca\/ccph\/wp-content\/uploads\/HMP-book-240x376.jpeg 240w, https:\/\/carleton.ca\/ccph\/wp-content\/uploads\/HMP-book-160x250.jpeg 160w, https:\/\/carleton.ca\/ccph\/wp-content\/uploads\/HMP-book-400x626.jpeg 400w, https:\/\/carleton.ca\/ccph\/wp-content\/uploads\/HMP-book-360x563.jpeg 360w, https:\/\/carleton.ca\/ccph\/wp-content\/uploads\/HMP-book.jpeg 690w\" sizes=\"(max-width: 240px) 100vw, 240px\" \/><\/p>\n<p style=\"text-align: left;\">History, Memory, Performance was a conference jointly organized by the University of Ottawa&#8217;s Department of Theatre and the Centre for Public History in April 2012. It brought together over a hundred scholars, students and practitioners engaged in the disciplines of public history, theatre studies and related fields. This bilingual, interdisciplinary event featured keynotes by Professor Freddie Rokem (University of Tel-Aviv) and Emeritus Professor Jean-Pierre Sarrazac, lunchtime events with artistic director Wajdi Mouawad and playwright Hannah Moscovitch, a roundtable on First Nations Theatre, and over 35 panels, working groups, workshops, and performances. Co-director David Dean spoke about the conference here. Two volumes of essays appeared as a result of the conference: David Dean, Yana Meerzon, and Kathryn Prince (eds), History, Memory, Performance (Palgrave, 2015) and Jo\u00ebl Beddows and Louise Frappier, Histoire et m\u00e9moire au th\u00e9\u00e2tre: perspectives contemporaines (University of Laval, 2016).<\/p>\n","protected":false},"excerpt":{"rendered":"<p>History, Memory, Performance History, Memory, Performance was a conference jointly organized by the University of Ottawa&#8217;s Department of Theatre and the Centre for Public History in April 2012. It brought together over a hundred scholars, students and practitioners engaged in the disciplines of public history, theatre studies and related fields. This bilingual, interdisciplinary event featured [&hellip;]<\/p>\n","protected":false},"author":7,"featured_media":0,"parent":334,"menu_order":0,"comment_status":"closed","ping_status":"closed","template":"","meta":{"_relevanssi_hide_post":"","_relevanssi_hide_content":"","_relevanssi_pin_for_all":"","_relevanssi_pin_keywords":"","_relevanssi_unpin_keywords":"","_relevanssi_related_keywords":"","_relevanssi_related_include_ids":"","_relevanssi_related_exclude_ids":"","_relevanssi_related_no_append":"","_relevanssi_related_not_related":"","_relevanssi_related_posts":"","_relevanssi_noindex_reason":"","_mi_skip_tracking":false,"_exactmetrics_sitenote_active":false,"_exactmetrics_sitenote_note":"","_exactmetrics_sitenote_category":0,"_monsterinsights_sitenote_active":false,"_monsterinsights_sitenote_note":"","_monsterinsights_sitenote_category":0,"footnotes":"","_links_to":"","_links_to_target":""},"yoast_head":"<!-- This site is optimized with the Yoast SEO plugin v21.2 - https:\/\/yoast.com\/wordpress\/plugins\/seo\/ -->\n<title>History, Memory, Performance Conference - Carleton Centre for Public History<\/title>\n<meta name=\"description\" content=\"History, Memory, Performance History, Memory, Performance was a conference jointly organized by the University of Ottawa&#039;s Department of Theatre and the\" \/>\n<meta name=\"robots\" content=\"index, follow, max-snippet:-1, max-image-preview:large, max-video-preview:-1\" \/>\n<link rel=\"canonical\" href=\"https:\/\/carleton.ca\/ccph\/projects-and-activities\/history-memory-performance-conference\/\" \/>\n<meta name=\"twitter:label1\" content=\"Est. reading time\" \/>\n\t<meta name=\"twitter:data1\" content=\"1 minute\" \/>\n<script type=\"application\/ld+json\" class=\"yoast-schema-graph\">{\"@context\":\"https:\/\/schema.org\",\"@graph\":[{\"@type\":\"WebPage\",\"@id\":\"https:\/\/carleton.ca\/ccph\/projects-and-activities\/history-memory-performance-conference\/\",\"url\":\"https:\/\/carleton.ca\/ccph\/projects-and-activities\/history-memory-performance-conference\/\",\"name\":\"History, Memory, Performance Conference - Carleton Centre for Public History\",\"isPartOf\":{\"@id\":\"https:\/\/carleton.ca\/ccph\/#website\"},\"datePublished\":\"2017-09-26T19:52:04+00:00\",\"dateModified\":\"2017-09-26T20:12:23+00:00\",\"description\":\"History, Memory, Performance History, Memory, Performance was a conference jointly organized by the University of Ottawa's Department of Theatre and the\",\"breadcrumb\":{\"@id\":\"https:\/\/carleton.ca\/ccph\/projects-and-activities\/history-memory-performance-conference\/#breadcrumb\"},\"inLanguage\":\"en-US\",\"potentialAction\":[{\"@type\":\"ReadAction\",\"target\":[\"https:\/\/carleton.ca\/ccph\/projects-and-activities\/history-memory-performance-conference\/\"]}]},{\"@type\":\"BreadcrumbList\",\"@id\":\"https:\/\/carleton.ca\/ccph\/projects-and-activities\/history-memory-performance-conference\/#breadcrumb\",\"itemListElement\":[{\"@type\":\"ListItem\",\"position\":1,\"name\":\"Home\",\"item\":\"https:\/\/carleton.ca\/ccph\/\"},{\"@type\":\"ListItem\",\"position\":2,\"name\":\"Projects\",\"item\":\"https:\/\/carleton.ca\/ccph\/projects-and-activities\/\"},{\"@type\":\"ListItem\",\"position\":3,\"name\":\"History, Memory, Performance Conference\"}]},{\"@type\":\"WebSite\",\"@id\":\"https:\/\/carleton.ca\/ccph\/#website\",\"url\":\"https:\/\/carleton.ca\/ccph\/\",\"name\":\"Carleton Centre for Public History\",\"description\":\"Carleton University\",\"potentialAction\":[{\"@type\":\"SearchAction\",\"target\":{\"@type\":\"EntryPoint\",\"urlTemplate\":\"https:\/\/carleton.ca\/ccph\/?s={search_term_string}\"},\"query-input\":\"required name=search_term_string\"}],\"inLanguage\":\"en-US\"}]}<\/script>\n<!-- \/ Yoast SEO plugin. -->","yoast_head_json":{"title":"History, Memory, Performance Conference - Carleton Centre for Public History","description":"History, Memory, Performance History, Memory, Performance was a conference jointly organized by the University of Ottawa's Department of Theatre and the","robots":{"index":"index","follow":"follow","max-snippet":"max-snippet:-1","max-image-preview":"max-image-preview:large","max-video-preview":"max-video-preview:-1"},"canonical":"https:\/\/carleton.ca\/ccph\/projects-and-activities\/history-memory-performance-conference\/","twitter_misc":{"Est. reading time":"1 minute"},"schema":{"@context":"https:\/\/schema.org","@graph":[{"@type":"WebPage","@id":"https:\/\/carleton.ca\/ccph\/projects-and-activities\/history-memory-performance-conference\/","url":"https:\/\/carleton.ca\/ccph\/projects-and-activities\/history-memory-performance-conference\/","name":"History, Memory, Performance Conference - Carleton Centre for Public History","isPartOf":{"@id":"https:\/\/carleton.ca\/ccph\/#website"},"datePublished":"2017-09-26T19:52:04+00:00","dateModified":"2017-09-26T20:12:23+00:00","description":"History, Memory, Performance History, Memory, Performance was a conference jointly organized by the University of Ottawa's Department of Theatre and the","breadcrumb":{"@id":"https:\/\/carleton.ca\/ccph\/projects-and-activities\/history-memory-performance-conference\/#breadcrumb"},"inLanguage":"en-US","potentialAction":[{"@type":"ReadAction","target":["https:\/\/carleton.ca\/ccph\/projects-and-activities\/history-memory-performance-conference\/"]}]},{"@type":"BreadcrumbList","@id":"https:\/\/carleton.ca\/ccph\/projects-and-activities\/history-memory-performance-conference\/#breadcrumb","itemListElement":[{"@type":"ListItem","position":1,"name":"Home","item":"https:\/\/carleton.ca\/ccph\/"},{"@type":"ListItem","position":2,"name":"Projects","item":"https:\/\/carleton.ca\/ccph\/projects-and-activities\/"},{"@type":"ListItem","position":3,"name":"History, Memory, Performance Conference"}]},{"@type":"WebSite","@id":"https:\/\/carleton.ca\/ccph\/#website","url":"https:\/\/carleton.ca\/ccph\/","name":"Carleton Centre for Public History","description":"Carleton University","potentialAction":[{"@type":"SearchAction","target":{"@type":"EntryPoint","urlTemplate":"https:\/\/carleton.ca\/ccph\/?s={search_term_string}"},"query-input":"required name=search_term_string"}],"inLanguage":"en-US"}]}},"acf":{"banner_image_type":"none"},"_links":{"self":[{"href":"https:\/\/carleton.ca\/ccph\/wp-json\/wp\/v2\/pages\/405"}],"collection":[{"href":"https:\/\/carleton.ca\/ccph\/wp-json\/wp\/v2\/pages"}],"about":[{"href":"https:\/\/carleton.ca\/ccph\/wp-json\/wp\/v2\/types\/page"}],"author":[{"embeddable":true,"href":"https:\/\/carleton.ca\/ccph\/wp-json\/wp\/v2\/users\/7"}],"replies":[{"embeddable":true,"href":"https:\/\/carleton.ca\/ccph\/wp-json\/wp\/v2\/comments?post=405"}],"version-history":[{"count":4,"href":"https:\/\/carleton.ca\/ccph\/wp-json\/wp\/v2\/pages\/405\/revisions"}],"predecessor-version":[{"id":804,"href":"https:\/\/carleton.ca\/ccph\/wp-json\/wp\/v2\/pages\/405\/revisions\/804"}],"up":[{"embeddable":true,"href":"https:\/\/carleton.ca\/ccph\/wp-json\/wp\/v2\/pages\/334"}],"wp:attachment":[{"href":"https:\/\/carleton.ca\/ccph\/wp-json\/wp\/v2\/media?parent=405"}],"curies":[{"name":"wp","href":"https:\/\/api.w.org\/{rel}","templated":true}]}}