{"id":154,"date":"2010-11-15T16:34:32","date_gmt":"2010-11-15T20:34:32","guid":{"rendered":"http:\/\/carleton.ca\/ces\/eulearning\/"},"modified":"2023-10-05T12:26:03","modified_gmt":"2023-10-05T16:26:03","slug":"links-resources","status":"publish","type":"page","link":"https:\/\/carleton.ca\/ces\/eulearning\/links-resources\/","title":{"rendered":"Links &#038; Resources"},"content":{"rendered":"<p><strong>European Union\/ L&#8217;Union Europ\u00e9enne:<\/strong><\/p>\n<ul>\n<li>\n<div><a href=\"http:\/\/europa.eu\/index_en.htm\" target=\"_blank\" rel=\"noopener noreferrer\">Europa: Gateway to the European Union | <\/a><a href=\"http:\/\/www.europa.eu\/index_fr.htm\" target=\"_blank\" rel=\"noopener noreferrer\">FR<\/a><\/div>\n<\/li>\n<li><a href=\"https:\/\/europa.eu\/european-union\/about-eu\/presidents_en\">Presidency of European Parliament, European Council and European Commission<\/a> | <a href=\"https:\/\/europa.eu\/european-union\/about-eu\/presidents_fr\">FR<\/a><\/li>\n<li>\n<div><a href=\"https:\/\/www.eu2018.at\/\">Presidency of the Council of the European Union<\/a> | <a href=\"https:\/\/www.eu2018.at\/fr\/\">FR<\/a><\/div>\n<\/li>\n<li>\n<div><a href=\"http:\/\/www.europarl.europa.eu\/portal\/en\" target=\"_blank\" rel=\"noopener noreferrer\">Europarl: The European Parliament&#8217;s website<\/a> | <a href=\"http:\/\/www.europarl.europa.eu\/portal\/fr\" target=\"_blank\" rel=\"noopener noreferrer\">FR<\/a><\/div>\n<\/li>\n<li>\n<div><a href=\"https:\/\/european-union.europa.eu\/institutions-law-budget\/institutions-and-bodies\/search-all-eu-institutions-and-bodies\/council-european-union_en\">Council of the European Union<\/a> | <a href=\"https:\/\/european-union.europa.eu\/institutions-law-budget\/institutions-and-bodies\/search-all-eu-institutions-and-bodies\/council-european-union_fr\">FR<\/a><\/div>\n<\/li>\n<li>\n<div><a href=\"http:\/\/ec.europa.eu\/index_en.htm\" target=\"_blank\" rel=\"noopener noreferrer\">European Commission<\/a> | <a href=\"http:\/\/ec.europa.eu\/index_fr.htm\" target=\"_blank\" rel=\"noopener noreferrer\">FR<\/a><\/div>\n<\/li>\n<li>\n<div><a href=\"http:\/\/europeanmovement.eu\">European Movement<\/a><\/div>\n<\/li>\n<li>\n<div><a href=\"http:\/\/europa.eu\/europago\/index.htm\" target=\"_blank\" rel=\"noopener noreferrer\">EuropaGo &#8211; Interactive Games\/ Jeux Interactives <\/a><\/div>\n<\/li>\n<li>\n<div><a href=\"https:\/\/www.sporcle.com\/games\/Hejman\/pay_your_union_dues\">European Union Map Quiz<\/a><\/div>\n<\/li>\n<li>\n<div><a href=\"http:\/\/news.bbc.co.uk\/cbbcnews\/hi\/find_out\/guides\/european_union\/newsid_2138000\/2138993.stm\" target=\"_blank\" rel=\"noopener noreferrer\">What is the EU? (from the BBC)<\/a><\/div>\n<\/li>\n<li>\n<div><a href=\"http:\/\/www.vie-publique.fr\/decouverte-institutions\/union-europeenne\/ue-citoyennete\/definition\/qu-est-ce-que-union-europeenne.html\" target=\"_blank\" rel=\"noopener noreferrer\">Qu&#8217;est-ce que l&#8217;Union Europ\u00e9enne? (source: ViePublique.fr)<\/a><\/div>\n<\/li>\n<\/ul>\n<p><strong>Canada-Europe Relations\/ Relations Canada-UE: <\/strong><\/p>\n<ul>\n<li><a href=\"http:\/\/www.canadainternational.gc.ca\/eu-ue\/index.aspx?lang=eng\">Mission of Canada to the European Union<\/a>\/ <a href=\"http:\/\/www.canadainternational.gc.ca\/eu-ue\/index.aspx?lang=fra\">Mission du Canada aupr\u00e8s de l\u2019Union Europ\u00e9enne<\/a><\/li>\n<li>\n<div><a href=\"https:\/\/www.eeas.europa.eu\/delegations\/canada_en?s=220\">Delegation of the European Commission to Canada<\/a><\/div>\n<\/li>\n<\/ul>\n<p><strong>News Sources\/ Nouvelles:<\/strong><\/p>\n<ul>\n<li>\n<div><a href=\"https:\/\/www.economist.com\/sections\/europe\">The Economist<\/a><\/div>\n<\/li>\n<li>\n<div><a href=\"http:\/\/news.bbc.co.uk\/2\/hi\/europe\/default.stm\" target=\"_blank\" rel=\"noopener noreferrer\">BBC News<\/a><\/div>\n<\/li>\n<li>\n<div><a href=\"http:\/\/www.euobserver.com\/\" target=\"_blank\" rel=\"noopener noreferrer\">EU Observer<\/a><\/div>\n<\/li>\n<li>\n<div><a href=\"http:\/\/www.guardian.co.uk\/eu\/0,7368,396838,00.html\" target=\"_blank\" rel=\"noopener noreferrer\">The Guardian: Special Report on the EU<\/a><\/div>\n<\/li>\n<li>\n<div><a href=\"http:\/\/news.bbc.co.uk\/1\/hi\/in_depth\/europe\/2003\/inside_europe\/default.stm#\" target=\"_blank\" rel=\"noopener noreferrer\">Inside Europe: A Guide to the Changing Face of Europe (from the BBC)<\/a><\/div>\n<\/li>\n<li>\n<div><a href=\"http:\/\/www.digitaltveurope.com\/\">Digital TV Europe<\/a><\/div>\n<\/li>\n<li>\n<div><a href=\"https:\/\/ejc.net\/\">EU for Journalists\u00a0<\/a><\/div>\n<\/li>\n<li>\n<div><a href=\"https:\/\/www.euronews.com\/\">Euronews<\/a> | <a href=\"https:\/\/fr.euronews.com\/\">FR<\/a><\/div>\n<\/li>\n<li>\n<div><a href=\"http:\/\/www.europarl.europa.eu\/news\/en\">European Parliament News <\/a>| <a href=\"http:\/\/www.europarl.europa.eu\/news\/fr\">FR <\/a><\/div>\n<\/li>\n<li>\n<div><a href=\"https:\/\/europa.eu\/newsroom\/home_en\" target=\"_blank\" rel=\"noopener noreferrer\">European Union News Room<\/a> | <a href=\"https:\/\/europa.eu\/newsroom\/home_fr\">FR <\/a><\/div>\n<\/li>\n<li>\n<div><a href=\"https:\/\/www.afp.com\/\" target=\"_blank\" rel=\"noopener noreferrer\">Agence France-Press<\/a><\/div>\n<\/li>\n<li>\n<div><a href=\"http:\/\/www.lemonde.fr\/\" target=\"_blank\" rel=\"noopener noreferrer\">Le Monde<\/a><\/div>\n<\/li>\n<li>\n<div><a href=\"http:\/\/www.courrierinternational.com\/\" target=\"_blank\" rel=\"noopener noreferrer\">Courrier International <\/a><\/div>\n<\/li>\n<\/ul>\n<h3><strong>Responses to Climate Change in Canada and the EU\/ Traitement du Changement Climatique au Canada et dans l&#8217;Union Europ\u00e9enne<\/strong><\/h3>\n<blockquote><p><strong>Europe<\/strong><\/p><\/blockquote>\n<ul>\n<li>\n<div><a href=\"http:\/\/ec.europa.eu\/environment\/climat\/eccp.htm\" target=\"_blank\" rel=\"noopener noreferrer\">Europa: European Climate Change Program<\/a><\/div>\n<\/li>\n<li>\n<div><a href=\"https:\/\/ec.europa.eu\/clima\/sites\/clima\/files\/youth\/docs\/youth_magazine_en.pdf\">Europa: The European Climate Change Brochure <\/a><\/div>\n<\/li>\n<li>\n<div><a href=\"https:\/\/ec.europa.eu\/clima\/change\/consequences_en\">Europa: The Effects of Climate Change in Europe<\/a><\/div>\n<\/li>\n<li>\n<div><a href=\"http:\/\/europa.eu\/legislation_summaries\/environment\/tackling_climate_change\/index_fr.htm\" target=\"_blank\" rel=\"noopener noreferrer\">Activit\u00e9s de l&#8217;Union Europ\u00e9enne: Lutte Contre le Changement Climatique<\/a><\/div>\n<\/li>\n<\/ul>\n<blockquote><p><strong>Canada<\/strong><\/p><\/blockquote>\n<ul>\n<li>\n<div><a href=\"https:\/\/davidsuzuki.org\/\">The David Suzuki Foundation<\/a><\/div>\n<\/li>\n<li>\n<div><a href=\"http:\/\/www.pembina.org\">The Pembina Institute <\/a><\/div>\n<\/li>\n<li>\n<div><a href=\"http:\/\/www.ec.gc.ca\/default.asp?lang=En&amp;n=FD9B0E51-1\" target=\"_blank\" rel=\"noopener noreferrer\">Environment Canada <\/a><a href=\"http:\/\/www.ec.gc.ca\/default.asp?lang=Fr&amp;n=FD9B0E51-1\" target=\"_blank\" rel=\"noopener noreferrer\">| FR<\/a><\/div>\n<\/li>\n<li>\n<div><a href=\"http:\/\/www.equiterre.org\/\" target=\"_blank\" rel=\"noopener noreferrer\">Equiterre: Pour les choix \u00e9cologiques et socialement \u00e9quitables<\/a><\/div>\n<\/li>\n<\/ul>\n<blockquote><p><strong>United Nations<\/strong><\/p><\/blockquote>\n<ul>\n<li>\n<div><a href=\"http:\/\/unfccc.int\/2860.php\" target=\"_blank\" rel=\"noopener noreferrer\">United Nations Framework Convention on Climate Change<\/a> | <a href=\"http:\/\/unfccc.int\/portal_francophone\/items\/3072.php\" target=\"_blank\" rel=\"noopener noreferrer\">FR<\/a><\/div>\n<\/li>\n<\/ul>\n<h3>Dictionaries and Encyclopedias\/ Dictionnaires et Encyclop\u00e9dies:<\/h3>\n<ul>\n<li>\n<div><a href=\"http:\/\/en.euabc.com\/page\/207\" target=\"_blank\" rel=\"noopener noreferrer\">EUABC<\/a> | <a href=\"http:\/\/fr.euabc.com\/page\/120\" target=\"_blank\" rel=\"noopener noreferrer\">FR<\/a><\/div>\n<\/li>\n<li>\n<div><a href=\"http:\/\/www.encyclopedia.com\/\" target=\"_blank\" rel=\"noopener noreferrer\">Encyclopedia.com<\/a><\/div>\n<\/li>\n<li>\n<div><a href=\"http:\/\/www.britannica.com\/\" target=\"_blank\" rel=\"noopener noreferrer\">Encyclopaedia Britannica<\/a><\/div>\n<\/li>\n<li>\n<div><a href=\"http:\/\/www.diploweb.com\/p6ferre01.htm\" target=\"_blank\" rel=\"noopener noreferrer\">Dictionnaire de l&#8217;Union Europ\u00e9enne<\/a><\/div>\n<\/li>\n<li><a href=\"https:\/\/www.wordreference.com\/\">Wordreference.com<\/a><\/li>\n<\/ul>\n<h3>Post-Secondary Programs:<\/h3>\n<ul>\n<li>\n<div><a href=\"http:\/\/www.carleton.ca\/eurus\" target=\"_blank\" rel=\"noopener noreferrer\">Carleton University &#8211; Institute of European and Russian Studies<\/a><\/div>\n<\/li>\n<li><a href=\"https:\/\/ces.ubc.ca\/\">University of British Columbia &#8211; Institute for European Studies<\/a><\/li>\n<li><a href=\"https:\/\/www.uoguelph.ca\/arts\/solal\/programs\/european-studies\">University of Guelph &#8211; European Studies<\/a><\/li>\n<li><a href=\"https:\/\/admission.umontreal.ca\/programmes\/maitrise-en-etudes-internationales-option-etudes-europeennes\/\">University of Montreal and McGill University &#8211; European Studies \/ \u00c9tudes \u00e9urop\u00e9ennes<\/a><\/li>\n<li>\n<div><a href=\"https:\/\/munkschool.utoronto.ca\/ceres\/\">University of Toronto &#8211; Centre for European, Russian, and Eurasian Studies\u00a0<\/a><\/div>\n<\/li>\n<li><a href=\"https:\/\/www.uvic.ca\/humanities\/intd\/europe\/index.php\">University of Victoria &#8211; European Studies Program<\/a><\/li>\n<li><a href=\"https:\/\/futurestudents.yorku.ca\/graduate\/programs\/diplomas\/european-studies\">York University &#8211; European Studies &#8211; Department of Humanities<\/a><\/li>\n<\/ul>\n","protected":false},"excerpt":{"rendered":"<p>European Union\/ L&#8217;Union Europ\u00e9enne: Europa: Gateway to the European Union | FR Presidency of European Parliament, European Council and European Commission | FR Presidency of the Council of the European Union | FR Europarl: The European Parliament&#8217;s website | FR Council of the European Union | FR European Commission | FR European Movement EuropaGo &#8211; [&hellip;]<\/p>\n","protected":false},"author":3,"featured_media":0,"parent":0,"menu_order":9,"comment_status":"closed","ping_status":"closed","template":"","meta":{"_relevanssi_hide_post":"","_relevanssi_hide_content":"","_relevanssi_pin_for_all":"","_relevanssi_pin_keywords":"","_relevanssi_unpin_keywords":"","_relevanssi_related_keywords":"","_relevanssi_related_include_ids":"","_relevanssi_related_exclude_ids":"","_relevanssi_related_no_append":"","_relevanssi_related_not_related":"","_relevanssi_related_posts":"","_relevanssi_noindex_reason":"","_mi_skip_tracking":false,"_exactmetrics_sitenote_active":false,"_exactmetrics_sitenote_note":"","_exactmetrics_sitenote_category":0,"footnotes":"","_links_to":"","_links_to_target":""},"yoast_head":"<!-- This site is optimized with the Yoast SEO plugin v21.2 - https:\/\/yoast.com\/wordpress\/plugins\/seo\/ -->\n<title>Links &amp; Resources - EU Learning<\/title>\n<meta name=\"description\" content=\"European Union\/ L&#039;Union Europ\u00e9enne: Europa: Gateway to the European Union | FR Presidency of European Parliament, European Council and European Commission\" \/>\n<meta name=\"robots\" content=\"index, follow, max-snippet:-1, max-image-preview:large, max-video-preview:-1\" \/>\n<link rel=\"canonical\" href=\"https:\/\/carleton.ca\/ces\/eulearning\/links-resources\/\" \/>\n<meta name=\"twitter:label1\" content=\"Est. reading time\" \/>\n\t<meta name=\"twitter:data1\" content=\"2 minutes\" \/>\n<script type=\"application\/ld+json\" class=\"yoast-schema-graph\">{\"@context\":\"https:\/\/schema.org\",\"@graph\":[{\"@type\":\"WebPage\",\"@id\":\"https:\/\/carleton.ca\/ces\/eulearning\/links-resources\/\",\"url\":\"https:\/\/carleton.ca\/ces\/eulearning\/links-resources\/\",\"name\":\"Links & Resources - EU Learning\",\"isPartOf\":{\"@id\":\"https:\/\/carleton.ca\/ces\/eulearning\/#website\"},\"datePublished\":\"2010-11-15T20:34:32+00:00\",\"dateModified\":\"2023-10-05T16:26:03+00:00\",\"description\":\"European Union\/ L'Union Europ\u00e9enne: Europa: Gateway to the European Union | FR Presidency of European Parliament, European Council and European Commission\",\"breadcrumb\":{\"@id\":\"https:\/\/carleton.ca\/ces\/eulearning\/links-resources\/#breadcrumb\"},\"inLanguage\":\"en-US\",\"potentialAction\":[{\"@type\":\"ReadAction\",\"target\":[\"https:\/\/carleton.ca\/ces\/eulearning\/links-resources\/\"]}]},{\"@type\":\"BreadcrumbList\",\"@id\":\"https:\/\/carleton.ca\/ces\/eulearning\/links-resources\/#breadcrumb\",\"itemListElement\":[{\"@type\":\"ListItem\",\"position\":1,\"name\":\"Home\",\"item\":\"https:\/\/carleton.ca\/ces\/eulearning\/\"},{\"@type\":\"ListItem\",\"position\":2,\"name\":\"Links &#038; Resources\"}]},{\"@type\":\"WebSite\",\"@id\":\"https:\/\/carleton.ca\/ces\/eulearning\/#website\",\"url\":\"https:\/\/carleton.ca\/ces\/eulearning\/\",\"name\":\"EU Learning\",\"description\":\"Carleton University\",\"potentialAction\":[{\"@type\":\"SearchAction\",\"target\":{\"@type\":\"EntryPoint\",\"urlTemplate\":\"https:\/\/carleton.ca\/ces\/eulearning\/?s={search_term_string}\"},\"query-input\":\"required name=search_term_string\"}],\"inLanguage\":\"en-US\"}]}<\/script>\n<!-- \/ Yoast SEO plugin. -->","yoast_head_json":{"title":"Links & Resources - EU Learning","description":"European Union\/ L'Union Europ\u00e9enne: Europa: Gateway to the European Union | FR Presidency of European Parliament, European Council and European Commission","robots":{"index":"index","follow":"follow","max-snippet":"max-snippet:-1","max-image-preview":"max-image-preview:large","max-video-preview":"max-video-preview:-1"},"canonical":"https:\/\/carleton.ca\/ces\/eulearning\/links-resources\/","twitter_misc":{"Est. reading time":"2 minutes"},"schema":{"@context":"https:\/\/schema.org","@graph":[{"@type":"WebPage","@id":"https:\/\/carleton.ca\/ces\/eulearning\/links-resources\/","url":"https:\/\/carleton.ca\/ces\/eulearning\/links-resources\/","name":"Links & Resources - EU Learning","isPartOf":{"@id":"https:\/\/carleton.ca\/ces\/eulearning\/#website"},"datePublished":"2010-11-15T20:34:32+00:00","dateModified":"2023-10-05T16:26:03+00:00","description":"European Union\/ L'Union Europ\u00e9enne: Europa: Gateway to the European Union | FR Presidency of European Parliament, European Council and European Commission","breadcrumb":{"@id":"https:\/\/carleton.ca\/ces\/eulearning\/links-resources\/#breadcrumb"},"inLanguage":"en-US","potentialAction":[{"@type":"ReadAction","target":["https:\/\/carleton.ca\/ces\/eulearning\/links-resources\/"]}]},{"@type":"BreadcrumbList","@id":"https:\/\/carleton.ca\/ces\/eulearning\/links-resources\/#breadcrumb","itemListElement":[{"@type":"ListItem","position":1,"name":"Home","item":"https:\/\/carleton.ca\/ces\/eulearning\/"},{"@type":"ListItem","position":2,"name":"Links &#038; Resources"}]},{"@type":"WebSite","@id":"https:\/\/carleton.ca\/ces\/eulearning\/#website","url":"https:\/\/carleton.ca\/ces\/eulearning\/","name":"EU Learning","description":"Carleton University","potentialAction":[{"@type":"SearchAction","target":{"@type":"EntryPoint","urlTemplate":"https:\/\/carleton.ca\/ces\/eulearning\/?s={search_term_string}"},"query-input":"required name=search_term_string"}],"inLanguage":"en-US"}]}},"acf":{"banner_image_type":"none","banner_button":"no"},"_links":{"self":[{"href":"https:\/\/carleton.ca\/ces\/eulearning\/wp-json\/wp\/v2\/pages\/154"}],"collection":[{"href":"https:\/\/carleton.ca\/ces\/eulearning\/wp-json\/wp\/v2\/pages"}],"about":[{"href":"https:\/\/carleton.ca\/ces\/eulearning\/wp-json\/wp\/v2\/types\/page"}],"author":[{"embeddable":true,"href":"https:\/\/carleton.ca\/ces\/eulearning\/wp-json\/wp\/v2\/users\/3"}],"replies":[{"embeddable":true,"href":"https:\/\/carleton.ca\/ces\/eulearning\/wp-json\/wp\/v2\/comments?post=154"}],"version-history":[{"count":7,"href":"https:\/\/carleton.ca\/ces\/eulearning\/wp-json\/wp\/v2\/pages\/154\/revisions"}],"predecessor-version":[{"id":3444,"href":"https:\/\/carleton.ca\/ces\/eulearning\/wp-json\/wp\/v2\/pages\/154\/revisions\/3444"}],"wp:attachment":[{"href":"https:\/\/carleton.ca\/ces\/eulearning\/wp-json\/wp\/v2\/media?parent=154"}],"curies":[{"name":"wp","href":"https:\/\/api.w.org\/{rel}","templated":true}]}}