{"id":443,"date":"2010-11-24T12:41:48","date_gmt":"2010-11-24T16:41:48","guid":{"rendered":"http:\/\/carleton.ca\/ces\/eulearning\/"},"modified":"2023-10-12T13:32:14","modified_gmt":"2023-10-12T17:32:14","slug":"case-study-headscarves-and-french-schools","status":"publish","type":"page","link":"https:\/\/carleton.ca\/ces\/eulearning\/politics\/human-rights\/case-study-headscarves-and-french-schools\/","title":{"rendered":"Case Study: Headscarves and French Schools"},"content":{"rendered":"<p><strong>The Issue<\/strong><\/p>\n<p>In the fall of 2004, the French government placed into effect new legislation banning the display of &#8220;conspicuous&#8221; religious symbols in state schools and hospitals. Thousands of Muslim girls are no longer allowed to wear their <a href=\"https:\/\/www.britannica.com\/topic\/hijab\" target=\"_blank\" rel=\"noopener noreferrer\">headscarves<\/a>. Likewise, Jewish students are no longer permitted to wear their <a href=\"http:\/\/www.jewishvirtuallibrary.org\/jsource\/Judaism\/Kippah.html\" target=\"_blank\" rel=\"noopener noreferrer\">yarmulkes<\/a> to public school. This legislation also applies to other religious symbols, such as Christian crucifixes above a certain size.<\/p>\n<p><strong>What&#8217;s the problem? <\/strong><\/p>\n<p>Why does this new legislation pose a problem for people? Religious groups affected by this new legislation feel that their right to practice their religion has been violated. According to some Muslims, wearing the headscarf is an essential part of their religion, along with prayer and ceremonies.<\/p>\n<p><img decoding=\"async\" loading=\"lazy\" class=\"alignright size-large wp-image-1486\" title=\"Headscarf\" src=\"http:\/\/carleton.ca\/ces\/eulearning\/wp-content\/uploads\/Case-Study-Headscarves-Section-Woman-wearing-headscarf-400x370.jpg\" alt=\"\" width=\"280\" height=\"259\" \/><\/p>\n<p>Article 10 of the European Union&#8217;s Charter of Fundamental Rights states that:<\/p>\n<p><em>Everyone has the right to freedom of thought, conscience and religion. This right includes freedom to change religion or belief and freedom, either alone or in community with others and <strong>in public or in private<\/strong>, <strong>to manifest religion or belief, in worship, teaching, practice and observance<\/strong>.<\/em><img decoding=\"async\" loading=\"lazy\" class=\"alignright size-full wp-image-497\" title=\"islam\" src=\"http:\/\/carleton.ca\/ces\/eulearning\/wp-content\/uploads\/islam.jpeg\" alt=\"\" width=\"84\" height=\"103\" \/><\/p>\n<p><b>How can the French government prohibit people from practicing\u00a0their religion?<\/b><\/p>\n<p>The answer from the French government is that it is not preventing people from practicing their religion. People are still free to observe their faith at home, but wearing conspicuous religious symbols that can publicly identify someone as belonging to a certain religion only threatens the unity of French society, said <img decoding=\"async\" loading=\"lazy\" class=\"alignright size-full wp-image-499\" title=\"cross\" src=\"http:\/\/carleton.ca\/ces\/eulearning\/wp-content\/uploads\/cross.jpeg\" alt=\"\" width=\"103\" height=\"128\" \/>President Jacques Chirac. To maintain the <strong>secularity<\/strong> of the country, religious symbols should be displayed only in the private sphere, not in state buildings.<\/p>\n<p><strong>What are the impacts of this legislation?<\/strong><\/p>\n<p><img decoding=\"async\" loading=\"lazy\" class=\"alignleft size-full wp-image-498\" title=\"law\" src=\"http:\/\/carleton.ca\/ces\/eulearning\/wp-content\/uploads\/law.jpeg\" alt=\"\" width=\"91\" height=\"110\" \/>Some Muslims consider the wearing of headscarves as an essential part of respect of their religion. While some Muslim girls have chosen to comply with the government&#8217;s legislation, others refuse to do the same on the grounds that the government is infringing on their religious rights. These girls have either been penalized by the schools (through suspension and expulsion), or t<img decoding=\"async\" loading=\"lazy\" class=\"alignright size-full wp-image-500\" title=\"judaism\" src=\"http:\/\/carleton.ca\/ces\/eulearning\/wp-content\/uploads\/judaism.jpeg\" alt=\"\" width=\"103\" height=\"101\" \/>hey have withdrawn attendance from public state schools and enrolled in private Muslim schools.<\/p>\n<p><strong>Some Viewpoints<\/strong><\/p>\n<table class=\"cutable\" style=\"width: 100%; border: 0pt solid #e6e6e6;\" border=\"0\" cellspacing=\"0\" cellpadding=\"0\">\n<tbody>\n<tr>\n<td>Arguments in favour of the legislation:<\/td>\n<td>Arguments against the legislation:<\/td>\n<\/tr>\n<tr>\n<td>It eliminates religious tension in the public sphere because people can no longer see visible signs suggesting ones&#8217; religion. The idea is that students should leave their religious clothing home, so that when they arrive at school they integrate more easily with other students.<\/p>\n<p>Some argue the headscarf is a symbol of &#8220;female oppression&#8221; in Muslim society. It symbolizes the division between men and women, and the inferior role of women in Muslim culture. By requiring Muslim girls to remove their headscarves at school, this legislation can help these girls recognize their equality among their peers.<\/td>\n<td>Those who are against the ban on religious symbols argue that wearing religious clothing is a matter of personal choice. It is not meant to instigate ethnic tensions by raising controversial issues.<\/p>\n<p>The ban on religious symbols will further segregate, rather than integrate, French society. Those who wish to respect their religion and continue wearing their religious apparel will be forced to withdraw from state schools and seek education elsewhere.<\/td>\n<\/tr>\n<\/tbody>\n<\/table>\n<p><strong><img decoding=\"async\" loading=\"lazy\" class=\"alignnone size-full wp-image-250\" title=\"news002\" src=\"http:\/\/carleton.ca\/ces\/eulearning\/wp-content\/uploads\/news002.gif\" alt=\"\" width=\"34\" height=\"28\" \/>NEWS LINKS<img decoding=\"async\" loading=\"lazy\" class=\"alignnone size-full wp-image-250\" title=\"news002\" src=\"http:\/\/carleton.ca\/ces\/eulearning\/wp-content\/uploads\/news002.gif\" alt=\"\" width=\"34\" height=\"28\" \/><\/strong><\/p>\n<p><a href=\"http:\/\/www.cnn.com\/2004\/WORLD\/europe\/01\/17\/france.headscarves\/index.html?iref=storysearch\" target=\"_blank\" rel=\"noopener noreferrer\">Muslims protest at headscarf ban<\/a> from CNN<br \/>\n<a href=\"http:\/\/www.cnn.com\/2004\/WORLD\/europe\/02\/10\/france.headscarves\/index.html?iref=storysearch\" target=\"_blank\" rel=\"noopener noreferrer\">France backs school head scarf ban<\/a> from CNN<br \/>\n<a href=\"https:\/\/www.cbc.ca\/news2\/background\/islam\/hijab.html\" target=\"_blank\" rel=\"noopener noreferrer\">France&#8217;s Hijab ban<\/a> from CBC News<br \/>\n<a href=\"http:\/\/news.bbc.co.uk\/1\/hi\/world\/europe\/3619988.stm\" target=\"_blank\" rel=\"noopener noreferrer\">French Scarf Ban Comes into Force<\/a> from BBC News<br \/>\n<a href=\"https:\/\/www.vie-publique.fr\/discours\/140444-allocution-de-m-jacques-chirac-president-de-la-republique-sur-la-laic\" target=\"_blank\" rel=\"noopener noreferrer\">Discours de Jacques Chirac au sujet de la la\u00efcit\u00e9 dans la soci\u00e9t\u00e9 fran\u00e7aise, le 17 d\u00e9cembre 2003<\/a><br \/>\n<a href=\"https:\/\/www.education.gouv.fr\/bo\/2004\/21\/MENG0401138C.htm\">Respect de la La\u00efcit\u00e9 (Minist\u00e8re de l&#8217;\u00e9ducation Nationale)<\/a><br \/>\n<a href=\"http:\/\/www.legifrance.gouv.fr\/WAspad\/UnTexteDeJorf?numjo=MENX0400001L\" target=\"_blank\" rel=\"noopener noreferrer\">LOI n\u00b0 2004-228 du 15 mars 2004<\/a> portant sur les signes religieux dans les \u00e9coles (L\u00e9gifrance.gouv.fr)<br \/>\n<a href=\"http:\/\/www.bayrou.fr\/article\/laicite\" target=\"_blank\" rel=\"noopener noreferrer\">Fran\u00e7ois Bayrou (ministre de l&#8217;\u00e9ducation nationale en 2004) discute l&#8217;importance de la la\u00efcit\u00e9 <\/a> (La France de Toutes Nos Forces)<\/p>\n<p>This is what <a href=\"http:\/\/www.hrw.org\/english\/docs\/2004\/02\/26\/france7666.htm\" target=\"_blank\" rel=\"noopener noreferrer\">Human Rights Watch<\/a> has to say about the issue.<\/p>\n<p><strong>Opinions<\/strong>:<\/p>\n<p>Check out these different <a href=\"http:\/\/news.bbc.co.uk\/1\/hi\/world\/europe\/3459963.stm\" target=\"_blank\" rel=\"noopener noreferrer\">opinions on the headscarf ban<\/a>.<\/p>\n<p><strong>Background: <\/strong><\/p>\n<p><a href=\"http:\/\/news.bbc.co.uk\/1\/hi\/world\/europe\/3325285.stm\" target=\"_blank\" rel=\"noopener noreferrer\">France&#8217;s Secular Traditions<\/a><\/p>\n<p><strong>Some Vocabulary:<\/strong><\/p>\n<p><strong>Secular<\/strong>: refers to non-association with religion<\/p>\n<p><strong>Laicism:<\/strong> a political system characterized by the separation between church (or religion), and state<\/p>\n<p><strong>Questions<\/strong><\/p>\n<ol>\n<li>Based on the links you have just read, what is the approximate percentage of the French population that is Muslim?<\/li>\n<li>In 1989, a court ruled that the wearing of religious insignia in state schools was permissible as long as it was not done with the aim of &#8220;pressure, provocation, proselytism or propaganda&#8221;. How would you define what is appropriate or inappropriate?<\/li>\n<li>What other ethnic and\/or religious group does this law affect?<\/li>\n<\/ol>\n<p>Find out about more human rights issues in the next section on <a href=\"https:\/\/carleton.ca\/ces\/eulearning\/politics\/human-rights\/immigration-and-asylum-some-concerns-for-europe\/\">immigration<\/a>.<\/p>\n","protected":false},"excerpt":{"rendered":"<p>The Issue In the fall of 2004, the French government placed into effect new legislation banning the display of &#8220;conspicuous&#8221; religious symbols in state schools and hospitals. Thousands of Muslim girls are no longer allowed to wear their headscarves. Likewise, Jewish students are no longer permitted to wear their yarmulkes to public school. This legislation [&hellip;]<\/p>\n","protected":false},"author":3,"featured_media":0,"parent":89,"menu_order":0,"comment_status":"closed","ping_status":"closed","template":"","meta":{"_relevanssi_hide_post":"","_relevanssi_hide_content":"","_relevanssi_pin_for_all":"","_relevanssi_pin_keywords":"","_relevanssi_unpin_keywords":"","_relevanssi_related_keywords":"","_relevanssi_related_include_ids":"","_relevanssi_related_exclude_ids":"","_relevanssi_related_no_append":"","_relevanssi_related_not_related":"","_relevanssi_related_posts":"","_relevanssi_noindex_reason":"","_mi_skip_tracking":false,"_exactmetrics_sitenote_active":false,"_exactmetrics_sitenote_note":"","_exactmetrics_sitenote_category":0,"footnotes":"","_links_to":"","_links_to_target":""},"yoast_head":"<!-- This site is optimized with the Yoast SEO plugin v21.2 - https:\/\/yoast.com\/wordpress\/plugins\/seo\/ -->\n<title>Case Study: Headscarves and French Schools - EU Learning<\/title>\n<meta name=\"description\" content=\"The Issue In the fall of 2004, the French government placed into effect new legislation banning the display of &quot;conspicuous&quot; religious symbols in state\" \/>\n<meta name=\"robots\" content=\"index, follow, max-snippet:-1, max-image-preview:large, max-video-preview:-1\" \/>\n<link rel=\"canonical\" href=\"https:\/\/carleton.ca\/ces\/eulearning\/politics\/human-rights\/case-study-headscarves-and-french-schools\/\" \/>\n<meta name=\"twitter:label1\" content=\"Est. reading time\" \/>\n\t<meta name=\"twitter:data1\" content=\"4 minutes\" \/>\n<script type=\"application\/ld+json\" class=\"yoast-schema-graph\">{\"@context\":\"https:\/\/schema.org\",\"@graph\":[{\"@type\":\"WebPage\",\"@id\":\"https:\/\/carleton.ca\/ces\/eulearning\/politics\/human-rights\/case-study-headscarves-and-french-schools\/\",\"url\":\"https:\/\/carleton.ca\/ces\/eulearning\/politics\/human-rights\/case-study-headscarves-and-french-schools\/\",\"name\":\"Case Study: Headscarves and French Schools - EU Learning\",\"isPartOf\":{\"@id\":\"https:\/\/carleton.ca\/ces\/eulearning\/#website\"},\"datePublished\":\"2010-11-24T16:41:48+00:00\",\"dateModified\":\"2023-10-12T17:32:14+00:00\",\"description\":\"The Issue In the fall of 2004, the French government placed into effect new legislation banning the display of \\\"conspicuous\\\" religious symbols in state\",\"breadcrumb\":{\"@id\":\"https:\/\/carleton.ca\/ces\/eulearning\/politics\/human-rights\/case-study-headscarves-and-french-schools\/#breadcrumb\"},\"inLanguage\":\"en-US\",\"potentialAction\":[{\"@type\":\"ReadAction\",\"target\":[\"https:\/\/carleton.ca\/ces\/eulearning\/politics\/human-rights\/case-study-headscarves-and-french-schools\/\"]}]},{\"@type\":\"BreadcrumbList\",\"@id\":\"https:\/\/carleton.ca\/ces\/eulearning\/politics\/human-rights\/case-study-headscarves-and-french-schools\/#breadcrumb\",\"itemListElement\":[{\"@type\":\"ListItem\",\"position\":1,\"name\":\"Home\",\"item\":\"https:\/\/carleton.ca\/ces\/eulearning\/\"},{\"@type\":\"ListItem\",\"position\":2,\"name\":\"Politics\",\"item\":\"https:\/\/carleton.ca\/ces\/eulearning\/politics\/\"},{\"@type\":\"ListItem\",\"position\":3,\"name\":\"Human Rights\",\"item\":\"https:\/\/carleton.ca\/ces\/eulearning\/politics\/human-rights\/\"},{\"@type\":\"ListItem\",\"position\":4,\"name\":\"Case Study: Headscarves and French Schools\"}]},{\"@type\":\"WebSite\",\"@id\":\"https:\/\/carleton.ca\/ces\/eulearning\/#website\",\"url\":\"https:\/\/carleton.ca\/ces\/eulearning\/\",\"name\":\"EU Learning\",\"description\":\"Carleton University\",\"potentialAction\":[{\"@type\":\"SearchAction\",\"target\":{\"@type\":\"EntryPoint\",\"urlTemplate\":\"https:\/\/carleton.ca\/ces\/eulearning\/?s={search_term_string}\"},\"query-input\":\"required name=search_term_string\"}],\"inLanguage\":\"en-US\"}]}<\/script>\n<!-- \/ Yoast SEO plugin. -->","yoast_head_json":{"title":"Case Study: Headscarves and French Schools - EU Learning","description":"The Issue In the fall of 2004, the French government placed into effect new legislation banning the display of \"conspicuous\" religious symbols in state","robots":{"index":"index","follow":"follow","max-snippet":"max-snippet:-1","max-image-preview":"max-image-preview:large","max-video-preview":"max-video-preview:-1"},"canonical":"https:\/\/carleton.ca\/ces\/eulearning\/politics\/human-rights\/case-study-headscarves-and-french-schools\/","twitter_misc":{"Est. reading time":"4 minutes"},"schema":{"@context":"https:\/\/schema.org","@graph":[{"@type":"WebPage","@id":"https:\/\/carleton.ca\/ces\/eulearning\/politics\/human-rights\/case-study-headscarves-and-french-schools\/","url":"https:\/\/carleton.ca\/ces\/eulearning\/politics\/human-rights\/case-study-headscarves-and-french-schools\/","name":"Case Study: Headscarves and French Schools - EU Learning","isPartOf":{"@id":"https:\/\/carleton.ca\/ces\/eulearning\/#website"},"datePublished":"2010-11-24T16:41:48+00:00","dateModified":"2023-10-12T17:32:14+00:00","description":"The Issue In the fall of 2004, the French government placed into effect new legislation banning the display of \"conspicuous\" religious symbols in state","breadcrumb":{"@id":"https:\/\/carleton.ca\/ces\/eulearning\/politics\/human-rights\/case-study-headscarves-and-french-schools\/#breadcrumb"},"inLanguage":"en-US","potentialAction":[{"@type":"ReadAction","target":["https:\/\/carleton.ca\/ces\/eulearning\/politics\/human-rights\/case-study-headscarves-and-french-schools\/"]}]},{"@type":"BreadcrumbList","@id":"https:\/\/carleton.ca\/ces\/eulearning\/politics\/human-rights\/case-study-headscarves-and-french-schools\/#breadcrumb","itemListElement":[{"@type":"ListItem","position":1,"name":"Home","item":"https:\/\/carleton.ca\/ces\/eulearning\/"},{"@type":"ListItem","position":2,"name":"Politics","item":"https:\/\/carleton.ca\/ces\/eulearning\/politics\/"},{"@type":"ListItem","position":3,"name":"Human Rights","item":"https:\/\/carleton.ca\/ces\/eulearning\/politics\/human-rights\/"},{"@type":"ListItem","position":4,"name":"Case Study: Headscarves and French Schools"}]},{"@type":"WebSite","@id":"https:\/\/carleton.ca\/ces\/eulearning\/#website","url":"https:\/\/carleton.ca\/ces\/eulearning\/","name":"EU Learning","description":"Carleton University","potentialAction":[{"@type":"SearchAction","target":{"@type":"EntryPoint","urlTemplate":"https:\/\/carleton.ca\/ces\/eulearning\/?s={search_term_string}"},"query-input":"required name=search_term_string"}],"inLanguage":"en-US"}]}},"acf":{"banner_image_type":"none","banner_button":"no"},"_links":{"self":[{"href":"https:\/\/carleton.ca\/ces\/eulearning\/wp-json\/wp\/v2\/pages\/443"}],"collection":[{"href":"https:\/\/carleton.ca\/ces\/eulearning\/wp-json\/wp\/v2\/pages"}],"about":[{"href":"https:\/\/carleton.ca\/ces\/eulearning\/wp-json\/wp\/v2\/types\/page"}],"author":[{"embeddable":true,"href":"https:\/\/carleton.ca\/ces\/eulearning\/wp-json\/wp\/v2\/users\/3"}],"replies":[{"embeddable":true,"href":"https:\/\/carleton.ca\/ces\/eulearning\/wp-json\/wp\/v2\/comments?post=443"}],"version-history":[{"count":2,"href":"https:\/\/carleton.ca\/ces\/eulearning\/wp-json\/wp\/v2\/pages\/443\/revisions"}],"predecessor-version":[{"id":3488,"href":"https:\/\/carleton.ca\/ces\/eulearning\/wp-json\/wp\/v2\/pages\/443\/revisions\/3488"}],"up":[{"embeddable":true,"href":"https:\/\/carleton.ca\/ces\/eulearning\/wp-json\/wp\/v2\/pages\/89"}],"wp:attachment":[{"href":"https:\/\/carleton.ca\/ces\/eulearning\/wp-json\/wp\/v2\/media?parent=443"}],"curies":[{"name":"wp","href":"https:\/\/api.w.org\/{rel}","templated":true}]}}