{"id":767,"date":"2010-12-08T16:33:55","date_gmt":"2010-12-08T20:33:55","guid":{"rendered":"http:\/\/carleton.ca\/ces\/eulearning\/"},"modified":"2025-10-02T16:13:08","modified_gmt":"2025-10-02T20:13:08","slug":"french","status":"publish","type":"page","link":"https:\/\/carleton.ca\/ces\/eulearning\/culture\/languages-of-the-eu\/french\/","title":{"rendered":"French"},"content":{"rendered":"<div id=\"attachment_784\" class=\"wp-caption alignright\" style=\"width: 291px\"><img decoding=\"async\" loading=\"lazy\" class=\"size-full wp-image-784\" title=\"Louvre2\" src=\"http:\/\/carleton.ca\/ces\/eulearning\/wp-content\/uploads\/Louvre2.jpg\" alt=\"\" width=\"291\" height=\"142\" srcset=\"https:\/\/carleton.ca\/ces\/eulearning\/wp-content\/uploads\/Louvre2.jpg 291w, https:\/\/carleton.ca\/ces\/eulearning\/wp-content\/uploads\/Louvre2-160x78.jpg 160w, https:\/\/carleton.ca\/ces\/eulearning\/wp-content\/uploads\/Louvre2-240x117.jpg 240w\" sizes=\"(max-width: 291px) 100vw, 291px\" \/><p class=\"wp-caption-text\">Source: Mus\u00e9e du Louvre<\/p><\/div>\n<p>French belongs to the Romance group of languages, which are a group of closely related vernaculars descended from Latin, forming part of the Italic branch of Indo-European languages. The designation &#8220;Romance&#8221; is derived from the Latin phrase romanica loqui, &#8220;to speak in Roman fashion,&#8221; which attests to the popular, rather than literary, origins of the languages [<a href=\"#one\">1<\/a>].<\/p>\n<p>French is spoken by an estimated 128 million people worldwide. It is the official &#8211; or co-official &#8211; language of France and 24 other countries, including Canada, Belgium, Luxembourg, Switzerland, Monaco, Senegal and Guinea [<a href=\"#two\">2<\/a>]. In Canada, approximately 9.2 million people speak French, with nearly 4 million speaking French only [<a href=\"#three\">3<\/a>]. There are also French speaking communities in countries around the world, including Lebanon, Cambodia, Laos, Mauritania, the USA, and Vietnam [<a href=\"#four\">4<\/a>]. French is the second most commonly-taught language in the world (after English), and between 100-110 million students of all ages who do not live in a francophone country have learned or are learning French in order to communicate with Francophones [<a href=\"#five\">5<\/a>]. French is used as an administrative language in organizations including the United Nations (UN), North Atlantic Treaty Organisation (NATO), World Health Organisation (WHO), International Olympic Committee (IOC), and the European Union [<a href=\"#six\">6<\/a>].<\/p>\n<p><strong>Useful Expressions:<\/strong><\/p>\n<table class=\"cutable\" style=\"width: 100%;\" border=\"0\" cellspacing=\"0\" cellpadding=\"0\">\n<tbody>\n<tr>\n<td width=\"41%\">\n<div>Hello<\/div>\n<\/td>\n<td width=\"59%\">\n<div>Bonjour<\/div>\n<\/td>\n<\/tr>\n<tr>\n<td>\n<div>Goodbye<\/div>\n<\/td>\n<td>\n<div>Au revoir<\/div>\n<\/td>\n<\/tr>\n<tr>\n<td>\n<div>How are you?<\/div>\n<\/td>\n<td>\n<div>Comment \u00e7a va?<\/div>\n<\/td>\n<\/tr>\n<tr>\n<td>\n<div>Excuse me<\/div>\n<\/td>\n<td>\n<div>Pardonnez- moi<\/div>\n<\/td>\n<\/tr>\n<tr>\n<td>\n<div>Do you speak English?<\/div>\n<\/td>\n<td>\n<div>Parlez-vous anglais?<\/div>\n<\/td>\n<\/tr>\n<tr>\n<td>\n<div>Yes\/no<\/div>\n<\/td>\n<td>\n<div>Oui\/Non<\/div>\n<\/td>\n<\/tr>\n<tr>\n<td>\n<div>Thank you<\/div>\n<\/td>\n<td>\n<div>Merci<\/div>\n<\/td>\n<\/tr>\n<tr>\n<td>\n<div>My name is&#8230;<\/div>\n<\/td>\n<td>\n<div>Je m&#8217;appelle&#8230;<\/div>\n<\/td>\n<\/tr>\n<tr>\n<td>\n<div>I&#8217;m from Canada.<\/div>\n<\/td>\n<td>\n<div>Je viens du Canada.<\/div>\n<\/td>\n<\/tr>\n<tr>\n<td>\n<div>I&#8217;m lost. Where is the nearest telephone\/train station\/hospital?<\/div>\n<\/td>\n<td>Je suis perdu. O\u00f9 est le t\u00e9l\u00e9phone\/la gare\/l&#8217;h\u00f4pital le plus proche?<\/td>\n<\/tr>\n<tr>\n<td>\n<div>How much does it cost?<\/div>\n<\/td>\n<td>\n<div>Combien co\u00fbte-t-il?\/\u00c7a co\u00fbte combien?<\/div>\n<\/td>\n<\/tr>\n<\/tbody>\n<\/table>\n<p><strong>Language Resources:<\/strong><\/p>\n<p><a href=\"http:\/\/carleton.ca\/ces\/eulearning\/wp-content\/uploads\/FrenchDialogue_grade12.pdf\" target=\"_blank\" rel=\"noopener\">Try out this French dialogue: L\u2019Union Europ\u00e9enne: Un mod\u00e8le pour l\u2019Am\u00e9rique du Nord?<br \/>\n<\/a><a href=\"http:\/\/www.carleton.ca\/ces\/EULearning\/lesson_plans\/FrenchDialogue_grade12.pdf\" target=\"_blank\" rel=\"noopener\"><br \/>\n<\/a><a href=\"http:\/\/www.bbc.co.uk\/languages\/french\/\" target=\"_blank\" rel=\"noopener\">Learn French online with BBC (for beginners and intermediates) <\/a><br \/>\n<a href=\"http:\/\/lookwayup.com\/free\/EnglishFrenchDictionary.htm\" target=\"_blank\" rel=\"noopener\"><em>LookWAYup<\/em> &#8211; Online English-French dictionary, thesaurus and translation<\/a><br \/>\n<a href=\"http:\/\/www.laits.utexas.edu\/tex\/\" target=\"_blank\" rel=\"noopener\"><em>Tex&#8217;s French Grammar<\/em> &#8211; A comprehensive site dedicated to teaching French grammar. Includes verb tutor and verb conjugation tool<\/a><br \/>\n<a href=\"http:\/\/www.bonjour.com\/\" target=\"_blank\" rel=\"noopener\"><em>Bonjour!<\/em> &#8211; Extensive collection of French expressions, greetings and travel phrases, including sound clips to help ensure proper pronunciation<\/a><br \/>\n<a href=\"http:\/\/www.jexplore.ca\/\" target=\"_blank\" rel=\"noopener\"><em>Explore<\/em> &#8211; French immersion summer language courses for students (funded by the Department of Heritage Canada and provincial governments) \/ FR<\/a><\/p>\n<p>Culture <em>en fran\u00e7ais: <\/em><\/p>\n<ul>\n<li><a href=\"http:\/\/www.frenchculture.org\/\" target=\"_blank\" rel=\"noopener\"><em>Frenchculture.org<\/em> &#8211; <\/a>A portal to French culture including information on French cinema, books, music, performing arts and a French culture newswire.<\/li>\n<li><a href=\"https:\/\/www.francophonie.org\/actualites-medias\"><em>Francophonie Diffusion<\/em><\/a><em>\u00a0| <\/em><a href=\"https:\/\/www.francophonie.org\/\">FR<\/a> &#8211; French language web site promoting francophone artists and producers. The site, https:\/\/www.francophonie.org, features interviews, an online magazine, a guide to who&#8217;s touring where in the French-speaking world, and links to more than 200 online radio stations broadcasting in French.<\/li>\n<\/ul>\n<p>[1<a name=\"one\"><\/a>] Source: Discover France <a href=\"http:\/\/www.discoverfrance.net\/France\/Language\/DF_language.shtml\" target=\"_blank\" rel=\"noopener\">http:\/\/www.discoverfrance.net\/France\/Language\/DF_language.shtml<\/a><br \/>\n[2<a name=\"two\"><\/a>] Source: About.com <a href=\"http:\/\/french.about.com\/library\/bl-whatisfrench.htm\" target=\"_blank\" rel=\"noopener\">http:\/\/french.about.com\/library\/bl-whatisfrench.htm<\/a><br \/>\n[3<a name=\"three\"><\/a>] Source: 2001 Canada census report <em>Statistic Canada<\/em> <a href=\"http:\/\/www.statcan.gc.ca\/pub\/96-326-x\/96-326-x2001001-eng.pdf\" target=\"_blank\" rel=\"noopener\">http:\/\/www.statcan.gc.ca\/pub\/96-326-x\/96-326-x2001001-eng.pdf<\/a><br \/>\n[4<a name=\"four\"><\/a>] Source: About.com <a href=\"http:\/\/french.about.com\/library\/bl-whatisfrench.htm\" target=\"_blank\" rel=\"noopener\">http:\/\/french.about.com\/library\/bl-whatisfrench.htm<\/a><br \/>\n[5<a name=\"five\"><\/a>] Source: Gordon, Raymond G., Jr. (ed.), 2005. Ethnologue: Languages of the World, Fifteenth edition. Dallas, Tex.: SIL International. Online version:\u00a0<em><a href=\"http:\/\/www.ethnologue.com\/\" target=\"_blank\" rel=\"noopener\">http:\/\/www.ethnologue.com\/<\/a><\/em><br \/>\n[6<a name=\"six\"><\/a>] Source: <a href=\"http:\/\/french.about.com\/library\/bl-whatisfrench.htm\" target=\"_blank\" rel=\"noopener\">http:\/\/french.about.com\/library\/bl-whatisfrench.htm<\/a><\/p>\n","protected":false},"excerpt":{"rendered":"<p>French belongs to the Romance group of languages, which are a group of closely related vernaculars descended from Latin, forming part of the Italic branch of Indo-European languages. The designation &#8220;Romance&#8221; is derived from the Latin phrase romanica loqui, &#8220;to speak in Roman fashion,&#8221; which attests to the popular, rather than literary, origins of the [&hellip;]<\/p>\n","protected":false},"author":3,"featured_media":0,"parent":97,"menu_order":0,"comment_status":"closed","ping_status":"closed","template":"","meta":{"_relevanssi_hide_post":"","_relevanssi_hide_content":"","_relevanssi_pin_for_all":"","_relevanssi_pin_keywords":"","_relevanssi_unpin_keywords":"","_relevanssi_related_keywords":"","_relevanssi_related_include_ids":"","_relevanssi_related_exclude_ids":"","_relevanssi_related_no_append":"","_relevanssi_related_not_related":"","_relevanssi_related_posts":"","_relevanssi_noindex_reason":"","_mi_skip_tracking":false,"_exactmetrics_sitenote_active":false,"_exactmetrics_sitenote_note":"","_exactmetrics_sitenote_category":0,"footnotes":"","_links_to":"","_links_to_target":""},"yoast_head":"<!-- This site is optimized with the Yoast SEO plugin v21.2 - https:\/\/yoast.com\/wordpress\/plugins\/seo\/ -->\n<title>French - EU Learning<\/title>\n<meta name=\"description\" content=\"French belongs to the Romance group of languages, which are a group of closely related vernaculars descended from Latin, forming part of the Italic branch\" \/>\n<meta name=\"robots\" content=\"index, follow, max-snippet:-1, max-image-preview:large, max-video-preview:-1\" \/>\n<link rel=\"canonical\" href=\"https:\/\/carleton.ca\/ces\/eulearning\/culture\/languages-of-the-eu\/french\/\" \/>\n<meta name=\"twitter:label1\" content=\"Est. reading time\" \/>\n\t<meta name=\"twitter:data1\" content=\"3 minutes\" \/>\n<script type=\"application\/ld+json\" class=\"yoast-schema-graph\">{\"@context\":\"https:\/\/schema.org\",\"@graph\":[{\"@type\":\"WebPage\",\"@id\":\"https:\/\/carleton.ca\/ces\/eulearning\/culture\/languages-of-the-eu\/french\/\",\"url\":\"https:\/\/carleton.ca\/ces\/eulearning\/culture\/languages-of-the-eu\/french\/\",\"name\":\"French - EU Learning\",\"isPartOf\":{\"@id\":\"https:\/\/carleton.ca\/ces\/eulearning\/#website\"},\"datePublished\":\"2010-12-08T20:33:55+00:00\",\"dateModified\":\"2025-10-02T20:13:08+00:00\",\"description\":\"French belongs to the Romance group of languages, which are a group of closely related vernaculars descended from Latin, forming part of the Italic branch\",\"breadcrumb\":{\"@id\":\"https:\/\/carleton.ca\/ces\/eulearning\/culture\/languages-of-the-eu\/french\/#breadcrumb\"},\"inLanguage\":\"en-US\",\"potentialAction\":[{\"@type\":\"ReadAction\",\"target\":[\"https:\/\/carleton.ca\/ces\/eulearning\/culture\/languages-of-the-eu\/french\/\"]}]},{\"@type\":\"BreadcrumbList\",\"@id\":\"https:\/\/carleton.ca\/ces\/eulearning\/culture\/languages-of-the-eu\/french\/#breadcrumb\",\"itemListElement\":[{\"@type\":\"ListItem\",\"position\":1,\"name\":\"Home\",\"item\":\"https:\/\/carleton.ca\/ces\/eulearning\/\"},{\"@type\":\"ListItem\",\"position\":2,\"name\":\"Culture\",\"item\":\"https:\/\/carleton.ca\/ces\/eulearning\/culture\/\"},{\"@type\":\"ListItem\",\"position\":3,\"name\":\"Languages of the EU\",\"item\":\"https:\/\/carleton.ca\/ces\/eulearning\/culture\/languages-of-the-eu\/\"},{\"@type\":\"ListItem\",\"position\":4,\"name\":\"French\"}]},{\"@type\":\"WebSite\",\"@id\":\"https:\/\/carleton.ca\/ces\/eulearning\/#website\",\"url\":\"https:\/\/carleton.ca\/ces\/eulearning\/\",\"name\":\"EU Learning\",\"description\":\"Carleton University\",\"potentialAction\":[{\"@type\":\"SearchAction\",\"target\":{\"@type\":\"EntryPoint\",\"urlTemplate\":\"https:\/\/carleton.ca\/ces\/eulearning\/?s={search_term_string}\"},\"query-input\":\"required name=search_term_string\"}],\"inLanguage\":\"en-US\"}]}<\/script>\n<!-- \/ Yoast SEO plugin. -->","yoast_head_json":{"title":"French - EU Learning","description":"French belongs to the Romance group of languages, which are a group of closely related vernaculars descended from Latin, forming part of the Italic branch","robots":{"index":"index","follow":"follow","max-snippet":"max-snippet:-1","max-image-preview":"max-image-preview:large","max-video-preview":"max-video-preview:-1"},"canonical":"https:\/\/carleton.ca\/ces\/eulearning\/culture\/languages-of-the-eu\/french\/","twitter_misc":{"Est. reading time":"3 minutes"},"schema":{"@context":"https:\/\/schema.org","@graph":[{"@type":"WebPage","@id":"https:\/\/carleton.ca\/ces\/eulearning\/culture\/languages-of-the-eu\/french\/","url":"https:\/\/carleton.ca\/ces\/eulearning\/culture\/languages-of-the-eu\/french\/","name":"French - EU Learning","isPartOf":{"@id":"https:\/\/carleton.ca\/ces\/eulearning\/#website"},"datePublished":"2010-12-08T20:33:55+00:00","dateModified":"2025-10-02T20:13:08+00:00","description":"French belongs to the Romance group of languages, which are a group of closely related vernaculars descended from Latin, forming part of the Italic branch","breadcrumb":{"@id":"https:\/\/carleton.ca\/ces\/eulearning\/culture\/languages-of-the-eu\/french\/#breadcrumb"},"inLanguage":"en-US","potentialAction":[{"@type":"ReadAction","target":["https:\/\/carleton.ca\/ces\/eulearning\/culture\/languages-of-the-eu\/french\/"]}]},{"@type":"BreadcrumbList","@id":"https:\/\/carleton.ca\/ces\/eulearning\/culture\/languages-of-the-eu\/french\/#breadcrumb","itemListElement":[{"@type":"ListItem","position":1,"name":"Home","item":"https:\/\/carleton.ca\/ces\/eulearning\/"},{"@type":"ListItem","position":2,"name":"Culture","item":"https:\/\/carleton.ca\/ces\/eulearning\/culture\/"},{"@type":"ListItem","position":3,"name":"Languages of the EU","item":"https:\/\/carleton.ca\/ces\/eulearning\/culture\/languages-of-the-eu\/"},{"@type":"ListItem","position":4,"name":"French"}]},{"@type":"WebSite","@id":"https:\/\/carleton.ca\/ces\/eulearning\/#website","url":"https:\/\/carleton.ca\/ces\/eulearning\/","name":"EU Learning","description":"Carleton University","potentialAction":[{"@type":"SearchAction","target":{"@type":"EntryPoint","urlTemplate":"https:\/\/carleton.ca\/ces\/eulearning\/?s={search_term_string}"},"query-input":"required name=search_term_string"}],"inLanguage":"en-US"}]}},"acf":{"banner_image_type":"none","banner_button":"no"},"_links":{"self":[{"href":"https:\/\/carleton.ca\/ces\/eulearning\/wp-json\/wp\/v2\/pages\/767"}],"collection":[{"href":"https:\/\/carleton.ca\/ces\/eulearning\/wp-json\/wp\/v2\/pages"}],"about":[{"href":"https:\/\/carleton.ca\/ces\/eulearning\/wp-json\/wp\/v2\/types\/page"}],"author":[{"embeddable":true,"href":"https:\/\/carleton.ca\/ces\/eulearning\/wp-json\/wp\/v2\/users\/3"}],"replies":[{"embeddable":true,"href":"https:\/\/carleton.ca\/ces\/eulearning\/wp-json\/wp\/v2\/comments?post=767"}],"version-history":[{"count":3,"href":"https:\/\/carleton.ca\/ces\/eulearning\/wp-json\/wp\/v2\/pages\/767\/revisions"}],"predecessor-version":[{"id":3738,"href":"https:\/\/carleton.ca\/ces\/eulearning\/wp-json\/wp\/v2\/pages\/767\/revisions\/3738"}],"up":[{"embeddable":true,"href":"https:\/\/carleton.ca\/ces\/eulearning\/wp-json\/wp\/v2\/pages\/97"}],"wp:attachment":[{"href":"https:\/\/carleton.ca\/ces\/eulearning\/wp-json\/wp\/v2\/media?parent=767"}],"curies":[{"name":"wp","href":"https:\/\/api.w.org\/{rel}","templated":true}]}}