{"id":10772,"date":"2018-11-01T14:04:34","date_gmt":"2018-11-01T18:04:34","guid":{"rendered":"https:\/\/carleton.ca\/ces\/?page_id=10772"},"modified":"2018-11-06T10:54:04","modified_gmt":"2018-11-06T15:54:04","slug":"matus-misik","status":"publish","type":"page","link":"https:\/\/carleton.ca\/ces\/matus-misik\/","title":{"rendered":"Mat\u00fa\u0161 Mi\u0161\u00edk"},"content":{"rendered":"<p><img decoding=\"async\" loading=\"lazy\" class=\"aligncenter\" src=\"https:\/\/static1.squarespace.com\/static\/55fd17f3e4b08422c88865c9\/t\/587645ffbf629a8deadf4b92\/1484146273160\/Mat%C3%BA%C5%A1+Mi%C5%A1%C3%ADk?format=300w\" alt=\"Mat\u00c3\u00ba\u00c5\u00a1 Mi\u00c5\u00a1\u00c3\u00adk\" width=\"167\" height=\"213\" \/><\/p>\n<p><strong>Affiliation:<\/strong><\/p>\n<p>Department of Political Science, Comenius University in Bratislava, Slovakia (<a href=\"https:\/\/fphil.uniba.sk\/en\/politicalscience\/\">https:\/\/fphil.uniba.sk\/en\/politicalscience\/<\/a>)<\/p>\n<p><strong>Expertise:<\/strong><\/p>\n<p>Dr. Mat\u00fa\u0161 Mi\u0161\u00edk is an assistant professor at the Department of Political Science at Comenius University in Bratislava, Slovakia. His main area of expertise is energy security within the EU. He also studies the role of perceptions within the EU decision-making mechanism. He is author of Energy policy in the Enlarged European Union (IIR Prague, 2013, in Slovak) and Decision-making process in the European Union after the Eastern Enlargement (Comenius University Bratislava, 2016), has published articles in Energy, Geopolitics, Czechoslovak Psychology, Comparative European Politics, Asia Europe Journal and Slovak Sociological Review. He regularly writes for the leading Slovak dailies and comments on energy policy related topics in the electronic media. He has undertaken study\/research trips to Norway (2006), Kazakhstan (2009), Finland (2009), Great Britain (2011), Austria (2012) and Canada (2015-2016).<\/p>\n<p><strong>Dates of the visit:<\/strong><\/p>\n<p>September \u2013 December 2018<\/p>\n<h4>Contribution to University activities:<\/h4>\n<p>Teaching: <a href=\"https:\/\/carleton.ca\/eurus\/wp-content\/uploads\/EURR-5106_PSCI-5609-1.pdf\">EURR 5106\/PSCI5609 &#8220;Energy Policy in Europe: Security and Transition&#8221; (Fall 2018)<\/a><\/p>\n<p>Research Seminar: <a href=\"https:\/\/carleton.ca\/ces\/cu-events\/save-the-date-for-lecture-on-energy-transition-in-the-eu\/\">&#8220;Energy Transition in the European Union: Central and Eastern European Perspectives&#8221;<\/a>, Carleton University, November 5, 2018. <a href=\"https:\/\/carleton.ca\/ces\/wp-content\/uploads\/Matus-Misik-EU-Energy-Transition-Nov-5-2018-PowerPoint-Slides.pdf\">Click here\u00a0to view the slides.<\/a><\/p>\n<p><strong>Recent Publications:<\/strong><\/p>\n<ul>\n<li>Maltby,\u00a0T. and Mi\u0161\u00edk, M. (forthcoming)\u00a0The\u00a0Political Economy of Climate and Energy Policy in\u00a0Central and Eastern Europe.\u00a0Cambridge University Press: Cambridge.<\/li>\n<li>Mis\u030ci\u0301k, M. (forthcoming) External Energy Policy of the EU. Small EU Member States\u2019\u00a0Perspective.\u00a0Routledge: London.<\/li>\n<li>Mi\u0161\u00edk, M. and Szulecki, K. (2018)\u00a0On the complexity of energy policy inquiry. Response\u00a0to\u00a0Krzykowski and Krzykowska. Energy Policy, vol. 117.<\/li>\n<li>Kujund\u017ei\u0107, N. and Mi\u0161\u00edk, M. (2018) Powering up the\u00a0Technodrome: Energy sustainability in the 1987\u00a0Teenage Mutant Ninja Turtles.\u00a0The Journal of Popular Culture. Vol. 51, No. 3.<\/li>\n<\/ul>\n<p><strong>Personal Website:<\/strong><\/p>\n<p><a href=\"http:\/\/www.politologiauk.sk\/people\/misik\">Profile at Comenius University<\/a>\u00a0(Scroll down for English)<\/p>\n<p><strong>Contact Information:<\/strong><\/p>\n<p><a href=\"&#109;&#x61;i&#108;&#x74;o&#58;&#x6d;a&#116;&#x75;s&#46;&#x6d;&#105;&#x73;&#x69;&#107;&#x40;&#x75;&#110;&#x69;b&#97;&#x2e;s&#107;\">matus&#46;misik&#64;uniba&#46;sk<\/a><\/p>\n","protected":false},"excerpt":{"rendered":"<p>Affiliation: Department of Political Science, Comenius University in Bratislava, Slovakia (https:\/\/fphil.uniba.sk\/en\/politicalscience\/) Expertise: Dr. Mat\u00fa\u0161 Mi\u0161\u00edk is an assistant professor at the Department of Political Science at Comenius University in Bratislava, Slovakia. His main area of expertise is energy security within the EU. He also studies the role of perceptions within the EU decision-making mechanism. He [&hellip;]<\/p>\n","protected":false},"author":23,"featured_media":0,"parent":0,"menu_order":0,"comment_status":"closed","ping_status":"closed","template":"","meta":{"_relevanssi_hide_post":"","_relevanssi_hide_content":"","_relevanssi_pin_for_all":"","_relevanssi_pin_keywords":"","_relevanssi_unpin_keywords":"","_relevanssi_related_keywords":"","_relevanssi_related_include_ids":"","_relevanssi_related_exclude_ids":"","_relevanssi_related_no_append":"","_relevanssi_related_not_related":"","_relevanssi_related_posts":"","_relevanssi_noindex_reason":"","_mi_skip_tracking":false,"_exactmetrics_sitenote_active":false,"_exactmetrics_sitenote_note":"","_exactmetrics_sitenote_category":0,"footnotes":"","_links_to":"","_links_to_target":""},"yoast_head":"<!-- This site is optimized with the Yoast SEO plugin v21.2 - https:\/\/yoast.com\/wordpress\/plugins\/seo\/ -->\n<title>Mat\u00fa\u0161 Mi\u0161\u00edk - Centre for European Studies<\/title>\n<meta name=\"description\" content=\"Dr. Mi\u0161\u00edk is currently a visiting scholar at Carleton University with the Jean Monnet Centre of Excellence and is teaching a graduate course with EURUS.\" \/>\n<meta name=\"robots\" content=\"index, follow, max-snippet:-1, max-image-preview:large, max-video-preview:-1\" \/>\n<link rel=\"canonical\" href=\"https:\/\/carleton.ca\/ces\/matus-misik\/\" \/>\n<meta name=\"twitter:label1\" content=\"Est. reading time\" \/>\n\t<meta name=\"twitter:data1\" content=\"1 minute\" \/>\n<script type=\"application\/ld+json\" class=\"yoast-schema-graph\">{\"@context\":\"https:\/\/schema.org\",\"@graph\":[{\"@type\":\"WebPage\",\"@id\":\"https:\/\/carleton.ca\/ces\/matus-misik\/\",\"url\":\"https:\/\/carleton.ca\/ces\/matus-misik\/\",\"name\":\"Mat\u00fa\u0161 Mi\u0161\u00edk - Centre for European Studies\",\"isPartOf\":{\"@id\":\"https:\/\/carleton.ca\/ces\/#website\"},\"datePublished\":\"2018-11-01T18:04:34+00:00\",\"dateModified\":\"2018-11-06T15:54:04+00:00\",\"description\":\"Dr. Mi\u0161\u00edk is currently a visiting scholar at Carleton University with the Jean Monnet Centre of Excellence and is teaching a graduate course with EURUS.\",\"breadcrumb\":{\"@id\":\"https:\/\/carleton.ca\/ces\/matus-misik\/#breadcrumb\"},\"inLanguage\":\"en-US\",\"potentialAction\":[{\"@type\":\"ReadAction\",\"target\":[\"https:\/\/carleton.ca\/ces\/matus-misik\/\"]}]},{\"@type\":\"BreadcrumbList\",\"@id\":\"https:\/\/carleton.ca\/ces\/matus-misik\/#breadcrumb\",\"itemListElement\":[{\"@type\":\"ListItem\",\"position\":1,\"name\":\"Home\",\"item\":\"https:\/\/carleton.ca\/ces\/\"},{\"@type\":\"ListItem\",\"position\":2,\"name\":\"Mat\u00fa\u0161 Mi\u0161\u00edk\"}]},{\"@type\":\"WebSite\",\"@id\":\"https:\/\/carleton.ca\/ces\/#website\",\"url\":\"https:\/\/carleton.ca\/ces\/\",\"name\":\"Centre for European Studies\",\"description\":\"Carleton University\",\"potentialAction\":[{\"@type\":\"SearchAction\",\"target\":{\"@type\":\"EntryPoint\",\"urlTemplate\":\"https:\/\/carleton.ca\/ces\/?s={search_term_string}\"},\"query-input\":\"required name=search_term_string\"}],\"inLanguage\":\"en-US\"}]}<\/script>\n<!-- \/ Yoast SEO plugin. -->","yoast_head_json":{"title":"Mat\u00fa\u0161 Mi\u0161\u00edk - Centre for European Studies","description":"Dr. Mi\u0161\u00edk is currently a visiting scholar at Carleton University with the Jean Monnet Centre of Excellence and is teaching a graduate course with EURUS.","robots":{"index":"index","follow":"follow","max-snippet":"max-snippet:-1","max-image-preview":"max-image-preview:large","max-video-preview":"max-video-preview:-1"},"canonical":"https:\/\/carleton.ca\/ces\/matus-misik\/","twitter_misc":{"Est. reading time":"1 minute"},"schema":{"@context":"https:\/\/schema.org","@graph":[{"@type":"WebPage","@id":"https:\/\/carleton.ca\/ces\/matus-misik\/","url":"https:\/\/carleton.ca\/ces\/matus-misik\/","name":"Mat\u00fa\u0161 Mi\u0161\u00edk - Centre for European Studies","isPartOf":{"@id":"https:\/\/carleton.ca\/ces\/#website"},"datePublished":"2018-11-01T18:04:34+00:00","dateModified":"2018-11-06T15:54:04+00:00","description":"Dr. Mi\u0161\u00edk is currently a visiting scholar at Carleton University with the Jean Monnet Centre of Excellence and is teaching a graduate course with EURUS.","breadcrumb":{"@id":"https:\/\/carleton.ca\/ces\/matus-misik\/#breadcrumb"},"inLanguage":"en-US","potentialAction":[{"@type":"ReadAction","target":["https:\/\/carleton.ca\/ces\/matus-misik\/"]}]},{"@type":"BreadcrumbList","@id":"https:\/\/carleton.ca\/ces\/matus-misik\/#breadcrumb","itemListElement":[{"@type":"ListItem","position":1,"name":"Home","item":"https:\/\/carleton.ca\/ces\/"},{"@type":"ListItem","position":2,"name":"Mat\u00fa\u0161 Mi\u0161\u00edk"}]},{"@type":"WebSite","@id":"https:\/\/carleton.ca\/ces\/#website","url":"https:\/\/carleton.ca\/ces\/","name":"Centre for European Studies","description":"Carleton University","potentialAction":[{"@type":"SearchAction","target":{"@type":"EntryPoint","urlTemplate":"https:\/\/carleton.ca\/ces\/?s={search_term_string}"},"query-input":"required name=search_term_string"}],"inLanguage":"en-US"}]}},"acf":{"banner_image_type":"none","banner_button":"no"},"_links":{"self":[{"href":"https:\/\/carleton.ca\/ces\/wp-json\/wp\/v2\/pages\/10772"}],"collection":[{"href":"https:\/\/carleton.ca\/ces\/wp-json\/wp\/v2\/pages"}],"about":[{"href":"https:\/\/carleton.ca\/ces\/wp-json\/wp\/v2\/types\/page"}],"author":[{"embeddable":true,"href":"https:\/\/carleton.ca\/ces\/wp-json\/wp\/v2\/users\/23"}],"replies":[{"embeddable":true,"href":"https:\/\/carleton.ca\/ces\/wp-json\/wp\/v2\/comments?post=10772"}],"version-history":[{"count":3,"href":"https:\/\/carleton.ca\/ces\/wp-json\/wp\/v2\/pages\/10772\/revisions"}],"predecessor-version":[{"id":10818,"href":"https:\/\/carleton.ca\/ces\/wp-json\/wp\/v2\/pages\/10772\/revisions\/10818"}],"wp:attachment":[{"href":"https:\/\/carleton.ca\/ces\/wp-json\/wp\/v2\/media?parent=10772"}],"curies":[{"name":"wp","href":"https:\/\/api.w.org\/{rel}","templated":true}]}}