{"id":11080,"date":"2019-03-14T14:55:25","date_gmt":"2019-03-14T18:55:25","guid":{"rendered":"https:\/\/carleton.ca\/ces\/?page_id=11080"},"modified":"2026-02-12T13:24:19","modified_gmt":"2026-02-12T18:24:19","slug":"teaching","status":"publish","type":"page","link":"https:\/\/carleton.ca\/ces\/ces-projects\/jean-monnet-centre-excellence-carleton-university\/teaching\/","title":{"rendered":"Jean Monnet Centre Teaching and Student Support"},"content":{"rendered":"<h3>Current Funding Period Activity for 2024-2026<\/h3>\n<h4>Financial Support for Research Travel in the EU:<\/h4>\n<p><a href=\"https:\/\/carleton.ca\/ces\/wp-content\/uploads\/CES-Report_25-fionnuala-braun.pdf\">Fionnuala Braun<\/a>, M.A. (Department of History), 2025<\/p>\n<p><a href=\"https:\/\/carleton.ca\/ces\/wp-content\/uploads\/Angela-James-CES-Travel-Grant-Report-Summer-2024.pdf\">Angela James<\/a>, M.A. (Institute of European, Russian and Eurasian Studies), 2024<\/p>\n<h4>Financial Support for EU Study Tour and Internship Program:<\/h4>\n<p><a href=\"https:\/\/carleton.ca\/ces\/wp-content\/uploads\/Yasen-Angiozov-Report-on-2024-EU-Study-Tour-travel-support-from-the-Jean-Monnet-Centre-of-Excellence.pdf\">Yasen Angiozov<\/a>, M.A. (Institute of European, Russian and Eurasian Studies), 2024<\/p>\n<p><a href=\"https:\/\/carleton.ca\/ces\/wp-content\/uploads\/EU-Study-Tour-2025-Matthew-Bothamley-Written-Draft-Summary-1.pdf\">Matthew Bothamley<\/a>, B.A. (Global and International Studies), 2025<\/p>\n<p><a href=\"https:\/\/carleton.ca\/ces\/wp-content\/uploads\/Lindsay-DAmatoKosch-2024-EU-Study-Tour-report.pdf\">Lindsay d&#8217;Amato<\/a>, B.A. (Global and International Studies), 2024<\/p>\n<p><a href=\"https:\/\/carleton.ca\/ces\/wp-content\/uploads\/Nathan-Harlan-May-2024-EU_Study_Tour_1pager_Nathan_Harlan.pdf\">Nathan Harlan<\/a>, B.A. (Institute of European, Russian and Eurasian Studies), 2024<\/p>\n<p><a href=\"https:\/\/carleton.ca\/ces\/wp-content\/uploads\/Angela-James-CES-Travel-Grant-Report-Summer-2024.pdf\">Angela James<\/a>, M.A. (Institute of European, Russian and Eurasian Studies), 2024<\/p>\n<p><a href=\"https:\/\/carleton.ca\/ces\/wp-content\/uploads\/EUSTIP-Grant-Summary-Review-KATERINA-KALINOWSKI.pdf\">Katerina Kalinowski<\/a>, B.A. (Global and International Studies), 2025<\/p>\n<p>Amina Loum, B.A. (Global and International Studies), 2024<\/p>\n<p><a href=\"https:\/\/carleton.ca\/ces\/wp-content\/uploads\/EU-Study-Tour-Summry-Report-Mahole-Morapeli.pdf\">Mahole Morapeli<\/a>, M.A. (Norman Paterson School of International Affairs), 2025<\/p>\n<p><a href=\"https:\/\/carleton.ca\/ces\/wp-content\/uploads\/Eric-Pietrasik-report-for-2024-EU-Study-Tour-Experience.pdf\">Eric Pietrasik<\/a>, M.A. (Institute of European, Russian and Eurasian Studies), 2024<\/p>\n<p><a href=\"https:\/\/carleton.ca\/ces\/wp-content\/uploads\/Jonathan-Reep-May-2024-Review-of-EU-Study-Tour.pdf\">Jonathan Reep<\/a>, M.A. (Institute of European, Russian and Eurasian Studies), 2024<\/p>\n<p><a href=\"https:\/\/carleton.ca\/ces\/wp-content\/uploads\/Natalia-Strelkova-2024-EU-Study-tour-report-2024-12-01_Letter-from-Natalia-Strelkova.pdf\">Natalia Strelkova<\/a>, M.A. (Institute of European, Russian and Eurasian Studies), 2024<\/p>\n<p><a href=\"https:\/\/carleton.ca\/ces\/wp-content\/uploads\/Claire-Van-Es-May-2025-EUST.25_GrantLetterFD-2.pdf\">Claire Van Es<\/a>, B.A. (Global and International Studies), 2025<\/p>\n<p><\/p>\n<h3>Previous Funding Period Activity<\/h3>\n<p><strong>Courses supported by the Jean Monnet Centre of Excellence (2019-23 funding period):<\/strong><\/p>\n<p>Winter 2022: EURR 4104A\/5104A, PSCI 4608A\/5608A, European Integration and European Security. Instructor: Dr. Luca Ratti (Visiting Scholar from University of Rome III). This course familiarizes students with\u00a0the main security challenges facing Europe and the current European security architecture. It discusses the EU\u2019s security strategy (its origins, motivations, and influences), the relationship between the EU and NATO, as well as the relationship between the EU&#8217;s and its member states&#8217; approaches to security. Please find the course outline <a href=\"https:\/\/carleton.ca\/eurus\/wp-content\/uploads\/EURR-4104A-Winter-2022-Draft1023.docx\" target=\"_blank\" rel=\"noopener noreferrer\">here<\/a>.<\/p>\n<p>Winter 2022: EURR 5109\/INAF 5805, The European Union as an International Actor. Instructor: Dr. Annegret Bendiek (Visiting Scholar from the German Institute for International and Security Affairs). This course examines the role of the EU as an international actor, with a special focus on political contestation about the EU&#8217;s international role. It studies different instruments of EU\u2019s actorness, different contestation patterns in EU external relations (online and offline), and different aspects of EU external relations (neighbourhood policy, transatlantic cooperation, connectivity or external energy relations etc.). Please find the course outline <a href=\"https:\/\/carleton.ca\/eurus\/wp-content\/uploads\/Course-syllabus-EURR-5109947.docx\" target=\"_blank\" rel=\"noopener noreferrer\">here<\/a>.<\/p>\n<p><strong>Travel Research Grants supported by the Jean Monnet Centre of Excellence (2019-23 funding period):<\/strong><\/p>\n<p>2022-2023:<\/p>\n<p>Mengxue Peng, M.A. (Institute of European, Russian and Eurasian Studies)<\/p>\n<p>2021-2022:<\/p>\n<p>Alexandra Chronopoulos, M.A. (Norman Paterson School of International Affairs)<\/p>\n<p>Elena Kaliberda, Ph.D. (Department of Journalism and Communication)<\/p>\n<p>Alexander Sawicki, M.A. (Institute of European, Russian and Eurasian Studies)<\/p>\n<p>2019-2020:<\/p>\n<p>Denis Dyomkin, M.A. (Institute of European, Russian and Eurasian Studies)<\/p>\n<p><strong>EU Study Tour and Internship Program supported by the Jean Monnet Centre of Excellence (2019-23 funding period:<\/strong><\/p>\n<p>Iqbal Alibhai, B.A. (History), 2023<\/p>\n<p>Laura Gardner, M.A. (Institute of European, Russian and Eurasian Studies), 2023<\/p>\n<p>Ruth Decady Guijarro, M.A. (International Affairs), 2023<\/p>\n<p>Michelle Hennessey, M.A.\/J.D. (International Affairs), 2023<\/p>\n<p>Yanina Klopotovskaya, M.A. (Institute of European, Russian and Eurasian Studies), 2023<\/p>\n<p>Liza Kowalski, B.A. (Communication and Media Studies), 2023<\/p>\n<p>Haley McDonald, B.A. (Communication and Media Studies Honors), 2023<\/p>\n<p>Cynthia Abou Moussa, B.A.\u00a0(Global and International Studies), 2023<\/p>\n<p>Jill Pearce, M.A. (Migration and Diaspora Studies), 2023<\/p>\n<p>Mengxue Peng, M.A. (Institute of European, Russian and Eurasian Studies), 2023<\/p>\n<p>Jana Rawas, Graduate Diploma (Migration and Diaspora Studies), 2023<\/p>\n<p>Kaitlyn Skelly, M.A. (Migration and Diaspora Studies), 2023<\/p>\n<p>Jichen Yu, B.A. (Communication and Media Studies), 2023<\/p>\n<p><strong>Courses supported by the Jean Monnet Centre of Excellence (2016-19 funding period):<\/strong><\/p>\n<p>Winter 2017: EURR 4304\/5304, Europe and International Migration. Instructor: Professor <a href=\"https:\/\/carleton.ca\/polisci\/people\/geiger-martin\/\" target=\"_blank\" rel=\"noopener noreferrer\">Martin Geiger<\/a>. The course touches on four core areas of EU migration governance:\u00a0(1) Border Security and\u00a0Deterrence (anti-migration); (2) Root Causes of Migration and the link between Migration and Development; (3) the European Association Process and Migration-Partnerships between\u00a0countries in Europe and neighboring regions (South\/-Eastern Europe, Central Asia and Northern Africa); (4) Replacement Migration and the Competition for Talent (in the context of demographic change and intensifying economic competition\/globalization). Please find the course outline <a href=\"https:\/\/carleton.ca\/eurus\/wp-content\/uploads\/EURR-4304-5304-Geiger-1.pdf\" target=\"_blank\" rel=\"noopener noreferrer\">here<\/a>.<\/p>\n<p>Fall 2017: INAF 5805\/EURR 5109, The EU in International Affairs. Instructor:\u00a0<a href=\"https:\/\/carleton.ca\/ces\/ces-scholars\/visiting-scholars\/ioannis-galariotis\/\" target=\"_blank\" rel=\"noopener noreferrer\">Dr. Ioannis Galariotis<\/a> (Visiting Scholar from European University Institute). This course examines and explains the international role and external action of the European Union. The course begins with the origins and institutional evolution of the EU\u2019s foreign policy making system and highlights diverse theoretical and methodological approaches concerning the study of the EU as a global actor. Following that, it focuses on the role of the EU in the world examining various policy areas such as trade, development, environment, climate change, security and defence. In addition, it evaluates the role of the EU in its close neighborhood and the EU enlargement policy. The course concludes with the assessment of the interactions between the EU and the key powers (i.e. USA, Canada, Russia, China) and international organizations (i.e. United Nations). Please find the course outline <a href=\"https:\/\/carleton.ca\/eurus\/wp-content\/uploads\/EURR-5109-INAF-5805-The-EU-in-International-Affairs-Galariotis-Fall-2017-1.pdf\" target=\"_blank\" rel=\"noopener noreferrer\">here<\/a>.<\/p>\n<p>Fall 2018: EURR 5106\/PSCI 5609, Energy Policy in Europe: Security and Transition.\u00a0Instructor: <a href=\"https:\/\/carleton.ca\/ces\/matus-misik\/\" target=\"_blank\" rel=\"noopener noreferrer\">Dr. Mat\u00fa\u0161 Mi\u0161\u00edk<\/a> (Visiting Scholar from Comenius University Bratislava). The course examines energy policy of the European Union and aims to provide an overview of the development and current situation in this policy area. The aim of the course is to examine intricacies of the policy and explain its complexity. The course analyses internal and external dimension of EU energy\u00a0policy, its legal basis, the main issues connected to this policy (especially energy security and energy\u00a0transition), and different types of energy and their utilization within the EU. The course examines also\u00a0external energy supplies that are crucial for the Union as its member states do not produce enough\u00a0energy domestically and they have to thus import energy from the third countries. Renewable sources of\u00a0energy together with nuclear energy will be discussed along with different new sources of natural gas for\u00a0the EU including the North America. Please find the course outline <a href=\"https:\/\/carleton.ca\/eurus\/wp-content\/uploads\/EURR-5106_PSCI-5609-1.pdf\" target=\"_blank\" rel=\"noopener noreferrer\">here<\/a>.<\/p>\n<p><strong>Travel Research Grants supported by the Jean Monnet Centre of Excellence (2016-19 funding period):<\/strong><\/p>\n<p><a href=\"https:\/\/carleton.ca\/ces\/wp-content\/uploads\/CES-Funding-Report_HEALY-Bridget.pdf\">Bridget Healy, M.A. (EURUS)<\/a>, 2019<\/p>\n<p><a href=\"https:\/\/carleton.ca\/ces\/wp-content\/uploads\/Akaysha-Humniski-Travel-Research-Grant-Narrative-Report-June-2019.pdf\">Akaysha Humniski, Ph.D. (Department of Political Science)<\/a>, 2019<\/p>\n<p><a href=\"https:\/\/carleton.ca\/ces\/wp-content\/uploads\/Carlos-Vervloet-May-2019-Travel-Research-Grant-Report.pdf\">Carlos Vervloet, M.A. (EURUS)<\/a>, 2019<\/p>\n<p><a href=\"https:\/\/carleton.ca\/ces\/wp-content\/uploads\/Angelos-Bakoulas-CES-Narrative-Report-July-2018.pdf\">Angelos Bakoulas, M.A. (Department of Political Science)<\/a>, 2018<\/p>\n<p><a href=\"https:\/\/carleton.ca\/ces\/wp-content\/uploads\/Christina-Caouette-Narrative-Report-CES-Travel-Grant-July-2018.pdf\">Christina Caouette, M.A. (EURUS)<\/a>, 2018<\/p>\n<p><a href=\"https:\/\/carleton.ca\/ces\/wp-content\/uploads\/CES-GRANT-Report_-Alex-Dauncey-Elwood-Fall-2018.pdf\">Alexandra Dauncey-Elwood, M.A. (Department of Political Science)<\/a>, 2018<\/p>\n<p><a href=\"https:\/\/carleton.ca\/ces\/wp-content\/uploads\/Stuart-Strang-Travel-Research-Grant-Report-2018.pdf\">Stuart Strang, M.A. (EURUS)<\/a>, 2018<\/p>\n<p><a href=\"https:\/\/carleton.ca\/ces\/wp-content\/uploads\/Jarred-Cohen-Research-Trip-Report-Brussels-May-June-2017.pdf\">Jarred Cohen, M.A. (EURUS)<\/a>, 2017<\/p>\n<p><a href=\"https:\/\/carleton.ca\/ces\/wp-content\/uploads\/Maria-Colja-Travel-Research-Grant-Report.pdf\">Maria Colja, M.A. (EURUS)<\/a>, 2017<\/p>\n<p><a href=\"https:\/\/carleton.ca\/ces\/wp-content\/uploads\/CES-Travel-Research-Report-for-Elena-Kaliberda.pdf\">Elena Kaliberda, Ph.D. (Journalism and Communication)<\/a>, 2017<\/p>\n<p><a href=\"https:\/\/carleton.ca\/ces\/wp-content\/uploads\/Travel-Research-Grant-Report-for-Patrick-Mayangi.pdf\">Patrick Mayangi, M.A. (EURUS)<\/a>, 2017<\/p>\n<p><a href=\"https:\/\/carleton.ca\/ces\/wp-content\/uploads\/Research-trip-report-Andrada-Mihai-May-2017.pdf\">Andrada Mihai, M.A. (EURUS)<\/a>, 2017<\/p>\n<p><a href=\"https:\/\/carleton.ca\/ces\/wp-content\/uploads\/Travel-grant-report-for-Veselin-Stoyanov.pdf\">Veselin Stoyanov, M.A. (EURUS)<\/a>, 2017<\/p>\n<p><strong>EU Study Tour Grants supported by the Jean Monnet Centre of Excellence (2016-19 funding period):<\/strong><\/p>\n<p>Joshua Carriere, Joshua (EURUS), 2019<\/p>\n<p>Emily Davis (Political Science &amp; Communication and Media Studies), 2019<\/p>\n<p>Katia Herrera (Global and International Studies), 2019<\/p>\n<p>Cole McGinn (EURUS), 2019<\/p>\n<p>Alexina McLeod (EURUS), 2019<\/p>\n<p>Andjelka Milosevic-Vidovic (EURUS), 2019<\/p>\n<p>Kseniya Ogloblina (EURUS), 2019<\/p>\n<p>Jessica Passey (EURUS), 2019<\/p>\n<p>Alex Currey (EURUS), 2018<\/p>\n<p>Abigail Evans (EURUS), 2018<\/p>\n<p>Raya Klichinsky (EURUS), 2018<\/p>\n<p>Stephanie Miszuk (EURUS), 2018<\/p>\n<p>Paul Sjoberg (Political Science), 2018<\/p>\n<p>Abbey Wright (Sociology), 2018<\/p>\n<p>Madeleine Zwirello (EURUS), 2018<\/p>\n<p>Allison Lunianga (Law and Legal Studies), 2017<\/p>\n<p>Kateryna Pashchenko (Global and International Studies), 2017<\/p>\n<p style=\"font-weight: 400;\"><em>The Jean Monnet Centre of Excellence is co-funded by the European Union.<\/em><\/p>\n<p style=\"font-weight: 400;\"><em>The European Commission\u2019s support for the production of Jean Monnet Centre of Excellence publications does not constitute an endorsement of the contents, which reflect the views only of the authors, and the Commission cannot be held responsible for any use which may be made of the information contained therein.<\/em><\/p>\n<p><em><img decoding=\"async\" loading=\"lazy\" class=\" wp-image-13992 aligncenter\" src=\"https:\/\/carleton.ca\/ces\/wp-content\/uploads\/CFBTEU-e1711042934666-240x87.png\" alt=\"\" width=\"367\" height=\"133\" srcset=\"https:\/\/carleton.ca\/ces\/wp-content\/uploads\/CFBTEU-e1711042934666-240x87.png 240w, https:\/\/carleton.ca\/ces\/wp-content\/uploads\/CFBTEU-e1711042934666-400x145.png 400w, https:\/\/carleton.ca\/ces\/wp-content\/uploads\/CFBTEU-e1711042934666-160x58.png 160w, https:\/\/carleton.ca\/ces\/wp-content\/uploads\/CFBTEU-e1711042934666-768x278.png 768w, https:\/\/carleton.ca\/ces\/wp-content\/uploads\/CFBTEU-e1711042934666-1536x557.png 1536w, https:\/\/carleton.ca\/ces\/wp-content\/uploads\/CFBTEU-e1711042934666-2048x742.png 2048w, https:\/\/carleton.ca\/ces\/wp-content\/uploads\/CFBTEU-e1711042934666-360x131.png 360w\" sizes=\"(max-width: 367px) 100vw, 367px\" \/><\/em><\/p>\n","protected":false},"excerpt":{"rendered":"<p>Current Funding Period Activity for 2024-2026 Financial Support for Research Travel in the EU: Fionnuala Braun, M.A. (Department of History), 2025 Angela James, M.A. (Institute of European, Russian and Eurasian Studies), 2024 Financial Support for EU Study Tour and Internship Program: Yasen Angiozov, M.A. (Institute of European, Russian and Eurasian Studies), 2024 Matthew Bothamley, B.A. [&hellip;]<\/p>\n","protected":false},"author":57,"featured_media":0,"parent":9612,"menu_order":1,"comment_status":"closed","ping_status":"closed","template":"","meta":{"_relevanssi_hide_post":"","_relevanssi_hide_content":"","_relevanssi_pin_for_all":"","_relevanssi_pin_keywords":"","_relevanssi_unpin_keywords":"","_relevanssi_related_keywords":"","_relevanssi_related_include_ids":"","_relevanssi_related_exclude_ids":"","_relevanssi_related_no_append":"","_relevanssi_related_not_related":"","_relevanssi_related_posts":"","_relevanssi_noindex_reason":"","_mi_skip_tracking":false,"_exactmetrics_sitenote_active":false,"_exactmetrics_sitenote_note":"","_exactmetrics_sitenote_category":0,"footnotes":"","_links_to":"","_links_to_target":""},"yoast_head":"<!-- This site is optimized with the Yoast SEO plugin v21.2 - https:\/\/yoast.com\/wordpress\/plugins\/seo\/ -->\n<title>Jean Monnet Centre Teaching and Student Support - Centre for European Studies<\/title>\n<meta name=\"description\" content=\"Current Funding Period Activity for 2024-2026 Financial Support for Research Travel in the EU: Fionnuala Braun, M.A. (Department of History), 2025 Angela\" \/>\n<meta name=\"robots\" content=\"index, follow, max-snippet:-1, max-image-preview:large, max-video-preview:-1\" \/>\n<link rel=\"canonical\" href=\"https:\/\/carleton.ca\/ces\/ces-projects\/jean-monnet-centre-excellence-carleton-university\/teaching\/\" \/>\n<meta name=\"twitter:label1\" content=\"Est. reading time\" \/>\n\t<meta name=\"twitter:data1\" content=\"6 minutes\" \/>\n<script type=\"application\/ld+json\" class=\"yoast-schema-graph\">{\"@context\":\"https:\/\/schema.org\",\"@graph\":[{\"@type\":\"WebPage\",\"@id\":\"https:\/\/carleton.ca\/ces\/ces-projects\/jean-monnet-centre-excellence-carleton-university\/teaching\/\",\"url\":\"https:\/\/carleton.ca\/ces\/ces-projects\/jean-monnet-centre-excellence-carleton-university\/teaching\/\",\"name\":\"Jean Monnet Centre Teaching and Student Support - Centre for European Studies\",\"isPartOf\":{\"@id\":\"https:\/\/carleton.ca\/ces\/#website\"},\"datePublished\":\"2019-03-14T18:55:25+00:00\",\"dateModified\":\"2026-02-12T18:24:19+00:00\",\"description\":\"Current Funding Period Activity for 2024-2026 Financial Support for Research Travel in the EU: Fionnuala Braun, M.A. (Department of History), 2025 Angela\",\"breadcrumb\":{\"@id\":\"https:\/\/carleton.ca\/ces\/ces-projects\/jean-monnet-centre-excellence-carleton-university\/teaching\/#breadcrumb\"},\"inLanguage\":\"en-US\",\"potentialAction\":[{\"@type\":\"ReadAction\",\"target\":[\"https:\/\/carleton.ca\/ces\/ces-projects\/jean-monnet-centre-excellence-carleton-university\/teaching\/\"]}]},{\"@type\":\"BreadcrumbList\",\"@id\":\"https:\/\/carleton.ca\/ces\/ces-projects\/jean-monnet-centre-excellence-carleton-university\/teaching\/#breadcrumb\",\"itemListElement\":[{\"@type\":\"ListItem\",\"position\":1,\"name\":\"Home\",\"item\":\"https:\/\/carleton.ca\/ces\/\"},{\"@type\":\"ListItem\",\"position\":2,\"name\":\"CES Projects\",\"item\":\"https:\/\/carleton.ca\/ces\/ces-projects\/\"},{\"@type\":\"ListItem\",\"position\":3,\"name\":\"Jean Monnet Centre of Excellence at Carleton University\",\"item\":\"https:\/\/carleton.ca\/ces\/ces-projects\/jean-monnet-centre-excellence-carleton-university\/\"},{\"@type\":\"ListItem\",\"position\":4,\"name\":\"Jean Monnet Centre Teaching and Student Support\"}]},{\"@type\":\"WebSite\",\"@id\":\"https:\/\/carleton.ca\/ces\/#website\",\"url\":\"https:\/\/carleton.ca\/ces\/\",\"name\":\"Centre for European Studies\",\"description\":\"Carleton University\",\"potentialAction\":[{\"@type\":\"SearchAction\",\"target\":{\"@type\":\"EntryPoint\",\"urlTemplate\":\"https:\/\/carleton.ca\/ces\/?s={search_term_string}\"},\"query-input\":\"required name=search_term_string\"}],\"inLanguage\":\"en-US\"}]}<\/script>\n<!-- \/ Yoast SEO plugin. -->","yoast_head_json":{"title":"Jean Monnet Centre Teaching and Student Support - Centre for European Studies","description":"Current Funding Period Activity for 2024-2026 Financial Support for Research Travel in the EU: Fionnuala Braun, M.A. (Department of History), 2025 Angela","robots":{"index":"index","follow":"follow","max-snippet":"max-snippet:-1","max-image-preview":"max-image-preview:large","max-video-preview":"max-video-preview:-1"},"canonical":"https:\/\/carleton.ca\/ces\/ces-projects\/jean-monnet-centre-excellence-carleton-university\/teaching\/","twitter_misc":{"Est. reading time":"6 minutes"},"schema":{"@context":"https:\/\/schema.org","@graph":[{"@type":"WebPage","@id":"https:\/\/carleton.ca\/ces\/ces-projects\/jean-monnet-centre-excellence-carleton-university\/teaching\/","url":"https:\/\/carleton.ca\/ces\/ces-projects\/jean-monnet-centre-excellence-carleton-university\/teaching\/","name":"Jean Monnet Centre Teaching and Student Support - Centre for European Studies","isPartOf":{"@id":"https:\/\/carleton.ca\/ces\/#website"},"datePublished":"2019-03-14T18:55:25+00:00","dateModified":"2026-02-12T18:24:19+00:00","description":"Current Funding Period Activity for 2024-2026 Financial Support for Research Travel in the EU: Fionnuala Braun, M.A. (Department of History), 2025 Angela","breadcrumb":{"@id":"https:\/\/carleton.ca\/ces\/ces-projects\/jean-monnet-centre-excellence-carleton-university\/teaching\/#breadcrumb"},"inLanguage":"en-US","potentialAction":[{"@type":"ReadAction","target":["https:\/\/carleton.ca\/ces\/ces-projects\/jean-monnet-centre-excellence-carleton-university\/teaching\/"]}]},{"@type":"BreadcrumbList","@id":"https:\/\/carleton.ca\/ces\/ces-projects\/jean-monnet-centre-excellence-carleton-university\/teaching\/#breadcrumb","itemListElement":[{"@type":"ListItem","position":1,"name":"Home","item":"https:\/\/carleton.ca\/ces\/"},{"@type":"ListItem","position":2,"name":"CES Projects","item":"https:\/\/carleton.ca\/ces\/ces-projects\/"},{"@type":"ListItem","position":3,"name":"Jean Monnet Centre of Excellence at Carleton University","item":"https:\/\/carleton.ca\/ces\/ces-projects\/jean-monnet-centre-excellence-carleton-university\/"},{"@type":"ListItem","position":4,"name":"Jean Monnet Centre Teaching and Student Support"}]},{"@type":"WebSite","@id":"https:\/\/carleton.ca\/ces\/#website","url":"https:\/\/carleton.ca\/ces\/","name":"Centre for European Studies","description":"Carleton University","potentialAction":[{"@type":"SearchAction","target":{"@type":"EntryPoint","urlTemplate":"https:\/\/carleton.ca\/ces\/?s={search_term_string}"},"query-input":"required name=search_term_string"}],"inLanguage":"en-US"}]}},"acf":{"banner_image_type":"none","banner_button":"no"},"_links":{"self":[{"href":"https:\/\/carleton.ca\/ces\/wp-json\/wp\/v2\/pages\/11080"}],"collection":[{"href":"https:\/\/carleton.ca\/ces\/wp-json\/wp\/v2\/pages"}],"about":[{"href":"https:\/\/carleton.ca\/ces\/wp-json\/wp\/v2\/types\/page"}],"author":[{"embeddable":true,"href":"https:\/\/carleton.ca\/ces\/wp-json\/wp\/v2\/users\/57"}],"replies":[{"embeddable":true,"href":"https:\/\/carleton.ca\/ces\/wp-json\/wp\/v2\/comments?post=11080"}],"version-history":[{"count":4,"href":"https:\/\/carleton.ca\/ces\/wp-json\/wp\/v2\/pages\/11080\/revisions"}],"predecessor-version":[{"id":13826,"href":"https:\/\/carleton.ca\/ces\/wp-json\/wp\/v2\/pages\/11080\/revisions\/13826"}],"up":[{"embeddable":true,"href":"https:\/\/carleton.ca\/ces\/wp-json\/wp\/v2\/pages\/9612"}],"wp:attachment":[{"href":"https:\/\/carleton.ca\/ces\/wp-json\/wp\/v2\/media?parent=11080"}],"curies":[{"name":"wp","href":"https:\/\/api.w.org\/{rel}","templated":true}]}}