{"id":11157,"date":"2019-05-16T12:44:39","date_gmt":"2019-05-16T16:44:39","guid":{"rendered":"https:\/\/carleton.ca\/ces\/?page_id=11157"},"modified":"2023-02-02T11:00:22","modified_gmt":"2023-02-02T16:00:22","slug":"researchers","status":"publish","type":"page","link":"https:\/\/carleton.ca\/ces\/brexit-project\/researchers\/","title":{"rendered":"Participating researchers"},"content":{"rendered":"<h2>Lead researchers<\/h2>\n<table style=\"height: 954px; width: 87%;\" width=\"87%\">\n<tbody>\n<tr style=\"height: 245px;\">\n<td style=\"width: 23.0955%; height: 244px;\"><img decoding=\"async\" loading=\"lazy\" class=\"alignnone wp-image-11271\" src=\"https:\/\/carleton.ca\/ces\/wp-content\/uploads\/Dolata2-e1558023685950-240x341.jpg\" alt=\"\" width=\"180\" height=\"255\" srcset=\"https:\/\/carleton.ca\/ces\/wp-content\/uploads\/Dolata2-e1558023685950-240x341.jpg 240w, https:\/\/carleton.ca\/ces\/wp-content\/uploads\/Dolata2-e1558023685950-160x227.jpg 160w, https:\/\/carleton.ca\/ces\/wp-content\/uploads\/Dolata2-e1558023685950.jpg 302w\" sizes=\"(max-width: 180px) 100vw, 180px\" \/><\/td>\n<td style=\"width: 76.179%; height: 244px;\"><strong>Petra Dolata<\/strong> is Associate Professor of History and Canada Research Chair in the History of Energy at the University of Calgary.<\/p>\n<p>Please click <a href=\"https:\/\/hist.ucalgary.ca\/profiles\/petra-dolata\" target=\"_blank\" rel=\"noopener noreferrer\">here<\/a> for her personal website.<\/p>\n<p>Email: <a title=\"\" href=\"&#x6d;&#x61;&#105;&#108;&#116;o&#x3a;&#x70;&#x64;&#111;&#108;at&#x61;&#x40;&#x75;&#99;&#97;l&#x67;&#x61;&#x72;&#121;&#46;&#99;a\">&#x70;&#x64;&#111;l&#x61;&#x74;&#x61;&#64;u&#x63;&#x61;&#x6c;&#103;a&#x72;&#x79;&#x2e;&#99;a<\/a><\/p>\n<p>Twitter: <a href=\"https:\/\/twitter.com\/fabulierend\" target=\"_blank\" rel=\"noopener noreferrer\">@fabulierend<\/a><\/td>\n<\/tr>\n<tr style=\"height: 231px;\">\n<td style=\"width: 23.0955%; height: 225px;\"><img decoding=\"async\" loading=\"lazy\" class=\"alignnone wp-image-11702\" src=\"https:\/\/carleton.ca\/ces\/wp-content\/uploads\/Hurrelmann-240x345.jpg\" alt=\"\" width=\"179\" height=\"258\" srcset=\"https:\/\/carleton.ca\/ces\/wp-content\/uploads\/Hurrelmann-240x345.jpg 240w, https:\/\/carleton.ca\/ces\/wp-content\/uploads\/Hurrelmann-160x230.jpg 160w, https:\/\/carleton.ca\/ces\/wp-content\/uploads\/Hurrelmann-768x1103.jpg 768w, https:\/\/carleton.ca\/ces\/wp-content\/uploads\/Hurrelmann-400x575.jpg 400w, https:\/\/carleton.ca\/ces\/wp-content\/uploads\/Hurrelmann-360x517.jpg 360w\" sizes=\"(max-width: 179px) 100vw, 179px\" \/><\/td>\n<td style=\"width: 76.179%; height: 225px;\"><strong>Achim Hurrelmann<\/strong> is Professor of Political Science and Co-Director of the Centre for European Studies at Carleton University. He serves as principal investigator for this project.<\/p>\n<p>Please click <a href=\"https:\/\/carleton.ca\/polisci\/people\/hurrelmann-achim\/\" target=\"_blank\" rel=\"noopener noreferrer\">here<\/a> for his personal website.<\/p>\n<p>Email: <a href=\"&#109;&#x61;&#105;&#x6c;t&#111;&#x3a;&#97;&#x63;h&#x69;m&#46;&#x68;&#117;&#x72;r&#x65;&#x6c;&#109;&#x61;n&#x6e;&#64;&#99;&#x61;&#114;&#x6c;e&#x74;o&#110;&#x2e;&#99;&#x61;\">&#97;&#x63;h&#x69;&#x6d;&#46;&#x68;u&#x72;&#x72;&#101;&#x6c;m&#x61;&#x6e;&#110;&#x40;c&#x61;&#x72;&#108;&#x65;t&#x6f;&#x6e;&#46;&#x63;a<\/a><\/p>\n<p>Twitter: <a href=\"https:\/\/twitter.com\/achimhurrelmann\" target=\"_blank\" rel=\"noopener noreferrer\">@achimhurrelmann<\/a><\/td>\n<\/tr>\n<tr style=\"height: 237px;\">\n<td style=\"width: 23.0955%; height: 230px;\"><img decoding=\"async\" loading=\"lazy\" class=\"alignnone wp-image-11260\" src=\"https:\/\/carleton.ca\/ces\/wp-content\/uploads\/Leblond-29-240x348.jpg\" alt=\"\" width=\"179\" height=\"260\" srcset=\"https:\/\/carleton.ca\/ces\/wp-content\/uploads\/Leblond-29-240x348.jpg 240w, https:\/\/carleton.ca\/ces\/wp-content\/uploads\/Leblond-29-160x232.jpg 160w, https:\/\/carleton.ca\/ces\/wp-content\/uploads\/Leblond-29-360x522.jpg 360w, https:\/\/carleton.ca\/ces\/wp-content\/uploads\/Leblond-29.jpg 389w\" sizes=\"(max-width: 179px) 100vw, 179px\" \/><\/td>\n<td style=\"width: 76.179%; height: 230px;\"><strong>Patrick Leblond<\/strong> is Associate Professor and Associate Director at the Graduate School of Public and International Affairs, University of Ottawa.<\/p>\n<p>Please click <a href=\"http:\/\/aix1.uottawa.ca\/~pleblond\/\" target=\"_blank\" rel=\"noopener noreferrer\">here<\/a> for his personal website.<\/p>\n<p>Email: <a href=\"&#109;&#x61;i&#108;&#x74;o&#58;&#x70;l&#101;&#x62;l&#111;&#x6e;&#100;&#x40;&#x75;&#111;&#x74;&#x74;&#97;&#x77;a&#46;&#x63;a\">&#x70;&#x6c;&#101;b&#x6c;&#x6f;&#110;&#100;&#64;&#x75;&#x6f;&#116;&#116;a&#x77;&#x61;&#46;ca<\/a><\/p>\n<p>Twitter: <a href=\"https:\/\/twitter.com\/prleblond\" target=\"_blank\" rel=\"noopener noreferrer\">@prleblond<\/a><\/td>\n<\/tr>\n<tr style=\"height: 262px;\">\n<td style=\"width: 23.0955%; height: 255px;\"><img decoding=\"async\" loading=\"lazy\" class=\"alignnone wp-image-11261\" src=\"https:\/\/carleton.ca\/ces\/wp-content\/uploads\/Merand-22-e1558023778984-240x344.jpg\" alt=\"\" width=\"179\" height=\"257\" srcset=\"https:\/\/carleton.ca\/ces\/wp-content\/uploads\/Merand-22-e1558023778984-240x344.jpg 240w, https:\/\/carleton.ca\/ces\/wp-content\/uploads\/Merand-22-e1558023778984-160x229.jpg 160w, https:\/\/carleton.ca\/ces\/wp-content\/uploads\/Merand-22-e1558023778984.jpg 355w\" sizes=\"(max-width: 179px) 100vw, 179px\" \/><\/td>\n<td style=\"width: 76.179%; height: 255px;\"><strong>Fr\u00e9d\u00e9ric M\u00e9rand<\/strong> is Professor of Political Science and Director of the Centre d&#8217;\u00e9tudes et de recherches internationales (C\u00c9RIUM) at Universit\u00e9 de Montr\u00e9al.<\/p>\n<p>Please click <a href=\"https:\/\/cerium.umontreal.ca\/communaute\/repertoire-departement\/vue\/merand-frederic-1\/\" target=\"_blank\" rel=\"noopener noreferrer\">here<\/a> for his personal website.<\/p>\n<p>Email: <a class=\"hover\" href=\"&#109;a&#105;l&#116;o&#x3a;f&#x72;e&#x64;e&#x72;i&#x63;&#46;&#x6d;e&#x72;a&#x6e;d&#x40;u&#x6d;&#111;&#x6e;&#116;&#x72;&#101;&#x61;&#108;&#x2e;&#99;&#x61;\">f&#114;&#101;&#x64;&#x65;ri&#99;&#46;&#x6d;&#x65;ra&#110;&#100;&#x40;&#x75;mo&#110;&#x74;&#x72;&#x65;a&#108;&#46;&#x63;&#x61;<\/a><\/p>\n<p>Twitter: <a href=\"https:\/\/twitter.com\/FredericMerand\" target=\"_blank\" rel=\"noopener noreferrer\">@FredericMerand<\/a><\/td>\n<\/tr>\n<\/tbody>\n<\/table>\n<h2>Associate researchers<\/h2>\n<table style=\"height: 467px; width: 87%;\" width=\"87%\">\n<tbody>\n<tr style=\"height: 183px;\">\n<td style=\"width: 23.3735%; height: 128px;\"><img decoding=\"async\" loading=\"lazy\" class=\"alignnone size-medium wp-image-12671\" src=\"https:\/\/carleton.ca\/ces\/wp-content\/uploads\/Aube-1-240x296.jpg\" alt=\"\" width=\"240\" height=\"296\" srcset=\"https:\/\/carleton.ca\/ces\/wp-content\/uploads\/Aube-1-240x296.jpg 240w, https:\/\/carleton.ca\/ces\/wp-content\/uploads\/Aube-1-400x493.jpg 400w, https:\/\/carleton.ca\/ces\/wp-content\/uploads\/Aube-1-160x197.jpg 160w, https:\/\/carleton.ca\/ces\/wp-content\/uploads\/Aube-1-360x444.jpg 360w, https:\/\/carleton.ca\/ces\/wp-content\/uploads\/Aube-1.jpg 528w\" sizes=\"(max-width: 240px) 100vw, 240px\" \/><\/td>\n<td style=\"width: 75.9036%; height: 128px;\"><strong>Fr\u00e9d\u00e9ric Aub\u00e9<\/strong> is a Masters student in International Studies at Universit\u00e9 de Montr\u00e9al.<\/p>\n<p>Email: <a href=\"&#109;&#x61;i&#108;&#x74;o&#x3a;&#x66;&#114;&#x65;d&#101;&#x72;i&#99;&#x2e;&#97;&#x75;b&#101;&#x2e;1&#64;&#x75;&#109;&#x6f;&#x6e;&#116;&#x72;e&#97;&#x6c;&#46;&#x63;&#x61;\">&#x66;&#114;e&#x64;&#x65;&#114;i&#x63;&#x2e;&#97;u&#x62;&#x65;&#46;1&#x40;&#x75;&#109;o&#x6e;&#116;&#114;e&#x61;&#108;&#46;&#x63;&#x61;<\/a><\/p>\n<p>Twitter: <a href=\"https:\/\/twitter.com\/Fred_Aube\" target=\"_blank\" rel=\"noopener noreferrer\">@Fred_Aube<\/a><\/td>\n<\/tr>\n<tr>\n<td style=\"width: 23.3735%;\"><img decoding=\"async\" loading=\"lazy\" class=\"alignnone size-medium wp-image-12667\" src=\"https:\/\/carleton.ca\/ces\/wp-content\/uploads\/Ben-Khelil-1-240x288.jpg\" alt=\"\" width=\"240\" height=\"288\" srcset=\"https:\/\/carleton.ca\/ces\/wp-content\/uploads\/Ben-Khelil-1-240x288.jpg 240w, https:\/\/carleton.ca\/ces\/wp-content\/uploads\/Ben-Khelil-1-400x481.jpg 400w, https:\/\/carleton.ca\/ces\/wp-content\/uploads\/Ben-Khelil-1-160x192.jpg 160w, https:\/\/carleton.ca\/ces\/wp-content\/uploads\/Ben-Khelil-1-360x433.jpg 360w, https:\/\/carleton.ca\/ces\/wp-content\/uploads\/Ben-Khelil-1.jpg 600w\" sizes=\"(max-width: 240px) 100vw, 240px\" \/><\/td>\n<td style=\"width: 75.9036%;\"><\/p>\n<p><strong>Sarra Ben Khelil<\/strong> is Research Assistant at the University of Ottawa.<\/p>\n<p>Email: <a href=\"&#x6d;&#x61;&#105;lt&#x6f;&#x3a;&#115;&#98;e&#x6e;&#x6b;&#48;&#51;1&#x40;&#x75;&#x6f;&#116;ta&#x77;&#x61;&#46;&#99;a\">&#x73;&#x62;&#x65;&#x6e;&#107;&#48;&#51;&#49;&#64;uo&#x74;&#x74;&#x61;&#x77;&#x61;&#46;&#99;&#97;<\/a><\/td>\n<\/tr>\n<tr>\n<td style=\"width: 23.3735%;\"><img decoding=\"async\" loading=\"lazy\" class=\"alignnone size-medium wp-image-11661\" src=\"https:\/\/carleton.ca\/ces\/wp-content\/uploads\/Clark-1-240x263.jpg\" alt=\"\" width=\"240\" height=\"263\" srcset=\"https:\/\/carleton.ca\/ces\/wp-content\/uploads\/Clark-1-240x263.jpg 240w, https:\/\/carleton.ca\/ces\/wp-content\/uploads\/Clark-1-160x175.jpg 160w, https:\/\/carleton.ca\/ces\/wp-content\/uploads\/Clark-1-768x841.jpg 768w, https:\/\/carleton.ca\/ces\/wp-content\/uploads\/Clark-1-400x438.jpg 400w, https:\/\/carleton.ca\/ces\/wp-content\/uploads\/Clark-1-360x394.jpg 360w, https:\/\/carleton.ca\/ces\/wp-content\/uploads\/Clark-1.jpg 787w\" sizes=\"(max-width: 240px) 100vw, 240px\" \/><\/td>\n<td style=\"width: 75.9036%;\"><strong>J. Denis Clark<\/strong> is Postdoctoral Associate in History at the University of Calgary.<\/p>\n<p>Please click <a href=\"https:\/\/hist.ucalgary.ca\/profiles\/j-denis-clark\" target=\"_blank\" rel=\"noopener noreferrer\">here<\/a> for his personal website.<\/p>\n<p>Email: <a href=\"&#x6d;a&#x69;&#108;t&#x6f;&#58;&#x6a;&#100;e&#x6e;&#105;&#x73;&#46;c&#x6c;&#97;&#x72;&#x6b;&#64;&#x75;&#99;a&#x6c;&#103;&#x61;&#114;y&#x2e;&#99;&#x61;\" target=\"_blank\" rel=\"noopener noreferrer\" data-auth=\"NotApplicable\">&#x6a;&#100;&#101;&#x6e;&#x69;&#115;&#46;&#x63;&#x6c;&#97;&#114;&#x6b;&#x40;&#117;&#99;&#x61;&#x6c;&#103;&#97;&#x72;&#x79;&#46;&#99;&#x61;<\/a><\/td>\n<\/tr>\n<tr>\n<td style=\"width: 23.3735%;\"><img decoding=\"async\" loading=\"lazy\" class=\"alignnone size-medium wp-image-13615\" src=\"https:\/\/carleton.ca\/ces\/wp-content\/uploads\/Gionet-1-240x311.jpg\" alt=\"\" width=\"240\" height=\"311\" srcset=\"https:\/\/carleton.ca\/ces\/wp-content\/uploads\/Gionet-1-240x311.jpg 240w, https:\/\/carleton.ca\/ces\/wp-content\/uploads\/Gionet-1-400x518.jpg 400w, https:\/\/carleton.ca\/ces\/wp-content\/uploads\/Gionet-1-160x207.jpg 160w, https:\/\/carleton.ca\/ces\/wp-content\/uploads\/Gionet-1-768x995.jpg 768w, https:\/\/carleton.ca\/ces\/wp-content\/uploads\/Gionet-1-360x467.jpg 360w, https:\/\/carleton.ca\/ces\/wp-content\/uploads\/Gionet-1.jpg 983w\" sizes=\"(max-width: 240px) 100vw, 240px\" \/><\/td>\n<td style=\"width: 75.9036%;\"><strong>Fran\u00e7ois Gionet <\/strong>is a Master&#8217;s student in European Studies at the Universit\u00e9 de Montr\u00e9al and the Universit\u00e9 catholique de Louvain.<\/p>\n<p>Email: <u><a href=\"&#109;a&#x69;l&#x74;&#111;&#x3a;&#102;&#x72;&#97;n&#x63;o&#x69;&#115;&#x2e;&#103;&#x69;&#111;&#x6e;&#101;t&#x40;u&#x6d;&#111;&#x6e;&#116;&#x72;&#101;a&#x6c;&#46;&#x63;&#97;\">f&#114;&#x61;&#x6e;c&#111;&#x69;&#x73;&#46;&#103;&#105;&#x6f;&#x6e;e&#116;&#x40;&#x75;m&#111;&#x6e;&#x74;r&#101;&#97;&#x6c;&#x2e;c&#97;<\/a><\/u><\/p>\n<p>Twitter: <a href=\"https:\/\/can01.safelinks.protection.outlook.com\/?url=https%3A%2F%2Ftwitter.com%2Ffrancoisgionet&amp;data=05%7C01%7CAchimHurrelmann%40CUNET.CARLETON.CA%7C16c83d76d9824adda10908db02ddc9a0%7C6ad91895de06485ebc51fce126cc8530%7C0%7C0%7C638106923935105076%7CUnknown%7CTWFpbGZsb3d8eyJWIjoiMC4wLjAwMDAiLCJQIjoiV2luMzIiLCJBTiI6Ik1haWwiLCJXVCI6Mn0%3D%7C2000%7C%7C%7C&amp;sdata=qeApCpZMoMT9i8PA0ECYQ5j7Vx9estRZ%2BWHfI0grWNA%3D&amp;reserved=0\" target=\"_blank\" rel=\"noopener noreferrer\">@francoisgionet<\/a><\/td>\n<\/tr>\n<tr style=\"height: 186px;\">\n<td style=\"width: 23.3735%; height: 166px;\"><img decoding=\"async\" loading=\"lazy\" class=\"alignnone wp-image-11698\" src=\"https:\/\/carleton.ca\/ces\/wp-content\/uploads\/Hameed-1-240x297.jpg\" alt=\"\" width=\"238\" height=\"294\" srcset=\"https:\/\/carleton.ca\/ces\/wp-content\/uploads\/Hameed-1-240x297.jpg 240w, https:\/\/carleton.ca\/ces\/wp-content\/uploads\/Hameed-1-160x198.jpg 160w, https:\/\/carleton.ca\/ces\/wp-content\/uploads\/Hameed-1-768x950.jpg 768w, https:\/\/carleton.ca\/ces\/wp-content\/uploads\/Hameed-1-400x495.jpg 400w, https:\/\/carleton.ca\/ces\/wp-content\/uploads\/Hameed-1-360x445.jpg 360w, https:\/\/carleton.ca\/ces\/wp-content\/uploads\/Hameed-1.jpg 1230w\" sizes=\"(max-width: 238px) 100vw, 238px\" \/><\/td>\n<td style=\"width: 75.9036%; height: 166px;\"><strong>Asif Hameed<\/strong> is Doctoral Student in the Department of Political Science at Carleton University.<\/p>\n<p>Please click <a href=\"https:\/\/carleton.ca\/polisci\/people\/asif-hameed\/\">here<\/a> for his personal website.<\/p>\n<p>Email: <a href=\"&#x6d;&#x61;&#x69;&#x6c;&#116;&#111;&#58;&#97;sif&#x2e;&#x68;&#x61;&#x6d;&#x65;&#101;&#100;&#64;car&#x6c;&#x65;&#x74;&#x6f;&#x6e;&#46;&#99;&#97;\">&#x61;&#115;i&#x66;&#46;h&#x61;&#109;e&#x65;&#100;&#64;&#x63;&#97;r&#x6c;&#101;t&#x6f;&#110;&#46;&#x63;&#97;<\/a><\/p>\n<p>Twitter: <a href=\"http:\/\/twitter.com\/TheGospelOfAsif\">@TheGospelOfAsif<\/a><\/td>\n<\/tr>\n<tr style=\"height: 180px;\">\n<td style=\"width: 23.3735%; height: 173px;\"><img decoding=\"async\" loading=\"lazy\" class=\"alignnone wp-image-11662\" src=\"https:\/\/carleton.ca\/ces\/wp-content\/uploads\/Humniski-1-240x286.jpg\" alt=\"\" width=\"236\" height=\"281\" srcset=\"https:\/\/carleton.ca\/ces\/wp-content\/uploads\/Humniski-1-240x286.jpg 240w, https:\/\/carleton.ca\/ces\/wp-content\/uploads\/Humniski-1-160x191.jpg 160w, https:\/\/carleton.ca\/ces\/wp-content\/uploads\/Humniski-1-768x915.jpg 768w, https:\/\/carleton.ca\/ces\/wp-content\/uploads\/Humniski-1-400x477.jpg 400w, https:\/\/carleton.ca\/ces\/wp-content\/uploads\/Humniski-1-360x429.jpg 360w, https:\/\/carleton.ca\/ces\/wp-content\/uploads\/Humniski-1.jpg 802w\" sizes=\"(max-width: 236px) 100vw, 236px\" \/><\/td>\n<td style=\"width: 75.9036%; height: 173px;\"><strong>Akaysha Humniski<\/strong> is Doctoral Candidate in the Department of Political Science at Carleton University.<\/p>\n<p>Please click <a href=\"https:\/\/carleton.ca\/polisci\/people\/akaysha-humniski\/\" target=\"_blank\" rel=\"noopener noreferrer\">here<\/a> for her personal website.<\/p>\n<p>Email: <a href=\"&#x6d;a&#x69;&#108;&#x74;&#111;&#x3a;&#x61;k&#x61;&#121;&#x73;&#104;&#x61;&#46;h&#x75;&#109;&#x6e;&#105;&#x73;&#107;i&#x40;&#99;&#x61;&#114;&#x6c;&#101;t&#x6f;n&#x2e;&#99;&#x61;\">&#x61;&#107;&#x61;&#x79;s&#x68;&#97;&#46;&#x68;&#117;m&#x6e;&#105;&#x73;&#x6b;i&#x40;&#99;a&#x72;&#108;e&#x74;&#111;&#x6e;&#x2e;&#99;&#x61;<\/a><\/td>\n<\/tr>\n<\/tbody>\n<\/table>\n<p><\/p>\n","protected":false},"excerpt":{"rendered":"<p>Lead researchers Petra Dolata is Associate Professor of History and Canada Research Chair in the History of Energy at the University of Calgary. Please click here for her personal website. Email: &#112;&#x64;&#111;&#x6c;&#97;&#x74;&#97;&#x40;&#117;&#x63;&#97;&#x6c;g&#x61;r&#x79;&#46;&#x63;a Twitter: @fabulierend Achim Hurrelmann is Professor of Political Science and Co-Director of the Centre for European Studies at Carleton University. He serves as [&hellip;]<\/p>\n","protected":false},"author":57,"featured_media":0,"parent":11140,"menu_order":0,"comment_status":"closed","ping_status":"closed","template":"","meta":{"_relevanssi_hide_post":"","_relevanssi_hide_content":"","_relevanssi_pin_for_all":"","_relevanssi_pin_keywords":"","_relevanssi_unpin_keywords":"","_relevanssi_related_keywords":"","_relevanssi_related_include_ids":"","_relevanssi_related_exclude_ids":"","_relevanssi_related_no_append":"","_relevanssi_related_not_related":"","_relevanssi_related_posts":"","_relevanssi_noindex_reason":"","_mi_skip_tracking":false,"_exactmetrics_sitenote_active":false,"_exactmetrics_sitenote_note":"","_exactmetrics_sitenote_category":0,"footnotes":"","_links_to":"","_links_to_target":""},"yoast_head":"<!-- This site is optimized with the Yoast SEO plugin v21.2 - https:\/\/yoast.com\/wordpress\/plugins\/seo\/ -->\n<title>Participating researchers - Centre for European Studies<\/title>\n<meta name=\"description\" content=\"Lead researchers Petra Dolata is Associate Professor of History and Canada Research Chair in the History of Energy at the University of Calgary. Please\" \/>\n<meta name=\"robots\" content=\"index, follow, max-snippet:-1, max-image-preview:large, max-video-preview:-1\" \/>\n<link rel=\"canonical\" href=\"https:\/\/carleton.ca\/ces\/brexit-project\/researchers\/\" \/>\n<meta name=\"twitter:label1\" content=\"Est. reading time\" \/>\n\t<meta name=\"twitter:data1\" content=\"2 minutes\" \/>\n<script type=\"application\/ld+json\" class=\"yoast-schema-graph\">{\"@context\":\"https:\/\/schema.org\",\"@graph\":[{\"@type\":\"WebPage\",\"@id\":\"https:\/\/carleton.ca\/ces\/brexit-project\/researchers\/\",\"url\":\"https:\/\/carleton.ca\/ces\/brexit-project\/researchers\/\",\"name\":\"Participating researchers - Centre for European Studies\",\"isPartOf\":{\"@id\":\"https:\/\/carleton.ca\/ces\/#website\"},\"datePublished\":\"2019-05-16T16:44:39+00:00\",\"dateModified\":\"2023-02-02T16:00:22+00:00\",\"description\":\"Lead researchers Petra Dolata is Associate Professor of History and Canada Research Chair in the History of Energy at the University of Calgary. Please\",\"breadcrumb\":{\"@id\":\"https:\/\/carleton.ca\/ces\/brexit-project\/researchers\/#breadcrumb\"},\"inLanguage\":\"en-US\",\"potentialAction\":[{\"@type\":\"ReadAction\",\"target\":[\"https:\/\/carleton.ca\/ces\/brexit-project\/researchers\/\"]}]},{\"@type\":\"BreadcrumbList\",\"@id\":\"https:\/\/carleton.ca\/ces\/brexit-project\/researchers\/#breadcrumb\",\"itemListElement\":[{\"@type\":\"ListItem\",\"position\":1,\"name\":\"Home\",\"item\":\"https:\/\/carleton.ca\/ces\/\"},{\"@type\":\"ListItem\",\"position\":2,\"name\":\"The Reconfiguration of Canada-Europe Relations after Brexit\",\"item\":\"https:\/\/carleton.ca\/ces\/brexit-project\/\"},{\"@type\":\"ListItem\",\"position\":3,\"name\":\"Participating researchers\"}]},{\"@type\":\"WebSite\",\"@id\":\"https:\/\/carleton.ca\/ces\/#website\",\"url\":\"https:\/\/carleton.ca\/ces\/\",\"name\":\"Centre for European Studies\",\"description\":\"Carleton University\",\"potentialAction\":[{\"@type\":\"SearchAction\",\"target\":{\"@type\":\"EntryPoint\",\"urlTemplate\":\"https:\/\/carleton.ca\/ces\/?s={search_term_string}\"},\"query-input\":\"required name=search_term_string\"}],\"inLanguage\":\"en-US\"}]}<\/script>\n<!-- \/ Yoast SEO plugin. -->","yoast_head_json":{"title":"Participating researchers - Centre for European Studies","description":"Lead researchers Petra Dolata is Associate Professor of History and Canada Research Chair in the History of Energy at the University of Calgary. Please","robots":{"index":"index","follow":"follow","max-snippet":"max-snippet:-1","max-image-preview":"max-image-preview:large","max-video-preview":"max-video-preview:-1"},"canonical":"https:\/\/carleton.ca\/ces\/brexit-project\/researchers\/","twitter_misc":{"Est. reading time":"2 minutes"},"schema":{"@context":"https:\/\/schema.org","@graph":[{"@type":"WebPage","@id":"https:\/\/carleton.ca\/ces\/brexit-project\/researchers\/","url":"https:\/\/carleton.ca\/ces\/brexit-project\/researchers\/","name":"Participating researchers - Centre for European Studies","isPartOf":{"@id":"https:\/\/carleton.ca\/ces\/#website"},"datePublished":"2019-05-16T16:44:39+00:00","dateModified":"2023-02-02T16:00:22+00:00","description":"Lead researchers Petra Dolata is Associate Professor of History and Canada Research Chair in the History of Energy at the University of Calgary. Please","breadcrumb":{"@id":"https:\/\/carleton.ca\/ces\/brexit-project\/researchers\/#breadcrumb"},"inLanguage":"en-US","potentialAction":[{"@type":"ReadAction","target":["https:\/\/carleton.ca\/ces\/brexit-project\/researchers\/"]}]},{"@type":"BreadcrumbList","@id":"https:\/\/carleton.ca\/ces\/brexit-project\/researchers\/#breadcrumb","itemListElement":[{"@type":"ListItem","position":1,"name":"Home","item":"https:\/\/carleton.ca\/ces\/"},{"@type":"ListItem","position":2,"name":"The Reconfiguration of Canada-Europe Relations after Brexit","item":"https:\/\/carleton.ca\/ces\/brexit-project\/"},{"@type":"ListItem","position":3,"name":"Participating researchers"}]},{"@type":"WebSite","@id":"https:\/\/carleton.ca\/ces\/#website","url":"https:\/\/carleton.ca\/ces\/","name":"Centre for European Studies","description":"Carleton University","potentialAction":[{"@type":"SearchAction","target":{"@type":"EntryPoint","urlTemplate":"https:\/\/carleton.ca\/ces\/?s={search_term_string}"},"query-input":"required name=search_term_string"}],"inLanguage":"en-US"}]}},"acf":{"banner_image_type":"hosted","banner_button":"no","banner_hosted_image":"lecture","banner_opacity":"dark"},"_links":{"self":[{"href":"https:\/\/carleton.ca\/ces\/wp-json\/wp\/v2\/pages\/11157"}],"collection":[{"href":"https:\/\/carleton.ca\/ces\/wp-json\/wp\/v2\/pages"}],"about":[{"href":"https:\/\/carleton.ca\/ces\/wp-json\/wp\/v2\/types\/page"}],"author":[{"embeddable":true,"href":"https:\/\/carleton.ca\/ces\/wp-json\/wp\/v2\/users\/57"}],"replies":[{"embeddable":true,"href":"https:\/\/carleton.ca\/ces\/wp-json\/wp\/v2\/comments?post=11157"}],"version-history":[{"count":3,"href":"https:\/\/carleton.ca\/ces\/wp-json\/wp\/v2\/pages\/11157\/revisions"}],"predecessor-version":[{"id":13617,"href":"https:\/\/carleton.ca\/ces\/wp-json\/wp\/v2\/pages\/11157\/revisions\/13617"}],"up":[{"embeddable":true,"href":"https:\/\/carleton.ca\/ces\/wp-json\/wp\/v2\/pages\/11140"}],"wp:attachment":[{"href":"https:\/\/carleton.ca\/ces\/wp-json\/wp\/v2\/media?parent=11157"}],"curies":[{"name":"wp","href":"https:\/\/api.w.org\/{rel}","templated":true}]}}