{"id":11283,"date":"2019-05-16T13:28:28","date_gmt":"2019-05-16T17:28:28","guid":{"rendered":"https:\/\/carleton.ca\/ces\/?page_id=11283"},"modified":"2025-08-20T16:31:40","modified_gmt":"2025-08-20T20:31:40","slug":"publications-and-twitter-feed","status":"publish","type":"page","link":"https:\/\/carleton.ca\/ces\/brexit-project\/publications-and-twitter-feed\/","title":{"rendered":"Publications"},"content":{"rendered":"<h2>Articles and book chapters<\/h2>\n<p>Achim Hurrelmann (2024), <a href=\"https:\/\/ojs.library.carleton.ca\/index.php\/CJERS\/article\/view\/4445\/3574\" target=\"_blank\" rel=\"noopener\">&#8220;Brexit: A critical juncture for Canada&#8217;s transatlantic relations?&#8221;<\/a>, <em>Canadian Journal of European and Russian Studies<\/em> 17(1), 4-25.<\/p>\n<p>Achim Hurrelmann, Sarra Ben Khelil, Asif Hameed, Akaysha Humniski and Patrick Leblond (2023), <a href=\"https:\/\/www.tandfonline.com\/doi\/full\/10.1080\/11926422.2022.2151483\" target=\"_blank\" rel=\"noopener noreferrer\">&#8220;Did Brexit change perceptions of the EU and the UK in Canada? An analysis of Canadian newspaper commentaries&#8221;<\/a>, <em>Canadian Foreign Policy Journal <\/em>29(1), 26-54.<\/p>\n<p>Achim Hurrelmann, Fr\u00e9d\u00e9ric M\u00e9rand and Stephen E. White (2021), <a href=\"https:\/\/www.cambridge.org\/core\/journals\/canadian-journal-of-political-science-revue-canadienne-de-science-politique\/article\/eurosphere-or-anglosphere-canadian-public-opinion-on-brexit-and-the-future-of-transatlantic-relations\/DFB83577558B313B43849DC6AF44EE1F\" target=\"_blank\" rel=\"noopener noreferrer\">\u201cEurosphere or Anglosphere? Canadian public opinion on Brexit and the future of transatlantic relations\u201d<\/a>, <em>Canadian Journal of Political Science<\/em> 54(3), 571-592..<\/p>\n<p>Achim Hurrelmann (2020), <a href=\"https:\/\/carleton.ca\/ces\/wp-content\/uploads\/Hurrelmann-Canadas-Two-Europes.pdf\" target=\"_blank\" rel=\"noopener noreferrer\">&#8220;Canada&#8217;s two Europes: Brexit and the prospect of competing transatlantic relationships&#8221;<\/a>, in: Natalia Chaban, Arne Niemann and Johanna Speyer, eds., <em>Changing Perspectives of the EU at Times of Brexit: Global Perspectives<\/em>. London: Routledge, pp. 116-131.<\/p>\n<h2>Newspaper \/ journal op-eds<\/h2>\n<p>Fr\u00e9d\u00e9ric M\u00e9rand (2020), <a href=\"https:\/\/www.ledevoir.com\/opinion\/idees\/592403\/union-europeenne-la-souverainete-gain-symbolique-du-royaume-uni\" target=\"_blank\" rel=\"noopener noreferrer\">&#8220;La souverainet\u00e9, gain symbolique du Royaume-Uni&#8221;<\/a>, <em>Le Devoir<\/em>, December 29.<\/p>\n<p>Achim Hurrelmann (2019), <a href=\"https:\/\/ottawacitizen.com\/opinion\/columnists\/hurrelmann-brexit-election-in-the-u-k-holds-high-stakes-for-canada\" target=\"_blank\" rel=\"noopener noreferrer\">&#8220;Brexit election in the U.K. holds high stakes for Canada&#8221;<\/a>, <em>Ottawa Citizen<\/em>, October 31.<\/p>\n<p>Fr\u00e9d\u00e9ric M\u00e9rand (2019), <a href=\"https:\/\/www.ledevoir.com\/opinion\/idees\/566180\/europe-le-brexit-une-question-politique-au-canada\" target=\"_blank\" rel=\"noopener noreferrer\">&#8220;Le Brexit, une question politique au Canada&#8221;<\/a>, <em>Le Devoir<\/em>, November 2.<\/p>\n<p>J. Denis Clark (2019), <a href=\"https:\/\/www.universityaffairs.ca\/opinion\/in-my-opinion\/canadian-researchers-will-be-exposed-to-brexits-after-effects\/\" target=\"_blank\" rel=\"noopener noreferrer\">&#8220;Canadian researchers will be exposed to Brexit&#8217;s after-effects&#8221;<\/a>, <em>University Affairs<\/em>, December 16.<\/p>\n<h2>Policy briefs \/ research papers \/ commentary<\/h2>\n<p>Laurent Borzillo (2025), <a href=\"https:\/\/www.institut-ega.org\/l\/vers-un-canada-plus-arctique-et-plus-europeen-la-reponse-strategique-canadienne-a-la-fragmentation-de-loccident\/\" target=\"_blank\" rel=\"noopener\">&#8220;Vers un Canada plus arctique et plus europ\u00e9en : la r\u00e9ponse strat\u00e9gique canadienne \u00e0 la fragmentation de l\u2019Occident&#8221;<\/a>, Research Paper, <em>Institut d&#8217;\u00e9tudes de g\u00e9opolitique appliqu\u00e9e<\/em>, Paris, 18 ao\u00fbt 2025.<\/p>\n<p>Fran\u00e7ois Gionet (2022), <a href=\"https:\/\/carleton.ca\/ces\/wp-content\/uploads\/Gionet-CAN_UE_Brexit_Rubicon.pdf\" target=\"_blank\" rel=\"noopener noreferrer\">&#8220;Note de synth\u00e8se &#8211; Les relations Canada-UE post-Brexit&#8221;<\/a>, Policy Brief, Fall 2022.<\/p>\n<p>Fr\u00e9d\u00e9ric M\u00e9rand, Achim Hurrelmann, Stephen White, Petra Dolata, and Patrick Leblond (2020), <a href=\"https:\/\/ukandeu.ac.uk\/canada-brexit-politics-anglosphere-or-eurosphere\/\" target=\"_blank\" rel=\"noopener noreferrer\">&#8220;Canada&#8217;s Brexit politics: Anglosphere or Eurosphere?&#8221;<\/a>, Commentary (November 23, 2020), UK in a Changing Europe.<\/p>\n<p>Achim Hurrelmann (2019), <a href=\"https:\/\/carleton.ca\/ces\/wp-content\/uploads\/Hurrelmann-EU-Policy-Brief-Brexit.pdf\" target=\"_blank\" rel=\"noopener noreferrer\">&#8220;Canadian public opinion on Brexit&#8221;<\/a>, <em>EU Policy Brief<\/em> No. 1 (November 2019), Centre for European Studies, Carleton University.<\/p>\n<h2>Research report<\/h2>\n<p><img decoding=\"async\" loading=\"lazy\" class=\"alignleft wp-image-11494\" src=\"https:\/\/carleton.ca\/ces\/wp-content\/uploads\/Screenshot-2019-10-17-13.31.18-240x177.png\" alt=\"\" width=\"167\" height=\"123\" srcset=\"https:\/\/carleton.ca\/ces\/wp-content\/uploads\/Screenshot-2019-10-17-13.31.18-240x177.png 240w, https:\/\/carleton.ca\/ces\/wp-content\/uploads\/Screenshot-2019-10-17-13.31.18-160x118.png 160w, https:\/\/carleton.ca\/ces\/wp-content\/uploads\/Screenshot-2019-10-17-13.31.18-768x566.png 768w, https:\/\/carleton.ca\/ces\/wp-content\/uploads\/Screenshot-2019-10-17-13.31.18-400x295.png 400w, https:\/\/carleton.ca\/ces\/wp-content\/uploads\/Screenshot-2019-10-17-13.31.18-360x265.png 360w, https:\/\/carleton.ca\/ces\/wp-content\/uploads\/Screenshot-2019-10-17-13.31.18.png 941w\" sizes=\"(max-width: 167px) 100vw, 167px\" \/>Nanos Research (2019), &#8220;<a href=\"https:\/\/www.nanos.co\/wp-content\/uploads\/2019\/10\/2019-1486-Carleton-Brexit-Omni-September-Populated-report-w-Changes-and-tabs.pdf\" target=\"_blank\" rel=\"noopener noreferrer\">Over half of Canadians say Canada should prioritize relations with EU after Brexit for a number of policy fields&#8221;,<\/a> Public opinion survey on Canadian attitudes towards Brexit and Canada-Europe relations, October 2019. This survey of 1013 randomly selected Canadians, 18 years or older, was commissioned by our project.<\/p>\n<p><\/p>\n","protected":false},"excerpt":{"rendered":"<p>Articles and book chapters Achim Hurrelmann (2024), &#8220;Brexit: A critical juncture for Canada&#8217;s transatlantic relations?&#8221;, Canadian Journal of European and Russian Studies 17(1), 4-25. Achim Hurrelmann, Sarra Ben Khelil, Asif Hameed, Akaysha Humniski and Patrick Leblond (2023), &#8220;Did Brexit change perceptions of the EU and the UK in Canada? An analysis of Canadian newspaper commentaries&#8221;, [&hellip;]<\/p>\n","protected":false},"author":57,"featured_media":0,"parent":11140,"menu_order":0,"comment_status":"closed","ping_status":"closed","template":"","meta":{"_relevanssi_hide_post":"","_relevanssi_hide_content":"","_relevanssi_pin_for_all":"","_relevanssi_pin_keywords":"","_relevanssi_unpin_keywords":"","_relevanssi_related_keywords":"","_relevanssi_related_include_ids":"","_relevanssi_related_exclude_ids":"","_relevanssi_related_no_append":"","_relevanssi_related_not_related":"","_relevanssi_related_posts":"","_relevanssi_noindex_reason":"","_mi_skip_tracking":false,"_exactmetrics_sitenote_active":false,"_exactmetrics_sitenote_note":"","_exactmetrics_sitenote_category":0,"footnotes":"","_links_to":"","_links_to_target":""},"yoast_head":"<!-- This site is optimized with the Yoast SEO plugin v21.2 - https:\/\/yoast.com\/wordpress\/plugins\/seo\/ -->\n<title>Publications - Centre for European Studies<\/title>\n<meta name=\"description\" content=\"Articles and book chapters Achim Hurrelmann (2024), &quot;Brexit: A critical juncture for Canada&#039;s transatlantic relations?&quot;, Canadian Journal of European and\" \/>\n<meta name=\"robots\" content=\"index, follow, max-snippet:-1, max-image-preview:large, max-video-preview:-1\" \/>\n<link rel=\"canonical\" href=\"https:\/\/carleton.ca\/ces\/brexit-project\/publications-and-twitter-feed\/\" \/>\n<meta name=\"twitter:label1\" content=\"Est. reading time\" \/>\n\t<meta name=\"twitter:data1\" content=\"2 minutes\" \/>\n<script type=\"application\/ld+json\" class=\"yoast-schema-graph\">{\"@context\":\"https:\/\/schema.org\",\"@graph\":[{\"@type\":\"WebPage\",\"@id\":\"https:\/\/carleton.ca\/ces\/brexit-project\/publications-and-twitter-feed\/\",\"url\":\"https:\/\/carleton.ca\/ces\/brexit-project\/publications-and-twitter-feed\/\",\"name\":\"Publications - Centre for European Studies\",\"isPartOf\":{\"@id\":\"https:\/\/carleton.ca\/ces\/#website\"},\"datePublished\":\"2019-05-16T17:28:28+00:00\",\"dateModified\":\"2025-08-20T20:31:40+00:00\",\"description\":\"Articles and book chapters Achim Hurrelmann (2024), \\\"Brexit: A critical juncture for Canada's transatlantic relations?\\\", Canadian Journal of European and\",\"breadcrumb\":{\"@id\":\"https:\/\/carleton.ca\/ces\/brexit-project\/publications-and-twitter-feed\/#breadcrumb\"},\"inLanguage\":\"en-US\",\"potentialAction\":[{\"@type\":\"ReadAction\",\"target\":[\"https:\/\/carleton.ca\/ces\/brexit-project\/publications-and-twitter-feed\/\"]}]},{\"@type\":\"BreadcrumbList\",\"@id\":\"https:\/\/carleton.ca\/ces\/brexit-project\/publications-and-twitter-feed\/#breadcrumb\",\"itemListElement\":[{\"@type\":\"ListItem\",\"position\":1,\"name\":\"Home\",\"item\":\"https:\/\/carleton.ca\/ces\/\"},{\"@type\":\"ListItem\",\"position\":2,\"name\":\"The Reconfiguration of Canada-Europe Relations after Brexit\",\"item\":\"https:\/\/carleton.ca\/ces\/brexit-project\/\"},{\"@type\":\"ListItem\",\"position\":3,\"name\":\"Publications\"}]},{\"@type\":\"WebSite\",\"@id\":\"https:\/\/carleton.ca\/ces\/#website\",\"url\":\"https:\/\/carleton.ca\/ces\/\",\"name\":\"Centre for European Studies\",\"description\":\"Carleton University\",\"potentialAction\":[{\"@type\":\"SearchAction\",\"target\":{\"@type\":\"EntryPoint\",\"urlTemplate\":\"https:\/\/carleton.ca\/ces\/?s={search_term_string}\"},\"query-input\":\"required name=search_term_string\"}],\"inLanguage\":\"en-US\"}]}<\/script>\n<!-- \/ Yoast SEO plugin. -->","yoast_head_json":{"title":"Publications - Centre for European Studies","description":"Articles and book chapters Achim Hurrelmann (2024), \"Brexit: A critical juncture for Canada's transatlantic relations?\", Canadian Journal of European and","robots":{"index":"index","follow":"follow","max-snippet":"max-snippet:-1","max-image-preview":"max-image-preview:large","max-video-preview":"max-video-preview:-1"},"canonical":"https:\/\/carleton.ca\/ces\/brexit-project\/publications-and-twitter-feed\/","twitter_misc":{"Est. reading time":"2 minutes"},"schema":{"@context":"https:\/\/schema.org","@graph":[{"@type":"WebPage","@id":"https:\/\/carleton.ca\/ces\/brexit-project\/publications-and-twitter-feed\/","url":"https:\/\/carleton.ca\/ces\/brexit-project\/publications-and-twitter-feed\/","name":"Publications - Centre for European Studies","isPartOf":{"@id":"https:\/\/carleton.ca\/ces\/#website"},"datePublished":"2019-05-16T17:28:28+00:00","dateModified":"2025-08-20T20:31:40+00:00","description":"Articles and book chapters Achim Hurrelmann (2024), \"Brexit: A critical juncture for Canada's transatlantic relations?\", Canadian Journal of European and","breadcrumb":{"@id":"https:\/\/carleton.ca\/ces\/brexit-project\/publications-and-twitter-feed\/#breadcrumb"},"inLanguage":"en-US","potentialAction":[{"@type":"ReadAction","target":["https:\/\/carleton.ca\/ces\/brexit-project\/publications-and-twitter-feed\/"]}]},{"@type":"BreadcrumbList","@id":"https:\/\/carleton.ca\/ces\/brexit-project\/publications-and-twitter-feed\/#breadcrumb","itemListElement":[{"@type":"ListItem","position":1,"name":"Home","item":"https:\/\/carleton.ca\/ces\/"},{"@type":"ListItem","position":2,"name":"The Reconfiguration of Canada-Europe Relations after Brexit","item":"https:\/\/carleton.ca\/ces\/brexit-project\/"},{"@type":"ListItem","position":3,"name":"Publications"}]},{"@type":"WebSite","@id":"https:\/\/carleton.ca\/ces\/#website","url":"https:\/\/carleton.ca\/ces\/","name":"Centre for European Studies","description":"Carleton University","potentialAction":[{"@type":"SearchAction","target":{"@type":"EntryPoint","urlTemplate":"https:\/\/carleton.ca\/ces\/?s={search_term_string}"},"query-input":"required name=search_term_string"}],"inLanguage":"en-US"}]}},"acf":{"banner_image_type":"hosted","banner_hosted_image":"old-text","banner_opacity":"dark","banner_button":"no"},"_links":{"self":[{"href":"https:\/\/carleton.ca\/ces\/wp-json\/wp\/v2\/pages\/11283"}],"collection":[{"href":"https:\/\/carleton.ca\/ces\/wp-json\/wp\/v2\/pages"}],"about":[{"href":"https:\/\/carleton.ca\/ces\/wp-json\/wp\/v2\/types\/page"}],"author":[{"embeddable":true,"href":"https:\/\/carleton.ca\/ces\/wp-json\/wp\/v2\/users\/57"}],"replies":[{"embeddable":true,"href":"https:\/\/carleton.ca\/ces\/wp-json\/wp\/v2\/comments?post=11283"}],"version-history":[{"count":3,"href":"https:\/\/carleton.ca\/ces\/wp-json\/wp\/v2\/pages\/11283\/revisions"}],"predecessor-version":[{"id":14477,"href":"https:\/\/carleton.ca\/ces\/wp-json\/wp\/v2\/pages\/11283\/revisions\/14477"}],"up":[{"embeddable":true,"href":"https:\/\/carleton.ca\/ces\/wp-json\/wp\/v2\/pages\/11140"}],"wp:attachment":[{"href":"https:\/\/carleton.ca\/ces\/wp-json\/wp\/v2\/media?parent=11283"}],"curies":[{"name":"wp","href":"https:\/\/api.w.org\/{rel}","templated":true}]}}