{"id":2337,"date":"2011-10-12T11:31:30","date_gmt":"2011-10-12T15:31:30","guid":{"rendered":"http:\/\/carleton.ca\/ces\/"},"modified":"2012-09-05T11:15:45","modified_gmt":"2012-09-05T15:15:45","slug":"the-european-union-canada-and-the-arctic-international-policy-on-the-arctic","status":"publish","type":"page","link":"https:\/\/carleton.ca\/ces\/the-european-union-canada-and-the-arctic-international-policy-on-the-arctic\/","title":{"rendered":"The European Union, Canada, and the Arctic: International Policy on the Arctic"},"content":{"rendered":"<div id=\"post-1949\">\n<h3>September 22-23, 2011<\/h3>\n<h3><a href=\"http:\/\/carleton.ca\/ces\/wp-content\/uploads\/EU-Canada-Arctic-Conference.pdf\">Conference Programme<\/a><\/h3>\n<h3><a href=\"http:\/\/carleton.ca\/ces\/wp-content\/uploads\/BIOGRAPHIES-revised-Sept-20.docx\">Biographies<\/a><strong>\u00a0<\/strong><\/h3>\n<div id=\"main-content\">\n<p><strong>BACKGROUND:<\/strong><\/p>\n<p>Over the last several years, the Arctic has received increased international attention and been a source of some diplomatic tension as a consequence of apparently accelerating climatic change and a fluid geopolitical environment. The shrinking polar ice cap is a barometer of the changes being wrought by global environmental change. The claims and counter-claims to jurisdiction by the various coastal states as well as the controversial contention that the Arctic is a regional rather than a global concern illustrate the strategic jockeying for positions in the international community.<\/p>\n<p>The range of issues at play in the Arctic and the lack of a generally-accepted governance structure for resolving them raises the question of whether mechanisms are adequate for, among other things, resolving conflicting claims to access and resources, promoting an appropriate balance between economic interests and other values, assuring sustainability of the natural environment, and protecting the rights of indigenous communities. The question of who should be involved in decision-making and what principles should prevail in determining this are crucial issues for both the littoral states of the Arctic (including Canada), for existing bodies such as the Arctic Council, and for other actors (such as the European Union) who may be impacted by these decisions.<\/p>\n<p>\u2014\u2014\u2014\u2014\u2014\u2014\u2014\u2014\u2014\u2014\u2014\u2014\u2014\u2014\u2014\u2014\u2014\u2014\u2014\u2014\u2014\u2014\u2014\u2014\u2014\u2014\u2014\u2014\u2014\u2014\u2014\u2014\u2014\u2013<\/p>\n<p><strong>Presentations by Speakers:<\/strong><\/p>\n<div>\n<ul>\n<li>Pami Aalto (University of Tampere)<\/li>\n<p><a href=\"http:\/\/carleton.ca\/ces\/wp-content\/uploads\/Aalto.pdf\">presentation <\/a><\/p>\n<li>Sandra Cavalieri (Ecologic, Berlin)<\/li>\n<p><a href=\"http:\/\/canada-europe-dialogue.ca\/wp-content\/uploads\/2011\/11\/Cavalieri.pdf\" target=\"_blank\">presentation <\/a><\/ul>\n<\/div>\n<ul>\n<li>Armand deMestral (McGill University)<\/li>\n<p><a href=\"http:\/\/carleton.ca\/ces\/wp-content\/uploads\/deMestral.pdf\">presentation <\/a><\/p>\n<li>Erica Dingman (World Policy Institute, New York)<\/li>\n<p><a href=\"http:\/\/carleton.ca\/ces\/wp-content\/uploads\/Dingman.pdf\">presentation <\/a><\/p>\n<li>Petra Dolata-Kreutzkamp (King\u2019s College, London)<\/li>\n<li>Leonid Grigoriev (Higher School of Economics, Moscow)<\/li>\n<li>Rob Huebert (University of Calgary)<\/li>\n<p><a href=\"http:\/\/carleton.ca\/ces\/wp-content\/uploads\/Huebert.pdf\">presentation <\/a><\/p>\n<li>Markus Kaim (German Institute for International Affairs, Berlin)<\/li>\n<p><a href=\"http:\/\/carleton.ca\/ces\/wp-content\/uploads\/Kaim.pdf\">presentation <\/a><\/p>\n<li>H.E. Matthias Brickmann, (EU Ambassador to Canada)<\/li>\n<li>H.E. Zenon Kosiniak-Kamysz (Polish Ambassador to Canada)<\/li>\n<li>H.E. Georg Witschel (Ambassador of the Federal Republic of Germany to Canada)<\/li>\n<li>David Long (Carleton University)<\/li>\n<li>Donald McRae (University of Ottawa)<\/li>\n<p><a href=\"http:\/\/carleton.ca\/ces\/wp-content\/uploads\/McRae.pdf\">presentation <\/a><\/p>\n<li>Heather Nicol (Trent University)<\/li>\n<li>Kristin Offerdal (Norwegian Institute for Defense Studies)<\/li>\n<li>Joel Plouffe (Universit\u00e9 du Qu\u00e9bec \u00e0 Montr\u00e9al)<\/li>\n<li>Jaime Reynolds (European Commission, DG Environment)<\/li>\n<li>Mary Simon (OC, QC, President of Inuit Tapiriit Kanatami)<\/li>\n<p><a href=\"http:\/\/carleton.ca\/ces\/wp-content\/uploads\/Simon.pdf\">presentation <\/a><\/p>\n<li>Oran Young (UC Santa Barbara)<\/li>\n<p><a href=\"http:\/\/carleton.ca\/ces\/wp-content\/uploads\/Young.pdf\">presentation <\/a><\/ul>\n<p><strong>The Centre for European Studies is\u00a0grateful to the European Commission, <\/strong><strong>Carleton University, <\/strong><strong>the Friedrich Ebert Foundation, and the Embassies of the Republic of Poland and the Federal Republic of Germany in Canada, for support.<\/strong><\/p>\n<\/div>\n<\/div>\n","protected":false},"excerpt":{"rendered":"<p>September 22-23, 2011 Conference Programme Biographies\u00a0 BACKGROUND: Over the last several years, the Arctic has received increased international attention and been a source of some diplomatic tension as a consequence of apparently accelerating climatic change and a fluid geopolitical environment. The shrinking polar ice cap is a barometer of the changes being wrought by global [&hellip;]<\/p>\n","protected":false},"author":3,"featured_media":0,"parent":0,"menu_order":10,"comment_status":"open","ping_status":"open","template":"pg-full.php","meta":{"_relevanssi_hide_post":"","_relevanssi_hide_content":"","_relevanssi_pin_for_all":"","_relevanssi_pin_keywords":"","_relevanssi_unpin_keywords":"","_relevanssi_related_keywords":"","_relevanssi_related_include_ids":"","_relevanssi_related_exclude_ids":"","_relevanssi_related_no_append":"","_relevanssi_related_not_related":"","_relevanssi_related_posts":"","_relevanssi_noindex_reason":"","_mi_skip_tracking":false,"_exactmetrics_sitenote_active":false,"_exactmetrics_sitenote_note":"","_exactmetrics_sitenote_category":0,"footnotes":"","_links_to":"","_links_to_target":""},"yoast_head":"<!-- This site is optimized with the Yoast SEO plugin v21.2 - https:\/\/yoast.com\/wordpress\/plugins\/seo\/ -->\n<title>The European Union, Canada, and the Arctic: International Policy on the Arctic - Centre for European Studies<\/title>\n<meta name=\"description\" content=\"September 22-23, 2011 Conference Programme Biographies\u00a0 BACKGROUND: Over the last several years, the Arctic has received increased international attention\" \/>\n<meta name=\"robots\" content=\"index, follow, max-snippet:-1, max-image-preview:large, max-video-preview:-1\" \/>\n<link rel=\"canonical\" href=\"https:\/\/carleton.ca\/ces\/the-european-union-canada-and-the-arctic-international-policy-on-the-arctic\/\" \/>\n<meta name=\"twitter:label1\" content=\"Est. reading time\" \/>\n\t<meta name=\"twitter:data1\" content=\"2 minutes\" \/>\n<script type=\"application\/ld+json\" class=\"yoast-schema-graph\">{\"@context\":\"https:\/\/schema.org\",\"@graph\":[{\"@type\":\"WebPage\",\"@id\":\"https:\/\/carleton.ca\/ces\/the-european-union-canada-and-the-arctic-international-policy-on-the-arctic\/\",\"url\":\"https:\/\/carleton.ca\/ces\/the-european-union-canada-and-the-arctic-international-policy-on-the-arctic\/\",\"name\":\"The European Union, Canada, and the Arctic: International Policy on the Arctic - Centre for European Studies\",\"isPartOf\":{\"@id\":\"https:\/\/carleton.ca\/ces\/#website\"},\"datePublished\":\"2011-10-12T15:31:30+00:00\",\"dateModified\":\"2012-09-05T15:15:45+00:00\",\"description\":\"September 22-23, 2011 Conference Programme Biographies\u00a0 BACKGROUND: Over the last several years, the Arctic has received increased international attention\",\"breadcrumb\":{\"@id\":\"https:\/\/carleton.ca\/ces\/the-european-union-canada-and-the-arctic-international-policy-on-the-arctic\/#breadcrumb\"},\"inLanguage\":\"en-US\",\"potentialAction\":[{\"@type\":\"ReadAction\",\"target\":[\"https:\/\/carleton.ca\/ces\/the-european-union-canada-and-the-arctic-international-policy-on-the-arctic\/\"]}]},{\"@type\":\"BreadcrumbList\",\"@id\":\"https:\/\/carleton.ca\/ces\/the-european-union-canada-and-the-arctic-international-policy-on-the-arctic\/#breadcrumb\",\"itemListElement\":[{\"@type\":\"ListItem\",\"position\":1,\"name\":\"Home\",\"item\":\"https:\/\/carleton.ca\/ces\/\"},{\"@type\":\"ListItem\",\"position\":2,\"name\":\"The European Union, Canada, and the Arctic: International Policy on the Arctic\"}]},{\"@type\":\"WebSite\",\"@id\":\"https:\/\/carleton.ca\/ces\/#website\",\"url\":\"https:\/\/carleton.ca\/ces\/\",\"name\":\"Centre for European Studies\",\"description\":\"Carleton University\",\"potentialAction\":[{\"@type\":\"SearchAction\",\"target\":{\"@type\":\"EntryPoint\",\"urlTemplate\":\"https:\/\/carleton.ca\/ces\/?s={search_term_string}\"},\"query-input\":\"required name=search_term_string\"}],\"inLanguage\":\"en-US\"}]}<\/script>\n<!-- \/ Yoast SEO plugin. -->","yoast_head_json":{"title":"The European Union, Canada, and the Arctic: International Policy on the Arctic - Centre for European Studies","description":"September 22-23, 2011 Conference Programme Biographies\u00a0 BACKGROUND: Over the last several years, the Arctic has received increased international attention","robots":{"index":"index","follow":"follow","max-snippet":"max-snippet:-1","max-image-preview":"max-image-preview:large","max-video-preview":"max-video-preview:-1"},"canonical":"https:\/\/carleton.ca\/ces\/the-european-union-canada-and-the-arctic-international-policy-on-the-arctic\/","twitter_misc":{"Est. reading time":"2 minutes"},"schema":{"@context":"https:\/\/schema.org","@graph":[{"@type":"WebPage","@id":"https:\/\/carleton.ca\/ces\/the-european-union-canada-and-the-arctic-international-policy-on-the-arctic\/","url":"https:\/\/carleton.ca\/ces\/the-european-union-canada-and-the-arctic-international-policy-on-the-arctic\/","name":"The European Union, Canada, and the Arctic: International Policy on the Arctic - Centre for European Studies","isPartOf":{"@id":"https:\/\/carleton.ca\/ces\/#website"},"datePublished":"2011-10-12T15:31:30+00:00","dateModified":"2012-09-05T15:15:45+00:00","description":"September 22-23, 2011 Conference Programme Biographies\u00a0 BACKGROUND: Over the last several years, the Arctic has received increased international attention","breadcrumb":{"@id":"https:\/\/carleton.ca\/ces\/the-european-union-canada-and-the-arctic-international-policy-on-the-arctic\/#breadcrumb"},"inLanguage":"en-US","potentialAction":[{"@type":"ReadAction","target":["https:\/\/carleton.ca\/ces\/the-european-union-canada-and-the-arctic-international-policy-on-the-arctic\/"]}]},{"@type":"BreadcrumbList","@id":"https:\/\/carleton.ca\/ces\/the-european-union-canada-and-the-arctic-international-policy-on-the-arctic\/#breadcrumb","itemListElement":[{"@type":"ListItem","position":1,"name":"Home","item":"https:\/\/carleton.ca\/ces\/"},{"@type":"ListItem","position":2,"name":"The European Union, Canada, and the Arctic: International Policy on the Arctic"}]},{"@type":"WebSite","@id":"https:\/\/carleton.ca\/ces\/#website","url":"https:\/\/carleton.ca\/ces\/","name":"Centre for European Studies","description":"Carleton University","potentialAction":[{"@type":"SearchAction","target":{"@type":"EntryPoint","urlTemplate":"https:\/\/carleton.ca\/ces\/?s={search_term_string}"},"query-input":"required name=search_term_string"}],"inLanguage":"en-US"}]}},"acf":{"banner_image_type":null,"banner_uploaded_image":null,"banner_hosted_image":null,"banner_opacity":null,"banner_button":null,"banner_buttons":null},"_links":{"self":[{"href":"https:\/\/carleton.ca\/ces\/wp-json\/wp\/v2\/pages\/2337"}],"collection":[{"href":"https:\/\/carleton.ca\/ces\/wp-json\/wp\/v2\/pages"}],"about":[{"href":"https:\/\/carleton.ca\/ces\/wp-json\/wp\/v2\/types\/page"}],"author":[{"embeddable":true,"href":"https:\/\/carleton.ca\/ces\/wp-json\/wp\/v2\/users\/3"}],"replies":[{"embeddable":true,"href":"https:\/\/carleton.ca\/ces\/wp-json\/wp\/v2\/comments?post=2337"}],"version-history":[{"count":2,"href":"https:\/\/carleton.ca\/ces\/wp-json\/wp\/v2\/pages\/2337\/revisions"}],"predecessor-version":[{"id":6005,"href":"https:\/\/carleton.ca\/ces\/wp-json\/wp\/v2\/pages\/2337\/revisions\/6005"}],"wp:attachment":[{"href":"https:\/\/carleton.ca\/ces\/wp-json\/wp\/v2\/media?parent=2337"}],"curies":[{"name":"wp","href":"https:\/\/api.w.org\/{rel}","templated":true}]}}