{"id":2556,"date":"2011-11-21T13:23:01","date_gmt":"2011-11-21T17:23:01","guid":{"rendered":"http:\/\/carleton.ca\/ces\/"},"modified":"2014-10-24T11:48:20","modified_gmt":"2014-10-24T15:48:20","slug":"martin-geiger","status":"publish","type":"page","link":"https:\/\/carleton.ca\/ces\/ces-scholars\/martin-geiger\/","title":{"rendered":"Martin Geiger"},"content":{"rendered":"<table style=\"width:100%\">\n<tr>\n<td width=\"125\"><img decoding=\"async\" loading=\"lazy\" class=\"alignleft size-medium wp-image-2587\" title=\"geiger-riga\" src=\"http:\/\/carleton.ca\/ces\/wp-content\/uploads\/geiger-riga1-125x162.jpg\" alt=\"\" width=\"125\" height=\"162\" \/>\n<\/td>\n<td>\n<p>\n<strong>Affiliation<\/strong>:<br \/>\nInstitute for Migration Research and Intercultural Studies (IMIS), University of Osnabr\u00fcck, Germany.<\/p>\n<p><strong>Expertise:<\/strong><br \/>\nHuman cross-border mobility, international cooperation, EU integration, and the nexus of migration (politics) and development (politics).<\/p>\n<p><strong>Dates of the visit<\/strong>: September 10 \u2013 December 30, 2011<\/p>\n<p><strong>Contribution to University activities: <\/strong><\/p>\n<ul>\n<li>Taught PSCI 5609 \/ EURR 5106 <strong>Governing Europe&#8217;s Neighbours: The External Justice Dimension of EU Justice and Home Affairs<\/strong> and PSCI 4809 <strong>The Politics of International Migration Management<\/strong><\/li>\n<li>Contribution to the Research Seminar &#8220;<a href=\"http:\/\/carleton.ca\/polisci\/upcoming-events\/migration-theory-and-politics\" target=\"_blank\">Migration, Theory and Politics<\/a>&#8221; (Chair: William Walters), <strong>Migration Management: Old and New Governmentalities of Migration<\/strong>, Department of Political Science, Carleton University<\/li>\n<li>Guest Lecture on <a href=\"http:\/\/carleton.ca\/ces\/events\/managing-migration-in-the-eu%e2%80%99s-european-neighbourhood\/\"><strong>Managing Migration in the EU&#8217;s European Neighbourhood<\/strong><\/a> Carleton University- October 12<\/li>\n<li>Moderated Roundtable Discussion &#8211; <strong>Managing Migration in the 21st Century: Policy Options for Canada and Europe,<\/strong> Carleton University\u00a0&#8211; November 1<\/li>\n<li>Introduction and Panel Co-Chair &#8211; <strong>Managing Migration. Critical Theoretical and Empirical Contributions &#8211; <\/strong>International Studies Association (ISA) Northeast, Annual Conference 2011, Providence RI, USA &#8211; November 3<\/li>\n<li>Brown Bag Lunch Seminar &#8211; <strong><a href=\"http:\/\/oppenheimer.mcgill.ca\/From-migration-governance-to?lang=en\" target=\"_blank\">From Migration Governance to Migration Management. International Organizations and the Regulation of Migration (Focus Europe)<\/a> &#8211;<\/strong> European Union Center of Excellence, Universit\u00e9 de Montr\u00e9al and Hans and Tamar Oppenheimer Chair, McGill University, Montr\u00e9al &#8211; November 15<\/li>\n<li>Paper presentation of Micheline van Riemsdijk: &#8220;Obstacles to Free Movement in the European Union&#8221; (Discussant together with Anne Staver) \u201c<a href=\"http:\/\/www.yorku.ca\/maas\/fmd.htm\" target=\"_blank\"><strong>Free Movement and Discrimination. The European Union in Comparative Perspective<\/strong><\/a>\u201c, Conference at Glendon College, York University, Toronto &#8211; November 28<\/li>\n<li>Guest Lecture &#8211; <strong>\u201c<a href=\"http:\/\/www.utoronto.ca\/ceres\/\" target=\"_blank\">International Organizations in the Management of Migration: The EU and its European Neighborhood<\/a>\u201c<\/strong> European Union Centre of Excellence, Centre for European, Russian and Eurasian Studies at the Munk School of Global Affairs, University of Toronto &#8211; November 28<\/li>\n<li>Guest Lecture &#8211; <strong><a href=\"http:\/\/www.yorku.ca\/yuevents\/index.asp?Event=24350&amp;Category=0&amp;ShowCal=&amp;TimeSame=Nov&amp;Month=11&amp;Year=2011&amp;EventTitle=York%20Events:%20Managing+Migration+at+the+Rim+of+Europe%3A+lecture\" target=\"_blank\">&#8220;Managing Migration at the Rims of Europe&#8221;<\/a><\/strong> York University, Toronto, European Union Centre of Excellence and Centre for Refugee Studies &#8211; November 29<\/li>\n<li>Guest Lecture &#8211;\u00a0<strong>\u201cManaging Migration at the Rims of Europe\u201c<\/strong> Dalhousie University, Halifax, European Union Centre of Excellence and Department of Sociology and Social Anthropology &#8211; December 2<\/li>\n<li>EU Law Workshop &#8211; <strong>\u201cSecuritization of Migration in Germany and Europe: What Role for Non-EU-Institutions?\u201c <\/strong>at\u00a0\u201c<a href=\"http:\/\/euce.apps01.yorku.ca\/2011\/09\/eu-law-workshop-securitization-in-the-eu-legal-and-policy-implications-for-canada-december-2-3-2011\/\" target=\"_blank\">Securitization in Germany and in the EU. Legal and Policy Implications for Canada\u201c<\/a>, Canadian Centre for German &amp; European Studies &amp; EU Centre of Excellence, York University,\u00a0 Toronto &#8211; December 3<\/li>\n<\/ul>\n<p><br \/>\n<strong>Personal Website<\/strong>:<br \/>\n<strong><a href=\"http:\/\/www.geographie.uos.de\/index.php?n=Mitarbeiter.Geiger\" target=\"_blank\">http:\/\/www.geographie.uos.de\/index.php?n=Mitarbeiter.GeigerContact<\/a> <\/strong><\/p>\n<p><strong>Information: <\/strong><br \/>\n<a href=\"mailto&#58;&#109;&#97;&#114;&#116;&#105;&#110;&#x2e;&#x67;&#x65;&#x69;&#x67;&#x65;&#x72;&#x40;&#x75;&#x6e;&#x69;&#x2d;osnabr&#117;&#101;&#99;&#107;&#46;&#100;&#101;\">&#x6d;&#x61;&#114;&#116;in&#x2e;&#x67;&#x65;&#105;ge&#x72;&#x40;&#x75;&#110;&#105;-&#x6f;&#x73;&#x6e;&#97;&#98;r&#x75;&#x65;&#x63;&#107;&#46;de<\/a>\n<\/p>\n<\/td>\n<\/tr>\n<\/table>\n","protected":false},"excerpt":{"rendered":"<p>Affiliation: Institute for Migration Research and Intercultural Studies (IMIS), University of Osnabr\u00fcck, Germany. Expertise: Human cross-border mobility, international cooperation, EU integration, and the nexus of migration (politics) and development (politics). Dates of the visit: September 10 \u2013 December 30, 2011 Contribution to University activities: Taught PSCI 5609 \/ EURR 5106 Governing Europe&#8217;s Neighbours: The External [&hellip;]<\/p>\n","protected":false},"author":3,"featured_media":0,"parent":286,"menu_order":0,"comment_status":"open","ping_status":"open","template":"pg-full.php","meta":{"_relevanssi_hide_post":"","_relevanssi_hide_content":"","_relevanssi_pin_for_all":"","_relevanssi_pin_keywords":"","_relevanssi_unpin_keywords":"","_relevanssi_related_keywords":"","_relevanssi_related_include_ids":"","_relevanssi_related_exclude_ids":"","_relevanssi_related_no_append":"","_relevanssi_related_not_related":"","_relevanssi_related_posts":"","_relevanssi_noindex_reason":"","_mi_skip_tracking":false,"_exactmetrics_sitenote_active":false,"_exactmetrics_sitenote_note":"","_exactmetrics_sitenote_category":0,"footnotes":"","_links_to":"","_links_to_target":""},"yoast_head":"<!-- This site is optimized with the Yoast SEO plugin v21.2 - https:\/\/yoast.com\/wordpress\/plugins\/seo\/ -->\n<title>Martin Geiger - Centre for European Studies<\/title>\n<meta name=\"description\" content=\"Affiliation: Institute for Migration Research and Intercultural Studies (IMIS), University of Osnabr\u00fcck, Germany. Expertise: Human cross-border mobility,\" \/>\n<meta name=\"robots\" content=\"index, follow, max-snippet:-1, max-image-preview:large, max-video-preview:-1\" \/>\n<link rel=\"canonical\" href=\"https:\/\/carleton.ca\/ces\/ces-scholars\/martin-geiger\/\" \/>\n<meta name=\"twitter:label1\" content=\"Est. reading time\" \/>\n\t<meta name=\"twitter:data1\" content=\"2 minutes\" \/>\n<script type=\"application\/ld+json\" class=\"yoast-schema-graph\">{\"@context\":\"https:\/\/schema.org\",\"@graph\":[{\"@type\":\"WebPage\",\"@id\":\"https:\/\/carleton.ca\/ces\/ces-scholars\/martin-geiger\/\",\"url\":\"https:\/\/carleton.ca\/ces\/ces-scholars\/martin-geiger\/\",\"name\":\"Martin Geiger - Centre for European Studies\",\"isPartOf\":{\"@id\":\"https:\/\/carleton.ca\/ces\/#website\"},\"datePublished\":\"2011-11-21T17:23:01+00:00\",\"dateModified\":\"2014-10-24T15:48:20+00:00\",\"description\":\"Affiliation: Institute for Migration Research and Intercultural Studies (IMIS), University of Osnabr\u00fcck, Germany. Expertise: Human cross-border mobility,\",\"breadcrumb\":{\"@id\":\"https:\/\/carleton.ca\/ces\/ces-scholars\/martin-geiger\/#breadcrumb\"},\"inLanguage\":\"en-US\",\"potentialAction\":[{\"@type\":\"ReadAction\",\"target\":[\"https:\/\/carleton.ca\/ces\/ces-scholars\/martin-geiger\/\"]}]},{\"@type\":\"BreadcrumbList\",\"@id\":\"https:\/\/carleton.ca\/ces\/ces-scholars\/martin-geiger\/#breadcrumb\",\"itemListElement\":[{\"@type\":\"ListItem\",\"position\":1,\"name\":\"Home\",\"item\":\"https:\/\/carleton.ca\/ces\/\"},{\"@type\":\"ListItem\",\"position\":2,\"name\":\"CES Scholars\",\"item\":\"https:\/\/carleton.ca\/ces\/ces-scholars\/\"},{\"@type\":\"ListItem\",\"position\":3,\"name\":\"Martin Geiger\"}]},{\"@type\":\"WebSite\",\"@id\":\"https:\/\/carleton.ca\/ces\/#website\",\"url\":\"https:\/\/carleton.ca\/ces\/\",\"name\":\"Centre for European Studies\",\"description\":\"Carleton University\",\"potentialAction\":[{\"@type\":\"SearchAction\",\"target\":{\"@type\":\"EntryPoint\",\"urlTemplate\":\"https:\/\/carleton.ca\/ces\/?s={search_term_string}\"},\"query-input\":\"required name=search_term_string\"}],\"inLanguage\":\"en-US\"}]}<\/script>\n<!-- \/ Yoast SEO plugin. -->","yoast_head_json":{"title":"Martin Geiger - Centre for European Studies","description":"Affiliation: Institute for Migration Research and Intercultural Studies (IMIS), University of Osnabr\u00fcck, Germany. Expertise: Human cross-border mobility,","robots":{"index":"index","follow":"follow","max-snippet":"max-snippet:-1","max-image-preview":"max-image-preview:large","max-video-preview":"max-video-preview:-1"},"canonical":"https:\/\/carleton.ca\/ces\/ces-scholars\/martin-geiger\/","twitter_misc":{"Est. reading time":"2 minutes"},"schema":{"@context":"https:\/\/schema.org","@graph":[{"@type":"WebPage","@id":"https:\/\/carleton.ca\/ces\/ces-scholars\/martin-geiger\/","url":"https:\/\/carleton.ca\/ces\/ces-scholars\/martin-geiger\/","name":"Martin Geiger - Centre for European Studies","isPartOf":{"@id":"https:\/\/carleton.ca\/ces\/#website"},"datePublished":"2011-11-21T17:23:01+00:00","dateModified":"2014-10-24T15:48:20+00:00","description":"Affiliation: Institute for Migration Research and Intercultural Studies (IMIS), University of Osnabr\u00fcck, Germany. Expertise: Human cross-border mobility,","breadcrumb":{"@id":"https:\/\/carleton.ca\/ces\/ces-scholars\/martin-geiger\/#breadcrumb"},"inLanguage":"en-US","potentialAction":[{"@type":"ReadAction","target":["https:\/\/carleton.ca\/ces\/ces-scholars\/martin-geiger\/"]}]},{"@type":"BreadcrumbList","@id":"https:\/\/carleton.ca\/ces\/ces-scholars\/martin-geiger\/#breadcrumb","itemListElement":[{"@type":"ListItem","position":1,"name":"Home","item":"https:\/\/carleton.ca\/ces\/"},{"@type":"ListItem","position":2,"name":"CES Scholars","item":"https:\/\/carleton.ca\/ces\/ces-scholars\/"},{"@type":"ListItem","position":3,"name":"Martin Geiger"}]},{"@type":"WebSite","@id":"https:\/\/carleton.ca\/ces\/#website","url":"https:\/\/carleton.ca\/ces\/","name":"Centre for European Studies","description":"Carleton University","potentialAction":[{"@type":"SearchAction","target":{"@type":"EntryPoint","urlTemplate":"https:\/\/carleton.ca\/ces\/?s={search_term_string}"},"query-input":"required name=search_term_string"}],"inLanguage":"en-US"}]}},"acf":{"banner_image_type":null,"banner_uploaded_image":null,"banner_hosted_image":null,"banner_opacity":null,"banner_button":null,"banner_buttons":null},"_links":{"self":[{"href":"https:\/\/carleton.ca\/ces\/wp-json\/wp\/v2\/pages\/2556"}],"collection":[{"href":"https:\/\/carleton.ca\/ces\/wp-json\/wp\/v2\/pages"}],"about":[{"href":"https:\/\/carleton.ca\/ces\/wp-json\/wp\/v2\/types\/page"}],"author":[{"embeddable":true,"href":"https:\/\/carleton.ca\/ces\/wp-json\/wp\/v2\/users\/3"}],"replies":[{"embeddable":true,"href":"https:\/\/carleton.ca\/ces\/wp-json\/wp\/v2\/comments?post=2556"}],"version-history":[{"count":3,"href":"https:\/\/carleton.ca\/ces\/wp-json\/wp\/v2\/pages\/2556\/revisions"}],"predecessor-version":[{"id":8070,"href":"https:\/\/carleton.ca\/ces\/wp-json\/wp\/v2\/pages\/2556\/revisions\/8070"}],"up":[{"embeddable":true,"href":"https:\/\/carleton.ca\/ces\/wp-json\/wp\/v2\/pages\/286"}],"wp:attachment":[{"href":"https:\/\/carleton.ca\/ces\/wp-json\/wp\/v2\/media?parent=2556"}],"curies":[{"name":"wp","href":"https:\/\/api.w.org\/{rel}","templated":true}]}}