{"id":292,"date":"2010-11-18T11:01:56","date_gmt":"2010-11-18T15:01:56","guid":{"rendered":"http:\/\/carleton.ca\/ces\/"},"modified":"2014-10-24T11:59:55","modified_gmt":"2014-10-24T15:59:55","slug":"eugenia-da-conceicao-heldt","status":"publish","type":"page","link":"https:\/\/carleton.ca\/ces\/ces-scholars\/eugenia-da-conceicao-heldt\/","title":{"rendered":"Eug\u00e9nia da Concei\u00e7\u00e3o-Heldt"},"content":{"rendered":"<table style=\"width:100%\">\n<tr>\n<td width=\"150\"><img decoding=\"async\" loading=\"lazy\" src=\"http:\/\/carleton.ca\/ces\/wp-content\/uploads\/EugeniaConceicao.jpg\" alt=\"\" width=\"150\" height=\"191\" border=\"0\" \/>\n<\/td>\n<td>\n<p>\n<strong>Affiliation<\/strong>:<br \/>\nAssistant Professor in Comparative Politics, Humboldt University, Germany<\/p>\n<p><strong>Expertise:<\/strong><br \/>\nEuropean Integration; European Integration Theories; European Union; Negotiation Analysis; World Trade Organization (WTO); Comparative Analysis of Political Systems; Principal-Agent Approaches; Policy-Making in the EU and in the WTO<\/p>\n<p><strong>Dates of the visit<\/strong>: 19 July &#8211; 12 August 2009<\/p>\n<p><strong>Contribution to University activities: <\/strong><\/p>\n<ul>\n<li>Public lecture:<a href=\"http:\/\/carleton.ca\/ces\/wp-content\/uploads\/2009-07-28-Conceicao.pdf\" target=\"_blank\">EU Trade Politics: Delegation of Power and Agency Losses<\/a> (July 28, 2009)<\/li>\n<li>Courses taught: EURR 5108\/PSCI 5103: Canada-EU Relations<\/li>\n<\/ul>\n<p><br \/>\n<strong> Personal Website:<br \/>\n<\/strong><a href=\"http:\/\/www.bgss.hu-berlin.de\/lehrbereiche\/comppol\/teamDE\/ech\" target=\"_blank\">http:\/\/www.bgss.hu-berlin.de\/lehrbereiche\/comppol\/teamDE\/ech<\/a><\/p>\n<p><strong>Contact Information: <\/strong><a href=\"&#x6d;&#97;&#x69;&#108;t&#x6f;&#58;e&#x75;&#103;&#x65;&#x6e;i&#x61;&#46;c&#x6f;&#110;&#x63;&#x65;i&#x63;&#97;o&#x2d;&#104;e&#x6c;&#100;&#x74;&#64;s&#x6f;&#119;i&#x2e;&#104;&#x75;&#x2d;b&#x65;&#114;l&#x69;&#110;&#x2e;&#x64;e\" target=\"_blank\">&#101;&#x75;&#x67;e&#110;&#x69;a&#46;&#x63;&#x6f;&#110;&#x63;&#x65;i&#99;&#x61;o&#45;&#x68;&#x65;&#108;&#x64;&#x74;&#64;&#115;&#x6f;w&#105;&#x2e;&#x68;&#117;&#x2d;&#x62;e&#114;&#x6c;i&#110;&#x2e;&#x64;&#101;<\/a><\/p>\n<p><a href=\"http:\/\/www.governancevillage.org\/blogs\/gvnewsblog\/foodexpertwithoutfairtradewhatcan20billiondo\" target=\"_blank\">Interview with Eug\u00e9nia da Concei\u00e7\u00e3o-Heldt<\/a>\n<\/p>\n<\/td>\n<\/tr>\n<\/table>\n","protected":false},"excerpt":{"rendered":"<p>Affiliation: Assistant Professor in Comparative Politics, Humboldt University, Germany Expertise: European Integration; European Integration Theories; European Union; Negotiation Analysis; World Trade Organization (WTO); Comparative Analysis of Political Systems; Principal-Agent Approaches; Policy-Making in the EU and in the WTO Dates of the visit: 19 July &#8211; 12 August 2009 Contribution to University activities: Public lecture:EU Trade [&hellip;]<\/p>\n","protected":false},"author":3,"featured_media":0,"parent":286,"menu_order":0,"comment_status":"open","ping_status":"closed","template":"pg-full.php","meta":{"_relevanssi_hide_post":"","_relevanssi_hide_content":"","_relevanssi_pin_for_all":"","_relevanssi_pin_keywords":"","_relevanssi_unpin_keywords":"","_relevanssi_related_keywords":"","_relevanssi_related_include_ids":"","_relevanssi_related_exclude_ids":"","_relevanssi_related_no_append":"","_relevanssi_related_not_related":"","_relevanssi_related_posts":"","_relevanssi_noindex_reason":"","_mi_skip_tracking":false,"_exactmetrics_sitenote_active":false,"_exactmetrics_sitenote_note":"","_exactmetrics_sitenote_category":0,"footnotes":"","_links_to":"","_links_to_target":""},"yoast_head":"<!-- This site is optimized with the Yoast SEO plugin v21.2 - https:\/\/yoast.com\/wordpress\/plugins\/seo\/ -->\n<title>Eug\u00e9nia da Concei\u00e7\u00e3o-Heldt - Centre for European Studies<\/title>\n<meta name=\"description\" content=\"Affiliation: Assistant Professor in Comparative Politics, Humboldt University, Germany Expertise: European Integration; European Integration Theories;\" \/>\n<meta name=\"robots\" content=\"index, follow, max-snippet:-1, max-image-preview:large, max-video-preview:-1\" \/>\n<link rel=\"canonical\" href=\"https:\/\/carleton.ca\/ces\/ces-scholars\/eugenia-da-conceicao-heldt\/\" \/>\n<script type=\"application\/ld+json\" class=\"yoast-schema-graph\">{\"@context\":\"https:\/\/schema.org\",\"@graph\":[{\"@type\":\"WebPage\",\"@id\":\"https:\/\/carleton.ca\/ces\/ces-scholars\/eugenia-da-conceicao-heldt\/\",\"url\":\"https:\/\/carleton.ca\/ces\/ces-scholars\/eugenia-da-conceicao-heldt\/\",\"name\":\"Eug\u00e9nia da Concei\u00e7\u00e3o-Heldt - Centre for European Studies\",\"isPartOf\":{\"@id\":\"https:\/\/carleton.ca\/ces\/#website\"},\"datePublished\":\"2010-11-18T15:01:56+00:00\",\"dateModified\":\"2014-10-24T15:59:55+00:00\",\"description\":\"Affiliation: Assistant Professor in Comparative Politics, Humboldt University, Germany Expertise: European Integration; European Integration Theories;\",\"breadcrumb\":{\"@id\":\"https:\/\/carleton.ca\/ces\/ces-scholars\/eugenia-da-conceicao-heldt\/#breadcrumb\"},\"inLanguage\":\"en-US\",\"potentialAction\":[{\"@type\":\"ReadAction\",\"target\":[\"https:\/\/carleton.ca\/ces\/ces-scholars\/eugenia-da-conceicao-heldt\/\"]}]},{\"@type\":\"BreadcrumbList\",\"@id\":\"https:\/\/carleton.ca\/ces\/ces-scholars\/eugenia-da-conceicao-heldt\/#breadcrumb\",\"itemListElement\":[{\"@type\":\"ListItem\",\"position\":1,\"name\":\"Home\",\"item\":\"https:\/\/carleton.ca\/ces\/\"},{\"@type\":\"ListItem\",\"position\":2,\"name\":\"CES Scholars\",\"item\":\"https:\/\/carleton.ca\/ces\/ces-scholars\/\"},{\"@type\":\"ListItem\",\"position\":3,\"name\":\"Eug\u00e9nia da Concei\u00e7\u00e3o-Heldt\"}]},{\"@type\":\"WebSite\",\"@id\":\"https:\/\/carleton.ca\/ces\/#website\",\"url\":\"https:\/\/carleton.ca\/ces\/\",\"name\":\"Centre for European Studies\",\"description\":\"Carleton University\",\"potentialAction\":[{\"@type\":\"SearchAction\",\"target\":{\"@type\":\"EntryPoint\",\"urlTemplate\":\"https:\/\/carleton.ca\/ces\/?s={search_term_string}\"},\"query-input\":\"required name=search_term_string\"}],\"inLanguage\":\"en-US\"}]}<\/script>\n<!-- \/ Yoast SEO plugin. -->","yoast_head_json":{"title":"Eug\u00e9nia da Concei\u00e7\u00e3o-Heldt - Centre for European Studies","description":"Affiliation: Assistant Professor in Comparative Politics, Humboldt University, Germany Expertise: European Integration; European Integration Theories;","robots":{"index":"index","follow":"follow","max-snippet":"max-snippet:-1","max-image-preview":"max-image-preview:large","max-video-preview":"max-video-preview:-1"},"canonical":"https:\/\/carleton.ca\/ces\/ces-scholars\/eugenia-da-conceicao-heldt\/","schema":{"@context":"https:\/\/schema.org","@graph":[{"@type":"WebPage","@id":"https:\/\/carleton.ca\/ces\/ces-scholars\/eugenia-da-conceicao-heldt\/","url":"https:\/\/carleton.ca\/ces\/ces-scholars\/eugenia-da-conceicao-heldt\/","name":"Eug\u00e9nia da Concei\u00e7\u00e3o-Heldt - Centre for European Studies","isPartOf":{"@id":"https:\/\/carleton.ca\/ces\/#website"},"datePublished":"2010-11-18T15:01:56+00:00","dateModified":"2014-10-24T15:59:55+00:00","description":"Affiliation: Assistant Professor in Comparative Politics, Humboldt University, Germany Expertise: European Integration; European Integration Theories;","breadcrumb":{"@id":"https:\/\/carleton.ca\/ces\/ces-scholars\/eugenia-da-conceicao-heldt\/#breadcrumb"},"inLanguage":"en-US","potentialAction":[{"@type":"ReadAction","target":["https:\/\/carleton.ca\/ces\/ces-scholars\/eugenia-da-conceicao-heldt\/"]}]},{"@type":"BreadcrumbList","@id":"https:\/\/carleton.ca\/ces\/ces-scholars\/eugenia-da-conceicao-heldt\/#breadcrumb","itemListElement":[{"@type":"ListItem","position":1,"name":"Home","item":"https:\/\/carleton.ca\/ces\/"},{"@type":"ListItem","position":2,"name":"CES Scholars","item":"https:\/\/carleton.ca\/ces\/ces-scholars\/"},{"@type":"ListItem","position":3,"name":"Eug\u00e9nia da Concei\u00e7\u00e3o-Heldt"}]},{"@type":"WebSite","@id":"https:\/\/carleton.ca\/ces\/#website","url":"https:\/\/carleton.ca\/ces\/","name":"Centre for European Studies","description":"Carleton University","potentialAction":[{"@type":"SearchAction","target":{"@type":"EntryPoint","urlTemplate":"https:\/\/carleton.ca\/ces\/?s={search_term_string}"},"query-input":"required name=search_term_string"}],"inLanguage":"en-US"}]}},"acf":{"banner_image_type":null,"banner_uploaded_image":null,"banner_hosted_image":null,"banner_opacity":null,"banner_button":null,"banner_buttons":null},"_links":{"self":[{"href":"https:\/\/carleton.ca\/ces\/wp-json\/wp\/v2\/pages\/292"}],"collection":[{"href":"https:\/\/carleton.ca\/ces\/wp-json\/wp\/v2\/pages"}],"about":[{"href":"https:\/\/carleton.ca\/ces\/wp-json\/wp\/v2\/types\/page"}],"author":[{"embeddable":true,"href":"https:\/\/carleton.ca\/ces\/wp-json\/wp\/v2\/users\/3"}],"replies":[{"embeddable":true,"href":"https:\/\/carleton.ca\/ces\/wp-json\/wp\/v2\/comments?post=292"}],"version-history":[{"count":3,"href":"https:\/\/carleton.ca\/ces\/wp-json\/wp\/v2\/pages\/292\/revisions"}],"predecessor-version":[{"id":8074,"href":"https:\/\/carleton.ca\/ces\/wp-json\/wp\/v2\/pages\/292\/revisions\/8074"}],"up":[{"embeddable":true,"href":"https:\/\/carleton.ca\/ces\/wp-json\/wp\/v2\/pages\/286"}],"wp:attachment":[{"href":"https:\/\/carleton.ca\/ces\/wp-json\/wp\/v2\/media?parent=292"}],"curies":[{"name":"wp","href":"https:\/\/api.w.org\/{rel}","templated":true}]}}