{"id":3341,"date":"2012-06-26T09:56:28","date_gmt":"2012-06-26T13:56:28","guid":{"rendered":"http:\/\/carleton.ca\/ces\/"},"modified":"2022-06-23T10:24:44","modified_gmt":"2022-06-23T14:24:44","slug":"visiting-scholars","status":"publish","type":"page","link":"https:\/\/carleton.ca\/ces\/ces-scholars\/visiting-scholars\/","title":{"rendered":"Visiting Scholars"},"content":{"rendered":"<h3>Visiting Scholars<\/h3>\n<p>European scholars regularly visit the the Centre for European Studies. The Centre offers two types of visiting scholar positions: <strong>short-term visitors<\/strong> (under one month) and <strong>visiting scholars in residence<\/strong> (one academic term). Scholars are selected based on an open application process; <a href=\"https:\/\/carleton.ca\/ces\/grants-and-opportunities\/\">competitions are announced on our website<\/a> and publicized broadly. In addition to pursuing their own research programs, visiting scholars deliver public lectures, actively participate in the Centre&#8217;s outreach activities, consult with students, and, for longer term visitors, teach courses. These visits also provide a foundation for longer-term partnerships between CES and European counterparts. Funding for this program is provided by the European Commission and Carleton University; we are grateful to the Carleton&#8217;s Institute of European and Russian Studies and Department of Political Science for their cooperation.<\/p>\n<ul>\n<li>Luca Ratti, University of Rome III, Italy (January &#8211; April 2022)<\/li>\n<li>Annegret Bendiek, German Institute for International and Security Affairs, Germany (January &#8211; April 2022)<\/li>\n<li>J\u00fcrgen Neyer, European University Viadrina, Germany (January &#8211; April 2022)<\/li>\n<li><a href=\"https:\/\/carleton.ca\/ces\/matus-misik\/\">Mat\u00fa\u0161 Mi\u0161\u00edk<\/a>, Comenius University, Bratislava, Slovakia (September &#8211; December 2018)<\/li>\n<li><a href=\"https:\/\/carleton.ca\/eureast\/markus-kaim-visiting-scholar\/\">Markus Kaim<\/a>, University of Zurich and Guest Instructor at the Hertie School of Governance, Berlin, Germany (July-August 2018)<\/li>\n<li><a href=\"https:\/\/carleton.ca\/ces\/ces-scholars\/visiting-scholars\/ioannis-galariotis\/\">Ioannis Galariotis<\/a>, European University Institute, Florence, Italy (September &#8211; December 2017)<\/li>\n<li><a href=\"https:\/\/carleton.ca\/ces\/ces-scholars\/visiting-scholars\/jaroslaw-janczak\/\">Jaros\u0142aw Ja\u0144czak<\/a>, Adam Mickiewicz University, Pozna\u0144, Poland (September 2016)<\/li>\n<li><a href=\"https:\/\/carleton.ca\/ces\/ces-scholars\/visiting-scholars\/maria-lagutina\/\">Maria Lagutina<\/a>, St. Petersburg State University, Russian Federation (September 2016)<\/li>\n<li><a href=\"http:\/\/carleton.ca\/ces\/ces-scholars\/visiting-scholars\/tatjana-muravska\/\" target=\"_blank\" rel=\"noopener noreferrer\">Tatjana Muravska<\/a>, University of Latvia, Riga, Latvia (March 2016)<\/li>\n<li><a href=\"http:\/\/carleton.ca\/ces\/?p=8841\" target=\"_blank\" rel=\"noopener noreferrer\">Francis McGowan<\/a>, University of Sussex, Brighton, United Kingdom (September 2015 &#8211; December 2015)<\/li>\n<li><a href=\"https:\/\/carleton.ca\/ces\/ces-scholars\/visiting-scholars\/vadim-voynikov\/\">Vadim Voynikov<\/a>, Immanuel Kant Baltic Federal University, Kaliningrad, Russia (April 2015)<\/li>\n<li><a href=\"http:\/\/carleton.ca\/ces\/ces-scholars\/visiting-scholars\/emmanuel-sigalas\/\" target=\"_blank\" rel=\"noopener noreferrer\">Emmanuel Sigalas<\/a>, Institute for Advanced Studies, Vienna, Austria (January \u2013 April 2015)<\/li>\n<li><a href=\"http:\/\/carleton.ca\/ces\/?p=8591\">Anatole Boute<\/a>, University of Aberdeen, UK (March \u2013 April 2014)<\/li>\n<li><a href=\"http:\/\/carleton.ca\/ces\/ces-scholars\/visiting-scholars\/rouba-al-fattal-eeckelaert\/\" target=\"_blank\" rel=\"noopener noreferrer\">Rouba Al-Fattal Eeckelaert<\/a>, Institute for European and International Policy, Leuven University, Belgium (October 2013 &#8211; March 2014)<\/li>\n<li><a href=\"http:\/\/carleton.ca\/ces\/ces-scholars\/licinia-simao\/\">Lic\u00ednia Sim\u00e3o<\/a>, University of Coimbra, Portugal (July &#8211; August 2012)<\/li>\n<li><a href=\"http:\/\/carleton.ca\/ces\/ces-scholars\/massimo-scaglioni\/\">Massimo Scaglioni<\/a>, Department of Communication and Performing Arts, Catholic University of the Sacred Heart, Milan, Italy (January &#8211; February 2012)<\/li>\n<li><a href=\"http:\/\/carleton.ca\/ces\/ces-scholars\/martin-geiger\/\">Martin Geiger<\/a>, Institute for Migration Research and Intercultural Studies (IMIS), University of Osnabr\u00fcck, Germany (September-December 2011)<\/li>\n<li><a href=\"https:\/\/carleton.ca\/ces\/ces-scholars\/steffen-schneider\/\">Steffen Schneider<\/a>, University of Bremen, Germany (September-December 2010)<\/li>\n<li><a href=\"https:\/\/carleton.ca\/ces\/ces-scholars\/dorothee-bohle\/\">Dorothee Bohle <\/a>Central European University, Hungary (August 2009)<\/li>\n<li><a href=\"https:\/\/carleton.ca\/ces\/ces-scholars\/eugenia-da-conceicao-heldt\/\">Eug\u00e9nia da Concei\u00e7\u00e3o-Heldt,<\/a> Free University Berlin, Germany (July &#8211; August 2009)<\/li>\n<li><a href=\"https:\/\/carleton.ca\/ces\/ces-scholars\/ingeborg-toemmel\/\">Ingeborg Toemmel,<\/a> Universit\u00e4t Osnabr\u00fcck (January &#8211; April, 2009)<\/li>\n<li><a href=\"https:\/\/carleton.ca\/ces\/ces-scholars\/petra-dolata-kreutzkamp\/\">Petra Dolata-Kreutzkamp,<\/a> King&#8217;s College London, UK (July &#8211; August 2008)<\/li>\n<li><a href=\"https:\/\/carleton.ca\/ces\/ces-scholars\/marek-kozak\/\">Marek Kozak,<\/a> European Centre for Regional and Local Studies (EUROREG), University of Warsaw (May 2008)<\/li>\n<li><a href=\"http:\/\/carleton.ca\/ces\/ces-scholars\/arthur-benz\">Arthur Benz<\/a>, Technische Universit\u00e4t Darmstadt (September 2007 &#8211; May 2008)<\/li>\n<li><a href=\"https:\/\/carleton.ca\/ces\/ces-scholars\/christopher-rumford\/\">Christopher Rumford,<\/a> Royal Holloway, University of London (October &#8211; November 2007)<\/li>\n<li><a href=\"https:\/\/carleton.ca\/ces\/ces-scholars\/franz-kernic\/\">Franz Kernic,<\/a> Swedish National Defence College (F\u00f6rsvarsh\u00f6gskolan), Stockholm ( January 2007 &#8211; April 2008)<\/li>\n<li><a href=\"https:\/\/carleton.ca\/ces\/ces-scholars\/clara-portela\/\">Clara Portela,<\/a> Singapore Management University (July &#8211; August 2007)<\/li>\n<li><a href=\"https:\/\/carleton.ca\/ces\/ces-scholars\/elena-lazarou\/\">Elena Lazarou,<\/a> Center of the Getulio Vargas, Brazil (September 2006)<\/li>\n<li><a href=\"https:\/\/carleton.ca\/ces\/ces-scholars\/sven-biscop\/\">Sven Biscop,<\/a> Egmont \u2013 Royal Institute for International Relations, Belgium (July 2006)<\/li>\n<li><a href=\"https:\/\/carleton.ca\/ces\/ces-scholars\/andrea-locatelli\/\">Andrea Locatelli,<\/a> University College, London (January &#8211; April 2006)<\/li>\n<li><a href=\"https:\/\/carleton.ca\/ces\/ces-scholars\/achim-hurrelmann\/\">Achim Hurrelmann,<\/a> University of Bremen, Germany (September 2005)<\/li>\n<li><a href=\"https:\/\/carleton.ca\/ces\/ces-scholars\/antonia-maria-ruiz-jimenez\/\">Antonia Maria Ruiz Jim\u00e9nez,<\/a> Universidad Complutense de Madrid (UCM), Spain (July 2005)<\/li>\n<li><a href=\"http:\/\/carleton.ca\/ces\/ces-scholars\/franz-kernic-2\/\">Franz Kernic,<\/a> Swedish National Defence College (F\u00f6rsvarsh\u00f6gskolan), Stockholm (January-April 2005)<\/li>\n<li><a href=\"https:\/\/carleton.ca\/ces\/ces-scholars\/nicola-catellani\/\">Nicola Catellani,<\/a> Center for European Policy Studies, Brussels and Institute for Eastern European and Balkan Studies, Bologna University (May 2004)<\/li>\n<li><a href=\"https:\/\/carleton.ca\/ces\/ces-scholars\/finn-laursen\/\">Finn Laursen,<\/a> University of Southern Denmark (January-April 2004)<\/li>\n<li><a href=\"https:\/\/carleton.ca\/ces\/ces-scholars\/ramunas-vilpisauskas\/\">Ramunas Vilpisauskas,<\/a> Institute of International Relations and Political Science, Vilnius University, Lithuania (September 2004)<\/li>\n<\/ul>\n","protected":false},"excerpt":{"rendered":"<p>Visiting Scholars European scholars regularly visit the the Centre for European Studies. The Centre offers two types of visiting scholar positions: short-term visitors (under one month) and visiting scholars in residence (one academic term). Scholars are selected based on an open application process; competitions are announced on our website and publicized broadly. In addition to [&hellip;]<\/p>\n","protected":false},"author":3,"featured_media":0,"parent":286,"menu_order":16,"comment_status":"closed","ping_status":"closed","template":"","meta":{"_relevanssi_hide_post":"","_relevanssi_hide_content":"","_relevanssi_pin_for_all":"","_relevanssi_pin_keywords":"","_relevanssi_unpin_keywords":"","_relevanssi_related_keywords":"","_relevanssi_related_include_ids":"","_relevanssi_related_exclude_ids":"","_relevanssi_related_no_append":"","_relevanssi_related_not_related":"","_relevanssi_related_posts":"","_relevanssi_noindex_reason":"","_mi_skip_tracking":false,"_exactmetrics_sitenote_active":false,"_exactmetrics_sitenote_note":"","_exactmetrics_sitenote_category":0,"footnotes":"","_links_to":"","_links_to_target":""},"yoast_head":"<!-- This site is optimized with the Yoast SEO plugin v21.2 - https:\/\/yoast.com\/wordpress\/plugins\/seo\/ -->\n<title>Visiting Scholars - Centre for European Studies<\/title>\n<meta name=\"description\" content=\"Visiting Scholars European scholars regularly visit the the Centre for European Studies. The Centre offers two types of visiting scholar positions:\" \/>\n<meta name=\"robots\" content=\"index, follow, max-snippet:-1, max-image-preview:large, max-video-preview:-1\" \/>\n<link rel=\"canonical\" href=\"https:\/\/carleton.ca\/ces\/ces-scholars\/visiting-scholars\/\" \/>\n<meta name=\"twitter:label1\" content=\"Est. reading time\" \/>\n\t<meta name=\"twitter:data1\" content=\"3 minutes\" \/>\n<script type=\"application\/ld+json\" class=\"yoast-schema-graph\">{\"@context\":\"https:\/\/schema.org\",\"@graph\":[{\"@type\":\"WebPage\",\"@id\":\"https:\/\/carleton.ca\/ces\/ces-scholars\/visiting-scholars\/\",\"url\":\"https:\/\/carleton.ca\/ces\/ces-scholars\/visiting-scholars\/\",\"name\":\"Visiting Scholars - Centre for European Studies\",\"isPartOf\":{\"@id\":\"https:\/\/carleton.ca\/ces\/#website\"},\"datePublished\":\"2012-06-26T13:56:28+00:00\",\"dateModified\":\"2022-06-23T14:24:44+00:00\",\"description\":\"Visiting Scholars European scholars regularly visit the the Centre for European Studies. The Centre offers two types of visiting scholar positions:\",\"breadcrumb\":{\"@id\":\"https:\/\/carleton.ca\/ces\/ces-scholars\/visiting-scholars\/#breadcrumb\"},\"inLanguage\":\"en-US\",\"potentialAction\":[{\"@type\":\"ReadAction\",\"target\":[\"https:\/\/carleton.ca\/ces\/ces-scholars\/visiting-scholars\/\"]}]},{\"@type\":\"BreadcrumbList\",\"@id\":\"https:\/\/carleton.ca\/ces\/ces-scholars\/visiting-scholars\/#breadcrumb\",\"itemListElement\":[{\"@type\":\"ListItem\",\"position\":1,\"name\":\"Home\",\"item\":\"https:\/\/carleton.ca\/ces\/\"},{\"@type\":\"ListItem\",\"position\":2,\"name\":\"CES Scholars\",\"item\":\"https:\/\/carleton.ca\/ces\/ces-scholars\/\"},{\"@type\":\"ListItem\",\"position\":3,\"name\":\"Visiting Scholars\"}]},{\"@type\":\"WebSite\",\"@id\":\"https:\/\/carleton.ca\/ces\/#website\",\"url\":\"https:\/\/carleton.ca\/ces\/\",\"name\":\"Centre for European Studies\",\"description\":\"Carleton University\",\"potentialAction\":[{\"@type\":\"SearchAction\",\"target\":{\"@type\":\"EntryPoint\",\"urlTemplate\":\"https:\/\/carleton.ca\/ces\/?s={search_term_string}\"},\"query-input\":\"required name=search_term_string\"}],\"inLanguage\":\"en-US\"}]}<\/script>\n<!-- \/ Yoast SEO plugin. -->","yoast_head_json":{"title":"Visiting Scholars - Centre for European Studies","description":"Visiting Scholars European scholars regularly visit the the Centre for European Studies. The Centre offers two types of visiting scholar positions:","robots":{"index":"index","follow":"follow","max-snippet":"max-snippet:-1","max-image-preview":"max-image-preview:large","max-video-preview":"max-video-preview:-1"},"canonical":"https:\/\/carleton.ca\/ces\/ces-scholars\/visiting-scholars\/","twitter_misc":{"Est. reading time":"3 minutes"},"schema":{"@context":"https:\/\/schema.org","@graph":[{"@type":"WebPage","@id":"https:\/\/carleton.ca\/ces\/ces-scholars\/visiting-scholars\/","url":"https:\/\/carleton.ca\/ces\/ces-scholars\/visiting-scholars\/","name":"Visiting Scholars - Centre for European Studies","isPartOf":{"@id":"https:\/\/carleton.ca\/ces\/#website"},"datePublished":"2012-06-26T13:56:28+00:00","dateModified":"2022-06-23T14:24:44+00:00","description":"Visiting Scholars European scholars regularly visit the the Centre for European Studies. The Centre offers two types of visiting scholar positions:","breadcrumb":{"@id":"https:\/\/carleton.ca\/ces\/ces-scholars\/visiting-scholars\/#breadcrumb"},"inLanguage":"en-US","potentialAction":[{"@type":"ReadAction","target":["https:\/\/carleton.ca\/ces\/ces-scholars\/visiting-scholars\/"]}]},{"@type":"BreadcrumbList","@id":"https:\/\/carleton.ca\/ces\/ces-scholars\/visiting-scholars\/#breadcrumb","itemListElement":[{"@type":"ListItem","position":1,"name":"Home","item":"https:\/\/carleton.ca\/ces\/"},{"@type":"ListItem","position":2,"name":"CES Scholars","item":"https:\/\/carleton.ca\/ces\/ces-scholars\/"},{"@type":"ListItem","position":3,"name":"Visiting Scholars"}]},{"@type":"WebSite","@id":"https:\/\/carleton.ca\/ces\/#website","url":"https:\/\/carleton.ca\/ces\/","name":"Centre for European Studies","description":"Carleton University","potentialAction":[{"@type":"SearchAction","target":{"@type":"EntryPoint","urlTemplate":"https:\/\/carleton.ca\/ces\/?s={search_term_string}"},"query-input":"required name=search_term_string"}],"inLanguage":"en-US"}]}},"acf":{"banner_image_type":"hosted","banner_hosted_image":"quad-2","banner_opacity":"default","banner_button":"no"},"_links":{"self":[{"href":"https:\/\/carleton.ca\/ces\/wp-json\/wp\/v2\/pages\/3341"}],"collection":[{"href":"https:\/\/carleton.ca\/ces\/wp-json\/wp\/v2\/pages"}],"about":[{"href":"https:\/\/carleton.ca\/ces\/wp-json\/wp\/v2\/types\/page"}],"author":[{"embeddable":true,"href":"https:\/\/carleton.ca\/ces\/wp-json\/wp\/v2\/users\/3"}],"replies":[{"embeddable":true,"href":"https:\/\/carleton.ca\/ces\/wp-json\/wp\/v2\/comments?post=3341"}],"version-history":[{"count":7,"href":"https:\/\/carleton.ca\/ces\/wp-json\/wp\/v2\/pages\/3341\/revisions"}],"predecessor-version":[{"id":13224,"href":"https:\/\/carleton.ca\/ces\/wp-json\/wp\/v2\/pages\/3341\/revisions\/13224"}],"up":[{"embeddable":true,"href":"https:\/\/carleton.ca\/ces\/wp-json\/wp\/v2\/pages\/286"}],"wp:attachment":[{"href":"https:\/\/carleton.ca\/ces\/wp-json\/wp\/v2\/media?parent=3341"}],"curies":[{"name":"wp","href":"https:\/\/api.w.org\/{rel}","templated":true}]}}