{"id":7355,"date":"2014-06-17T14:55:23","date_gmt":"2014-06-17T18:55:23","guid":{"rendered":"http:\/\/www.carleton.ca\/ces\/?page_id=7355"},"modified":"2023-11-17T12:40:45","modified_gmt":"2023-11-17T17:40:45","slug":"policy-briefs","status":"publish","type":"page","link":"https:\/\/carleton.ca\/ces\/research-and-publications\/policy-briefs\/","title":{"rendered":"Policy Briefs"},"content":{"rendered":"<p><strong>Policy Briefs<\/strong><\/p>\n<p>In addition to these policy briefs, please check as well our <a href=\"https:\/\/carleton.ca\/ces\/research-and-publications\/eu-policy-briefs-series\/\">EU Policy Briefs<\/a> series.<\/p>\n<p><strong>2023:<\/strong><\/p>\n<p>Summary of Roundtable Discussion: <a href=\"https:\/\/carleton.ca\/ces\/wp-content\/uploads\/Canada-EU-Roundtable-Summary.pdf\" target=\"_blank\" rel=\"noopener noreferrer\">&#8220;Canada-EU Economic Relations are Excellent. Time to Make Them More Forward-Looking&#8221;<\/a> by Sydney Moulton and Xiang Xiao (University of Ottawa), November 2023.<\/p>\n<p><strong>2022:\u00a0<\/strong><\/p>\n<p>Policy Brief: <a href=\"https:\/\/carleton.ca\/ces\/wp-content\/uploads\/Leblond-Ramiarison-Brexit-and-Canada-Europe-Economic-Relations-Policy-Brief-Spring-2022_final.pdf\">&#8220;Brexit and Canada-Europe Economic Relations: One Year Into the EU-UK Trade and Cooperation Agreement&#8221;<\/a> by Patrick Leblond and Hery Maholisoa Ramiarison (University of Ottawa), April 2022.<\/p>\n<p><strong>2021:<\/strong><\/p>\n<p>Policy Brief: <a href=\"https:\/\/carleton.ca\/tradenetwork\/wp-content\/uploads\/Transatlantic-Trade-Network-Policy-Brief-Carbon-Border-Adjustment-Mechanism-and-WTO-by-Christian-Ha%CC%88berli-Dec-2021.pdf\">&#8220;Carbon Border Adjustment Mechanism + WTO = Impasse Totale?&#8221;<\/a> by Christian H\u00e4berli (University of Bern), December 2021 (produced for the Jean Monnet Network on Transatlantic Trade Politics).<\/p>\n<p>Policy Brief: <a href=\"https:\/\/carleton.ca\/tradenetwork\/wp-content\/uploads\/Transatlantic-Trade-Network-Policy-Brief-A-Better-Transatlantic-Agenda-on-Trade-and-Environment-by-Steve-Charnovitz-Dec-2021.pdf\">&#8220;A Better Transatlantic Agenda on Trade and Environment&#8221;<\/a> by Steve Charnovitz (George Washington University), December 2021 (produced for the Jean Monnet Network on Transatlantic Trade Politics).<\/p>\n<p>Policy Brief: <a href=\"https:\/\/carleton.ca\/tradenetwork\/wp-content\/uploads\/Transatlantic-Trade-Network-Policy-Brief-The-Politicization-of-the-Trade-Environment-Nexus-in-Canada-by-David-Blair-Dec-2021.pdf\">&#8220;The Politicization of the Trade-Environment Nexus in Canada&#8221;<\/a> by David J. Blair (Western University), December 2021 (produced for the Jean Monnet Network on Transatlantic Trade Politics).<\/p>\n<p>Policy Brief: <a href=\"https:\/\/carleton.ca\/caneunet\/wp-content\/uploads\/Rostoks-policy-brief-04-2021.pdf\">&#8220;Teaching International Relations after Russia\u2019s Annexation of Crimea&#8221;<\/a> by Toms Rostoks (University of Latvia), April 2021.<\/p>\n<p>Policy Brief: <a href=\"https:\/\/carleton.ca\/ces\/wp-content\/uploads\/Jean-Monnet-Network-EU-Canada-Policy-Brief-European-Green-Deal-Knodt-and-Schlacke-Jan-2021-final.pdf\">&#8220;The European Green Deal:\u00a0In Need of Harder Soft Governance to Reach the New European 55% Climate Target&#8221;<\/a>, by Mich\u00e8le Knodt (Technical University Darmstadt)\u00a0and Sabine Schlacke (University of M\u00fcnster), January 2021.<\/p>\n<p><strong>2020:<\/strong><\/p>\n<p>Policy Brief: <a href=\"https:\/\/carleton.ca\/ces\/wp-content\/uploads\/Joan-DeBardeleben-Negotiations-Between-EU-and-Eurasian-Economic-Union-Policy-Brief-January-2020.pdf\">&#8220;Negotiations between the EU and the Eurasian Economic Union? Implications for the &#8216;Common Neighbourhood'&#8221;<\/a> by Joan DeBardeleben (Carleton University), January 2020.<\/p>\n<p>Policy Brief: <a href=\"https:\/\/carleton.ca\/ces\/wp-content\/uploads\/Policy-Brief-Moving-Beyond-Crisis-Management-Joan-DeBardeleben-January-2020-Carleton.pdf\">&#8220;Moving Beyond Crisis Management in Relations with Russia: The EU, US, and Canada&#8221;<\/a> by Joan DeBardeleben (Carleton University), January 2020.<\/p>\n<p><strong>2019:<\/strong><\/p>\n<p>Evidence Briefing: <a href=\"http:\/\/www.sshrc-crsh.gc.ca\/society-societe\/community-communite\/ifca-iac\/evidence_briefs-donnees_probantes\/canada-uk\/hurrelmann-atikcan-chalmers-viju-milijusevic-eng.aspx?wbdisable=true\" target=\"_blank\" rel=\"noopener noreferrer\">&#8220;Political Contestation about International Economic Agreements: Lessons for the Canada-UK Trade Relationship after Brexit&#8221;<\/a> by Achim Hurrelmann (Carleton University), Ece \u00d6zlem Atikcan (University of Warwick, UK), Adam W. Chalmers (King&#8217;s College London, UK) and Crina Viju-Miljusevic (Carleton University), August 2019. [Published through the Social Sciences and Humanities Research Council of Canada]. Read the full report <a href=\"https:\/\/ir.library.carleton.ca\/pub\/22734\/\">here<\/a>.<\/p>\n<p><strong>2017:<\/strong><\/p>\n<p>Policy Brief: <a href=\"https:\/\/carleton.ca\/ces\/wp-content\/uploads\/Hannes-Adomeit-Policy-Brief-on-EU-Germany-US-Sanctions-on-Russia.pdf\">&#8220;Sanctions as a Bone of Contention in the EU-Germany-US-Russia Quadrilateral&#8221;<\/a> by Hannes Adomeit (University of Kiel, Germany), December 2017.<\/p>\n<p>Policy Brief: <a href=\"https:\/\/carleton.ca\/ces\/wp-content\/uploads\/Raquel-Freire-Policy-Brief_Russia-and-European-security-08-01-2017.docx.pdf\">&#8220;The Russia Factor in European Security: Back to the Future?&#8221;<\/a> by Marie Raquel Freire (University of Coimbra, Portugal), August 2017.<\/p>\n<p>Policy Brief: <a href=\"https:\/\/carleton.ca\/ces\/wp-content\/uploads\/Bendiek-Wagner-Policy-Brief-07-31-2017.pdf\">&#8220;International Cyber Policy and Transatlantic Relations&#8221;<\/a> by Annegret Bendiek and Ben Wagner (Stiftung Wissenschaft und Politik, Germany), July 2017.<\/p>\n<p>Policy Brief: <a href=\"https:\/\/carleton.ca\/ces\/wp-content\/uploads\/Elinor-Sloan-Policy-Brief-on-NATO-in-Post-Crimea-Era-online.pdf\">&#8220;NATO in the Post-Crimea Era&#8221;<\/a> by Elinor Sloan (Carleton University), June 2017.<\/p>\n<p>Policy Brief: <a href=\"https:\/\/carleton.ca\/ces\/wp-content\/uploads\/Severin-Fischer-Policy-Brief-on-Energy-Union-online.pdf\">&#8220;The EU\u2019s \u201cEnergy Union\u201c: A Challenge of Continued Expectation Management&#8221;<\/a> by Severin Fischer (ETH Z\u00fcrich, Switzerland), June 2017.<\/p>\n<p><strong>2016:<\/strong><\/p>\n<p>Policy Brief: <a href=\"https:\/\/carleton.ca\/ces\/wp-content\/uploads\/Gould-policy-brief-2016.pdf\" target=\"_blank\" rel=\"noopener noreferrer\">&#8220;Religion and National Identity: Islamophobia as a valid electoral option?\u201d<\/a> by Robert Gould (Carleton University), June 2016<\/p>\n<p>Policy Brief: <a href=\"http:\/\/carleton.ca\/ces\/wp-content\/uploads\/Adomeit-policy-brief.pdf\" target=\"_blank\" rel=\"noopener noreferrer\">&#8220;Germany, the EU, and Russia: The Conflict over Nord Stream 2&#8221;<\/a> by Hannes Adomeit (University of Kiel, Germany), April 2016.<\/p>\n<p>Policy Brief: <a href=\"http:\/\/carleton.ca\/ces\/wp-content\/uploads\/DeBardeleben-policy-brief.pdf\" target=\"_blank\" rel=\"noopener noreferrer\">&#8220;<\/a><a href=\"http:\/\/carleton.ca\/ces\/wp-content\/uploads\/DeBardeleben-policy-brief.pdf\" target=\"_blank\" rel=\"noopener noreferrer\">Russia\u2019s integration initiatives:\u00a0Dilemmas for the European Union&#8221;<\/a> by Joan DeBardeleben (Carleton University), March 2016.<\/p>\n<p>Policy Brief: <a href=\"https:\/\/carleton.ca\/canadaeurope\/wp-content\/uploads\/Leblond-CETD-Brief-final.pdf\" target=\"_blank\" rel=\"noopener noreferrer\">&#8220;A Canadian Perspective on the Euro Area\u2019s New Financial Governance Regime&#8221;<\/a> by Patrick Leblond (University of Ottawa), March 2016.<\/p>\n<p>Policy Brief: <a href=\"https:\/\/carleton.ca\/canadaeurope\/wp-content\/uploads\/Paterson-CETD-Brief.pdf\" target=\"_blank\" rel=\"noopener noreferrer\">&#8220;The European experience of climate change\u00a0policy-making: Lessons for Canada&#8221;<\/a> by Matthew Paterson (University of Ottawa), March 2016.<\/p>\n<p>Policy Brief:\u00a0<a href=\"https:\/\/carleton.ca\/canadaeurope\/wp-content\/uploads\/Winter-CETD-Brief-final.pdf\" target=\"_blank\" rel=\"noopener noreferrer\">&#8220;Balancing Citizenship Rights in an Age of Globalization&#8221;<\/a> by Elke Winter (University of Ottawa), March 2016.<\/p>\n<p><strong>2015:<\/strong><\/p>\n<p>Policy Brief: <a href=\"https:\/\/carleton.ca\/canadaeurope\/wp-content\/uploads\/Stockemer-policy-brief.pdf\" target=\"_blank\" rel=\"noopener noreferrer\">\u201cImmigration, Immigration Perception and the Radical Right-Wing Vote in Europe: What is the empirical link?\u201d<\/a> by Daniel Stockemer (University of Ottawa), April 2015.<\/p>\n<p><strong>2014:<\/strong><\/p>\n<p>Policy Brief: <a title=\"Robert Gould Policy Brief\" href=\"http:\/\/carleton.ca\/ces\/2015\/policy-brief-veiled-women-open-threats-robert-gould\/\" target=\"_blank\" rel=\"noopener noreferrer\">&#8220;Veiled Women: Open Threats?&#8221;<\/a> by Robert Gould (Carleton University), December 2014.<\/p>\n<p>Article: <a title=\"M\u00e9rand commentary\" href=\"http:\/\/labs.carleton.ca\/canadaeurope\/wp-content\/uploads\/sites\/9\/M\u00e9rand-EUCE-article-for-website.pdf\" target=\"_blank\" rel=\"noopener noreferrer\">\u201cThe Juncker Commission Faces Euroscepticism\u201d<\/a> by Fr\u00e9d\u00e9ric M\u00e9rand (Universit\u00e9 de Montr\u00e9al), November 2014.<\/p>\n<p>Policy Brief:\u00a0<a href=\"http:\/\/carleton.ca\/ces\/wp-content\/uploads\/Nedelcu-policy-brief-2014.pdf\" target=\"_blank\" rel=\"noopener noreferrer\">&#8220;2014 European Parliament Elections: Breakthrough or Continuing Trend?&#8221;<\/a> by Harry Nedelcu (Carleton University), August 2014.<\/p>\n<p>Policy Brief: <a title=\"Artan Karini Policy Brief\" href=\"http:\/\/carleton.ca\/ces\/wp-content\/uploads\/Artan-Karini-policy-brief-The-Bumpy-Road-to-the-EU-for-CES-July-2014.pdf\" target=\"_blank\" rel=\"noopener noreferrer\">&#8220;The Bumpy Road toward the EU and the Impact of Donor Programs on Public Administration Reform: Perspectives from Southeast Europe&#8221;<\/a> by Artan Karini (Carleton University), July 2014.<\/p>\n<p>Policy Brief: <a href=\"http:\/\/www.carleton.ca\/ces\/wp-content\/uploads\/Bendel-policy-brief-20143.pdf\" target=\"_blank\" rel=\"noopener noreferrer\">\u201cThe Common European Asylum System: Achievements, Failures, Outlooks and Policy Learning for the EU and Canada\u201d<\/a> by Petra Bendel (Zentralinstituts f\u00fcr Regionenforschung, Germany), May 2014.<\/p>\n<p><b>2013:<\/b><\/p>\n<p>Policy Brief: <a href=\"http:\/\/www.carleton.ca\/ces\/wp-content\/uploads\/CETD_CETA-policy-brief_GIs_Viju.pdf\">&#8220;CETA and Geographical Indicators: Why a Sensitive Issue?&#8221;<\/a> by Crina Viju (Carleton University), October 2013.<\/p>\n<p>Policy Paper: <a href=\"http:\/\/labs.carleton.ca\/canadaeurope\/wp-content\/uploads\/sites\/9\/CETD_Sangsari_ECI_Policy-Paper.pdf\" target=\"_blank\" rel=\"noopener noreferrer\">\u201cThe European Citizens\u2019 Initiative: An early assessment of the European Union\u2019s new participatory democracy instrument\u201d<\/a> by <span style=\"color: #282828;\">Marcel Sangsari (Carleton University), January 2013.<\/span><\/p>\n<p><strong>2012<\/strong>:<\/p>\n<p>Policy Brief: <a href=\"http:\/\/www.carleton.ca\/ces\/wp-content\/uploads\/2012-02-09-eurocrisis-leblond-hurrelmann2.pdf\" target=\"_blank\" rel=\"noopener noreferrer\">&#8220;The Euro Crisis: How it all started and where it might lead&#8221;<\/a> based on presentations by Achim Hurrelmann (Carleton University) and Patrick Leblond (University of Ottawa), February 2012.<\/p>\n<p><strong>2010<\/strong>:<\/p>\n<p>Policy Brief: <a href=\"http:\/\/www.carleton.ca\/ces\/wp-content\/uploads\/2010-03-ElkeWinter-KristinaJohnCitizenship-IntegrationInGermany.pdf\" target=\"_blank\" rel=\"noopener noreferrer\">&#8220;A New Approach to Citizenship and Integration: Some Facts about Recent Policy Changes in Germany&#8221;<\/a> by Elke Winter and Kristina John (University of Ottawa), March 2010.<\/p>\n<p><strong>2009<\/strong>:<\/p>\n<p>Policy Brief:\u00a0<a href=\"http:\/\/labs.carleton.ca\/canadaeurope\/wp-content\/uploads\/sites\/9\/2009-09-02-ActivatingTheCitizen-DeBardeleben-Pammett.pdf\" target=\"_blank\" rel=\"noopener noreferrer\">\u201cActivating the Citizen: Addressing dilemmas of participation in Europe and Canada\u201d<\/a> by Joan DeBardeleben and Jon Pammett (Carleton University), September 2009.<\/p>\n<p>Policy Paper: <a href=\"http:\/\/www.carleton.ca\/ces\/wp-content\/uploads\/2009-04-08-CarbonOffsetsPolicyPaperJamesGaede.pdf\" target=\"_blank\" rel=\"noopener noreferrer\">&#8220;Greening Research Networks: Carbon Offsetting&#8221;<\/a> by James Gaede, PhD candidate (Carleton University), March 2009.<\/p>\n<p><strong>2008<\/strong>:<\/p>\n<p>Policy Brief: <a href=\"http:\/\/www.carleton.ca\/ces\/wp-content\/uploads\/2008-11-24-EconomicCooperationLeblond.pdf\" target=\"_blank\" rel=\"noopener noreferrer\">&#8220;The Economic Partnership Agreement between Canada and the EU is Still on Track&#8221;<\/a> (Published also in French under the title: <a href=\"http:\/\/www.carleton.ca\/ces\/wp-content\/uploads\/fr-2008-11-24-EconomicCooperationLeblond.pdf\" target=\"_blank\" rel=\"noopener noreferrer\">&#8220;L&#8217;accord de partenariat \u00e9conomique entre le Canada et l&#8217;UE est toujours sur les rails&#8221;<\/a>) by Patrick Leblond (University of Ottawa), November 2008.<\/p>\n<p><img decoding=\"async\" loading=\"lazy\" class=\"aligncenter size-large wp-image-12306\" src=\"https:\/\/carleton.ca\/ces\/wp-content\/uploads\/logosbeneficaireserasmusright_withthesupportof-400x82.jpg\" alt=\"EU flag logo and statement &quot;With the support of the Erasmus+ Programme of the European Union&quot;\" width=\"400\" height=\"82\" srcset=\"https:\/\/carleton.ca\/ces\/wp-content\/uploads\/logosbeneficaireserasmusright_withthesupportof-400x82.jpg 400w, https:\/\/carleton.ca\/ces\/wp-content\/uploads\/logosbeneficaireserasmusright_withthesupportof-240x49.jpg 240w, https:\/\/carleton.ca\/ces\/wp-content\/uploads\/logosbeneficaireserasmusright_withthesupportof-160x33.jpg 160w, https:\/\/carleton.ca\/ces\/wp-content\/uploads\/logosbeneficaireserasmusright_withthesupportof-768x158.jpg 768w, https:\/\/carleton.ca\/ces\/wp-content\/uploads\/logosbeneficaireserasmusright_withthesupportof-360x74.jpg 360w, https:\/\/carleton.ca\/ces\/wp-content\/uploads\/logosbeneficaireserasmusright_withthesupportof.jpg 1134w\" sizes=\"(max-width: 400px) 100vw, 400px\" \/><\/p>\n<p><em>CES publications are supported, in part, by grants from the European Union&#8217;s <a href=\"http:\/\/ec.europa.eu\/programmes\/erasmus-plus\/\">Erasmus+ Programme for Education, Training,\u00a0Youth and Sport<\/a>.<\/em><\/p>\n<p><\/p>\n","protected":false},"excerpt":{"rendered":"<p>Policy Briefs In addition to these policy briefs, please check as well our EU Policy Briefs series. 2023: Summary of Roundtable Discussion: &#8220;Canada-EU Economic Relations are Excellent. Time to Make Them More Forward-Looking&#8221; by Sydney Moulton and Xiang Xiao (University of Ottawa), November 2023. 2022:\u00a0 Policy Brief: &#8220;Brexit and Canada-Europe Economic Relations: One Year Into [&hellip;]<\/p>\n","protected":false},"author":24,"featured_media":0,"parent":27,"menu_order":0,"comment_status":"closed","ping_status":"closed","template":"","meta":{"_relevanssi_hide_post":"","_relevanssi_hide_content":"","_relevanssi_pin_for_all":"","_relevanssi_pin_keywords":"","_relevanssi_unpin_keywords":"","_relevanssi_related_keywords":"","_relevanssi_related_include_ids":"","_relevanssi_related_exclude_ids":"","_relevanssi_related_no_append":"","_relevanssi_related_not_related":"","_relevanssi_related_posts":"","_relevanssi_noindex_reason":"","_mi_skip_tracking":false,"_exactmetrics_sitenote_active":false,"_exactmetrics_sitenote_note":"","_exactmetrics_sitenote_category":0,"footnotes":"","_links_to":"","_links_to_target":""},"yoast_head":"<!-- This site is optimized with the Yoast SEO plugin v21.2 - https:\/\/yoast.com\/wordpress\/plugins\/seo\/ -->\n<title>Policy Briefs - Centre for European Studies<\/title>\n<meta name=\"description\" content=\"Policy Briefs In addition to these policy briefs, please check as well our EU Policy Briefs series. 2023: Summary of Roundtable Discussion: &quot;Canada-EU\" \/>\n<meta name=\"robots\" content=\"index, follow, max-snippet:-1, max-image-preview:large, max-video-preview:-1\" \/>\n<link rel=\"canonical\" href=\"https:\/\/carleton.ca\/ces\/research-and-publications\/policy-briefs\/\" \/>\n<meta name=\"twitter:label1\" content=\"Est. reading time\" \/>\n\t<meta name=\"twitter:data1\" content=\"4 minutes\" \/>\n<script type=\"application\/ld+json\" class=\"yoast-schema-graph\">{\"@context\":\"https:\/\/schema.org\",\"@graph\":[{\"@type\":\"WebPage\",\"@id\":\"https:\/\/carleton.ca\/ces\/research-and-publications\/policy-briefs\/\",\"url\":\"https:\/\/carleton.ca\/ces\/research-and-publications\/policy-briefs\/\",\"name\":\"Policy Briefs - Centre for European Studies\",\"isPartOf\":{\"@id\":\"https:\/\/carleton.ca\/ces\/#website\"},\"datePublished\":\"2014-06-17T18:55:23+00:00\",\"dateModified\":\"2023-11-17T17:40:45+00:00\",\"description\":\"Policy Briefs In addition to these policy briefs, please check as well our EU Policy Briefs series. 2023: Summary of Roundtable Discussion: \\\"Canada-EU\",\"breadcrumb\":{\"@id\":\"https:\/\/carleton.ca\/ces\/research-and-publications\/policy-briefs\/#breadcrumb\"},\"inLanguage\":\"en-US\",\"potentialAction\":[{\"@type\":\"ReadAction\",\"target\":[\"https:\/\/carleton.ca\/ces\/research-and-publications\/policy-briefs\/\"]}]},{\"@type\":\"BreadcrumbList\",\"@id\":\"https:\/\/carleton.ca\/ces\/research-and-publications\/policy-briefs\/#breadcrumb\",\"itemListElement\":[{\"@type\":\"ListItem\",\"position\":1,\"name\":\"Home\",\"item\":\"https:\/\/carleton.ca\/ces\/\"},{\"@type\":\"ListItem\",\"position\":2,\"name\":\"Research and Publications\",\"item\":\"https:\/\/carleton.ca\/ces\/research-and-publications\/\"},{\"@type\":\"ListItem\",\"position\":3,\"name\":\"Policy Briefs\"}]},{\"@type\":\"WebSite\",\"@id\":\"https:\/\/carleton.ca\/ces\/#website\",\"url\":\"https:\/\/carleton.ca\/ces\/\",\"name\":\"Centre for European Studies\",\"description\":\"Carleton University\",\"potentialAction\":[{\"@type\":\"SearchAction\",\"target\":{\"@type\":\"EntryPoint\",\"urlTemplate\":\"https:\/\/carleton.ca\/ces\/?s={search_term_string}\"},\"query-input\":\"required name=search_term_string\"}],\"inLanguage\":\"en-US\"}]}<\/script>\n<!-- \/ Yoast SEO plugin. -->","yoast_head_json":{"title":"Policy Briefs - Centre for European Studies","description":"Policy Briefs In addition to these policy briefs, please check as well our EU Policy Briefs series. 2023: Summary of Roundtable Discussion: \"Canada-EU","robots":{"index":"index","follow":"follow","max-snippet":"max-snippet:-1","max-image-preview":"max-image-preview:large","max-video-preview":"max-video-preview:-1"},"canonical":"https:\/\/carleton.ca\/ces\/research-and-publications\/policy-briefs\/","twitter_misc":{"Est. reading time":"4 minutes"},"schema":{"@context":"https:\/\/schema.org","@graph":[{"@type":"WebPage","@id":"https:\/\/carleton.ca\/ces\/research-and-publications\/policy-briefs\/","url":"https:\/\/carleton.ca\/ces\/research-and-publications\/policy-briefs\/","name":"Policy Briefs - Centre for European Studies","isPartOf":{"@id":"https:\/\/carleton.ca\/ces\/#website"},"datePublished":"2014-06-17T18:55:23+00:00","dateModified":"2023-11-17T17:40:45+00:00","description":"Policy Briefs In addition to these policy briefs, please check as well our EU Policy Briefs series. 2023: Summary of Roundtable Discussion: \"Canada-EU","breadcrumb":{"@id":"https:\/\/carleton.ca\/ces\/research-and-publications\/policy-briefs\/#breadcrumb"},"inLanguage":"en-US","potentialAction":[{"@type":"ReadAction","target":["https:\/\/carleton.ca\/ces\/research-and-publications\/policy-briefs\/"]}]},{"@type":"BreadcrumbList","@id":"https:\/\/carleton.ca\/ces\/research-and-publications\/policy-briefs\/#breadcrumb","itemListElement":[{"@type":"ListItem","position":1,"name":"Home","item":"https:\/\/carleton.ca\/ces\/"},{"@type":"ListItem","position":2,"name":"Research and Publications","item":"https:\/\/carleton.ca\/ces\/research-and-publications\/"},{"@type":"ListItem","position":3,"name":"Policy Briefs"}]},{"@type":"WebSite","@id":"https:\/\/carleton.ca\/ces\/#website","url":"https:\/\/carleton.ca\/ces\/","name":"Centre for European Studies","description":"Carleton University","potentialAction":[{"@type":"SearchAction","target":{"@type":"EntryPoint","urlTemplate":"https:\/\/carleton.ca\/ces\/?s={search_term_string}"},"query-input":"required name=search_term_string"}],"inLanguage":"en-US"}]}},"acf":{"banner_image_type":"none","banner_button":"no"},"_links":{"self":[{"href":"https:\/\/carleton.ca\/ces\/wp-json\/wp\/v2\/pages\/7355"}],"collection":[{"href":"https:\/\/carleton.ca\/ces\/wp-json\/wp\/v2\/pages"}],"about":[{"href":"https:\/\/carleton.ca\/ces\/wp-json\/wp\/v2\/types\/page"}],"author":[{"embeddable":true,"href":"https:\/\/carleton.ca\/ces\/wp-json\/wp\/v2\/users\/24"}],"replies":[{"embeddable":true,"href":"https:\/\/carleton.ca\/ces\/wp-json\/wp\/v2\/comments?post=7355"}],"version-history":[{"count":9,"href":"https:\/\/carleton.ca\/ces\/wp-json\/wp\/v2\/pages\/7355\/revisions"}],"predecessor-version":[{"id":13880,"href":"https:\/\/carleton.ca\/ces\/wp-json\/wp\/v2\/pages\/7355\/revisions\/13880"}],"up":[{"embeddable":true,"href":"https:\/\/carleton.ca\/ces\/wp-json\/wp\/v2\/pages\/27"}],"wp:attachment":[{"href":"https:\/\/carleton.ca\/ces\/wp-json\/wp\/v2\/media?parent=7355"}],"curies":[{"name":"wp","href":"https:\/\/api.w.org\/{rel}","templated":true}]}}