{"id":74,"date":"2010-11-11T16:08:27","date_gmt":"2010-11-11T20:08:27","guid":{"rendered":"http:\/\/carleton.ca\/ces\/"},"modified":"2013-01-11T15:28:08","modified_gmt":"2013-01-11T20:28:08","slug":"robert-gould","status":"publish","type":"page","link":"https:\/\/carleton.ca\/ces\/about\/ces-board\/robert-gould\/","title":{"rendered":"Robert Gould"},"content":{"rendered":"<h3>Robert Gould<br \/>\nCES Associate Director<\/h3>\n<table class=\"cutable\" style=\"width: 100%;\" border=\"0\">\n<tbody>\n<tr>\n<td><a href=\"http:\/\/carleton.ca\/ces\/about\/ces-board\/robert-gould\/attachment\/robertgould-sm\/\" rel=\"attachment wp-att-77\"><img decoding=\"async\" loading=\"lazy\" class=\"alignnone size-full wp-image-77\" title=\"RobertGould-sm\" src=\"http:\/\/carleton.ca\/ces\/wp-content\/uploads\/RobertGould-sm.jpg\" alt=\"\" width=\"125\" height=\"146\" \/><\/a><\/td>\n<td>Rank: Adjunct Research Professor<br \/>\nDegrees: M.A. Oxford, Ph.D. Princeton<br \/>\nEmail: <a href=\"mai&#108;&#116;&#111;&#58;&#x72;&#x6f;&#x62;&#x65;&#x72;&#x74;&#x5f;gou&#108;&#100;&#64;&#99;&#97;&#x72;&#x6c;&#x65;&#x74;&#x6f;&#x6e;&#46;ca\">&#x72;&#111;b&#x65;&#x72;&#116;_&#x67;&#x6f;&#117;l&#x64;&#x40;&#99;a&#x72;&#x6c;&#101;t&#x6f;&#110;&#46;c&#x61;<\/a><br \/>\nPhone: 613 520-2600 ext. 2113<br \/>\nFax: 613 520-7501<\/td>\n<\/tr>\n<\/tbody>\n<\/table>\n<p><strong>Biography <\/strong><\/p>\n<p>Following university studies in England and the United States, Robert Gould began teaching and research in the German Department of Carleton University in Ottawa. After becoming interested in the theory and practice of rhetoric, he taught courses on the development of political language in Germany in the nineteenth and twentieth centuries. This led eventually to an examination of contemporary discourses of immigration and identity in a range of European countries &#8211; Austria, Germany, Ireland, Spain, and Switzerland &#8211; as represented by political position papers and on-the-record public statements by politicians in those countries. In addition to being Adjunct Research Professor in the Institute of European, Russian and Eurasian Studies, he holds a similar position in Carleton\u2019s School of Linguistics and Applied Language Studies. He is also Associate Director of the Centre for European Studies at Carleton University, an EU Centre of Excellence.<\/p>\n<p><strong>Recent Activities<\/strong><\/p>\n<p>Consultant for the project \u201cShrinking Citizenship: A Challenge to Civil Society and Participation\u201d. This project is directed by PROVIDUS, a Latvian NGO, and monitors the language used by politicians, administrators and journalists when speaking of the minorities living in Latvia (December 2006 to December 2008).<\/p>\n<p>Member of the Expert Advisory Group of the research project \u201cSprache und Identit\u00e4tspolitik\u201d centred at the University of Freiburg in Switzerland.<\/p>\n<p><strong>Recent papers \/ publications <\/strong><\/p>\n<p>\u2018The CDU\u2019s Identity and Immigration Discourses and the Future of the European Union\u201d Paper given at the research workshop \u201cThe Approach of Mainstream and Extremist Political Parties towards Immigration\u201d, sponsored by the University Association for Contemporary European Studies (of the United Kingdom) and held at the University of Bath, 20-21 September, 2004.<\/p>\n<p>\u201cDas Gericht, die Entscheidung, die Politiker: Sprachanalytische \u00dcberlegungen zu Identit\u00e4ts\u00adbekundungen im Kopftuchstreit\u201c, Kolloquium, University of Bielefeld, 9 May, 2005.<\/p>\n<p>\u201cImmigrants and the Nation: Political Discourses in Germany and Spain, 2002-2004\u201d with Antonia Maria Ruiz Jimen\u00e9z, Departamento de Ciencia Pol\u00edtica y de la Administraci\u00f3n, Facultad de Ciencias Pol\u00edticas y Sociolog\u00eda, UNED, Madrid, Biennial Conference of the European Community Studies Association \u2013 Canada, Victoria, B.C. 19 May, 2006.<\/p>\n<p>\u201cThe European Paradox: Swiss Discourses of Identity between Dependence and Xenophobia\u201d, in <em>Language Ideologies, Policies and Practices: Language and the Future of Europe<\/em>, ed. Clare Mar-Molinero and Patrick Stevenson, Palgrave Macmillan, 2006<\/p>\n<p>\u201cVarieties of Discourse in the German Headscarf Debate\u201d, Canadian Centre for European and German Studies, York University, 28 March 2007.<\/p>\n<p>\u201cNew Populations in Europe: The German Headscarf Debate as Resistance and Accommodation\u201d, Centre for European Studies, Carleton University, 24 September, 2007.<\/p>\n<p><a title=\"Identity Discourses in the German Headscarf Debate\" href=\"http:\/\/ccges.apps01.yorku.ca\/wp\/wp-content\/uploads\/2009\/01\/gould.pdf\" target=\"_blank\"><em>Identity Discourses in the German Headscarf Debate<\/em><\/a>, Working Papers Series 15, Canadian Centre for German and European Studies \/ Centre canadien d\u2019\u00e9tudes allemandes et europ\u00e9ennes, 2008.<\/p>\n<p>\u201cSpeaking Immigration in a Globalising World. Establishing (Trans)National Identities in the EU: Ministers talking about Immigration\u201d at the international conference \u201cTransnational Europe: Promise, Paradox, Limits\u201d, Carleton University, October 17 and 18<sup>th<\/sup> 2008.<\/p>\n<p>\u201cEuropean Discourses in Inclusion and Exclusion\u201d in the panel \u201cMarginalisation and Legitimation of Societal Diversity in Political Discourses\u201d, Baltic Studies Conference, Vytautas Magnus University, Kaunas, Lithuania June 12-14 2009.<\/p>\n<p>\u00ab<a title=\"La \u2018mort\u2019 du multiculturalisme allemand : ce que cache les propos chocs d\u2019Angela Merkel \u00bb \/ \u201c The \u2018Death\u2019 of Multiculturalism : What  Angela Merkel\u2019s shock talk is hiding\" href=\"http:\/\/ideefederale.ca\/wp\/wp-content\/uploads\/2010\/12\/Dec_2010.pdf\" target=\"_blank\">La \u2018mort\u2019 du multiculturalisme allemand\u00a0: ce que cachent les propos chocs d\u2019Angela Merkel<\/a>\u00bb\u00a0\/ \u201c<a title=\"La \u2018mort\u2019 du multiculturalisme allemand : ce que cache les propos chocs d\u2019Angela Merkel \u00bb \/ \u201c The \u2018Death\u2019 of Multiculturalism : What  Angela Merkel\u2019s shock talk is hiding\" href=\"http:\/\/ideefederale.ca\/wp\/wp-content\/uploads\/2010\/12\/Dec_2010.pdf\" target=\"_blank\">The \u2018Death\u2019 of Multiculturalism\u00a0: What \u00a0Angela Merkel\u2019s shock talk is hiding<\/a>\u201d, <em>L\u2019Actualit\u00e9 f\u00e9d\u00e9rale,<\/em> d\u00e9cembre 2010, vol. 1 no. 2.<\/p>\n<p>\u201cThe Rhetoric of the Right on Migrants and Minorities: Banality and Fear\u201d,<em> Inclusion Unaffordable: The Uncertain Fate of Integration Policies in Europe<\/em>.\u00a0 Ed. Maria Golubeva, PROVIDUS: Riga, 2010, 39-48.<\/p>\n<p>Eds. Robert Gould and Maria Golubeva, <em>Shrinking Citizenship: Discursive Practices that Limit Democratic Participation in Latvian Politics<\/em>. Rodopi: Amsterdam and New York, 2010.<\/p>\n<p>\u201cSome Recent Discourses of Exclusion in the EU\u201d, <em>Shrinking Citizenship\u2026<\/em>, pp. 15-50.<\/p>\n<p>\u201cManaging Ambivalence and Identity: Immigration Discourses and (trans)national Identities in the European Union,\u201d Joan DeBardeleben and Achim Hurrelmann (eds.) <em>Transnational Europe: Promise, Paradox, Limits<\/em>. Palgrave Macmillan, Basingstoke: 2011, pp. 170-188.<\/p>\n<p>\u201cSlov\u00e1 a obrazy m\u00f4\u017eu sp\u00f4sobit\u2019 bolest\u2019. Ako sa stavat\u2019 vo\u010di obrazom a jazyku zameran\u00fdm proti men\u0161in\u00e0m\u201d \/ \u201cWords and Pictures Can Hurt: Dealing with Anti-Minority Images and Language\u201d, Vikt\u00f3ria Mlyn\u00e1\u010dikov\u00e1 and Zuzana G\u00e1borov\u00e1 (eds.) <em>T\u00ed Prav\u00ed \u2026 Zbornik prispevkov z konferencie o pravicovom extr\u00e9mizme \u2013 Open Society Camp \/ The Right Ones \u2026 Open Society Camp \u2013 REX conference proceedings<\/em>, Nad\u00e1cia Otvornej Spolo\u010dnosti \u2013 Open Society Foundation Bratislava 2011, pp. 101-113 and 243-256.<\/p>\n<p>\u201cHeadscarves and National Identity in Germany\u201d at the conference \u201c<a href=\"http:\/\/euce.apps01.yorku.ca\/2011\/01\/eu-affairs-seminar-the-maturing-of-the-multicultural-experiment-european-challenges-coming-to-canada-march-7-2011\" target=\"_blank\">The Maturing of the Multicultural Experiment: European Challenges Coming to Canada?\u201d<\/a>\u00a0 European Union Centre of Excellence, York University, 7 March 2011.<\/p>\n<p>\u201c\u2019How much alien Religiosity can our Society take?\u2019\u00a0 Reconciling Conflicting Claims of Private and Public in Germany, Belgium, and France\u201d at the workshop \u201cGlobalization, Illiberalism and Islam: Europe and Australia\u201d, European Studies Centre of Monash University in Prato, 16<sup>th<\/sup> and 17<sup>th<\/sup> June 2011.<\/p>\n<p>\u201cRejection by Implication: Christian Parties, German Identity, and the Power of Discourse\u201d, <em>Seminar: A Journal of Germanic Studies,<\/em> special theme issue:\u00a0 Embracing the Other: Conceptualizations, Representations, and Social Practices of [In]Tolerance in German Culture and Literature, <strong>\u00a0<\/strong>48.3 (2012), pp. 397-412.<\/p>\n<p><strong>Recent Graduate Supervision <\/strong><\/p>\n<p>Ph.D. Thesis, University of Potsdam ( Germany)<\/p>\n<p>\u201eZweitgutacher\u201c (external advisor and examiner) for the Ph.D. thesis at the University of Potsdam: \u201cTradition, Solidarity, and Empowerment: The Native Discourse in Canada: an Analysis of Native News Representations\u201d by Steffi Retzlaff (2005).<\/p>\n","protected":false},"excerpt":{"rendered":"<p>Robert Gould CES Associate Director Rank: Adjunct Research Professor Degrees: M.A. Oxford, Ph.D. Princeton Email: &#114;&#x6f;&#98;&#x65;r&#116;&#x5f;&#103;&#x6f;u&#x6c;d&#64;&#x63;&#97;&#x72;l&#x65;&#x74;&#111;&#x6e;&#46;&#x63;a Phone: 613 520-2600 ext. 2113 Fax: 613 520-7501 Biography Following university studies in England and the United States, Robert Gould began teaching and research in the German Department of Carleton University in Ottawa. After becoming interested in the theory [&hellip;]<\/p>\n","protected":false},"author":3,"featured_media":0,"parent":37,"menu_order":0,"comment_status":"open","ping_status":"open","template":"","meta":{"_relevanssi_hide_post":"","_relevanssi_hide_content":"","_relevanssi_pin_for_all":"","_relevanssi_pin_keywords":"","_relevanssi_unpin_keywords":"","_relevanssi_related_keywords":"","_relevanssi_related_include_ids":"","_relevanssi_related_exclude_ids":"","_relevanssi_related_no_append":"","_relevanssi_related_not_related":"","_relevanssi_related_posts":"","_relevanssi_noindex_reason":"","_mi_skip_tracking":false,"_exactmetrics_sitenote_active":false,"_exactmetrics_sitenote_note":"","_exactmetrics_sitenote_category":0,"footnotes":"","_links_to":"","_links_to_target":""},"yoast_head":"<!-- This site is optimized with the Yoast SEO plugin v21.2 - https:\/\/yoast.com\/wordpress\/plugins\/seo\/ -->\n<title>Robert Gould - Centre for European Studies<\/title>\n<meta name=\"description\" content=\"Robert Gould CES Associate Director Rank: Adjunct Research Professor Degrees: M.A. Oxford, Ph.D. Princeton Email: robert_gould@carleton.ca Phone: 613\" \/>\n<meta name=\"robots\" content=\"index, follow, max-snippet:-1, max-image-preview:large, max-video-preview:-1\" \/>\n<link rel=\"canonical\" href=\"https:\/\/carleton.ca\/ces\/about\/ces-board\/robert-gould\/\" \/>\n<meta name=\"twitter:label1\" content=\"Est. reading time\" \/>\n\t<meta name=\"twitter:data1\" content=\"4 minutes\" \/>\n<script type=\"application\/ld+json\" class=\"yoast-schema-graph\">{\"@context\":\"https:\/\/schema.org\",\"@graph\":[{\"@type\":\"WebPage\",\"@id\":\"https:\/\/carleton.ca\/ces\/about\/ces-board\/robert-gould\/\",\"url\":\"https:\/\/carleton.ca\/ces\/about\/ces-board\/robert-gould\/\",\"name\":\"Robert Gould - Centre for European Studies\",\"isPartOf\":{\"@id\":\"https:\/\/carleton.ca\/ces\/#website\"},\"datePublished\":\"2010-11-11T20:08:27+00:00\",\"dateModified\":\"2013-01-11T20:28:08+00:00\",\"description\":\"Robert Gould CES Associate Director Rank: Adjunct Research Professor Degrees: M.A. Oxford, Ph.D. Princeton Email: robert_gould@carleton.ca Phone: 613\",\"breadcrumb\":{\"@id\":\"https:\/\/carleton.ca\/ces\/about\/ces-board\/robert-gould\/#breadcrumb\"},\"inLanguage\":\"en-US\",\"potentialAction\":[{\"@type\":\"ReadAction\",\"target\":[\"https:\/\/carleton.ca\/ces\/about\/ces-board\/robert-gould\/\"]}]},{\"@type\":\"BreadcrumbList\",\"@id\":\"https:\/\/carleton.ca\/ces\/about\/ces-board\/robert-gould\/#breadcrumb\",\"itemListElement\":[{\"@type\":\"ListItem\",\"position\":1,\"name\":\"Home\",\"item\":\"https:\/\/carleton.ca\/ces\/\"},{\"@type\":\"ListItem\",\"position\":2,\"name\":\"About\",\"item\":\"https:\/\/carleton.ca\/ces\/about\/\"},{\"@type\":\"ListItem\",\"position\":3,\"name\":\"Management Board\",\"item\":\"https:\/\/carleton.ca\/ces\/about\/ces-board\/\"},{\"@type\":\"ListItem\",\"position\":4,\"name\":\"Robert Gould\"}]},{\"@type\":\"WebSite\",\"@id\":\"https:\/\/carleton.ca\/ces\/#website\",\"url\":\"https:\/\/carleton.ca\/ces\/\",\"name\":\"Centre for European Studies\",\"description\":\"Carleton University\",\"potentialAction\":[{\"@type\":\"SearchAction\",\"target\":{\"@type\":\"EntryPoint\",\"urlTemplate\":\"https:\/\/carleton.ca\/ces\/?s={search_term_string}\"},\"query-input\":\"required name=search_term_string\"}],\"inLanguage\":\"en-US\"}]}<\/script>\n<!-- \/ Yoast SEO plugin. -->","yoast_head_json":{"title":"Robert Gould - Centre for European Studies","description":"Robert Gould CES Associate Director Rank: Adjunct Research Professor Degrees: M.A. Oxford, Ph.D. Princeton Email: robert_gould@carleton.ca Phone: 613","robots":{"index":"index","follow":"follow","max-snippet":"max-snippet:-1","max-image-preview":"max-image-preview:large","max-video-preview":"max-video-preview:-1"},"canonical":"https:\/\/carleton.ca\/ces\/about\/ces-board\/robert-gould\/","twitter_misc":{"Est. reading time":"4 minutes"},"schema":{"@context":"https:\/\/schema.org","@graph":[{"@type":"WebPage","@id":"https:\/\/carleton.ca\/ces\/about\/ces-board\/robert-gould\/","url":"https:\/\/carleton.ca\/ces\/about\/ces-board\/robert-gould\/","name":"Robert Gould - Centre for European Studies","isPartOf":{"@id":"https:\/\/carleton.ca\/ces\/#website"},"datePublished":"2010-11-11T20:08:27+00:00","dateModified":"2013-01-11T20:28:08+00:00","description":"Robert Gould CES Associate Director Rank: Adjunct Research Professor Degrees: M.A. Oxford, Ph.D. Princeton Email: robert_gould@carleton.ca Phone: 613","breadcrumb":{"@id":"https:\/\/carleton.ca\/ces\/about\/ces-board\/robert-gould\/#breadcrumb"},"inLanguage":"en-US","potentialAction":[{"@type":"ReadAction","target":["https:\/\/carleton.ca\/ces\/about\/ces-board\/robert-gould\/"]}]},{"@type":"BreadcrumbList","@id":"https:\/\/carleton.ca\/ces\/about\/ces-board\/robert-gould\/#breadcrumb","itemListElement":[{"@type":"ListItem","position":1,"name":"Home","item":"https:\/\/carleton.ca\/ces\/"},{"@type":"ListItem","position":2,"name":"About","item":"https:\/\/carleton.ca\/ces\/about\/"},{"@type":"ListItem","position":3,"name":"Management Board","item":"https:\/\/carleton.ca\/ces\/about\/ces-board\/"},{"@type":"ListItem","position":4,"name":"Robert Gould"}]},{"@type":"WebSite","@id":"https:\/\/carleton.ca\/ces\/#website","url":"https:\/\/carleton.ca\/ces\/","name":"Centre for European Studies","description":"Carleton University","potentialAction":[{"@type":"SearchAction","target":{"@type":"EntryPoint","urlTemplate":"https:\/\/carleton.ca\/ces\/?s={search_term_string}"},"query-input":"required name=search_term_string"}],"inLanguage":"en-US"}]}},"acf":{"banner_image_type":null,"banner_uploaded_image":null,"banner_hosted_image":null,"banner_opacity":null,"banner_button":null,"banner_buttons":null},"_links":{"self":[{"href":"https:\/\/carleton.ca\/ces\/wp-json\/wp\/v2\/pages\/74"}],"collection":[{"href":"https:\/\/carleton.ca\/ces\/wp-json\/wp\/v2\/pages"}],"about":[{"href":"https:\/\/carleton.ca\/ces\/wp-json\/wp\/v2\/types\/page"}],"author":[{"embeddable":true,"href":"https:\/\/carleton.ca\/ces\/wp-json\/wp\/v2\/users\/3"}],"replies":[{"embeddable":true,"href":"https:\/\/carleton.ca\/ces\/wp-json\/wp\/v2\/comments?post=74"}],"version-history":[{"count":2,"href":"https:\/\/carleton.ca\/ces\/wp-json\/wp\/v2\/pages\/74\/revisions"}],"predecessor-version":[{"id":4732,"href":"https:\/\/carleton.ca\/ces\/wp-json\/wp\/v2\/pages\/74\/revisions\/4732"}],"up":[{"embeddable":true,"href":"https:\/\/carleton.ca\/ces\/wp-json\/wp\/v2\/pages\/37"}],"wp:attachment":[{"href":"https:\/\/carleton.ca\/ces\/wp-json\/wp\/v2\/media?parent=74"}],"curies":[{"name":"wp","href":"https:\/\/api.w.org\/{rel}","templated":true}]}}