{"id":3404,"date":"2020-01-27T09:56:04","date_gmt":"2020-01-27T14:56:04","guid":{"rendered":"https:\/\/its-cuthemedev1.carleton.ca\/chemistry\/?page_id=3404"},"modified":"2025-08-19T10:24:11","modified_gmt":"2025-08-19T14:24:11","slug":"ottawa-carleton-chemical-and-environmental-toxicology-seminar-series","status":"publish","type":"page","link":"https:\/\/carleton.ca\/chemistry\/ottawa-carleton-chemical-and-environmental-toxicology-seminar-series\/","title":{"rendered":"Ottawa-Carleton Chemical and Environmental Toxicology Seminar Series"},"content":{"rendered":"\n<section class=\"w-screen px-6 cu-section cu-section--white ml-offset-center md:px-8 lg:px-14\">\n    <div class=\"space-y-6 cu-max-w-child-5xl  md:space-y-10 cu-prose-first-last\">\n\n            <div class=\"cu-textmedia flex flex-col lg:flex-row mx-auto gap-6 md:gap-10 my-6 md:my-12 first:mt-0 max-w-5xl\">\n        <div class=\"justify-start cu-textmedia-content cu-prose-first-last\" style=\"flex: 0 0 100%;\">\n            <header class=\"font-light prose-xl cu-pageheader md:prose-2xl cu-component-updated cu-prose-first-last\">\n                                    <h1 class=\"cu-prose-first-last font-semibold !mt-2 mb-4 md:mb-6 relative after:absolute after:h-px after:bottom-0 after:bg-cu-red after:left-px text-3xl md:text-4xl lg:text-5xl lg:leading-[3.5rem] pb-5 after:w-10 text-cu-black-700 not-prose\">\n                        Ottawa-Carleton Chemical and Environmental Toxicology Seminar Series\n                    <\/h1>\n                \n                                \n                            <\/header>\n\n                    <\/div>\n\n            <\/div>\n\n    <\/div>\n<\/section>\n\n\n\n<h2 id=\"ottawa-carleton-chemical-and-environmental-toxicology-seminar-series-2021-2022\" class=\"wp-block-heading\">Ottawa-Carleton Chemical and Environmental Toxicology Seminar Series 2021-2022<\/h2>\n\n\n\n<p>All talks will be hosted at 3PM EST.<\/p>\n\n\n\n<p>Please email Chemistry@carleton.ca if you have difficulties with the zoom links.<\/p>\n\n\n\n<figure class=\"wp-block-table\"><table class=\"has-fixed-layout\"><thead><tr><th><\/th><th><\/th><th><\/th><th><\/th><th><\/th><\/tr><\/thead><tbody><tr><td><strong>Date&nbsp;<\/strong><\/td><td><strong>Speaker&nbsp;<\/strong><\/td><td><strong>Institution&nbsp;<\/strong><\/td><td><strong>Title&nbsp;<\/strong><\/td><td><strong>Zoom Link <\/strong><\/td><\/tr><tr><td>Wednesday, September 22<\/td><td><a href=\"https:\/\/ca.linkedin.com\/in\/ray-novokowsky-5a70721\">Ray Novokowsky<\/a><\/td><td>NobleLight Management Group<\/td><td><a href=\"https:\/\/carleton.ca\/chemistry\/wp-content\/uploads\/sites\/138\/Doc4.pdf\">On the Broadband Removal of Aqueous Colloidal Toxic Environmental Contaminants<\/a><\/td><td><a href=\"https:\/\/carleton-ca.zoom.us\/j\/91313018242\">https:\/\/carleton-ca.zoom.us\/j\/91313018242<\/a><\/td><\/tr><tr><td>Wednesday, October 13<\/td><td><a href=\"https:\/\/www.dal.ca\/faculty\/science\/chemistry\/faculty-staff\/our-faculty\/alan-doucette.html\">Alan Doucette<\/a><\/td><td><span data-sheets-value=\"{&quot;1&quot;:2,&quot;2&quot;:&quot;BC Provincial Toxicology Centre, University of British Columbia&quot;}\" data-sheets-userformat=\"{&quot;2&quot;:513,&quot;3&quot;:{&quot;1&quot;:0},&quot;12&quot;:0}\">Dalhousie University<\/span><\/td><td><a href=\"https:\/\/carleton.ca\/chemistry\/wp-content\/uploads\/sites\/138\/Bio-and-Abstract_-Alan-Doucette.pdf\">Tools of the Trade: Designing New Technologies for Bioanalysis<\/a><\/td><td><a href=\"https:\/\/carleton-ca.zoom.us\/j\/92273105972\">https:\/\/carleton-ca.zoom.us\/j\/92273105972<\/a><\/td><\/tr><tr><td>Wednesday, October 27<\/td><td><a href=\"https:\/\/brocku.ca\/mathematics-science\/chemistry\/hongbin-tony-yan\/\"><span data-sheets-value=\"{&quot;1&quot;:2,&quot;2&quot;:&quot;C\u00e9line Aguer&quot;}\" data-sheets-userformat=\"{&quot;2&quot;:513,&quot;3&quot;:{&quot;1&quot;:0},&quot;12&quot;:0}\">Tony Yan<\/span><\/a><\/td><td><span data-sheets-value=\"{&quot;1&quot;:2,&quot;2&quot;:&quot;Institut du Savoir Montfort&quot;}\" data-sheets-userformat=\"{&quot;2&quot;:513,&quot;3&quot;:{&quot;1&quot;:0},&quot;12&quot;:0}\">Brock University<\/span><\/td><td><a href=\"https:\/\/carleton.ca\/chemistry\/wp-content\/uploads\/sites\/138\/Abstract-Tony-Yan.pdf\">Impact of Low Power Microwave Irradiation on Biomolecules and Cellular Systems at Constant Bulk Temperature<\/a><\/td><td><a href=\"https:\/\/carleton-ca.zoom.us\/j\/97308039943\">https:\/\/carleton-ca.zoom.us\/j\/97308039943<\/a><\/td><\/tr><tr><td>Wednesday, November 10<\/td><td><a href=\"https:\/\/professeurs.uqam.ca\/professeur\/sleno.lekha\/\">Lekha Sleno<\/a><\/td><td>Universit\u00e9 du Qu\u00e9bec \u00e0 Montr\u00e9al<\/td><td><a href=\"https:\/\/carleton.ca\/chemistry\/wp-content\/uploads\/sites\/138\/Analytical-workflows-for-studying-reactive-metabolites.pdf\">Metabolism of Environmental Contaminants Studied by LC-MS<\/a><\/td><td><a href=\"https:\/\/carleton-ca.zoom.us\/j\/96278780220\">https:\/\/carleton-ca.zoom.us\/j\/96278780220<\/a><\/td><\/tr><tr><td>Wednesday, November 24<\/td><td><a href=\"https:\/\/ca.linkedin.com\/in\/meissam-noroozifar-446ba0148\" target=\"_blank\" rel=\"noopener noreferrer\"><span data-sheets-value=\"{&quot;1&quot;:2,&quot;2&quot;:&quot;Errol Thomson&quot;}\" data-sheets-userformat=\"{&quot;2&quot;:513,&quot;3&quot;:{&quot;1&quot;:0},&quot;12&quot;:0}\">Meissam Noroozifar<\/span><\/a><\/td><td><span data-sheets-value=\"{&quot;1&quot;:2,&quot;2&quot;:&quot;Health Canada&quot;}\" data-sheets-userformat=\"{&quot;2&quot;:513,&quot;3&quot;:{&quot;1&quot;:0},&quot;12&quot;:0}\">University of Toronto Scarborough<\/span><\/td><td><a href=\"https:\/\/carleton.ca\/chemistry\/wp-content\/uploads\/sites\/138\/Electrochemical-sensor-challenge-for-simultaneous-determination-of-bio.pdf\">Electrochemical Sensor Challenge for Simultaneous Determination of the Bio-Compounds<\/a><\/td><td><a href=\"https:\/\/carleton-ca.zoom.us\/j\/96483004971\">https:\/\/carleton-ca.zoom.us\/j\/96483004971<\/a><\/td><\/tr><tr><td>Wednesday, December 8<\/td><td><a href=\"https:\/\/create-react.uottawa.ca\/lauren-gallant\/\">Lauren Gallant<\/a><\/td><td>University of Ottawa<\/td><td><a href=\"https:\/\/carleton.ca\/chemistry\/wp-content\/uploads\/sites\/138\/Orthogonal-approaches-to-empirically-determine-the-inter.pdf\">Examining In-Vitro Dose Response Date to Determine Inter-Individual Variability in Human Sensitivity to Environmental Mutagens<\/a><\/td><td><a href=\"https:\/\/carleton-ca.zoom.us\/j\/98204816540\">https:\/\/carleton-ca.zoom.us\/j\/98204816540<\/a><\/td><\/tr><tr><td>Wednesday, January 12<\/td><td><a href=\"https:\/\/chimie.umontreal.ca\/repertoire-departement\/professeurs\/professeur\/in\/in15380\/sg\/Jean-Fran%C3%A7ois%20Masson\/\">Jean-Fran\u00e7ois Masson<\/a><\/td><td>Universit\u00e9 de Montr\u00e9al<\/td><td><a href=\"https:\/\/carleton.ca\/chemistry\/wp-content\/uploads\/sites\/138\/Masson_Carleton.pdf\">Maple Syrup Analysis, COVID-19 Immunity and Neurochemistry<\/a><\/td><td><a href=\"https:\/\/carleton-ca.zoom.us\/j\/93397901044\">https:\/\/carleton-ca.zoom.us\/j\/93397901044<\/a><\/td><\/tr><tr><td>Wednesday, January 26<\/td><td><a href=\"https:\/\/cse.tcu.edu\/faculty-staff\/view\/marlo-jeffries\">Marlo Jeffries<\/a><\/td><td>Texas Christian University<\/td><td><a href=\"https:\/\/carleton.ca\/chemistry\/wp-content\/uploads\/sites\/138\/Marlo-Jeffries.pdf\">Developmental Thyroid Disruption and Long-Term Impacts on Reproduction<\/a><\/td><td><a href=\"https:\/\/carleton-ca.zoom.us\/j\/98399164268\">https:\/\/carleton-ca.zoom.us\/j\/98399164268<\/a><\/td><\/tr><tr><td>Wednesday, February 23<\/td><td><a href=\"https:\/\/brocku.ca\/mathematics-science\/chemistry\/feng-li\/\">Feng Li<\/a><\/td><td>Sichuan University\/Brock University<\/td><td><a href=\"https:\/\/carleton.ca\/chemistry\/wp-content\/uploads\/sites\/138\/abstract-bio.pdf\"> Clinical Applications of Analytical DNA Nanotechnology<\/a><\/td><td><a href=\"https:\/\/carleton-ca.zoom.us\/j\/98616139071\">https:\/\/carleton-ca.zoom.us\/j\/98616139071<\/a><\/td><\/tr><tr><td>Wednesday, March 9<\/td><td><a href=\"https:\/\/scholar.google.com\/citations?user=4Ozrq7YAAAAJ&amp;hl=en\">Taha M.Elmorsi<\/a><\/td><td>Al Azhar University<\/td><td><span data-sheets-value=\"{&quot;1&quot;:2,&quot;2&quot;:&quot;Inhalation toxicoloy&quot;}\" data-sheets-userformat=\"{&quot;2&quot;:14849,&quot;3&quot;:{&quot;1&quot;:0},&quot;12&quot;:0,&quot;14&quot;:{&quot;1&quot;:2,&quot;2&quot;:0},&quot;15&quot;:&quot;Arial&quot;,&quot;16&quot;:10}\">Removal of Environmental Pollutants Using Photocatalysis and Adsorption<\/span><\/td><td><a href=\"https:\/\/carleton-ca.zoom.us\/j\/93853083850\">https:\/\/carleton-ca.zoom.us\/j\/93853083850<\/a><\/td><\/tr><tr><td>Wednesday, March 23<\/td><td><a href=\"https:\/\/www.chem.queensu.ca\/diane-beauchemin\">Diane Beauchemin<\/a><\/td><td>Queen&#8217;s University<\/td><td>Environmental Chemistry<\/td><td><a href=\"https:\/\/carleton-ca.zoom.us\/j\/97337255995\">https:\/\/carleton-ca.zoom.us\/j\/97337255995<\/a><\/td><\/tr><tr><td>Wednesday, April 13<\/td><td><a href=\"https:\/\/www.chem.ubc.ca\/david-chen\">David Chen<\/a><\/td><td>University of British Columbia<\/td><td>Big Science in a Small Capillary<\/td><td><a href=\"https:\/\/carleton-ca.zoom.us\/j\/98644200611\">https:\/\/carleton-ca.zoom.us\/j\/98644200611<\/a><\/td><\/tr><\/tbody><\/table><\/figure>\n","protected":false},"excerpt":{"rendered":"<p>Ottawa-Carleton Chemical and Environmental Toxicology Seminar Series 2021-2022 All talks will be hosted at 3PM EST. Please email Chemistry@carleton.ca if you have difficulties with the zoom links. Date&nbsp; Speaker&nbsp; Institution&nbsp; Title&nbsp; Zoom Link Wednesday, September 22 Ray Novokowsky NobleLight Management Group On the Broadband Removal of Aqueous Colloidal Toxic Environmental Contaminants https:\/\/carleton-ca.zoom.us\/j\/91313018242 Wednesday, October 13 [&hellip;]<\/p>\n","protected":false},"author":2,"featured_media":0,"parent":0,"menu_order":0,"comment_status":"closed","ping_status":"closed","template":"","meta":{"_acf_changed":false,"_cu_dining_location_slug":"","footnotes":"","_links_to":"","_links_to_target":""},"cu_page_type":[],"class_list":["post-3404","page","type-page","status-publish","hentry"],"acf":{"cu_post_thumbnail":""},"_links":{"self":[{"href":"https:\/\/carleton.ca\/chemistry\/wp-json\/wp\/v2\/pages\/3404","targetHints":{"allow":["GET"]}}],"collection":[{"href":"https:\/\/carleton.ca\/chemistry\/wp-json\/wp\/v2\/pages"}],"about":[{"href":"https:\/\/carleton.ca\/chemistry\/wp-json\/wp\/v2\/types\/page"}],"author":[{"embeddable":true,"href":"https:\/\/carleton.ca\/chemistry\/wp-json\/wp\/v2\/users\/2"}],"replies":[{"embeddable":true,"href":"https:\/\/carleton.ca\/chemistry\/wp-json\/wp\/v2\/comments?post=3404"}],"version-history":[{"count":3,"href":"https:\/\/carleton.ca\/chemistry\/wp-json\/wp\/v2\/pages\/3404\/revisions"}],"predecessor-version":[{"id":5357,"href":"https:\/\/carleton.ca\/chemistry\/wp-json\/wp\/v2\/pages\/3404\/revisions\/5357"}],"wp:attachment":[{"href":"https:\/\/carleton.ca\/chemistry\/wp-json\/wp\/v2\/media?parent=3404"}],"wp:term":[{"taxonomy":"cu_page_type","embeddable":true,"href":"https:\/\/carleton.ca\/chemistry\/wp-json\/wp\/v2\/cu_page_type?post=3404"}],"curies":[{"name":"wp","href":"https:\/\/api.w.org\/{rel}","templated":true}]}}