{"id":1555,"date":"2024-01-19T10:37:21","date_gmt":"2024-01-19T10:37:21","guid":{"rendered":"https:\/\/carleton.ca\/cicp-pcpob\/?page_id=1555"},"modified":"2026-02-05T12:56:23","modified_gmt":"2026-02-05T17:56:23","slug":"about-the-project-a-propos-du-projet","status":"publish","type":"page","link":"https:\/\/carleton.ca\/cicp-pcpob\/about-the-project-a-propos-du-projet\/","title":{"rendered":"\u00c0 propos du PCPOB"},"content":{"rendered":"\n<section class=\"w-screen px-6 cu-section cu-section--white ml-offset-center md:px-8 lg:px-14\">\n    <div class=\"space-y-6 cu-max-w-child-5xl  md:space-y-10 cu-prose-first-last\">\n\n            <div class=\"cu-textmedia flex flex-col lg:flex-row mx-auto gap-6 md:gap-10 my-6 md:my-12 first:mt-0 max-w-5xl\">\n        <div class=\"justify-start cu-textmedia-content cu-prose-first-last\" style=\"flex: 0 0 100%;\">\n            <header class=\"font-light prose-xl cu-pageheader md:prose-2xl cu-component-updated cu-prose-first-last\">\n                                    <h1 class=\"cu-prose-first-last font-semibold !mt-2 mb-4 md:mb-6 relative after:absolute after:h-px after:bottom-0 after:bg-cu-red after:left-px text-3xl md:text-4xl lg:text-5xl lg:leading-[3.5rem] pb-5 after:w-10 text-cu-black-700 not-prose\">\n                        \u00c0 propos du PCPOB\n                    <\/h1>\n                \n                                \n                                    \n\n<div class=\"wp-block-buttons is-layout-flex wp-block-buttons-is-layout-flex\">\n<div class=\"wp-block-button\"><a class=\"wp-block-button__link wp-element-button\" href=\"https:\/\/carleton.ca\/cicp-pcpob\/about-the-project\/\">EN<\/a><\/div>\n<\/div>\n\n\n                            <\/header>\n\n                    <\/div>\n\n            <\/div>\n\n    <\/div>\n<\/section>\n\n\n\n<p id=\"AboutFR\">Le Projet Canada Perspectives des Organismes de Bienfaisance (PCPOB) est une initiative de recherche nationale qui vise \u00e0 am\u00e9liorer la compr\u00e9hension du secteur caritatif canadien gr\u00e2ce \u00e0 des donn\u00e9es actualis\u00e9es, accessibles et de grande qualit\u00e9.<\/p>\n\n\n\n<p>Fond\u00e9 par la professeure Paloma Raggo, le PCPOB est dirig\u00e9 par une \u00e9quipe multidisciplinaire bas\u00e9e \u00e0 l&#8217;Universit\u00e9 Carleton. Le projet vise \u00e0 garantir que les d\u00e9cideurs politiques, les praticiens, les chercheurs et le public aient acc\u00e8s \u00e0 des informations pr\u00e9cises et en temps r\u00e9el sur les enjeux, les tendances et les pressions qui fa\u00e7onnent le secteur caritatif \u00e0 travers le Canada.<\/p>\n\n\n\n<p>Gr\u00e2ce \u00e0 des enqu\u00eates hebdomadaires aupr\u00e8s d&#8217;organismes de bienfaisance enregistr\u00e9s, \u00e0 des rapports publics r\u00e9guliers et \u00e0 une plateforme en ligne de donn\u00e9es et d&#8217;apprentissage, le PCPOB fournit des informations continues sur la mani\u00e8re dont les organisations vivent et r\u00e9agissent \u00e0 l&#8217;\u00e9volution des environnements de financement, aux d\u00e9fis li\u00e9s \u00e0 la main-d&#8217;\u0153uvre, aux paysages politiques et aux besoins des communaut\u00e9s.<\/p>\n\n\n\n<section class=\"w-screen px-6 cu-section cu-section--white ml-offset-center md:px-8 lg:px-14\">\n    <div class=\"space-y-6 cu-max-w-child-5xl  md:space-y-10 cu-prose-first-last\">\n\n                            \n\n\n<header class=\"mb-6 cu-pageheader cu-component-updated md:mb-12\">\n    <h2 id=\"nos-objectifs\" class=\"cu-prose-first-last font-semibold !mt-2 mb-4 md:mb-6 relative text-2xl md:text-3xl lg:text-4xl lg:leading-[3rem] pb-4 after:w-8 after:absolute after:h-px after:bottom-0 after:bg-cu-red after:left-px\">\n        Nos objectifs\n    <\/h2>\n\n    <\/header>\n        \n        <div class=\"cu-column cu-component not-contained mx-auto grid max-w-5xl md:grid-cols-3 gap-6 md:gap-10\">\n            \n\n<div class=\"not-prose cu-card rounded-lg @container md:max-w-xl flex flex-col gap-3 bg-white shadow-lg shadow-cu-black-100   group duration-300 ease-in hover:scale-[1.02] hover:shadow-cu-black-200\">\n\n                        <figure class=\"flex items-center justify-center w-12 h-12 mx-6 mt-5 mb-1.5 overflow-hidden\">\n                <span class=\"cu-icon cu-icon-thumb\" style=\"width: 48px; height: 48px; display: inline-block;\" aria-hidden=\"true\">\n                    <svg xmlns=\"http:\/\/www.w3.org\/2000\/svg\" viewBox=\"0 0 512 512\"><!--! Font Awesome Pro 6.5.1 by @fontawesome - https:\/\/fontawesome.com License - https:\/\/fontawesome.com\/license (Commercial License) Copyright 2023 Fonticons, Inc. --><path d=\"M32 48c0-8.8-7.2-16-16-16S0 39.2 0 48V400c0 44.2 35.8 80 80 80H496c8.8 0 16-7.2 16-16s-7.2-16-16-16H80c-26.5 0-48-21.5-48-48V48zM475.3 155.3c6.2-6.2 6.2-16.4 0-22.6s-16.4-6.2-22.6 0L320 265.4l-84.7-84.7c-6.2-6.2-16.4-6.2-22.6 0l-112 112c-6.2 6.2-6.2 16.4 0 22.6s16.4 6.2 22.6 0L224 214.6l84.7 84.7c6.2 6.2 16.4 6.2 22.6 0l144-144z\"\/><\/svg>\n                <\/span>\n            <\/figure>\n            \n                <header class=\"flex flex-col gap-3  px-6 first:mt-6\">\n                \n        \n    \n    <h2 class=\"line-clamp-3 text-lg font-semibold text-cu-black @sm:md:text-xl leading-6 @sm:md:leading-8\">\n        Informer\n    <\/h2>\n\n            <\/header>\n\n    \n            <div class=\"flex flex-col px-6\">\n            <p class=\"text-base text-cu-black-700\">\n                En menant r\u00e9guli\u00e8rement des enqu\u00eates aupr\u00e8s d&#8217;un \u00e9chantillon national d&#8217;organismes de bienfaisance enregistr\u00e9s, le PCPOB recueille des donn\u00e9es en temps r\u00e9el sur les tendances, les d\u00e9fis et les enjeux \u00e9mergents auxquels le secteur est confront\u00e9.\n            <\/p>\n        <\/div>\n    \n    \n<\/div>\n\n\n\n<div class=\"not-prose cu-card rounded-lg @container md:max-w-xl flex flex-col gap-3 bg-white shadow-lg shadow-cu-black-100   group duration-300 ease-in hover:scale-[1.02] hover:shadow-cu-black-200\">\n\n                        <figure class=\"flex items-center justify-center w-12 h-12 mx-6 mt-5 mb-1.5 overflow-hidden\">\n                <span class=\"cu-icon cu-icon-thumb\" style=\"width: 48px; height: 48px; display: inline-block;\" aria-hidden=\"true\">\n                    <svg xmlns=\"http:\/\/www.w3.org\/2000\/svg\" viewBox=\"0 0 576 512\"><!--! Font Awesome Pro 6.5.1 by @fontawesome - https:\/\/fontawesome.com License - https:\/\/fontawesome.com\/license (Commercial License) Copyright 2023 Fonticons, Inc. --><path d=\"M125.1 0H144c88.4 0 160 71.6 160 160v96c0 8.8-7.2 16-16 16s-16-7.2-16-16V176H242.9C161.8 176 96 110.2 96 29.1C96 13 109 0 125.1 0zM144 32H128c1.5 62.1 52.4 112 114.9 112H271C263.1 80.9 209.3 32 144 32zM336 176V160c0-5.4-.2-10.7-.7-16C396.8 142.8 446.4 93.4 448 32H432c-45.7 0-85.8 23.9-108.4 59.9c-4.3-11.4-9.7-22.3-16-32.5C336.9 23.2 381.7 0 432 0h18.9C467 0 480 13 480 29.1c0 80.2-64.2 145.3-144 146.9zM151 317.4c13.1-8.8 28.6-13.4 44.4-13.4H344c30.9 0 56 25.1 56 56c0 8.6-1.9 16.7-5.4 24h5.6l94.7-56.4c8.3-4.9 17.8-7.6 27.5-7.6h1.3c28.9 0 52.3 23.4 52.3 52.3c0 17.7-9 34.2-23.8 43.8L432.6 493.9c-18.2 11.8-39.4 18.1-61 18.1H16c-8.8 0-16-7.2-16-16s7.2-16 16-16H371.5c15.5 0 30.6-4.5 43.6-12.9l119.6-77.8c5.8-3.7 9.2-10.2 9.2-17c0-11.2-9.1-20.3-20.3-20.3h-1.3c-3.9 0-7.7 1.1-11.1 3l-98.5 58.7c-2.5 1.5-5.3 2.3-8.2 2.3H344 320 256c-8.8 0-16-7.2-16-16s7.2-16 16-16h64 24c13.3 0 24-10.7 24-24s-10.7-24-24-24H195.4c-9.5 0-18.7 2.8-26.6 8.1L88.9 397.3c-2.6 1.8-5.7 2.7-8.9 2.7H16c-8.8 0-16-7.2-16-16s7.2-16 16-16H75.2L151 317.4z\"\/><\/svg>\n                <\/span>\n            <\/figure>\n            \n                <header class=\"flex flex-col gap-3  px-6 first:mt-6\">\n                \n        \n    \n    <h2 class=\"line-clamp-3 text-lg font-semibold text-cu-black @sm:md:text-xl leading-6 @sm:md:leading-8\">\n        Construire\n    <\/h2>\n\n            <\/header>\n\n    \n            <div class=\"flex flex-col px-6\">\n            <p class=\"text-base text-cu-black-700\">\n                En d\u00e9veloppant une infrastructure de donn\u00e9es durable, flexible et viable, le PCPOB favorise un large acc\u00e8s \u00e0 l&#8217;information \u00e0 l&#8217;\u00e9chelle du secteur et soutient la ma\u00eetrise et la compr\u00e9hension des donn\u00e9es parmi les dirigeants et les d\u00e9cideurs du secteur.\n            <\/p>\n        <\/div>\n    \n    \n<\/div>\n\n\n\n<div class=\"not-prose cu-card rounded-lg @container md:max-w-xl flex flex-col gap-3 bg-white shadow-lg shadow-cu-black-100   group duration-300 ease-in hover:scale-[1.02] hover:shadow-cu-black-200\">\n\n                        <figure class=\"flex items-center justify-center w-12 h-12 mx-6 mt-5 mb-1.5 overflow-hidden\">\n                <span class=\"cu-icon cu-icon-thumb\" style=\"width: 48px; height: 48px; display: inline-block;\" aria-hidden=\"true\">\n                    <svg xmlns=\"http:\/\/www.w3.org\/2000\/svg\" viewBox=\"0 0 640 512\"><!--! Font Awesome Pro 6.5.1 by @fontawesome - https:\/\/fontawesome.com License - https:\/\/fontawesome.com\/license (Commercial License) Copyright 2023 Fonticons, Inc. --><path d=\"M336 80a16 16 0 1 0 -32 0 16 16 0 1 0 32 0zm-64 0a48 48 0 1 1 96 0 48 48 0 1 1 -96 0zm24 208h48V177.5c-3.8-1-7.7-1.5-11.8-1.5H307.8c-4 0-8 .5-11.8 1.5V288zm122.4-15.6L376 203.5V288c0 17.7-14.3 32-32 32H296c-17.7 0-32-14.3-32-32V203.5l-42.4 68.9c-.2 .3-.3 .5-.5 .8c1.1 1.6 2.2 3.2 3.3 4.9l45.3 73.5c4.6 7.5 2.3 17.4-5.2 22s-17.4 2.3-22-5.2L200 299.5V368c0 17.7-14.3 32-32 32H120c-17.7 0-32-14.3-32-32V299.5L45.6 368.4c-4.6 7.5-14.5 9.9-22 5.2s-9.9-14.5-5.2-22l45.3-73.5C78.2 254.4 104 240 131.8 240h24.5c14.6 0 28.7 4 40.8 11.2l42.5-69.1C254.2 158.4 280 144 307.8 144h24.5c27.8 0 53.6 14.4 68.1 38.1l42.6 69.1c12.2-7.2 26.2-11.2 40.8-11.2h24.5c27.8 0 53.6 14.4 68.1 38.1l45.3 73.5c4.6 7.5 2.3 17.4-5.2 22s-17.4 2.3-22-5.2L552 299.5V368c0 17.7-14.3 32-32 32H472c-17.7 0-32-14.3-32-32V299.5l-42.4 68.9c-4.6 7.5-14.5 9.9-22 5.2s-9.9-14.5-5.2-22l45.3-73.5c1-1.7 2.1-3.3 3.3-4.9c-.2-.3-.4-.5-.5-.8zM16 448H624c8.8 0 16 7.2 16 16s-7.2 16-16 16H16c-8.8 0-16-7.2-16-16s7.2-16 16-16zM144 192a16 16 0 1 0 0-32 16 16 0 1 0 0 32zm0-64a48 48 0 1 1 0 96 48 48 0 1 1 0-96zM120 273.5V368h48V273.5c-3.8-1-7.7-1.5-11.8-1.5H131.8c-4 0-8 .5-11.8 1.5zM512 176a16 16 0 1 0 -32 0 16 16 0 1 0 32 0zm-64 0a48 48 0 1 1 96 0 48 48 0 1 1 -96 0zm24 192h48V273.5c-3.8-1-7.7-1.5-11.8-1.5H483.8c-4 0-8 .5-11.8 1.5V368z\"\/><\/svg>\n                <\/span>\n            <\/figure>\n            \n                <header class=\"flex flex-col gap-3  px-6 first:mt-6\">\n                \n        \n    \n    <h2 class=\"line-clamp-3 text-lg font-semibold text-cu-black @sm:md:text-xl leading-6 @sm:md:leading-8\">\n        Renforcer\n    <\/h2>\n\n            <\/header>\n\n    \n            <div class=\"flex flex-col px-6\">\n            <p class=\"text-base text-cu-black-700\">\n                En fournissant des donn\u00e9es probantes aux d\u00e9cideurs politiques et aux praticiens, le PCPOB soutient l&#8217;\u00e9laboration de politiques fond\u00e9es sur des donn\u00e9es, la prise de d\u00e9cision organisationnelle et la planification strat\u00e9gique ancr\u00e9e dans les r\u00e9alit\u00e9s du secteur.\n            <\/p>\n        <\/div>\n    \n    \n<\/div>\n\n\n        <\/div>\n\n        \n    <\/div>\n<\/section>\n\n\n\n<div class=\"cu-section cu-section-5xl not-contained  cu-prose cu-prose-dark\"><figure class=\"cu-embed cu-component not-contained mx-auto max-w-5xl\"><div class=\"relative w-full pb-[56.25%] overflow-hidden border border-cu-black-100\"><iframe title=\"Videos Embed\" src=\"https:\/\/www.youtube.com\/embed\/w5IATudN-3I\" class=\"cu-embed-iframe\" allow=\"accelerometer; autoplay; clipboard-write; encrypted-media; gyroscope; picture-in-picture; web-share\" allowfullscreen><\/iframe><\/div><\/figure><\/div>\n\n\n\n<h2 id=\"notre-approche\" class=\"wp-block-heading\">Notre approche<\/h2>\n\n\n\n<p>Le PCPOB adopte une approche syst\u00e9mique et cibl\u00e9e pour combler les lacunes de longue date en mati\u00e8re d&#8217;information sur le secteur caritatif canadien. Nous combinons la collecte r\u00e9guli\u00e8re de donn\u00e9es avec l&#8217;analyse, la publication de rapports, la r\u00e9daction de notes d&#8217;orientation et de recherche, ainsi que des initiatives de renforcement des capacit\u00e9s con\u00e7ues pour rendre les donn\u00e9es utilisables, et pas seulement disponibles.<\/p>\n\n\n\n<p>L&#8217;un des principes fondamentaux du projet est que les donn\u00e9es sur le secteur doivent \u00eatre gratuites, accessibles et pertinentes pour ceux qui travaillent au plus pr\u00e8s des communaut\u00e9s.<\/p>\n\n\n\n<h2 id=\"financement-et-partenariats\" class=\"wp-block-heading\">Financement et partenariats<\/h2>\n\n\n\n<p>Le PCPOB est rendu possible gr\u00e2ce \u00e0 un investissement pluriannuel de 3,4 millions de dollars provenant d&#8217;un consortium de partenaires philanthropiques, dont la Fondation Muttart, la Fondation Lawson, les Fondations Metcalf, la Fondation Vancouver et un donateur anonyme.<\/p>\n\n\n\n<p>Ce mod\u00e8le de financement collaboratif est unique dans le contexte canadien et refl\u00e8te un engagement commun \u00e0 renforcer le secteur caritatif gr\u00e2ce \u00e0 des connaissances approfondies, durables et fond\u00e9es sur des preuves. Ensemble, ces partenaires font preuve d&#8217;un leadership \u00e0 long terme et d&#8217;une conviction collective quant \u00e0 la valeur des donn\u00e9es accessibles pour les communaut\u00e9s \u00e0 travers le pays.<\/p>\n\n\n\n<p><\/p>\n\n\n\n<figure class=\"wp-block-table\"><table class=\"has-fixed-layout\"><thead><tr><th><\/th><th><\/th><th><\/th><th><\/th><th><\/th><\/tr><\/thead><tbody><tr><td><a href=\"https:\/\/carleton.ca\/sppa\/\"><img loading=\"lazy\" decoding=\"async\" width=\"800\" height=\"200\" class=\"wp-image-225\" style=\"width: 150px\" src=\"https:\/\/carleton.ca\/cicp-pcpob\/wp-content\/uploads\/sites\/26\/brand-logo-800w-1.jpeg\" alt=\"\" srcset=\"https:\/\/carleton.ca\/cicp-pcpob\/wp-content\/uploads\/sites\/26\/brand-logo-800w-1.jpeg 800w, https:\/\/carleton.ca\/cicp-pcpob\/wp-content\/uploads\/sites\/26\/brand-logo-800w-1-200x50.jpeg 200w, https:\/\/carleton.ca\/cicp-pcpob\/wp-content\/uploads\/sites\/26\/brand-logo-800w-1-400x100.jpeg 400w, https:\/\/carleton.ca\/cicp-pcpob\/wp-content\/uploads\/sites\/26\/brand-logo-800w-1-768x192.jpeg 768w\" sizes=\"auto, (max-width: 800px) 100vw, 800px\" \/><\/a><\/td><td><img loading=\"lazy\" decoding=\"async\" width=\"904\" height=\"441\" class=\"wp-image-1498\" style=\"width: 150px\" src=\"https:\/\/carleton.ca\/cicp-pcpob\/wp-content\/uploads\/sites\/26\/MTF-Identity-2-Line-Stack-RGB-e1700515159776.jpg\" alt=\"\" srcset=\"https:\/\/carleton.ca\/cicp-pcpob\/wp-content\/uploads\/sites\/26\/MTF-Identity-2-Line-Stack-RGB-e1700515159776.jpg 904w, https:\/\/carleton.ca\/cicp-pcpob\/wp-content\/uploads\/sites\/26\/MTF-Identity-2-Line-Stack-RGB-e1700515159776-200x98.jpg 200w, https:\/\/carleton.ca\/cicp-pcpob\/wp-content\/uploads\/sites\/26\/MTF-Identity-2-Line-Stack-RGB-e1700515159776-400x195.jpg 400w, https:\/\/carleton.ca\/cicp-pcpob\/wp-content\/uploads\/sites\/26\/MTF-Identity-2-Line-Stack-RGB-e1700515159776-768x375.jpg 768w\" sizes=\"auto, (max-width: 904px) 100vw, 904px\" \/><\/td><td><a href=\"https:\/\/lawson.ca\/\"><img loading=\"lazy\" decoding=\"async\" width=\"485\" height=\"135\" class=\"wp-image-226\" style=\"width: 150px\" src=\"https:\/\/carleton.ca\/cicp-pcpob\/wp-content\/uploads\/sites\/26\/Lawson_Navy2.png\" alt=\"\" srcset=\"https:\/\/carleton.ca\/cicp-pcpob\/wp-content\/uploads\/sites\/26\/Lawson_Navy2.png 485w, https:\/\/carleton.ca\/cicp-pcpob\/wp-content\/uploads\/sites\/26\/Lawson_Navy2-200x56.png 200w, https:\/\/carleton.ca\/cicp-pcpob\/wp-content\/uploads\/sites\/26\/Lawson_Navy2-400x111.png 400w\" sizes=\"auto, (max-width: 485px) 100vw, 485px\" \/><\/a><\/td><td><a href=\"https:\/\/metcalffoundation.com\/\"><img loading=\"lazy\" decoding=\"async\" width=\"900\" height=\"237\" class=\"wp-image-224\" style=\"width: 150px\" src=\"https:\/\/carleton.ca\/cicp-pcpob\/wp-content\/uploads\/sites\/26\/logo-blue-black.png\" alt=\"\" srcset=\"https:\/\/carleton.ca\/cicp-pcpob\/wp-content\/uploads\/sites\/26\/logo-blue-black.png 900w, https:\/\/carleton.ca\/cicp-pcpob\/wp-content\/uploads\/sites\/26\/logo-blue-black-200x53.png 200w, https:\/\/carleton.ca\/cicp-pcpob\/wp-content\/uploads\/sites\/26\/logo-blue-black-400x105.png 400w, https:\/\/carleton.ca\/cicp-pcpob\/wp-content\/uploads\/sites\/26\/logo-blue-black-768x202.png 768w\" sizes=\"auto, (max-width: 900px) 100vw, 900px\" \/><\/a><\/td><td><a href=\"https:\/\/www.vancouverfoundation.ca\/\"><img loading=\"lazy\" decoding=\"async\" width=\"603\" height=\"126\" class=\"wp-image-222\" style=\"width: 150px\" src=\"https:\/\/carleton.ca\/cicp-pcpob\/wp-content\/uploads\/sites\/26\/VFlogo.png\" alt=\"\" srcset=\"https:\/\/carleton.ca\/cicp-pcpob\/wp-content\/uploads\/sites\/26\/VFlogo.png 603w, https:\/\/carleton.ca\/cicp-pcpob\/wp-content\/uploads\/sites\/26\/VFlogo-200x42.png 200w, https:\/\/carleton.ca\/cicp-pcpob\/wp-content\/uploads\/sites\/26\/VFlogo-400x84.png 400w\" sizes=\"auto, (max-width: 603px) 100vw, 603px\" \/><\/a><\/td><\/tr><\/tbody><tfoot><tr><td><\/td><td><\/td><td><\/td><td><\/td><td><\/td><\/tr><\/tfoot><\/table><\/figure>\n\n\n    \n<section class=\"w-screen px-6 cu-section cu-section--grey ml-offset-center md:px-8 lg:px-14\">\n    <div class=\"space-y-6 cu-max-w-child-5xl bg-cu-black-50 max-w-screen-2xl mx-auto rounded-xl px-6 py-5 md:px-14 md:py-12 md:space-y-10 cu-prose-first-last\">\n\n                \n        <div class=\"cu-column cu-component not-contained mx-auto grid max-w-5xl md:grid-cols-3 gap-6 md:gap-10\">\n            \n\n<div class=\"not-prose cu-card rounded-lg @container md:max-w-xl flex flex-col gap-3 bg-white shadow-lg shadow-cu-black-100   \">\n            <figure class=\"mx-6 mt-6 mb-2 overflow-hidden max-w-[45%] @xl:md:max-w-[25%] rounded-md aspect-[4\/2.7]\">\n            <img loading=\"lazy\" decoding=\"async\" src=\"https:\/\/carleton.ca\/cicp-pcpob\/wp-content\/uploads\/sites\/26\/quokka.jpg\" alt=\"\" width=\"200\" height=\"133\"><\/figure>\n        \n                        <header class=\"flex flex-col gap-3  px-6 first:mt-6\">\n                \n        \n    \n    <h2 class=\"line-clamp-3 text-lg font-semibold text-cu-black @sm:md:text-xl leading-6 @sm:md:leading-8\">\n        \u00c9quipe et gouvernance\n    <\/h2>\n\n            <\/header>\n\n        \n                    <div class=\"flex flex-col px-6\">\n                <p class=\"text-base text-cu-black-700\">\n                    D\u00e9couvrez les personnes \u00e0 l&#8217;origine du projet.\n                <\/p>\n            <\/div>\n        \n                                \n            <footer class=\"px-6 pt-3 mt-auto text-white md:pt-5\">\n                <a  href=\"https:\/\/carleton.ca\/cicp-pcpob\/rencontrez-notre-equipe\/\" class=\"cu-button cu-button--red cu-button--small\">\n                    More info\n                <\/a>\n            <\/footer>\n            <\/div>\n    \n\n\n<div class=\"not-prose cu-card rounded-lg @container md:max-w-xl flex flex-col gap-3 bg-white shadow-lg shadow-cu-black-100   \">\n            <figure class=\"mx-6 mt-6 mb-2 overflow-hidden max-w-[45%] @xl:md:max-w-[25%] rounded-md aspect-[4\/2.7]\">\n            <img loading=\"lazy\" decoding=\"async\" src=\"https:\/\/carleton.ca\/cicp-pcpob\/wp-content\/uploads\/sites\/26\/girl-laptop-760.jpg\" alt=\"\" width=\"200\" height=\"133\"><\/figure>\n        \n                        <header class=\"flex flex-col gap-3  px-6 first:mt-6\">\n                \n        \n    \n    <h2 class=\"line-clamp-3 text-lg font-semibold text-cu-black @sm:md:text-xl leading-6 @sm:md:leading-8\">\n        Nous contacter\n    <\/h2>\n\n            <\/header>\n\n        \n                    <div class=\"flex flex-col px-6\">\n                <p class=\"text-base text-cu-black-700\">\n                    Des questions pour notre \u00e9quipe ?  N&#8217;h\u00e9sitez pas \u00e0 nous contacter !\n                <\/p>\n            <\/div>\n        \n                                \n            <footer class=\"px-6 pt-3 mt-auto text-white md:pt-5\">\n                <a  href=\"https:\/\/carleton.ca\/cicp-pcpob\/contact-us-nous-contacter\/\" class=\"cu-button cu-button--red cu-button--small\">\n                    More info\n                <\/a>\n            <\/footer>\n            <\/div>\n    \n\n\n<div class=\"not-prose cu-card rounded-lg @container md:max-w-xl flex flex-col gap-3 bg-white shadow-lg shadow-cu-black-100   \">\n            <figure class=\"mx-6 mt-6 mb-2 overflow-hidden max-w-[45%] @xl:md:max-w-[25%] rounded-md aspect-[4\/2.7]\">\n            <img loading=\"lazy\" decoding=\"async\" src=\"https:\/\/carleton.ca\/cicp-pcpob\/wp-content\/uploads\/sites\/26\/pexels-leeloo-thefirst-5428829-scaled.jpg\" alt=\"\" width=\"200\" height=\"133\"><\/figure>\n        \n                        <header class=\"flex flex-col gap-3  px-6 first:mt-6\">\n                \n        \n    \n    <h2 class=\"line-clamp-3 text-lg font-semibold text-cu-black @sm:md:text-xl leading-6 @sm:md:leading-8\">\n        FAQ\n    <\/h2>\n\n            <\/header>\n\n        \n                    <div class=\"flex flex-col px-6\">\n                <p class=\"text-base text-cu-black-700\">\n                    Consultez les questions fr\u00e9quemment pos\u00e9es.\n                <\/p>\n            <\/div>\n        \n                                \n            <footer class=\"px-6 pt-3 mt-auto text-white md:pt-5\">\n                <a  href=\"https:\/\/carleton.ca\/cicp-pcpob\/foire-aux-questions\/\" class=\"cu-button cu-button--red cu-button--small\">\n                    More info\n                <\/a>\n            <\/footer>\n            <\/div>\n    \n\n        <\/div>\n\n        \n    <\/div>\n<\/section>\n\n\n\n<p><\/p>\n","protected":false},"excerpt":{"rendered":"<p>Le Projet Canada Perspectives des Organismes de Bienfaisance (PCPOB) est une initiative de recherche nationale qui vise \u00e0 am\u00e9liorer la compr\u00e9hension du secteur caritatif canadien gr\u00e2ce \u00e0 des donn\u00e9es actualis\u00e9es, accessibles et de grande qualit\u00e9. Fond\u00e9 par la professeure Paloma Raggo, le PCPOB est dirig\u00e9 par une \u00e9quipe multidisciplinaire bas\u00e9e \u00e0 l&#8217;Universit\u00e9 Carleton. Le projet [&hellip;]<\/p>\n","protected":false},"author":2,"featured_media":0,"parent":0,"menu_order":0,"comment_status":"closed","ping_status":"closed","template":"","meta":{"_acf_changed":false,"_cu_dining_location_slug":"","footnotes":"","_links_to":"","_links_to_target":""},"cu_page_type":[41,38],"class_list":["post-1555","page","type-page","status-publish","hentry","cu_page_type-fr","cu_page_type-secondary-page"],"acf":{"cu_post_thumbnail":""},"_links":{"self":[{"href":"https:\/\/carleton.ca\/cicp-pcpob\/wp-json\/wp\/v2\/pages\/1555","targetHints":{"allow":["GET"]}}],"collection":[{"href":"https:\/\/carleton.ca\/cicp-pcpob\/wp-json\/wp\/v2\/pages"}],"about":[{"href":"https:\/\/carleton.ca\/cicp-pcpob\/wp-json\/wp\/v2\/types\/page"}],"author":[{"embeddable":true,"href":"https:\/\/carleton.ca\/cicp-pcpob\/wp-json\/wp\/v2\/users\/2"}],"replies":[{"embeddable":true,"href":"https:\/\/carleton.ca\/cicp-pcpob\/wp-json\/wp\/v2\/comments?post=1555"}],"version-history":[{"count":5,"href":"https:\/\/carleton.ca\/cicp-pcpob\/wp-json\/wp\/v2\/pages\/1555\/revisions"}],"predecessor-version":[{"id":5432,"href":"https:\/\/carleton.ca\/cicp-pcpob\/wp-json\/wp\/v2\/pages\/1555\/revisions\/5432"}],"wp:attachment":[{"href":"https:\/\/carleton.ca\/cicp-pcpob\/wp-json\/wp\/v2\/media?parent=1555"}],"wp:term":[{"taxonomy":"cu_page_type","embeddable":true,"href":"https:\/\/carleton.ca\/cicp-pcpob\/wp-json\/wp\/v2\/cu_page_type?post=1555"}],"curies":[{"name":"wp","href":"https:\/\/api.w.org\/{rel}","templated":true}]}}