{"id":1930,"date":"2024-01-23T09:21:07","date_gmt":"2024-01-23T09:21:07","guid":{"rendered":"https:\/\/carleton.ca\/cicp-pcpob\/?page_id=1930"},"modified":"2026-04-29T13:42:39","modified_gmt":"2026-04-29T17:42:39","slug":"research-data-fr","status":"publish","type":"page","link":"https:\/\/carleton.ca\/cicp-pcpob\/research-data-fr\/","title":{"rendered":"Recherche et publications"},"content":{"rendered":"\n<section class=\"w-screen px-6 cu-section cu-section--white ml-offset-center md:px-8 lg:px-14\">\n    <div class=\"space-y-6 cu-max-w-child-5xl  md:space-y-10 cu-prose-first-last\">\n\n            <div class=\"cu-textmedia flex flex-col lg:flex-row mx-auto gap-6 md:gap-10 my-6 md:my-12 first:mt-0 max-w-5xl\">\n        <div class=\"justify-start cu-textmedia-content cu-prose-first-last\" style=\"flex: 0 0 100%;\">\n            <header class=\"font-light prose-xl cu-pageheader md:prose-2xl cu-component-updated cu-prose-first-last\">\n                                    <h1 class=\"cu-prose-first-last font-semibold !mt-2 mb-4 md:mb-6 relative after:absolute after:h-px after:bottom-0 after:bg-cu-red after:left-px text-3xl md:text-4xl lg:text-5xl lg:leading-[3.5rem] pb-5 after:w-10 text-cu-black-700 not-prose\">\n                        Recherche\n                    <\/h1>\n                \n                                \n                            <\/header>\n\n                    <\/div>\n\n            <\/div>\n\n    <\/div>\n<\/section>\n\n\n\n<div class=\"wp-block-buttons is-layout-flex wp-block-buttons-is-layout-flex\">\n<div class=\"wp-block-button\"><a class=\"wp-block-button__link wp-element-button\" href=\"https:\/\/carleton.ca\/cicp-pcpob\/homepage\/research-data\/\">EN<\/a><\/div>\n<\/div>\n\n\n\n<p>Chaque semaine, nous menons une enqu\u00eate aupr\u00e8s d&#8217;un panel national compos\u00e9 de plus de 1 000 organismes de bienfaisance enregistr\u00e9s, ce qui nous permet d&#8217;obtenir des informations en temps r\u00e9el sur la situation du secteur caritatif canadien. Les participants au panel sont s\u00e9lectionn\u00e9s au hasard dans le registre de l&#8217;ARC et repr\u00e9sentent un large \u00e9ventail d&#8217;organismes de tailles, de secteurs et de r\u00e9gions vari\u00e9s. Toutes les r\u00e9ponses sont anonymes. Nous publions les r\u00e9sultats dans les 48 heures, ainsi que des analyses plus approfondies sur une base mensuelle, trimestrielle et annuelle.<\/p>\n\n\n\n<section class=\"w-screen px-6 cu-section cu-section--white ml-offset-center md:px-8 lg:px-14\">\n    <div class=\"space-y-6 cu-max-w-child-5xl  md:space-y-10 cu-prose-first-last\">\n\n                            \n\n\n<header class=\"mb-6 cu-pageheader cu-component-updated md:mb-12\">\n    <h2 id=\"decouvrez-nos-travaux-de-recherche\" class=\"cu-prose-first-last font-semibold !mt-2 mb-4 md:mb-6 relative text-2xl md:text-3xl lg:text-4xl lg:leading-[3rem] pb-4 after:w-8 after:absolute after:h-px after:bottom-0 after:bg-cu-red after:left-px\">\n        D\u00e9couvrez nos travaux de recherche\n    <\/h2>\n\n    <\/header>\n        \n        <div class=\"cu-column cu-component not-contained mx-auto grid max-w-5xl md:grid-cols-3 gap-6 md:gap-10\">\n            \n\n<div class=\"not-prose cu-card rounded-lg @container md:max-w-xl flex flex-col gap-3 bg-white shadow-lg shadow-cu-black-100   \">\n    \n                        <header class=\"flex flex-col gap-3  px-6 first:mt-6\">\n                \n        \n    \n    <h2 class=\"line-clamp-3 text-lg font-semibold text-cu-black @sm:md:text-xl leading-6 @sm:md:leading-8\">\n        R\u00e9sultats de l&#8217;enqu\u00eate\n    <\/h2>\n\n            <\/header>\n\n        \n                    <div class=\"flex flex-col px-6\">\n                <p class=\"text-base text-cu-black-700\">\n                    Conclusions hebdomadaires issues de notre panel national\n                <\/p>\n            <\/div>\n        \n                                \n            <footer class=\"px-6 pt-3 mt-auto text-white md:pt-5\">\n                <a  href=\"https:\/\/carleton.ca\/cicp-pcpob\/survey-results-fr\/\" class=\"cu-button cu-button--red cu-button--small\">\n                    Afficher les r\u00e9sultats\n                <\/a>\n            <\/footer>\n            <\/div>\n    \n\n\n<div class=\"not-prose cu-card rounded-lg @container md:max-w-xl flex flex-col gap-3 bg-white shadow-lg shadow-cu-black-100   \">\n    \n                        <header class=\"flex flex-col gap-3  px-6 first:mt-6\">\n                \n        \n    \n    <h2 class=\"line-clamp-3 text-lg font-semibold text-cu-black @sm:md:text-xl leading-6 @sm:md:leading-8\">\n        Rapports et notes d&#8217;information\n    <\/h2>\n\n            <\/header>\n\n        \n                    <div class=\"flex flex-col px-6\">\n                <p class=\"text-base text-cu-black-700\">\n                    Rapports trimestriels, synth\u00e8ses annuelles et analyses th\u00e9matiques\n                <\/p>\n            <\/div>\n        \n                                \n            <footer class=\"px-6 pt-3 mt-auto text-white md:pt-5\">\n                <a  href=\"https:\/\/carleton.ca\/cicp-pcpob\/reports-briefings-fr\/\" class=\"cu-button cu-button--red cu-button--small\">\n                    Consulter les rapports\n                <\/a>\n            <\/footer>\n            <\/div>\n    \n\n\n<div class=\"not-prose cu-card rounded-lg @container md:max-w-xl flex flex-col gap-3 bg-white shadow-lg shadow-cu-black-100   \">\n    \n                        <header class=\"flex flex-col gap-3  px-6 first:mt-6\">\n                \n        \n    \n    <h2 class=\"line-clamp-3 text-lg font-semibold text-cu-black @sm:md:text-xl leading-6 @sm:md:leading-8\">\n        Tableaux de bord\n    <\/h2>\n\n            <\/header>\n\n        \n                    <div class=\"flex flex-col px-6\">\n                <p class=\"text-base text-cu-black-700\">\n                    Outils interactifs pour analyser les tendances et les r\u00e9sultats\n                <\/p>\n            <\/div>\n        \n                                \n            <footer class=\"px-6 pt-3 mt-auto text-white md:pt-5\">\n                <a  href=\"https:\/\/carleton.ca\/cicp-pcpob\/cicp-survey-results-dashboard\/\" class=\"cu-button cu-button--red cu-button--small\">\n                    D\u00e9couvrir les tableaux de bord\n                <\/a>\n            <\/footer>\n            <\/div>\n    \n\n\n<div class=\"not-prose cu-card rounded-lg @container md:max-w-xl flex flex-col gap-3 bg-white shadow-lg shadow-cu-black-100   \">\n    \n                        <header class=\"flex flex-col gap-3  px-6 first:mt-6\">\n                \n        \n    \n    <h2 class=\"line-clamp-3 text-lg font-semibold text-cu-black @sm:md:text-xl leading-6 @sm:md:leading-8\">\n        M\u00e9thodologie\n    <\/h2>\n\n            <\/header>\n\n        \n                    <div class=\"flex flex-col px-6\">\n                <p class=\"text-base text-cu-black-700\">\n                    Comment nous concevons, collectons et analysons nos donn\u00e9es\n                <\/p>\n            <\/div>\n        \n                                \n            <footer class=\"px-6 pt-3 mt-auto text-white md:pt-5\">\n                <a  href=\"\" class=\"cu-button cu-button--red cu-button--small\">\n                    En savoir plus\n                <\/a>\n            <\/footer>\n            <\/div>\n    \n\n\n<div class=\"not-prose cu-card rounded-lg @container md:max-w-xl flex flex-col gap-3 bg-white shadow-lg shadow-cu-black-100   \">\n    \n                        <header class=\"flex flex-col gap-3  px-6 first:mt-6\">\n                \n        \n    \n    <h2 class=\"line-clamp-3 text-lg font-semibold text-cu-black @sm:md:text-xl leading-6 @sm:md:leading-8\">\n        Infographies et analyses visuelles\n    <\/h2>\n\n            <\/header>\n\n        \n                    <div class=\"flex flex-col px-6\">\n                <p class=\"text-base text-cu-black-700\">\n                    Que vous recherchiez un aper\u00e7u rapide ou un sujet de conversation, ces supports visuels sont con\u00e7us pour vous permettre d&#8217;explorer, d&#8217;utiliser et de partager facilement nos conclusions.\n                <\/p>\n            <\/div>\n        \n                                \n            <footer class=\"px-6 pt-3 mt-auto text-white md:pt-5\">\n                <a  href=\"https:\/\/carleton.ca\/cicp-pcpob\/infographics-visual-insights\/\" class=\"cu-button cu-button--red cu-button--small\">\n                    D\u00e9couvrez nos infographies\n                <\/a>\n            <\/footer>\n            <\/div>\n    \n\n        <\/div>\n\n        \n    <\/div>\n<\/section>\n\n\n\n<div class=\"wp-block-buttons is-content-justification-center is-layout-flex wp-container-core-buttons-is-layout-16018d1d wp-block-buttons-is-layout-flex\">\n<div class=\"wp-block-button\"><a class=\"wp-block-button__link wp-element-button\" href=\"https:\/\/confirmsubscription.com\/h\/t\/3D0A2E268835E2F4\">Inscription \u00e0 la newsletter<\/a><\/div>\n<\/div>\n\n\n\n<p><\/p>\n","protected":false},"excerpt":{"rendered":"<p>Chaque semaine, nous menons une enqu\u00eate aupr\u00e8s d&#8217;un panel national compos\u00e9 de plus de 1 000 organismes de bienfaisance enregistr\u00e9s, ce qui nous permet d&#8217;obtenir des informations en temps r\u00e9el sur la situation du secteur caritatif canadien. Les participants au panel sont s\u00e9lectionn\u00e9s au hasard dans le registre de l&#8217;ARC et repr\u00e9sentent un large \u00e9ventail [&hellip;]<\/p>\n","protected":false},"author":2,"featured_media":0,"parent":0,"menu_order":0,"comment_status":"closed","ping_status":"closed","template":"","meta":{"_acf_changed":false,"_cu_dining_location_slug":"","footnotes":"","_links_to":"","_links_to_target":""},"cu_page_type":[41,38],"class_list":["post-1930","page","type-page","status-publish","hentry","cu_page_type-fr","cu_page_type-secondary-page"],"acf":{"cu_post_thumbnail":""},"_links":{"self":[{"href":"https:\/\/carleton.ca\/cicp-pcpob\/wp-json\/wp\/v2\/pages\/1930","targetHints":{"allow":["GET"]}}],"collection":[{"href":"https:\/\/carleton.ca\/cicp-pcpob\/wp-json\/wp\/v2\/pages"}],"about":[{"href":"https:\/\/carleton.ca\/cicp-pcpob\/wp-json\/wp\/v2\/types\/page"}],"author":[{"embeddable":true,"href":"https:\/\/carleton.ca\/cicp-pcpob\/wp-json\/wp\/v2\/users\/2"}],"replies":[{"embeddable":true,"href":"https:\/\/carleton.ca\/cicp-pcpob\/wp-json\/wp\/v2\/comments?post=1930"}],"version-history":[{"count":5,"href":"https:\/\/carleton.ca\/cicp-pcpob\/wp-json\/wp\/v2\/pages\/1930\/revisions"}],"predecessor-version":[{"id":5685,"href":"https:\/\/carleton.ca\/cicp-pcpob\/wp-json\/wp\/v2\/pages\/1930\/revisions\/5685"}],"wp:attachment":[{"href":"https:\/\/carleton.ca\/cicp-pcpob\/wp-json\/wp\/v2\/media?parent=1930"}],"wp:term":[{"taxonomy":"cu_page_type","embeddable":true,"href":"https:\/\/carleton.ca\/cicp-pcpob\/wp-json\/wp\/v2\/cu_page_type?post=1930"}],"curies":[{"name":"wp","href":"https:\/\/api.w.org\/{rel}","templated":true}]}}