{"id":1999,"date":"2024-01-23T12:51:19","date_gmt":"2024-01-23T12:51:19","guid":{"rendered":"https:\/\/carleton.ca\/cicp-pcpob\/?page_id=1999"},"modified":"2026-04-30T12:01:43","modified_gmt":"2026-04-30T16:01:43","slug":"cec-fr","status":"publish","type":"page","link":"https:\/\/carleton.ca\/cicp-pcpob\/cec-fr\/","title":{"rendered":"Centre d&#8217;\u00e9ducation communautaire"},"content":{"rendered":"\n<section class=\"w-screen px-6 cu-section cu-section--white ml-offset-center md:px-8 lg:px-14\">\n    <div class=\"space-y-6 cu-max-w-child-5xl  md:space-y-10 cu-prose-first-last\">\n\n            <div class=\"cu-textmedia flex flex-col lg:flex-row mx-auto gap-6 md:gap-10 my-6 md:my-12 first:mt-0 max-w-5xl\">\n        <div class=\"justify-start cu-textmedia-content cu-prose-first-last\" style=\"flex: 0 0 100%;\">\n            <header class=\"font-light prose-xl cu-pageheader md:prose-2xl cu-component-updated cu-prose-first-last\">\n                                    <h1 class=\"cu-prose-first-last font-semibold !mt-2 mb-4 md:mb-6 relative after:absolute after:h-px after:bottom-0 after:bg-cu-red after:left-px text-3xl md:text-4xl lg:text-5xl lg:leading-[3.5rem] pb-5 after:w-10 text-cu-black-700 not-prose\">\n                        Centre d&#8217;\u00e9ducation communautaire\n                    <\/h1>\n                \n                                \n                                    \n\n<div class=\"wp-block-buttons is-layout-flex wp-block-buttons-is-layout-flex\">\n<div class=\"wp-block-button\"><a class=\"wp-block-button__link wp-element-button\" href=\"https:\/\/carleton.ca\/cicp-pcpob\/homepage\/cec\/\">EN<\/a><\/div>\n<\/div>\n\n\n                            <\/header>\n\n                    <\/div>\n\n            <\/div>\n\n    <\/div>\n<\/section>\n\n\n\n<p>Le centre d&#8217;\u00e9ducation communautaire (CEC) est l&#8217;un des piliers fondamentaux du PCPOB. Il refl\u00e8te notre engagement \u00e0 mettre en place une infrastructure durable et accessible qui aide les organismes sans but lucratif et caritatifs \u00e0 mieux comprendre, interpr\u00e9ter et utiliser les donn\u00e9es relatives \u00e0 leur secteur.<\/p>\n\n\n\n<p>Par l&#8217;interm\u00e9diaire du CEC, nous offrons des possibilit\u00e9s d&#8217;apprentissage gratuites et ouvertes au public, con\u00e7ues pour renforcer la confiance dans l&#8217;utilisation des donn\u00e9es, que vous soyez d\u00e9butant ou que vous cherchiez \u00e0 renforcer vos comp\u00e9tences existantes.<\/p>\n\n\n\n<h3 id=\"apprendre-a-interpreter-les-donnees\" class=\"wp-block-heading\">Apprendre \u00e0 interpr\u00e9ter les donn\u00e9es<\/h3>\n\n\n\n<p>La ma\u00eetrise des donn\u00e9es est souvent d\u00e9crite comme la capacit\u00e9 \u00e0 examiner, analyser et communiquer des donn\u00e9es de mani\u00e8re critique et \u00e9thique. Notre objectif est de renforcer la confiance dans le travail avec les donn\u00e9es tout en encourageant une r\u00e9flexion approfondie sur la mani\u00e8re dont les donn\u00e9es sont collect\u00e9es, interpr\u00e9t\u00e9es et utilis\u00e9es.<\/p>\n\n\n\n<p>La ma\u00eetrise des donn\u00e9es est un vaste domaine, mais son objectif est essentiel. Les donn\u00e9es sont omnipr\u00e9sentes, et la capacit\u00e9 \u00e0 les collecter, \u00e0 les comprendre et \u00e0 les communiquer de mani\u00e8re significative est vitale pour la prise de d\u00e9cisions \u00e9clair\u00e9es, la responsabilit\u00e9 et l&#8217;impact dans le secteur \u00e0 but non lucratif et caritatif d&#8217;aujourd&#8217;hui.<\/p>\n\n\n\n<section class=\"w-screen px-6 cu-section cu-section--white ml-offset-center md:px-8 lg:px-14\">\n    <div class=\"space-y-6 cu-max-w-child-5xl  md:space-y-10 cu-prose-first-last\">\n\n                            \n\n\n<header class=\"mb-6 cu-pageheader cu-component-updated md:mb-12\">\n    <h2 id=\"ressources-pedagogiques\" class=\"cu-prose-first-last font-semibold !mt-2 mb-4 md:mb-6 relative text-2xl md:text-3xl lg:text-4xl lg:leading-[3rem] pb-4 after:w-8 after:absolute after:h-px after:bottom-0 after:bg-cu-red after:left-px\">\n        Ressources p\u00e9dagogiques\n    <\/h2>\n\n    <\/header>\n        \n        <div class=\"cu-column cu-component not-contained mx-auto grid max-w-5xl md:grid-cols-3 gap-6 md:gap-10\">\n            \n\n<div class=\"not-prose cu-card rounded-lg @container md:max-w-xl flex flex-col gap-3 bg-white shadow-lg shadow-cu-black-100   \">\n    \n                        <header class=\"flex flex-col gap-3  px-6 first:mt-6\">\n                \n        \n    \n    <h2 class=\"line-clamp-3 text-lg font-semibold text-cu-black @sm:md:text-xl leading-6 @sm:md:leading-8\">\n        S\u00e9rie de webinaires sur la ma\u00eetrise des donn\u00e9es en temps r\u00e9el\n    <\/h2>\n\n            <\/header>\n\n        \n                    <div class=\"flex flex-col px-6\">\n                <p class=\"text-base text-cu-black-700\">\n                    Nous sommes ravis de lancer une nouvelle s\u00e9rie de webinaires interactifs en direct sur la ma\u00eetrise des donn\u00e9es, ouverts \u00e0 tous et gratuits. Ces sessions s&#8217;adressent tout particuli\u00e8rement aux professionnels du secteur associatif et caritatif qui souhaitent mieux comprendre les donn\u00e9es, mais qui se sentent parfois perdus, d\u00e9pass\u00e9s ou manquent de ressources.\n                <\/p>\n            <\/div>\n        \n                                \n            <footer class=\"px-6 pt-3 mt-auto text-white md:pt-5\">\n                <a  href=\"https:\/\/carleton.ca\/cicp-pcpob\/cec\/webinars-fr\/\" class=\"cu-button cu-button--red cu-button--small\">\n                    D\u00e9couvrez nos webinaires\n                <\/a>\n            <\/footer>\n            <\/div>\n    \n\n\n<div class=\"not-prose cu-card rounded-lg @container md:max-w-xl flex flex-col gap-3 bg-white shadow-lg shadow-cu-black-100   \">\n    \n                        <header class=\"flex flex-col gap-3  px-6 first:mt-6\">\n                \n        \n    \n    <h2 class=\"line-clamp-3 text-lg font-semibold text-cu-black @sm:md:text-xl leading-6 @sm:md:leading-8\">\n        Apprentissage autonome : modules sur la ma\u00eetrise des donn\u00e9es\n    <\/h2>\n\n            <\/header>\n\n        \n                    <div class=\"flex flex-col px-6\">\n                <p class=\"text-base text-cu-black-700\">\n                    En plus de nos webinaires en direct, le Centre d&#8217;\u00e9ducation communautaire propose une collection croissante de modules d&#8217;apprentissage autoguid\u00e9 sur la ma\u00eetrise des donn\u00e9es. Ces ressources sont con\u00e7ues pour aider les professionnels du secteur \u00e0 but non lucratif et caritatif \u00e0 collecter, interpr\u00e9ter et communiquer des donn\u00e9es de mani\u00e8re pertinente.\n                <\/p>\n            <\/div>\n        \n                                \n            <footer class=\"px-6 pt-3 mt-auto text-white md:pt-5\">\n                <a  href=\"https:\/\/carleton.ca\/cicp-pcpob\/cec\/module-1-fr\/\" class=\"cu-button cu-button--red cu-button--small\">\n                    D\u00e9couvrez les modules\n                <\/a>\n            <\/footer>\n            <\/div>\n    \n\n\n<div class=\"not-prose cu-card rounded-lg @container md:max-w-xl flex flex-col gap-3 bg-white shadow-lg shadow-cu-black-100   \">\n    \n                        <header class=\"flex flex-col gap-3  px-6 first:mt-6\">\n                \n        \n    \n    <h2 class=\"line-clamp-3 text-lg font-semibold text-cu-black @sm:md:text-xl leading-6 @sm:md:leading-8\">\n        Autres ressources utiles sur la ma\u00eetrise des donn\u00e9es \n    <\/h2>\n\n            <\/header>\n\n        \n                    <div class=\"flex flex-col px-6\">\n                <p class=\"text-base text-cu-black-700\">\n                    Parall\u00e8lement \u00e0 l&#8217;extension du Centre d&#8217;\u00e9ducation communautaire, nous mettons \u00e9galement en avant de pr\u00e9cieuses ressources en mati\u00e8re de ma\u00eetrise des donn\u00e9es \u00e9labor\u00e9es par d&#8217;autres organisations. Bien que cette liste ne soit pas exhaustive, nous esp\u00e9rons qu&#8217;elle vous aidera \u00e0 trouver des outils et des formations suppl\u00e9mentaires pour vous accompagner dans votre travail.\n                <\/p>\n            <\/div>\n        \n                                \n            <footer class=\"px-6 pt-3 mt-auto text-white md:pt-5\">\n                <a  href=\"https:\/\/carleton.ca\/cicp-pcpob\/cec\/other-resources-fr\/\" class=\"cu-button cu-button--red cu-button--small\">\n                    En savoir plus\n                <\/a>\n            <\/footer>\n            <\/div>\n    \n\n        <\/div>\n\n        \n    <\/div>\n<\/section>\n\n\n    \n<section class=\"w-screen px-6 cu-section cu-section--grey ml-offset-center md:px-8 lg:px-14\">\n    <div class=\"space-y-6 cu-max-w-child-5xl bg-cu-black-50 max-w-screen-2xl mx-auto rounded-xl px-6 py-5 md:px-14 md:py-12 md:space-y-10 cu-prose-first-last\">\n\n                            \n\n\n<header class=\"mb-6 cu-pageheader cu-component-updated md:mb-12\">\n    <h2 id=\"autres-liens-utiles\" class=\"cu-prose-first-last font-semibold !mt-2 mb-4 md:mb-6 relative text-2xl md:text-3xl lg:text-4xl lg:leading-[3rem] pb-4 after:w-8 after:absolute after:h-px after:bottom-0 after:bg-cu-red after:left-px\">\n        Autres liens utiles\n    <\/h2>\n\n    <\/header>\n        \n        <div class=\"cu-column cu-component not-contained mx-auto grid max-w-5xl md:grid-cols-3 gap-6 md:gap-10\">\n            \n\n<div class=\"not-prose cu-card rounded-lg @container md:max-w-xl flex flex-col gap-3 bg-white shadow-lg shadow-cu-black-100   \">\n            <figure class=\"mx-6 mt-6 mb-2 overflow-hidden max-w-[45%] @xl:md:max-w-[25%] rounded-md aspect-[4\/2.7]\">\n            <img loading=\"lazy\" decoding=\"async\" src=\"https:\/\/carleton.ca\/cicp-pcpob\/wp-content\/uploads\/sites\/26\/quokka.jpg\" alt=\"\" width=\"200\" height=\"133\"><\/figure>\n        \n                        <header class=\"flex flex-col gap-3  px-6 first:mt-6\">\n                \n        \n    \n    <h2 class=\"line-clamp-3 text-lg font-semibold text-cu-black @sm:md:text-xl leading-6 @sm:md:leading-8\">\n        \u00c0 propos du PCPOB\n    <\/h2>\n\n            <\/header>\n\n        \n        \n                                \n            <footer class=\"px-6 pt-3 mt-auto text-white md:pt-5\">\n                <a  href=\"https:\/\/carleton.ca\/cicp-pcpob\/homepage\/about-the-project-a-propos-du-projet\/\" class=\"cu-button cu-button--red cu-button--small\">\n                    Plus d&#8217;informations\n                <\/a>\n            <\/footer>\n            <\/div>\n    \n\n\n<div class=\"not-prose cu-card rounded-lg @container md:max-w-xl flex flex-col gap-3 bg-white shadow-lg shadow-cu-black-100   \">\n            <figure class=\"mx-6 mt-6 mb-2 overflow-hidden max-w-[45%] @xl:md:max-w-[25%] rounded-md aspect-[4\/2.7]\">\n            <img loading=\"lazy\" decoding=\"async\" src=\"https:\/\/carleton.ca\/cicp-pcpob\/wp-content\/uploads\/sites\/26\/girl-laptop-760.jpg\" alt=\"\" width=\"200\" height=\"133\"><\/figure>\n        \n                        <header class=\"flex flex-col gap-3  px-6 first:mt-6\">\n                \n        \n    \n    <h2 class=\"line-clamp-3 text-lg font-semibold text-cu-black @sm:md:text-xl leading-6 @sm:md:leading-8\">\n        Plus d&#8217;informations\n    <\/h2>\n\n            <\/header>\n\n        \n                    <div class=\"flex flex-col px-6\">\n                <p class=\"text-base text-cu-black-700\">\n                    Prenez contact avec nous ou abonnez-vous \u00e0 notre lettre d&#8217;information !\n                <\/p>\n            <\/div>\n        \n                                \n            <footer class=\"px-6 pt-3 mt-auto text-white md:pt-5\">\n                <a  href=\"https:\/\/carleton.ca\/cicp-pcpob\/homepage\/contact-us-nous-contacter\/\" class=\"cu-button cu-button--red cu-button--small\">\n                    Plus d&#8217;informations\n                <\/a>\n            <\/footer>\n            <\/div>\n    \n\n\n<div class=\"not-prose cu-card rounded-lg @container md:max-w-xl flex flex-col gap-3 bg-white shadow-lg shadow-cu-black-100   \">\n            <figure class=\"mx-6 mt-6 mb-2 overflow-hidden max-w-[45%] @xl:md:max-w-[25%] rounded-md aspect-[4\/2.7]\">\n            <img loading=\"lazy\" decoding=\"async\" src=\"https:\/\/carleton.ca\/cicp-pcpob\/wp-content\/uploads\/sites\/26\/pexels-leeloo-thefirst-5428829-scaled.jpg\" alt=\"\" width=\"200\" height=\"133\"><\/figure>\n        \n                        <header class=\"flex flex-col gap-3  px-6 first:mt-6\">\n                \n        \n    \n    <h2 class=\"line-clamp-3 text-lg font-semibold text-cu-black @sm:md:text-xl leading-6 @sm:md:leading-8\">\n        FAQ\n    <\/h2>\n\n            <\/header>\n\n        \n                    <div class=\"flex flex-col px-6\">\n                <p class=\"text-base text-cu-black-700\">\n                    Questions fr\u00e9quemment pos\u00e9es.\n                <\/p>\n            <\/div>\n        \n                                \n            <footer class=\"px-6 pt-3 mt-auto text-white md:pt-5\">\n                <a  href=\"https:\/\/carleton.ca\/cicp-pcpob\/homepage\/frequently-asked-questions\/\" class=\"cu-button cu-button--red cu-button--small\">\n                    Plus d&#8217;informations\n                <\/a>\n            <\/footer>\n            <\/div>\n    \n\n        <\/div>\n\n        \n    <\/div>\n<\/section>\n","protected":false},"excerpt":{"rendered":"<p>Le centre d&#8217;\u00e9ducation communautaire (CEC) est l&#8217;un des piliers fondamentaux du PCPOB. Il refl\u00e8te notre engagement \u00e0 mettre en place une infrastructure durable et accessible qui aide les organismes sans but lucratif et caritatifs \u00e0 mieux comprendre, interpr\u00e9ter et utiliser les donn\u00e9es relatives \u00e0 leur secteur. Par l&#8217;interm\u00e9diaire du CEC, nous offrons des possibilit\u00e9s d&#8217;apprentissage [&hellip;]<\/p>\n","protected":false},"author":2,"featured_media":0,"parent":0,"menu_order":0,"comment_status":"closed","ping_status":"closed","template":"","meta":{"_acf_changed":false,"_cu_dining_location_slug":"","footnotes":"","_links_to":"","_links_to_target":""},"cu_page_type":[41,38],"class_list":["post-1999","page","type-page","status-publish","hentry","cu_page_type-fr","cu_page_type-secondary-page"],"acf":{"cu_post_thumbnail":""},"_links":{"self":[{"href":"https:\/\/carleton.ca\/cicp-pcpob\/wp-json\/wp\/v2\/pages\/1999","targetHints":{"allow":["GET"]}}],"collection":[{"href":"https:\/\/carleton.ca\/cicp-pcpob\/wp-json\/wp\/v2\/pages"}],"about":[{"href":"https:\/\/carleton.ca\/cicp-pcpob\/wp-json\/wp\/v2\/types\/page"}],"author":[{"embeddable":true,"href":"https:\/\/carleton.ca\/cicp-pcpob\/wp-json\/wp\/v2\/users\/2"}],"replies":[{"embeddable":true,"href":"https:\/\/carleton.ca\/cicp-pcpob\/wp-json\/wp\/v2\/comments?post=1999"}],"version-history":[{"count":5,"href":"https:\/\/carleton.ca\/cicp-pcpob\/wp-json\/wp\/v2\/pages\/1999\/revisions"}],"predecessor-version":[{"id":5716,"href":"https:\/\/carleton.ca\/cicp-pcpob\/wp-json\/wp\/v2\/pages\/1999\/revisions\/5716"}],"wp:attachment":[{"href":"https:\/\/carleton.ca\/cicp-pcpob\/wp-json\/wp\/v2\/media?parent=1999"}],"wp:term":[{"taxonomy":"cu_page_type","embeddable":true,"href":"https:\/\/carleton.ca\/cicp-pcpob\/wp-json\/wp\/v2\/cu_page_type?post=1999"}],"curies":[{"name":"wp","href":"https:\/\/api.w.org\/{rel}","templated":true}]}}