{"id":2269,"date":"2024-03-05T13:16:50","date_gmt":"2024-03-05T13:16:50","guid":{"rendered":"https:\/\/carleton.ca\/cicp-pcpob\/?page_id=2269"},"modified":"2025-02-13T12:02:47","modified_gmt":"2025-02-13T17:02:47","slug":"articles-blogs-fr","status":"publish","type":"page","link":"https:\/\/carleton.ca\/cicp-pcpob\/articles-blogs-fr\/","title":{"rendered":"Articles et Blogs"},"content":{"rendered":"\n<section class=\"w-screen px-6 cu-section cu-section--white ml-offset-center md:px-8 lg:px-14\">\n    <div class=\"space-y-6 cu-max-w-child-5xl  md:space-y-10 cu-prose-first-last\">\n\n            <div class=\"cu-textmedia flex flex-col lg:flex-row mx-auto gap-6 md:gap-10 my-6 md:my-12 first:mt-0 max-w-5xl\">\n        <div class=\"justify-start cu-textmedia-content cu-prose-first-last\" style=\"flex: 0 0 100%;\">\n            <header class=\"font-light prose-xl cu-pageheader md:prose-2xl cu-component-updated cu-prose-first-last\">\n                                    <h1 class=\"cu-prose-first-last font-semibold !mt-2 mb-4 md:mb-6 relative after:absolute after:h-px after:bottom-0 after:bg-cu-red after:left-px text-3xl md:text-4xl lg:text-5xl lg:leading-[3.5rem] pb-5 after:w-10 text-cu-black-700 not-prose\">\n                        Articles et Blogs\n                    <\/h1>\n                \n                                \n                            <\/header>\n\n                    <\/div>\n\n            <\/div>\n\n    <\/div>\n<\/section>\n\n\n\n<div class=\"wp-block-buttons is-layout-flex wp-block-buttons-is-layout-flex\">\n<div class=\"wp-block-button\"><a class=\"wp-block-button__link wp-element-button\" href=\"https:\/\/carleton.ca\/cicp-pcpob\/homepage\/articles-blogs\/\">EN<\/a><\/div>\n<\/div>\n\n\n\n<p>Vous souhaitez recevoir nos publications directement dans votre bo\u00eete aux lettres \u00e9lectronique ? Inscrivez-vous \u00e0 notre lettre d&#8217;information : <\/p>\n\n\n\n<div class=\"wp-block-buttons is-layout-flex wp-block-buttons-is-layout-flex\">\n<div class=\"wp-block-button is-style-dark-grey is-style-dark-grey--1\"><a class=\"wp-block-button__link wp-element-button\" href=\"https:\/\/confirmsubscription.com\/h\/t\/3D0A2E268835E2F4\">Inscription au bulletin d&#8217;information<\/a><\/div>\n<\/div>\n\n\n\n    \n\n\n                                                                                                                                                                                                                                                                                                                                                                                                                \n\n\n\n<section class=\"w-screen px-6 cu-section cu-section--white cu-section--cards ml-offset-center md:px-8 lg:px-14\" data-attributes=\"&#x7B;&quot;blockHeader&quot;&#x3A;&quot;Articles&#x20;de&#x20;blog&quot;,&quot;numberOfPosts&quot;&#x3A;3,&quot;moreButton&quot;&#x3A;&quot;loadmore&quot;,&quot;blockType&quot;&#x3A;&quot;cards&quot;,&quot;contentType&quot;&#x3A;&quot;post&quot;,&quot;currentPage&quot;&#x3A;1,&quot;blockBackground&quot;&#x3A;&quot;white&quot;,&quot;numberOfColumns&quot;&#x3A;3,&quot;showImages&quot;&#x3A;true,&quot;showDates&quot;&#x3A;true,&quot;showTimeToRead&quot;&#x3A;true,&quot;showExcerpts&quot;&#x3A;true,&quot;showFilter&quot;&#x3A;false,&quot;taxName&quot;&#x3A;&quot;category&quot;,&quot;categories&quot;&#x3A;&quot;76&quot;,&quot;tags&quot;&#x3A;&quot;&quot;&#x7D;\" data-page=\"2\">\n    <div class=\"space-y-6 cu-max-w-child-5xl  md:space-y-10 cu-prose-first-last\">\n\n                            \n\n\n<header class=\"mb-6 cu-pageheader cu-component-updated md:mb-12\">\n    <h2 id=\"articles-de-blog\" class=\"cu-prose-first-last font-semibold !mt-2 mb-4 md:mb-6 relative text-2xl md:text-3xl lg:text-4xl lg:leading-[3rem] pb-4 after:w-8 after:absolute after:h-px after:bottom-0 after:bg-cu-red after:left-px\">\n        Articles de blog\n    <\/h2>\n\n    <\/header>\n        \n                \n        <div class=\"cu-loading hidden text-center mx-auto h-6 w-6 animate-spin rounded-full border-4 border-solid border-current border-r-transparent align-[-0.125em] motion-reduce:animate-[spin_1.5s_linear_infinite]\" role=\"status\">\n    <span class=\"!absolute !-m-px !h-px !w-px !overflow-hidden !whitespace-nowrap !border-0 !p-0 ![clip:rect(0,0,0,0)]\">\n        Loading&#8230;\n    <\/span>\n<\/div>\n\n                                        \n        <p class=\"cu-no-posts hidden\">\n            No\n            category\n\n            posts are available.\n        <\/p>\n\n                <div class=\"cu-column cu-component not-contained mx-auto grid max-w-5xl md:grid-cols-3 gap-6 md:gap-10\">\n                        \n                    \n\n<div class=\"not-prose cu-card rounded-lg @container md:max-w-xl flex flex-col gap-3 bg-white shadow-lg shadow-cu-black-100 group duration-300 ease-in hover:scale-[1.02] hover:shadow-cu-black-200\">\n\n            <figure class=\"mb-2 overflow-hidden rounded-t-lg\">\n            <img loading=\"lazy\" decoding=\"async\" src=\"https:\/\/carleton.ca\/cicp-pcpob\/wp-content\/uploads\/sites\/26\/2026\/02\/CICP-Blog-images-600x400.png\" alt=\"\" width=\"600\" height=\"400\" \/>\n        <\/figure>\n    \n    \n        <header class=\"flex flex-col gap-3  px-6 first:mt-6\">\n        <div class=\"flex flex-row w-full gap-1\">\n                        <time datetime=\"2026-03-18T20:00:00-04:00\" class=\"block italic text-sm text-cu-black-600\">\n        March 19, 2026\n    <\/time>\n\n                    <\/div>        \n        \n    \n    <h3 class=\"line-clamp-3 text-lg font-semibold text-cu-black @sm:md:text-xl leading-6 @sm:md:leading-8\">\n        Mesurer ce qui compte : repenser l\u2019\u00e9valuation d\u2019impact\n    <\/h3>\n\n            <\/header>\n\n\n            <div class=\"flex flex-col px-6 dark:text-white\">\n            <p class=\"text-base text-cu-black-700 dark:text-white \">\n                Dans le secteur caritatif canadien, le terme \u00ab impact \u00bb est devenu un mot \u00e0 la mode. Il est omnipr\u00e9sent dans les demandes de subventions,\n                                    &#8230;\n                            <\/p>\n        <\/div>\n    \n    <footer class=\"px-6 pt-3 mt-auto md:pt-5\">\n        <a href=\"https:\/\/carleton.ca\/cicp-pcpob\/2026\/levaluation-concerne-lapprentissage-pas-seulement-la-conformite\/\" class=\"cu-button cu-button--red cu-button--small\">\n            Read news\n            <span class=\"sr-only\">\n                post\n                Mesurer ce qui compte : repenser l\u2019\u00e9valuation d\u2019impact\n            <\/span>\n        <\/a>\n    <\/footer>\n<\/div>\n\n            \n                    \n\n<div class=\"not-prose cu-card rounded-lg @container md:max-w-xl flex flex-col gap-3 bg-white shadow-lg shadow-cu-black-100 group duration-300 ease-in hover:scale-[1.02] hover:shadow-cu-black-200\">\n\n            <figure class=\"mb-2 overflow-hidden rounded-t-lg\">\n            <img loading=\"lazy\" decoding=\"async\" src=\"https:\/\/carleton.ca\/cicp-pcpob\/wp-content\/uploads\/sites\/26\/2026\/02\/CICP-Blog-images-1-600x400.png\" alt=\"\" width=\"600\" height=\"400\" \/>\n        <\/figure>\n    \n    \n        <header class=\"flex flex-col gap-3  px-6 first:mt-6\">\n        <div class=\"flex flex-row w-full gap-1\">\n                        <time datetime=\"2026-02-11T19:00:00-05:00\" class=\"block italic text-sm text-cu-black-600\">\n        February 12, 2026\n    <\/time>\n\n                    <\/div>        \n        \n    \n    <h3 class=\"line-clamp-3 text-lg font-semibold text-cu-black @sm:md:text-xl leading-6 @sm:md:leading-8\">\n        D\u00e9finir les priorit\u00e9s, renforcer les capacit\u00e9s : comment les organismes caritatifs abordent l\u2019ann\u00e9e 2026\n    <\/h3>\n\n            <\/header>\n\n\n            <div class=\"flex flex-col px-6 dark:text-white\">\n            <p class=\"text-base text-cu-black-700 dark:text-white \">\n                L&#8217;analyse par le PCPOB de sa premi\u00e8re enqu\u00eate de 2025 a mis en \u00e9vidence un secteur caritatif pris dans les remous de l&#8217;instabilit\u00e9 \u00e9conomique, de\n                                    &#8230;\n                            <\/p>\n        <\/div>\n    \n    <footer class=\"px-6 pt-3 mt-auto md:pt-5\">\n        <a href=\"https:\/\/carleton.ca\/cicp-pcpob\/2026\/definir-les-priorites-renforcer-les-capacites-comment-les-organismes-caritatifs-abordent-lannee-2026\/\" class=\"cu-button cu-button--red cu-button--small\">\n            Read news\n            <span class=\"sr-only\">\n                post\n                D\u00e9finir les priorit\u00e9s, renforcer les capacit\u00e9s : comment les organismes caritatifs abordent l\u2019ann\u00e9e 2026\n            <\/span>\n        <\/a>\n    <\/footer>\n<\/div>\n\n            \n                    \n\n<div class=\"not-prose cu-card rounded-lg @container md:max-w-xl flex flex-col gap-3 bg-white shadow-lg shadow-cu-black-100 group duration-300 ease-in hover:scale-[1.02] hover:shadow-cu-black-200\">\n\n            <figure class=\"mb-2 overflow-hidden rounded-t-lg\">\n            <img loading=\"lazy\" decoding=\"async\" src=\"https:\/\/carleton.ca\/cicp-pcpob\/wp-content\/uploads\/sites\/26\/2025\/12\/Blog-image-3-600x400.png\" alt=\"\" width=\"600\" height=\"400\" \/>\n        <\/figure>\n    \n    \n        <header class=\"flex flex-col gap-3  px-6 first:mt-6\">\n        <div class=\"flex flex-row w-full gap-1\">\n                        <time datetime=\"2026-01-18T19:00:00-05:00\" class=\"block italic text-sm text-cu-black-600\">\n        January 19, 2026\n    <\/time>\n\n                    <\/div>        \n        \n    \n    <h3 class=\"line-clamp-3 text-lg font-semibold text-cu-black @sm:md:text-xl leading-6 @sm:md:leading-8\">\n        De la crise \u00e0 la prudence ? Suivi du chiffre d\u2019affaires\n    <\/h3>\n\n            <\/header>\n\n\n            <div class=\"flex flex-col px-6 dark:text-white\">\n            <p class=\"text-base text-cu-black-700 dark:text-white \">\n                Dans un r\u00e9cent blogue, nous avons examin\u00e9 la crise croissante des ressources humaines dans le secteur caritatif canadien, en nous appuyant sur les donn\u00e9es du\n                                    &#8230;\n                            <\/p>\n        <\/div>\n    \n    <footer class=\"px-6 pt-3 mt-auto md:pt-5\">\n        <a href=\"https:\/\/carleton.ca\/cicp-pcpob\/2026\/de-la-crise-a-la-prudence-suivi-du-chiffre-daffaires\/\" class=\"cu-button cu-button--red cu-button--small\">\n            Read news\n            <span class=\"sr-only\">\n                post\n                De la crise \u00e0 la prudence ? Suivi du chiffre d\u2019affaires\n            <\/span>\n        <\/a>\n    <\/footer>\n<\/div>\n\n                    \n        <\/div>\n        \n                                            <button aria-label=\"Load More\" class=\"loadMore cu-button not-prose cu-button--dark-grey cu-button--center \" type=\"button\">\n    <div class=\"block load-more-button\">\n        Load More\n    <\/div>\n    <div class=\"hidden no-more-posts\">\n        No more to load\n    <\/div>\n    <div class=\"items-center justify-center hidden load-more-spinner cu-pageloader\">\n    <div class=\"inline-block h-6 w-6 animate-spin rounded-full border-4 border-solid border-current border-r-transparent align-[-0.125em] motion-reduce:animate-[spin_1.5s_linear_infinite]\" role=\"status\">\n        <span class=\"!absolute !-m-px !h-px !w-px !overflow-hidden !whitespace-nowrap !border-0 !p-0 ![clip:rect(0,0,0,0)]\">\n            Loading&#8230;\n        <\/span>\n    <\/div>\n<\/div>\n<\/button>\n                    \n    <\/div>\n<\/section>\n\n\n\n<h2 id=\"couverture-academique-et-sectorielle\" class=\"wp-block-heading\">Couverture acad\u00e9mique et sectorielle<\/h2>\n\n\n\n<section class=\"w-screen px-6 cu-section cu-section--white ml-offset-center md:px-8 lg:px-14\">\n    <div class=\"space-y-6 cu-max-w-child-5xl  md:space-y-10 cu-prose-first-last\">\n\n                \n        <div class=\"cu-column cu-component not-contained mx-auto grid max-w-5xl md:grid-cols-3 gap-6 md:gap-10\">\n            \n\n<div class=\"not-prose cu-card rounded-lg @container md:max-w-xl flex flex-col gap-3 bg-white shadow-lg shadow-cu-black-100   \">\n    \n                        <header class=\"flex flex-col gap-3  px-6 first:mt-6\">\n                \n        \n    \n    <h2 class=\"line-clamp-3 text-lg font-semibold text-cu-black @sm:md:text-xl leading-6 @sm:md:leading-8\">\n        Technologies for Data Aggregation: An Overview of Technologies and Opportunities to Propel Third Sector Research.\n    <\/h2>\n\n            <\/header>\n\n        \n                    <div class=\"flex flex-col px-6\">\n                <p class=\"text-base text-cu-black-700\">\n                    Santamarina, Francisco J. &#8220;Technologies for Data Aggregation: An Overview of Technologies and Opportunities to Propel Third Sector Research.&#8221; The Future of Third Sector Research (2025): 163-178.\n\n                <\/p>\n            <\/div>\n        \n                                \n            <footer class=\"px-6 pt-3 mt-auto text-white md:pt-5\">\n                <a  href=\"https:\/\/library.oapen.org\/bitstream\/handle\/20.500.12657\/96105\/1\/9783031678967.pdf#page=162\" class=\"cu-button cu-button--red cu-button--small\">\n                    Plus d&#8217;informations\n                <\/a>\n            <\/footer>\n            <\/div>\n    \n\n\n<div class=\"not-prose cu-card rounded-lg @container md:max-w-xl flex flex-col gap-3 bg-white shadow-lg shadow-cu-black-100   \">\n    \n                        <header class=\"flex flex-col gap-3  px-6 first:mt-6\">\n                \n        \n    \n    <h2 class=\"line-clamp-3 text-lg font-semibold text-cu-black @sm:md:text-xl leading-6 @sm:md:leading-8\">\n        Lived Expertise in Homelessness Policy and Governance\n    <\/h2>\n\n            <\/header>\n\n        \n                    <div class=\"flex flex-col px-6\">\n                <p class=\"text-base text-cu-black-700\">\n                    Kopec, Anna, and Alison Smith. &#8220;Lived Expertise in Homelessness Policy and Governance.&#8221; Social Sciences 13.5 (2024): 271.\n                <\/p>\n            <\/div>\n        \n                                \n            <footer class=\"px-6 pt-3 mt-auto text-white md:pt-5\">\n                <a  href=\"https:\/\/www.mdpi.com\/2076-0760\/13\/5\/271\" class=\"cu-button cu-button--red cu-button--small\">\n                    Plus d&#8217;informations\n                <\/a>\n            <\/footer>\n            <\/div>\n    \n\n\n<div class=\"not-prose cu-card rounded-lg @container md:max-w-xl flex flex-col gap-3 bg-white shadow-lg shadow-cu-black-100   \">\n    \n                        <header class=\"flex flex-col gap-3  px-6 first:mt-6\">\n                \n        \n    \n    <h2 class=\"line-clamp-3 text-lg font-semibold text-cu-black @sm:md:text-xl leading-6 @sm:md:leading-8\">\n        BILL C-27\nAN ACT TO ENACT THE CONSUMER PRIVACY PROTECTION ACT, THE PERSONAL\nINFORMATION AND DATA PROTECTION TRIBUNAL ACT&#8230;\n    <\/h2>\n\n            <\/header>\n\n        \n                    <div class=\"flex flex-col px-6\">\n                <p class=\"text-base text-cu-black-700\">\n                    Imagine Canada &#8211; Submission to the Standing Committee on Industry and Technology\n                <\/p>\n            <\/div>\n        \n                                \n            <footer class=\"px-6 pt-3 mt-auto text-white md:pt-5\">\n                <a  href=\"https:\/\/www.ourcommons.ca\/Content\/Committee\/441\/INDU\/Brief\/BR12942185\/br-external\/ImagineCanada-e.pdf\" class=\"cu-button cu-button--red cu-button--small\">\n                    Plus d&#8217;informations\n                <\/a>\n            <\/footer>\n            <\/div>\n    \n\n        <\/div>\n\n        \n    <\/div>\n<\/section>\n","protected":false},"excerpt":{"rendered":"<p>Vous souhaitez recevoir nos publications directement dans votre bo\u00eete aux lettres \u00e9lectronique ? Inscrivez-vous \u00e0 notre lettre d&#8217;information : Couverture acad\u00e9mique et sectorielle<\/p>\n","protected":false},"author":2,"featured_media":0,"parent":0,"menu_order":0,"comment_status":"closed","ping_status":"closed","template":"","meta":{"_acf_changed":false,"_cu_dining_location_slug":"","footnotes":"","_links_to":"","_links_to_target":""},"cu_page_type":[41,39],"class_list":["post-2269","page","type-page","status-publish","hentry","cu_page_type-fr","cu_page_type-tertiary-page"],"acf":{"cu_post_thumbnail":false},"_links":{"self":[{"href":"https:\/\/carleton.ca\/cicp-pcpob\/wp-json\/wp\/v2\/pages\/2269","targetHints":{"allow":["GET"]}}],"collection":[{"href":"https:\/\/carleton.ca\/cicp-pcpob\/wp-json\/wp\/v2\/pages"}],"about":[{"href":"https:\/\/carleton.ca\/cicp-pcpob\/wp-json\/wp\/v2\/types\/page"}],"author":[{"embeddable":true,"href":"https:\/\/carleton.ca\/cicp-pcpob\/wp-json\/wp\/v2\/users\/2"}],"replies":[{"embeddable":true,"href":"https:\/\/carleton.ca\/cicp-pcpob\/wp-json\/wp\/v2\/comments?post=2269"}],"version-history":[{"count":5,"href":"https:\/\/carleton.ca\/cicp-pcpob\/wp-json\/wp\/v2\/pages\/2269\/revisions"}],"predecessor-version":[{"id":4252,"href":"https:\/\/carleton.ca\/cicp-pcpob\/wp-json\/wp\/v2\/pages\/2269\/revisions\/4252"}],"wp:attachment":[{"href":"https:\/\/carleton.ca\/cicp-pcpob\/wp-json\/wp\/v2\/media?parent=2269"}],"wp:term":[{"taxonomy":"cu_page_type","embeddable":true,"href":"https:\/\/carleton.ca\/cicp-pcpob\/wp-json\/wp\/v2\/cu_page_type?post=2269"}],"curies":[{"name":"wp","href":"https:\/\/api.w.org\/{rel}","templated":true}]}}