{"id":3098,"date":"2024-07-04T12:37:14","date_gmt":"2024-07-04T12:37:14","guid":{"rendered":"https:\/\/carleton.ca\/cicp-pcpob\/?page_id=3098"},"modified":"2024-11-28T14:12:43","modified_gmt":"2024-11-28T19:12:43","slug":"module-1-fr","status":"publish","type":"page","link":"https:\/\/carleton.ca\/cicp-pcpob\/cec\/module-1-fr\/","title":{"rendered":"Ma\u00eetrise des donn\u00e9es 1.0 &#8211; Module 1"},"content":{"rendered":"\n<section class=\"w-screen px-6 cu-section cu-section--white ml-offset-center md:px-8 lg:px-14\">\n    <div class=\"space-y-6 cu-max-w-child-5xl  md:space-y-10 cu-prose-first-last\">\n\n            <div class=\"cu-textmedia flex flex-col lg:flex-row mx-auto gap-6 md:gap-10 my-6 md:my-12 first:mt-0 max-w-5xl\">\n        <div class=\"justify-start cu-textmedia-content cu-prose-first-last\" style=\"flex: 0 0 100%;\">\n            <header class=\"font-light prose-xl cu-pageheader md:prose-2xl cu-component-updated cu-prose-first-last\">\n                                    <h1 class=\"cu-prose-first-last font-semibold !mt-2 mb-4 md:mb-6 relative after:absolute after:h-px after:bottom-0 after:bg-cu-red after:left-px text-3xl md:text-4xl lg:text-5xl lg:leading-[3.5rem] pb-5 after:w-10 text-cu-black-700 not-prose\">\n                        Ma\u00eetrise des donn\u00e9es 1.0 &#8211; Module 1\n                    <\/h1>\n                \n                                \n                            <\/header>\n\n                    <\/div>\n\n            <\/div>\n\n    <\/div>\n<\/section>\n\n\n\n<div class=\"wp-block-buttons is-layout-flex wp-block-buttons-is-layout-flex\">\n<div class=\"wp-block-button\"><a class=\"wp-block-button__link wp-element-button\" href=\"https:\/\/carleton.ca\/cicp-pcpob\/homepage\/cec\/module-1-fr\/module-1\">EN<\/a><\/div>\n<\/div>\n\n\n\n<h2 id=\"maitrise-des-donnees-1-0\" class=\"wp-block-heading\"><strong>Ma\u00eetrise des donn\u00e9es 1.0<\/strong><\/h2>\n\n\n\n<h3 id=\"module-1-les-donnees-dans-le-secteur-non-lucratif\" class=\"wp-block-heading\">Module 1 : Les donn\u00e9es dans le secteur non lucratif<\/h3>\n\n\n\n<p>Centre d&#8217;\u00e9ducation communautaire du PCPOB<\/p>\n\n\n\n<p><strong>Pr\u00e9face<\/strong><\/p>\n\n\n\n<p>Bienvenue \u00e0 Ma\u00eetrise des donn\u00e9es 1.0 du Centre d&#8217;\u00e9ducation communautaire (CEC) du Projet Canada Perspectives des Organismes de Bienfaisance (PCPOB). Ce plan a \u00e9t\u00e9 con\u00e7u pour permettre aux individus des secteurs caritatif et \u00e0 but non lucratif du Canada d&#8217;acqu\u00e9rir les comp\u00e9tences fondamentales n\u00e9cessaires pour naviguer dans le paysage de plus en plus ax\u00e9 sur les donn\u00e9es de leurs organisations. \u00c0 une \u00e9poque o\u00f9 l&#8217;information est abondante, mais la compr\u00e9hension rare, la capacit\u00e9 \u00e0 exploiter le pouvoir des donn\u00e9es est devenue un atout indispensable pour les organisations qui s&#8217;efforcent de remplir leur mission et de cr\u00e9er un impact significatif.<\/p>\n\n\n\n<p>Cette s\u00e9rie de modules repr\u00e9sente un effort de collaboration pour combler le foss\u00e9 entre les donn\u00e9es et l&#8217;action, en vous dotant des connaissances et des outils n\u00e9cessaires pour exploiter le potentiel des donn\u00e9es au sein de votre organisation. Que vous soyez un cadre chevronn\u00e9 ou un nouveau venu dans le monde des organisations \u00e0 but non lucratif, ces capsules sont con\u00e7ues pour vous rencontrer l\u00e0 o\u00f9 vous en \u00eates dans votre parcours de ma\u00eetrise des donn\u00e9es.<\/p>\n\n\n\n<p>Dans le module 1 : Comprendre les donn\u00e9es dans le secteur non lucratif, nous posons les bases sur lesquelles vous allez construire votre connaissance des donn\u00e9es. \u00c0 l&#8217;aide de six capsules compl\u00e8tes, nous explorerons les subtilit\u00e9s des donn\u00e9es dans le contexte du secteur sans but lucratif, depuis leur collecte et leurs sources jusqu&#8217;\u00e0 leur analyse et leur interpr\u00e9tation. Chaque capsule est con\u00e7ue non seulement pour transmettre des connaissances, mais aussi pour inspirer la pens\u00e9e critique et l&#8217;application pratique, afin de vous permettre d&#8217;utiliser les donn\u00e9es comme catalyseur pour une prise de d\u00e9cision \u00e9clair\u00e9e et un changement transformateur.<\/p>\n\n\n\n<p>En vous lan\u00e7ant dans cette aventure, n&#8217;oubliez pas que la ma\u00eetrise des donn\u00e9es n&#8217;est pas simplement une comp\u00e9tence \u00e0 acqu\u00e9rir, mais un \u00e9tat d&#8217;esprit \u00e0 cultiver. Il ne s&#8217;agit pas seulement de comprendre des chiffres et des graphiques ; il s&#8217;agit de poser les bonnes questions, de remettre en question les hypoth\u00e8ses et de rechercher la v\u00e9rit\u00e9 dans une mer d&#8217;informations. Ensemble, embarquons pour ce voyage afin de lib\u00e9rer le pouvoir de transformation des donn\u00e9es et d&#8217;exploiter leur potentiel pour cr\u00e9er des changements positifs dans nos communaut\u00e9s.<\/p>\n\n\n\n<p>Nous exprimons notre profonde gratitude \u00e0 tous ceux qui ont contribu\u00e9 \u00e0 l&#8217;\u00e9laboration de ce programme, qu&#8217;il s&#8217;agisse des \u00e9ducateurs et chercheurs d\u00e9vou\u00e9s ou des praticiens et dirigeants passionn\u00e9s du secteur \u00e0 but non lucratif. Votre engagement \u00e0 faire progresser la ma\u00eetrise des donn\u00e9es ne fa\u00e7onne pas seulement l&#8217;avenir de nos organisations, mais renforce \u00e9galement le tissu de notre soci\u00e9t\u00e9.<\/p>\n\n\n\n<p>C&#8217;est donc avec un esprit ouvert et un c\u0153ur enthousiaste que nous nous lan\u00e7ons dans ce voyage pour lib\u00e9rer le pouvoir de transformation des donn\u00e9es et exploiter leur potentiel afin de cr\u00e9er des changements positifs dans nos communaut\u00e9s.<\/p>\n\n\n\n<section class=\"w-screen px-6 cu-section cu-section--white ml-offset-center md:px-8 lg:px-14\">\n    <div class=\"space-y-6 cu-max-w-child-5xl  md:space-y-10 cu-prose-first-last\">\n\n                \n        <div class=\"cu-column cu-component not-contained mx-auto grid max-w-5xl md:grid-cols-2 gap-6 md:gap-10\">\n            \n\n<div class=\"not-prose cu-card rounded-lg @container md:max-w-lg flex flex-col gap-3 bg-white shadow-lg shadow-cu-black-100 \">\n            <figure class=\"flex items-center justify-center w-10 h-10 mx-6 mt-6 mb-2 overflow-hidden \">\n            <img decoding=\"async\" src=\"https:\/\/cdn.carleton.ca\/rds\/assets\/font-awesome\/file-pdf.svg\" alt=\"An icon of a saxophone\" class=\"cu-icon-thumb \" style=\"filter: invert(20%) sepia(50%) saturate(7177%) hue-rotate(348deg) brightness(91%) contrast(100%);\"><\/figure>\n        \n                        <header class=\"flex flex-col gap-3  px-6 first:mt-6\">\n                \n        \n    \n    <h2 class=\"line-clamp-3 text-lg font-semibold text-cu-black @sm:md:text-xl leading-6 @sm:md:leading-8\">\n        Ma\u00eetrise des donn\u00e9es 1.0 \u2013 Module 1\n    <\/h2>\n\n            <\/header>\n\n        \n                    <div class=\"flex flex-col px-6 text-left\">\n                <p class=\"text-base text-cu-black-700\">\n                    T\u00e9l\u00e9chargez le module ici\n                <\/p>\n            <\/div>\n        \n                    <footer class=\"px-6 pt-3 mt-auto md:pt-5\">\n                <a href=\"https:\/\/carleton.ca\/cicp-pcpob\/wp-content\/uploads\/sites\/26\/CEC-Module-1-FR-1.pdf\" class=\"cu-button cu-button--red cu-button--small\">\n                    Download\n                    <span class=\"sr-only\">\n                        \n                    <\/span>\n                <\/a>\n            <\/footer>\n        \n    <\/div>\n    \n\n        <\/div>\n\n        \n    <\/div>\n<\/section>\n\n\n\n<h3 id=\"videos-du-module-dintroduction-non-incluses-pour-toutes-les-capsules\" class=\"wp-block-heading\">Vid\u00e9os du module d&#8217;introduction (non incluses pour toutes les capsules)<\/h3>\n\n\n\n    \n\n\n                                                                                                                                                                                                                                                                                                                            \n\n\n\n<section class=\"w-screen px-6 cu-section cu-section--white cu-section--cards ml-offset-center md:px-8 lg:px-14\" data-attributes=\"&#x7B;&quot;numberOfColumns&quot;&#x3A;3,&quot;blockBackground&quot;&#x3A;&quot;white&quot;,&quot;numberOfPosts&quot;&#x3A;6,&quot;moreButton&quot;&#x3A;&quot;none&quot;,&quot;currentPage&quot;&#x3A;1,&quot;blockType&quot;&#x3A;&quot;cards&quot;,&quot;contentType&quot;&#x3A;&quot;cu_video&quot;,&quot;taxName&quot;&#x3A;&quot;cu_video_type&quot;,&quot;order&quot;&#x3A;&quot;DESC&quot;,&quot;orderBy&quot;&#x3A;&quot;title&quot;,&quot;showFilter&quot;&#x3A;false,&quot;categories&quot;&#x3A;&quot;82&quot;,&quot;tags&quot;&#x3A;&quot;&quot;&#x7D;\" data-page=\"2\">\n    <div class=\"space-y-6 cu-max-w-child-5xl  md:space-y-10 cu-prose-first-last\">\n\n                \n                \n        <div class=\"cu-loading hidden text-center mx-auto h-6 w-6 animate-spin rounded-full border-4 border-solid border-current border-r-transparent align-[-0.125em] motion-reduce:animate-[spin_1.5s_linear_infinite]\" role=\"status\">\n    <span class=\"!absolute !-m-px !h-px !w-px !overflow-hidden !whitespace-nowrap !border-0 !p-0 ![clip:rect(0,0,0,0)]\">\n        Loading&#8230;\n    <\/span>\n<\/div>\n\n                                        \n        <p class=\"cu-no-posts hidden\">\n            No\n            video\n\n            posts are available.\n        <\/p>\n\n                <div class=\"cu-column cu-component not-contained mx-auto grid max-w-5xl md:grid-cols-3 gap-6 md:gap-10\">\n                        \n                    \n<div class=\"not-prose cu-card rounded-lg @container md:max-w-xl flex flex-col gap-3 bg-white shadow-lg shadow-cu-black-100\">\n                    \n                        \n            <div class=\"relative pt-[56.25%] bg-cu-black-800 mb-2 rounded-t-lg overflow-hidden\">\n            <iframe title=\"YouTube Embed\" src=\"https:\/\/www.youtube.com\/embed\/XMliJN0Uz1A?si=AOacFlg6Ng6vsSBt?autoplay=0&amp;mute=0&amp;controls=1&amp;origin=https%3A%2F%2Flocalhost&amp;playsinline=1&amp;showinfo=0&amp;rel=0&amp;iv_load_policy=3&amp;modestbranding=1&amp;enablejsapi=1&amp;widgetid=17\" class=\"absolute top-0 left-0 w-full h-full\" allowfullscreen><\/iframe>\n        <\/div>\n    \n        <header class=\"flex flex-col gap-3  px-6 first:mt-6\">\n                \n        \n    \n    <h2 class=\"line-clamp-3 text-lg font-semibold text-cu-black @sm:md:text-xl leading-6 @sm:md:leading-8\">\n        CEC Module 1, Capsule 4 (FR)\n    <\/h2>\n\n            <\/header>\n\n<\/div>\n\n            \n                    \n<div class=\"not-prose cu-card rounded-lg @container md:max-w-xl flex flex-col gap-3 bg-white shadow-lg shadow-cu-black-100\">\n                    \n                        \n            <div class=\"relative pt-[56.25%] bg-cu-black-800 mb-2 rounded-t-lg overflow-hidden\">\n            <iframe title=\"YouTube Embed\" src=\"https:\/\/www.youtube.com\/embed\/BqN1Q_05lh0?si=Mc_urqKedlpGnDWS?autoplay=0&amp;mute=0&amp;controls=1&amp;origin=https%3A%2F%2Flocalhost&amp;playsinline=1&amp;showinfo=0&amp;rel=0&amp;iv_load_policy=3&amp;modestbranding=1&amp;enablejsapi=1&amp;widgetid=17\" class=\"absolute top-0 left-0 w-full h-full\" allowfullscreen><\/iframe>\n        <\/div>\n    \n        <header class=\"flex flex-col gap-3  px-6 first:mt-6\">\n                \n        \n    \n    <h2 class=\"line-clamp-3 text-lg font-semibold text-cu-black @sm:md:text-xl leading-6 @sm:md:leading-8\">\n        CEC Module 1, Capsule 2 (FR)\n    <\/h2>\n\n            <\/header>\n\n<\/div>\n\n            \n                    \n<div class=\"not-prose cu-card rounded-lg @container md:max-w-xl flex flex-col gap-3 bg-white shadow-lg shadow-cu-black-100\">\n                    \n                        \n            <div class=\"relative pt-[56.25%] bg-cu-black-800 mb-2 rounded-t-lg overflow-hidden\">\n            <iframe title=\"YouTube Embed\" src=\"https:\/\/www.youtube.com\/embed\/oaMXXfD0qFU&amp;list=PL8m6HlB-cRG-RtVOwaDCU7NGzWbCek6Zi?autoplay=0&amp;mute=0&amp;controls=1&amp;origin=https%3A%2F%2Flocalhost&amp;playsinline=1&amp;showinfo=0&amp;rel=0&amp;iv_load_policy=3&amp;modestbranding=1&amp;enablejsapi=1&amp;widgetid=17\" class=\"absolute top-0 left-0 w-full h-full\" allowfullscreen><\/iframe>\n        <\/div>\n    \n        <header class=\"flex flex-col gap-3  px-6 first:mt-6\">\n                \n        \n    \n    <h2 class=\"line-clamp-3 text-lg font-semibold text-cu-black @sm:md:text-xl leading-6 @sm:md:leading-8\">\n        CEC Module 1, Capsule 1 (FR)\n    <\/h2>\n\n            <\/header>\n\n<\/div>\n\n                    \n        <\/div>\n        \n                                    \n    <\/div>\n<\/section>\n\n\n\n<p>&#8212;&#8212;&#8212;-<br><\/p>\n\n\n    \n<section class=\"w-screen px-6 cu-section cu-section--grey ml-offset-center md:px-8 lg:px-14\">\n    <div class=\"space-y-6 cu-max-w-child-5xl bg-cu-black-50 max-w-screen-2xl mx-auto rounded-xl px-6 py-5 md:px-14 md:py-12 md:space-y-10 cu-prose-first-last\">\n\n                            \n\n\n<header class=\"mb-6 cu-pageheader cu-component-updated md:mb-12\">\n    <h2 id=\"autres-liens-utiles\" class=\"cu-prose-first-last font-semibold !mt-2 mb-4 md:mb-6 relative text-2xl md:text-3xl lg:text-4xl lg:leading-[3rem] pb-4 after:w-8 after:absolute after:h-px after:bottom-0 after:bg-cu-red after:left-px\">\n        Autres liens utiles\n    <\/h2>\n\n    <\/header>\n        \n        <div class=\"cu-column cu-component not-contained mx-auto grid max-w-5xl md:grid-cols-3 gap-6 md:gap-10\">\n            \n\n<div class=\"not-prose cu-card rounded-lg @container md:max-w-xl flex flex-col gap-3 bg-white shadow-lg shadow-cu-black-100   \">\n            <figure class=\"mx-6 mt-6 mb-2 overflow-hidden max-w-[45%] @xl:md:max-w-[25%] rounded-md aspect-[4\/2.7]\">\n            <img loading=\"lazy\" decoding=\"async\" src=\"https:\/\/carleton.ca\/cicp-pcpob\/wp-content\/uploads\/sites\/26\/quokka.jpg\" alt=\"\" width=\"200\" height=\"133\"><\/figure>\n        \n                        <header class=\"flex flex-col gap-3  px-6 first:mt-6\">\n                \n        \n    \n    <h2 class=\"line-clamp-3 text-lg font-semibold text-cu-black @sm:md:text-xl leading-6 @sm:md:leading-8\">\n        \u00c0 propos du PCPOB\n    <\/h2>\n\n            <\/header>\n\n        \n        \n                                \n            <footer class=\"px-6 pt-3 mt-auto text-white md:pt-5\">\n                <a  href=\"https:\/\/carleton.ca\/cicp-pcpob\/homepage\/about-the-project-a-propos-du-projet\/\" class=\"cu-button cu-button--red cu-button--small\">\n                    Plus d&#8217;informations\n                <\/a>\n            <\/footer>\n            <\/div>\n    \n\n\n<div class=\"not-prose cu-card rounded-lg @container md:max-w-xl flex flex-col gap-3 bg-white shadow-lg shadow-cu-black-100   \">\n            <figure class=\"mx-6 mt-6 mb-2 overflow-hidden max-w-[45%] @xl:md:max-w-[25%] rounded-md aspect-[4\/2.7]\">\n            <img loading=\"lazy\" decoding=\"async\" src=\"https:\/\/carleton.ca\/cicp-pcpob\/wp-content\/uploads\/sites\/26\/girl-laptop-760.jpg\" alt=\"\" width=\"200\" height=\"133\"><\/figure>\n        \n                        <header class=\"flex flex-col gap-3  px-6 first:mt-6\">\n                \n        \n    \n    <h2 class=\"line-clamp-3 text-lg font-semibold text-cu-black @sm:md:text-xl leading-6 @sm:md:leading-8\">\n        Plus d&#8217;informations\n    <\/h2>\n\n            <\/header>\n\n        \n                    <div class=\"flex flex-col px-6\">\n                <p class=\"text-base text-cu-black-700\">\n                    Prenez contact avec nous ou abonnez-vous \u00e0 notre lettre d&#8217;information !\n                <\/p>\n            <\/div>\n        \n                                \n            <footer class=\"px-6 pt-3 mt-auto text-white md:pt-5\">\n                <a  href=\"https:\/\/carleton.ca\/cicp-pcpob\/homepage\/contact-us-nous-contacter\/\" class=\"cu-button cu-button--red cu-button--small\">\n                    Plus d&#8217;informations\n                <\/a>\n            <\/footer>\n            <\/div>\n    \n\n\n<div class=\"not-prose cu-card rounded-lg @container md:max-w-xl flex flex-col gap-3 bg-white shadow-lg shadow-cu-black-100   \">\n            <figure class=\"mx-6 mt-6 mb-2 overflow-hidden max-w-[45%] @xl:md:max-w-[25%] rounded-md aspect-[4\/2.7]\">\n            <img loading=\"lazy\" decoding=\"async\" src=\"https:\/\/carleton.ca\/cicp-pcpob\/wp-content\/uploads\/sites\/26\/pexels-leeloo-thefirst-5428829-scaled.jpg\" alt=\"\" width=\"200\" height=\"133\"><\/figure>\n        \n                        <header class=\"flex flex-col gap-3  px-6 first:mt-6\">\n                \n        \n    \n    <h2 class=\"line-clamp-3 text-lg font-semibold text-cu-black @sm:md:text-xl leading-6 @sm:md:leading-8\">\n        FAQ\n    <\/h2>\n\n            <\/header>\n\n        \n                    <div class=\"flex flex-col px-6\">\n                <p class=\"text-base text-cu-black-700\">\n                    Questions fr\u00e9quemment pos\u00e9es.\n                <\/p>\n            <\/div>\n        \n                                \n            <footer class=\"px-6 pt-3 mt-auto text-white md:pt-5\">\n                <a  href=\"https:\/\/carleton.ca\/cicp-pcpob\/homepage\/frequently-asked-questions\/\" class=\"cu-button cu-button--red cu-button--small\">\n                    Plus d&#8217;informations\n                <\/a>\n            <\/footer>\n            <\/div>\n    \n\n        <\/div>\n\n        \n    <\/div>\n<\/section>\n","protected":false},"excerpt":{"rendered":"<p>Ma\u00eetrise des donn\u00e9es 1.0 Module 1 : Les donn\u00e9es dans le secteur non lucratif Centre d&#8217;\u00e9ducation communautaire du PCPOB Pr\u00e9face Bienvenue \u00e0 Ma\u00eetrise des donn\u00e9es 1.0 du Centre d&#8217;\u00e9ducation communautaire (CEC) du Projet Canada Perspectives des Organismes de Bienfaisance (PCPOB). Ce plan a \u00e9t\u00e9 con\u00e7u pour permettre aux individus des secteurs caritatif et \u00e0 but [&hellip;]<\/p>\n","protected":false},"author":2,"featured_media":0,"parent":451,"menu_order":0,"comment_status":"closed","ping_status":"closed","template":"","meta":{"_acf_changed":false,"_cu_dining_location_slug":"","footnotes":"","_links_to":"","_links_to_target":""},"cu_page_type":[39],"class_list":["post-3098","page","type-page","status-publish","hentry","cu_page_type-tertiary-page"],"acf":{"cu_post_thumbnail":false},"_links":{"self":[{"href":"https:\/\/carleton.ca\/cicp-pcpob\/wp-json\/wp\/v2\/pages\/3098","targetHints":{"allow":["GET"]}}],"collection":[{"href":"https:\/\/carleton.ca\/cicp-pcpob\/wp-json\/wp\/v2\/pages"}],"about":[{"href":"https:\/\/carleton.ca\/cicp-pcpob\/wp-json\/wp\/v2\/types\/page"}],"author":[{"embeddable":true,"href":"https:\/\/carleton.ca\/cicp-pcpob\/wp-json\/wp\/v2\/users\/2"}],"replies":[{"embeddable":true,"href":"https:\/\/carleton.ca\/cicp-pcpob\/wp-json\/wp\/v2\/comments?post=3098"}],"version-history":[{"count":4,"href":"https:\/\/carleton.ca\/cicp-pcpob\/wp-json\/wp\/v2\/pages\/3098\/revisions"}],"predecessor-version":[{"id":4149,"href":"https:\/\/carleton.ca\/cicp-pcpob\/wp-json\/wp\/v2\/pages\/3098\/revisions\/4149"}],"up":[{"embeddable":true,"href":"https:\/\/carleton.ca\/cicp-pcpob\/wp-json\/wp\/v2\/pages\/451"}],"wp:attachment":[{"href":"https:\/\/carleton.ca\/cicp-pcpob\/wp-json\/wp\/v2\/media?parent=3098"}],"wp:term":[{"taxonomy":"cu_page_type","embeddable":true,"href":"https:\/\/carleton.ca\/cicp-pcpob\/wp-json\/wp\/v2\/cu_page_type?post=3098"}],"curies":[{"name":"wp","href":"https:\/\/api.w.org\/{rel}","templated":true}]}}