{"id":4867,"date":"2025-10-10T15:20:44","date_gmt":"2025-10-10T19:20:44","guid":{"rendered":"https:\/\/carleton.ca\/cicp-pcpob\/?page_id=4867"},"modified":"2025-10-10T15:45:30","modified_gmt":"2025-10-10T19:45:30","slug":"governance-management-fr","status":"publish","type":"page","link":"https:\/\/carleton.ca\/cicp-pcpob\/cicp-survey-results-dashboard\/governance-management-fr\/","title":{"rendered":"Gouvernance et gestion"},"content":{"rendered":"\n<section class=\"w-screen px-6 cu-section cu-section--white ml-offset-center md:px-8 lg:px-14\">\n    <div class=\"space-y-6 cu-max-w-child-5xl  md:space-y-10 cu-prose-first-last\">\n\n            <div class=\"cu-textmedia flex flex-col lg:flex-row mx-auto gap-6 md:gap-10 my-6 md:my-12 first:mt-0 max-w-5xl\">\n        <div class=\"justify-start cu-textmedia-content cu-prose-first-last\" style=\"flex: 0 0 100%;\">\n            <header class=\"font-light prose-xl cu-pageheader md:prose-2xl cu-component-updated cu-prose-first-last\">\n                                    <h1 class=\"cu-prose-first-last font-semibold !mt-2 mb-4 md:mb-6 relative after:absolute after:h-px after:bottom-0 after:bg-cu-red after:left-px text-3xl md:text-4xl lg:text-5xl lg:leading-[3.5rem] pb-5 after:w-10 text-cu-black-700 not-prose\">\n                        Gouvernance et gestion\n                    <\/h1>\n                \n                                \n                                    \n\n<p><strong class=\"myprefix-text-bold\">R\u00e9sultats de l&#8217;enqu\u00eate PCPOB &#8211; Gouvernance et gestion<\/strong><\/p>\n\n\n\n<div class=\"wp-block-buttons is-layout-flex wp-block-buttons-is-layout-flex\">\n<div class=\"wp-block-button\"><a class=\"wp-block-button__link wp-element-button\" href=\"https:\/\/carleton.ca\/cicp-pcpob\/cicp-survey-results-dashboard\/governance-management\/\">EN<\/a><\/div>\n<\/div>\n\n\n                            <\/header>\n\n                    <\/div>\n\n            <\/div>\n\n    <\/div>\n<\/section>\n\n\n\n<p>Des pratiques efficaces en mati\u00e8re de gouvernance et de gestion constituent la pierre angulaire des organisations prosp\u00e8res. Ce th\u00e8me explore la mani\u00e8re dont les organismes de bienfaisance canadiens structurent leur leadership, \u00e9laborent des plans strat\u00e9giques et g\u00e8rent leurs ressources afin d&#8217;atteindre leurs objectifs. Une gouvernance solide garantit non seulement l&#8217;efficacit\u00e9 op\u00e9rationnelle, mais renforce \u00e9galement la responsabilit\u00e9 et la confiance du public.<\/p>\n\n\n\n    \n\n\n                                                                                                                                                                                                                                                                                                                                                                                    \n\n\n\n<section class=\"w-screen px-6 cu-section cu-section--white cu-section--cards ml-offset-center md:px-8 lg:px-14\" data-attributes=\"&#x7B;&quot;blockHeader&quot;&#x3A;&quot;Rapports&quot;,&quot;numberOfPosts&quot;&#x3A;3,&quot;moreButton&quot;&#x3A;&quot;loadmore&quot;,&quot;order&quot;&#x3A;&quot;desc&quot;,&quot;blockType&quot;&#x3A;&quot;cards&quot;,&quot;contentType&quot;&#x3A;&quot;cu_file&quot;,&quot;currentPage&quot;&#x3A;1,&quot;blockBackground&quot;&#x3A;&quot;white&quot;,&quot;numberOfColumns&quot;&#x3A;3,&quot;showAllPosts&quot;&#x3A;false,&quot;orderBy&quot;&#x3A;&quot;title&quot;,&quot;showFilter&quot;&#x3A;false,&quot;taxName&quot;&#x3A;&quot;cu_file_type&quot;,&quot;categories&quot;&#x3A;&quot;71&quot;,&quot;tags&quot;&#x3A;&quot;&quot;&#x7D;\" data-page=\"2\">\n    <div class=\"space-y-6 cu-max-w-child-5xl  md:space-y-10 cu-prose-first-last\">\n\n                            \n\n\n<header class=\"mb-6 cu-pageheader cu-component-updated md:mb-12\">\n    <h2 id=\"rapports\" class=\"cu-prose-first-last font-semibold !mt-2 mb-4 md:mb-6 relative text-2xl md:text-3xl lg:text-4xl lg:leading-[3rem] pb-4 after:w-8 after:absolute after:h-px after:bottom-0 after:bg-cu-red after:left-px\">\n        Rapports\n    <\/h2>\n\n    <\/header>\n        \n                \n        <div class=\"cu-loading hidden text-center mx-auto h-6 w-6 animate-spin rounded-full border-4 border-solid border-current border-r-transparent align-[-0.125em] motion-reduce:animate-[spin_1.5s_linear_infinite]\" role=\"status\">\n    <span class=\"!absolute !-m-px !h-px !w-px !overflow-hidden !whitespace-nowrap !border-0 !p-0 ![clip:rect(0,0,0,0)]\">\n        Loading&#8230;\n    <\/span>\n<\/div>\n\n                                        \n        <p class=\"cu-no-posts hidden\">\n            No\n            file\n\n            posts are available.\n        <\/p>\n\n                <div class=\"cu-column cu-component not-contained mx-auto grid max-w-5xl md:grid-cols-3 gap-6 md:gap-10\">\n                        \n                    \n    \n    \n<div class=\"not-prose cu-card rounded-lg @container md:max-w-lg flex flex-col gap-3 bg-white shadow-lg shadow-cu-black-100 \">\n    <figure class=\"flex items-center justify-center w-10 h-10 mx-6 mt-6 mb-2 overflow-hidden \">\n        <img decoding=\"async\" src=\"https:\/\/cdn.carleton.ca\/rds\/assets\/font-awesome\/external-link.svg\" alt=\"An icon of a saxophone\" class=\"cu-icon-thumb \" style=\"filter: invert(20%) sepia(50%) saturate(7177%) hue-rotate(348deg) brightness(91%) contrast(100%);\"><\/figure>\n\n        \n            <header class=\"flex flex-col gap-3  px-6 text-left first:mt-6\">\n                \n        \n    \n    <h3 class=\"line-clamp-3 text-lg font-semibold text-cu-black @sm:md:text-xl leading-6 @sm:md:leading-8\">\n        4.03.07 \u2013 D\u00e9veloppement professionnel\n    <\/h3>\n\n            <\/header>\n\n\n        <div class=\"flex flex-col px-6 text-left\">\n            <p class=\"text-base text-cu-black-700\">\n                \n            <\/p>\n        <\/div>\n        <footer class=\"px-6 pt-3 mt-auto md:pt-5\">\n            <a href=\"https:\/\/carletonu.yul1.qualtrics.com\/reports\/public\/Y2FybGV0b251LTY5OTRiYTg4ZjJjMDUyMDAwOGQ1NjJhOC1VUl9iUEdpano4cUpJb09MWEw=\" class=\"cu-button cu-button--red cu-button--small\">\n                Download\n                <span class=\"sr-only\">\n                    4.03.07 \u2013 D\u00e9veloppement professionnel\n                <\/span>\n            <\/a>\n        <\/footer>\n    <\/div>\n    \n            \n                    \n    \n    \n<div class=\"not-prose cu-card rounded-lg @container md:max-w-lg flex flex-col gap-3 bg-white shadow-lg shadow-cu-black-100 \">\n    <figure class=\"flex items-center justify-center w-10 h-10 mx-6 mt-6 mb-2 overflow-hidden \">\n        <img decoding=\"async\" src=\"https:\/\/cdn.carleton.ca\/rds\/assets\/font-awesome\/external-link.svg\" alt=\"An icon of a saxophone\" class=\"cu-icon-thumb \" style=\"filter: invert(20%) sepia(50%) saturate(7177%) hue-rotate(348deg) brightness(91%) contrast(100%);\"><\/figure>\n\n        \n            <header class=\"flex flex-col gap-3  px-6 text-left first:mt-6\">\n                \n        \n    \n    <h3 class=\"line-clamp-3 text-lg font-semibold text-cu-black @sm:md:text-xl leading-6 @sm:md:leading-8\">\n        4.02.03 \u2013 Travail non r\u00e9mun\u00e9r\u00e9\n    <\/h3>\n\n            <\/header>\n\n\n        <div class=\"flex flex-col px-6 text-left\">\n            <p class=\"text-base text-cu-black-700\">\n                \n            <\/p>\n        <\/div>\n        <footer class=\"px-6 pt-3 mt-auto md:pt-5\">\n            <a href=\"https:\/\/carletonu.yul1.qualtrics.com\/reports\/public\/Y2FybGV0b251LTY5ODBmNmRiYWE3Mjg5MDAwODE4YzgxZi1VUl9iUEdpano4cUpJb09MWEw=\" class=\"cu-button cu-button--red cu-button--small\">\n                Download\n                <span class=\"sr-only\">\n                    4.02.03 \u2013 Travail non r\u00e9mun\u00e9r\u00e9\n                <\/span>\n            <\/a>\n        <\/footer>\n    <\/div>\n    \n            \n                    \n    \n    \n<div class=\"not-prose cu-card rounded-lg @container md:max-w-lg flex flex-col gap-3 bg-white shadow-lg shadow-cu-black-100 \">\n    <figure class=\"flex items-center justify-center w-10 h-10 mx-6 mt-6 mb-2 overflow-hidden \">\n        <img decoding=\"async\" src=\"https:\/\/cdn.carleton.ca\/rds\/assets\/font-awesome\/external-link.svg\" alt=\"An icon of a saxophone\" class=\"cu-icon-thumb \" style=\"filter: invert(20%) sepia(50%) saturate(7177%) hue-rotate(348deg) brightness(91%) contrast(100%);\"><\/figure>\n\n        \n            <header class=\"flex flex-col gap-3  px-6 text-left first:mt-6\">\n                \n        \n    \n    <h3 class=\"line-clamp-3 text-lg font-semibold text-cu-black @sm:md:text-xl leading-6 @sm:md:leading-8\">\n        3.10.38 \u2013 Contrats de travail et s\u00e9curit\u00e9\n    <\/h3>\n\n            <\/header>\n\n\n        <div class=\"flex flex-col px-6 text-left\">\n            <p class=\"text-base text-cu-black-700\">\n                \n            <\/p>\n        <\/div>\n        <footer class=\"px-6 pt-3 mt-auto md:pt-5\">\n            <a href=\"https:\/\/carletonu.yul1.qualtrics.com\/reports\/public\/Y2FybGV0b251LTY4NjY3OWYyZGUyOGMwMDAwODNmMjJhNy1VUl9iUEdpano4cUpJb09MWEw=\" class=\"cu-button cu-button--red cu-button--small\">\n                Download\n                <span class=\"sr-only\">\n                    3.10.38 \u2013 Contrats de travail et s\u00e9curit\u00e9\n                <\/span>\n            <\/a>\n        <\/footer>\n    <\/div>\n    \n                    \n        <\/div>\n        \n                                            <button aria-label=\"Load More\" class=\"loadMore cu-button not-prose cu-button--dark-grey cu-button--center \" type=\"button\">\n    <div class=\"block load-more-button\">\n        Load More\n    <\/div>\n    <div class=\"hidden no-more-posts\">\n        No more to load\n    <\/div>\n    <div class=\"items-center justify-center hidden load-more-spinner cu-pageloader\">\n    <div class=\"inline-block h-6 w-6 animate-spin rounded-full border-4 border-solid border-current border-r-transparent align-[-0.125em] motion-reduce:animate-[spin_1.5s_linear_infinite]\" role=\"status\">\n        <span class=\"!absolute !-m-px !h-px !w-px !overflow-hidden !whitespace-nowrap !border-0 !p-0 ![clip:rect(0,0,0,0)]\">\n            Loading&#8230;\n        <\/span>\n    <\/div>\n<\/div>\n<\/button>\n                    \n    <\/div>\n<\/section>\n\n\n\n<div class=\"cu-section cu-section--white w-screen ml-offset-center px-4 md:px-6 lg:px-12\"><div class=\"cu-max-w-child-7xl space-y-6 md:space-y-10   cu-prose-first-last\"><header class=\"cu-pageheader  cu-component-updated  cu-prose-first-last\"><h2 class=\"font-semibold not-prose text-cu-black-700 !mt-2 mb-4 md:mb-6 text-2xl md:text-3xl lg:text-4xl lg:leading-[3rem]  relative after:absolute after:h-px after:bottom-0 pb-4 after:w-8 after:bg-cu-red after:left-px\">Tableaux de bord<\/h2><p class=\"max-w-5xl \">Remarque : nos tableaux de bord sont actuellement disponibles en anglais uniquement.<\/p><\/header><figure class=\"cu-figure not-prose  max-w-full\"><div class=\"not-prose overflow-hidden bg-white shadow-lg max-w-full rounded-none\"><div class=\"relative none overflow-hidden w-full pb-[56.25%] border border-cu-black-100\"><iframe src=\"https:\/\/app.powerbi.com\/view?r=eyJrIjoiOWE0MWZlYTctZTFmMy00Zjg4LThkMmQtYmU1YTk5OWQ0ODU3IiwidCI6IjZhZDkxODk1LWRlMDYtNDg1ZS1iYzUxLWZjZTEyNmNjODUzMCIsImMiOjN9\" class=\"cu-embed-iframe\" allowfullscreen><\/iframe><\/div><\/div><\/figure><\/div><\/div>\n\n\n\n<h4 id=\"comment-naviguer-sur-cette-page\" class=\"wp-block-heading\">Comment naviguer sur cette page :<\/h4>\n\n\n\n<ul class=\"wp-block-list\">\n<li><strong>Choix de la langue :<\/strong>&nbsp;Tous les rapports sont disponibles en&nbsp;<strong>fran\u00e7ais et en anglais<\/strong>. Pour changer de langue, cliquez sur l\u2019ic\u00f4ne du globe (<strong>Langues<\/strong>) en haut \u00e0 gauche et s\u00e9lectionnez votre langue pr\u00e9f\u00e9r\u00e9e.<\/li>\n\n\n\n<li><strong>Comprendre la num\u00e9rotation des rapports :<\/strong>&nbsp;Chaque rapport suit un syst\u00e8me de num\u00e9rotation structur\u00e9 (ex.&nbsp;<strong>2.04.11<\/strong>), qui repr\u00e9sente :\n<ul class=\"wp-block-list\">\n<li>L\u2019<strong>ann\u00e9e du projet<\/strong>&nbsp;au cours de laquelle le rapport a \u00e9t\u00e9 publi\u00e9 (<strong>Ann\u00e9e 2<\/strong>)<\/li>\n\n\n\n<li>Le&nbsp;<strong>mois<\/strong>&nbsp;de publication (<strong>avril<\/strong>)<\/li>\n\n\n\n<li>Le&nbsp;<strong>num\u00e9ro d\u2019enqu\u00eate<\/strong>&nbsp;pour cette ann\u00e9e (<strong>Enqu\u00eate 11<\/strong>)<\/li>\n<\/ul>\n<\/li>\n\n\n\n<li><strong>T\u00e9l\u00e9chargement des rapports :<\/strong>&nbsp;Pour t\u00e9l\u00e9charger un rapport, cliquez simplement sur le bouton&nbsp;<strong>PDF<\/strong>&nbsp;en haut \u00e0 gauche de la page du rapport.<\/li>\n<\/ul>\n\n\n\n<p>Si vous avez des questions ou besoin d\u2019aide, n\u2019h\u00e9sitez pas \u00e0 contacter notre \u00e9quipe \u00e0 <strong><a>pcpob.recherche@cunet.carleton.ca<\/a><\/strong>.<\/p>\n\n\n\n<section class=\"w-screen px-6 cu-section cu-section--white ml-offset-center md:px-8 lg:px-14\">\n    <div class=\"space-y-6 cu-max-w-child-5xl  md:space-y-10 cu-prose-first-last\">\n\n                \n        <div class=\"cu-column cu-component not-contained mx-auto grid max-w-5xl md:grid-cols-3 gap-6 md:gap-10\">\n            \n\n<div class=\"not-prose cu-card rounded-lg @container md:max-w-xl flex flex-col gap-3 bg-white shadow-lg shadow-cu-black-100   \">\n    \n                        <header class=\"flex flex-col gap-3  px-6 first:mt-6\">\n                \n        \n    \n    <h2 class=\"line-clamp-3 text-lg font-semibold text-cu-black @sm:md:text-xl leading-6 @sm:md:leading-8\">\n        Questions?\n    <\/h2>\n\n            <\/header>\n\n        \n                    <div class=\"flex flex-col px-6\">\n                <p class=\"text-base text-cu-black-700\">\n                    Si vous avez des questions que vous aimeriez voir figurer dans les prochaines enqu\u00eates, vous pouvez les soumettre en cliquant sur le bouton ci-dessous !\n                <\/p>\n            <\/div>\n        \n                                \n            <footer class=\"px-6 pt-3 mt-auto text-white md:pt-5\">\n                <a  href=\"https:\/\/carletonu.az1.qualtrics.com\/jfe\/form\/SV_cNo2IbDAdY3hIdo\" class=\"cu-button cu-button--red cu-button--small\">\n                    Formulaire de suggestions\n                <\/a>\n            <\/footer>\n            <\/div>\n    \n\n\n<div class=\"not-prose cu-card rounded-lg @container md:max-w-xl flex flex-col gap-3 bg-white shadow-lg shadow-cu-black-100   \">\n    \n                        <header class=\"flex flex-col gap-3  px-6 first:mt-6\">\n                \n        \n    \n    <h2 class=\"line-clamp-3 text-lg font-semibold text-cu-black @sm:md:text-xl leading-6 @sm:md:leading-8\">\n        Tableaux de bord\n    <\/h2>\n\n            <\/header>\n\n        \n                    <div class=\"flex flex-col px-6\">\n                <p class=\"text-base text-cu-black-700\">\n                    Vous souhaitez interagir davantage avec nos donn\u00e9es ?  Consultez nos tableaux de bord d&#8217;enqu\u00eate, o\u00f9 vous pouvez filtrer nos donn\u00e9es en fonction de param\u00e8tres cl\u00e9s tels que la localisation, et plus encore !\n                <\/p>\n            <\/div>\n        \n                                \n            <footer class=\"px-6 pt-3 mt-auto text-white md:pt-5\">\n                <a  href=\"https:\/\/carleton.ca\/cicp-pcpob\/cicp-survey-results-dashboard\/\" class=\"cu-button cu-button--red cu-button--small\">\n                    Aller aux tableaux de bord\n                <\/a>\n            <\/footer>\n            <\/div>\n    \n\n\n<div class=\"not-prose cu-card rounded-lg @container md:max-w-xl flex flex-col gap-3 bg-white shadow-lg shadow-cu-black-100   \">\n    \n                        <header class=\"flex flex-col gap-3  px-6 first:mt-6\">\n                \n        \n    \n    <h2 class=\"line-clamp-3 text-lg font-semibold text-cu-black @sm:md:text-xl leading-6 @sm:md:leading-8\">\n        Bulletin d&#8217;information\n    <\/h2>\n\n            <\/header>\n\n        \n                    <div class=\"flex flex-col px-6\">\n                <p class=\"text-base text-cu-black-700\">\n                    Vous souhaitez recevoir nos rapports directement dans votre bo\u00eete de r\u00e9ception chaque semaine ? Inscrivez-vous \u00e0 notre lettre d&#8217;information !\n                <\/p>\n            <\/div>\n        \n                                \n            <footer class=\"px-6 pt-3 mt-auto text-white md:pt-5\">\n                <a  href=\"https:\/\/confirmsubscription.com\/h\/t\/3D0A2E268835E2F4\" class=\"cu-button cu-button--red cu-button--small\">\n                    S&#8217;abonner\n                <\/a>\n            <\/footer>\n            <\/div>\n    \n\n        <\/div>\n\n        \n    <\/div>\n<\/section>\n\n\n\n<p><\/p>\n","protected":false},"excerpt":{"rendered":"<p>Des pratiques efficaces en mati\u00e8re de gouvernance et de gestion constituent la pierre angulaire des organisations prosp\u00e8res. Ce th\u00e8me explore la mani\u00e8re dont les organismes de bienfaisance canadiens structurent leur leadership, \u00e9laborent des plans strat\u00e9giques et g\u00e8rent leurs ressources afin d&#8217;atteindre leurs objectifs. Une gouvernance solide garantit non seulement l&#8217;efficacit\u00e9 op\u00e9rationnelle, mais renforce \u00e9galement la [&hellip;]<\/p>\n","protected":false},"author":90,"featured_media":0,"parent":2383,"menu_order":0,"comment_status":"closed","ping_status":"closed","template":"","meta":{"_acf_changed":false,"_cu_dining_location_slug":"","footnotes":"","_links_to":"","_links_to_target":""},"cu_page_type":[41,88,39],"class_list":["post-4867","page","type-page","status-publish","hentry","cu_page_type-fr","cu_page_type-general","cu_page_type-tertiary-page"],"acf":{"cu_post_thumbnail":""},"_links":{"self":[{"href":"https:\/\/carleton.ca\/cicp-pcpob\/wp-json\/wp\/v2\/pages\/4867","targetHints":{"allow":["GET"]}}],"collection":[{"href":"https:\/\/carleton.ca\/cicp-pcpob\/wp-json\/wp\/v2\/pages"}],"about":[{"href":"https:\/\/carleton.ca\/cicp-pcpob\/wp-json\/wp\/v2\/types\/page"}],"author":[{"embeddable":true,"href":"https:\/\/carleton.ca\/cicp-pcpob\/wp-json\/wp\/v2\/users\/90"}],"replies":[{"embeddable":true,"href":"https:\/\/carleton.ca\/cicp-pcpob\/wp-json\/wp\/v2\/comments?post=4867"}],"version-history":[{"count":4,"href":"https:\/\/carleton.ca\/cicp-pcpob\/wp-json\/wp\/v2\/pages\/4867\/revisions"}],"predecessor-version":[{"id":4904,"href":"https:\/\/carleton.ca\/cicp-pcpob\/wp-json\/wp\/v2\/pages\/4867\/revisions\/4904"}],"up":[{"embeddable":true,"href":"https:\/\/carleton.ca\/cicp-pcpob\/wp-json\/wp\/v2\/pages\/2383"}],"wp:attachment":[{"href":"https:\/\/carleton.ca\/cicp-pcpob\/wp-json\/wp\/v2\/media?parent=4867"}],"wp:term":[{"taxonomy":"cu_page_type","embeddable":true,"href":"https:\/\/carleton.ca\/cicp-pcpob\/wp-json\/wp\/v2\/cu_page_type?post=4867"}],"curies":[{"name":"wp","href":"https:\/\/api.w.org\/{rel}","templated":true}]}}