{"id":5704,"date":"2026-04-30T11:51:01","date_gmt":"2026-04-30T15:51:01","guid":{"rendered":"https:\/\/carleton.ca\/cicp-pcpob\/?page_id=5704"},"modified":"2026-04-30T11:51:02","modified_gmt":"2026-04-30T15:51:02","slug":"other-resources-fr","status":"publish","type":"page","link":"https:\/\/carleton.ca\/cicp-pcpob\/cec\/other-resources-fr\/","title":{"rendered":"Other Resources-FR"},"content":{"rendered":"\n<section class=\"w-screen px-6 cu-section cu-section--white ml-offset-center md:px-8 lg:px-14\">\n    <div class=\"space-y-6 cu-max-w-child-5xl  md:space-y-10 cu-prose-first-last\">\n\n            <div class=\"cu-textmedia flex flex-col lg:flex-row mx-auto gap-6 md:gap-10 my-6 md:my-12 first:mt-0 max-w-5xl\">\n        <div class=\"justify-start cu-textmedia-content cu-prose-first-last\" style=\"flex: 0 0 100%;\">\n            <header class=\"font-light prose-xl cu-pageheader md:prose-2xl cu-component-updated cu-prose-first-last\">\n                                    <h1 class=\"cu-prose-first-last font-semibold !mt-2 mb-4 md:mb-6 relative after:absolute after:h-px after:bottom-0 after:bg-cu-red after:left-px text-3xl md:text-4xl lg:text-5xl lg:leading-[3.5rem] pb-5 after:w-10 text-cu-black-700 not-prose\">\n                        Autres ressources &#8211;\n                    <\/h1>\n                \n                                \n                                    \n\n<p>Autres ressources utiles sur la ma\u00eetrise des donn\u00e9es &#8211;<\/p>\n\n\n                            <\/header>\n\n                    <\/div>\n\n            <\/div>\n\n    <\/div>\n<\/section>\n\n\n\n<div class=\"wp-block-buttons is-layout-flex wp-block-buttons-is-layout-flex\">\n<div class=\"wp-block-button\"><a class=\"wp-block-button__link wp-element-button\" href=\"https:\/\/carleton.ca\/cicp-pcpob\/cec\/other-resources\/\" target=\"_blank\" rel=\"noreferrer noopener\">EN<\/a><\/div>\n<\/div>\n\n\n\n<h3 id=\"autres-ressources-utiles-sur-la-maitrise-des-donnees\" class=\"wp-block-heading\">Autres ressources utiles sur la ma\u00eetrise des donn\u00e9es &#8211;<\/h3>\n\n\n\n<p>Parall\u00e8lement \u00e0 l&#8217;extension du Centre d&#8217;\u00e9ducation communautaire, nous mettons \u00e9galement en avant de pr\u00e9cieuses ressources en mati\u00e8re de ma\u00eetrise des donn\u00e9es \u00e9labor\u00e9es par d&#8217;autres organisations. Bien que cette liste ne soit pas exhaustive, nous esp\u00e9rons qu&#8217;elle vous aidera \u00e0 trouver des outils et des formations suppl\u00e9mentaires pour vous accompagner dans votre travail.<\/p>\n\n\n\n<p>Vous connaissez une ressource importante sur la ma\u00eetrise des donn\u00e9es que nous devrions ajouter ? Faites-le-nous savoir \u00e0 l&#8217;adresse CICP.Research@carleton.ca.<\/p>\n\n\n\n<section class=\"w-screen px-6 cu-section cu-section--white ml-offset-center md:px-8 lg:px-14\">\n    <div class=\"space-y-6 cu-max-w-child-5xl  md:space-y-10 cu-prose-first-last\">\n\n                \n        <div class=\"cu-column cu-component not-contained mx-auto grid max-w-5xl md:grid-cols-3 gap-6 md:gap-10\">\n            \n\n<div class=\"not-prose cu-card rounded-lg @container md:max-w-xl flex flex-col gap-3 bg-white shadow-lg shadow-cu-black-100   \">\n    \n                        <header class=\"flex flex-col gap-3  px-6 first:mt-6\">\n                \n        \n    \n    <h2 class=\"line-clamp-3 text-lg font-semibold text-cu-black @sm:md:text-xl leading-6 @sm:md:leading-8\">\n        Statistics Canada&#8217;s Data Literacy Training\n    <\/h2>\n\n            <\/header>\n\n        \n                    <div class=\"flex flex-col px-6\">\n                <p class=\"text-base text-cu-black-700\">\n                    As Canada&#8217;s national statistical organization, Statistics Canada offers a comprehensive data literacy training program. The goal is to provide learners with information on basic concepts and skills across a range of data literacy topics. Their learning catalogue is organized by steps on the data journey and can be sorted by title, data competency, level, and type.\n                <\/p>\n            <\/div>\n        \n                                \n            <footer class=\"px-6 pt-3 mt-auto text-white md:pt-5\">\n                <a  href=\"https:\/\/www.statcan.gc.ca\/en\/wtc\/data-literacy\" class=\"cu-button cu-button--red cu-button--small\">\n                    More info\n                <\/a>\n            <\/footer>\n            <\/div>\n    \n\n\n<div class=\"not-prose cu-card rounded-lg @container md:max-w-xl flex flex-col gap-3 bg-white shadow-lg shadow-cu-black-100   \">\n    \n                        <header class=\"flex flex-col gap-3  px-6 first:mt-6\">\n                \n        \n    \n    <h2 class=\"line-clamp-3 text-lg font-semibold text-cu-black @sm:md:text-xl leading-6 @sm:md:leading-8\">\n        The Data Literacy Project\n    <\/h2>\n\n            <\/header>\n\n        \n                    <div class=\"flex flex-col px-6\">\n                <p class=\"text-base text-cu-black-700\">\n                    This initiative provides a variety of free courses designed to enhance data literacy. Modules cover topics such as understanding data, data storytelling, and data-informed decision-making. While not exclusively for non-profits, the content is broadly applicable and beneficial.\n                <\/p>\n            <\/div>\n        \n                                \n            <footer class=\"px-6 pt-3 mt-auto text-white md:pt-5\">\n                <a  href=\"https:\/\/thedataliteracyproject.org\/\" class=\"cu-button cu-button--red cu-button--small\">\n                    More info\n                <\/a>\n            <\/footer>\n            <\/div>\n    \n\n\n<div class=\"not-prose cu-card rounded-lg @container md:max-w-xl flex flex-col gap-3 bg-white shadow-lg shadow-cu-black-100   \">\n    \n                        <header class=\"flex flex-col gap-3  px-6 first:mt-6\">\n                \n        \n    \n    <h2 class=\"line-clamp-3 text-lg font-semibold text-cu-black @sm:md:text-xl leading-6 @sm:md:leading-8\">\n        CanadaHelps&#8217; Data Literacy Workshop\n    <\/h2>\n\n            <\/header>\n\n        \n                    <div class=\"flex flex-col px-6\">\n                <p class=\"text-base text-cu-black-700\">\n                    Supported by the Ontario Trillium Foundation, CanadaHelps offers a Data Literacy Workshop aimed at empowering charities to effectively use data. This initiative is part of a series of data services developed to support the charitable sector.\n                <\/p>\n            <\/div>\n        \n                                \n            <footer class=\"px-6 pt-3 mt-auto text-white md:pt-5\">\n                <a  href=\"https:\/\/www.canadahelps.org\/en\/data-literacy-workshop\/\" class=\"cu-button cu-button--red cu-button--small\">\n                    More info\n                <\/a>\n            <\/footer>\n            <\/div>\n    \n\n\n<div class=\"not-prose cu-card rounded-lg @container md:max-w-xl flex flex-col gap-3 bg-white shadow-lg shadow-cu-black-100   \">\n    \n                        <header class=\"flex flex-col gap-3  px-6 first:mt-6\">\n                \n        \n    \n    <h2 class=\"line-clamp-3 text-lg font-semibold text-cu-black @sm:md:text-xl leading-6 @sm:md:leading-8\">\n        Data Literacy for Social Change\n    <\/h2>\n\n            <\/header>\n\n        \n                    <div class=\"flex flex-col px-6\">\n                <p class=\"text-base text-cu-black-700\">\n                    This program provides training for non-profit organizations on how to use data to advance their mission and evaluate programming. It focuses on helping organizations understand program implementation and outcomes through data.\n                <\/p>\n            <\/div>\n        \n                                \n            <footer class=\"px-6 pt-3 mt-auto text-white md:pt-5\">\n                <a  href=\"https:\/\/data-4-change.com\/\" class=\"cu-button cu-button--red cu-button--small\">\n                    More info\n                <\/a>\n            <\/footer>\n            <\/div>\n    \n\n\n<div class=\"not-prose cu-card rounded-lg @container md:max-w-xl flex flex-col gap-3 bg-white shadow-lg shadow-cu-black-100   \">\n    \n                        <header class=\"flex flex-col gap-3  px-6 first:mt-6\">\n                \n        \n    \n    <h2 class=\"line-clamp-3 text-lg font-semibold text-cu-black @sm:md:text-xl leading-6 @sm:md:leading-8\">\n        Canadian Centre for Nonprofit Digital Resilience\n    <\/h2>\n\n            <\/header>\n\n        \n                    <div class=\"flex flex-col px-6\">\n                <p class=\"text-base text-cu-black-700\">\n                    This center aims to help nonprofits thrive in a tech-driven world by promoting the use of data and technology to advance their missions and multiply their impact. They offer resources and support to build digital capacity within the sector.\n                <\/p>\n            <\/div>\n        \n                                \n            <footer class=\"px-6 pt-3 mt-auto text-white md:pt-5\">\n                <a  href=\"https:\/\/ccndr.ca\/\" class=\"cu-button cu-button--red cu-button--small\">\n                    More info\n                <\/a>\n            <\/footer>\n            <\/div>\n    \n\n\n<div class=\"not-prose cu-card rounded-lg @container md:max-w-xl flex flex-col gap-3 bg-white shadow-lg shadow-cu-black-100   \">\n    \n                        <header class=\"flex flex-col gap-3  px-6 first:mt-6\">\n                \n        \n    \n    <h2 class=\"line-clamp-3 text-lg font-semibold text-cu-black @sm:md:text-xl leading-6 @sm:md:leading-8\">\n        Data Literacy Training by Data Literacy for All\n    <\/h2>\n\n            <\/header>\n\n        \n                    <div class=\"flex flex-col px-6\">\n                <p class=\"text-base text-cu-black-700\">\n                    Tableau&#8217;s initiative provides free online data skills training designed to fit busy schedules, allowing individuals and organizations to level up their data knowledge and gain valuable, in-demand skills.\n                <\/p>\n            <\/div>\n        \n                                \n            <footer class=\"px-6 pt-3 mt-auto text-white md:pt-5\">\n                <a  href=\"https:\/\/www.tableau.com\/learn\/data-literacy\" class=\"cu-button cu-button--red cu-button--small\">\n                    More info\n                <\/a>\n            <\/footer>\n            <\/div>\n    \n\n\n<div class=\"not-prose cu-card rounded-lg @container md:max-w-xl flex flex-col gap-3 bg-white shadow-lg shadow-cu-black-100   \">\n    \n                        <header class=\"flex flex-col gap-3  px-6 first:mt-6\">\n                \n        \n    \n    <h2 class=\"line-clamp-3 text-lg font-semibold text-cu-black @sm:md:text-xl leading-6 @sm:md:leading-8\">\n        Data Literacy Program by EMILI\n    <\/h2>\n\n            <\/header>\n\n        \n                    <div class=\"flex flex-col px-6\">\n                <p class=\"text-base text-cu-black-700\">\n                    Focused on digital agriculture, EMILI&#8217;s data literacy program aims to position individuals to ask the right questions when considering investments in new digital technology. While agriculture-focused, the foundational concepts are transferable.\n                <\/p>\n            <\/div>\n        \n                                \n            <footer class=\"px-6 pt-3 mt-auto text-white md:pt-5\">\n                <a  href=\"https:\/\/emilicanada.com\/data-initiative\/data-literacy\/\" class=\"cu-button cu-button--red cu-button--small\">\n                    More info\n                <\/a>\n            <\/footer>\n            <\/div>\n    \n\n        <\/div>\n\n        \n    <\/div>\n<\/section>\n\n\n    \n<section class=\"w-screen px-6 cu-section cu-section--grey ml-offset-center md:px-8 lg:px-14\">\n    <div class=\"space-y-6 cu-max-w-child-5xl bg-cu-black-50 max-w-screen-2xl mx-auto rounded-xl px-6 py-5 md:px-14 md:py-12 md:space-y-10 cu-prose-first-last\">\n\n                \n        <div class=\"cu-column cu-component not-contained mx-auto grid max-w-5xl md:grid-cols-3 gap-6 md:gap-10\">\n            \n\n<div class=\"not-prose cu-card rounded-lg @container md:max-w-xl flex flex-col gap-3 bg-white shadow-lg shadow-cu-black-100   \">\n            <figure class=\"mx-6 mt-6 mb-2 overflow-hidden max-w-[45%] @xl:md:max-w-[25%] rounded-md aspect-[4\/2.7]\">\n            <img loading=\"lazy\" decoding=\"async\" src=\"https:\/\/carleton.ca\/cicp-pcpob\/wp-content\/uploads\/sites\/26\/quokka.jpg\" alt=\"\" width=\"200\" height=\"133\"><\/figure>\n        \n                        <header class=\"flex flex-col gap-3  px-6 first:mt-6\">\n                \n        \n    \n    <h2 class=\"line-clamp-3 text-lg font-semibold text-cu-black @sm:md:text-xl leading-6 @sm:md:leading-8\">\n        A propos du PCPOB\n    <\/h2>\n\n            <\/header>\n\n        \n                    <div class=\"flex flex-col px-6\">\n                <p class=\"text-base text-cu-black-700\">\n                    D\u00e9couvrez notre \u00e9quipe et nos donateurs.\n                <\/p>\n            <\/div>\n        \n                                \n            <footer class=\"px-6 pt-3 mt-auto text-white md:pt-5\">\n                <a  href=\"https:\/\/carleton.ca\/cicp-pcpob\/homepage\/about-the-project-a-propos-du-projet\/\" class=\"cu-button cu-button--red cu-button--small\">\n                    Plus d&#8217;info\n                <\/a>\n            <\/footer>\n            <\/div>\n    \n\n\n<div class=\"not-prose cu-card rounded-lg @container md:max-w-xl flex flex-col gap-3 bg-white shadow-lg shadow-cu-black-100   \">\n            <figure class=\"mx-6 mt-6 mb-2 overflow-hidden max-w-[45%] @xl:md:max-w-[25%] rounded-md aspect-[4\/2.7]\">\n            <img loading=\"lazy\" decoding=\"async\" src=\"https:\/\/carleton.ca\/cicp-pcpob\/wp-content\/uploads\/sites\/26\/girl-laptop-760.jpg\" alt=\"\" width=\"200\" height=\"133\"><\/figure>\n        \n                        <header class=\"flex flex-col gap-3  px-6 first:mt-6\">\n                \n        \n    \n    <h2 class=\"line-clamp-3 text-lg font-semibold text-cu-black @sm:md:text-xl leading-6 @sm:md:leading-8\">\n        Nous contacter\n    <\/h2>\n\n            <\/header>\n\n        \n                    <div class=\"flex flex-col px-6\">\n                <p class=\"text-base text-cu-black-700\">\n                    Vous souhaitez nous contacter ? \n                <\/p>\n            <\/div>\n        \n                                \n            <footer class=\"px-6 pt-3 mt-auto text-white md:pt-5\">\n                <a  href=\"https:\/\/carleton.ca\/cicp-pcpob\/homepage\/contact-us-nous-contacter\/\" class=\"cu-button cu-button--red cu-button--small\">\n                    Plus d&#8217;info\n                <\/a>\n            <\/footer>\n            <\/div>\n    \n\n\n<div class=\"not-prose cu-card rounded-lg @container md:max-w-xl flex flex-col gap-3 bg-white shadow-lg shadow-cu-black-100   \">\n            <figure class=\"mx-6 mt-6 mb-2 overflow-hidden max-w-[45%] @xl:md:max-w-[25%] rounded-md aspect-[4\/2.7]\">\n            <img loading=\"lazy\" decoding=\"async\" src=\"https:\/\/carleton.ca\/cicp-pcpob\/wp-content\/uploads\/sites\/26\/pexels-leeloo-thefirst-5428829-scaled.jpg\" alt=\"\" width=\"200\" height=\"133\"><\/figure>\n        \n                        <header class=\"flex flex-col gap-3  px-6 first:mt-6\">\n                \n        \n    \n    <h2 class=\"line-clamp-3 text-lg font-semibold text-cu-black @sm:md:text-xl leading-6 @sm:md:leading-8\">\n        FAQ\n    <\/h2>\n\n            <\/header>\n\n        \n                    <div class=\"flex flex-col px-6\">\n                <p class=\"text-base text-cu-black-700\">\n                    Foire aux questions\n                <\/p>\n            <\/div>\n        \n                                \n            <footer class=\"px-6 pt-3 mt-auto text-white md:pt-5\">\n                <a  href=\"https:\/\/carleton.ca\/cicp-pcpob\/homepage\/foire-aux-questions\/\" class=\"cu-button cu-button--red cu-button--small\">\n                    Plus d&#8217;info\n                <\/a>\n            <\/footer>\n            <\/div>\n    \n\n        <\/div>\n\n        \n    <\/div>\n<\/section>\n\n\n\n<p><\/p>\n","protected":false},"excerpt":{"rendered":"<p>Autres ressources utiles sur la ma\u00eetrise des donn\u00e9es &#8211; Parall\u00e8lement \u00e0 l&#8217;extension du Centre d&#8217;\u00e9ducation communautaire, nous mettons \u00e9galement en avant de pr\u00e9cieuses ressources en mati\u00e8re de ma\u00eetrise des donn\u00e9es \u00e9labor\u00e9es par d&#8217;autres organisations. Bien que cette liste ne soit pas exhaustive, nous esp\u00e9rons qu&#8217;elle vous aidera \u00e0 trouver des outils et des formations suppl\u00e9mentaires [&hellip;]<\/p>\n","protected":false},"author":90,"featured_media":0,"parent":451,"menu_order":0,"comment_status":"closed","ping_status":"closed","template":"","meta":{"_acf_changed":false,"_cu_dining_location_slug":"","footnotes":"","_links_to":"","_links_to_target":""},"cu_page_type":[41,39],"class_list":["post-5704","page","type-page","status-publish","hentry","cu_page_type-fr","cu_page_type-tertiary-page"],"acf":{"cu_post_thumbnail":""},"_links":{"self":[{"href":"https:\/\/carleton.ca\/cicp-pcpob\/wp-json\/wp\/v2\/pages\/5704","targetHints":{"allow":["GET"]}}],"collection":[{"href":"https:\/\/carleton.ca\/cicp-pcpob\/wp-json\/wp\/v2\/pages"}],"about":[{"href":"https:\/\/carleton.ca\/cicp-pcpob\/wp-json\/wp\/v2\/types\/page"}],"author":[{"embeddable":true,"href":"https:\/\/carleton.ca\/cicp-pcpob\/wp-json\/wp\/v2\/users\/90"}],"replies":[{"embeddable":true,"href":"https:\/\/carleton.ca\/cicp-pcpob\/wp-json\/wp\/v2\/comments?post=5704"}],"version-history":[{"count":2,"href":"https:\/\/carleton.ca\/cicp-pcpob\/wp-json\/wp\/v2\/pages\/5704\/revisions"}],"predecessor-version":[{"id":5706,"href":"https:\/\/carleton.ca\/cicp-pcpob\/wp-json\/wp\/v2\/pages\/5704\/revisions\/5706"}],"up":[{"embeddable":true,"href":"https:\/\/carleton.ca\/cicp-pcpob\/wp-json\/wp\/v2\/pages\/451"}],"wp:attachment":[{"href":"https:\/\/carleton.ca\/cicp-pcpob\/wp-json\/wp\/v2\/media?parent=5704"}],"wp:term":[{"taxonomy":"cu_page_type","embeddable":true,"href":"https:\/\/carleton.ca\/cicp-pcpob\/wp-json\/wp\/v2\/cu_page_type?post=5704"}],"curies":[{"name":"wp","href":"https:\/\/api.w.org\/{rel}","templated":true}]}}