{"id":5710,"date":"2026-04-30T12:00:37","date_gmt":"2026-04-30T16:00:37","guid":{"rendered":"https:\/\/carleton.ca\/cicp-pcpob\/?page_id=5710"},"modified":"2026-04-30T12:04:40","modified_gmt":"2026-04-30T16:04:40","slug":"webinars-fr","status":"publish","type":"page","link":"https:\/\/carleton.ca\/cicp-pcpob\/cec\/webinars-fr\/","title":{"rendered":"Webinars &#8211; FR"},"content":{"rendered":"\n<section class=\"w-screen px-6 cu-section cu-section--white ml-offset-center md:px-8 lg:px-14\">\n    <div class=\"space-y-6 cu-max-w-child-5xl  md:space-y-10 cu-prose-first-last\">\n\n            <div class=\"cu-textmedia flex flex-col lg:flex-row mx-auto gap-6 md:gap-10 my-6 md:my-12 first:mt-0 max-w-5xl\">\n        <div class=\"justify-start cu-textmedia-content cu-prose-first-last\" style=\"flex: 0 0 100%;\">\n            <header class=\"font-light prose-xl cu-pageheader md:prose-2xl cu-component-updated cu-prose-first-last\">\n                                    <h1 class=\"cu-prose-first-last font-semibold !mt-2 mb-4 md:mb-6 relative after:absolute after:h-px after:bottom-0 after:bg-cu-red after:left-px text-3xl md:text-4xl lg:text-5xl lg:leading-[3.5rem] pb-5 after:w-10 text-cu-black-700 not-prose\">\n                        Webinaires sur la ma\u00eetrise des donn\u00e9es\n                    <\/h1>\n                \n                                \n                            <\/header>\n\n                    <\/div>\n\n            <\/div>\n\n    <\/div>\n<\/section>\n\n\n\n<div class=\"wp-block-buttons is-layout-flex wp-block-buttons-is-layout-flex\">\n<div class=\"wp-block-button\"><a class=\"wp-block-button__link wp-element-button\" href=\"https:\/\/carleton.ca\/cicp-pcpob\/cec\/data-literacy-webinars\/\" target=\"_blank\" rel=\"noreferrer noopener\">EN<\/a><\/div>\n<\/div>\n\n\n\n<h2 id=\"nouveau-serie-de-webinaires-sur-la-maitrise-des-donnees-en-direct\" class=\"wp-block-heading\">Nouveau : s\u00e9rie de webinaires sur la ma\u00eetrise des donn\u00e9es en direct<\/h2>\n\n\n\n<p>Nous sommes ravis de lancer une nouvelle s\u00e9rie de webinaires interactifs en direct sur la ma\u00eetrise des donn\u00e9es, ouverts et gratuits pour le public. Ces sessions sont sp\u00e9cialement con\u00e7ues pour les professionnels du secteur \u00e0 but non lucratif et caritatif qui souhaitent mieux comprendre les donn\u00e9es, mais qui peuvent se sentir incertains, d\u00e9pass\u00e9s ou manquer de ressources.<\/p>\n\n\n\n<p>Toutes les sessions :<\/p>\n\n\n\n<ul class=\"wp-block-list\">\n<li>Sont anim\u00e9es en direct sur Zoom.<\/li>\n\n\n\n<li>Sont gratuites et ouvertes au public.<\/li>\n\n\n\n<li>Seront enregistr\u00e9es et publi\u00e9es sur notre site web pour \u00eatre visionn\u00e9es ult\u00e9rieurement.<\/li>\n\n\n\n<li><em class=\"myprefix-text-italic\"><strong class=\"myprefix-text-bold\">\u00c0 noter : les webinaires sont propos\u00e9s en anglais. Les enregistrements seront disponibles sur notre site web avec des sous-titres en fran\u00e7ais.<\/strong><\/em><\/li>\n<\/ul>\n\n\n\n        \n\n\n                                                                                                                                                                                                                                                                                                                                                                                                                                            \n\n\n\n<section class=\"w-screen px-6 cu-section cu-section--white cu-section--cards ml-offset-center md:px-8 lg:px-14\" data-attributes=\"&#x7B;&quot;blockHeader&quot;&#x3A;&quot;Prochaines&#x20;sessions&#x20;-&quot;,&quot;numberOfColumns&quot;&#x3A;3,&quot;blockBackground&quot;&#x3A;&quot;white&quot;,&quot;numberOfPosts&quot;&#x3A;6,&quot;moreButton&quot;&#x3A;&quot;none&quot;,&quot;currentPage&quot;&#x3A;1,&quot;blockType&quot;&#x3A;&quot;cards&quot;,&quot;contentType&quot;&#x3A;&quot;cu_event&quot;,&quot;taxName&quot;&#x3A;&quot;cu_event_type&quot;,&quot;order&quot;&#x3A;&quot;ASC&quot;,&quot;orderBy&quot;&#x3A;&quot;meta_value&quot;,&quot;metaCompare&quot;&#x3A;&quot;&gt;&#x3D;&quot;,&quot;metaField&quot;&#x3A;&quot;cu_event_end_date&quot;,&quot;showFilter&quot;&#x3A;false,&quot;hideEventMeta&quot;&#x3A;false,&quot;categories&quot;&#x3A;&quot;43,105&quot;,&quot;tags&quot;&#x3A;&quot;&quot;&#x7D;\" data-page=\"2\">\n    <div class=\"space-y-6 cu-max-w-child-5xl  md:space-y-10 cu-prose-first-last\">\n\n                            \n\n\n<header class=\"mb-6 cu-pageheader cu-component-updated md:mb-12\">\n    <h2 id=\"prochaines-sessions\" class=\"cu-prose-first-last font-semibold !mt-2 mb-4 md:mb-6 relative text-2xl md:text-3xl lg:text-4xl lg:leading-[3rem] pb-4 after:w-8 after:absolute after:h-px after:bottom-0 after:bg-cu-red after:left-px\">\n        Prochaines sessions &#8211;\n    <\/h2>\n\n    <\/header>\n        \n                \n        <div class=\"cu-loading hidden text-center mx-auto h-6 w-6 animate-spin rounded-full border-4 border-solid border-current border-r-transparent align-[-0.125em] motion-reduce:animate-[spin_1.5s_linear_infinite]\" role=\"status\">\n    <span class=\"!absolute !-m-px !h-px !w-px !overflow-hidden !whitespace-nowrap !border-0 !p-0 ![clip:rect(0,0,0,0)]\">\n        Loading&#8230;\n    <\/span>\n<\/div>\n\n                                        \n        <p class=\"cu-no-posts hidden\">\n            No\n            event\n\n            posts are available.\n        <\/p>\n\n                <div class=\"cu-column cu-component not-contained mx-auto grid max-w-5xl md:grid-cols-3 gap-6 md:gap-10\">\n                        \n                    \n<div class=\"not-prose cu-card rounded-lg @container md:max-w-xl flex flex-col gap-3 bg-white shadow-lg shadow-cu-black-100 group duration-300 ease-in hover:scale-[1.02] hover:shadow-cu-black-200\">\n\n            <figure class=\"mb-2 overflow-hidden rounded-t-lg\">\n            <img loading=\"lazy\" decoding=\"async\" src=\"https:\/\/its-production.s3.amazonaws.com\/gutenberg\/cutheme-plugin\/images\/thumb-fallbacks\/event-thumb-1.jpg\" alt=\"Randomly generated thumbnail\" width=\"600\" height=\"400\" \/>\n        <\/figure>\n    \n                            <div class=\"mx-6 mb-2 -mt-16\">\n                <h3 class=\"h-20 w-20 @4xl:lg:h-32 @4xl:lg:w-32 flex flex-col items-center justify-center rounded-md bg-white shadow-md\">\n            <span class=\"block text-xs @4xl:lg:text-lg font-bold uppercase text-cu-red\">\n                                    May\n                            <\/span>\n            <span class=\"block text-2xl @4xl:lg:text-4xl font-bold uppercase text-cu-black-800\">\n                                    5\n                            <\/span>\n        <\/h3>\n                    <\/div>\n            \n\n        <header class=\"flex flex-col gap-3  px-6 first:mt-6\">\n                \n        \n    \n    <h3 class=\"line-clamp-3 text-lg font-semibold text-cu-black @sm:md:text-xl leading-6 @sm:md:leading-8\">\n        Webinar 3: Excel &#038; Google Sheets: Level-Up Skills for Nonprofits\n    <\/h3>\n\n            <\/header>\n\n\n            <div class=\"flex flex-col px-6\">\n\n            <ul class=\"space-y-3 text-sm text-cu-black-600 @sm:md:text-base\">\n                <li>\n                                <div class=\"flex\">\n\n                            <span class=\"flex-shrink-0 mr-2 cu-icon\" style=\"width: 20px; height: 20px; display: inline-block;\" aria-hidden=\"true\"><svg xmlns=\"http:\/\/www.w3.org\/2000\/svg\" viewBox=\"0 0 512 512\" fill=\"#f48c90\" width=\"20\" height=\"20\"><path d=\"M480 256A224 224 0 1 1 32 256a224 224 0 1 1 448 0zM0 256a256 256 0 1 0 512 0A256 256 0 1 0 0 256zM240 112l0 144c0 5.3 2.7 10.3 7.1 13.3l96 64c7.4 4.9 17.3 2.9 22.2-4.4s2.9-17.3-4.4-22.2L272 247.4 272 112c0-8.8-7.2-16-16-16s-16 7.2-16 16z\"><\/path><\/svg><\/span>\n                        \n                            1:00 PM\n                to\n                2:00 PM\n                    <\/div>\n    \n                <\/li>\n                <li>\n                                <div class=\"flex\">\n                            <span class=\"flex-shrink-0 mr-2 cu-icon\" style=\"width: 20px; height: 20px; display: inline-block;\" aria-hidden=\"true\"><svg xmlns=\"http:\/\/www.w3.org\/2000\/svg\" viewBox=\"0 0 384 512\" fill=\"#f48c90\" width=\"20\" height=\"20\"><path d=\"M352 192c0-88.4-71.6-160-160-160S32 103.6 32 192c0 15.6 5.4 37 16.6 63.4c10.9 25.9 26.2 54 43.6 82.1c34.1 55.3 74.4 108.2 99.9 140c25.4-31.8 65.8-84.7 99.9-140c17.3-28.1 32.7-56.3 43.6-82.1C346.6 229 352 207.6 352 192zm32 0c0 87.4-117 243-168.3 307.2c-12.3 15.3-35.1 15.3-47.4 0C117 435 0 279.4 0 192C0 86 86 0 192 0S384 86 384 192zm-240 0a48 48 0 1 0 96 0 48 48 0 1 0 -96 0zm48 80a80 80 0 1 1 0-160 80 80 0 1 1 0 160z\"><\/path><\/svg><\/span>\n            \n                            Virtual Event\n                    <\/div>\n    \n                <\/li>\n            <\/ul>\n        <\/div>\n    \n    <footer class=\"px-6 pt-3 mt-auto md:pt-5\">\n        <a href=\"https:\/\/carleton.ca\/cicp-pcpob\/event\/webinar-3-excel-google-sheets-level-up-skills-for-nonprofits\/\" class=\"cu-button cu-button--red cu-button--small\">\n            View event info\n            <span class=\"sr-only\">\n                about\n                Webinar 3: Excel &#038; Google Sheets: Level-Up Skills for Nonprofits\n            <\/span>\n        <\/a>\n    <\/footer>\n<\/div>\n\n                    \n        <\/div>\n        \n                                    \n    <\/div>\n<\/section>\n\n\n\n<section class=\"w-screen px-6 cu-section cu-section--white ml-offset-center md:px-8 lg:px-14\">\n    <div class=\"space-y-6 cu-max-w-child-5xl  md:space-y-10 cu-prose-first-last\">\n\n                            \n\n\n<header class=\"mb-6 cu-pageheader cu-component-updated md:mb-12\">\n    <h2 id=\"evenements-passes\" class=\"cu-prose-first-last font-semibold !mt-2 mb-4 md:mb-6 relative text-2xl md:text-3xl lg:text-4xl lg:leading-[3rem] pb-4 after:w-8 after:absolute after:h-px after:bottom-0 after:bg-cu-red after:left-px\">\n        \u00c9v\u00e9nements pass\u00e9s &#8211; \n    <\/h2>\n\n    <\/header>\n        \n        <div class=\"cu-column cu-component not-contained mx-auto grid max-w-5xl md:grid-cols-3 gap-6 md:gap-10\">\n            \n\n\n    <div class=\"not-prose cu-card rounded-lg @container md:max-w-xl flex flex-col gap-3 bg-white shadow-lg shadow-cu-black-100 group duration-300 ease-in hover:scale-[1.02] hover:shadow-cu-black-200\">\n\n                    <figure class=\"mb-2 overflow-hidden rounded-t-lg\">\n                <img loading=\"lazy\" decoding=\"async\" src=\"https:\/\/its-production.s3.amazonaws.com\/gutenberg\/cutheme-plugin\/images\/thumb-fallbacks\/event-thumb-1.jpg\" alt=\"Randomly generated thumbnail\" width=\"400\" height=\"300\" \/>\n            <\/figure>\n        \n                                <div class=\"mx-6 mb-2 -mt-16\">\n                <h2 class=\"h-20 w-20 @4xl:lg:h-32 @4xl:lg:w-32 flex flex-col items-center justify-center rounded-md bg-white shadow-md\">\n            <span class=\"block text-xs @4xl:lg:text-lg font-bold uppercase text-cu-red\">\n                                    Apr\n                            <\/span>\n            <span class=\"block text-2xl @4xl:lg:text-4xl font-bold uppercase text-cu-black-800\">\n                                    28\n                            <\/span>\n        <\/h2>\n                    <\/div>\n            \n\n            <header class=\"flex flex-col gap-3  px-6 first:mt-6\">\n                \n        \n    \n    <h2 class=\"line-clamp-3 text-lg font-semibold text-cu-black @sm:md:text-xl leading-6 @sm:md:leading-8\">\n        Webinar 2: Spreadsheet Basics for Nonprofits\n    <\/h2>\n\n            <\/header>\n\n\n        <div class=\"flex flex-col px-6\">\n            <ul class=\"space-y-3 text-sm text-cu-black-600 @sm:md:text-base\">\n                <li>\n                                <div class=\"flex\">\n\n                            <span class=\"flex-shrink-0 mr-2 cu-icon\" style=\"width: 20px; height: 20px; display: inline-block;\" aria-hidden=\"true\"><svg xmlns=\"http:\/\/www.w3.org\/2000\/svg\" viewBox=\"0 0 512 512\" fill=\"#f48c90\" width=\"20\" height=\"20\"><path d=\"M480 256A224 224 0 1 1 32 256a224 224 0 1 1 448 0zM0 256a256 256 0 1 0 512 0A256 256 0 1 0 0 256zM240 112l0 144c0 5.3 2.7 10.3 7.1 13.3l96 64c7.4 4.9 17.3 2.9 22.2-4.4s2.9-17.3-4.4-22.2L272 247.4 272 112c0-8.8-7.2-16-16-16s-16 7.2-16 16z\"><\/path><\/svg><\/span>\n                        \n                            1:00 PM\n                to\n                2:00 PM\n                    <\/div>\n    \n                <\/li>\n                <li>\n                                <div class=\"flex\">\n                            <span class=\"flex-shrink-0 mr-2 cu-icon\" style=\"width: 20px; height: 20px; display: inline-block;\" aria-hidden=\"true\"><svg xmlns=\"http:\/\/www.w3.org\/2000\/svg\" viewBox=\"0 0 384 512\" fill=\"#f48c90\" width=\"20\" height=\"20\"><path d=\"M352 192c0-88.4-71.6-160-160-160S32 103.6 32 192c0 15.6 5.4 37 16.6 63.4c10.9 25.9 26.2 54 43.6 82.1c34.1 55.3 74.4 108.2 99.9 140c25.4-31.8 65.8-84.7 99.9-140c17.3-28.1 32.7-56.3 43.6-82.1C346.6 229 352 207.6 352 192zm32 0c0 87.4-117 243-168.3 307.2c-12.3 15.3-35.1 15.3-47.4 0C117 435 0 279.4 0 192C0 86 86 0 192 0S384 86 384 192zm-240 0a48 48 0 1 0 96 0 48 48 0 1 0 -96 0zm48 80a80 80 0 1 1 0-160 80 80 0 1 1 0 160z\"><\/path><\/svg><\/span>\n            \n                            Virtual Event\n                    <\/div>\n    \n                <\/li>\n            <\/ul>\n        <\/div>\n\n                    <footer class=\"px-6 pt-3 mt-auto text-white md:pt-5\">\n                <a href=\"https:\/\/carleton.ca\/cicp-pcpob\/event\/webinar-2-spreadsheet-basics-for-nonprofits\/\" class=\"cu-button cu-button--red cu-button--small\">\n                    Read more\n                <\/a>\n            <\/footer>\n            <\/div>\n\n\n\n\n    <div class=\"not-prose cu-card rounded-lg @container md:max-w-xl flex flex-col gap-3 bg-white shadow-lg shadow-cu-black-100 group duration-300 ease-in hover:scale-[1.02] hover:shadow-cu-black-200\">\n\n                    <figure class=\"mb-2 overflow-hidden rounded-t-lg\">\n                <img loading=\"lazy\" decoding=\"async\" src=\"https:\/\/its-production.s3.amazonaws.com\/gutenberg\/cutheme-plugin\/images\/thumb-fallbacks\/event-thumb-1.jpg\" alt=\"Randomly generated thumbnail\" width=\"400\" height=\"300\" \/>\n            <\/figure>\n        \n                                <div class=\"mx-6 mb-2 -mt-16\">\n                <h2 class=\"h-20 w-20 @4xl:lg:h-32 @4xl:lg:w-32 flex flex-col items-center justify-center rounded-md bg-white shadow-md\">\n            <span class=\"block text-xs @4xl:lg:text-lg font-bold uppercase text-cu-red\">\n                                    Mar\n                            <\/span>\n            <span class=\"block text-2xl @4xl:lg:text-4xl font-bold uppercase text-cu-black-800\">\n                                    3\n                            <\/span>\n        <\/h2>\n                    <\/div>\n            \n\n            <header class=\"flex flex-col gap-3  px-6 first:mt-6\">\n                \n        \n    \n    <h2 class=\"line-clamp-3 text-lg font-semibold text-cu-black @sm:md:text-xl leading-6 @sm:md:leading-8\">\n        Workshop 1: What Are Data?\n    <\/h2>\n\n            <\/header>\n\n\n        <div class=\"flex flex-col px-6\">\n            <ul class=\"space-y-3 text-sm text-cu-black-600 @sm:md:text-base\">\n                <li>\n                                <div class=\"flex\">\n\n                            <span class=\"flex-shrink-0 mr-2 cu-icon\" style=\"width: 20px; height: 20px; display: inline-block;\" aria-hidden=\"true\"><svg xmlns=\"http:\/\/www.w3.org\/2000\/svg\" viewBox=\"0 0 512 512\" fill=\"#f48c90\" width=\"20\" height=\"20\"><path d=\"M480 256A224 224 0 1 1 32 256a224 224 0 1 1 448 0zM0 256a256 256 0 1 0 512 0A256 256 0 1 0 0 256zM240 112l0 144c0 5.3 2.7 10.3 7.1 13.3l96 64c7.4 4.9 17.3 2.9 22.2-4.4s2.9-17.3-4.4-22.2L272 247.4 272 112c0-8.8-7.2-16-16-16s-16 7.2-16 16z\"><\/path><\/svg><\/span>\n                        \n                            1:00 PM\n                to\n                2:00 PM\n                    <\/div>\n    \n                <\/li>\n                <li>\n                                <div class=\"flex\">\n                            <span class=\"flex-shrink-0 mr-2 cu-icon\" style=\"width: 20px; height: 20px; display: inline-block;\" aria-hidden=\"true\"><svg xmlns=\"http:\/\/www.w3.org\/2000\/svg\" viewBox=\"0 0 384 512\" fill=\"#f48c90\" width=\"20\" height=\"20\"><path d=\"M352 192c0-88.4-71.6-160-160-160S32 103.6 32 192c0 15.6 5.4 37 16.6 63.4c10.9 25.9 26.2 54 43.6 82.1c34.1 55.3 74.4 108.2 99.9 140c25.4-31.8 65.8-84.7 99.9-140c17.3-28.1 32.7-56.3 43.6-82.1C346.6 229 352 207.6 352 192zm32 0c0 87.4-117 243-168.3 307.2c-12.3 15.3-35.1 15.3-47.4 0C117 435 0 279.4 0 192C0 86 86 0 192 0S384 86 384 192zm-240 0a48 48 0 1 0 96 0 48 48 0 1 0 -96 0zm48 80a80 80 0 1 1 0-160 80 80 0 1 1 0 160z\"><\/path><\/svg><\/span>\n            \n                            Virtual Event\n                    <\/div>\n    \n                <\/li>\n            <\/ul>\n        <\/div>\n\n                    <footer class=\"px-6 pt-3 mt-auto text-white md:pt-5\">\n                <a href=\"https:\/\/carleton.ca\/cicp-pcpob\/event\/workshop-1-what-are-data\/\" class=\"cu-button cu-button--red cu-button--small\">\n                    Read more\n                <\/a>\n            <\/footer>\n            <\/div>\n\n\n        <\/div>\n\n        \n    <\/div>\n<\/section>\n\n\n    \n<section class=\"w-screen px-6 cu-section cu-section--grey ml-offset-center md:px-8 lg:px-14\">\n    <div class=\"space-y-6 cu-max-w-child-5xl bg-cu-black-50 max-w-screen-2xl mx-auto rounded-xl px-6 py-5 md:px-14 md:py-12 md:space-y-10 cu-prose-first-last\">\n\n                            \n\n\n<header class=\"mb-6 cu-pageheader cu-component-updated md:mb-12\">\n    <h2 id=\"autres-liens-utiles\" class=\"cu-prose-first-last font-semibold !mt-2 mb-4 md:mb-6 relative text-2xl md:text-3xl lg:text-4xl lg:leading-[3rem] pb-4 after:w-8 after:absolute after:h-px after:bottom-0 after:bg-cu-red after:left-px\">\n        Autres liens utiles\n    <\/h2>\n\n    <\/header>\n        \n        <div class=\"cu-column cu-component not-contained mx-auto grid max-w-5xl md:grid-cols-3 gap-6 md:gap-10\">\n            \n\n<div class=\"not-prose cu-card rounded-lg @container md:max-w-xl flex flex-col gap-3 bg-white shadow-lg shadow-cu-black-100   \">\n            <figure class=\"mx-6 mt-6 mb-2 overflow-hidden max-w-[45%] @xl:md:max-w-[25%] rounded-md aspect-[4\/2.7]\">\n            <img loading=\"lazy\" decoding=\"async\" src=\"https:\/\/carleton.ca\/cicp-pcpob\/wp-content\/uploads\/sites\/26\/quokka.jpg\" alt=\"\" width=\"200\" height=\"133\"><\/figure>\n        \n                        <header class=\"flex flex-col gap-3  px-6 first:mt-6\">\n                \n        \n    \n    <h2 class=\"line-clamp-3 text-lg font-semibold text-cu-black @sm:md:text-xl leading-6 @sm:md:leading-8\">\n        \u00c0 propos du PCPOB\n    <\/h2>\n\n            <\/header>\n\n        \n        \n                                \n            <footer class=\"px-6 pt-3 mt-auto text-white md:pt-5\">\n                <a  href=\"https:\/\/carleton.ca\/cicp-pcpob\/homepage\/about-the-project-a-propos-du-projet\/\" class=\"cu-button cu-button--red cu-button--small\">\n                    Plus d&#8217;informations\n                <\/a>\n            <\/footer>\n            <\/div>\n    \n\n\n<div class=\"not-prose cu-card rounded-lg @container md:max-w-xl flex flex-col gap-3 bg-white shadow-lg shadow-cu-black-100   \">\n            <figure class=\"mx-6 mt-6 mb-2 overflow-hidden max-w-[45%] @xl:md:max-w-[25%] rounded-md aspect-[4\/2.7]\">\n            <img loading=\"lazy\" decoding=\"async\" src=\"https:\/\/carleton.ca\/cicp-pcpob\/wp-content\/uploads\/sites\/26\/girl-laptop-760.jpg\" alt=\"\" width=\"200\" height=\"133\"><\/figure>\n        \n                        <header class=\"flex flex-col gap-3  px-6 first:mt-6\">\n                \n        \n    \n    <h2 class=\"line-clamp-3 text-lg font-semibold text-cu-black @sm:md:text-xl leading-6 @sm:md:leading-8\">\n        Plus d&#8217;informations\n    <\/h2>\n\n            <\/header>\n\n        \n                    <div class=\"flex flex-col px-6\">\n                <p class=\"text-base text-cu-black-700\">\n                    Prenez contact avec nous ou abonnez-vous \u00e0 notre lettre d&#8217;information !\n                <\/p>\n            <\/div>\n        \n                                \n            <footer class=\"px-6 pt-3 mt-auto text-white md:pt-5\">\n                <a  href=\"https:\/\/carleton.ca\/cicp-pcpob\/homepage\/contact-us-nous-contacter\/\" class=\"cu-button cu-button--red cu-button--small\">\n                    Plus d&#8217;informations\n                <\/a>\n            <\/footer>\n            <\/div>\n    \n\n\n<div class=\"not-prose cu-card rounded-lg @container md:max-w-xl flex flex-col gap-3 bg-white shadow-lg shadow-cu-black-100   \">\n            <figure class=\"mx-6 mt-6 mb-2 overflow-hidden max-w-[45%] @xl:md:max-w-[25%] rounded-md aspect-[4\/2.7]\">\n            <img loading=\"lazy\" decoding=\"async\" src=\"https:\/\/carleton.ca\/cicp-pcpob\/wp-content\/uploads\/sites\/26\/pexels-leeloo-thefirst-5428829-scaled.jpg\" alt=\"\" width=\"200\" height=\"133\"><\/figure>\n        \n                        <header class=\"flex flex-col gap-3  px-6 first:mt-6\">\n                \n        \n    \n    <h2 class=\"line-clamp-3 text-lg font-semibold text-cu-black @sm:md:text-xl leading-6 @sm:md:leading-8\">\n        FAQ\n    <\/h2>\n\n            <\/header>\n\n        \n                    <div class=\"flex flex-col px-6\">\n                <p class=\"text-base text-cu-black-700\">\n                    Questions fr\u00e9quemment pos\u00e9es.\n                <\/p>\n            <\/div>\n        \n                                \n            <footer class=\"px-6 pt-3 mt-auto text-white md:pt-5\">\n                <a  href=\"https:\/\/carleton.ca\/cicp-pcpob\/homepage\/frequently-asked-questions\/\" class=\"cu-button cu-button--red cu-button--small\">\n                    Plus d&#8217;informations\n                <\/a>\n            <\/footer>\n            <\/div>\n    \n\n        <\/div>\n\n        \n    <\/div>\n<\/section>\n","protected":false},"excerpt":{"rendered":"<p>Nouveau : s\u00e9rie de webinaires sur la ma\u00eetrise des donn\u00e9es en direct Nous sommes ravis de lancer une nouvelle s\u00e9rie de webinaires interactifs en direct sur la ma\u00eetrise des donn\u00e9es, ouverts et gratuits pour le public. Ces sessions sont sp\u00e9cialement con\u00e7ues pour les professionnels du secteur \u00e0 but non lucratif et caritatif qui souhaitent mieux [&hellip;]<\/p>\n","protected":false},"author":90,"featured_media":0,"parent":451,"menu_order":0,"comment_status":"closed","ping_status":"closed","template":"","meta":{"_acf_changed":false,"_cu_dining_location_slug":"","footnotes":"","_links_to":"","_links_to_target":""},"cu_page_type":[41,39],"class_list":["post-5710","page","type-page","status-publish","hentry","cu_page_type-fr","cu_page_type-tertiary-page"],"acf":{"cu_post_thumbnail":""},"_links":{"self":[{"href":"https:\/\/carleton.ca\/cicp-pcpob\/wp-json\/wp\/v2\/pages\/5710","targetHints":{"allow":["GET"]}}],"collection":[{"href":"https:\/\/carleton.ca\/cicp-pcpob\/wp-json\/wp\/v2\/pages"}],"about":[{"href":"https:\/\/carleton.ca\/cicp-pcpob\/wp-json\/wp\/v2\/types\/page"}],"author":[{"embeddable":true,"href":"https:\/\/carleton.ca\/cicp-pcpob\/wp-json\/wp\/v2\/users\/90"}],"replies":[{"embeddable":true,"href":"https:\/\/carleton.ca\/cicp-pcpob\/wp-json\/wp\/v2\/comments?post=5710"}],"version-history":[{"count":3,"href":"https:\/\/carleton.ca\/cicp-pcpob\/wp-json\/wp\/v2\/pages\/5710\/revisions"}],"predecessor-version":[{"id":5720,"href":"https:\/\/carleton.ca\/cicp-pcpob\/wp-json\/wp\/v2\/pages\/5710\/revisions\/5720"}],"up":[{"embeddable":true,"href":"https:\/\/carleton.ca\/cicp-pcpob\/wp-json\/wp\/v2\/pages\/451"}],"wp:attachment":[{"href":"https:\/\/carleton.ca\/cicp-pcpob\/wp-json\/wp\/v2\/media?parent=5710"}],"wp:term":[{"taxonomy":"cu_page_type","embeddable":true,"href":"https:\/\/carleton.ca\/cicp-pcpob\/wp-json\/wp\/v2\/cu_page_type?post=5710"}],"curies":[{"name":"wp","href":"https:\/\/api.w.org\/{rel}","templated":true}]}}