{"id":5802,"date":"2026-05-13T14:53:43","date_gmt":"2026-05-13T18:53:43","guid":{"rendered":"https:\/\/carleton.ca\/cicp-pcpob\/?page_id=5802"},"modified":"2026-05-13T14:54:02","modified_gmt":"2026-05-13T18:54:02","slug":"notre-methodologie","status":"publish","type":"page","link":"https:\/\/carleton.ca\/cicp-pcpob\/notre-methodologie\/","title":{"rendered":"Notre m\u00e9thodologie"},"content":{"rendered":"\n<section class=\"w-screen px-6 cu-section cu-section--white ml-offset-center md:px-8 lg:px-14\">\n    <div class=\"space-y-6 cu-max-w-child-5xl  md:space-y-10 cu-prose-first-last\">\n\n            <div class=\"cu-textmedia flex flex-col lg:flex-row mx-auto gap-6 md:gap-10 my-6 md:my-12 first:mt-0 max-w-5xl\">\n        <div class=\"justify-start cu-textmedia-content cu-prose-first-last\" style=\"flex: 0 0 100%;\">\n            <header class=\"font-light prose-xl cu-pageheader md:prose-2xl cu-component-updated cu-prose-first-last\">\n                                    <h1 class=\"cu-prose-first-last font-semibold !mt-2 mb-4 md:mb-6 relative after:absolute after:h-px after:bottom-0 after:bg-cu-red after:left-px text-3xl md:text-4xl lg:text-5xl lg:leading-[3.5rem] pb-5 after:w-10 text-cu-black-700 not-prose\">\n                        Notre m\u00e9thodologie\n                    <\/h1>\n                \n                                \n                                    \n\n<p>M\u00e9thodologie des enqu\u00eates PCPOB<\/p>\n\n\n\n<div class=\"wp-block-buttons is-layout-flex wp-block-buttons-is-layout-flex\">\n<div class=\"wp-block-button\"><a class=\"wp-block-button__link wp-element-button\" href=\"https:\/\/carleton.ca\/cicp-pcpob\/our-methodology\/\">EN<\/a><\/div>\n<\/div>\n\n\n                            <\/header>\n\n                    <\/div>\n\n            <\/div>\n\n    <\/div>\n<\/section>\n\n\n\n\n<div class=\"w-full max-w-xl mx-auto overflow-hidden bg-white rounded-lg shadow-lg cu-stackedlist cu-component not-contained not-prose\">\n    <h2 class=\"px-6 py-4 text-base font-semibold border-b rounded-t-lg md:text-xl bg-gray-50 text-cu-black-800\">\n        Table of Contents\n    <\/h2>\n    <div class=\"grid cu-scrollto cu-stackedlist--toc cu-stackedlist--1 md:grid-cols-1\">\n            <div class=\"space-y-1\">\n                    \n            <div class=\"pl-4 text-cu-red-700\">\n                <div class=\"flex gap-2 pb-3 text-base md:text-lg\">\n                    <span class=\"font-light text-cu-black-700\">\n                        1.\n                    <\/span>\n\n                    <a href=\"#apercu\" class=\"font-medium hover:underline\">\n                        Aper\u00e7u\n                    <\/a>\n                <\/div>\n\n                            <\/div>\n                    \n            <div class=\"pl-4 text-cu-red-700\">\n                <div class=\"flex gap-2 pb-3 text-base md:text-lg\">\n                    <span class=\"font-light text-cu-black-700\">\n                        2.\n                    <\/span>\n\n                    <a href=\"#source-des-donnees\" class=\"font-medium hover:underline\">\n                        Source des donn\u00e9es\n                    <\/a>\n                <\/div>\n\n                            <\/div>\n                    \n            <div class=\"pl-4 text-cu-red-700\">\n                <div class=\"flex gap-2 pb-3 text-base md:text-lg\">\n                    <span class=\"font-light text-cu-black-700\">\n                        3.\n                    <\/span>\n\n                    <a href=\"#elaboration-de-lechantillon\" class=\"font-medium hover:underline\">\n                        \u00c9laboration de l&#8217;\u00e9chantillon\n                    <\/a>\n                <\/div>\n\n                            <\/div>\n                    \n            <div class=\"pl-4 text-cu-red-700\">\n                <div class=\"flex gap-2 pb-3 text-base md:text-lg\">\n                    <span class=\"font-light text-cu-black-700\">\n                        4.\n                    <\/span>\n\n                    <a href=\"#recrutement-et-participation\" class=\"font-medium hover:underline\">\n                        Recrutement et participation\n                    <\/a>\n                <\/div>\n\n                            <\/div>\n                    \n            <div class=\"pl-4 text-cu-red-700\">\n                <div class=\"flex gap-2 pb-3 text-base md:text-lg\">\n                    <span class=\"font-light text-cu-black-700\">\n                        5.\n                    <\/span>\n\n                    <a href=\"#processus-denquete\" class=\"font-medium hover:underline\">\n                        Processus d&#8217;enqu\u00eate\n                    <\/a>\n                <\/div>\n\n                            <\/div>\n                    \n            <div class=\"pl-4 text-cu-red-700\">\n                <div class=\"flex gap-2 pb-3 text-base md:text-lg\">\n                    <span class=\"font-light text-cu-black-700\">\n                        6.\n                    <\/span>\n\n                    <a href=\"#gouvernance-et-supervision\" class=\"font-medium hover:underline\">\n                        Gouvernance et supervision\n                    <\/a>\n                <\/div>\n\n                            <\/div>\n                    \n            <div class=\"pl-4 text-cu-red-700\">\n                <div class=\"flex gap-2 pb-3 text-base md:text-lg\">\n                    <span class=\"font-light text-cu-black-700\">\n                        7.\n                    <\/span>\n\n                    <a href=\"#interpretation-des-resultats-points-forts-et-limites\" class=\"font-medium hover:underline\">\n                        Interpr\u00e9tation des r\u00e9sultats : points forts et limites\n                    <\/a>\n                <\/div>\n\n                            <\/div>\n                    \n            <div class=\"pl-4 text-cu-red-700\">\n                <div class=\"flex gap-2 pb-3 text-base md:text-lg\">\n                    <span class=\"font-light text-cu-black-700\">\n                        8.\n                    <\/span>\n\n                    <a href=\"#a-propos-de-la-representativite\" class=\"font-medium hover:underline\">\n                        \u00c0 propos de la repr\u00e9sentativit\u00e9\n                    <\/a>\n                <\/div>\n\n                            <\/div>\n            <\/div>\n\n    <\/div>\n<\/div>\n\n\n\n<h3 id=\"apercu\" class=\"wp-block-heading\">Aper\u00e7u<\/h3>\n\n\n\n<p>Le Projet Canada Perspectives des Organismes de Bienfaisance (PCPOB) m\u00e8ne des enqu\u00eates r\u00e9guli\u00e8res aupr\u00e8s d&#8217;un panel d&#8217;organismes de bienfaisance canadiens enregistr\u00e9s afin de fournir des informations actualis\u00e9es sur les tendances, les d\u00e9fis et les enjeux \u00e9mergents du secteur. Notre m\u00e9thodologie est con\u00e7ue pour concilier rapidit\u00e9, coh\u00e9rence et large repr\u00e9sentativit\u00e9 du secteur, tout en garantissant la transparence quant aux atouts et aux limites des \u00e9tudes bas\u00e9es sur un panel.<\/p>\n\n\n\n<h3 id=\"source-des-donnees\" class=\"wp-block-heading\">Source des donn\u00e9es<\/h3>\n\n\n\n<p>Ce panel a \u00e9t\u00e9 constitu\u00e9 \u00e0 partir de donn\u00e9es accessibles au public provenant de l&#8217;Agence du revenu du Canada (ARC), plus pr\u00e9cis\u00e9ment des d\u00e9clarations de renseignements des organismes de bienfaisance enregistr\u00e9s (formulaire T3010).<\/p>\n\n\n\n<ul class=\"wp-block-list\">\n<li>Ce projet est ind\u00e9pendant et n&#8217;est affili\u00e9 ni \u00e0 l&#8217;ARC ni au gouvernement du Canada.<\/li>\n\n\n\n<li>Cet ensemble de donn\u00e9es repr\u00e9sente l&#8217;ensemble des organismes de bienfaisance enregistr\u00e9s au Canada.<\/li>\n\n\n\n<li>Le PCPOB utilise des copies non modifi\u00e9es de cet ensemble de donn\u00e9es accessible au public.<\/li>\n<\/ul>\n\n\n\n<h3 id=\"elaboration-de-lechantillon\" class=\"wp-block-heading\">\u00c9laboration de l&#8217;\u00e9chantillon<\/h3>\n\n\n\n<p><strong class=\"myprefix-text-bold\">Base d&#8217;\u00e9chantillonnage<\/strong><\/p>\n\n\n\n<p>La population initiale comprend environ 84 400 organismes de bienfaisance enregistr\u00e9s au Canada, selon les d\u00e9clarations de renseignements des organismes de bienfaisance enregistr\u00e9s (formulaire T3010) de l&#8217;ARC. Afin de concentrer l&#8217;analyse sur les organismes pr\u00e9sentant des structures de gouvernance, des modes de financement et des mod\u00e8les op\u00e9rationnels comparables, plusieurs crit\u00e8res d&#8217;exclusion fondamentaux ont \u00e9t\u00e9 appliqu\u00e9s.<\/p>\n\n\n\n<p><strong class=\"myprefix-text-bold\"><em class=\"myprefix-text-italic\">Crit\u00e8res d&#8217;inclusion principaux<\/em><\/strong><\/p>\n\n\n\n<ul class=\"wp-block-list\">\n<li>Class\u00e9es dans la cat\u00e9gorie C (organisations caritatives)<\/li>\n\n\n\n<li>Ayant d\u00e9clar\u00e9 au moins un employ\u00e9 \u00e0 temps plein (ETP)<\/li>\n\n\n\n<li>Ayant d\u00e9clar\u00e9 plus de 1 $ de d\u00e9penses annuelles (au cours de l&#8217;ann\u00e9e de s\u00e9lection de l&#8217;\u00e9chantillon)<\/li>\n<\/ul>\n\n\n\n<p><strong class=\"myprefix-text-bold\"><em class=\"myprefix-text-italic\">Crit\u00e8res d&#8217;exclusion principaux<\/em><\/strong><\/p>\n\n\n\n<ul class=\"wp-block-list\">\n<li>H\u00f4pitaux<\/li>\n\n\n\n<li>\u00c9coles<\/li>\n\n\n\n<li>La plupart des organismes de bienfaisance li\u00e9s \u00e0 la religion, d\u00e9finis comme des organismes dont la classification principale refl\u00e8te une identit\u00e9 religieuse (y compris le christianisme, l\u2019islam, le juda\u00efsme, les autres religions, le soutien aux religions, les organisations \u0153cum\u00e9niques et interconfessionnelles, et les fondations promouvant les religions).<\/li>\n<\/ul>\n\n\n\n<p><em class=\"myprefix-text-italic\">Une exception est faite pour les organismes de bienfaisance li\u00e9s \u00e0 la religion qui fonctionnent comme des organisations permanentes fournissant des services, comparables \u00e0 d\u2019autres organismes de bienfaisance en activit\u00e9 (par exemple, les services de conseil confessionnels, les biblioth\u00e8ques spirituelles ou \u00e9ducatives, les animateurs<\/em><\/p>\n\n\n\n<p><strong class=\"myprefix-text-bold\">Composition du panel<\/strong><\/p>\n\n\n\n<p>\u00c0 partir de cette base d&#8217;\u00e9chantillonnage structur\u00e9e, un \u00e9chantillon principal al\u00e9atoire a \u00e9t\u00e9 constitu\u00e9, compl\u00e9t\u00e9 par sept sous-\u00e9chantillons cibl\u00e9s (SS1-SS7).<\/p>\n\n\n\n<p>Il en a r\u00e9sult\u00e9 un panel d&#8217;environ 1 300 organismes caritatifs, comptant quelque 1 100 participants actifs en mars 2026. Le panel refl\u00e8te la diversit\u00e9 dans les domaines suivants :<\/p>\n\n\n\n<ul class=\"wp-block-list\">\n<li>La g\u00e9ographie<\/li>\n\n\n\n<li>La taille des organisations<\/li>\n\n\n\n<li>Le secteur d&#8217;activit\u00e9<\/li>\n\n\n\n<li>La structure op\u00e9rationnelle<\/li>\n<\/ul>\n\n\n\n<p><strong><em>Sous-\u00e9chantillons suppl\u00e9mentaires<\/em><\/strong><\/p>\n\n\n\n<p>Afin d&#8217;assurer une repr\u00e9sentation plus large, des sous-\u00e9chantillons suppl\u00e9mentaires ont \u00e9t\u00e9 constitu\u00e9s pour inclure des groupes qui n&#8217;\u00e9taient pas pleinement repr\u00e9sent\u00e9s dans l&#8217;\u00e9chantillon principal :<\/p>\n\n\n\n<ul class=\"wp-block-list\">\n<li><strong class=\"myprefix-text-bold\">Sous-\u00e9chantillon 1 (SS1) :<\/strong> comprend uniquement les organismes de bienfaisance class\u00e9s A et B (fondations publiques et priv\u00e9es) dont les d\u00e9penses s&#8217;\u00e9levaient \u00e0 au moins 1 $.<\/li>\n\n\n\n<li><strong class=\"myprefix-text-bold\">Sous-\u00e9chantillon 2 (SS2) :<\/strong> Comprend uniquement les organismes de bienfaisance de la cat\u00e9gorie C (organismes de bienfaisance) qui n\u2019ont pas d\u2019employ\u00e9 \u00e0 temps plein (ETP) ou qui ont laiss\u00e9 ce champ vide et dont les d\u00e9penses s\u2019\u00e9levaient \u00e0 au moins 1 $. Il s\u2019agit de ce que nous consid\u00e9rons comme des organisations g\u00e9r\u00e9es par des b\u00e9n\u00e9voles.<\/li>\n\n\n\n<li><strong class=\"myprefix-text-bold\">Sous-\u00e9chantillon 3 (SS3) :<\/strong> Comprend les organismes de bienfaisance de la cat\u00e9gorie C ayant au moins 1 ETP et 1 $ de d\u00e9penses, garantissant ainsi la repr\u00e9sentation de la province de la Colombie-Britannique.<\/li>\n\n\n\n<li><strong class=\"myprefix-text-bold\">Sous-\u00e9chantillon 4 (SS4) : <\/strong>Comprend les organismes de bienfaisance de cat\u00e9gorie C ayant au moins 1 ETP et 1 $ de d\u00e9penses, garantissant ainsi une repr\u00e9sentation de toutes les r\u00e9gions g\u00e9ographiques du pays.<\/li>\n\n\n\n<li><strong class=\"myprefix-text-bold\">Sous-\u00e9chantillon 5 (SS5) : <\/strong>Comprend les organismes de bienfaisance de cat\u00e9gorie C ayant au moins 1 ETP et 1 $ de d\u00e9penses, garantissant ainsi une repr\u00e9sentation de la province de Qu\u00e9bec.<\/li>\n\n\n\n<li><strong class=\"myprefix-text-bold\">Sous-\u00e9chantillon 6 (SS6) : <\/strong>Comprend les organismes de bienfaisance ayant d\u00e9pens\u00e9 au moins 1 $ \u00e0 l&#8217;\u00e9chelle internationale (avec le crit\u00e8re suppl\u00e9mentaire d&#8217;inclure les organismes de bienfaisance de cat\u00e9gorie C ayant au moins 1 ETP au cours des deux premi\u00e8res ann\u00e9es du PCPOB, mais qui ont \u00e9t\u00e9 exclus depuis la troisi\u00e8me ann\u00e9e du PCPOB \u2013 2025).<\/li>\n<\/ul>\n\n\n\n<p><em class=\"myprefix-text-italic\"><strong class=\"myprefix-text-bold\">Sous-\u00e9chantillon suppl\u00e9mentaire li\u00e9 \u00e0 la religion<\/strong><\/em><\/p>\n\n\n\n<p>\u00c0 partir de la deuxi\u00e8me ann\u00e9e (2024), un sous-\u00e9chantillon suppl\u00e9mentaire a \u00e9t\u00e9 introduit afin de recenser les organismes caritatifs li\u00e9s \u00e0 la religion qui \u00e9taient largement exclus de l&#8217;\u00e9chantillon principal.<\/p>\n\n\n\n<ul class=\"wp-block-list\">\n<li><strong class=\"myprefix-text-bold\">Sous-\u00e9chantillon 7 (SS7) : <\/strong>comprend les organismes de bienfaisance de type C comptant au moins un ETP et dont les d\u00e9penses annuelles s\u2019\u00e9l\u00e8vent \u00e0 au moins 1 $, class\u00e9s dans toutes les cat\u00e9gories li\u00e9es \u00e0 la religion, notamment le christianisme, l\u2019islam, le juda\u00efsme, les autres religions, le soutien aux religions, les organisations \u0153cum\u00e9niques et interconfessionnelles, ainsi que les fondations promouvant les religions.<\/li>\n<\/ul>\n\n\n\n<h3 id=\"recrutement-et-participation\" class=\"wp-block-heading\">Recrutement et participation<\/h3>\n\n\n\n<ul class=\"wp-block-list\">\n<li>Les organisations ont \u00e9t\u00e9 recrut\u00e9es par e-mail et par t\u00e9l\u00e9phone<\/li>\n\n\n\n<li>Les participants ont rempli un formulaire d&#8217;inscription en ligne afin de valider les informations relatives \u00e0 leur organisation et de fournir des donn\u00e9es suppl\u00e9mentaires sur leur personnel<\/li>\n\n\n\n<li>La participation est volontaire ; les r\u00e9pondants sont g\u00e9n\u00e9ralement des membres de la haute direction (par exemple, des directeurs g\u00e9n\u00e9raux)<\/li>\n\n\n\n<li>Le PCPOB m\u00e8ne ses activit\u00e9s avec l&#8217;autorisation du Comit\u00e9 d&#8217;\u00e9thique de la recherche (CER) de l&#8217;Universit\u00e9 Carleton<\/li>\n<\/ul>\n\n\n\n<h3 id=\"processus-denquete\" class=\"wp-block-heading\">Processus d&#8217;enqu\u00eate<\/h3>\n\n\n\n<ul class=\"wp-block-list\">\n<li>Les enqu\u00eates sont diffus\u00e9es chaque semaine (le mercredi matin)<\/li>\n\n\n\n<li>Les participants disposent :\n<ul class=\"wp-block-list\">\n<li>d&#8217;un d\u00e9lai initial de 24 heures pour r\u00e9pondre<\/li>\n\n\n\n<li>d&#8217;un rappel le jeudi matin s&#8217;ils n&#8217;ont pas encore r\u00e9pondu<\/li>\n<\/ul>\n<\/li>\n\n\n\n<li>Les r\u00e9sultats comprennent :\n<ul class=\"wp-block-list\">\n<li>des rapports rapides hebdomadaires<\/li>\n\n\n\n<li>des synth\u00e8ses trimestrielles<\/li>\n\n\n\n<li>des publications de recherche th\u00e9matiques<\/li>\n<\/ul>\n<\/li>\n<\/ul>\n\n\n\n<p>Ce mod\u00e8le \u00e0 haute fr\u00e9quence permet un suivi quasi en temps r\u00e9el des tendances du secteur<\/p>\n\n\n\n<h3 id=\"gouvernance-et-supervision\" class=\"wp-block-heading\"><strong>Gouvernance et supervision<\/strong><\/h3>\n\n\n\n<p>La conception de l&#8217;enqu\u00eate est dirig\u00e9e par l&#8217;\u00e9quipe principale du PCPOB, sous la supervision d&#8217;un comit\u00e9 consultatif compos\u00e9 de repr\u00e9sentants du secteur.<\/p>\n\n\n\n<p>Le comit\u00e9 consultatif :<\/p>\n\n\n\n<ul class=\"wp-block-list\">\n<li>Identifie les enjeux \u00e9mergents<\/li>\n\n\n\n<li>Apporte sa contribution sur les th\u00e8mes de l&#8217;enqu\u00eate<\/li>\n\n\n\n<li>Veille \u00e0 la pertinence par rapport aux priorit\u00e9s du secteur<\/li>\n<\/ul>\n\n\n\n<h3 id=\"interpretation-des-resultats-points-forts-et-limites\" class=\"wp-block-heading\"><strong>Interpr\u00e9tation des r\u00e9sultats : points forts et limites<\/strong><\/h3>\n\n\n\n<h4 id=\"points-forts\" class=\"wp-block-heading\"><strong>Points forts<\/strong><\/h4>\n\n\n\n<ul class=\"wp-block-list\">\n<li>Un panel important et engag\u00e9 (environ 1 100 organisations actives)<\/li>\n\n\n\n<li>Des taux de r\u00e9ponse \u00e9lev\u00e9s (environ 75 \u00e0 85 % par semaine)<\/li>\n\n\n\n<li>Une coh\u00e9rence dans le temps, permettant l&#8217;analyse des tendances<\/li>\n\n\n\n<li>Des contributions directes des dirigeants des organisations<\/li>\n\n\n\n<li>Une collecte rapide de donn\u00e9es sur les enjeux \u00e9mergents<\/li>\n<\/ul>\n\n\n\n<h4 id=\"limites-et-considerations\" class=\"wp-block-heading\"><strong>Limites et consid\u00e9rations<\/strong><\/h4>\n\n\n\n<p><strong class=\"myprefix-text-bold\"><em class=\"myprefix-text-italic\">1. Biais li\u00e9 \u00e0 l&#8217;engagement num\u00e9rique<\/em><\/strong><\/p>\n\n\n\n<p>Toutes les enqu\u00eates sont men\u00e9es par voie \u00e9lectronique. Par cons\u00e9quent :<\/p>\n\n\n\n<ul class=\"wp-block-list\">\n<li>Les organisations participantes sont plus susceptibles d&#8217;\u00eatre actives sur le plan num\u00e9rique<\/li>\n<\/ul>\n\n\n\n<p><strong class=\"myprefix-text-bold\"><em class=\"myprefix-text-italic\">2. Connaissances des r\u00e9pondants<\/em><\/strong><\/p>\n\n\n\n<p>Les r\u00e9pondants \u00e0 l&#8217;enqu\u00eate ne disposent pas toujours d&#8217;une connaissance directe de tous les processus op\u00e9rationnels.<\/p>\n\n\n\n<ul class=\"wp-block-list\">\n<li>Certaines r\u00e9ponses peuvent refl\u00e9ter des estimations plut\u00f4t que des pratiques confirm\u00e9es<\/li>\n\n\n\n<li>Cela vaut particuli\u00e8rement pour les processus administratifs<\/li>\n<\/ul>\n\n\n\n<p><strong class=\"myprefix-text-bold\"><em class=\"myprefix-text-italic\">3. Restrictions li\u00e9es \u00e0 l&#8217;\u00e9chantillon<\/em><\/strong><\/p>\n\n\n\n<p>Le panel exclut ou sous-repr\u00e9sente certains types d&#8217;organisations. Par cons\u00e9quent :<\/p>\n\n\n\n<ul class=\"wp-block-list\">\n<li>Les r\u00e9sultats sont particuli\u00e8rement repr\u00e9sentatifs des organismes de bienfaisance op\u00e9rationnels disposant de personnel et ayant engag\u00e9 des d\u00e9penses au cours de l&#8217;exercice en cours<\/li>\n\n\n\n<li>Et ne peuvent fournir d&#8217;informations sur l&#8217;ensemble du secteur caritatif ni \u00eatre interpr\u00e9t\u00e9s comme pleinement repr\u00e9sentatifs de celui-ci<\/li>\n<\/ul>\n\n\n\n<p><strong class=\"myprefix-text-bold\"><em class=\"myprefix-text-italic\">4. M\u00e9thode par panel (non enti\u00e8rement al\u00e9atoire)<\/em><\/strong><\/p>\n\n\n\n<p>Bien que l&#8217;\u00e9chantillon initial soit constitu\u00e9 de mani\u00e8re al\u00e9atoire :<\/p>\n\n\n\n<ul class=\"wp-block-list\">\n<li>La participation est volontaire<\/li>\n\n\n\n<li>Le panel ne constitue pas un \u00e9chantillon probabiliste enti\u00e8rement al\u00e9atoire de l&#8217;ensemble des organismes caritatifs<\/li>\n<\/ul>\n\n\n\n<p>Cela peut entra\u00eener :<\/p>\n\n\n\n<ul class=\"wp-block-list\">\n<li>Un biais d&#8217;autos\u00e9lection<\/li>\n\n\n\n<li>Une surrepr\u00e9sentation des organisations plus dispos\u00e9es \u00e0 participer \u00e0 la recherche<\/li>\n<\/ul>\n\n\n\n<p><em class=\"myprefix-text-italic\"><strong class=\"myprefix-text-bold\">5. Int\u00e9gration de sous-\u00e9chantillons<\/strong><\/em><\/p>\n\n\n\n<p>Des sous-\u00e9chantillons cibl\u00e9s sont inclus pour am\u00e9liorer la couverture, mais :<\/p>\n\n\n\n<ul class=\"wp-block-list\">\n<li>Ces groupes peuvent \u00eatre surrepr\u00e9sent\u00e9s par rapport \u00e0 la taille de leur population<\/li>\n\n\n\n<li>Les r\u00e9sultats sont g\u00e9n\u00e9ralement pr\u00e9sent\u00e9s sans pond\u00e9ration (un aspect que nous pr\u00e9voyons d&#8217;aborder \u00e0 l&#8217;avenir)<\/li>\n<\/ul>\n\n\n\n<h3 id=\"a-propos-de-la-representativite\" class=\"wp-block-heading\">\u00c0 propos de la repr\u00e9sentativit\u00e9<\/h3>\n\n\n\n<p>Les r\u00e9sultats des enqu\u00eates PCPOB doivent \u00eatre interpr\u00e9t\u00e9s comme une source tr\u00e8s riche d&#8217;informations sur les tendances et les perspectives des organismes de bienfaisance actifs au Canada, plut\u00f4t que comme des estimations d\u00e9mographiques pr\u00e9cises.<\/p>\n\n\n\n<p><\/p>\n","protected":false},"excerpt":{"rendered":"<p>Aper\u00e7u Le Projet Canada Perspectives des Organismes de Bienfaisance (PCPOB) m\u00e8ne des enqu\u00eates r\u00e9guli\u00e8res aupr\u00e8s d&#8217;un panel d&#8217;organismes de bienfaisance canadiens enregistr\u00e9s afin de fournir des informations actualis\u00e9es sur les tendances, les d\u00e9fis et les enjeux \u00e9mergents du secteur. Notre m\u00e9thodologie est con\u00e7ue pour concilier rapidit\u00e9, coh\u00e9rence et large repr\u00e9sentativit\u00e9 du secteur, tout en garantissant [&hellip;]<\/p>\n","protected":false},"author":90,"featured_media":0,"parent":0,"menu_order":0,"comment_status":"closed","ping_status":"closed","template":"","meta":{"_acf_changed":false,"_cu_dining_location_slug":"","footnotes":"","_links_to":"","_links_to_target":""},"cu_page_type":[41,88,38],"class_list":["post-5802","page","type-page","status-publish","hentry","cu_page_type-fr","cu_page_type-general","cu_page_type-secondary-page"],"acf":{"cu_post_thumbnail":""},"_links":{"self":[{"href":"https:\/\/carleton.ca\/cicp-pcpob\/wp-json\/wp\/v2\/pages\/5802","targetHints":{"allow":["GET"]}}],"collection":[{"href":"https:\/\/carleton.ca\/cicp-pcpob\/wp-json\/wp\/v2\/pages"}],"about":[{"href":"https:\/\/carleton.ca\/cicp-pcpob\/wp-json\/wp\/v2\/types\/page"}],"author":[{"embeddable":true,"href":"https:\/\/carleton.ca\/cicp-pcpob\/wp-json\/wp\/v2\/users\/90"}],"replies":[{"embeddable":true,"href":"https:\/\/carleton.ca\/cicp-pcpob\/wp-json\/wp\/v2\/comments?post=5802"}],"version-history":[{"count":3,"href":"https:\/\/carleton.ca\/cicp-pcpob\/wp-json\/wp\/v2\/pages\/5802\/revisions"}],"predecessor-version":[{"id":5805,"href":"https:\/\/carleton.ca\/cicp-pcpob\/wp-json\/wp\/v2\/pages\/5802\/revisions\/5805"}],"wp:attachment":[{"href":"https:\/\/carleton.ca\/cicp-pcpob\/wp-json\/wp\/v2\/media?parent=5802"}],"wp:term":[{"taxonomy":"cu_page_type","embeddable":true,"href":"https:\/\/carleton.ca\/cicp-pcpob\/wp-json\/wp\/v2\/cu_page_type?post=5802"}],"curies":[{"name":"wp","href":"https:\/\/api.w.org\/{rel}","templated":true}]}}