{"id":841,"date":"2015-09-17T14:39:24","date_gmt":"2015-09-17T14:39:24","guid":{"rendered":"http:\/\/http:\/\/carleton.ca\/install\/?page_id=841"},"modified":"2025-08-13T10:28:48","modified_gmt":"2025-08-13T14:28:48","slug":"links","status":"publish","type":"page","link":"https:\/\/carleton.ca\/cifp\/links\/","title":{"rendered":"Links"},"content":{"rendered":"\n<section class=\"w-screen px-6 cu-section cu-section--white ml-offset-center md:px-8 lg:px-14\">\n    <div class=\"space-y-6 cu-max-w-child-5xl  md:space-y-10 cu-prose-first-last\">\n\n            <div class=\"cu-textmedia flex flex-col lg:flex-row mx-auto gap-6 md:gap-10 my-6 md:my-12 first:mt-0 max-w-5xl\">\n        <div class=\"justify-start cu-textmedia-content cu-prose-first-last\" style=\"flex: 0 0 100%;\">\n            <header class=\"font-light prose-xl cu-pageheader md:prose-2xl cu-component-updated cu-prose-first-last\">\n                                    <h1 class=\"cu-prose-first-last font-semibold !mt-2 mb-4 md:mb-6 relative after:absolute after:h-px after:bottom-0 after:bg-cu-red after:left-px text-3xl md:text-4xl lg:text-5xl lg:leading-[3.5rem] pb-5 after:w-10 text-cu-black-700 not-prose\">\n                        Links\n                    <\/h1>\n                \n                                \n                            <\/header>\n\n                    <\/div>\n\n            <\/div>\n\n    <\/div>\n<\/section>\n\n<h3 id=\"conflict-analysis\" class=\"wp-block-heading\">Conflict Analysis<\/h3>\n\n\n\n<p><a href=\"http:\/\/www.crisisweb.org\/home\/index.cfm\">International Crisis Group<\/a><br>\n            <a href=\"http:\/\/www.incore.ulst.ac.uk\/\">INitiative on COnflict Resolution and Ethnicity Homepage (INCORE)<\/a><br>\n            <a href=\"http:\/\/www.cidcm.umd.edu\/mar\/\">Minorities at Risk Project <\/a><br>\n            <a href=\"http:\/\/www.ict.org.il\/\">International Policy Institute for Counter Terrorism<\/a><br>\n            <a href=\"http:\/\/www.international-alert.org\/\">International Alert On-Line (Preventive Diplomacy)<\/a><br>\n            <a href=\"http:\/\/www.crnetwork.ca\/\">Conflict Resolution Network Canada<\/a><br>\n            <a href=\"http:\/\/www.basicint.org\/\">British American Security Information Council<\/a><br>\n            <a href=\"http:\/\/www.haguejusticeportal.net\/index.php?id=4782\">European Centre for Conflict Prevention<\/a><br>\n            <a href=\"http:\/\/unu.edu\/research\/conflict-resolution-and-security.html#outline\">United Nations University: Conflict Resolution and Security Program<\/a><br>\n            <a href=\"http:\/\/www.unhcr.ch\/cgi-bin\/texis\/vtx\/home\">United Nations Refugee Agency<\/a><br>\n            <a href=\"http:\/\/www.stratfor.com\/corporate\/static_index.neo\">STRATFOR<\/a><br>\n            <a href=\"http:\/\/www.duke.edu\/~charvey\/Country_risk\/couindex.htm\">Country Risk Analysis, Duke University<\/a><br>\n            <a href=\"http:\/\/www.certi.org\/publications\/11-01\/CERTI%20EWERsurveyN-01.htm\">Resources for Conflict Vulnerability Assessment in Africa<\/a><br>\n            <a href=\"http:\/\/www.cidob.org\">CIDOB Foundation<\/a><br>\n            <a href=\"http:\/\/www.hawaii.edu\/powerkills\/\">Freedom, Democracy, Peace; Power, Democide, and War<\/a><br>\n            <a href=\"http:\/\/www.crinfo.org\/\">CRInfo: A Comprehensive Gateway to Conflict Resolution Resources<\/a><\/p>\n\n\n\n<h3 id=\"conflict-risk-assessment\" class=\"wp-block-heading\">Conflict Risk Assessment<\/h3>\n\n\n\n<p><a href=\"http:\/\/www.wired.com\/wired\/archive\/10.07\/start.html?pg=11\">Wired Magazine: A Crystal Ball for War<\/a><br>\n            <a href=\"http:\/\/genderstats.worldbank.org\">A Database of Gender Statistics<\/a><br>\n            <a href=\"http:\/\/jcr.sagepub.com\/content\/46\/6\/791.abstract\">Anticipating the Good, the Bad, and the Ugly: An Early Warning Approach to Conflict and Instability Analysis<\/a><br>\n            <a href=\"http:\/\/voyage.gc.ca\/\">Travel Reports<\/a><br>\n            <a href=\"http:\/\/www.hawaii.edu\/powerkills\/DP.CLOCK.HTM\">Democratic Peace Clock<\/a><br>\n            <a href=\"http:\/\/www.roubini.com\/countryinsights\/\">Roubini Country Insights<\/a> <br>\n            <a href=\"http:\/\/www.anesi.com\/accdeath.htm\"> Accidental Death: do you know the risks?<\/a> <br>\n\t\t\t<a href=\"http:\/\/www.crinfo.org\/\">CRInfo: A Comprehensive Gateway to Conflict Resolution Resources<\/a><br>\n\t\t\t<a href=\"http:\/\/www.newnations.com\/index.php\">Newnations.com<\/a><br>\n\t\t\t<a href=\"http:\/\/www.certi.org\/publications\/11-01\/CERTI%20EWERsurveyN-01.htm\">CERTI: Linking Complex Emergency Response and Transition Initiative &#8211; Resources<\/a><br>\n\t\t\t<a href=\"http:\/\/wdi.umich.edu\/research\/\">William David Institute &#8211; Research Links<\/a> <br>\n\t\t\t  <a href=\"http:\/\/conflictforecasting.com\/\">Conflictforecasting.com<\/a><br>\n\t\t    <a href=\"http:\/\/www.competitivealternatives.com\/\">Competitive Alternatives: Comparing Business Costs in North America, Europe and Japan<\/a><br>\n\t\t\t<a href=\"http:\/\/genocidewatch.net\/\">Genocide Watch<\/a><br>\n\t\t\t<a href=\"http:\/\/www.irinnews.org\/report.asp?ReportID=22009&amp;SelectRegion=Horn_of_Africa\">IRIN News: Horn of Africa<\/a><br>\n\t\t\t<a href=\"http:\/\/www.rrojasdatabank.org\">The Robinson Rojas Archive<\/a><\/p>\n\n\n\n<h3 id=\"early-warning\" class=\"wp-block-heading\">Early Warning<\/h3>\n\n\n\n<p><a href=\"http:\/\/www.pcr.uu.se\">Department of Peace and Conflict Research &#8211; Uppsala University<\/a><br>\n            <a href=\"http:\/\/www.ofai.at\/research\/aisoc\/peace\/\">Austrian Artificial Intelligence for the Avoidance of Crises and Wars<\/a><br>\n            <a href=\"http:\/\/www.ai.mit.edu\/projects\/iiip\/ir\/peace.html\">Crisis Early Warning and International Conflict Management (MIT)<\/a><br>\n            <a href=\"http:\/\/earlywarning.cr.usgs.gov\/fews\/africa\/index.php\">FEWS NET Africa Data Portal<\/a><br>\n            <a href=\"http:\/\/www.bicc.de\/\">Bonn International Centre for Conversion (BICC)<\/a><br>\n            <a href=\"http:\/\/www.rrojasdatabank.org\/\">The Robinson Rojas Archive<\/a><br>\n            <a href=\"http:\/\/www.colorado.edu\/conflict\/peace\/\">International Online Training Program on Intractable Conflict<\/a><br>\n            <a href=\"http:\/\/www.itworldcanada.com\/article\/canada-falters-in-latest-it-rankings\/24043\">Canada falters in latest IT rankings<\/a><br>\n            <a href=\"http:\/\/www.ateneo.edu\/gaston-z-ortigas-peace-institute\">Gaston Z. Ortigas Peace Institute (GZOPI)<\/a><br>\n            <a href=\"http:\/\/www.wanep.org\">West Africa Network for Peacebuilding (WANEP)<\/a><br>\n            <a href=\"http:\/\/www.voyage.gc.ca\/\">Travel Reports<\/a><br>\n            <a href=\"http:\/\/www.certi.org\/publications\/11-01\/CERTI%20EWERsurveyN-01.htm\">CERTI: Linking Complex Emergency Response and Transition Initiative &#8211; Resources<\/a><br>\n            <a href=\"http:\/\/www.crisisgroup.org\/en\/publication-type\/crisiswatch.aspx\">CrisisWatch<br>\n              Bulletin<\/a><\/p>\n\n\n\n<h3 id=\"databases\" class=\"wp-block-heading\">Databases<\/h3>\n\n\n\n<p><a href=\"http:\/\/www.eldis.org\">Eldis On-line documents<\/a><br>\n            <a href=\"http:\/\/www.sipri.se\/projects\/database\/index.html\">Integrating Fact Databases &#8211; SPIRI<\/a><br>\n            <a href=\"http:\/\/first.sipri.org\/\">Facts on International Relations and Security Trends &#8212; SIPRI<\/a><br>\n            <a href=\"http:\/\/www.bestpractices.org\/\">Together Foundation: Best Practices Database<\/a><br>\n            <a href=\"http:\/\/www.developmentgateway.org\/\">Development Gateway<\/a><br>\n            <a href=\"http:\/\/www.worldworld.com\/\">World World<\/a><br>\n            <a href=\"http:\/\/www.crisisgroup.org\/en\/publication-type\/crisiswatch\/crisiswatch-database.aspx\">CrisisWatch Database<\/a><\/p>\n\n\n\n<h3 id=\"international-development\" class=\"wp-block-heading\">International Development<\/h3>\n\n\n\n<p><a href=\"http:\/\/www.acdi-cida.gc.ca\/acdi-cida\/acdi-cida.nsf\/eng\/home\">Foreign Affairs, Trade and Development Canada<\/a><br>\n            <a href=\"http:\/\/www.idrc.ca\/\">International Development Research Centre (IDRC)<\/a><br>\n            <a href=\"http:\/\/www.undp.org\/\">United Nations Development Program (UNDP)<\/a><br>\n            <a href=\"http:\/\/www.unicef.org\/\">United Nations Children&#8217;s Fund (UNICEF)<\/a><br>\n            <a href=\"http:\/\/www.unicef.org\/pon99\/\">The Progress of Nations 1999<\/a><br>\n            <a href=\"http:\/\/www.usaid.gov\/\">United States Agency for International Development (USAID)<\/a><\/p>\n\n\n\n<h3 id=\"canada-in-international-affairs\" class=\"wp-block-heading\">Canada in International Affairs<\/h3>\n\n\n\n<p><a href=\"http:\/\/www.dfait-maeci.gc.ca\/\">Foreign Affairs, Trade and Development Canada<\/a><br>\n             <a href=\"http:\/\/www.canadainternational.gc.ca\/japan-japon\/bilateral_relations_bilaterales\/index.aspx?lang=eng\">Canada-Japan Relations<\/a><br>\n             <a href=\"http:\/\/www.dfait-maeci.gc.ca\/foreign_policy\/nato\/canada_nato-en.asp\">Canada and NATO<\/a><br>\n             <a href=\"http:\/\/www.dnd.ca\/\">Department of National Defence<\/a><br>\n            <a href=\"http:\/\/www.canadem.ca\">Canadian Resource Bank for Democracy and Human Rights &#8212; CANADEM<\/a><\/p>\n\n\n\n<h3 id=\"the-academic-and-policy-community\" class=\"wp-block-heading\">The Academic and Policy Community<\/h3>\n\n\n\n<p><a href=\"http:\/\/www.carleton.ca\/npsia\/\">Norman Paterson School of International Affairs<\/a><br>\n            <a href=\"http:\/\/www.carleton.ca\/csds\/\">Carleton University: Centre for Security and Defence Studies<\/a><br>\n            <a href=\"http:\/\/www.dal.ca\/dept\/cfps.html\">Centre for Foreign Policy Studies (Dalhousie University)<\/a><br>\n            <a href=\"http:\/\/www.hei.ulaval.ca\/\">Hautes \u00e9tudes internationales (Universit\u00e9 Laval)<\/a><br>\n            <a href=\"http:\/\/pol.umontreal.ca\/accueil\/\">Qu\u00e9bec D\u00e9partement de Science politique (Universit\u00e9 de Montr\u00e9al)<\/a><br>\n            <a href=\"http:\/\/www.cepes.uqam.ca\/\">Qu\u00e9bec Centre d&#8217;\u00e9tudes des politiques \u00e9trang\u00e8res et de s\u00e9curit\u00e9 (Universit\u00e9 du Qu\u00e9bec)<\/a><br>\n            <a href=\"http:\/\/www.carleton.ca\/eurus\/\">Institute of European and Russian Studies (Carleton University)<\/a><br>\n            <a href=\"http:\/\/www.queensu.ca\/cidp\/index.html\">Centre for International and Defence Policy (Queen&#8217;s University)<\/a><br>\n            <a href=\"http:\/\/yciss.info.yorku.ca\/\">Centre for International and Security Studies (York University)<\/a><br>\n            <a href=\"http:\/\/www.yorku.ca\/crs\/\">Centre for Refugee Studies (York University)<\/a><br>\n            <a href=\"http:\/\/www.cigionline.org\/\">Centre for International Governance Innovation<\/a><br>\n            <a href=\"http:\/\/canadianmilitaryhistory.ca\/\">Laurier Centre for Military, Strategic and Disarmament Studies (Wilfrid Laurier University)<\/a><br>\n            <a href=\"http:\/\/www.rmc.ca\/aca\/ps-sp\/index-eng.php\">Department of Political Science (Royal Military College of Canada) <\/a><br>\n            <a href=\"http:\/\/www.umanitoba.ca\/centres\/defence\/\">Manitoba Centre for Defence and Security Studies (University of Manitoba)<\/a><br>\n            <a href=\"https:\/\/cmss.ucalgary.ca\/\">Centre for Military and Strategic Studies (University of Calgary)<\/a><br>\n            <a href=\"http:\/\/www.rmc.ca\/aca\/ws-eg\/index-eng.php\">War Studies Program (Royal Military College of Canada)<\/a><br>\n            <a href=\"http:\/\/www.cir.ubc.ca\/\">Centre of International Relations (University of British Columbia)<\/a><br>\n            <a href=\"http:\/\/www.iuj.ac.jp\">International University of Japan<\/a><br>\n            <a href=\"http:\/\/www.hoover.org\/\">Hoover Institution on War Revolution and Peace<\/a><br>\n            <a href=\"http:\/\/www.apsia.org\">The Association of Professional Schools of International Affairs (APSIA)<\/a><br>\n            <a href=\"http:\/\/www.apsanet.org\">American Political Science Association (APSA)<\/a><br>\n            <a href=\"http:\/\/community.apsanet.org\/intlsecurity\/home\/\">APSA International Security and Arms Control section<\/a><br>\n            <a href=\"https:\/\/www.apsanet.org\/sections\/sectionDetail.cfm?section=sec07\">APSA Conflict Processes section<\/a><br>\n            <a href=\"http:\/\/cisac.stanford.edu\/\">Center for International Security and Cooperation (Stanford University)<\/a><br>\n            <a href=\"http:\/\/www.ciaonet.org\/\">Columbia International Affairs Online<\/a><br>\n            <a href=\"http:\/\/www.isn.ethz.ch\/\">ISN &#8211; International Relations and Security Network<\/a><br>\n           <a href=\"http:\/\/econ.worldbank.org\">World Bank Economic Research<\/a><br>\n            <a href=\"http:\/\/www.colorado.edu\/conflict\/peace\/\">International Online Training Program on Intractable Conflict<\/a><br>\n            <a href=\"http:\/\/www.ciss.ca\/\">The Canadian Institute of Strategic Studies<\/a><br>\n            <a href=\"http:\/\/www.iiss.org\">The International Institute for Strategic Studies<\/a><br>\n            <a href=\"http:\/\/library.columbia.edu\/subject-guides\/social-sciences\/isc.html\">Lehman Social Sciences Library: International Security Policy &amp; Military Affairs Information Resources<\/a><br>\n            <a href=\"http:\/\/www.rusi.org\/\">RUSI: Royal United Services Institute for Defence Studies<\/a><br>\n            <a href=\"http:\/\/www.scu.edu\/SCU\/Library\/Orradre\/services\/reference\/is\/poli183\/\">International Conflict &amp; Negotiation<\/a><br>\n            <a href=\"http:\/\/www.ndc.nato.int\/research\/research.php?icode=3\">NATO Defense College: Research Aids and Resources<\/a><br>\n            <a href=\"http:\/\/www.ariadne.ac.uk\/issue2\/sosig\">Social Science Information Gateway (SOSIG)<\/a><br>\n            <a href=\"http:\/\/www.cda-cdai.ca\/english-frame.htm\">The Conference of Defence Associations <\/a><\/p>\n\n\n\n<h3 id=\"international-and-regional-organizations\" class=\"wp-block-heading\">International and Regional Organizations<\/h3>\n\n\n\n<p><a href=\"http:\/\/www.nato.int\/\">NATO <\/a><br>\n            <a href=\"http:\/\/www.un.org\/\">United Nations<\/a><br>\n            <a href=\"http:\/\/www.worldpeacefoundation.org\/\">The World Peace Foundation<\/a><br>\n            <a href=\"http:\/\/www.g7.utoronto.ca\/\">G8 Information Centre (University of Toronto)<\/a><br>\n            <a href=\"http:\/\/www.osce.org\/\">OSCE: Organization for Security and Co-operation in Europe<\/a><\/p>\n\n\n\n<h3 id=\"research-centres-and-councils\" class=\"wp-block-heading\">Research Centres and Councils<\/h3>\n\n\n\n<p><a href=\"http:\/\/www.tric.u-tokai.ac.jp\/\">Tokai University Research Centre (TRIC)<\/a><\/p>\n\n\n\n<p>            <a href=\"http:\/\/www.sshrc.ca\/\">Social Sciences and Humanities Research Council<\/a><\/p>\n\n\n\n<h3 id=\"academic-journals-publications\" class=\"wp-block-heading\">Academic Journals &amp; Publications<\/h3>\n\n\n\n<p><a href=\"http:\/\/www.tandfonline.com\/toc\/rcfp20\/current#.UwzP1_QXTvs\">Canadian Foreign Policy<\/a><br>\n            <a href=\"http:\/\/www.jstor.org\/journals\/00223433.html\">Journal of Peace Research<\/a><br>\n            <a href=\"http:\/\/www.tandf.co.uk\/journals\/titles\/13523260.asp\">Contemporary Security Policy<\/a><br>\n            <a href=\"http:\/\/diplomatonline.com\/mag\/paterson-review\/\">Paterson Review of International Affairs<\/a><br>\n             <a href=\"http:\/\/www.hir.harvard.edu\/\">Harvard International Review<\/a><\/p>\n\n\n\n<h3 id=\"country-information\" class=\"wp-block-heading\">Country Information<\/h3>\n\n\n\n<p><a href=\"http:\/\/www.state.gov\/r\/pa\/ei\/bgn\/\">U.S. Bilateral Relations Fact Sheets (State Dept.)<\/a><br>\n            <a href=\"https:\/\/www.gov.uk\/foreign-travel-advice\">Foreign Travel Advice<br>\n             (UK Foreign and Commonweatlh Office)<\/a><br>\n            <a href=\"http:\/\/www.oecd.org\/\">Information<br>\n              by Country (OECD)<\/a><br>\n            <a href=\"https:\/\/www.cia.gov\/library\/publications\/the-world-factbook\/index.html\">World<br>\n              Factbook (CIA)<\/a><br>\n            <a href=\"http:\/\/www.roubini.com\/countryinsights\/\">Roubini Country Insights<\/a><\/p>\n","protected":false},"excerpt":{"rendered":"<p>Conflict Analysis International Crisis Group INitiative on COnflict Resolution and Ethnicity Homepage (INCORE) Minorities at Risk Project International Policy Institute for Counter Terrorism International Alert On-Line (Preventive Diplomacy) Conflict Resolution Network Canada British American Security Information Council European Centre for Conflict Prevention United Nations University: Conflict Resolution and Security Program United Nations Refugee Agency STRATFOR [&hellip;]<\/p>\n","protected":false},"author":2,"featured_media":0,"parent":0,"menu_order":0,"comment_status":"open","ping_status":"closed","template":"","meta":{"_acf_changed":false,"_cu_dining_location_slug":"","footnotes":"","_links_to":"","_links_to_target":""},"cu_page_type":[],"class_list":["post-841","page","type-page","status-publish","hentry"],"acf":{"cu_post_thumbnail":false},"_links":{"self":[{"href":"https:\/\/carleton.ca\/cifp\/wp-json\/wp\/v2\/pages\/841","targetHints":{"allow":["GET"]}}],"collection":[{"href":"https:\/\/carleton.ca\/cifp\/wp-json\/wp\/v2\/pages"}],"about":[{"href":"https:\/\/carleton.ca\/cifp\/wp-json\/wp\/v2\/types\/page"}],"author":[{"embeddable":true,"href":"https:\/\/carleton.ca\/cifp\/wp-json\/wp\/v2\/users\/2"}],"replies":[{"embeddable":true,"href":"https:\/\/carleton.ca\/cifp\/wp-json\/wp\/v2\/comments?post=841"}],"version-history":[{"count":3,"href":"https:\/\/carleton.ca\/cifp\/wp-json\/wp\/v2\/pages\/841\/revisions"}],"predecessor-version":[{"id":845,"href":"https:\/\/carleton.ca\/cifp\/wp-json\/wp\/v2\/pages\/841\/revisions\/845"}],"wp:attachment":[{"href":"https:\/\/carleton.ca\/cifp\/wp-json\/wp\/v2\/media?parent=841"}],"wp:term":[{"taxonomy":"cu_page_type","embeddable":true,"href":"https:\/\/carleton.ca\/cifp\/wp-json\/wp\/v2\/cu_page_type?post=841"}],"curies":[{"name":"wp","href":"https:\/\/api.w.org\/{rel}","templated":true}]}}