{"id":215,"date":"2012-02-22T18:48:42","date_gmt":"2012-02-22T23:48:42","guid":{"rendered":"http:\/\/moniquesenechal.wordpress.com\/?page_id=76"},"modified":"2025-10-22T15:55:46","modified_gmt":"2025-10-22T19:55:46","slug":"accueil","status":"publish","type":"page","link":"https:\/\/carleton.ca\/cllr\/franc\/accueil\/","title":{"rendered":"Accueil"},"content":{"rendered":"\n<section class=\"w-screen px-6 cu-section cu-section--white ml-offset-center md:px-8 lg:px-14\">\n    <div class=\"space-y-6 cu-max-w-child-5xl  md:space-y-10 cu-prose-first-last\">\n\n            <div class=\"cu-textmedia flex flex-col lg:flex-row mx-auto gap-6 md:gap-10 my-6 md:my-12 first:mt-0 max-w-5xl\">\n        <div class=\"justify-start cu-textmedia-content cu-prose-first-last\" style=\"flex: 0 0 100%;\">\n            <header class=\"font-light prose-xl cu-pageheader md:prose-2xl cu-component-updated cu-prose-first-last\">\n                                    <h1 class=\"cu-prose-first-last font-semibold !mt-2 mb-4 md:mb-6 relative after:absolute after:h-px after:bottom-0 after:bg-cu-red after:left-px text-3xl md:text-4xl lg:text-5xl lg:leading-[3.5rem] pb-5 after:w-10 text-cu-black-700 not-prose\">\n                        Accueil\n                    <\/h1>\n                \n                                \n                            <\/header>\n\n                    <\/div>\n\n            <\/div>\n\n    <\/div>\n<\/section>\n\n<p><a href=\"http:\/\/carleton.ca\/cllr\/?cu-home=homepage\">Anglais<\/a><\/p>\n\n\n\n<p>Le laboratoire, dirig\u00e9 par <a href=\"http:\/\/moniquesenechal.wordpress.com\/home-2\/\">Monique S\u00e9n\u00e9chal<\/a>, est situ\u00e9 au <a href=\"http:\/\/http:\/\/www2.carleton.ca\/psychology\/\">D\u00e9partement de psychologie<\/a> de l\u2019<a href=\"http:\/\/www.carleton.ca\/\">Universit\u00e9 Carleton<\/a>. Nos activit\u00e9s portent sur la d\u00e9veloppement du langage et l\u2019acquisition de la lecture et l\u2019\u00e9crit.&nbsp; Des descriptions plus d\u00e9taill\u00e9es se trouvent sous l\u2019onglet <a href=\"http:\/\/moniquesenechal.wordpress.com\/themes-de-recherche\/\">Th\u00e8mes de recherche<\/a>.<\/p>\n\n\n\n<p>Le labo est fier d\u2019\u00eatre associ\u00e9 au <a href=\"http:\/\/www1.carleton.ca\/pickeringcentre\/\">Pickering Centre for Human Development<\/a>.<\/p>\n","protected":false},"excerpt":{"rendered":"<p>Anglais Le laboratoire, dirig\u00e9 par Monique S\u00e9n\u00e9chal, est situ\u00e9 au D\u00e9partement de psychologie de l\u2019Universit\u00e9 Carleton. Nos activit\u00e9s portent sur la d\u00e9veloppement du langage et l\u2019acquisition de la lecture et l\u2019\u00e9crit.&nbsp; Des descriptions plus d\u00e9taill\u00e9es se trouvent sous l\u2019onglet Th\u00e8mes de recherche. Le labo est fier d\u2019\u00eatre associ\u00e9 au Pickering Centre for Human Development.<\/p>\n","protected":false},"author":2,"featured_media":0,"parent":218,"menu_order":0,"comment_status":"closed","ping_status":"closed","template":"","meta":{"_acf_changed":false,"_cu_dining_location_slug":"","footnotes":"","_links_to":"","_links_to_target":""},"cu_page_type":[],"class_list":["post-215","page","type-page","status-publish","hentry"],"acf":{"cu_post_thumbnail":false},"_links":{"self":[{"href":"https:\/\/carleton.ca\/cllr\/wp-json\/wp\/v2\/pages\/215","targetHints":{"allow":["GET"]}}],"collection":[{"href":"https:\/\/carleton.ca\/cllr\/wp-json\/wp\/v2\/pages"}],"about":[{"href":"https:\/\/carleton.ca\/cllr\/wp-json\/wp\/v2\/types\/page"}],"author":[{"embeddable":true,"href":"https:\/\/carleton.ca\/cllr\/wp-json\/wp\/v2\/users\/2"}],"replies":[{"embeddable":true,"href":"https:\/\/carleton.ca\/cllr\/wp-json\/wp\/v2\/comments?post=215"}],"version-history":[{"count":3,"href":"https:\/\/carleton.ca\/cllr\/wp-json\/wp\/v2\/pages\/215\/revisions"}],"predecessor-version":[{"id":253,"href":"https:\/\/carleton.ca\/cllr\/wp-json\/wp\/v2\/pages\/215\/revisions\/253"}],"up":[{"embeddable":true,"href":"https:\/\/carleton.ca\/cllr\/wp-json\/wp\/v2\/pages\/218"}],"wp:attachment":[{"href":"https:\/\/carleton.ca\/cllr\/wp-json\/wp\/v2\/media?parent=215"}],"wp:term":[{"taxonomy":"cu_page_type","embeddable":true,"href":"https:\/\/carleton.ca\/cllr\/wp-json\/wp\/v2\/cu_page_type?post=215"}],"curies":[{"name":"wp","href":"https:\/\/api.w.org\/{rel}","templated":true}]}}